{"id":14075,"date":"2023-11-08T15:54:18","date_gmt":"2023-11-08T15:54:18","guid":{"rendered":"https:\/\/moverdb.com\/freight-forwarder\/freight-forwarding-uk\/leyland-freight-forwarder\/"},"modified":"2026-01-08T14:58:06","modified_gmt":"2026-01-08T14:58:06","slug":"leyland-freight-forwarder","status":"publish","type":"page","link":"https:\/\/moverdb.com\/fr\/freight-forwarder\/freight-forwarding-uk\/leyland-freight-forwarder\/","title":{"rendered":"2 Meilleures entreprises de transport de marchandises de Leyland (2024)"},"content":{"rendered":"<p>Ci-dessous, nous examinons les 2 <em>\"meilleur\"<\/em> Entreprises de transport de marchandises \u00e0 Leyland sur 3.<\/p>\n<p>Pour en savoir plus sur la mani\u00e8re dont nous avons choisi les meilleurs, veuillez consulter notre section FAQ \u00e0 la fin.<\/p>\n<p><em>Veuillez noter que les listes suivantes ne sont pas class\u00e9es dans un ordre particulier et que nous ne recommandons aucune entreprise en particulier.<\/em><\/p>\n<h2>Straightforward Transport ltd<\/h2>\n<p><img decoding=\"async\" src=\"https:\/\/moverdb.com\/wp-content\/uploads\/thumbnailpanoidUvn_dcm3_rvpNjLE-pJ5xwcb_clientsearch.gws-prod.gpsw408h240yaw152.jpg\" alt='Straightforward Transport ltd' class=\"aligncenter\"><\/p>\n<p><strong>Description de l'entreprise : <\/strong>Nous sommes sp\u00e9cialis\u00e9s dans le march\u00e9 europ\u00e9en de l'importation, de l'exportation et du transport maritime transfrontalier.<\/p>\n<p> Nos services comprennent le groupage, les chargements partiels, les chargements complets, les fourgons semi-express et les services de fourgons d\u00e9di\u00e9s.<\/p>\n<p> Nous couvrons \u00e9galement les chargements complets et les exp\u00e9ditions express \u00e0 l'int\u00e9rieur et autour de l'Union europ\u00e9enne. <a href=\"https:\/\/moverdb.com\/fr\/moving-to-the-uk\/\" data-internallinksmanager029f6b8e52c=\"93\" title=\"Vous partez au Royaume-Uni ? 2026 Co\u00fbt de la vie et conseils de relocalisation\">ROYAUME-UNI<\/a>.<\/p>\n<p>Aucun travail n'est trop grand, ni trop petit, pour <a href=\"https:\/\/moverdb.com\/fr\/moving-to-the-united-states\/\" data-internallinksmanager029f6b8e52c=\"94\" title=\"Vous partez aux \u00c9tats-Unis ? 2026 Co\u00fbt de la vie et conseils de relocalisation\">nous<\/a>de la plus petite enveloppe \u00e0 la plus grande<br \/>\nSFT peut fournir une gamme compl\u00e8te de solutions logistiques adapt\u00e9es \u00e0 tous les budgets et \u00e0 tous les types d'entreprises.<\/p>\n<p> Que votre article soit urgent, fragile, anormal ou sensible au temps, vous pouvez \u00eatre s\u00fbr que notre \u00e9quipe amicale et comp\u00e9tente travaillera avec vous d\u00e8s le d\u00e9but pour s'assurer que la bonne solution est en place pour r\u00e9pondre \u00e0 vos besoins individuels.<\/p>\n<p><strong>Services suppl\u00e9mentaires :<\/strong><\/p>\n<p>Aucune liste<\/p>\n<p><strong>Adresse :<\/strong> 15 Thetford Dr, Clayton-le-Woods, Leyland PR25 5PG<\/p>\n<p><a href=\"https:\/\/www.straightforwardtransportltd.com\/\" target=\"_new\" rel=\"noopener\">Site web de Straightforward Transport ltd<\/a><\/p>\n<p><strong>Note d'examen : <\/strong>5<br \/> <strong>Nombre d'\u00e9valuations :<\/strong> 2<br \/><a href=\"https:\/\/www.google.co.uk\/maps?cid=14192114853144307509&#038;hl=en&#038;gl=GB\" target=\"_new\" rel=\"noopener\">Lire les commentaires<\/a><\/p>\n<h2>Fret le jour suivant<\/h2>\n<p><img decoding=\"async\" src=\"https:\/\/moverdb.com\/wp-content\/uploads\/thumbnailpanoidO7jJuzG2YYqm33Gh3vIBEAcb_clientsearch.gws-prod.gpsw408h240yaw352.jpg\" alt='Fret le jour suivant' class=\"aligncenter\"><\/p>\n<p><strong>Description de l'entreprise : <\/strong>Aucune n'est fournie<\/p>\n<p><strong>Services suppl\u00e9mentaires :<\/strong><\/p>\n<p>Aucune liste<\/p>\n<p><strong>Adresse :<\/strong> Leyland Business Park, Centurion House, Centurion Way, Farington, Leyland PR25 3GR<\/p>\n<p><a href=\"http:\/\/www.nextdayfreight.co.uk\/\" target=\"_new\" rel=\"noopener\">Site web du fret le jour suivant<\/a><\/p>\n<p><strong>Note d'examen : <\/strong>4.7<br \/> <strong>Nombre d'\u00e9valuations :<\/strong> 3<br \/><a href=\"https:\/\/www.google.co.uk\/maps?cid=14012449689363139539&#038;hl=en&#038;gl=GB\" target=\"_new\" rel=\"noopener\">Lire les commentaires<\/a><\/p>\n<h2>Comment nous avons s\u00e9lectionn\u00e9 les meilleurs transitaires de Leyland<\/h2>\n<p>Nous avons commenc\u00e9 avec un ensemble de donn\u00e9es de 3 soci\u00e9t\u00e9s de transport de marchandises de Leyland que nous avons trouv\u00e9es sur Google Maps et nous avons r\u00e9duit le nombre de soci\u00e9t\u00e9s aux 2 meilleures.<\/p>\n<p>Pour ce faire, nous avons supprim\u00e9 toutes les entreprises qui<\/p>\n<ul>\n<li> N'avait pas de site web<\/li>\n<li> N'a fait l'objet d'aucune critique<\/li>\n<li> A obtenu une note moyenne inf\u00e9rieure \u00e0 2,0<\/li>\n<\/ul>\n<p>\u00c0 ce stade, si nous avions 17 transitaires ou moins, nous les avons tous r\u00e9pertori\u00e9s.<\/p>\n<p>Pour les villes o\u00f9 il restait plus de 17 transitaires, nous avons proc\u00e9d\u00e9 \u00e0 d'autres r\u00e9visions en augmentant la note requise (par exemple, en passant d'un minimum de 2,0 \u00e0 4,0) et\/ou en augmentant le nombre minimum d'\u00e9valuations requises (par exemple, en passant d'au moins 1 \u00e9valuation \u00e0 au moins 10).<\/p>\n<p>Il est \u00e0 noter que nous n'avons utilis\u00e9 que les donn\u00e9es d'\u00e9valuation de Google Maps et pas celles d'autres sites web tiers.<\/p>\n<p>Plus de villes :<\/p>\n<p><a href=\"https:\/\/moverdb.com\/fr\/transporteur-de-marchandises\/freight-forwarding-uk\/cheadle-freight-forwarder\/\">Transitaire Cheadle<\/a><br \/><a href=\"https:\/\/moverdb.com\/fr\/transporteur-de-marchandises\/freight-forwarding-uk\/oldbury-freight-forwarder\/\">Transitaire Oldbury<\/a><br \/><a href=\"https:\/\/moverdb.com\/fr\/transporteur-de-marchandises\/freight-forwarding-uk\/chertsey-freight-forwarder\/\">Transitaire Chertsey<\/a><br \/><a href=\"https:\/\/moverdb.com\/fr\/transporteur-de-marchandises\/freight-forwarding-uk\/huntingdon-freight-forwarder\/\">Transitaire Huntingdon<\/a><br \/><a href=\"https:\/\/moverdb.com\/fr\/transporteur-de-marchandises\/freight-forwarding-uk\/hornchurch-freight-forwarder\/\">Transitaire Hornchurch<\/a><\/p>","protected":false},"excerpt":{"rendered":"<p>Below we look at the 2 &#8220;best&#8221; Freight Forwarding companies in Leyland out of 3. To learn more about how we chose the best please consult our FAQ section at the end. Please not the following listings are in no particular order and we are not making any recommendations for any particular company. Straightforward Transport [&hellip;]<\/p>\n","protected":false},"author":1,"featured_media":0,"parent":13427,"menu_order":0,"comment_status":"open","ping_status":"open","template":"","meta":{"_genesis_hide_title":false,"_genesis_hide_breadcrumbs":false,"_genesis_hide_singular_image":false,"_genesis_hide_footer_widgets":false,"_genesis_custom_body_class":"","_genesis_custom_post_class":"","_genesis_layout":"","footnotes":""},"class_list":{"0":"post-14075","1":"page","2":"type-page","3":"status-publish","5":"entry"},"_links":{"self":[{"href":"https:\/\/moverdb.com\/fr\/wp-json\/wp\/v2\/pages\/14075","targetHints":{"allow":["GET"]}}],"collection":[{"href":"https:\/\/moverdb.com\/fr\/wp-json\/wp\/v2\/pages"}],"about":[{"href":"https:\/\/moverdb.com\/fr\/wp-json\/wp\/v2\/types\/page"}],"author":[{"embeddable":true,"href":"https:\/\/moverdb.com\/fr\/wp-json\/wp\/v2\/users\/1"}],"replies":[{"embeddable":true,"href":"https:\/\/moverdb.com\/fr\/wp-json\/wp\/v2\/comments?post=14075"}],"version-history":[{"count":1,"href":"https:\/\/moverdb.com\/fr\/wp-json\/wp\/v2\/pages\/14075\/revisions"}],"predecessor-version":[{"id":15724,"href":"https:\/\/moverdb.com\/fr\/wp-json\/wp\/v2\/pages\/14075\/revisions\/15724"}],"up":[{"embeddable":true,"href":"https:\/\/moverdb.com\/fr\/wp-json\/wp\/v2\/pages\/13427"}],"wp:attachment":[{"href":"https:\/\/moverdb.com\/fr\/wp-json\/wp\/v2\/media?parent=14075"}],"curies":[{"name":"wp","href":"https:\/\/api.w.org\/{rel}","templated":true}]}}