{"id":14058,"date":"2023-11-08T15:54:18","date_gmt":"2023-11-08T15:54:18","guid":{"rendered":"https:\/\/moverdb.com\/freight-forwarder\/freight-forwarding-uk\/cleckheaton-freight-forwarder\/"},"modified":"2026-01-08T14:56:03","modified_gmt":"2026-01-08T14:56:03","slug":"cleckheaton-freight-forwarder","status":"publish","type":"page","link":"https:\/\/moverdb.com\/fr\/freight-forwarder\/freight-forwarding-uk\/cleckheaton-freight-forwarder\/","title":{"rendered":"2 Meilleures entreprises de transport de marchandises Cleckheaton (2024)"},"content":{"rendered":"<p>Ci-dessous, nous examinons les 2 <em>\"meilleur\"<\/em> Entreprises de transport de marchandises \u00e0 Cleckheaton sur 2.<\/p>\n<p>Pour en savoir plus sur la mani\u00e8re dont nous avons choisi les meilleurs, veuillez consulter notre section FAQ \u00e0 la fin.<\/p>\n<p><em>Veuillez noter que les listes suivantes ne sont pas class\u00e9es dans un ordre particulier et que nous ne recommandons aucune entreprise en particulier.<\/em><\/p>\n<h2>MY Logistics Limited<\/h2>\n<p><img decoding=\"async\" src=\"https:\/\/moverdb.com\/wp-content\/uploads\/AF1QipMon4nlCBvoPAq2ZiIA0lnvUgO9wu2NWTCbL6__w408-h289-k-no.jpg\" alt='MY Logistics Limited' class=\"aligncenter\"><\/p>\n<p><strong>Description de l'entreprise : <\/strong>\u00c9tabli en 2005<br \/>\nTransporteur international bas\u00e9 dans le West Yorkshire<\/p>\n<p><strong>Services suppl\u00e9mentaires :<\/strong><\/p>\n<p>Aucune liste<\/p>\n<p><strong>Adresse :<\/strong> Spen Valley House, Industrial Park, Rawfolds, Cleckheaton BD19 5LJ<\/p>\n<p><a href=\"http:\/\/www.mylogisticsltd.co.uk\/\" target=\"_new\" rel=\"noopener\">Site web de MY Logistics Limited<\/a><\/p>\n<p><strong>Note d'examen : <\/strong>4.9<br \/> <strong>Nombre d'\u00e9valuations :<\/strong> 10<br \/><a href=\"https:\/\/www.google.co.uk\/maps?cid=10434569544747409173&#038;hl=en&#038;gl=GB\" target=\"_new\" rel=\"noopener\">Lire les commentaires<\/a><\/p>\n<h2>Croft Cargo Ltd<\/h2>\n<p><img decoding=\"async\" src=\"https:\/\/moverdb.com\/wp-content\/uploads\/AF1QipPofLuxP6fJ1UZa1sYOU0Mcq3bZs4E_TfUPsfQw408-h272-k-no.jpg\" alt='Croft Cargo Ltd' class=\"aligncenter\"><\/p>\n<p><strong>Description de l'entreprise : <\/strong>Croft Cargo est une entreprise de logistique internationale bas\u00e9e dans le Yorkshire.<\/p>\n<p> Croft Cargo g\u00e8re le fret maritime, le fret a\u00e9rien, le fret routier, l'entreposage et de nombreux autres types de modes li\u00e9s \u00e0 l'industrie.<\/p>\n<p> Si vous \u00eates int\u00e9ress\u00e9 par nos services, veuillez contacter Croft Cargo ou envoyer un courriel \u00e0 notre \u00e9quipe de vente \u00e0 sales@croftcargo.<\/p>\n<p>com<\/p>\n<p><strong>Services suppl\u00e9mentaires :<\/strong><\/p>\n<p>Service de conteneurs<\/p>\n<p>Courtier en douane<\/p>\n<p>Entrep\u00f4t douanier<\/p>\n<p>Service logistique<\/p>\n<p>Service de transport<\/p>\n<p><strong>Adresse :<\/strong> Whitcliffe House, 58 Whitcliffe Rd, Cleckheaton BD19 3BY<\/p>\n<p><a href=\"http:\/\/www.croftcargo.com\/\" target=\"_new\" rel=\"noopener\">Site web de Croft Cargo Ltd<\/a><\/p>\n<p><strong>Note d'examen : <\/strong>5<br \/> <strong>Nombre d'\u00e9valuations :<\/strong> 5<br \/><a href=\"https:\/\/www.google.co.uk\/maps?cid=4881642299095467798&#038;hl=en&#038;gl=GB\" target=\"_new\" rel=\"noopener\">Lire les commentaires<\/a><\/p>\n<h2>Comment nous avons s\u00e9lectionn\u00e9 les meilleurs transitaires de Cleckheaton<\/h2>\n<p>Nous avons commenc\u00e9 avec un ensemble de donn\u00e9es de 2 entreprises de transport de Cleckheaton que nous avons trouv\u00e9es sur Google Maps et nous avons r\u00e9duit notre liste aux 2 meilleures.<\/p>\n<p>Pour ce faire, nous avons supprim\u00e9 toutes les entreprises qui<\/p>\n<ul>\n<li> N'avait pas de site web<\/li>\n<li> N'a fait l'objet d'aucune critique<\/li>\n<li> A obtenu une note moyenne inf\u00e9rieure \u00e0 2,0<\/li>\n<\/ul>\n<p>\u00c0 ce stade, si nous avions 17 transitaires ou moins, nous les avons tous r\u00e9pertori\u00e9s.<\/p>\n<p>Pour les villes o\u00f9 il restait plus de 17 transitaires, nous avons proc\u00e9d\u00e9 \u00e0 d'autres r\u00e9visions en augmentant la note requise (par exemple, en passant d'un minimum de 2,0 \u00e0 4,0) et\/ou en augmentant le nombre minimum d'\u00e9valuations requises (par exemple, en passant d'au moins 1 \u00e9valuation \u00e0 au moins 10).<\/p>\n<p>Il est \u00e0 noter que nous n'avons utilis\u00e9 que les donn\u00e9es d'\u00e9valuation de Google Maps et pas celles d'autres sites web tiers.<\/p>\n<p>Plus de villes :<\/p>\n<p><a href=\"https:\/\/moverdb.com\/fr\/transporteur-de-marchandises\/freight-forwarding-uk\/stanford-le-hope-freight-forwarder\/\">Transitaire Stanford-le-Hope<\/a><br \/><a href=\"https:\/\/moverdb.com\/fr\/transporteur-de-marchandises\/freight-forwarding-uk\/norwich-freight-forwarder\/\">Transitaire Norwich<\/a><br \/><a href=\"https:\/\/moverdb.com\/fr\/transporteur-de-marchandises\/freight-forwarding-uk\/sunderland-freight-forwarder\/\">Transitaire Sunderland<\/a><br \/><a href=\"https:\/\/moverdb.com\/fr\/transporteur-de-marchandises\/freight-forwarding-uk\/berkshire-freight-forwarder\/\">Transitaire Berkshire<\/a><br \/><a href=\"https:\/\/moverdb.com\/fr\/transporteur-de-marchandises\/freight-forwarding-uk\/uxbridge-freight-forwarder\/\">Transitaire Uxbridge<\/a><\/p>","protected":false},"excerpt":{"rendered":"<p>Below we look at the 2 &#8220;best&#8221; Freight Forwarding companies in Cleckheaton out of 2. To learn more about how we chose the best please consult our FAQ section at the end. Please not the following listings are in no particular order and we are not making any recommendations for any particular company. MY Logistics [&hellip;]<\/p>\n","protected":false},"author":1,"featured_media":0,"parent":13427,"menu_order":0,"comment_status":"open","ping_status":"open","template":"","meta":{"_genesis_hide_title":false,"_genesis_hide_breadcrumbs":false,"_genesis_hide_singular_image":false,"_genesis_hide_footer_widgets":false,"_genesis_custom_body_class":"","_genesis_custom_post_class":"","_genesis_layout":"","footnotes":""},"class_list":{"0":"post-14058","1":"page","2":"type-page","3":"status-publish","5":"entry"},"_links":{"self":[{"href":"https:\/\/moverdb.com\/fr\/wp-json\/wp\/v2\/pages\/14058","targetHints":{"allow":["GET"]}}],"collection":[{"href":"https:\/\/moverdb.com\/fr\/wp-json\/wp\/v2\/pages"}],"about":[{"href":"https:\/\/moverdb.com\/fr\/wp-json\/wp\/v2\/types\/page"}],"author":[{"embeddable":true,"href":"https:\/\/moverdb.com\/fr\/wp-json\/wp\/v2\/users\/1"}],"replies":[{"embeddable":true,"href":"https:\/\/moverdb.com\/fr\/wp-json\/wp\/v2\/comments?post=14058"}],"version-history":[{"count":1,"href":"https:\/\/moverdb.com\/fr\/wp-json\/wp\/v2\/pages\/14058\/revisions"}],"predecessor-version":[{"id":15713,"href":"https:\/\/moverdb.com\/fr\/wp-json\/wp\/v2\/pages\/14058\/revisions\/15713"}],"up":[{"embeddable":true,"href":"https:\/\/moverdb.com\/fr\/wp-json\/wp\/v2\/pages\/13427"}],"wp:attachment":[{"href":"https:\/\/moverdb.com\/fr\/wp-json\/wp\/v2\/media?parent=14058"}],"curies":[{"name":"wp","href":"https:\/\/api.w.org\/{rel}","templated":true}]}}