{"id":14043,"date":"2023-11-08T15:54:18","date_gmt":"2023-11-08T15:54:18","guid":{"rendered":"https:\/\/moverdb.com\/freight-forwarder\/freight-forwarding-uk\/wembley-freight-forwarder\/"},"modified":"2026-01-08T14:58:43","modified_gmt":"2026-01-08T14:58:43","slug":"wembley-freight-forwarder","status":"publish","type":"page","link":"https:\/\/moverdb.com\/fr\/freight-forwarder\/freight-forwarding-uk\/wembley-freight-forwarder\/","title":{"rendered":"2 Les meilleurs transitaires de Wembley (2024)"},"content":{"rendered":"<p>Ci-dessous, nous examinons les 2 <em>\"meilleur\"<\/em> Entreprises de transport de marchandises \u00e0 Wembley sur 8.<\/p>\n<p>Pour en savoir plus sur la mani\u00e8re dont nous avons choisi les meilleurs, veuillez consulter notre section FAQ \u00e0 la fin.<\/p>\n<p><em>Veuillez noter que les listes suivantes ne sont pas class\u00e9es dans un ordre particulier et que nous ne recommandons aucune entreprise en particulier.<\/em><\/p>\n<h2>Air Cargo Global Kenya (www.Kenya-AirCargo.com)<\/h2>\n<p><img decoding=\"async\" src=\"https:\/\/moverdb.com\/wp-content\/uploads\/AF1QipOJY_kDodVzmgJtYC-sWixwmPVY3CyvwDW6i-MZw426-h240-k-no.jpg\" alt='Air Cargo Global Kenya (www.Kenya-AirCargo.com)' class=\"aligncenter\"><\/p>\n<p><strong>Description de l'entreprise : <\/strong>Chez Air Cargo Global <a href=\"https:\/\/moverdb.com\/fr\/moving-companies\/moving-companies-kenya\/\" data-internallinksmanager029f6b8e52c=\"305\" title=\"4 meilleures entreprises de d\u00e9m\u00e9nagements internationaux au Kenya\">Kenya<\/a> nous fournissons un service de fret de premier plan vers le Kenya, qui est rentable et s\u00fbr.<\/p>\n<p> Nous sommes fiers de fournir des services d'exp\u00e9dition porte \u00e0 porte vers le Kenya, que vous ayez besoin de fret a\u00e9rien ou maritime pour vos effets personnels, vos achats en ligne, vos exc\u00e9dents de bagages ou votre fret commercial.<\/p>\n<p>Nous offrons :<\/p>\n<p>Cargo vers le Kenya<br \/>\nCargo vers le Zimbabwe<br \/>\nCargo vers l'Ouganda<br \/>\nCargo vers la Somalie<br \/>\nCargo vers l'Afrique<br \/>\nCargo vers le Rwanda<br \/>\nFret a\u00e9rien vers l'Angola<br \/>\nFret a\u00e9rien vers <a href=\"https:\/\/moverdb.com\/fr\/moving-companies\/burkina-faso-moving-companies\/\" data-internallinksmanager029f6b8e52c=\"221\" title=\"Les meilleures soci\u00e9t\u00e9s de d\u00e9m\u00e9nagement international au Burkina Faso\">Burkina Faso<\/a><br \/>\nFret a\u00e9rien vers le B\u00e9nin<br \/>\nFret a\u00e9rien vers <a href=\"https:\/\/moverdb.com\/fr\/moving-companies\/botswana-moving-companies\/\" data-internallinksmanager029f6b8e52c=\"167\" title=\"Les meilleures soci\u00e9t\u00e9s de d\u00e9m\u00e9nagement international au Botswana\">Botswana<\/a><br \/>\nFret a\u00e9rien vers la R\u00e9publique centrafricaine<br \/>\nFret a\u00e9rien vers la C\u00f4te d'Ivoire<br \/>\nFret a\u00e9rien vers <a href=\"https:\/\/moverdb.com\/fr\/moving-companies\/cameroon-moving-companies\/\" data-internallinksmanager029f6b8e52c=\"222\" title=\"Les meilleures soci\u00e9t\u00e9s de d\u00e9m\u00e9nagement international au Cameroun\">Cameroun<\/a><br \/>\nFret a\u00e9rien vers <a href=\"https:\/\/moverdb.com\/fr\/moving-companies\/algeria\/\" data-internallinksmanager029f6b8e52c=\"166\" title=\"3 meilleures soci\u00e9t\u00e9s de d\u00e9m\u00e9nagement international en Alg\u00e9rie\">Alg\u00e9rie<\/a><br \/>\nFret a\u00e9rien vers <a href=\"https:\/\/moverdb.com\/fr\/moving-companies\/egypt-moving-companies\/\" data-internallinksmanager029f6b8e52c=\"200\" title=\"11 meilleures soci\u00e9t\u00e9s de d\u00e9m\u00e9nagements internationaux en Egypte\">\u00c9gypte<\/a><br \/>\nFret a\u00e9rien vers le Sahara occidental<br \/>\nFret a\u00e9rien vers <a href=\"https:\/\/moverdb.com\/fr\/moving-companies\/moving-companies-ethiopia\/\" data-internallinksmanager029f6b8e52c=\"214\" title=\"5 meilleures soci\u00e9t\u00e9s de d\u00e9m\u00e9nagement international en Ethiopie\">\u00c9thiopie<\/a><br \/>\nFret a\u00e9rien vers le Gabon<br \/>\nFret a\u00e9rien vers <a href=\"https:\/\/moverdb.com\/fr\/moving-companies\/moving-companies-ghana\/\" data-internallinksmanager029f6b8e52c=\"228\" title=\"2 meilleures soci\u00e9t\u00e9s de d\u00e9m\u00e9nagement international au Ghana\">Ghana<\/a><br \/>\nFret a\u00e9rien vers la Gambie<\/p>\n<p><strong>Services suppl\u00e9mentaires :<\/strong><\/p>\n<p>Service de messagerie<\/p>\n<p><strong>Adresse :<\/strong> Wembley Park Business Centre, Access, First Way, Wembley HA9 0JD<\/p>\n<p><a href=\"http:\/\/www.kenya-aircargo.com\/\" target=\"_new\" rel=\"noopener\">Site web d'Air Cargo Global Kenya (www.Kenya-AirCargo.com)<\/a><\/p>\n<p><strong>Note d'examen : <\/strong>4.3<br \/> <strong>Nombre d'\u00e9valuations :<\/strong> 11<br \/><a href=\"https:\/\/www.google.co.uk\/maps?cid=18136524815790858633&#038;hl=en&#038;gl=GB\" target=\"_new\" rel=\"noopener\">Lire les commentaires<\/a><\/p>\n<h2>Arab Africa Cargo Ltd (DHL Express, fret vers le Moyen-Orient, l'Afrique)<\/h2>\n<p><img decoding=\"async\" src=\"https:\/\/moverdb.com\/wp-content\/uploads\/AF1QipMecEC7NKx9s8WtQBwD4kH-jRmke_zzboxdmd5-w648-h240-k-no.jpg\" alt='Arab Africa Cargo Ltd (DHL Express, fret vers le Moyen-Orient, l&#039;Afrique)' class=\"aligncenter\"><\/p>\n<p><strong>Description de l'entreprise : <\/strong>Arab Africa cargo propose un service de fret a\u00e9rien rapide et s\u00e9curis\u00e9 et des services DHL Express depuis l'Afrique du Sud. <a href=\"https:\/\/moverdb.com\/fr\/moving-to-the-uk\/\" data-internallinksmanager029f6b8e52c=\"93\" title=\"Vous partez au Royaume-Uni ? 2026 Co\u00fbt de la vie et conseils de relocalisation\">ROYAUME-UNI<\/a> et l'Europe vers le Moyen-Orient, l'Afrique, l'Asie et le reste du monde.<\/p>\n<p> Nous proposons une gamme compl\u00e8te de services sur tous les itin\u00e9raires, y compris les itin\u00e9raires express et directs.<\/p>\n<p> Toutefois, lorsque le temps ne le permet pas, nous sommes \u00e9galement en mesure de fournir des solutions alternatives telles que des services diff\u00e9r\u00e9s et consolid\u00e9s afin d'aligner les co\u00fbts sur les d\u00e9lais.<\/p>\n<p>Nous aidons nos clients \u00e0 transporter des marchandises personnelles et commerciales, qu'il s'agisse d'exc\u00e9dents de bagages ou de palettes, par fret a\u00e9rien vers le reste du monde.<\/p>\n<p>+442030027757<\/p>\n<p><strong>Services suppl\u00e9mentaires :<\/strong><\/p>\n<p>Service de messagerie<\/p>\n<p><strong>Adresse :<\/strong> Access Business Centre, First Way, Wembley HA9 0JD<\/p>\n<p><a href=\"http:\/\/arabafricacargo.com\/\" target=\"_new\" rel=\"noopener\">Site web d'Arab Africa Cargo Ltd (DHL Express, fret \u00e0 destination du Moyen-Orient et de l'Afrique)<\/a><\/p>\n<p><strong>Note d'examen : <\/strong>4.5<br \/> <strong>Nombre d'\u00e9valuations :<\/strong> 8<br \/><a href=\"https:\/\/www.google.co.uk\/maps?cid=2013360732440905948&#038;hl=en&#038;gl=GB\" target=\"_new\" rel=\"noopener\">Lire les commentaires<\/a><\/p>\n<h2>Comment nous avons s\u00e9lectionn\u00e9 les meilleurs transitaires de Wembley<\/h2>\n<p>Nous avons commenc\u00e9 par un ensemble de donn\u00e9es de 8 soci\u00e9t\u00e9s de transport de fret de Wembley que nous avons trouv\u00e9es sur Google Maps et nous avons r\u00e9duit notre liste aux 2 meilleures.<\/p>\n<p>Pour ce faire, nous avons supprim\u00e9 toutes les entreprises qui<\/p>\n<ul>\n<li> N'avait pas de site web<\/li>\n<li> N'a fait l'objet d'aucune critique<\/li>\n<li> A obtenu une note moyenne inf\u00e9rieure \u00e0 2,0<\/li>\n<\/ul>\n<p>\u00c0 ce stade, si nous avions 17 transitaires ou moins, nous les avons tous r\u00e9pertori\u00e9s.<\/p>\n<p>Pour les villes o\u00f9 il restait plus de 17 transitaires, nous avons proc\u00e9d\u00e9 \u00e0 d'autres r\u00e9visions en augmentant la note requise (par exemple, en passant d'un minimum de 2,0 \u00e0 4,0) et\/ou en augmentant le nombre minimum d'\u00e9valuations requises (par exemple, en passant d'au moins 1 \u00e9valuation \u00e0 au moins 10).<\/p>\n<p>Il est \u00e0 noter que nous n'avons utilis\u00e9 que les donn\u00e9es d'\u00e9valuation de Google Maps et pas celles d'autres sites web tiers.<\/p>\n<p>Plus de villes :<\/p>\n<p><a href=\"https:\/\/moverdb.com\/fr\/transporteur-de-marchandises\/freight-forwarding-uk\/hockley-freight-forwarder\/\">Transitaire Hockley<\/a><br \/><a href=\"https:\/\/moverdb.com\/fr\/transporteur-de-marchandises\/freight-forwarding-uk\/fareham-freight-forwarder\/\">Transitaire Fareham<\/a><br \/><a href=\"https:\/\/moverdb.com\/fr\/transporteur-de-marchandises\/freight-forwarding-uk\/normanton-freight-forwarder\/\">Transitaire Normanton<\/a><br \/><a href=\"https:\/\/moverdb.com\/fr\/transporteur-de-marchandises\/freight-forwarding-uk\/solihull-freight-forwarder\/\">Solihull Freight Forwarder<\/a><br \/><a href=\"https:\/\/moverdb.com\/fr\/transporteur-de-marchandises\/freight-forwarding-uk\/cleckheaton-freight-forwarder\/\">Transitaire Cleckheaton<\/a><\/p>","protected":false},"excerpt":{"rendered":"<p>Below we look at the 2 &#8220;best&#8221; Freight Forwarding companies in Wembley out of 8. To learn more about how we chose the best please consult our FAQ section at the end. Please not the following listings are in no particular order and we are not making any recommendations for any particular company. Air Cargo [&hellip;]<\/p>\n","protected":false},"author":1,"featured_media":0,"parent":13427,"menu_order":0,"comment_status":"open","ping_status":"open","template":"","meta":{"_genesis_hide_title":false,"_genesis_hide_breadcrumbs":false,"_genesis_hide_singular_image":false,"_genesis_hide_footer_widgets":false,"_genesis_custom_body_class":"","_genesis_custom_post_class":"","_genesis_layout":"","footnotes":""},"class_list":{"0":"post-14043","1":"page","2":"type-page","3":"status-publish","5":"entry"},"_links":{"self":[{"href":"https:\/\/moverdb.com\/fr\/wp-json\/wp\/v2\/pages\/14043","targetHints":{"allow":["GET"]}}],"collection":[{"href":"https:\/\/moverdb.com\/fr\/wp-json\/wp\/v2\/pages"}],"about":[{"href":"https:\/\/moverdb.com\/fr\/wp-json\/wp\/v2\/types\/page"}],"author":[{"embeddable":true,"href":"https:\/\/moverdb.com\/fr\/wp-json\/wp\/v2\/users\/1"}],"replies":[{"embeddable":true,"href":"https:\/\/moverdb.com\/fr\/wp-json\/wp\/v2\/comments?post=14043"}],"version-history":[{"count":1,"href":"https:\/\/moverdb.com\/fr\/wp-json\/wp\/v2\/pages\/14043\/revisions"}],"predecessor-version":[{"id":15756,"href":"https:\/\/moverdb.com\/fr\/wp-json\/wp\/v2\/pages\/14043\/revisions\/15756"}],"up":[{"embeddable":true,"href":"https:\/\/moverdb.com\/fr\/wp-json\/wp\/v2\/pages\/13427"}],"wp:attachment":[{"href":"https:\/\/moverdb.com\/fr\/wp-json\/wp\/v2\/media?parent=14043"}],"curies":[{"name":"wp","href":"https:\/\/api.w.org\/{rel}","templated":true}]}}