{"id":14040,"date":"2023-11-08T15:54:18","date_gmt":"2023-11-08T15:54:18","guid":{"rendered":"https:\/\/moverdb.com\/freight-forwarder\/freight-forwarding-uk\/newport-freight-forwarder\/"},"modified":"2026-01-08T14:58:12","modified_gmt":"2026-01-08T14:58:12","slug":"newport-freight-forwarder","status":"publish","type":"page","link":"https:\/\/moverdb.com\/fr\/freight-forwarder\/freight-forwarding-uk\/newport-freight-forwarder\/","title":{"rendered":"2 Meilleures entreprises de transport de marchandises de Newport (2024)"},"content":{"rendered":"<p>Ci-dessous, nous examinons les 2 <em>\"meilleur\"<\/em> Les entreprises de transport de marchandises \u00e0 Newport sur 7.<\/p>\n<p>Pour en savoir plus sur la mani\u00e8re dont nous avons choisi les meilleurs, veuillez consulter notre section FAQ \u00e0 la fin.<\/p>\n<p><em>Veuillez noter que les listes suivantes ne sont pas class\u00e9es dans un ordre particulier et que nous ne recommandons aucune entreprise en particulier.<\/em><\/p>\n<h2>GP Logistics Ltd Newport<\/h2>\n<p><img decoding=\"async\" src=\"https:\/\/moverdb.com\/wp-content\/uploads\/thumbnailpanoidseKIloYPo-hY9hlq5dRCjAcb_clientsearch.gws-prod.gpsw408h240yaw47.jpg\" alt='GP Logistics Ltd Newport' class=\"aligncenter\"><\/p>\n<p><strong>Description de l'entreprise : <\/strong>Solutions ind\u00e9pendantes d'exp\u00e9dition de marchandises et de projets<\/p>\n<p>Veuillez noter que nous ne fournissons pas de services de livraison pour les d\u00e9taillants ou les sites web en ligne.<\/p>\n<p> Il existe une soci\u00e9t\u00e9 dont le nom est similaire au n\u00f4tre (GP Logistic Services), mais nous n'avons aucun lien avec elle.<\/p>\n<p><strong>Services suppl\u00e9mentaires :<\/strong><\/p>\n<p>Aucune liste<\/p>\n<p><strong>Adresse :<\/strong> IMPERIAL PARK, GCELL Building, S Lake Dr, Newport NP10 8AS<\/p>\n<p><a href=\"http:\/\/www.gp-logistics.co.uk\/\" target=\"_new\" rel=\"noopener\">Site web de GP Logistics Ltd Newport<\/a><\/p>\n<p><strong>Note d'examen : <\/strong>2.1<br \/> <strong>Nombre d'\u00e9valuations :<\/strong> 11<br \/><a href=\"https:\/\/www.google.co.uk\/maps?cid=2722381763954114553&#038;hl=en&#038;gl=GB\" target=\"_new\" rel=\"noopener\">Lire les commentaires<\/a><\/p>\n<h2>Solutions logistiques JP<\/h2>\n<p><img decoding=\"async\" src=\"https:\/\/moverdb.com\/wp-content\/uploads\/AF1QipM7e4r0SFYerNAzLb-NTiaFmEo3aS1l25DhFGTw477-h240-k-no.png\" alt='Solutions logistiques JP' class=\"aligncenter\"><\/p>\n<p><strong>Description de l'entreprise : <\/strong>JP Shipping Services Limited est un <a href=\"https:\/\/moverdb.com\/fr\/moving-to-the-uk\/\" data-internallinksmanager029f6b8e52c=\"93\" title=\"Vous partez au Royaume-Uni ? 2026 Co\u00fbt de la vie et conseils de relocalisation\">ROYAUME-UNI<\/a> et la division logistique de l'entreprise \u00e9tablie de longue date. <a href=\"https:\/\/moverdb.com\/fr\/moving-companies\/moving-companies-jamaica\/\" data-internallinksmanager029f6b8e52c=\"310\" title=\"2 Meilleures entreprises de d\u00e9m\u00e9nagements internationaux en Jama\u00efque\">Jama\u00efque<\/a> Groupement des producteurs, dont l'histoire remonte \u00e0 1929.<\/p>\n<p> Initialement cr\u00e9\u00e9e pour r\u00e9pondre aux besoins de l'industrie jama\u00efcaine de la banane en mati\u00e8re d'exp\u00e9dition et de soutien logistique au Royaume-Uni, elle a, au fil des ans, mis \u00e0 profit cette exp\u00e9rience pour d\u00e9velopper et \u00e9tendre ses activit\u00e9s.<\/p>\n<p>Chez JP Shipping Services, nous sommes tr\u00e8s fiers de notre h\u00e9ritage carib\u00e9en, qui remonte aux ann\u00e9es 1930.<\/p>\n<p> Bien que nous soyons aujourd'hui largement bas\u00e9s au Royaume-Uni, nous appartenons toujours aux Cara\u00efbes et faisons partie de JP Group LTD, dont le si\u00e8ge se trouve \u00e0 Kingston, en Jama\u00efque.<\/p>\n<p><strong>Services suppl\u00e9mentaires :<\/strong><\/p>\n<p>Service de messagerie<\/p>\n<p>Courtier en douane<\/p>\n<p>Service de distribution<\/p>\n<p>Service logistique<\/p>\n<p>Service d'exp\u00e9dition<\/p>\n<p>Entrep\u00f4t<\/p>\n<p><strong>Adresse :<\/strong> B\u00e2timent principal de l'ABP, (entr\u00e9e sud), Alexandra Dock, Newport NP20 2NP<\/p>\n<p><a href=\"http:\/\/www.jpshipping.co.uk\/\" target=\"_new\" rel=\"noopener\">Site web de JP Logistics Solutions<\/a><\/p>\n<p><strong>Note d'examen : <\/strong>5<br \/> <strong>Nombre d'\u00e9valuations :<\/strong> 1<br \/><a href=\"https:\/\/www.google.co.uk\/maps?cid=2500320586524155374&#038;hl=en&#038;gl=GB\" target=\"_new\" rel=\"noopener\">Lire les commentaires<\/a><\/p>\n<h2>Comment nous avons s\u00e9lectionn\u00e9 les meilleurs transitaires de Newport<\/h2>\n<p>Nous avons commenc\u00e9 par un ensemble de donn\u00e9es de 7 soci\u00e9t\u00e9s de transport de fret de Newport que nous avons trouv\u00e9es sur Google Maps et nous les avons r\u00e9duites aux 2 meilleures.<\/p>\n<p>Pour ce faire, nous avons supprim\u00e9 toutes les entreprises qui<\/p>\n<ul>\n<li> N'avait pas de site web<\/li>\n<li> N'a fait l'objet d'aucune critique<\/li>\n<li> A obtenu une note moyenne inf\u00e9rieure \u00e0 2,0<\/li>\n<\/ul>\n<p>\u00c0 ce stade, si nous avions 17 transitaires ou moins, nous les avons tous r\u00e9pertori\u00e9s.<\/p>\n<p>Pour les villes o\u00f9 il restait plus de 17 transitaires, nous avons proc\u00e9d\u00e9 \u00e0 d'autres r\u00e9visions en augmentant la note requise (par exemple, en passant d'un minimum de 2,0 \u00e0 4,0) et\/ou en augmentant le nombre minimum d'\u00e9valuations requises (par exemple, en passant d'au moins 1 \u00e9valuation \u00e0 au moins 10).<\/p>\n<p>Il est \u00e0 noter que nous n'avons utilis\u00e9 que les donn\u00e9es d'\u00e9valuation de Google Maps et pas celles d'autres sites web tiers.<\/p>\n<p>Plus de villes :<\/p>\n<p><a href=\"https:\/\/moverdb.com\/fr\/transporteur-de-marchandises\/freight-forwarding-uk\/wembley-freight-forwarder\/\">Transitaire Wembley<\/a><br \/><a href=\"https:\/\/moverdb.com\/fr\/transporteur-de-marchandises\/freight-forwarding-uk\/hockley-freight-forwarder\/\">Transitaire Hockley<\/a><br \/><a href=\"https:\/\/moverdb.com\/fr\/transporteur-de-marchandises\/freight-forwarding-uk\/fareham-freight-forwarder\/\">Transitaire Fareham<\/a><br \/><a href=\"https:\/\/moverdb.com\/fr\/transporteur-de-marchandises\/freight-forwarding-uk\/normanton-freight-forwarder\/\">Transitaire Normanton<\/a><br \/><a href=\"https:\/\/moverdb.com\/fr\/transporteur-de-marchandises\/freight-forwarding-uk\/solihull-freight-forwarder\/\">Solihull Freight Forwarder<\/a><\/p>","protected":false},"excerpt":{"rendered":"<p>Below we look at the 2 &#8220;best&#8221; Freight Forwarding companies in Newport out of 7. To learn more about how we chose the best please consult our FAQ section at the end. Please not the following listings are in no particular order and we are not making any recommendations for any particular company. GP Logistics [&hellip;]<\/p>\n","protected":false},"author":1,"featured_media":0,"parent":13427,"menu_order":0,"comment_status":"open","ping_status":"open","template":"","meta":{"_genesis_hide_title":false,"_genesis_hide_breadcrumbs":false,"_genesis_hide_singular_image":false,"_genesis_hide_footer_widgets":false,"_genesis_custom_body_class":"","_genesis_custom_post_class":"","_genesis_layout":"","footnotes":""},"class_list":{"0":"post-14040","1":"page","2":"type-page","3":"status-publish","5":"entry"},"_links":{"self":[{"href":"https:\/\/moverdb.com\/fr\/wp-json\/wp\/v2\/pages\/14040","targetHints":{"allow":["GET"]}}],"collection":[{"href":"https:\/\/moverdb.com\/fr\/wp-json\/wp\/v2\/pages"}],"about":[{"href":"https:\/\/moverdb.com\/fr\/wp-json\/wp\/v2\/types\/page"}],"author":[{"embeddable":true,"href":"https:\/\/moverdb.com\/fr\/wp-json\/wp\/v2\/users\/1"}],"replies":[{"embeddable":true,"href":"https:\/\/moverdb.com\/fr\/wp-json\/wp\/v2\/comments?post=14040"}],"version-history":[{"count":1,"href":"https:\/\/moverdb.com\/fr\/wp-json\/wp\/v2\/pages\/14040\/revisions"}],"predecessor-version":[{"id":15730,"href":"https:\/\/moverdb.com\/fr\/wp-json\/wp\/v2\/pages\/14040\/revisions\/15730"}],"up":[{"embeddable":true,"href":"https:\/\/moverdb.com\/fr\/wp-json\/wp\/v2\/pages\/13427"}],"wp:attachment":[{"href":"https:\/\/moverdb.com\/fr\/wp-json\/wp\/v2\/media?parent=14040"}],"curies":[{"name":"wp","href":"https:\/\/api.w.org\/{rel}","templated":true}]}}