{"id":14034,"date":"2023-11-08T15:53:54","date_gmt":"2023-11-08T15:53:54","guid":{"rendered":"https:\/\/moverdb.com\/freight-forwarder\/freight-forwarding-uk\/newcastle-upon-tyne-freight-forwarder\/"},"modified":"2026-01-08T14:58:11","modified_gmt":"2026-01-08T14:58:11","slug":"newcastle-upon-tyne-freight-forwarder","status":"publish","type":"page","link":"https:\/\/moverdb.com\/fr\/freight-forwarder\/freight-forwarding-uk\/newcastle-upon-tyne-freight-forwarder\/","title":{"rendered":"2 Meilleures entreprises de transport de marchandises de Newcastle upon Tyne (2024)"},"content":{"rendered":"<p>Ci-dessous, nous examinons les 2 <em>\"meilleur\"<\/em> Entreprises de transport de marchandises \u00e0 Newcastle upon Tyne sur 9.<\/p>\n<p>Pour en savoir plus sur la mani\u00e8re dont nous avons choisi les meilleurs, veuillez consulter notre section FAQ \u00e0 la fin.<\/p>\n<p><em>Veuillez noter que les listes suivantes ne sont pas class\u00e9es dans un ordre particulier et que nous ne recommandons aucune entreprise en particulier.<\/em><\/p>\n<h2>Services de vols internationaux<\/h2>\n<p><img decoding=\"async\" src=\"\" alt=\"Services de vols internationaux\" class=\"aligncenter\"><\/p>\n<p><strong>Description de l'entreprise : <\/strong>Aucune n'est fournie<\/p>\n<p><strong>Services suppl\u00e9mentaires :<\/strong><\/p>\n<p>Aucune liste<\/p>\n<p><strong>Adresse :<\/strong> A\u00e9roport international de Newcastle, Airport Freightway Freight Village, Woolsington, Newcastle upon Tyne NE13 8BH<\/p>\n<p><a href=\"https:\/\/www.wfs.aero\/\" target=\"_new\" rel=\"noopener\">Site Internet de Worldwide Flight Services<\/a><\/p>\n<p><strong>Note d'examen : <\/strong>4.3<br \/> <strong>Nombre d'\u00e9valuations :<\/strong> 10<br \/><a href=\"https:\/\/www.google.co.uk\/maps?cid=15607528302162113827&#038;hl=en&#038;gl=GB\" target=\"_new\" rel=\"noopener\">Lire les commentaires<\/a><\/p>\n<h2>Services d'exportation des stades<\/h2>\n<p><img decoding=\"async\" src=\"https:\/\/moverdb.com\/wp-content\/uploads\/AF1QipNbJpafx0rQLiLxsp-PicBp0f6XDpvl3c9HG6kw408-h271-k-no.jpg\" alt='Services d&#039;exportation des stades' class=\"aligncenter\"><\/p>\n<p><strong>Description de l'entreprise : <\/strong>Stadium Export Services propose un service d'exportation complet allant de l'emballage sur mesure pour l'exportation \u00e0 diverses solutions d'exp\u00e9dition.<\/p>\n<p> Nous combinons une expertise de longue date en mati\u00e8re de fret avec une s\u00e9rie de services de fret adapt\u00e9s \u00e0 vos besoins d'exp\u00e9dition.<\/p>\n<p> Notre \u00e9quipe sympathique vous assistera \u00e0 chaque \u00e9tape du processus en vous d\u00e9barrassant du fardeau de l'exp\u00e9dition de fret.<\/p>\n<p> Nous disposons d'une \u00e9quipe exp\u00e9riment\u00e9e en mati\u00e8re de conception, d'emballage et d'exp\u00e9dition, pr\u00eate \u00e0 vous fournir une solution s\u00fbre, robuste et rentable, garantissant que vos articles arrivent \u00e0 destination en parfait \u00e9tat \u00e0 chaque fois.<\/p>\n<p>Besoin de stocker des marchandises lourdes ? Stadium Export Services propose des espaces de stockage s\u00fbrs et s\u00e9curis\u00e9s dans le Nord-Est.<\/p>\n<p><strong>Services suppl\u00e9mentaires :<\/strong><\/p>\n<p>Courtier en douane<\/p>\n<p>Entreprise d'emballage<\/p>\n<p>Entrepreneurs et services d'emballage<\/p>\n<p>Service d'exp\u00e9dition<\/p>\n<p>Installation de stockage<\/p>\n<p>Entrep\u00f4t<\/p>\n<p><strong>Adresse :<\/strong> Longrigg, Swalwell, Newcastle upon Tyne NE16 3AS<\/p>\n<p><a href=\"http:\/\/www.stadiumexport.co.uk\/\" target=\"_new\" rel=\"noopener\">Site web des services d'exportation du stade<\/a><\/p>\n<p><strong>Note d'examen : <\/strong>5<br \/> <strong>Nombre d'\u00e9valuations :<\/strong> 10<br \/><a href=\"https:\/\/www.google.co.uk\/maps?cid=11505822617303750695&#038;hl=en&#038;gl=GB\" target=\"_new\" rel=\"noopener\">Lire les commentaires<\/a><\/p>\n<h2>Comment nous avons s\u00e9lectionn\u00e9 les meilleurs transitaires de Newcastle upon Tyne<\/h2>\n<p>Nous avons commenc\u00e9 par un ensemble de donn\u00e9es de 9 entreprises de transport de fret de Newcastle upon Tyne que nous avons trouv\u00e9es sur Google Maps, puis nous avons r\u00e9duit le nombre de ces entreprises aux 2 meilleures.<\/p>\n<p>Pour ce faire, nous avons supprim\u00e9 toutes les entreprises qui<\/p>\n<ul>\n<li> N'avait pas de site web<\/li>\n<li> N'a fait l'objet d'aucune critique<\/li>\n<li> A obtenu une note moyenne inf\u00e9rieure \u00e0 2,0<\/li>\n<\/ul>\n<p>\u00c0 ce stade, si nous avions 17 transitaires ou moins, nous les avons tous r\u00e9pertori\u00e9s.<\/p>\n<p>Pour les villes o\u00f9 il restait plus de 17 transitaires, nous avons proc\u00e9d\u00e9 \u00e0 d'autres r\u00e9visions en augmentant la note requise (par exemple, en passant d'un minimum de 2,0 \u00e0 4,0) et\/ou en augmentant le nombre minimum d'\u00e9valuations requises (par exemple, en passant d'au moins 1 \u00e9valuation \u00e0 au moins 10).<\/p>\n<p>Il est \u00e0 noter que nous n'avons utilis\u00e9 que les donn\u00e9es d'\u00e9valuation de Google Maps et pas celles d'autres sites web tiers.<\/p>\n<p>Plus de villes :<\/p>\n<p><a href=\"https:\/\/moverdb.com\/fr\/transporteur-de-marchandises\/freight-forwarding-uk\/great-yarmouth-freight-forwarder\/\">Transitaire de Great Yarmouth<\/a><br \/><a href=\"https:\/\/moverdb.com\/fr\/transporteur-de-marchandises\/freight-forwarding-uk\/newport-freight-forwarder\/\">Transitaire Newport<\/a><br \/><a href=\"https:\/\/moverdb.com\/fr\/transporteur-de-marchandises\/freight-forwarding-uk\/wembley-freight-forwarder\/\">Transitaire Wembley<\/a><br \/><a href=\"https:\/\/moverdb.com\/fr\/transporteur-de-marchandises\/freight-forwarding-uk\/hockley-freight-forwarder\/\">Transitaire Hockley<\/a><br \/><a href=\"https:\/\/moverdb.com\/fr\/transporteur-de-marchandises\/freight-forwarding-uk\/fareham-freight-forwarder\/\">Transitaire Fareham<\/a><\/p>","protected":false},"excerpt":{"rendered":"<p>Below we look at the 2 &#8220;best&#8221; Freight Forwarding companies in Newcastle upon Tyne out of 9. To learn more about how we chose the best please consult our FAQ section at the end. Please not the following listings are in no particular order and we are not making any recommendations for any particular company. [&hellip;]<\/p>\n","protected":false},"author":1,"featured_media":0,"parent":13427,"menu_order":0,"comment_status":"open","ping_status":"open","template":"","meta":{"_genesis_hide_title":false,"_genesis_hide_breadcrumbs":false,"_genesis_hide_singular_image":false,"_genesis_hide_footer_widgets":false,"_genesis_custom_body_class":"","_genesis_custom_post_class":"","_genesis_layout":"","footnotes":""},"class_list":{"0":"post-14034","1":"page","2":"type-page","3":"status-publish","5":"entry"},"_links":{"self":[{"href":"https:\/\/moverdb.com\/fr\/wp-json\/wp\/v2\/pages\/14034","targetHints":{"allow":["GET"]}}],"collection":[{"href":"https:\/\/moverdb.com\/fr\/wp-json\/wp\/v2\/pages"}],"about":[{"href":"https:\/\/moverdb.com\/fr\/wp-json\/wp\/v2\/types\/page"}],"author":[{"embeddable":true,"href":"https:\/\/moverdb.com\/fr\/wp-json\/wp\/v2\/users\/1"}],"replies":[{"embeddable":true,"href":"https:\/\/moverdb.com\/fr\/wp-json\/wp\/v2\/comments?post=14034"}],"version-history":[{"count":1,"href":"https:\/\/moverdb.com\/fr\/wp-json\/wp\/v2\/pages\/14034\/revisions"}],"predecessor-version":[{"id":15729,"href":"https:\/\/moverdb.com\/fr\/wp-json\/wp\/v2\/pages\/14034\/revisions\/15729"}],"up":[{"embeddable":true,"href":"https:\/\/moverdb.com\/fr\/wp-json\/wp\/v2\/pages\/13427"}],"wp:attachment":[{"href":"https:\/\/moverdb.com\/fr\/wp-json\/wp\/v2\/media?parent=14034"}],"curies":[{"name":"wp","href":"https:\/\/api.w.org\/{rel}","templated":true}]}}