{"id":13997,"date":"2023-11-08T15:53:54","date_gmt":"2023-11-08T15:53:54","guid":{"rendered":"https:\/\/moverdb.com\/freight-forwarder\/freight-forwarding-uk\/bellshill-freight-forwarder\/"},"modified":"2026-01-08T14:58:46","modified_gmt":"2026-01-08T14:58:46","slug":"bellshill-freight-forwarder","status":"publish","type":"page","link":"https:\/\/moverdb.com\/fr\/freight-forwarder\/freight-forwarding-uk\/bellshill-freight-forwarder\/","title":{"rendered":"3 meilleurs transitaires de Bellshill (2024)"},"content":{"rendered":"<p>Ci-dessous, nous examinons les 3 <em>\"meilleur\"<\/em> Les entreprises de transport de marchandises \u00e0 Bellshill sur 5.<\/p>\n<p>Pour en savoir plus sur la mani\u00e8re dont nous avons choisi les meilleurs, veuillez consulter notre section FAQ \u00e0 la fin.<\/p>\n<p><em>Veuillez noter que les listes suivantes ne sont pas class\u00e9es dans un ordre particulier et que nous ne recommandons aucune entreprise en particulier.<\/em><\/p>\n<div id=\"ez-toc-container\" class=\"ez-toc-v2_0_82_2 ez-toc-wrap-left counter-hierarchy ez-toc-counter ez-toc-transparent ez-toc-container-direction\">\n<div class=\"ez-toc-title-container\">\n<p class=\"ez-toc-title\" style=\"cursor:inherit\">Sections<\/p>\n<span class=\"ez-toc-title-toggle\"><a href=\"#\" class=\"ez-toc-pull-right ez-toc-btn ez-toc-btn-xs ez-toc-btn-default ez-toc-toggle\" aria-label=\"Toggle Table des mati\u00e8res\"><span class=\"ez-toc-js-icon-con\"><span class=\"\"><span class=\"eztoc-hide\" style=\"display:none;\">Toggle<\/span><span class=\"ez-toc-icon-toggle-span\"><svg style=\"fill: #999;color:#999\" xmlns=\"http:\/\/www.w3.org\/2000\/svg\" class=\"list-377408\" width=\"20px\" height=\"20px\" viewbox=\"0 0 24 24\" fill=\"none\"><path d=\"M6 6H4v2h2V6zm14 0H8v2h12V6zM4 11h2v2H4v-2zm16 0H8v2h12v-2zM4 16h2v2H4v-2zm16 0H8v2h12v-2z\" fill=\"currentColor\"><\/path><\/svg><svg style=\"fill: #999;color:#999\" class=\"arrow-unsorted-368013\" xmlns=\"http:\/\/www.w3.org\/2000\/svg\" width=\"10px\" height=\"10px\" viewbox=\"0 0 24 24\" version=\"1.2\" baseprofile=\"tiny\"><path d=\"M18.2 9.3l-6.2-6.3-6.2 6.3c-.2.2-.3.4-.3.7s.1.5.3.7c.2.2.4.3.7.3h11c.3 0 .5-.1.7-.3.2-.2.3-.5.3-.7s-.1-.5-.3-.7zM5.8 14.7l6.2 6.3 6.2-6.3c.2-.2.3-.5.3-.7s-.1-.5-.3-.7c-.2-.2-.4-.3-.7-.3h-11c-.3 0-.5.1-.7.3-.2.2-.3.5-.3.7s.1.5.3.7z\"\/><\/svg><\/span><\/span><\/span><\/a><\/span><\/div>\n<nav><ul class='ez-toc-list ez-toc-list-level-1 eztoc-toggle-hide-by-default' ><li class='ez-toc-page-1 ez-toc-heading-level-2'><a class=\"ez-toc-link ez-toc-heading-1\" href=\"https:\/\/moverdb.com\/fr\/freight-forwarder\/freight-forwarding-uk\/bellshill-freight-forwarder\/#DHL_Freight\" >DHL Freight<\/a><\/li><li class='ez-toc-page-1 ez-toc-heading-level-2'><a class=\"ez-toc-link ez-toc-heading-2\" href=\"https:\/\/moverdb.com\/fr\/freight-forwarder\/freight-forwarding-uk\/bellshill-freight-forwarder\/#ZLG_International_Transport_UK_Ltd\" >ZLG International Transport (UK) Ltd<\/a><\/li><li class='ez-toc-page-1 ez-toc-heading-level-2'><a class=\"ez-toc-link ez-toc-heading-3\" href=\"https:\/\/moverdb.com\/fr\/freight-forwarder\/freight-forwarding-uk\/bellshill-freight-forwarder\/#DSV_Air_Sea_Ltd\" >DSV Air &amp; Sea Ltd<\/a><\/li><li class='ez-toc-page-1 ez-toc-heading-level-2'><a class=\"ez-toc-link ez-toc-heading-4\" href=\"https:\/\/moverdb.com\/fr\/freight-forwarder\/freight-forwarding-uk\/bellshill-freight-forwarder\/#How_we_picked_the_best_Bellshill_Freight_Forwarding_Companies\" >Comment nous avons s\u00e9lectionn\u00e9 les meilleurs transitaires de Bellshill<\/a><\/li><\/ul><\/nav><\/div>\n<h2><span class=\"ez-toc-section\" id=\"DHL_Freight\"><\/span>DHL Freight<span class=\"ez-toc-section-end\"><\/span><\/h2>\n<p><img decoding=\"async\" src=\"https:\/\/moverdb.com\/wp-content\/uploads\/thumbnailpanoidVFN0_4ywosOcyumQczB-wAcb_clientsearch.gws-prod.gpsw408h240yaw94.jpg\" alt='DHL Freight' class=\"aligncenter\"><\/p>\n<p><strong>Description de l'entreprise : <\/strong>Aucune n'est fournie<\/p>\n<p><strong>Services suppl\u00e9mentaires :<\/strong><\/p>\n<p>Aucune liste<\/p>\n<p><strong>Adresse :<\/strong> 10 Mossbell Rd, Bellshill Industrial Estate, Bellshill ML4 3NW<\/p>\n<p><a href=\"http:\/\/www.dhl.co.uk\/freight\" target=\"_new\" rel=\"noopener\">Site web de DHL Freight<\/a><\/p>\n<p><strong>Note d'examen : <\/strong>3.7<br \/> <strong>Nombre d'\u00e9valuations :<\/strong> 37<br \/><a href=\"https:\/\/www.google.co.uk\/maps?cid=9505184530118141272&#038;hl=en&#038;gl=GB\" target=\"_new\" rel=\"noopener\">Lire les commentaires<\/a><\/p>\n<h2><span class=\"ez-toc-section\" id=\"ZLG_International_Transport_UK_Ltd\"><\/span>ZLG International Transport (UK) Ltd<span class=\"ez-toc-section-end\"><\/span><\/h2>\n<p><img decoding=\"async\" src=\"https:\/\/moverdb.com\/wp-content\/uploads\/thumbnailpanoidQGbOYGvpn2k1ucnJn_hlPAcb_clientsearch.gws-prod.gpsw408h240yaw137.jpg\" alt='ZLG International Transport (UK) Ltd' class=\"aligncenter\"><\/p>\n<p><strong>Description de l'entreprise : <\/strong>Aucune n'est fournie<\/p>\n<p><strong>Services suppl\u00e9mentaires :<\/strong><\/p>\n<p>Aucune liste<\/p>\n<p><strong>Adresse :<\/strong> Righead Court, Goil Ave, Righead Industrial Estate, Bellshill ML4 3LQ<\/p>\n<p><a href=\"http:\/\/www.zlginternational.co.uk\/\" target=\"_new\" rel=\"noopener\">Site web de ZLG International Transport (UK) Ltd<\/a><\/p>\n<p><strong>Note d'examen : <\/strong>5<br \/> <strong>Nombre d'\u00e9valuations :<\/strong> 2<br \/><a href=\"https:\/\/www.google.co.uk\/maps?cid=761639417182792905&#038;hl=en&#038;gl=GB\" target=\"_new\" rel=\"noopener\">Lire les commentaires<\/a><\/p>\n<h2><span class=\"ez-toc-section\" id=\"DSV_Air_Sea_Ltd\"><\/span>DSV Air &amp; Sea Ltd<span class=\"ez-toc-section-end\"><\/span><\/h2>\n<p><img decoding=\"async\" src=\"https:\/\/moverdb.com\/wp-content\/uploads\/thumbnailpanoidQ_3CHnTt2v8E1AZGloo0Pgcb_clientsearch.gws-prod.gpsw408h240yaw143.jpg\" alt='DSV Air &amp; Sea Ltd' class=\"aligncenter\"><\/p>\n<p><strong>Description de l'entreprise : <\/strong>Aucune n'est fournie<\/p>\n<p><strong>Services suppl\u00e9mentaires :<\/strong><\/p>\n<p>Aucune liste<\/p>\n<p><strong>Adresse :<\/strong> <a href=\"https:\/\/moverdb.com\/fr\/moving-to-phoenix\/\" data-internallinksmanager029f6b8e52c=\"62\" title=\"Vous d\u00e9m\u00e9nagez \u00e0 Phoenix ? 2026 Co\u00fbt de la vie et conseils de relocalisation\">Phoenix<\/a> House, Bellshill ML4 3NJ<\/p>\n<p><a href=\"http:\/\/www.dsv.com\/\" target=\"_new\" rel=\"noopener\">Site web de DSV Air &amp; Sea Ltd<\/a><\/p>\n<p><strong>Note d'examen : <\/strong>4<br \/> <strong>Nombre d'\u00e9valuations :<\/strong> 1<br \/><a href=\"https:\/\/www.google.co.uk\/maps?cid=7557943582203965554&#038;hl=en&#038;gl=GB\" target=\"_new\" rel=\"noopener\">Lire les commentaires<\/a><\/p>\n<h2><span class=\"ez-toc-section\" id=\"How_we_picked_the_best_Bellshill_Freight_Forwarding_Companies\"><\/span>Comment nous avons s\u00e9lectionn\u00e9 les meilleurs transitaires de Bellshill<span class=\"ez-toc-section-end\"><\/span><\/h2>\n<p>Nous avons commenc\u00e9 par un ensemble de donn\u00e9es de 5 entreprises de transport de Bellshill que nous avons trouv\u00e9es sur Google Maps et nous les avons r\u00e9duites aux 3 meilleures.<\/p>\n<p>Pour ce faire, nous avons supprim\u00e9 toutes les entreprises qui<\/p>\n<ul>\n<li> N'avait pas de site web<\/li>\n<li> N'a fait l'objet d'aucune critique<\/li>\n<li> A obtenu une note moyenne inf\u00e9rieure \u00e0 2,0<\/li>\n<\/ul>\n<p>\u00c0 ce stade, si nous avions 17 transitaires ou moins, nous les avons tous r\u00e9pertori\u00e9s.<\/p>\n<p>Pour les villes o\u00f9 il restait plus de 17 transitaires, nous avons proc\u00e9d\u00e9 \u00e0 d'autres r\u00e9visions en augmentant la note requise (par exemple, en passant d'un minimum de 2,0 \u00e0 4,0) et\/ou en augmentant le nombre minimum d'\u00e9valuations requises (par exemple, en passant d'au moins 1 \u00e9valuation \u00e0 au moins 10).<\/p>\n<p>Il est \u00e0 noter que nous n'avons utilis\u00e9 que les donn\u00e9es d'\u00e9valuation de Google Maps et pas celles d'autres sites web tiers.<\/p>\n<p>Plus de villes :<\/p>\n<p><a href=\"https:\/\/moverdb.com\/fr\/transporteur-de-marchandises\/freight-forwarding-uk\/middlesbrough-freight-forwarder\/\">Transitaire Middlesbrough<\/a><br \/><a href=\"https:\/\/moverdb.com\/fr\/transporteur-de-marchandises\/freight-forwarding-uk\/hessle-freight-forwarder\/\">Transitaire Hessle<\/a><br \/><a href=\"https:\/\/moverdb.com\/fr\/transporteur-de-marchandises\/freight-forwarding-uk\/newtownabbey-freight-forwarder\/\">Transitaire de Newtownabbey<\/a><br \/><a href=\"https:\/\/moverdb.com\/fr\/transporteur-de-marchandises\/freight-forwarding-uk\/preston-freight-forwarder\/\">Transitaire Preston<\/a><br \/><a href=\"https:\/\/moverdb.com\/fr\/transporteur-de-marchandises\/freight-forwarding-uk\/skelmersdale-freight-forwarder\/\">Transitaire Skelmersdale<\/a><\/p>","protected":false},"excerpt":{"rendered":"<p>Below we look at the 3 &#8220;best&#8221; Freight Forwarding companies in Bellshill out of 5. To learn more about how we chose the best please consult our FAQ section at the end. Please not the following listings are in no particular order and we are not making any recommendations for any particular company. DHL Freight [&hellip;]<\/p>\n","protected":false},"author":1,"featured_media":0,"parent":13427,"menu_order":0,"comment_status":"open","ping_status":"open","template":"","meta":{"_genesis_hide_title":false,"_genesis_hide_breadcrumbs":false,"_genesis_hide_singular_image":false,"_genesis_hide_footer_widgets":false,"_genesis_custom_body_class":"","_genesis_custom_post_class":"","_genesis_layout":"","footnotes":""},"class_list":{"0":"post-13997","1":"page","2":"type-page","3":"status-publish","5":"entry"},"_links":{"self":[{"href":"https:\/\/moverdb.com\/fr\/wp-json\/wp\/v2\/pages\/13997","targetHints":{"allow":["GET"]}}],"collection":[{"href":"https:\/\/moverdb.com\/fr\/wp-json\/wp\/v2\/pages"}],"about":[{"href":"https:\/\/moverdb.com\/fr\/wp-json\/wp\/v2\/types\/page"}],"author":[{"embeddable":true,"href":"https:\/\/moverdb.com\/fr\/wp-json\/wp\/v2\/users\/1"}],"replies":[{"embeddable":true,"href":"https:\/\/moverdb.com\/fr\/wp-json\/wp\/v2\/comments?post=13997"}],"version-history":[{"count":1,"href":"https:\/\/moverdb.com\/fr\/wp-json\/wp\/v2\/pages\/13997\/revisions"}],"predecessor-version":[{"id":15759,"href":"https:\/\/moverdb.com\/fr\/wp-json\/wp\/v2\/pages\/13997\/revisions\/15759"}],"up":[{"embeddable":true,"href":"https:\/\/moverdb.com\/fr\/wp-json\/wp\/v2\/pages\/13427"}],"wp:attachment":[{"href":"https:\/\/moverdb.com\/fr\/wp-json\/wp\/v2\/media?parent=13997"}],"curies":[{"name":"wp","href":"https:\/\/api.w.org\/{rel}","templated":true}]}}