{"id":13989,"date":"2023-11-08T15:53:54","date_gmt":"2023-11-08T15:53:54","guid":{"rendered":"https:\/\/moverdb.com\/freight-forwarder\/freight-forwarding-uk\/renfrew-freight-forwarder\/"},"modified":"2026-01-08T13:17:44","modified_gmt":"2026-01-08T13:17:44","slug":"renfrew-freight-forwarder","status":"publish","type":"page","link":"https:\/\/moverdb.com\/fr\/freight-forwarder\/freight-forwarding-uk\/renfrew-freight-forwarder\/","title":{"rendered":"3 Meilleures entreprises de transport de fret de Renfrew (2024)"},"content":{"rendered":"<p>Ci-dessous, nous examinons les 3 <em>\"meilleur\"<\/em> Entreprises de transport de marchandises \u00e0 Renfrew sur 3.<\/p>\n<p>Pour en savoir plus sur la mani\u00e8re dont nous avons choisi les meilleurs, veuillez consulter notre section FAQ \u00e0 la fin.<\/p>\n<p><em>Veuillez noter que les listes suivantes ne sont pas class\u00e9es dans un ordre particulier et que nous ne recommandons aucune entreprise en particulier.<\/em><\/p>\n<div id=\"ez-toc-container\" class=\"ez-toc-v2_0_82_2 ez-toc-wrap-left counter-hierarchy ez-toc-counter ez-toc-transparent ez-toc-container-direction\">\n<div class=\"ez-toc-title-container\">\n<p class=\"ez-toc-title\" style=\"cursor:inherit\">Sections<\/p>\n<span class=\"ez-toc-title-toggle\"><a href=\"#\" class=\"ez-toc-pull-right ez-toc-btn ez-toc-btn-xs ez-toc-btn-default ez-toc-toggle\" aria-label=\"Toggle Table des mati\u00e8res\"><span class=\"ez-toc-js-icon-con\"><span class=\"\"><span class=\"eztoc-hide\" style=\"display:none;\">Toggle<\/span><span class=\"ez-toc-icon-toggle-span\"><svg style=\"fill: #999;color:#999\" xmlns=\"http:\/\/www.w3.org\/2000\/svg\" class=\"list-377408\" width=\"20px\" height=\"20px\" viewbox=\"0 0 24 24\" fill=\"none\"><path d=\"M6 6H4v2h2V6zm14 0H8v2h12V6zM4 11h2v2H4v-2zm16 0H8v2h12v-2zM4 16h2v2H4v-2zm16 0H8v2h12v-2z\" fill=\"currentColor\"><\/path><\/svg><svg style=\"fill: #999;color:#999\" class=\"arrow-unsorted-368013\" xmlns=\"http:\/\/www.w3.org\/2000\/svg\" width=\"10px\" height=\"10px\" viewbox=\"0 0 24 24\" version=\"1.2\" baseprofile=\"tiny\"><path d=\"M18.2 9.3l-6.2-6.3-6.2 6.3c-.2.2-.3.4-.3.7s.1.5.3.7c.2.2.4.3.7.3h11c.3 0 .5-.1.7-.3.2-.2.3-.5.3-.7s-.1-.5-.3-.7zM5.8 14.7l6.2 6.3 6.2-6.3c.2-.2.3-.5.3-.7s-.1-.5-.3-.7c-.2-.2-.4-.3-.7-.3h-11c-.3 0-.5.1-.7.3-.2.2-.3.5-.3.7s.1.5.3.7z\"\/><\/svg><\/span><\/span><\/span><\/a><\/span><\/div>\n<nav><ul class='ez-toc-list ez-toc-list-level-1 eztoc-toggle-hide-by-default' ><li class='ez-toc-page-1 ez-toc-heading-level-2'><a class=\"ez-toc-link ez-toc-heading-1\" href=\"https:\/\/moverdb.com\/fr\/freight-forwarder\/freight-forwarding-uk\/renfrew-freight-forwarder\/#Air_Sea_Scotland_Ltd\" >Air Sea Scotland Ltd<\/a><\/li><li class='ez-toc-page-1 ez-toc-heading-level-2'><a class=\"ez-toc-link ez-toc-heading-2\" href=\"https:\/\/moverdb.com\/fr\/freight-forwarder\/freight-forwarding-uk\/renfrew-freight-forwarder\/#KWE_Kintetsu_World_Express_UK_LtdGlasgow\" >KWE, Kintetsu World Express (U.K.) Ltd, Glasgow<\/a><\/li><li class='ez-toc-page-1 ez-toc-heading-level-2'><a class=\"ez-toc-link ez-toc-heading-3\" href=\"https:\/\/moverdb.com\/fr\/freight-forwarder\/freight-forwarding-uk\/renfrew-freight-forwarder\/#Allways_Freight_Solutions\" >Allways Freight Solutions<\/a><\/li><li class='ez-toc-page-1 ez-toc-heading-level-2'><a class=\"ez-toc-link ez-toc-heading-4\" href=\"https:\/\/moverdb.com\/fr\/freight-forwarder\/freight-forwarding-uk\/renfrew-freight-forwarder\/#How_we_picked_the_best_Renfrew_Freight_Forwarding_Companies\" >Comment nous avons s\u00e9lectionn\u00e9 les meilleurs transitaires de Renfrew<\/a><\/li><\/ul><\/nav><\/div>\n<h2><span class=\"ez-toc-section\" id=\"Air_Sea_Scotland_Ltd\"><\/span>Air Sea Scotland Ltd<span class=\"ez-toc-section-end\"><\/span><\/h2>\n<p><img decoding=\"async\" src=\"https:\/\/moverdb.com\/wp-content\/uploads\/thumbnailpanoidUrnhMeok-Y9X2k1-Fm6cqgcb_clientsearch.gws-prod.gpsw408h240yaw209.jpg\" alt='Air Sea Scotland Ltd' class=\"aligncenter\"><\/p>\n<p><strong>Description de l'entreprise : <\/strong>Aucune n'est fournie<\/p>\n<p><strong>Services suppl\u00e9mentaires :<\/strong><\/p>\n<p>Aucune liste<\/p>\n<p><strong>Adresse :<\/strong> Eagle House, 20 Barnwell St, Paisley, Renfrew PA3 2EE<\/p>\n<p><a href=\"http:\/\/www.airseascotland.co.uk\/\" target=\"_new\" rel=\"noopener\">Site web d'Air Sea Scotland Ltd<\/a><\/p>\n<p><strong>Note d'examen : <\/strong>4.6<br \/> <strong>Nombre d'\u00e9valuations :<\/strong> 9<br \/><a href=\"https:\/\/www.google.co.uk\/maps?cid=2366763308029905962&#038;hl=en&#038;gl=GB\" target=\"_new\" rel=\"noopener\">Lire les commentaires<\/a><\/p>\n<h2><span class=\"ez-toc-section\" id=\"KWE_Kintetsu_World_Express_UK_LtdGlasgow\"><\/span>KWE, Kintetsu World Express (U.K.) Ltd, Glasgow<span class=\"ez-toc-section-end\"><\/span><\/h2>\n<p><img decoding=\"async\" src=\"https:\/\/moverdb.com\/wp-content\/uploads\/AF1QipNW31jFsRyD9iswhvje_1vTBOxA2uIBOx-Lhw7hw408-h306-k-no.jpg\" alt='KWE, Kintetsu World Express (U.K.) Ltd, Glasgow' class=\"aligncenter\"><\/p>\n<p><strong>Description de l'entreprise : <\/strong>Si\u00e8ge social \u00e0 Tokyo , <a href=\"https:\/\/moverdb.com\/fr\/moving-to-japan\/\" data-internallinksmanager029f6b8e52c=\"342\" title=\"D\u00e9m\u00e9nager au Japon ? 2026 Co\u00fbts de la vie et conseils de relocalisation\">Japon<\/a>KWE, Kintetsu World Express, a vu le jour en 1948 et est devenu l'un des 15 premiers acteurs mondiaux du secteur de la logistique.<\/p>\n<p>Partenaire logistique mondial int\u00e9gr\u00e9, offrant des services prim\u00e9s de gestion de la cha\u00eene d'approvisionnement, de gestion des fournisseurs, d'exp\u00e9dition maritime et a\u00e9rienne, d'entreposage 3pl, de transport et de d\u00e9douanement.<\/p>\n<p>KWE en compte plus de 18.<\/p>\n<p>000 employ\u00e9s, et op\u00e8re dans 46 pays avec plus de 850 sites.<\/p>\n<p>KWE est un sp\u00e9cialiste de la logistique dans les secteurs de l'automobile, des produits pharmaceutiques et des soins de sant\u00e9, de l'a\u00e9rospatiale, de l'\u00e9lectronique et de la vente au d\u00e9tail.<\/p>\n<p>En mai 2015, KWE a acquis APL Logistics, ce qui a permis de renforcer le portefeuille de services logistiques.<\/p>\n<p><strong>Services suppl\u00e9mentaires :<\/strong><\/p>\n<p>Service logistique<\/p>\n<p>Entrep\u00f4t<\/p>\n<p><strong>Adresse :<\/strong> Porterfield Rd, Renfrew PA4 8DJ<\/p>\n<p><a href=\"http:\/\/www.kwe.com\/\" target=\"_new\" rel=\"noopener\">KWE, Kintetsu World Express (U.K.) Ltd, site web de Glasgow<\/a><\/p>\n<p><strong>Note d'examen : <\/strong>4.3<br \/> <strong>Nombre d'\u00e9valuations :<\/strong> 25<br \/><a href=\"https:\/\/www.google.co.uk\/maps?cid=7930332561988000379&#038;hl=en&#038;gl=GB\" target=\"_new\" rel=\"noopener\">Lire les commentaires<\/a><\/p>\n<h2><span class=\"ez-toc-section\" id=\"Allways_Freight_Solutions\"><\/span>Allways Freight Solutions<span class=\"ez-toc-section-end\"><\/span><\/h2>\n<p><img decoding=\"async\" src=\"https:\/\/moverdb.com\/wp-content\/uploads\/thumbnailpanoidLem1dJygJocNiwqbxJirQQcb_clientsearch.gws-prod.gpsw408h240yaw280.jpg\" alt='Allways Freight Solutions' class=\"aligncenter\"><\/p>\n<p><strong>Description de l'entreprise : <\/strong>Aucune n'est fournie<\/p>\n<p><strong>Services suppl\u00e9mentaires :<\/strong><\/p>\n<p>Service de messagerie<\/p>\n<p>Soci\u00e9t\u00e9 de livraison<\/p>\n<p><strong>Adresse :<\/strong> Argyll Ave, Renfrew PA4 9EB<\/p>\n<p><a href=\"https:\/\/allwaysfreight.co.uk\/\" target=\"_new\" rel=\"noopener\">Site web d'Allways Freight Solutions<\/a><\/p>\n<p><strong>Note d'examen : <\/strong>4.3<br \/> <strong>Nombre d'\u00e9valuations :<\/strong> 7<br \/><a href=\"https:\/\/www.google.co.uk\/maps?cid=4625963927368453667&#038;hl=en&#038;gl=GB\" target=\"_new\" rel=\"noopener\">Lire les commentaires<\/a><\/p>\n<h2><span class=\"ez-toc-section\" id=\"How_we_picked_the_best_Renfrew_Freight_Forwarding_Companies\"><\/span>Comment nous avons s\u00e9lectionn\u00e9 les meilleurs transitaires de Renfrew<span class=\"ez-toc-section-end\"><\/span><\/h2>\n<p>Nous avons commenc\u00e9 avec un ensemble de donn\u00e9es de 3 entreprises de transport de Renfrew que nous avons trouv\u00e9es sur Google Maps et nous les avons r\u00e9duites aux 3 meilleures.<\/p>\n<p>Pour ce faire, nous avons supprim\u00e9 toutes les entreprises qui<\/p>\n<ul>\n<li> N'avait pas de site web<\/li>\n<li> N'a fait l'objet d'aucune critique<\/li>\n<li> A obtenu une note moyenne inf\u00e9rieure \u00e0 2,0<\/li>\n<\/ul>\n<p>\u00c0 ce stade, si nous avions 17 transitaires ou moins, nous les avons tous r\u00e9pertori\u00e9s.<\/p>\n<p>Pour les villes o\u00f9 il restait plus de 17 transitaires, nous avons proc\u00e9d\u00e9 \u00e0 d'autres r\u00e9visions en augmentant la note requise (par exemple, en passant d'un minimum de 2,0 \u00e0 4,0) et\/ou en augmentant le nombre minimum d'\u00e9valuations requises (par exemple, en passant d'au moins 1 \u00e9valuation \u00e0 au moins 10).<\/p>\n<p>Il est \u00e0 noter que nous n'avons utilis\u00e9 que les donn\u00e9es d'\u00e9valuation de Google Maps et pas celles d'autres sites web tiers.<\/p>\n<p>Plus de villes :<\/p>\n<p><a href=\"https:\/\/moverdb.com\/fr\/transporteur-de-marchandises\/freight-forwarding-uk\/maldon-freight-forwarder\/\">Transitaire Maldon<\/a><br \/><a href=\"https:\/\/moverdb.com\/fr\/transporteur-de-marchandises\/freight-forwarding-uk\/bellshill-freight-forwarder\/\">Transitaire Bellshill<\/a><br \/><a href=\"https:\/\/moverdb.com\/fr\/transporteur-de-marchandises\/freight-forwarding-uk\/middlesbrough-freight-forwarder\/\">Transitaire Middlesbrough<\/a><br \/><a href=\"https:\/\/moverdb.com\/fr\/transporteur-de-marchandises\/freight-forwarding-uk\/hessle-freight-forwarder\/\">Transitaire Hessle<\/a><br \/><a href=\"https:\/\/moverdb.com\/fr\/transporteur-de-marchandises\/freight-forwarding-uk\/newtownabbey-freight-forwarder\/\">Transitaire de Newtownabbey<\/a><\/p>","protected":false},"excerpt":{"rendered":"<p>Below we look at the 3 &#8220;best&#8221; Freight Forwarding companies in Renfrew out of 3. To learn more about how we chose the best please consult our FAQ section at the end. Please not the following listings are in no particular order and we are not making any recommendations for any particular company. Air Sea [&hellip;]<\/p>\n","protected":false},"author":1,"featured_media":0,"parent":13427,"menu_order":0,"comment_status":"open","ping_status":"open","template":"","meta":{"_genesis_hide_title":false,"_genesis_hide_breadcrumbs":false,"_genesis_hide_singular_image":false,"_genesis_hide_footer_widgets":false,"_genesis_custom_body_class":"","_genesis_custom_post_class":"","_genesis_layout":"","footnotes":""},"class_list":{"0":"post-13989","1":"page","2":"type-page","3":"status-publish","5":"entry"},"_links":{"self":[{"href":"https:\/\/moverdb.com\/fr\/wp-json\/wp\/v2\/pages\/13989","targetHints":{"allow":["GET"]}}],"collection":[{"href":"https:\/\/moverdb.com\/fr\/wp-json\/wp\/v2\/pages"}],"about":[{"href":"https:\/\/moverdb.com\/fr\/wp-json\/wp\/v2\/types\/page"}],"author":[{"embeddable":true,"href":"https:\/\/moverdb.com\/fr\/wp-json\/wp\/v2\/users\/1"}],"replies":[{"embeddable":true,"href":"https:\/\/moverdb.com\/fr\/wp-json\/wp\/v2\/comments?post=13989"}],"version-history":[{"count":1,"href":"https:\/\/moverdb.com\/fr\/wp-json\/wp\/v2\/pages\/13989\/revisions"}],"predecessor-version":[{"id":15777,"href":"https:\/\/moverdb.com\/fr\/wp-json\/wp\/v2\/pages\/13989\/revisions\/15777"}],"up":[{"embeddable":true,"href":"https:\/\/moverdb.com\/fr\/wp-json\/wp\/v2\/pages\/13427"}],"wp:attachment":[{"href":"https:\/\/moverdb.com\/fr\/wp-json\/wp\/v2\/media?parent=13989"}],"curies":[{"name":"wp","href":"https:\/\/api.w.org\/{rel}","templated":true}]}}