{"id":13985,"date":"2023-11-08T15:53:54","date_gmt":"2023-11-08T15:53:54","guid":{"rendered":"https:\/\/moverdb.com\/freight-forwarder\/freight-forwarding-uk\/dagenham-freight-forwarder\/"},"modified":"2026-01-08T13:17:28","modified_gmt":"2026-01-08T13:17:28","slug":"dagenham-freight-forwarder","status":"publish","type":"page","link":"https:\/\/moverdb.com\/fr\/freight-forwarder\/freight-forwarding-uk\/dagenham-freight-forwarder\/","title":{"rendered":"3 Meilleures entreprises de transport de marchandises de Dagenham (2024)"},"content":{"rendered":"<p>Ci-dessous, nous examinons les 3 <em>\"meilleur\"<\/em> Entreprises de transport de marchandises \u00e0 Dagenham sur 9.<\/p>\n<p>Pour en savoir plus sur la mani\u00e8re dont nous avons choisi les meilleurs, veuillez consulter notre section FAQ \u00e0 la fin.<\/p>\n<p><em>Veuillez noter que les listes suivantes ne sont pas class\u00e9es dans un ordre particulier et que nous ne recommandons aucune entreprise en particulier.<\/em><\/p>\n<div id=\"ez-toc-container\" class=\"ez-toc-v2_0_82_2 ez-toc-wrap-left counter-hierarchy ez-toc-counter ez-toc-transparent ez-toc-container-direction\">\n<div class=\"ez-toc-title-container\">\n<p class=\"ez-toc-title\" style=\"cursor:inherit\">Sections<\/p>\n<span class=\"ez-toc-title-toggle\"><a href=\"#\" class=\"ez-toc-pull-right ez-toc-btn ez-toc-btn-xs ez-toc-btn-default ez-toc-toggle\" aria-label=\"Toggle Table des mati\u00e8res\"><span class=\"ez-toc-js-icon-con\"><span class=\"\"><span class=\"eztoc-hide\" style=\"display:none;\">Toggle<\/span><span class=\"ez-toc-icon-toggle-span\"><svg style=\"fill: #999;color:#999\" xmlns=\"http:\/\/www.w3.org\/2000\/svg\" class=\"list-377408\" width=\"20px\" height=\"20px\" viewbox=\"0 0 24 24\" fill=\"none\"><path d=\"M6 6H4v2h2V6zm14 0H8v2h12V6zM4 11h2v2H4v-2zm16 0H8v2h12v-2zM4 16h2v2H4v-2zm16 0H8v2h12v-2z\" fill=\"currentColor\"><\/path><\/svg><svg style=\"fill: #999;color:#999\" class=\"arrow-unsorted-368013\" xmlns=\"http:\/\/www.w3.org\/2000\/svg\" width=\"10px\" height=\"10px\" viewbox=\"0 0 24 24\" version=\"1.2\" baseprofile=\"tiny\"><path d=\"M18.2 9.3l-6.2-6.3-6.2 6.3c-.2.2-.3.4-.3.7s.1.5.3.7c.2.2.4.3.7.3h11c.3 0 .5-.1.7-.3.2-.2.3-.5.3-.7s-.1-.5-.3-.7zM5.8 14.7l6.2 6.3 6.2-6.3c.2-.2.3-.5.3-.7s-.1-.5-.3-.7c-.2-.2-.4-.3-.7-.3h-11c-.3 0-.5.1-.7.3-.2.2-.3.5-.3.7s.1.5.3.7z\"\/><\/svg><\/span><\/span><\/span><\/a><\/span><\/div>\n<nav><ul class='ez-toc-list ez-toc-list-level-1 eztoc-toggle-hide-by-default' ><li class='ez-toc-page-1 ez-toc-heading-level-2'><a class=\"ez-toc-link ez-toc-heading-1\" href=\"https:\/\/moverdb.com\/fr\/freight-forwarder\/freight-forwarding-uk\/dagenham-freight-forwarder\/#APA_AIRLINES_MANAGEMENT\" >GESTION DES COMPAGNIES A\u00c9RIENNES APA<\/a><\/li><li class='ez-toc-page-1 ez-toc-heading-level-2'><a class=\"ez-toc-link ez-toc-heading-2\" href=\"https:\/\/moverdb.com\/fr\/freight-forwarder\/freight-forwarding-uk\/dagenham-freight-forwarder\/#H_A_Mandate_Cargo_Services\" >H&amp;A Mandate Cargo Services<\/a><\/li><li class='ez-toc-page-1 ez-toc-heading-level-2'><a class=\"ez-toc-link ez-toc-heading-3\" href=\"https:\/\/moverdb.com\/fr\/freight-forwarder\/freight-forwarding-uk\/dagenham-freight-forwarder\/#Worldwide_Logistics_Group_UK\" >Worldwide Logistics Group UK<\/a><\/li><li class='ez-toc-page-1 ez-toc-heading-level-2'><a class=\"ez-toc-link ez-toc-heading-4\" href=\"https:\/\/moverdb.com\/fr\/freight-forwarder\/freight-forwarding-uk\/dagenham-freight-forwarder\/#How_we_picked_the_best_Dagenham_Freight_Forwarding_Companies\" >Comment nous avons s\u00e9lectionn\u00e9 les meilleurs transitaires de Dagenham<\/a><\/li><\/ul><\/nav><\/div>\n<h2><span class=\"ez-toc-section\" id=\"APA_AIRLINES_MANAGEMENT\"><\/span>GESTION DES COMPAGNIES A\u00c9RIENNES APA<span class=\"ez-toc-section-end\"><\/span><\/h2>\n<p><img decoding=\"async\" src=\"https:\/\/moverdb.com\/wp-content\/uploads\/AF1QipOQX1SN_oPFzNhG06Qj-UB4JGrjdQ3_So8PvueKw408-h306-k-no.jpg\" alt='GESTION DES COMPAGNIES A\u00c9RIENNES APA' class=\"aligncenter\"><\/p>\n<p><strong>Description de l'entreprise : <\/strong>Grossistes en compagnies a\u00e9riennes et transitaires sp\u00e9cialis\u00e9s de <a href=\"https:\/\/moverdb.com\/fr\/moving-to-the-uk\/\" data-internallinksmanager029f6b8e52c=\"93\" title=\"Vous partez au Royaume-Uni ? 2026 Co\u00fbt de la vie et conseils de relocalisation\">ROYAUME-UNI<\/a> \u00e0 Lagos, <a href=\"https:\/\/moverdb.com\/fr\/moving-companies\/moving-companies-nigeria\/\" data-internallinksmanager029f6b8e52c=\"280\" title=\"10 meilleures entreprises de d\u00e9m\u00e9nagements internationaux au Nigeria\">Nigeria<\/a>.<\/p>\n<p>Dans le monde entier <a href=\"https:\/\/moverdb.com\/fr\/freight-forwarder\/\" data-internallinksmanager029f6b8e52c=\"17\" title=\"Guide des co\u00fbts et des entreprises des transitaires et NVOCC internationaux\">Transporteur de fret<\/a>.<\/p>\n<p><strong>Services suppl\u00e9mentaires :<\/strong><\/p>\n<p>Si\u00e8ge social<\/p>\n<p><strong>Adresse :<\/strong> Unit 13A, Heathway Industrial Park, Off <a href=\"\" data-internallinksmanager029f6b8e52c=\"52\" title=\"Manchester\">Manchester<\/a> Way, Wantz Rd, Dagenham RM10 8PN<\/p>\n<p><a href=\"https:\/\/apaairlines.com\/\" target=\"_new\" rel=\"noopener\">Site web d'APA AIRLINES MANAGEMENT<\/a><\/p>\n<p><strong>Note d'examen : <\/strong>4.1<br \/> <strong>Nombre d'\u00e9valuations :<\/strong> 12<br \/><a href=\"https:\/\/www.google.co.uk\/maps?cid=2369266708385342453&#038;hl=en&#038;gl=GB\" target=\"_new\" rel=\"noopener\">Lire les commentaires<\/a><\/p>\n<h2><span class=\"ez-toc-section\" id=\"H_A_Mandate_Cargo_Services\"><\/span>H&amp;A Mandate Cargo Services<span class=\"ez-toc-section-end\"><\/span><\/h2>\n<p><img decoding=\"async\" src=\"https:\/\/moverdb.com\/wp-content\/uploads\/AF1QipPAy1YZT2KrcJQTwK-PeL-UFl1Tn352wevkpv7Pw408-h306-k-no.jpg\" alt='H&amp;A Mandate Cargo Services' class=\"aligncenter\"><\/p>\n<p><strong>Description de l'entreprise : <\/strong>Cargo \u00e0 destination du Nigeria.<\/p>\n<p> Nous sommes une entreprise de transport a\u00e9rien et maritime \u00e0 bas prix. <a href=\"https:\/\/moverdb.com\/fr\/international-money-transfer-services\/\" data-internallinksmanager029f6b8e52c=\"239\" title=\"11 meilleurs services de transfert d&#039;argent international en 2026\">transfert d'argent<\/a> l'entreprise.<\/p>\n<p> Nous op\u00e9rons entre le Royaume-Uni et le Nigeria.<\/p>\n<p> Nos prix sont in\u00e9gal\u00e9s et la livraison est garantie dans un d\u00e9lai de quelques jours.<\/p>\n<p><strong>Services suppl\u00e9mentaires :<\/strong><\/p>\n<p>Aucune liste<\/p>\n<p><strong>Adresse :<\/strong> 221 Reede Rd, Dagenham RM10 8EH<\/p>\n<p><a href=\"http:\/\/www.handamandate.co.uk\/\" target=\"_new\" rel=\"noopener\">Site web de H&amp;A Mandate Cargo Services<\/a><\/p>\n<p><strong>Note d'examen : <\/strong>3.8<br \/> <strong>Nombre d'\u00e9valuations :<\/strong> 8<br \/><a href=\"https:\/\/www.google.co.uk\/maps?cid=918139188002691525&#038;hl=en&#038;gl=GB\" target=\"_new\" rel=\"noopener\">Lire les commentaires<\/a><\/p>\n<h2><span class=\"ez-toc-section\" id=\"Worldwide_Logistics_Group_UK\"><\/span>Worldwide Logistics Group UK<span class=\"ez-toc-section-end\"><\/span><\/h2>\n<p><img decoding=\"async\" src=\"https:\/\/moverdb.com\/wp-content\/uploads\/AF1QipN_skR5BP8K0vnt5CzjAtyxsduBWjdlGfz_qNRqw408-h544-k-no.jpg\" alt='Worldwide Logistics Group UK' class=\"aligncenter\"><\/p>\n<p><strong>Description de l'entreprise : <\/strong>Worldwide Logistics UK est une soci\u00e9t\u00e9 U.<\/p>\n<p>K.<\/p>\n<p> bas\u00e9e sur une soci\u00e9t\u00e9 de fret offrant des services d'importation et d'exportation dans le monde entier.<\/p>\n<p> Sp\u00e9cialis\u00e9 dans le FBA et le Commerce cargo.<\/p>\n<p> Avec un espace d'entreposage \u00e0 travers les \u00c9tats-Unis.<\/p>\n<p>K.<\/p>\n<p><strong>Services suppl\u00e9mentaires :<\/strong><\/p>\n<p>Service logistique<\/p>\n<p>Entrep\u00f4t<\/p>\n<p><strong>Adresse :<\/strong> Unit\u00e9 16 Thames Gateway Park, Chequers Ln, Dagenham RM9 6FB<\/p>\n<p><a href=\"https:\/\/worldwidelogisticsltd.com\/uk\/\" target=\"_new\" rel=\"noopener\">Site Internet du groupe Worldwide Logistics au Royaume-Uni<\/a><\/p>\n<p><strong>Note d'examen : <\/strong>4.3<br \/> <strong>Nombre d'\u00e9valuations :<\/strong> 34<br \/><a href=\"https:\/\/www.google.co.uk\/maps?cid=13452110533918890274&#038;hl=en&#038;gl=GB\" target=\"_new\" rel=\"noopener\">Lire les commentaires<\/a><\/p>\n<h2><span class=\"ez-toc-section\" id=\"How_we_picked_the_best_Dagenham_Freight_Forwarding_Companies\"><\/span>Comment nous avons s\u00e9lectionn\u00e9 les meilleurs transitaires de Dagenham<span class=\"ez-toc-section-end\"><\/span><\/h2>\n<p>Nous avons commenc\u00e9 par un ensemble de donn\u00e9es de 9 entreprises de transport de marchandises de Dagenham que nous avons trouv\u00e9es sur Google Maps et nous avons r\u00e9duit le nombre de ces entreprises aux 3 meilleures.<\/p>\n<p>Pour ce faire, nous avons supprim\u00e9 toutes les entreprises qui<\/p>\n<ul>\n<li> N'avait pas de site web<\/li>\n<li> N'a fait l'objet d'aucune critique<\/li>\n<li> A obtenu une note moyenne inf\u00e9rieure \u00e0 2,0<\/li>\n<\/ul>\n<p>\u00c0 ce stade, si nous avions 17 transitaires ou moins, nous les avons tous r\u00e9pertori\u00e9s.<\/p>\n<p>Pour les villes o\u00f9 il restait plus de 17 transitaires, nous avons proc\u00e9d\u00e9 \u00e0 d'autres r\u00e9visions en augmentant la note requise (par exemple, en passant d'un minimum de 2,0 \u00e0 4,0) et\/ou en augmentant le nombre minimum d'\u00e9valuations requises (par exemple, en passant d'au moins 1 \u00e9valuation \u00e0 au moins 10).<\/p>\n<p>Il est \u00e0 noter que nous n'avons utilis\u00e9 que les donn\u00e9es d'\u00e9valuation de Google Maps et pas celles d'autres sites web tiers.<\/p>\n<p>Plus de villes :<\/p>\n<p><a href=\"https:\/\/moverdb.com\/fr\/transporteur-de-marchandises\/freight-forwarding-uk\/renfrew-freight-forwarder\/\">Transitaire Renfrew<\/a><br \/><a href=\"https:\/\/moverdb.com\/fr\/transporteur-de-marchandises\/freight-forwarding-uk\/maldon-freight-forwarder\/\">Transitaire Maldon<\/a><br \/><a href=\"https:\/\/moverdb.com\/fr\/transporteur-de-marchandises\/freight-forwarding-uk\/bellshill-freight-forwarder\/\">Transitaire Bellshill<\/a><br \/><a href=\"https:\/\/moverdb.com\/fr\/transporteur-de-marchandises\/freight-forwarding-uk\/middlesbrough-freight-forwarder\/\">Transitaire Middlesbrough<\/a><br \/><a href=\"https:\/\/moverdb.com\/fr\/transporteur-de-marchandises\/freight-forwarding-uk\/hessle-freight-forwarder\/\">Transitaire Hessle<\/a><\/p>","protected":false},"excerpt":{"rendered":"<p>Below we look at the 3 &#8220;best&#8221; Freight Forwarding companies in Dagenham out of 9. To learn more about how we chose the best please consult our FAQ section at the end. Please not the following listings are in no particular order and we are not making any recommendations for any particular company. APA AIRLINES [&hellip;]<\/p>\n","protected":false},"author":1,"featured_media":0,"parent":13427,"menu_order":0,"comment_status":"open","ping_status":"open","template":"","meta":{"_genesis_hide_title":false,"_genesis_hide_breadcrumbs":false,"_genesis_hide_singular_image":false,"_genesis_hide_footer_widgets":false,"_genesis_custom_body_class":"","_genesis_custom_post_class":"","_genesis_layout":"","footnotes":""},"class_list":{"0":"post-13985","1":"page","2":"type-page","3":"status-publish","5":"entry"},"_links":{"self":[{"href":"https:\/\/moverdb.com\/fr\/wp-json\/wp\/v2\/pages\/13985","targetHints":{"allow":["GET"]}}],"collection":[{"href":"https:\/\/moverdb.com\/fr\/wp-json\/wp\/v2\/pages"}],"about":[{"href":"https:\/\/moverdb.com\/fr\/wp-json\/wp\/v2\/types\/page"}],"author":[{"embeddable":true,"href":"https:\/\/moverdb.com\/fr\/wp-json\/wp\/v2\/users\/1"}],"replies":[{"embeddable":true,"href":"https:\/\/moverdb.com\/fr\/wp-json\/wp\/v2\/comments?post=13985"}],"version-history":[{"count":1,"href":"https:\/\/moverdb.com\/fr\/wp-json\/wp\/v2\/pages\/13985\/revisions"}],"predecessor-version":[{"id":15764,"href":"https:\/\/moverdb.com\/fr\/wp-json\/wp\/v2\/pages\/13985\/revisions\/15764"}],"up":[{"embeddable":true,"href":"https:\/\/moverdb.com\/fr\/wp-json\/wp\/v2\/pages\/13427"}],"wp:attachment":[{"href":"https:\/\/moverdb.com\/fr\/wp-json\/wp\/v2\/media?parent=13985"}],"curies":[{"name":"wp","href":"https:\/\/api.w.org\/{rel}","templated":true}]}}