{"id":13821,"date":"2023-11-08T15:52:42","date_gmt":"2023-11-08T15:52:42","guid":{"rendered":"https:\/\/moverdb.com\/freight-forwarder\/freight-forwarding-uk\/sunbury-on-thames-freight-forwarder\/"},"modified":"2026-01-08T13:18:10","modified_gmt":"2026-01-08T13:18:10","slug":"sunbury-on-thames-freight-forwarder","status":"publish","type":"page","link":"https:\/\/moverdb.com\/fr\/freight-forwarder\/freight-forwarding-uk\/sunbury-on-thames-freight-forwarder\/","title":{"rendered":"7 Meilleures entreprises de transport de marchandises de Sunbury-on-Thames (2024)"},"content":{"rendered":"<p>Ci-dessous, nous examinons les 7 <em>\"meilleur\"<\/em> Les entreprises de transport de marchandises \u00e0 Sunbury-on-Thames sur 10.<\/p>\n<p>Pour en savoir plus sur la mani\u00e8re dont nous avons choisi les meilleurs, veuillez consulter notre section FAQ \u00e0 la fin.<\/p>\n<p><em>Veuillez noter que les listes suivantes ne sont pas class\u00e9es dans un ordre particulier et que nous ne recommandons aucune entreprise en particulier.<\/em><\/p>\n<div id=\"ez-toc-container\" class=\"ez-toc-v2_0_82_2 ez-toc-wrap-left counter-hierarchy ez-toc-counter ez-toc-transparent ez-toc-container-direction\">\n<div class=\"ez-toc-title-container\">\n<p class=\"ez-toc-title\" style=\"cursor:inherit\">Sections<\/p>\n<span class=\"ez-toc-title-toggle\"><a href=\"#\" class=\"ez-toc-pull-right ez-toc-btn ez-toc-btn-xs ez-toc-btn-default ez-toc-toggle\" aria-label=\"Toggle Table des mati\u00e8res\"><span class=\"ez-toc-js-icon-con\"><span class=\"\"><span class=\"eztoc-hide\" style=\"display:none;\">Toggle<\/span><span class=\"ez-toc-icon-toggle-span\"><svg style=\"fill: #999;color:#999\" xmlns=\"http:\/\/www.w3.org\/2000\/svg\" class=\"list-377408\" width=\"20px\" height=\"20px\" viewbox=\"0 0 24 24\" fill=\"none\"><path d=\"M6 6H4v2h2V6zm14 0H8v2h12V6zM4 11h2v2H4v-2zm16 0H8v2h12v-2zM4 16h2v2H4v-2zm16 0H8v2h12v-2z\" fill=\"currentColor\"><\/path><\/svg><svg style=\"fill: #999;color:#999\" class=\"arrow-unsorted-368013\" xmlns=\"http:\/\/www.w3.org\/2000\/svg\" width=\"10px\" height=\"10px\" viewbox=\"0 0 24 24\" version=\"1.2\" baseprofile=\"tiny\"><path d=\"M18.2 9.3l-6.2-6.3-6.2 6.3c-.2.2-.3.4-.3.7s.1.5.3.7c.2.2.4.3.7.3h11c.3 0 .5-.1.7-.3.2-.2.3-.5.3-.7s-.1-.5-.3-.7zM5.8 14.7l6.2 6.3 6.2-6.3c.2-.2.3-.5.3-.7s-.1-.5-.3-.7c-.2-.2-.4-.3-.7-.3h-11c-.3 0-.5.1-.7.3-.2.2-.3.5-.3.7s.1.5.3.7z\"\/><\/svg><\/span><\/span><\/span><\/a><\/span><\/div>\n<nav><ul class='ez-toc-list ez-toc-list-level-1 eztoc-toggle-hide-by-default' ><li class='ez-toc-page-1 ez-toc-heading-level-2'><a class=\"ez-toc-link ez-toc-heading-1\" href=\"https:\/\/moverdb.com\/fr\/freight-forwarder\/freight-forwarding-uk\/sunbury-on-thames-freight-forwarder\/#deugro_UK_Limited\" >deugro (UK) Limited<\/a><\/li><li class='ez-toc-page-1 ez-toc-heading-level-2'><a class=\"ez-toc-link ez-toc-heading-2\" href=\"https:\/\/moverdb.com\/fr\/freight-forwarder\/freight-forwarding-uk\/sunbury-on-thames-freight-forwarder\/#LP_Customs_Clearance_Ltd\" >LP Customs Clearance Ltd<\/a><\/li><li class='ez-toc-page-1 ez-toc-heading-level-2'><a class=\"ez-toc-link ez-toc-heading-3\" href=\"https:\/\/moverdb.com\/fr\/freight-forwarder\/freight-forwarding-uk\/sunbury-on-thames-freight-forwarder\/#Angel_Freight_Ltd\" >Angel Freight Ltd<\/a><\/li><li class='ez-toc-page-1 ez-toc-heading-level-2'><a class=\"ez-toc-link ez-toc-heading-4\" href=\"https:\/\/moverdb.com\/fr\/freight-forwarder\/freight-forwarding-uk\/sunbury-on-thames-freight-forwarder\/#U-Freight_UK_Limited\" >U-Freight (UK) Limited<\/a><\/li><li class='ez-toc-page-1 ez-toc-heading-level-2'><a class=\"ez-toc-link ez-toc-heading-5\" href=\"https:\/\/moverdb.com\/fr\/freight-forwarder\/freight-forwarding-uk\/sunbury-on-thames-freight-forwarder\/#World_Express_Freight_Ltd\" >World Express Freight Ltd<\/a><\/li><li class='ez-toc-page-1 ez-toc-heading-level-2'><a class=\"ez-toc-link ez-toc-heading-6\" href=\"https:\/\/moverdb.com\/fr\/freight-forwarder\/freight-forwarding-uk\/sunbury-on-thames-freight-forwarder\/#RIF_Group\" >Groupe RIF<\/a><\/li><li class='ez-toc-page-1 ez-toc-heading-level-2'><a class=\"ez-toc-link ez-toc-heading-7\" href=\"https:\/\/moverdb.com\/fr\/freight-forwarder\/freight-forwarding-uk\/sunbury-on-thames-freight-forwarder\/#JD_Freight\" >JD Freight<\/a><\/li><li class='ez-toc-page-1 ez-toc-heading-level-2'><a class=\"ez-toc-link ez-toc-heading-8\" href=\"https:\/\/moverdb.com\/fr\/freight-forwarder\/freight-forwarding-uk\/sunbury-on-thames-freight-forwarder\/#How_we_picked_the_best_Sunbury-on-Thames_Freight_Forwarding_Companies\" >Comment nous avons s\u00e9lectionn\u00e9 les meilleurs transitaires de Sunbury-on-Thames<\/a><\/li><\/ul><\/nav><\/div>\n<h2><span class=\"ez-toc-section\" id=\"deugro_UK_Limited\"><\/span>deugro (UK) Limited<span class=\"ez-toc-section-end\"><\/span><\/h2>\n<p><img decoding=\"async\" src=\"https:\/\/moverdb.com\/wp-content\/uploads\/thumbnailpanoideO8VqVn8oAVZe1TLpD0D5Qcb_clientsearch.gws-prod.gpsw408h240yaw193.jpg\" alt='deugro (UK) Limited' class=\"aligncenter\"><\/p>\n<p><strong>Description de l'entreprise : <\/strong>Aucune n'est fournie<\/p>\n<p><strong>Services suppl\u00e9mentaires :<\/strong><\/p>\n<p>Aucune liste<\/p>\n<p><strong>Adresse :<\/strong> Unit\u00e9 8, Windmill Business Village, Brooklands Cl, Sunbury-on-Thames TW16 7DY<\/p>\n<p><a href=\"https:\/\/deugro.com\/contact\/uk\/\" target=\"_new\" rel=\"noopener\">Site web de deugro (UK) Limited<\/a><\/p>\n<p><strong>Note d'examen : <\/strong>4.7<br \/> <strong>Nombre d'\u00e9valuations :<\/strong> 3<br \/><a href=\"https:\/\/www.google.co.uk\/maps?cid=5530544321020453157&#038;hl=en&#038;gl=GB\" target=\"_new\" rel=\"noopener\">Lire les commentaires<\/a><\/p>\n<h2><span class=\"ez-toc-section\" id=\"LP_Customs_Clearance_Ltd\"><\/span>LP Customs Clearance Ltd<span class=\"ez-toc-section-end\"><\/span><\/h2>\n<p><img decoding=\"async\" src=\"https:\/\/moverdb.com\/wp-content\/uploads\/AF1QipNXhpvxiGx9qqQQqMFVhqESzTOyCgFWPfOoUO4Tw408-h544-k-no.jpg\" alt='LP Customs Clearance Ltd' class=\"aligncenter\"><\/p>\n<p><strong>Description de l'entreprise : <\/strong>LP Customs Clearance Ltd est l\u00e0 pour vous aider avec tous les modes d'importation ou d'exportation sans tracas gr\u00e2ce \u00e0 notre \u00e9quipe rapide, efficace et exp\u00e9riment\u00e9e. Nous vous offrons toutes les options pour la meilleure fa\u00e7on de traiter vos exp\u00e9ditions, que ce soit par air, par route ou par mer, nous sommes l\u00e0 pour vous.<\/p>\n<p><strong>Services suppl\u00e9mentaires :<\/strong><\/p>\n<p>Courtier en douane<\/p>\n<p>Entrep\u00f4t douanier<\/p>\n<p>Soci\u00e9t\u00e9 d'import-export<\/p>\n<p><strong>Adresse :<\/strong> REAR OF, 33 Hanworth Rd, Sunbury-on-Thames TW16 5DA<\/p>\n<p><a href=\"https:\/\/www.lpclearance.co.uk\/\" target=\"_new\" rel=\"noopener\">Site web de LP Customs Clearance Ltd<\/a><\/p>\n<p><strong>Note d'examen : <\/strong>4<br \/> <strong>Nombre d'\u00e9valuations :<\/strong> 8<br \/><a href=\"https:\/\/www.google.co.uk\/maps?cid=5729067304931526576&#038;hl=en&#038;gl=GB\" target=\"_new\" rel=\"noopener\">Lire les commentaires<\/a><\/p>\n<h2><span class=\"ez-toc-section\" id=\"Angel_Freight_Ltd\"><\/span>Angel Freight Ltd<span class=\"ez-toc-section-end\"><\/span><\/h2>\n<p><img decoding=\"async\" src=\"https:\/\/moverdb.com\/wp-content\/uploads\/thumbnailpanoidzytGCIn19VXWUyErQXTjxgcb_clientsearch.gws-prod.gpsw408h240yaw109.jpg\" alt='Angel Freight Ltd' class=\"aligncenter\"><\/p>\n<p><strong>Description de l'entreprise : <\/strong>Nous sommes une soci\u00e9t\u00e9 de transport de fret multimodal avec plus de 25 ans d'exp\u00e9rience dans le domaine du transport de fret et une repr\u00e9sentation dans toutes les grandes villes ou r\u00e9gions du monde. <a href=\"https:\/\/moverdb.com\/fr\/top-49-container-ports\/\" data-internallinksmanager029f6b8e52c=\"80\" title=\"Les 49 ports \u00e0 conteneurs les plus importants et les plus fr\u00e9quent\u00e9s en 2025\">port<\/a> dans le monde entier.<\/p>\n<p>Notre objectif est de vous offrir un service \u00e0 la client\u00e8le de la plus haute qualit\u00e9 tout en transportant vos envois aux prix les plus comp\u00e9titifs du secteur.<\/p>\n<p><strong>Services suppl\u00e9mentaires :<\/strong><\/p>\n<p>Aucune liste<\/p>\n<p><strong>Adresse :<\/strong> 69-71 Windmill Rd, Sunbury-on-Thames TW16 7DT<\/p>\n<p><a href=\"https:\/\/angelfreight.co.uk\/\" target=\"_new\" rel=\"noopener\">Site internet d'Angel Freight Ltd<\/a><\/p>\n<p><strong>Note d'examen : <\/strong>2.1<br \/> <strong>Nombre d'\u00e9valuations :<\/strong> 7<br \/><a href=\"https:\/\/www.google.co.uk\/maps?cid=5208495247117539929&#038;hl=en&#038;gl=GB\" target=\"_new\" rel=\"noopener\">Lire les commentaires<\/a><\/p>\n<h2><span class=\"ez-toc-section\" id=\"U-Freight_UK_Limited\"><\/span>U-Freight (UK) Limited<span class=\"ez-toc-section-end\"><\/span><\/h2>\n<p><img decoding=\"async\" src=\"https:\/\/moverdb.com\/wp-content\/uploads\/thumbnailpanoidTDBQ3DbFrWPvwkZLAhr0jAcb_clientsearch.gws-prod.gpsw408h240yaw1.jpg\" alt='U-Freight (UK) Limited' class=\"aligncenter\"><\/p>\n<p><strong>Description de l'entreprise : <\/strong>Aucune n'est fournie<\/p>\n<p><strong>Services suppl\u00e9mentaires :<\/strong><\/p>\n<p>Aucune liste<\/p>\n<p><strong>Adresse :<\/strong> Unit\u00e9s 8, 9 Brooklands Cl, Sunbury-on-Thames TW16 7DX<\/p>\n<p><a href=\"http:\/\/www.ufreight.com\/\" target=\"_new\" rel=\"noopener\">Site web de U-Freight (UK) Limited<\/a><\/p>\n<p><strong>Note d'examen : <\/strong>5<br \/> <strong>Nombre d'\u00e9valuations :<\/strong> 4<br \/><a href=\"https:\/\/www.google.co.uk\/maps?cid=8872454568932163827&#038;hl=en&#038;gl=GB\" target=\"_new\" rel=\"noopener\">Lire les commentaires<\/a><\/p>\n<h2><span class=\"ez-toc-section\" id=\"World_Express_Freight_Ltd\"><\/span>World Express Freight Ltd<span class=\"ez-toc-section-end\"><\/span><\/h2>\n<p><img decoding=\"async\" src=\"https:\/\/moverdb.com\/wp-content\/uploads\/thumbnailpanoidG8fONxJ41BzMowIUb37DOAcb_clientsearch.gws-prod.gpsw408h240yaw103.jpg\" alt='World Express Freight Ltd' class=\"aligncenter\"><\/p>\n<p><strong>Description de l'entreprise : <\/strong>Aucune n'est fournie<\/p>\n<p><strong>Services suppl\u00e9mentaires :<\/strong><\/p>\n<p>Aucune liste<\/p>\n<p><strong>Adresse :<\/strong> Dolphin Estate, Windmill Rd W, Sunbury-on-Thames TW16 7HE<\/p>\n<p><a href=\"https:\/\/wefl.co.uk\/\" target=\"_new\" rel=\"noopener\">Site web de World Express Freight Ltd<\/a><\/p>\n<p><strong>Note d'examen : <\/strong>5<br \/> <strong>Nombre d'\u00e9valuations :<\/strong> 2<br \/><a href=\"https:\/\/www.google.co.uk\/maps?cid=12996291089348836165&#038;hl=en&#038;gl=GB\" target=\"_new\" rel=\"noopener\">Lire les commentaires<\/a><\/p>\n<h2><span class=\"ez-toc-section\" id=\"RIF_Group\"><\/span>Groupe RIF<span class=\"ez-toc-section-end\"><\/span><\/h2>\n<p><img decoding=\"async\" src=\"https:\/\/moverdb.com\/wp-content\/uploads\/AF1QipOwyn1ufhBwjXId9BPx5kBCR3Nj_LepuvbG-75Aw408-h270-k-no.jpg\" alt='Groupe RIF' class=\"aligncenter\"><\/p>\n<p><strong>Description de l'entreprise : <\/strong>RIF Worldwide Plc est l'une des entreprises \u00e0 la croissance la plus rapide au monde. <a href=\"https:\/\/moverdb.com\/fr\/moving-to-the-uk\/\" data-internallinksmanager029f6b8e52c=\"93\" title=\"Vous partez au Royaume-Uni ? 2026 Co\u00fbt de la vie et conseils de relocalisation\">ROYAUME-UNI<\/a>Nous avons mis en place un service prim\u00e9 \u00e0 plusieurs reprises et une multitude de produits et de fonctions con\u00e7us pour simplifier et d\u00e9velopper le commerce international pour nos clients.<\/p>\n<p>Nous sommes sp\u00e9cialis\u00e9s dans la fourniture de services de transport international, \u00e0 destination et en provenance de tous les points du monde, par voie a\u00e9rienne, maritime et routi\u00e8re.<\/p>\n<p><strong>Services suppl\u00e9mentaires :<\/strong><\/p>\n<p>Aucune liste<\/p>\n<p><strong>Adresse :<\/strong> Floor 1, Brooklands Cl, Sunbury-on-Thames TW16 7DX<\/p>\n<p><a href=\"https:\/\/www.rifgroup.co.uk\/\" target=\"_new\" rel=\"noopener\">Site web du groupe RIF<\/a><\/p>\n<p><strong>Note d'examen : <\/strong>4.2<br \/> <strong>Nombre d'\u00e9valuations :<\/strong> 19<br \/><a href=\"https:\/\/www.google.co.uk\/maps?cid=5297496747632796655&#038;hl=en&#038;gl=GB\" target=\"_new\" rel=\"noopener\">Lire les commentaires<\/a><\/p>\n<h2><span class=\"ez-toc-section\" id=\"JD_Freight\"><\/span>JD Freight<span class=\"ez-toc-section-end\"><\/span><\/h2>\n<p><img decoding=\"async\" src=\"https:\/\/moverdb.com\/wp-content\/uploads\/thumbnailpanoidq21kdBjsFEz8LAGbOE9H3gcb_clientsearch.gws-prod.gpsw408h240yaw314.jpg\" alt='JD Freight' class=\"aligncenter\"><\/p>\n<p><strong>Description de l'entreprise : <\/strong>Aucune n'est fournie<\/p>\n<p><strong>Services suppl\u00e9mentaires :<\/strong><\/p>\n<p>Aucune liste<\/p>\n<p><strong>Adresse :<\/strong> Unit\u00e9 2, Trade City Industrial estate, Sunbury-on-Thames TW16 7FD<\/p>\n<p><a href=\"http:\/\/www.jdfreight.co.uk\/\" target=\"_new\" rel=\"noopener\">Site web de JD Freight<\/a><\/p>\n<p><strong>Note d'examen : <\/strong>4.6<br \/> <strong>Nombre d'\u00e9valuations :<\/strong> 7<br \/><a href=\"https:\/\/www.google.co.uk\/maps?cid=17493338994248367708&#038;hl=en&#038;gl=GB\" target=\"_new\" rel=\"noopener\">Lire les commentaires<\/a><\/p>\n<h2><span class=\"ez-toc-section\" id=\"How_we_picked_the_best_Sunbury-on-Thames_Freight_Forwarding_Companies\"><\/span>Comment nous avons s\u00e9lectionn\u00e9 les meilleurs transitaires de Sunbury-on-Thames<span class=\"ez-toc-section-end\"><\/span><\/h2>\n<p>Nous avons commenc\u00e9 par un ensemble de donn\u00e9es de 10 entreprises de transport de Sunbury-on-Thames que nous avons trouv\u00e9es sur Google Maps et nous avons r\u00e9duit notre liste aux 7 meilleures.<\/p>\n<p>Pour ce faire, nous avons supprim\u00e9 toutes les entreprises qui<\/p>\n<ul>\n<li> N'avait pas de site web<\/li>\n<li> N'a fait l'objet d'aucune critique<\/li>\n<li> A obtenu une note moyenne inf\u00e9rieure \u00e0 2,0<\/li>\n<\/ul>\n<p>\u00c0 ce stade, si nous avions 17 transitaires ou moins, nous les avons tous r\u00e9pertori\u00e9s.<\/p>\n<p>Pour les villes o\u00f9 il restait plus de 17 transitaires, nous avons proc\u00e9d\u00e9 \u00e0 d'autres r\u00e9visions en augmentant la note requise (par exemple, en passant d'un minimum de 2,0 \u00e0 4,0) et\/ou en augmentant le nombre minimum d'\u00e9valuations requises (par exemple, en passant d'au moins 1 \u00e9valuation \u00e0 au moins 10).<\/p>\n<p>Il est \u00e0 noter que nous n'avons utilis\u00e9 que les donn\u00e9es d'\u00e9valuation de Google Maps et pas celles d'autres sites web tiers.<\/p>\n<p>Plus de villes :<\/p>\n<p><a href=\"https:\/\/moverdb.com\/fr\/transporteur-de-marchandises\/freight-forwarding-uk\/hull-freight-forwarder\/\">Transitaire de Hull<\/a><br \/><a href=\"https:\/\/moverdb.com\/fr\/transporteur-de-marchandises\/freight-forwarding-uk\/witham-freight-forwarder\/\">Transitaire Witham<\/a><br \/><a href=\"https:\/\/moverdb.com\/fr\/transporteur-de-marchandises\/freight-forwarding-uk\/paisley-freight-forwarder\/\">Paisley Freight Forwarder<\/a><br \/><a href=\"https:\/\/moverdb.com\/fr\/transporteur-de-marchandises\/freight-forwarding-uk\/tamworth-freight-forwarder\/\">Transitaire Tamworth<\/a><br \/><a href=\"https:\/\/moverdb.com\/fr\/transporteur-de-marchandises\/freight-forwarding-uk\/exeter-freight-forwarder\/\">Transitaire Exeter<\/a><\/p>","protected":false},"excerpt":{"rendered":"<p>Below we look at the 7 &#8220;best&#8221; Freight Forwarding companies in Sunbury-on-Thames out of 10. To learn more about how we chose the best please consult our FAQ section at the end. Please not the following listings are in no particular order and we are not making any recommendations for any particular company. deugro (UK) [&hellip;]<\/p>\n","protected":false},"author":1,"featured_media":0,"parent":13427,"menu_order":0,"comment_status":"open","ping_status":"open","template":"","meta":{"_genesis_hide_title":false,"_genesis_hide_breadcrumbs":false,"_genesis_hide_singular_image":false,"_genesis_hide_footer_widgets":false,"_genesis_custom_body_class":"","_genesis_custom_post_class":"","_genesis_layout":"","footnotes":""},"class_list":{"0":"post-13821","1":"page","2":"type-page","3":"status-publish","5":"entry"},"_links":{"self":[{"href":"https:\/\/moverdb.com\/fr\/wp-json\/wp\/v2\/pages\/13821","targetHints":{"allow":["GET"]}}],"collection":[{"href":"https:\/\/moverdb.com\/fr\/wp-json\/wp\/v2\/pages"}],"about":[{"href":"https:\/\/moverdb.com\/fr\/wp-json\/wp\/v2\/types\/page"}],"author":[{"embeddable":true,"href":"https:\/\/moverdb.com\/fr\/wp-json\/wp\/v2\/users\/1"}],"replies":[{"embeddable":true,"href":"https:\/\/moverdb.com\/fr\/wp-json\/wp\/v2\/comments?post=13821"}],"version-history":[{"count":1,"href":"https:\/\/moverdb.com\/fr\/wp-json\/wp\/v2\/pages\/13821\/revisions"}],"predecessor-version":[{"id":15800,"href":"https:\/\/moverdb.com\/fr\/wp-json\/wp\/v2\/pages\/13821\/revisions\/15800"}],"up":[{"embeddable":true,"href":"https:\/\/moverdb.com\/fr\/wp-json\/wp\/v2\/pages\/13427"}],"wp:attachment":[{"href":"https:\/\/moverdb.com\/fr\/wp-json\/wp\/v2\/media?parent=13821"}],"curies":[{"name":"wp","href":"https:\/\/api.w.org\/{rel}","templated":true}]}}