{"id":13796,"date":"2023-11-08T15:52:42","date_gmt":"2023-11-08T15:52:42","guid":{"rendered":"https:\/\/moverdb.com\/freight-forwarder\/freight-forwarding-uk\/leicester-freight-forwarder\/"},"modified":"2026-01-08T13:18:15","modified_gmt":"2026-01-08T13:18:15","slug":"leicester-freight-forwarder","status":"publish","type":"page","link":"https:\/\/moverdb.com\/fr\/freight-forwarder\/freight-forwarding-uk\/leicester-freight-forwarder\/","title":{"rendered":"8 meilleurs transitaires de Leicester (2024)"},"content":{"rendered":"<p>Ci-dessous, nous examinons les 8 <em>\"meilleur\"<\/em> Entreprises de transport de marchandises \u00e0 Leicester sur 21.<\/p>\n<p>Pour en savoir plus sur la mani\u00e8re dont nous avons choisi les meilleurs, veuillez consulter notre section FAQ \u00e0 la fin.<\/p>\n<p><em>Veuillez noter que les listes suivantes ne sont pas class\u00e9es dans un ordre particulier et que nous ne recommandons aucune entreprise en particulier.<\/em><\/p>\n<div id=\"ez-toc-container\" class=\"ez-toc-v2_0_82_2 ez-toc-wrap-left counter-hierarchy ez-toc-counter ez-toc-transparent ez-toc-container-direction\">\n<div class=\"ez-toc-title-container\">\n<p class=\"ez-toc-title\" style=\"cursor:inherit\">Sections<\/p>\n<span class=\"ez-toc-title-toggle\"><a href=\"#\" class=\"ez-toc-pull-right ez-toc-btn ez-toc-btn-xs ez-toc-btn-default ez-toc-toggle\" aria-label=\"Toggle Table des mati\u00e8res\"><span class=\"ez-toc-js-icon-con\"><span class=\"\"><span class=\"eztoc-hide\" style=\"display:none;\">Toggle<\/span><span class=\"ez-toc-icon-toggle-span\"><svg style=\"fill: #999;color:#999\" xmlns=\"http:\/\/www.w3.org\/2000\/svg\" class=\"list-377408\" width=\"20px\" height=\"20px\" viewbox=\"0 0 24 24\" fill=\"none\"><path d=\"M6 6H4v2h2V6zm14 0H8v2h12V6zM4 11h2v2H4v-2zm16 0H8v2h12v-2zM4 16h2v2H4v-2zm16 0H8v2h12v-2z\" fill=\"currentColor\"><\/path><\/svg><svg style=\"fill: #999;color:#999\" class=\"arrow-unsorted-368013\" xmlns=\"http:\/\/www.w3.org\/2000\/svg\" width=\"10px\" height=\"10px\" viewbox=\"0 0 24 24\" version=\"1.2\" baseprofile=\"tiny\"><path d=\"M18.2 9.3l-6.2-6.3-6.2 6.3c-.2.2-.3.4-.3.7s.1.5.3.7c.2.2.4.3.7.3h11c.3 0 .5-.1.7-.3.2-.2.3-.5.3-.7s-.1-.5-.3-.7zM5.8 14.7l6.2 6.3 6.2-6.3c.2-.2.3-.5.3-.7s-.1-.5-.3-.7c-.2-.2-.4-.3-.7-.3h-11c-.3 0-.5.1-.7.3-.2.2-.3.5-.3.7s.1.5.3.7z\"\/><\/svg><\/span><\/span><\/span><\/a><\/span><\/div>\n<nav><ul class='ez-toc-list ez-toc-list-level-1 eztoc-toggle-hide-by-default' ><li class='ez-toc-page-1 ez-toc-heading-level-2'><a class=\"ez-toc-link ez-toc-heading-1\" href=\"https:\/\/moverdb.com\/fr\/freight-forwarder\/freight-forwarding-uk\/leicester-freight-forwarder\/#United_Pallet_Network\" >R\u00e9seau de palettes unifi\u00e9<\/a><\/li><li class='ez-toc-page-1 ez-toc-heading-level-2'><a class=\"ez-toc-link ez-toc-heading-2\" href=\"https:\/\/moverdb.com\/fr\/freight-forwarder\/freight-forwarding-uk\/leicester-freight-forwarder\/#Pinnacle_International_Freight_Ltd\" >Pinnacle International Freight Ltd<\/a><\/li><li class='ez-toc-page-1 ez-toc-heading-level-2'><a class=\"ez-toc-link ez-toc-heading-3\" href=\"https:\/\/moverdb.com\/fr\/freight-forwarder\/freight-forwarding-uk\/leicester-freight-forwarder\/#Coedma_Freight_International_Ltd\" >Coedma Freight International Ltd<\/a><\/li><li class='ez-toc-page-1 ez-toc-heading-level-2'><a class=\"ez-toc-link ez-toc-heading-4\" href=\"https:\/\/moverdb.com\/fr\/freight-forwarder\/freight-forwarding-uk\/leicester-freight-forwarder\/#Al-Noor_Logistics_Ltd\" >Al-Noor Logistics Ltd<\/a><\/li><li class='ez-toc-page-1 ez-toc-heading-level-2'><a class=\"ez-toc-link ez-toc-heading-5\" href=\"https:\/\/moverdb.com\/fr\/freight-forwarder\/freight-forwarding-uk\/leicester-freight-forwarder\/#DTDC_Courier_Cargo_Ltd\" >DTDC Courier &amp; Cargo Ltd<\/a><\/li><li class='ez-toc-page-1 ez-toc-heading-level-2'><a class=\"ez-toc-link ez-toc-heading-6\" href=\"https:\/\/moverdb.com\/fr\/freight-forwarder\/freight-forwarding-uk\/leicester-freight-forwarder\/#Apex_Cargo_Office\" >Bureau Apex Cargo<\/a><\/li><li class='ez-toc-page-1 ez-toc-heading-level-2'><a class=\"ez-toc-link ez-toc-heading-7\" href=\"https:\/\/moverdb.com\/fr\/freight-forwarder\/freight-forwarding-uk\/leicester-freight-forwarder\/#Apex_Cargo_Warehouse\" >Entrep\u00f4t de fret Apex<\/a><\/li><li class='ez-toc-page-1 ez-toc-heading-level-2'><a class=\"ez-toc-link ez-toc-heading-8\" href=\"https:\/\/moverdb.com\/fr\/freight-forwarder\/freight-forwarding-uk\/leicester-freight-forwarder\/#CLA_UK_Ltd\" >CLA UK Ltd<\/a><\/li><li class='ez-toc-page-1 ez-toc-heading-level-2'><a class=\"ez-toc-link ez-toc-heading-9\" href=\"https:\/\/moverdb.com\/fr\/freight-forwarder\/freight-forwarding-uk\/leicester-freight-forwarder\/#How_we_picked_the_best_Leicester_Freight_Forwarding_Companies\" >Comment nous avons s\u00e9lectionn\u00e9 les meilleurs transitaires de Leicester<\/a><\/li><\/ul><\/nav><\/div>\n<h2><span class=\"ez-toc-section\" id=\"United_Pallet_Network\"><\/span>R\u00e9seau de palettes unifi\u00e9<span class=\"ez-toc-section-end\"><\/span><\/h2>\n<p><img decoding=\"async\" src=\"https:\/\/moverdb.com\/wp-content\/uploads\/thumbnailpanoidHUForZabvUoKg1en1qa_cgcb_clientsearch.gws-prod.gpsw408h240yaw147.jpg\" alt='R\u00e9seau de palettes unifi\u00e9' class=\"aligncenter\"><\/p>\n<p><strong>Description de l'entreprise : <\/strong>Aucune n'est fournie<\/p>\n<p><strong>Services suppl\u00e9mentaires :<\/strong><\/p>\n<p>Aucune liste<\/p>\n<p><strong>Adresse :<\/strong> Vantage Business Park, 8 High View Cl, Leicester LE4 9LJ<\/p>\n<p><a href=\"https:\/\/www.upn.co.uk\/\" target=\"_new\" rel=\"noopener\">Site web du r\u00e9seau United Pallet Network<\/a><\/p>\n<p><strong>Note d'examen : <\/strong>5<br \/> <strong>Nombre d'\u00e9valuations :<\/strong> 1<br \/><a href=\"https:\/\/www.google.co.uk\/maps?cid=3603698490243004051&#038;hl=en&#038;gl=GB\" target=\"_new\" rel=\"noopener\">Lire les commentaires<\/a><\/p>\n<h2><span class=\"ez-toc-section\" id=\"Pinnacle_International_Freight_Ltd\"><\/span>Pinnacle International Freight Ltd<span class=\"ez-toc-section-end\"><\/span><\/h2>\n<p><img decoding=\"async\" src=\"https:\/\/lh5.googleusercontent.com\/p\/AF1QipO-3htqxL83v2kb1oQf5MWZib2Hyc9zXU3hHXlX=w408-h297-k-no\" alt=\"Pinnacle International Freight Ltd\" class=\"aligncenter\"><\/p>\n<p><strong>Description de l'entreprise : <\/strong>Entreprise priv\u00e9e depuis 1972, Pinnacle est une soci\u00e9t\u00e9 de transport de fret de qualit\u00e9 qui dispose de bureaux et d'entrep\u00f4ts aux \u00c9tats-Unis. <a href=\"https:\/\/moverdb.com\/fr\/moving-to-the-uk\/\" data-internallinksmanager029f6b8e52c=\"93\" title=\"Vous partez au Royaume-Uni ? 2026 Co\u00fbt de la vie et conseils de relocalisation\">ROYAUME-UNI<\/a> et <a href=\"https:\/\/moverdb.com\/fr\/moving-to-the-united-states\/\" data-internallinksmanager029f6b8e52c=\"94\" title=\"Vous partez aux \u00c9tats-Unis ? 2026 Co\u00fbt de la vie et conseils de relocalisation\">USA<\/a>.<\/p>\n<p> Pinnacle soutient les entreprises dans leurs activit\u00e9s d'importation, d'exportation, de commerce crois\u00e9, de stockage et de distribution.<\/p>\n<p>Nous offrons des services de transport de fret pour une vari\u00e9t\u00e9 de marchandises, y compris les articles hors gabarit et les articles lourds.<\/p>\n<p> Nous fournissons \u00e9galement un service interne d'emballage de haute qualit\u00e9 pour l'exportation et pouvons traiter les marchandises dangereuses, y compris les cargaisons radioactives.<\/p>\n<p>Nos principaux services :<br \/>\nFret a\u00e9rien<br \/>\nFret maritime<br \/>\nEntreposage (stockage, traitement des commandes, commerce \u00e9lectronique, int\u00e9gration de syst\u00e8mes)<br \/>\nEmballage pour l'exportation<br \/>\nTransport maritime transatlantique<br \/>\nEmballage et exp\u00e9dition de marchandises dangereuses<br \/>\nLogistique de la d\u00e9fense et de l'a\u00e9rospatiale<br \/>\nProjets sp\u00e9ciaux<\/p>\n<p>Contactez notre \u00e9quipe pour plus d'informations.<\/p>\n<p><strong>Services suppl\u00e9mentaires :<\/strong><\/p>\n<p>Service de commerce \u00e9lectronique<\/p>\n<p>Soci\u00e9t\u00e9 d'import-export<\/p>\n<p>Machines d'emballage<\/p>\n<p>Entrep\u00f4t<\/p>\n<p><strong>Adresse :<\/strong> 1 Swannington Rd, Cottage Lane Industrial Estate, Leicester LE9 6TU<\/p>\n<p><a href=\"https:\/\/www.pinnaclefreight.com\/\" target=\"_new\" rel=\"noopener\">Site web de Pinnacle International Freight Ltd<\/a><\/p>\n<p><strong>Note d'examen : <\/strong>4.4<br \/> <strong>Nombre d'\u00e9valuations :<\/strong> 22<br \/><a href=\"https:\/\/www.google.co.uk\/maps?cid=10859720116746224536&#038;hl=en&#038;gl=GB\" target=\"_new\" rel=\"noopener\">Lire les commentaires<\/a><\/p>\n<h2><span class=\"ez-toc-section\" id=\"Coedma_Freight_International_Ltd\"><\/span>Coedma Freight International Ltd<span class=\"ez-toc-section-end\"><\/span><\/h2>\n<p><img decoding=\"async\" src=\"https:\/\/moverdb.com\/wp-content\/uploads\/AF1QipP8WGcbuB23ZdwnwbtBnjObo9c4oryvSdFaMR4_w408-h306-k-no.jpg\" alt='Coedma Freight International Ltd' class=\"aligncenter\"><\/p>\n<p><strong>Description de l'entreprise : <\/strong>Aucune n'est fournie<\/p>\n<p><strong>Services suppl\u00e9mentaires :<\/strong><\/p>\n<p>Aucune liste<\/p>\n<p><strong>Adresse :<\/strong> 8 Eldon St, Leicester LE1 3QL<\/p>\n<p><a href=\"http:\/\/www.coedmafreight.com\/\" target=\"_new\" rel=\"noopener\">Site web de Coedma Freight International Ltd<\/a><\/p>\n<p><strong>Note d'examen : <\/strong>4.2<br \/> <strong>Nombre d'\u00e9valuations :<\/strong> 63<br \/><a href=\"https:\/\/www.google.co.uk\/maps?cid=2698514720895051628&#038;hl=en&#038;gl=GB\" target=\"_new\" rel=\"noopener\">Lire les commentaires<\/a><\/p>\n<h2><span class=\"ez-toc-section\" id=\"Al-Noor_Logistics_Ltd\"><\/span>Al-Noor Logistics Ltd<span class=\"ez-toc-section-end\"><\/span><\/h2>\n<p><img decoding=\"async\" src=\"https:\/\/moverdb.com\/wp-content\/uploads\/AF1QipMtAEadfQ9Va3ZQAb5JymQKmlITShC_bpHp6BAbw408-h544-k-no.jpg\" alt='Al-Noor Logistics Ltd' class=\"aligncenter\"><\/p>\n<p><strong>Description de l'entreprise : <\/strong>Al-Noor Logistics Ltd propose des services de fret maritime, de messagerie, de transport et d'exp\u00e9dition vers la Gambie et au sein du Royaume-Uni et de l'UE sur lesquels vous pouvez toujours compter.<\/p>\n<p> Le fait de disposer d'une \u00e9quipe fiable permet \u00e0 notre entreprise de traiter chaque client et chaque charge avec patience et attention.<\/p>\n<p> Al-Noor Logistics Ltd propose \u00e9galement des services personnalis\u00e9s pour chaque client.<\/p>\n<p> Cela permet de garantir que les informations et les services sont fournis en temps voulu.<\/p>\n<p><strong>Services suppl\u00e9mentaires :<\/strong><\/p>\n<p>Service de messagerie<\/p>\n<p>Service de d\u00e9m\u00e9nagement<\/p>\n<p><strong>Adresse :<\/strong> 12A Navigation St, Leicester LE1 3UR<\/p>\n<p><a href=\"https:\/\/www.al-noorlogistics.com\/\" target=\"_new\" rel=\"noopener\">Site web d'Al-Noor Logistics Ltd<\/a><\/p>\n<p><strong>Note d'examen : <\/strong>5<br \/> <strong>Nombre d'\u00e9valuations :<\/strong> 1<br \/><a href=\"https:\/\/www.google.co.uk\/maps?cid=13842802265785484999&#038;hl=en&#038;gl=GB\" target=\"_new\" rel=\"noopener\">Lire les commentaires<\/a><\/p>\n<h2><span class=\"ez-toc-section\" id=\"DTDC_Courier_Cargo_Ltd\"><\/span>DTDC Courier &amp; Cargo Ltd<span class=\"ez-toc-section-end\"><\/span><\/h2>\n<p><img decoding=\"async\" src=\"https:\/\/moverdb.com\/wp-content\/uploads\/thumbnailpanoidvZ8q_uBB_32CgH8HAuWo9gcb_clientsearch.gws-prod.gpsw408h240yaw286.jpg\" alt='DTDC Courier &amp; Cargo Ltd' class=\"aligncenter\"><\/p>\n<p><strong>Description de l'entreprise : <\/strong>Envoyer un colis \/ Envoyer un fret a\u00e9rien \/ Envoyer un courrier \/ Envoyer des documents \/ Exp\u00e9dier un fret \/ Envoyer un fret maritime \/ Envoyer des documents urgents \/ Envoyer une enveloppe \/ Envoyer une lettre de format A4 \u00e0 <a href=\"https:\/\/moverdb.com\/fr\/moving-to-india\/\" data-internallinksmanager029f6b8e52c=\"356\" title=\"D\u00e9m\u00e9nager en Inde ? 2026 Co\u00fbts de la vie et conseils de relocalisation\">Inde<\/a>, Pakistan, <a href=\"https:\/\/moverdb.com\/fr\/moving-to-dubai\/\" data-internallinksmanager029f6b8e52c=\"246\" title=\"D\u00e9m\u00e9nager \u00e0 Duba\u00ef ? 2026 Co\u00fbt de la vie et conseils de relocalisation\">Duba\u00ef<\/a>, Srilanka, <a href=\"https:\/\/moverdb.com\/fr\/moving-companies\/moving-companies-kenya\/\" data-internallinksmanager029f6b8e52c=\"305\" title=\"4 meilleures entreprises de d\u00e9m\u00e9nagements internationaux au Kenya\">Kenya<\/a>Tanzanie, Zambie, \u00c9tats-Unis d'Am\u00e9rique, <a href=\"https:\/\/moverdb.com\/fr\/moving-to-canada\/\" data-internallinksmanager029f6b8e52c=\"265\" title=\"D\u00e9m\u00e9nager au Canada ? 2026 Co\u00fbt de la vie et conseils de relocalisation\">Canada<\/a>, <a href=\"https:\/\/moverdb.com\/fr\/moving-to-australia\/living-in-australia\/\" data-internallinksmanager029f6b8e52c=\"240\" title=\"21 secrets sur la vie en Australie \u00e0 conna\u00eetre avant de d\u00e9m\u00e9nager\">Australie<\/a>, <a href=\"https:\/\/moverdb.com\/fr\/moving-to-new-zealand\/\" data-internallinksmanager029f6b8e52c=\"324\" title=\"D\u00e9m\u00e9nager en Nouvelle-Z\u00e9lande ? 2026 Co\u00fbts de la vie et conseils de relocalisation\">Nouvelle-Z\u00e9lande<\/a>, <a href=\"https:\/\/moverdb.com\/fr\/moving-to-germany\/\" data-internallinksmanager029f6b8e52c=\"321\" title=\"D\u00e9m\u00e9nager en Allemagne ? 2026 Co\u00fbts de la vie et conseils de relocalisation\">Allemagne<\/a>, <a href=\"https:\/\/moverdb.com\/fr\/moving-to-switzerland\/\" data-internallinksmanager029f6b8e52c=\"327\" title=\"D\u00e9m\u00e9nager en Suisse ? 2026 Co\u00fbts de la vie et conseils de relocalisation\">Suisse<\/a>, <a href=\"https:\/\/moverdb.com\/fr\/moving-to-italy\/\" data-internallinksmanager029f6b8e52c=\"346\" title=\"D\u00e9m\u00e9nager en Italie ? 2026 Co\u00fbts de la vie et conseils de relocalisation\">Italie<\/a>, <a href=\"https:\/\/moverdb.com\/fr\/moving-to-spain\/\" data-internallinksmanager029f6b8e52c=\"266\" title=\"Vous partez en Espagne ? 2026 Co\u00fbt de la vie et conseils de relocalisation\">Espagne<\/a>, <a href=\"https:\/\/moverdb.com\/fr\/moving-companies\/moving-companies-nigeria\/\" data-internallinksmanager029f6b8e52c=\"280\" title=\"10 meilleures entreprises de d\u00e9m\u00e9nagements internationaux au Nigeria\">Nigeria<\/a>, <a href=\"https:\/\/moverdb.com\/fr\/moving-companies\/moving-companies-ghana\/\" data-internallinksmanager029f6b8e52c=\"228\" title=\"2 meilleures soci\u00e9t\u00e9s de d\u00e9m\u00e9nagement international au Ghana\">Ghana<\/a>, <a href=\"https:\/\/moverdb.com\/fr\/moving-to-portugal\/\" data-internallinksmanager029f6b8e52c=\"316\" title=\"D\u00e9m\u00e9nager au Portugal ? 2026 Co\u00fbts de la vie et conseils de relocalisation\">Portugal<\/a>, Roumanie, <a href=\"https:\/\/moverdb.com\/fr\/moving-to-norway\/\" data-internallinksmanager029f6b8e52c=\"325\" title=\"D\u00e9m\u00e9nager en Norv\u00e8ge ? 2026 Co\u00fbts de la vie et conseils de relocalisation\">Norv\u00e8ge<\/a>, <a href=\"https:\/\/moverdb.com\/fr\/moving-to-bulgaria\/\" data-internallinksmanager029f6b8e52c=\"322\" title=\"D\u00e9m\u00e9nager en Bulgarie ? 2026 Co\u00fbts de la vie et conseils de relocalisation\">Bulgarie<\/a>, <a href=\"https:\/\/moverdb.com\/fr\/moving-to-belgium\/\" data-internallinksmanager029f6b8e52c=\"323\" title=\"D\u00e9m\u00e9nager en Belgique ? 2026 Co\u00fbts de la vie et conseils de relocalisation\">Belgique<\/a>, <a href=\"https:\/\/moverdb.com\/fr\/moving-to-the-netherlands\/\" data-internallinksmanager029f6b8e52c=\"328\" title=\"D\u00e9m\u00e9nager aux Pays-Bas ? 2026 Co\u00fbts de la vie et conseils de relocalisation\">Pays-Bas<\/a>, <a href=\"https:\/\/moverdb.com\/fr\/moving-to-ireland\/\" data-internallinksmanager029f6b8e52c=\"320\" title=\"Vous d\u00e9m\u00e9nagez en Irlande ? 2026 Co\u00fbts de la vie et conseils de relocalisation\">Irlande<\/a>, <a href=\"https:\/\/moverdb.com\/fr\/moving-to-hong-kong\/\" data-internallinksmanager029f6b8e52c=\"350\" title=\"D\u00e9m\u00e9nager \u00e0 Hong Kong ? 2026 Co\u00fbts de la vie et conseils de relocalisation\">Hong Kong<\/a>.<\/p>\n<p>nous faisons tout cela \u00e0 des prix comp\u00e9titifs et avec un excellent service de livraison.<\/p>\n<p>Service de livraison de colis express dans le monde entier.<\/p>\n<p>D\u00e9douanement \u00e0 l'importation.<\/p>\n<p>Exc\u00e9dent de bagages.<\/p>\n<p>Fret a\u00e9rien Exportation D\u00e9m\u00e9nagements internationaux \u00e0 domicile.<\/p>\n<p>Le transport routier europ\u00e9en.<\/p>\n<p>Service sp\u00e9cialis\u00e9 de colis \u00e0 destination de l'Inde et des \u00c9tats-Unis, <a href=\"https:\/\/moverdb.com\/fr\/moving-to-china\/\" data-internallinksmanager029f6b8e52c=\"357\" title=\"D\u00e9m\u00e9nager en Chine ? 2026 Co\u00fbts de la vie et conseils de relocalisation\">Chine<\/a>Hong Kong, Kenya, Tanzanie, Sri Lanka, Duba\u00ef, <a href=\"https:\/\/moverdb.com\/fr\/moving-to-the-uae\/\" data-internallinksmanager029f6b8e52c=\"329\" title=\"D\u00e9m\u00e9nager aux \u00c9mirats arabes unis (EAU) ? 2024 Co\u00fbts de la vie et conseils de relocalisation\">EAU<\/a>, Pakistan, <a href=\"https:\/\/moverdb.com\/fr\/moving-companies\/moving-companies-nepal\/\" data-internallinksmanager029f6b8e52c=\"283\" title=\"Les meilleures entreprises de d\u00e9m\u00e9nagements internationaux au N\u00e9pal\">N\u00e9pal<\/a> et dans le monde entier.<\/p>\n<p><strong>Services suppl\u00e9mentaires :<\/strong><\/p>\n<p>Service de messagerie<\/p>\n<p>Service logistique<\/p>\n<p>Soci\u00e9t\u00e9 de livraison<\/p>\n<p><strong>Adresse :<\/strong> A c\u00f4t\u00e9 de Domino\u00e2\u20ac\u2122s Pizza, 30c Melton Rd, Leicester LE4 5EA<\/p>\n<p><a href=\"http:\/\/dtdexpress.co.uk\/\" target=\"_new\" rel=\"noopener\">Site web de DTDC Courier &amp; Cargo Ltd<\/a><\/p>\n<p><strong>Note d'examen : <\/strong>4.1<br \/> <strong>Nombre d'\u00e9valuations :<\/strong> 23<br \/><a href=\"https:\/\/www.google.co.uk\/maps?cid=76148574372916641&#038;hl=en&#038;gl=GB\" target=\"_new\" rel=\"noopener\">Lire les commentaires<\/a><\/p>\n<h2><span class=\"ez-toc-section\" id=\"Apex_Cargo_Office\"><\/span>Bureau Apex Cargo<span class=\"ez-toc-section-end\"><\/span><\/h2>\n<p><img decoding=\"async\" src=\"https:\/\/moverdb.com\/wp-content\/uploads\/AF1QipM8vh-2Tw_s8sO4CitLdq-oeZwgV31Jl1JTVMcyw648-h240-k-no.jpg\" alt='Bureau Apex Cargo' class=\"aligncenter\"><\/p>\n<p><strong>Description de l'entreprise : <\/strong>Agents de transport maritime commercial et personnel bas\u00e9s \u00e0 Leicester, au Royaume-Uni.<\/p>\n<p> Nous sommes l\u00e0 pour r\u00e9pondre \u00e0 tous vos besoins en mati\u00e8re de transport a\u00e9rien, maritime, de messagerie, de RORO et d'emballage !<\/p>\n<p><strong>Services suppl\u00e9mentaires :<\/strong><\/p>\n<p>Aucune liste<\/p>\n<p><strong>Adresse :<\/strong> 93 Evington Rd, Leicester LE2 1QH<\/p>\n<p><a href=\"http:\/\/www.apexcargo.co.uk\/\" target=\"_new\" rel=\"noopener\">Site web d'Apex Cargo Office<\/a><\/p>\n<p><strong>Note d'examen : <\/strong>4.7<br \/> <strong>Nombre d'\u00e9valuations :<\/strong> 143<br \/><a href=\"https:\/\/www.google.co.uk\/maps?cid=5683667821203236023&#038;hl=en&#038;gl=GB\" target=\"_new\" rel=\"noopener\">Lire les commentaires<\/a><\/p>\n<h2><span class=\"ez-toc-section\" id=\"Apex_Cargo_Warehouse\"><\/span>Entrep\u00f4t de fret Apex<span class=\"ez-toc-section-end\"><\/span><\/h2>\n<p><img decoding=\"async\" src=\"https:\/\/moverdb.com\/wp-content\/uploads\/AF1QipN5VJnTa3s9DusD7tnTtF1LdkY-oD6z8kqOS0ZGw408-h327-k-no.jpg\" alt='Entrep\u00f4t de fret Apex' class=\"aligncenter\"><\/p>\n<p><strong>Description de l'entreprise : <\/strong>Agents d'exp\u00e9dition commerciaux et personnels bas\u00e9s \u00e0 Leicester, Royaume-Uni.<\/p>\n<p> Nous sommes l\u00e0 pour r\u00e9pondre \u00e0 tous vos besoins en mati\u00e8re de transport a\u00e9rien, maritime, de messagerie, de RORO et d'emballage !<\/p>\n<p><strong>Services suppl\u00e9mentaires :<\/strong><\/p>\n<p>Aucune liste<\/p>\n<p><strong>Adresse :<\/strong> Unit\u00e9 3 Wheat St, Leicester LE1 2AG<\/p>\n<p><a href=\"https:\/\/apexcargo.co.uk\/\" target=\"_new\" rel=\"noopener\">Site web d'Apex Cargo Warehouse<\/a><\/p>\n<p><strong>Note d'examen : <\/strong>5<br \/> <strong>Nombre d'\u00e9valuations :<\/strong> 6<br \/><a href=\"https:\/\/www.google.co.uk\/maps?cid=13453460755086086291&#038;hl=en&#038;gl=GB\" target=\"_new\" rel=\"noopener\">Lire les commentaires<\/a><\/p>\n<h2><span class=\"ez-toc-section\" id=\"CLA_UK_Ltd\"><\/span>CLA UK Ltd<span class=\"ez-toc-section-end\"><\/span><\/h2>\n<p><img decoding=\"async\" src=\"https:\/\/moverdb.com\/wp-content\/uploads\/AF1QipPYmWVhQ4mONrV_yzKPziNFhOGqzBVZFoyv7yr_w408-h408-k-no.jpg\" alt='CLA UK Ltd' class=\"aligncenter\"><\/p>\n<p><strong>Description de l'entreprise : <\/strong>Services de fret sp\u00e9cialis\u00e9s dans la logistique paneurop\u00e9enne<\/p>\n<p><strong>Services suppl\u00e9mentaires :<\/strong><\/p>\n<p>Aucune liste<\/p>\n<p><strong>Adresse :<\/strong> 15 Nursery Ct, Kibworth Harcourt, Leicester LE8 0EX<\/p>\n<p><a href=\"http:\/\/www.cla-uk.com\/\" target=\"_new\" rel=\"noopener\">Site web de CLA UK Ltd<\/a><\/p>\n<p><strong>Note d'examen : <\/strong>5<br \/> <strong>Nombre d'\u00e9valuations :<\/strong> 1<br \/><a href=\"https:\/\/www.google.co.uk\/maps?cid=12756722996247192377&#038;hl=en&#038;gl=GB\" target=\"_new\" rel=\"noopener\">Lire les commentaires<\/a><\/p>\n<h2><span class=\"ez-toc-section\" id=\"How_we_picked_the_best_Leicester_Freight_Forwarding_Companies\"><\/span>Comment nous avons s\u00e9lectionn\u00e9 les meilleurs transitaires de Leicester<span class=\"ez-toc-section-end\"><\/span><\/h2>\n<p>Nous avons commenc\u00e9 par un ensemble de 21 soci\u00e9t\u00e9s de transport de marchandises de Leicester que nous avons trouv\u00e9es sur Google Maps et nous avons r\u00e9duit notre liste aux 8 meilleures.<\/p>\n<p>Pour ce faire, nous avons supprim\u00e9 toutes les entreprises qui<\/p>\n<ul>\n<li> N'avait pas de site web<\/li>\n<li> N'a fait l'objet d'aucune critique<\/li>\n<li> A obtenu une note moyenne inf\u00e9rieure \u00e0 2,0<\/li>\n<\/ul>\n<p>\u00c0 ce stade, si nous avions 17 transitaires ou moins, nous les avons tous r\u00e9pertori\u00e9s.<\/p>\n<p>Pour les villes o\u00f9 il restait plus de 17 transitaires, nous avons proc\u00e9d\u00e9 \u00e0 d'autres r\u00e9visions en augmentant la note requise (par exemple, en passant d'un minimum de 2,0 \u00e0 4,0) et\/ou en augmentant le nombre minimum d'\u00e9valuations requises (par exemple, en passant d'au moins 1 \u00e9valuation \u00e0 au moins 10).<\/p>\n<p>Il est \u00e0 noter que nous n'avons utilis\u00e9 que les donn\u00e9es d'\u00e9valuation de Google Maps et pas celles d'autres sites web tiers.<\/p>\n<p>Plus de villes :<\/p>\n<p><a href=\"https:\/\/moverdb.com\/fr\/transporteur-de-marchandises\/freight-forwarding-uk\/dartford-freight-forwarder\/\">Transitaire Dartford<\/a><br \/><a href=\"https:\/\/moverdb.com\/fr\/transporteur-de-marchandises\/freight-forwarding-uk\/grays-freight-forwarder\/\">Transitaire Grays<\/a><br \/><a href=\"https:\/\/moverdb.com\/fr\/transporteur-de-marchandises\/freight-forwarding-uk\/sunbury-on-thames-freight-forwarder\/\">Transitaire Sunbury-on-Thames<\/a><br \/><a href=\"https:\/\/moverdb.com\/fr\/transporteur-de-marchandises\/freight-forwarding-uk\/hull-freight-forwarder\/\">Transitaire de Hull<\/a><br \/><a href=\"https:\/\/moverdb.com\/fr\/transporteur-de-marchandises\/freight-forwarding-uk\/witham-freight-forwarder\/\">Transitaire Witham<\/a><\/p>","protected":false},"excerpt":{"rendered":"<p>Below we look at the 8 &#8220;best&#8221; Freight Forwarding companies in Leicester out of 21. To learn more about how we chose the best please consult our FAQ section at the end. Please not the following listings are in no particular order and we are not making any recommendations for any particular company. United Pallet [&hellip;]<\/p>\n","protected":false},"author":1,"featured_media":0,"parent":13427,"menu_order":0,"comment_status":"open","ping_status":"open","template":"","meta":{"_genesis_hide_title":false,"_genesis_hide_breadcrumbs":false,"_genesis_hide_singular_image":false,"_genesis_hide_footer_widgets":false,"_genesis_custom_body_class":"","_genesis_custom_post_class":"","_genesis_layout":"","footnotes":""},"class_list":{"0":"post-13796","1":"page","2":"type-page","3":"status-publish","5":"entry"},"_links":{"self":[{"href":"https:\/\/moverdb.com\/fr\/wp-json\/wp\/v2\/pages\/13796","targetHints":{"allow":["GET"]}}],"collection":[{"href":"https:\/\/moverdb.com\/fr\/wp-json\/wp\/v2\/pages"}],"about":[{"href":"https:\/\/moverdb.com\/fr\/wp-json\/wp\/v2\/types\/page"}],"author":[{"embeddable":true,"href":"https:\/\/moverdb.com\/fr\/wp-json\/wp\/v2\/users\/1"}],"replies":[{"embeddable":true,"href":"https:\/\/moverdb.com\/fr\/wp-json\/wp\/v2\/comments?post=13796"}],"version-history":[{"count":1,"href":"https:\/\/moverdb.com\/fr\/wp-json\/wp\/v2\/pages\/13796\/revisions"}],"predecessor-version":[{"id":15805,"href":"https:\/\/moverdb.com\/fr\/wp-json\/wp\/v2\/pages\/13796\/revisions\/15805"}],"up":[{"embeddable":true,"href":"https:\/\/moverdb.com\/fr\/wp-json\/wp\/v2\/pages\/13427"}],"wp:attachment":[{"href":"https:\/\/moverdb.com\/fr\/wp-json\/wp\/v2\/media?parent=13796"}],"curies":[{"name":"wp","href":"https:\/\/api.w.org\/{rel}","templated":true}]}}