{"id":13762,"date":"2023-11-08T15:52:42","date_gmt":"2023-11-08T15:52:42","guid":{"rendered":"https:\/\/moverdb.com\/freight-forwarder\/freight-forwarding-uk\/west-drayton-freight-forwarder\/"},"modified":"2026-01-08T13:18:17","modified_gmt":"2026-01-08T13:18:17","slug":"west-drayton-freight-forwarder","status":"publish","type":"page","link":"https:\/\/moverdb.com\/fr\/freight-forwarder\/freight-forwarding-uk\/west-drayton-freight-forwarder\/","title":{"rendered":"8 meilleurs transitaires de West Drayton (2024)"},"content":{"rendered":"<p>Ci-dessous, nous examinons les 8 <em>\"meilleur\"<\/em> Entreprises de transport de marchandises \u00e0 West Drayton sur 19.<\/p>\n<p>Pour en savoir plus sur la mani\u00e8re dont nous avons choisi les meilleurs, veuillez consulter notre section FAQ \u00e0 la fin.<\/p>\n<p><em>Veuillez noter que les listes suivantes ne sont pas class\u00e9es dans un ordre particulier et que nous ne recommandons aucune entreprise en particulier.<\/em><\/p>\n<div id=\"ez-toc-container\" class=\"ez-toc-v2_0_82_2 ez-toc-wrap-left counter-hierarchy ez-toc-counter ez-toc-transparent ez-toc-container-direction\">\n<div class=\"ez-toc-title-container\">\n<p class=\"ez-toc-title\" style=\"cursor:inherit\">Sections<\/p>\n<span class=\"ez-toc-title-toggle\"><a href=\"#\" class=\"ez-toc-pull-right ez-toc-btn ez-toc-btn-xs ez-toc-btn-default ez-toc-toggle\" aria-label=\"Toggle Table des mati\u00e8res\"><span class=\"ez-toc-js-icon-con\"><span class=\"\"><span class=\"eztoc-hide\" style=\"display:none;\">Toggle<\/span><span class=\"ez-toc-icon-toggle-span\"><svg style=\"fill: #999;color:#999\" xmlns=\"http:\/\/www.w3.org\/2000\/svg\" class=\"list-377408\" width=\"20px\" height=\"20px\" viewbox=\"0 0 24 24\" fill=\"none\"><path d=\"M6 6H4v2h2V6zm14 0H8v2h12V6zM4 11h2v2H4v-2zm16 0H8v2h12v-2zM4 16h2v2H4v-2zm16 0H8v2h12v-2z\" fill=\"currentColor\"><\/path><\/svg><svg style=\"fill: #999;color:#999\" class=\"arrow-unsorted-368013\" xmlns=\"http:\/\/www.w3.org\/2000\/svg\" width=\"10px\" height=\"10px\" viewbox=\"0 0 24 24\" version=\"1.2\" baseprofile=\"tiny\"><path d=\"M18.2 9.3l-6.2-6.3-6.2 6.3c-.2.2-.3.4-.3.7s.1.5.3.7c.2.2.4.3.7.3h11c.3 0 .5-.1.7-.3.2-.2.3-.5.3-.7s-.1-.5-.3-.7zM5.8 14.7l6.2 6.3 6.2-6.3c.2-.2.3-.5.3-.7s-.1-.5-.3-.7c-.2-.2-.4-.3-.7-.3h-11c-.3 0-.5.1-.7.3-.2.2-.3.5-.3.7s.1.5.3.7z\"\/><\/svg><\/span><\/span><\/span><\/a><\/span><\/div>\n<nav><ul class='ez-toc-list ez-toc-list-level-1 eztoc-toggle-hide-by-default' ><li class='ez-toc-page-1 ez-toc-heading-level-2'><a class=\"ez-toc-link ez-toc-heading-1\" href=\"https:\/\/moverdb.com\/fr\/freight-forwarder\/freight-forwarding-uk\/west-drayton-freight-forwarder\/#Senator_International_Freight\" >Senator International Freight<\/a><\/li><li class='ez-toc-page-1 ez-toc-heading-level-2'><a class=\"ez-toc-link ez-toc-heading-2\" href=\"https:\/\/moverdb.com\/fr\/freight-forwarder\/freight-forwarding-uk\/west-drayton-freight-forwarder\/#Logfret_UK_Ltd\" >Logfret UK Ltd<\/a><\/li><li class='ez-toc-page-1 ez-toc-heading-level-2'><a class=\"ez-toc-link ez-toc-heading-3\" href=\"https:\/\/moverdb.com\/fr\/freight-forwarder\/freight-forwarding-uk\/west-drayton-freight-forwarder\/#Air_Menzies_International\" >Air Menzies International<\/a><\/li><li class='ez-toc-page-1 ez-toc-heading-level-2'><a class=\"ez-toc-link ez-toc-heading-4\" href=\"https:\/\/moverdb.com\/fr\/freight-forwarder\/freight-forwarding-uk\/west-drayton-freight-forwarder\/#ETL_Logistics\" >Logistique ETL<\/a><\/li><li class='ez-toc-page-1 ez-toc-heading-level-2'><a class=\"ez-toc-link ez-toc-heading-5\" href=\"https:\/\/moverdb.com\/fr\/freight-forwarder\/freight-forwarding-uk\/west-drayton-freight-forwarder\/#Nissin_UK_Ltd\" >Nissin UK Ltd<\/a><\/li><li class='ez-toc-page-1 ez-toc-heading-level-2'><a class=\"ez-toc-link ez-toc-heading-6\" href=\"https:\/\/moverdb.com\/fr\/freight-forwarder\/freight-forwarding-uk\/west-drayton-freight-forwarder\/#Digital_Freight_Ltd\" >Digital Freight Ltd<\/a><\/li><li class='ez-toc-page-1 ez-toc-heading-level-2'><a class=\"ez-toc-link ez-toc-heading-7\" href=\"https:\/\/moverdb.com\/fr\/freight-forwarder\/freight-forwarding-uk\/west-drayton-freight-forwarder\/#Superior_Freight_Services_UK_Ltd\" >Superior Freight Services (UK) Ltd<\/a><\/li><li class='ez-toc-page-1 ez-toc-heading-level-2'><a class=\"ez-toc-link ez-toc-heading-8\" href=\"https:\/\/moverdb.com\/fr\/freight-forwarder\/freight-forwarding-uk\/west-drayton-freight-forwarder\/#Brunel_Air_Cargo_Services_Ltd\" >Brunel Air Cargo Services Ltd<\/a><\/li><li class='ez-toc-page-1 ez-toc-heading-level-2'><a class=\"ez-toc-link ez-toc-heading-9\" href=\"https:\/\/moverdb.com\/fr\/freight-forwarder\/freight-forwarding-uk\/west-drayton-freight-forwarder\/#How_we_picked_the_best_West_Drayton_Freight_Forwarding_Companies\" >Comment nous avons s\u00e9lectionn\u00e9 les meilleurs transitaires de West Drayton<\/a><\/li><\/ul><\/nav><\/div>\n<h2><span class=\"ez-toc-section\" id=\"Senator_International_Freight\"><\/span>Senator International Freight<span class=\"ez-toc-section-end\"><\/span><\/h2>\n<p><img decoding=\"async\" src=\"https:\/\/moverdb.com\/wp-content\/uploads\/AF1QipOISErVT_w5a_rhL9s_IXJhB1Y9Edx06xzP-Kqww426-h240-k-no.jpg\" alt='Senator International Freight' class=\"aligncenter\"><\/p>\n<p><strong>Description de l'entreprise : <\/strong>Aucune n'est fournie<\/p>\n<p><strong>Services suppl\u00e9mentaires :<\/strong><\/p>\n<p>Aucune liste<\/p>\n<p><strong>Adresse :<\/strong> 4, 280 Heathrow Blvd, Bath Rd, Harmondsworth, Sipson, West Drayton UB7 0DQ<\/p>\n<p><a href=\"http:\/\/www.senator-international.com\/\" target=\"_new\" rel=\"noopener\">Site web de Senator International Freight<\/a><\/p>\n<p><strong>Note d'examen : <\/strong>4<br \/> <strong>Nombre d'\u00e9valuations :<\/strong> 1<br \/><a href=\"https:\/\/www.google.co.uk\/maps?cid=7267190133147730441&#038;hl=en&#038;gl=GB\" target=\"_new\" rel=\"noopener\">Lire les commentaires<\/a><\/p>\n<h2><span class=\"ez-toc-section\" id=\"Logfret_UK_Ltd\"><\/span>Logfret UK Ltd<span class=\"ez-toc-section-end\"><\/span><\/h2>\n<p><img decoding=\"async\" src=\"https:\/\/moverdb.com\/wp-content\/uploads\/thumbnailpanoidfT-VDVki58AcK1BL-pH6ngcb_clientsearch.gws-prod.gpsw408h240yaw299.jpg\" alt='Logfret UK Ltd' class=\"aligncenter\"><\/p>\n<p><strong>Description de l'entreprise : <\/strong>Aucune n'est fournie<\/p>\n<p><strong>Services suppl\u00e9mentaires :<\/strong><\/p>\n<p>Aucune liste<\/p>\n<p><strong>Adresse :<\/strong> Unit\u00e9 2\/Polar Park\/Bath Rd, West Drayton UB7 0DG<\/p>\n<p><a href=\"https:\/\/www.logfret.co.uk\/\" target=\"_new\" rel=\"noopener\">Site web de Logfret UK Ltd<\/a><\/p>\n<p><strong>Note d'examen : <\/strong>3<br \/> <strong>Nombre d'\u00e9valuations :<\/strong> 2<br \/><a href=\"https:\/\/www.google.co.uk\/maps?cid=14718266833171163331&#038;hl=en&#038;gl=GB\" target=\"_new\" rel=\"noopener\">Lire les commentaires<\/a><\/p>\n<h2><span class=\"ez-toc-section\" id=\"Air_Menzies_International\"><\/span>Air Menzies International<span class=\"ez-toc-section-end\"><\/span><\/h2>\n<p><img decoding=\"async\" src=\"https:\/\/moverdb.com\/wp-content\/uploads\/AF1QipNP4OKj8zu0hLPm64ZwJ692I5GN_x0364w7GlWnw408-h306-k-no.jpg\" alt='Air Menzies International' class=\"aligncenter\"><\/p>\n<p><strong>Description de l'entreprise : <\/strong>Nous sommes \u00e0 l'avant-garde du march\u00e9 de gros du fret a\u00e9rien depuis 1976.<\/p>\n<p> D\u00e9velopper des produits de fret innovants<br \/>\net en utilisant les technologies les plus r\u00e9centes pour cr\u00e9er des produits et des services de pointe pour nos clients :<\/p>\n<p>Chez AMI, nous avons une vision simple : \u00eatre le partenaire de choix pour le fret en gros, en fournissant un service d'excellence.<\/p>\n<p><strong>Services suppl\u00e9mentaires :<\/strong><\/p>\n<p>Service de messagerie<\/p>\n<p>Soci\u00e9t\u00e9 d'import-export<\/p>\n<p><strong>Adresse :<\/strong> Unit\u00e9 2B Polar Pk, Bath Rd, Heathrow, Harmondsworth, West Drayton UB7 0DG<\/p>\n<p><a href=\"https:\/\/airmenzies.com\/\" target=\"_new\" rel=\"noopener\">Site web d'Air Menzies International<\/a><\/p>\n<p><strong>Note d'examen : <\/strong>4<br \/> <strong>Nombre d'\u00e9valuations :<\/strong> 94<br \/><a href=\"https:\/\/www.google.co.uk\/maps?cid=10524140971545474116&#038;hl=en&#038;gl=GB\" target=\"_new\" rel=\"noopener\">Lire les commentaires<\/a><\/p>\n<h2><span class=\"ez-toc-section\" id=\"ETL_Logistics\"><\/span>Logistique ETL<span class=\"ez-toc-section-end\"><\/span><\/h2>\n<p><img decoding=\"async\" src=\"https:\/\/moverdb.com\/wp-content\/uploads\/AF1QipMqegtRBRy9LGArdUuKDt5ZX90gP0WRLsl_dsbnw408-h306-k-no.jpg\" alt='Logistique ETL' class=\"aligncenter\"><\/p>\n<p><strong>Description de l'entreprise : <\/strong>Services d'exp\u00e9dition et de transport de marchandises<\/p>\n<p><strong>Services suppl\u00e9mentaires :<\/strong><\/p>\n<p>Service de messagerie<\/p>\n<p>Installation de stockage<\/p>\n<p>Service de transport<\/p>\n<p>Entreprise de transport routier<\/p>\n<p><strong>Adresse :<\/strong> Unit\u00e9 1 Polar Pk, Bath Rd, Harmondsworth, West Drayton UB7 0EX<\/p>\n<p><a href=\"http:\/\/www.etl-logistics.com\/\" target=\"_new\" rel=\"noopener\">Site web d'ETL Logistics<\/a><\/p>\n<p><strong>Note d'examen : <\/strong>5<br \/> <strong>Nombre d'\u00e9valuations :<\/strong> 1<br \/><a href=\"https:\/\/www.google.co.uk\/maps?cid=11743352734587467770&#038;hl=en&#038;gl=GB\" target=\"_new\" rel=\"noopener\">Lire les commentaires<\/a><\/p>\n<h2><span class=\"ez-toc-section\" id=\"Nissin_UK_Ltd\"><\/span>Nissin UK Ltd<span class=\"ez-toc-section-end\"><\/span><\/h2>\n<p><img decoding=\"async\" src=\"https:\/\/moverdb.com\/wp-content\/uploads\/AF1QipNGm-ZyySUrcQE472NCTVt2P-CIfKssWmr172MWw426-h240-k-no.jpg\" alt='Nissin UK Ltd' class=\"aligncenter\"><\/p>\n<p><strong>Description de l'entreprise : <\/strong>Nissin <a href=\"https:\/\/moverdb.com\/fr\/moving-to-the-uk\/\" data-internallinksmanager029f6b8e52c=\"93\" title=\"Vous partez au Royaume-Uni ? 2026 Co\u00fbt de la vie et conseils de relocalisation\">ROYAUME-UNI<\/a> offre une grande expertise en mati\u00e8re de services logistiques int\u00e9gr\u00e9s.<\/p>\n<p> En tant que sp\u00e9cialiste dans notre domaine, nous prenons en charge le fret terrestre, a\u00e9rien et maritime ainsi que tous les services logistiques connexes.<\/p>\n<p> Gr\u00e2ce \u00e0 notre r\u00e9seau mondial, nous sommes en mesure de relier des sites cl\u00e9s dans le monde entier.<\/p>\n<p><strong>Services suppl\u00e9mentaires :<\/strong><\/p>\n<p>Aucune liste<\/p>\n<p><strong>Adresse :<\/strong> Unit 5, Horton Industrial Park, Horton Rd, West Drayton UB7 8JD<\/p>\n<p><a href=\"https:\/\/nissinuk.com\/\" target=\"_new\" rel=\"noopener\">Site web de Nissin UK Ltd<\/a><\/p>\n<p><strong>Note d'examen : <\/strong>4.3<br \/> <strong>Nombre d'\u00e9valuations :<\/strong> 11<br \/><a href=\"https:\/\/www.google.co.uk\/maps?cid=6135907761394379491&#038;hl=en&#038;gl=GB\" target=\"_new\" rel=\"noopener\">Lire les commentaires<\/a><\/p>\n<h2><span class=\"ez-toc-section\" id=\"Digital_Freight_Ltd\"><\/span>Digital Freight Ltd<span class=\"ez-toc-section-end\"><\/span><\/h2>\n<p><img decoding=\"async\" src=\"https:\/\/moverdb.com\/wp-content\/uploads\/AF1QipPBFgDudXHeLkpxrKAHMl9ByIj43vKO6waE7bUVw408-h406-k-no.png\" alt='Digital Freight Ltd' class=\"aligncenter\"><\/p>\n<p><strong>Description de l'entreprise : <\/strong>Aucune n'est fournie<\/p>\n<p><strong>Services suppl\u00e9mentaires :<\/strong><\/p>\n<p>Service logistique<\/p>\n<p>Soci\u00e9t\u00e9 de livraison<\/p>\n<p><strong>Adresse :<\/strong> 6 Saxon Way, Harmondsworth, West Drayton UB7 0LW<\/p>\n<p><a href=\"http:\/\/www.digitalfreight.co.uk\/\" target=\"_new\" rel=\"noopener\">Site web de Digital Freight Ltd<\/a><\/p>\n<p><strong>Note d'examen : <\/strong>5<br \/> <strong>Nombre d'\u00e9valuations :<\/strong> 4<br \/><a href=\"https:\/\/www.google.co.uk\/maps?cid=16144390286023381618&#038;hl=en&#038;gl=GB\" target=\"_new\" rel=\"noopener\">Lire les commentaires<\/a><\/p>\n<h2><span class=\"ez-toc-section\" id=\"Superior_Freight_Services_UK_Ltd\"><\/span>Superior Freight Services (UK) Ltd<span class=\"ez-toc-section-end\"><\/span><\/h2>\n<p><img decoding=\"async\" src=\"https:\/\/moverdb.com\/wp-content\/uploads\/AF1QipN3aqf2_s1Ob-wZrc4_Y1O84Q5TTSrD4CPLip1Mw426-h240-k-no.jpg\" alt='Superior Freight Services (UK) Ltd' class=\"aligncenter\"><\/p>\n<p><strong>Description de l'entreprise : <\/strong><a href=\"https:\/\/moverdb.com\/fr\/freight-forwarder\/\" data-internallinksmanager029f6b8e52c=\"17\" title=\"Guide des co\u00fbts et des entreprises des transitaires et NVOCC internationaux\">Transporteur de fret<\/a>Le courtier en douane, qui offre des solutions de cha\u00eene d'approvisionnement sur mesure \u00e0 votre entreprise<\/p>\n<p><strong>Services suppl\u00e9mentaires :<\/strong><\/p>\n<p>Aucune liste<\/p>\n<p><strong>Adresse :<\/strong> Unit\u00e9 1 Polar Pk, Harmondsworth, West Drayton UB7 0EX<\/p>\n<p><a href=\"http:\/\/www.supuk.com\/\" target=\"_new\" rel=\"noopener\">Site web de Superior Freight Services (UK) Ltd<\/a><\/p>\n<p><strong>Note d'examen : <\/strong>4.4<br \/> <strong>Nombre d'\u00e9valuations :<\/strong> 8<br \/><a href=\"https:\/\/www.google.co.uk\/maps?cid=10974161933277074827&#038;hl=en&#038;gl=GB\" target=\"_new\" rel=\"noopener\">Lire les commentaires<\/a><\/p>\n<h2><span class=\"ez-toc-section\" id=\"Brunel_Air_Cargo_Services_Ltd\"><\/span>Brunel Air Cargo Services Ltd<span class=\"ez-toc-section-end\"><\/span><\/h2>\n<p><img decoding=\"async\" src=\"https:\/\/moverdb.com\/wp-content\/uploads\/AF1QipO3yUJ-8NmSj3R0uMmk1hKBwtZF-e3CglfxXg2w408-h271-k-no.jpg\" alt='Brunel Air Cargo Services Ltd' class=\"aligncenter\"><\/p>\n<p><strong>Description de l'entreprise : <\/strong>Aucune n'est fournie<\/p>\n<p><strong>Services suppl\u00e9mentaires :<\/strong><\/p>\n<p>Aucune liste<\/p>\n<p><strong>Adresse :<\/strong> Unit\u00e9 6 Airport Gate, Bath Rd, Harmondsworth, Sipson, West Drayton UB7 0NA<\/p>\n<p><a href=\"http:\/\/www.brunelaircargo.co.uk\/\" target=\"_new\" rel=\"noopener\">Site web de Brunel Air Cargo Services Ltd<\/a><\/p>\n<p><strong>Note d'examen : <\/strong>4.9<br \/> <strong>Nombre d'\u00e9valuations :<\/strong> 8<br \/><a href=\"https:\/\/www.google.co.uk\/maps?cid=12541096950748876461&#038;hl=en&#038;gl=GB\" target=\"_new\" rel=\"noopener\">Lire les commentaires<\/a><\/p>\n<h2><span class=\"ez-toc-section\" id=\"How_we_picked_the_best_West_Drayton_Freight_Forwarding_Companies\"><\/span>Comment nous avons s\u00e9lectionn\u00e9 les meilleurs transitaires de West Drayton<span class=\"ez-toc-section-end\"><\/span><\/h2>\n<p>Nous avons commenc\u00e9 par un ensemble de 19 soci\u00e9t\u00e9s de transport de West Drayton que nous avons trouv\u00e9es sur Google Maps et nous les avons r\u00e9duites aux 8 meilleures.<\/p>\n<p>Pour ce faire, nous avons supprim\u00e9 toutes les entreprises qui<\/p>\n<ul>\n<li> N'avait pas de site web<\/li>\n<li> N'a fait l'objet d'aucune critique<\/li>\n<li> A obtenu une note moyenne inf\u00e9rieure \u00e0 2,0<\/li>\n<\/ul>\n<p>\u00c0 ce stade, si nous avions 17 transitaires ou moins, nous les avons tous r\u00e9pertori\u00e9s.<\/p>\n<p>Pour les villes o\u00f9 il restait plus de 17 transitaires, nous avons proc\u00e9d\u00e9 \u00e0 d'autres r\u00e9visions en augmentant la note requise (par exemple, en passant d'un minimum de 2,0 \u00e0 4,0) et\/ou en augmentant le nombre minimum d'\u00e9valuations requises (par exemple, en passant d'au moins 1 \u00e9valuation \u00e0 au moins 10).<\/p>\n<p>Il est \u00e0 noter que nous n'avons utilis\u00e9 que les donn\u00e9es d'\u00e9valuation de Google Maps et pas celles d'autres sites web tiers.<\/p>\n<p>Plus de villes :<\/p>\n<p><a href=\"https:\/\/moverdb.com\/fr\/transporteur-de-marchandises\/freight-forwarding-uk\/glasgow-freight-forwarder\/\">Transitaire Glasgow<\/a><br \/><a href=\"https:\/\/moverdb.com\/fr\/transporteur-de-marchandises\/freight-forwarding-uk\/barking-freight-forwarder\/\">Transitaire Barking<\/a><br \/><a href=\"https:\/\/moverdb.com\/fr\/transporteur-de-marchandises\/freight-forwarding-uk\/staines-freight-forwarder\/\">Transitaire Staines<\/a><br \/><a href=\"https:\/\/moverdb.com\/fr\/transporteur-de-marchandises\/freight-forwarding-uk\/leicester-freight-forwarder\/\">Transitaire de Leicester<\/a><br \/><a href=\"https:\/\/moverdb.com\/fr\/transporteur-de-marchandises\/freight-forwarding-uk\/dartford-freight-forwarder\/\">Transitaire Dartford<\/a><\/p>","protected":false},"excerpt":{"rendered":"<p>Below we look at the 8 &#8220;best&#8221; Freight Forwarding companies in West Drayton out of 19. To learn more about how we chose the best please consult our FAQ section at the end. Please not the following listings are in no particular order and we are not making any recommendations for any particular company. Senator [&hellip;]<\/p>\n","protected":false},"author":1,"featured_media":0,"parent":13427,"menu_order":0,"comment_status":"open","ping_status":"open","template":"","meta":{"_genesis_hide_title":false,"_genesis_hide_breadcrumbs":false,"_genesis_hide_singular_image":false,"_genesis_hide_footer_widgets":false,"_genesis_custom_body_class":"","_genesis_custom_post_class":"","_genesis_layout":"","footnotes":""},"class_list":{"0":"post-13762","1":"page","2":"type-page","3":"status-publish","5":"entry"},"_links":{"self":[{"href":"https:\/\/moverdb.com\/fr\/wp-json\/wp\/v2\/pages\/13762","targetHints":{"allow":["GET"]}}],"collection":[{"href":"https:\/\/moverdb.com\/fr\/wp-json\/wp\/v2\/pages"}],"about":[{"href":"https:\/\/moverdb.com\/fr\/wp-json\/wp\/v2\/types\/page"}],"author":[{"embeddable":true,"href":"https:\/\/moverdb.com\/fr\/wp-json\/wp\/v2\/users\/1"}],"replies":[{"embeddable":true,"href":"https:\/\/moverdb.com\/fr\/wp-json\/wp\/v2\/comments?post=13762"}],"version-history":[{"count":1,"href":"https:\/\/moverdb.com\/fr\/wp-json\/wp\/v2\/pages\/13762\/revisions"}],"predecessor-version":[{"id":15807,"href":"https:\/\/moverdb.com\/fr\/wp-json\/wp\/v2\/pages\/13762\/revisions\/15807"}],"up":[{"embeddable":true,"href":"https:\/\/moverdb.com\/fr\/wp-json\/wp\/v2\/pages\/13427"}],"wp:attachment":[{"href":"https:\/\/moverdb.com\/fr\/wp-json\/wp\/v2\/media?parent=13762"}],"curies":[{"name":"wp","href":"https:\/\/api.w.org\/{rel}","templated":true}]}}