{"id":13753,"date":"2023-11-08T15:52:42","date_gmt":"2023-11-08T15:52:42","guid":{"rendered":"https:\/\/moverdb.com\/freight-forwarder\/freight-forwarding-uk\/coventry-freight-forwarder\/"},"modified":"2026-01-08T13:18:18","modified_gmt":"2026-01-08T13:18:18","slug":"coventry-freight-forwarder","status":"publish","type":"page","link":"https:\/\/moverdb.com\/fr\/freight-forwarder\/freight-forwarding-uk\/coventry-freight-forwarder\/","title":{"rendered":"9 Meilleures entreprises de transport de marchandises de Coventry (2024)"},"content":{"rendered":"<p>Ci-dessous, nous examinons les 9 <em>\"meilleur\"<\/em> Entreprises de transport de marchandises \u00e0 Coventry sur 16.<\/p>\n<p>Pour en savoir plus sur la mani\u00e8re dont nous avons choisi les meilleurs, veuillez consulter notre section FAQ \u00e0 la fin.<\/p>\n<p><em>Veuillez noter que les listes suivantes ne sont pas class\u00e9es dans un ordre particulier et que nous ne recommandons aucune entreprise en particulier.<\/em><\/p>\n<div id=\"ez-toc-container\" class=\"ez-toc-v2_0_82_2 ez-toc-wrap-left counter-hierarchy ez-toc-counter ez-toc-transparent ez-toc-container-direction\">\n<div class=\"ez-toc-title-container\">\n<p class=\"ez-toc-title\" style=\"cursor:inherit\">Sections<\/p>\n<span class=\"ez-toc-title-toggle\"><a href=\"#\" class=\"ez-toc-pull-right ez-toc-btn ez-toc-btn-xs ez-toc-btn-default ez-toc-toggle\" aria-label=\"Toggle Table des mati\u00e8res\"><span class=\"ez-toc-js-icon-con\"><span class=\"\"><span class=\"eztoc-hide\" style=\"display:none;\">Toggle<\/span><span class=\"ez-toc-icon-toggle-span\"><svg style=\"fill: #999;color:#999\" xmlns=\"http:\/\/www.w3.org\/2000\/svg\" class=\"list-377408\" width=\"20px\" height=\"20px\" viewbox=\"0 0 24 24\" fill=\"none\"><path d=\"M6 6H4v2h2V6zm14 0H8v2h12V6zM4 11h2v2H4v-2zm16 0H8v2h12v-2zM4 16h2v2H4v-2zm16 0H8v2h12v-2z\" fill=\"currentColor\"><\/path><\/svg><svg style=\"fill: #999;color:#999\" class=\"arrow-unsorted-368013\" xmlns=\"http:\/\/www.w3.org\/2000\/svg\" width=\"10px\" height=\"10px\" viewbox=\"0 0 24 24\" version=\"1.2\" baseprofile=\"tiny\"><path d=\"M18.2 9.3l-6.2-6.3-6.2 6.3c-.2.2-.3.4-.3.7s.1.5.3.7c.2.2.4.3.7.3h11c.3 0 .5-.1.7-.3.2-.2.3-.5.3-.7s-.1-.5-.3-.7zM5.8 14.7l6.2 6.3 6.2-6.3c.2-.2.3-.5.3-.7s-.1-.5-.3-.7c-.2-.2-.4-.3-.7-.3h-11c-.3 0-.5.1-.7.3-.2.2-.3.5-.3.7s.1.5.3.7z\"\/><\/svg><\/span><\/span><\/span><\/a><\/span><\/div>\n<nav><ul class='ez-toc-list ez-toc-list-level-1 eztoc-toggle-hide-by-default' ><li class='ez-toc-page-1 ez-toc-heading-level-2'><a class=\"ez-toc-link ez-toc-heading-1\" href=\"https:\/\/moverdb.com\/fr\/freight-forwarder\/freight-forwarding-uk\/coventry-freight-forwarder\/#Rim_Logistics_Ltd\" >Rim Logistics Ltd<\/a><\/li><li class='ez-toc-page-1 ez-toc-heading-level-2'><a class=\"ez-toc-link ez-toc-heading-2\" href=\"https:\/\/moverdb.com\/fr\/freight-forwarder\/freight-forwarding-uk\/coventry-freight-forwarder\/#Asia_Trade_Partners\" >Partenaires commerciaux en Asie<\/a><\/li><li class='ez-toc-page-1 ez-toc-heading-level-2'><a class=\"ez-toc-link ez-toc-heading-3\" href=\"https:\/\/moverdb.com\/fr\/freight-forwarder\/freight-forwarding-uk\/coventry-freight-forwarder\/#Homeland_Cargo_Services\" >Homeland Cargo Services<\/a><\/li><li class='ez-toc-page-1 ez-toc-heading-level-2'><a class=\"ez-toc-link ez-toc-heading-4\" href=\"https:\/\/moverdb.com\/fr\/freight-forwarder\/freight-forwarding-uk\/coventry-freight-forwarder\/#Fagan_Whalley_Ltd\" >Fagan &amp; Whalley Ltd<\/a><\/li><li class='ez-toc-page-1 ez-toc-heading-level-2'><a class=\"ez-toc-link ez-toc-heading-5\" href=\"https:\/\/moverdb.com\/fr\/freight-forwarder\/freight-forwarding-uk\/coventry-freight-forwarder\/#A5_Logistics_Ltd\" >A5 Logistics Ltd<\/a><\/li><li class='ez-toc-page-1 ez-toc-heading-level-2'><a class=\"ez-toc-link ez-toc-heading-6\" href=\"https:\/\/moverdb.com\/fr\/freight-forwarder\/freight-forwarding-uk\/coventry-freight-forwarder\/#Network_International_Cargo_UK_Ltd\" >Network International Cargo UK Ltd<\/a><\/li><li class='ez-toc-page-1 ez-toc-heading-level-2'><a class=\"ez-toc-link ez-toc-heading-7\" href=\"https:\/\/moverdb.com\/fr\/freight-forwarder\/freight-forwarding-uk\/coventry-freight-forwarder\/#Retail_Transport_Services_Ltd\" >Retail Transport Services Ltd<\/a><\/li><li class='ez-toc-page-1 ez-toc-heading-level-2'><a class=\"ez-toc-link ez-toc-heading-8\" href=\"https:\/\/moverdb.com\/fr\/freight-forwarder\/freight-forwarding-uk\/coventry-freight-forwarder\/#Kanan_Ltd\" >Kanan Ltd<\/a><\/li><li class='ez-toc-page-1 ez-toc-heading-level-2'><a class=\"ez-toc-link ez-toc-heading-9\" href=\"https:\/\/moverdb.com\/fr\/freight-forwarder\/freight-forwarding-uk\/coventry-freight-forwarder\/#Logik_Logistics_International_Ltd\" >Logik Logistics International Ltd<\/a><\/li><li class='ez-toc-page-1 ez-toc-heading-level-2'><a class=\"ez-toc-link ez-toc-heading-10\" href=\"https:\/\/moverdb.com\/fr\/freight-forwarder\/freight-forwarding-uk\/coventry-freight-forwarder\/#How_we_picked_the_best_Coventry_Freight_Forwarding_Companies\" >Comment nous avons s\u00e9lectionn\u00e9 les meilleurs transitaires de Coventry<\/a><\/li><\/ul><\/nav><\/div>\n<h2><span class=\"ez-toc-section\" id=\"Rim_Logistics_Ltd\"><\/span>Rim Logistics Ltd<span class=\"ez-toc-section-end\"><\/span><\/h2>\n<p><img decoding=\"async\" src=\"\" alt=\"Rim Logistics Ltd\" class=\"aligncenter\"><\/p>\n<p><strong>Description de l'entreprise : <\/strong>Aucune n'est fournie<\/p>\n<p><strong>Services suppl\u00e9mentaires :<\/strong><\/p>\n<p>Aucune liste<\/p>\n<p><strong>Adresse :<\/strong> 1, Home Farm Courtyard, Home Farm, Meriden Rd, Berkswell, Coventry CV7 7SL<\/p>\n<p><a href=\"https:\/\/www.rimlogistics.com\/\" target=\"_new\" rel=\"noopener\">Site web de Rim Logistics Ltd<\/a><\/p>\n<p><strong>Note d'examen : <\/strong>4<br \/> <strong>Nombre d'\u00e9valuations :<\/strong> 2<br \/><a href=\"https:\/\/www.google.co.uk\/maps?cid=10666133398999280130&#038;hl=en&#038;gl=GB\" target=\"_new\" rel=\"noopener\">Lire les commentaires<\/a><\/p>\n<h2><span class=\"ez-toc-section\" id=\"Asia_Trade_Partners\"><\/span>Partenaires commerciaux en Asie<span class=\"ez-toc-section-end\"><\/span><\/h2>\n<p><img decoding=\"async\" src=\"https:\/\/moverdb.com\/wp-content\/uploads\/thumbnailpanoidp49b41W9Fy79Y6opIQKQvwcb_clientsearch.gws-prod.gpsw408h240yaw236.jpg\" alt='Partenaires commerciaux en Asie' class=\"aligncenter\"><\/p>\n<p><strong>Description de l'entreprise : <\/strong>Transport international de marchandises<\/p>\n<p><strong>Services suppl\u00e9mentaires :<\/strong><\/p>\n<p>Aucune liste<\/p>\n<p><strong>Adresse :<\/strong> Puma Way, Coventry CV1 5FB<\/p>\n<p><a href=\"http:\/\/www.asiatradepartners.co.uk\/\" target=\"_new\" rel=\"noopener\">Site web des partenaires commerciaux d'Asie<\/a><\/p>\n<p><strong>Note d'examen : <\/strong>5<br \/> <strong>Nombre d'\u00e9valuations :<\/strong> 2<br \/><a href=\"https:\/\/www.google.co.uk\/maps?cid=13348971754802593495&#038;hl=en&#038;gl=GB\" target=\"_new\" rel=\"noopener\">Lire les commentaires<\/a><\/p>\n<h2><span class=\"ez-toc-section\" id=\"Homeland_Cargo_Services\"><\/span>Homeland Cargo Services<span class=\"ez-toc-section-end\"><\/span><\/h2>\n<p><img decoding=\"async\" src=\"https:\/\/moverdb.com\/wp-content\/uploads\/thumbnailpanoidqYkfIXhK49q7Y3LkPAzSHAcb_clientsearch.gws-prod.gpsw408h240yaw216.jpg\" alt='Homeland Cargo Services' class=\"aligncenter\"><\/p>\n<p><strong>Description de l'entreprise : <\/strong>Aucune n'est fournie<\/p>\n<p><strong>Services suppl\u00e9mentaires :<\/strong><\/p>\n<p>Aucune liste<\/p>\n<p><strong>Adresse :<\/strong> 15 Napier St, Coventry CV1 5PR<\/p>\n<p><a href=\"https:\/\/www.homelandcargoservices.com\/\" target=\"_new\" rel=\"noopener\">Site web de Homeland Cargo Services<\/a><\/p>\n<p><strong>Note d'examen : <\/strong>4.4<br \/> <strong>Nombre d'\u00e9valuations :<\/strong> 5<br \/><a href=\"https:\/\/www.google.co.uk\/maps?cid=10352623799605963500&#038;hl=en&#038;gl=GB\" target=\"_new\" rel=\"noopener\">Lire les commentaires<\/a><\/p>\n<h2><span class=\"ez-toc-section\" id=\"Fagan_Whalley_Ltd\"><\/span>Fagan &amp; Whalley Ltd<span class=\"ez-toc-section-end\"><\/span><\/h2>\n<p><img decoding=\"async\" src=\"https:\/\/moverdb.com\/wp-content\/uploads\/AF1QipOGln_07MpQ3joTd9hcNm9e6nVR86bdKr0Kj5gVw408-h271-k-no.jpg\" alt='Fagan &amp; Whalley Ltd' class=\"aligncenter\"><\/p>\n<p><strong>Description de l'entreprise : <\/strong>Aucune n'est fournie<\/p>\n<p><strong>Services suppl\u00e9mentaires :<\/strong><\/p>\n<p>Service de transport<\/p>\n<p>Entrep\u00f4t<\/p>\n<p><strong>Adresse :<\/strong> Bayton Rd, Exhall, Coventry CV7 9EJ<\/p>\n<p><a href=\"http:\/\/www.faganwhalley.co.uk\/\" target=\"_new\" rel=\"noopener\">Site web de Fagan &amp; Whalley Ltd<\/a><\/p>\n<p><strong>Note d'examen : <\/strong>3.9<br \/> <strong>Nombre d'\u00e9valuations :<\/strong> 63<br \/><a href=\"https:\/\/www.google.co.uk\/maps?cid=15920020929344102927&#038;hl=en&#038;gl=GB\" target=\"_new\" rel=\"noopener\">Lire les commentaires<\/a><\/p>\n<h2><span class=\"ez-toc-section\" id=\"A5_Logistics_Ltd\"><\/span>A5 Logistics Ltd<span class=\"ez-toc-section-end\"><\/span><\/h2>\n<p><img decoding=\"async\" src=\"https:\/\/moverdb.com\/wp-content\/uploads\/AF1QipM4PkWurX6XnL_vBMMssfY5EA302pxnx-Ctrm9zw408-h544-k-no.jpg\" alt='A5 Logistics Ltd' class=\"aligncenter\"><\/p>\n<p><strong>Description de l'entreprise : <\/strong>Aucune n'est fournie<\/p>\n<p><strong>Services suppl\u00e9mentaires :<\/strong><\/p>\n<p>Aucune liste<\/p>\n<p><strong>Adresse :<\/strong> Unit F1, Little Heath Industrial Estate, Coventry CV6 7ND<\/p>\n<p><a href=\"http:\/\/www.a5logisticsltd.co.uk\/\" target=\"_new\" rel=\"noopener\">Site web de A5 Logistics Ltd<\/a><\/p>\n<p><strong>Note d'examen : <\/strong>4.4<br \/> <strong>Nombre d'\u00e9valuations :<\/strong> 14<br \/><a href=\"https:\/\/www.google.co.uk\/maps?cid=1823145758875350571&#038;hl=en&#038;gl=GB\" target=\"_new\" rel=\"noopener\">Lire les commentaires<\/a><\/p>\n<h2><span class=\"ez-toc-section\" id=\"Network_International_Cargo_UK_Ltd\"><\/span>Network International Cargo UK Ltd<span class=\"ez-toc-section-end\"><\/span><\/h2>\n<p><img decoding=\"async\" src=\"https:\/\/moverdb.com\/wp-content\/uploads\/thumbnailpanoidd17YpTauhG4wvpPvqdKeuQcb_clientsearch.gws-prod.gpsw408h240yaw261.jpg\" alt='Network International Cargo UK Ltd' class=\"aligncenter\"><\/p>\n<p><strong>Description de l'entreprise : <\/strong>Aucune n'est fournie<\/p>\n<p><strong>Services suppl\u00e9mentaires :<\/strong><\/p>\n<p>Aucune liste<\/p>\n<p><strong>Adresse :<\/strong> Unit\u00e9 1, 2 Richardson Way, Coventry CV2 2TA<\/p>\n<p><a href=\"http:\/\/nic.ie\/\" target=\"_new\" rel=\"noopener\">Site web de Network International Cargo UK Ltd<\/a><\/p>\n<p><strong>Note d'examen : <\/strong>4.7<br \/> <strong>Nombre d'\u00e9valuations :<\/strong> 15<br \/><a href=\"https:\/\/www.google.co.uk\/maps?cid=7553618547576797529&#038;hl=en&#038;gl=GB\" target=\"_new\" rel=\"noopener\">Lire les commentaires<\/a><\/p>\n<h2><span class=\"ez-toc-section\" id=\"Retail_Transport_Services_Ltd\"><\/span>Retail Transport Services Ltd<span class=\"ez-toc-section-end\"><\/span><\/h2>\n<p><img decoding=\"async\" src=\"https:\/\/moverdb.com\/wp-content\/uploads\/thumbnailpanoidxT8yl_JU2aN99ZUbnJXbjQcb_clientsearch.gws-prod.gpsw408h240yaw115.jpg\" alt='Retail Transport Services Ltd' class=\"aligncenter\"><\/p>\n<p><strong>Description de l'entreprise : <\/strong>Aucune n'est fournie<\/p>\n<p><strong>Services suppl\u00e9mentaires :<\/strong><\/p>\n<p>Aucune liste<\/p>\n<p><strong>Adresse :<\/strong> B\u00e2timent, 2, Hawkins, 4 Corporation St, Coventry CV1 1GF<\/p>\n<p><a href=\"http:\/\/www.retailtransport.com\/\" target=\"_new\" rel=\"noopener\">Site web de Retail Transport Services Ltd<\/a><\/p>\n<p><strong>Note d'examen : <\/strong>4.7<br \/> <strong>Nombre d'\u00e9valuations :<\/strong> 3<br \/><a href=\"https:\/\/www.google.co.uk\/maps?cid=7293012108189299300&#038;hl=en&#038;gl=GB\" target=\"_new\" rel=\"noopener\">Lire les commentaires<\/a><\/p>\n<h2><span class=\"ez-toc-section\" id=\"Kanan_Ltd\"><\/span>Kanan Ltd<span class=\"ez-toc-section-end\"><\/span><\/h2>\n<p><img decoding=\"async\" src=\"https:\/\/moverdb.com\/wp-content\/uploads\/thumbnailpanoidlUWPAqrZoCo1Mzv6hhJLvgcb_clientsearch.gws-prod.gpsw408h240yaw232.jpg\" alt='Kanan Ltd' class=\"aligncenter\"><\/p>\n<p><strong>Description de l'entreprise : <\/strong>Aucune n'est fournie<\/p>\n<p><strong>Services suppl\u00e9mentaires :<\/strong><\/p>\n<p>Aucune liste<\/p>\n<p><strong>Adresse :<\/strong> 48 Witnell Rd, Coventry CV6 3LF<\/p>\n<p><a href=\"http:\/\/kananltd.com\/\" target=\"_new\" rel=\"noopener\">Site web de Kanan Ltd<\/a><\/p>\n<p><strong>Note d'examen : <\/strong>5<br \/> <strong>Nombre d'\u00e9valuations :<\/strong> 3<br \/><a href=\"https:\/\/www.google.co.uk\/maps?cid=15166777984508518409&#038;hl=en&#038;gl=GB\" target=\"_new\" rel=\"noopener\">Lire les commentaires<\/a><\/p>\n<h2><span class=\"ez-toc-section\" id=\"Logik_Logistics_International_Ltd\"><\/span>Logik Logistics International Ltd<span class=\"ez-toc-section-end\"><\/span><\/h2>\n<p><img decoding=\"async\" src=\"https:\/\/moverdb.com\/wp-content\/uploads\/AF1QipOBV3zJ3qYvS_hBH_UOm26gqKxLcw3WOu9qaUgGw408-h287-k-no.png\" alt='Logik Logistics International Ltd' class=\"aligncenter\"><\/p>\n<p><strong>Description de l'entreprise : <\/strong>Logik Logistics propose des solutions de transport sur mesure, \u00e0 temps critique et r\u00e9gulier, pour aider les entreprises \u00e0 fonctionner sans heurts, y compris le fret routier, le fret a\u00e9rien, l'affr\u00e8tement d'avions et les services de messagerie \u00e0 bord (OBC).<\/p>\n<p> Nos sp\u00e9cialistes de la logistique mettent \u00e0 profit leur expertise pour s'assurer que votre fret urgent est g\u00e9r\u00e9 avec soin et que les d\u00e9lais sont respect\u00e9s de la mani\u00e8re la plus rentable, la rapidit\u00e9 et la s\u00e9curit\u00e9 faisant partie de la norme.<\/p>\n<p><strong>Services suppl\u00e9mentaires :<\/strong><\/p>\n<p>Aucune liste<\/p>\n<p><strong>Adresse :<\/strong> Logik Logistics International Ltd, Stonebridge Golf Centre, Somers Rd, Meriden, Coventry CV7 7PL<\/p>\n<p><a href=\"http:\/\/www.lgk-logistics.com\/\" target=\"_new\" rel=\"noopener\">Site web de Logik Logistics International Ltd<\/a><\/p>\n<p><strong>Note d'examen : <\/strong>4.7<br \/> <strong>Nombre d'\u00e9valuations :<\/strong> 15<br \/><a href=\"https:\/\/www.google.co.uk\/maps?cid=8962025795497080316&#038;hl=en&#038;gl=GB\" target=\"_new\" rel=\"noopener\">Lire les commentaires<\/a><\/p>\n<h2><span class=\"ez-toc-section\" id=\"How_we_picked_the_best_Coventry_Freight_Forwarding_Companies\"><\/span>Comment nous avons s\u00e9lectionn\u00e9 les meilleurs transitaires de Coventry<span class=\"ez-toc-section-end\"><\/span><\/h2>\n<p>Nous avons commenc\u00e9 par un ensemble de 16 soci\u00e9t\u00e9s de transport de Coventry que nous avons trouv\u00e9es sur Google Maps et nous les avons r\u00e9duites aux 9 meilleures.<\/p>\n<p>Pour ce faire, nous avons supprim\u00e9 toutes les entreprises qui<\/p>\n<ul>\n<li> N'avait pas de site web<\/li>\n<li> N'a fait l'objet d'aucune critique<\/li>\n<li> A obtenu une note moyenne inf\u00e9rieure \u00e0 2,0<\/li>\n<\/ul>\n<p>\u00c0 ce stade, si nous avions 17 transitaires ou moins, nous les avons tous r\u00e9pertori\u00e9s.<\/p>\n<p>Pour les villes o\u00f9 il restait plus de 17 transitaires, nous avons proc\u00e9d\u00e9 \u00e0 d'autres r\u00e9visions en augmentant la note requise (par exemple, en passant d'un minimum de 2,0 \u00e0 4,0) et\/ou en augmentant le nombre minimum d'\u00e9valuations requises (par exemple, en passant d'au moins 1 \u00e9valuation \u00e0 au moins 10).<\/p>\n<p>Il est \u00e0 noter que nous n'avons utilis\u00e9 que les donn\u00e9es d'\u00e9valuation de Google Maps et pas celles d'autres sites web tiers.<\/p>\n<p>Plus de villes :<\/p>\n<p><a href=\"https:\/\/moverdb.com\/fr\/transporteur-de-marchandises\/freight-forwarding-uk\/west-drayton-freight-forwarder\/\">West Drayton Freight Forwarder<\/a><br \/><a href=\"https:\/\/moverdb.com\/fr\/transporteur-de-marchandises\/freight-forwarding-uk\/glasgow-freight-forwarder\/\">Transitaire Glasgow<\/a><br \/><a href=\"https:\/\/moverdb.com\/fr\/transporteur-de-marchandises\/freight-forwarding-uk\/barking-freight-forwarder\/\">Transitaire Barking<\/a><br \/><a href=\"https:\/\/moverdb.com\/fr\/transporteur-de-marchandises\/freight-forwarding-uk\/staines-freight-forwarder\/\">Transitaire Staines<\/a><br \/><a href=\"https:\/\/moverdb.com\/fr\/transporteur-de-marchandises\/freight-forwarding-uk\/leicester-freight-forwarder\/\">Transitaire de Leicester<\/a><\/p>","protected":false},"excerpt":{"rendered":"<p>Below we look at the 9 &#8220;best&#8221; Freight Forwarding companies in Coventry out of 16. To learn more about how we chose the best please consult our FAQ section at the end. Please not the following listings are in no particular order and we are not making any recommendations for any particular company. Rim Logistics [&hellip;]<\/p>\n","protected":false},"author":1,"featured_media":0,"parent":13427,"menu_order":0,"comment_status":"open","ping_status":"open","template":"","meta":{"_genesis_hide_title":false,"_genesis_hide_breadcrumbs":false,"_genesis_hide_singular_image":false,"_genesis_hide_footer_widgets":false,"_genesis_custom_body_class":"","_genesis_custom_post_class":"","_genesis_layout":"","footnotes":""},"class_list":{"0":"post-13753","1":"page","2":"type-page","3":"status-publish","5":"entry"},"_links":{"self":[{"href":"https:\/\/moverdb.com\/fr\/wp-json\/wp\/v2\/pages\/13753","targetHints":{"allow":["GET"]}}],"collection":[{"href":"https:\/\/moverdb.com\/fr\/wp-json\/wp\/v2\/pages"}],"about":[{"href":"https:\/\/moverdb.com\/fr\/wp-json\/wp\/v2\/types\/page"}],"author":[{"embeddable":true,"href":"https:\/\/moverdb.com\/fr\/wp-json\/wp\/v2\/users\/1"}],"replies":[{"embeddable":true,"href":"https:\/\/moverdb.com\/fr\/wp-json\/wp\/v2\/comments?post=13753"}],"version-history":[{"count":1,"href":"https:\/\/moverdb.com\/fr\/wp-json\/wp\/v2\/pages\/13753\/revisions"}],"predecessor-version":[{"id":15808,"href":"https:\/\/moverdb.com\/fr\/wp-json\/wp\/v2\/pages\/13753\/revisions\/15808"}],"up":[{"embeddable":true,"href":"https:\/\/moverdb.com\/fr\/wp-json\/wp\/v2\/pages\/13427"}],"wp:attachment":[{"href":"https:\/\/moverdb.com\/fr\/wp-json\/wp\/v2\/media?parent=13753"}],"curies":[{"name":"wp","href":"https:\/\/api.w.org\/{rel}","templated":true}]}}