{"id":13654,"date":"2023-11-08T15:51:25","date_gmt":"2023-11-08T15:51:25","guid":{"rendered":"https:\/\/moverdb.com\/freight-forwarder\/freight-forwarding-uk\/dover-freight-forwarder\/"},"modified":"2026-01-08T14:55:33","modified_gmt":"2026-01-08T14:55:33","slug":"dover-freight-forwarder","status":"publish","type":"page","link":"https:\/\/moverdb.com\/fr\/freight-forwarder\/freight-forwarding-uk\/dover-freight-forwarder\/","title":{"rendered":"12 Meilleures entreprises de transport de marchandises de Dover (2024)"},"content":{"rendered":"<p>Nous examinons ci-dessous les 12 <em>\"meilleur\"<\/em> Les entreprises de transport de marchandises \u00e0 Dover sur 25.<\/p>\n<p>Pour en savoir plus sur la mani\u00e8re dont nous avons choisi les meilleurs, veuillez consulter notre section FAQ \u00e0 la fin.<\/p>\n<p><em>Veuillez noter que les listes suivantes ne sont pas class\u00e9es dans un ordre particulier et que nous ne recommandons aucune entreprise en particulier.<\/em><\/p>\n<div id=\"ez-toc-container\" class=\"ez-toc-v2_0_82_2 ez-toc-wrap-left counter-hierarchy ez-toc-counter ez-toc-transparent ez-toc-container-direction\">\n<div class=\"ez-toc-title-container\">\n<p class=\"ez-toc-title\" style=\"cursor:inherit\">Sections<\/p>\n<span class=\"ez-toc-title-toggle\"><a href=\"#\" class=\"ez-toc-pull-right ez-toc-btn ez-toc-btn-xs ez-toc-btn-default ez-toc-toggle\" aria-label=\"Toggle Table des mati\u00e8res\"><span class=\"ez-toc-js-icon-con\"><span class=\"\"><span class=\"eztoc-hide\" style=\"display:none;\">Toggle<\/span><span class=\"ez-toc-icon-toggle-span\"><svg style=\"fill: #999;color:#999\" xmlns=\"http:\/\/www.w3.org\/2000\/svg\" class=\"list-377408\" width=\"20px\" height=\"20px\" viewbox=\"0 0 24 24\" fill=\"none\"><path d=\"M6 6H4v2h2V6zm14 0H8v2h12V6zM4 11h2v2H4v-2zm16 0H8v2h12v-2zM4 16h2v2H4v-2zm16 0H8v2h12v-2z\" fill=\"currentColor\"><\/path><\/svg><svg style=\"fill: #999;color:#999\" class=\"arrow-unsorted-368013\" xmlns=\"http:\/\/www.w3.org\/2000\/svg\" width=\"10px\" height=\"10px\" viewbox=\"0 0 24 24\" version=\"1.2\" baseprofile=\"tiny\"><path d=\"M18.2 9.3l-6.2-6.3-6.2 6.3c-.2.2-.3.4-.3.7s.1.5.3.7c.2.2.4.3.7.3h11c.3 0 .5-.1.7-.3.2-.2.3-.5.3-.7s-.1-.5-.3-.7zM5.8 14.7l6.2 6.3 6.2-6.3c.2-.2.3-.5.3-.7s-.1-.5-.3-.7c-.2-.2-.4-.3-.7-.3h-11c-.3 0-.5.1-.7.3-.2.2-.3.5-.3.7s.1.5.3.7z\"\/><\/svg><\/span><\/span><\/span><\/a><\/span><\/div>\n<nav><ul class='ez-toc-list ez-toc-list-level-1 eztoc-toggle-hide-by-default' ><li class='ez-toc-page-1 ez-toc-heading-level-2'><a class=\"ez-toc-link ez-toc-heading-1\" href=\"https:\/\/moverdb.com\/fr\/freight-forwarder\/freight-forwarding-uk\/dover-freight-forwarder\/#DHL_Freight\" >DHL Freight<\/a><\/li><li class='ez-toc-page-1 ez-toc-heading-level-2'><a class=\"ez-toc-link ez-toc-heading-2\" href=\"https:\/\/moverdb.com\/fr\/freight-forwarder\/freight-forwarding-uk\/dover-freight-forwarder\/#Global_Freight_Connections_Ltd\" >Global Freight Connections Ltd<\/a><\/li><li class='ez-toc-page-1 ez-toc-heading-level-2'><a class=\"ez-toc-link ez-toc-heading-3\" href=\"https:\/\/moverdb.com\/fr\/freight-forwarder\/freight-forwarding-uk\/dover-freight-forwarder\/#JSA_GLOBAL_LTD_DOVER\" >JSA GLOBAL LTD DOVER<\/a><\/li><li class='ez-toc-page-1 ez-toc-heading-level-2'><a class=\"ez-toc-link ez-toc-heading-4\" href=\"https:\/\/moverdb.com\/fr\/freight-forwarder\/freight-forwarding-uk\/dover-freight-forwarder\/#Comfret_TTD_Ltd\" >Comfret TTD Ltd<\/a><\/li><li class='ez-toc-page-1 ez-toc-heading-level-2'><a class=\"ez-toc-link ez-toc-heading-5\" href=\"https:\/\/moverdb.com\/fr\/freight-forwarder\/freight-forwarding-uk\/dover-freight-forwarder\/#Freight_Direct_Ltd\" >Freight Direct Ltd<\/a><\/li><li class='ez-toc-page-1 ez-toc-heading-level-2'><a class=\"ez-toc-link ez-toc-heading-6\" href=\"https:\/\/moverdb.com\/fr\/freight-forwarder\/freight-forwarding-uk\/dover-freight-forwarder\/#Clearfr8_Ltd_Customs_Clearance_Logistics\" >Clearfr8 Ltd D\u00e9douanement et logistique<\/a><\/li><li class='ez-toc-page-1 ez-toc-heading-level-2'><a class=\"ez-toc-link ez-toc-heading-7\" href=\"https:\/\/moverdb.com\/fr\/freight-forwarder\/freight-forwarding-uk\/dover-freight-forwarder\/#Eurolink_Services_Ltd\" >Eurolink Services Ltd<\/a><\/li><li class='ez-toc-page-1 ez-toc-heading-level-2'><a class=\"ez-toc-link ez-toc-heading-8\" href=\"https:\/\/moverdb.com\/fr\/freight-forwarder\/freight-forwarding-uk\/dover-freight-forwarder\/#FS_Mackenzie_Ltd\" >F.S. Mackenzie Ltd<\/a><\/li><li class='ez-toc-page-1 ez-toc-heading-level-2'><a class=\"ez-toc-link ez-toc-heading-9\" href=\"https:\/\/moverdb.com\/fr\/freight-forwarder\/freight-forwarding-uk\/dover-freight-forwarder\/#COYOTE_Logistics_UK\" >COYOTE Logistics (Royaume-Uni)<\/a><\/li><li class='ez-toc-page-1 ez-toc-heading-level-2'><a class=\"ez-toc-link ez-toc-heading-10\" href=\"https:\/\/moverdb.com\/fr\/freight-forwarder\/freight-forwarding-uk\/dover-freight-forwarder\/#Clear_Fr8_Limited\" >Clear Fr8 Limited<\/a><\/li><li class='ez-toc-page-1 ez-toc-heading-level-2'><a class=\"ez-toc-link ez-toc-heading-11\" href=\"https:\/\/moverdb.com\/fr\/freight-forwarder\/freight-forwarding-uk\/dover-freight-forwarder\/#Sitra_UK_Ltd\" >Sitra UK Ltd<\/a><\/li><li class='ez-toc-page-1 ez-toc-heading-level-2'><a class=\"ez-toc-link ez-toc-heading-12\" href=\"https:\/\/moverdb.com\/fr\/freight-forwarder\/freight-forwarding-uk\/dover-freight-forwarder\/#Priority_Freight\" >Fret prioritaire<\/a><\/li><li class='ez-toc-page-1 ez-toc-heading-level-2'><a class=\"ez-toc-link ez-toc-heading-13\" href=\"https:\/\/moverdb.com\/fr\/freight-forwarder\/freight-forwarding-uk\/dover-freight-forwarder\/#How_we_picked_the_best_Dover_Freight_Forwarding_Companies\" >Comment nous avons s\u00e9lectionn\u00e9 les meilleurs transitaires de Dover<\/a><\/li><\/ul><\/nav><\/div>\n<h2><span class=\"ez-toc-section\" id=\"DHL_Freight\"><\/span>DHL Freight<span class=\"ez-toc-section-end\"><\/span><\/h2>\n<p><img decoding=\"async\" src=\"https:\/\/moverdb.com\/wp-content\/uploads\/thumbnailpanoidhyIMg0p_vRkaauSQ64sAmwcb_clientsearch.gws-prod.gpsw408h240yaw243.jpg\" alt='DHL Freight' class=\"aligncenter\"><\/p>\n<p><strong>Description de l'entreprise : <\/strong>Aucune n'est fournie<\/p>\n<p><strong>Services suppl\u00e9mentaires :<\/strong><\/p>\n<p>Aucune liste<\/p>\n<p><strong>Adresse :<\/strong> Charlton House, Dour St, Dover CT16 1AT, <a href=\"https:\/\/moverdb.com\/fr\/moving-to-the-uk\/\" data-internallinksmanager029f6b8e52c=\"93\" title=\"Vous partez au Royaume-Uni ? 2026 Co\u00fbt de la vie et conseils de relocalisation\">Royaume-Uni<\/a><\/p>\n<p><a href=\"http:\/\/www.dhl.co.uk\/freight\" target=\"_new\" rel=\"noopener\">Site web de DHL Freight<\/a><\/p>\n<p><strong>Note d'examen : <\/strong>5<br \/> <strong>Nombre d'\u00e9valuations :<\/strong> 2<br \/><a href=\"https:\/\/www.google.fr\/maps?cid=8689316315570098281&#038;hl=en&#038;gl=FR\" target=\"_new\" rel=\"noopener\">Lire les commentaires<\/a><\/p>\n<h2><span class=\"ez-toc-section\" id=\"Global_Freight_Connections_Ltd\"><\/span>Global Freight Connections Ltd<span class=\"ez-toc-section-end\"><\/span><\/h2>\n<p><img decoding=\"async\" src=\"https:\/\/moverdb.com\/wp-content\/uploads\/AF1QipMGVrsQ6MvlRYJcMBYXdSS9D9g3rWx0v5MjAGilw408-h408-k-no.jpg\" alt='Global Freight Connections Ltd' class=\"aligncenter\"><\/p>\n<p><strong>Description de l'entreprise : <\/strong>GFC a \u00e9t\u00e9 cr\u00e9\u00e9 en 2002 par Paul Marshall, directeur g\u00e9n\u00e9ral.<\/p>\n<p> Depuis notre cr\u00e9ation, nous avons grandi en taille et en r\u00e9putation pour devenir un leader ind\u00e9pendant dans le domaine de l'\u00e9ducation et de la formation. <a href=\"https:\/\/moverdb.com\/fr\/freight-forwarder\/\" data-internallinksmanager029f6b8e52c=\"17\" title=\"Guide des co\u00fbts et des entreprises des transitaires et NVOCC internationaux\">commissionnaire de transport<\/a> renomm\u00e9 et respect\u00e9 dans tout le secteur pour le service professionnel et fiable qu'il fournit, tout en maintenant ces relations personnelles si importantes avec nos clients.<\/p>\n<p>Le succ\u00e8s de GFC est d\u00fb \u00e0 une \u00e9quipe tr\u00e8s exp\u00e9riment\u00e9e et d\u00e9vou\u00e9e, qui travaille ensemble pour maintenir les normes \u00e9lev\u00e9es attendues par nos clients, ainsi qu'\u00e0 un r\u00e9seau mondial d'agents et de partenaires tri\u00e9s sur le volet. <a href=\"https:\/\/moverdb.com\/fr\/moving-to-the-united-states\/\" data-internallinksmanager029f6b8e52c=\"94\" title=\"Vous partez aux \u00c9tats-Unis ? 2026 Co\u00fbt de la vie et conseils de relocalisation\">nous<\/a> de fournir un service de premi\u00e8re classe \u00e0 l'\u00e9chelle mondiale.<\/p>\n<p><strong>Services suppl\u00e9mentaires :<\/strong><\/p>\n<p>Aucune liste<\/p>\n<p><strong>Adresse :<\/strong> Poulton Business Park, Poulton Cl, Dover CT17 0HL<\/p>\n<p><a href=\"https:\/\/www.gfc-group.co.uk\/\" target=\"_new\" rel=\"noopener\">Site web de Global Freight Connections Ltd<\/a><\/p>\n<p><strong>Note d'examen : <\/strong>5<br \/> <strong>Nombre d'\u00e9valuations :<\/strong> 1<br \/><a href=\"https:\/\/www.google.co.uk\/maps?cid=5202575149502542298&#038;hl=en&#038;gl=GB\" target=\"_new\" rel=\"noopener\">Lire les commentaires<\/a><\/p>\n<h2><span class=\"ez-toc-section\" id=\"JSA_GLOBAL_LTD_DOVER\"><\/span>JSA GLOBAL LTD DOVER<span class=\"ez-toc-section-end\"><\/span><\/h2>\n<p><img decoding=\"async\" src=\"https:\/\/moverdb.com\/wp-content\/uploads\/thumbnailpanoidej2wXG3j1YMIc4VZMkXnFQcb_clientsearch.gws-prod.gpsw408h240yaw84.jpg\" alt='JSA GLOBAL LTD DOVER' class=\"aligncenter\"><\/p>\n<p><strong>Description de l'entreprise : <\/strong>Aucune n'est fournie<\/p>\n<p><strong>Services suppl\u00e9mentaires :<\/strong><\/p>\n<p>Aucune liste<\/p>\n<p><strong>Adresse :<\/strong> Lord Warden Square, Dover CT17 9EH<\/p>\n<p><a href=\"http:\/\/www.jsaglobal.com\/home\" target=\"_new\" rel=\"noopener\">JSA GLOBAL LTD DOVER site web<\/a><\/p>\n<p><strong>Note d'examen : <\/strong>4<br \/> <strong>Nombre d'\u00e9valuations :<\/strong> 3<br \/><a href=\"https:\/\/www.google.co.uk\/maps?cid=8521773904523701803&#038;hl=en&#038;gl=GB\" target=\"_new\" rel=\"noopener\">Lire les commentaires<\/a><\/p>\n<h2><span class=\"ez-toc-section\" id=\"Comfret_TTD_Ltd\"><\/span>Comfret TTD Ltd<span class=\"ez-toc-section-end\"><\/span><\/h2>\n<p><img decoding=\"async\" src=\"https:\/\/moverdb.com\/wp-content\/uploads\/thumbnailpanoidAbR95c620APvNEPVFZYCnQcb_clientsearch.gws-prod.gpsw408h240yaw89.jpg\" alt='Comfret TTD Ltd' class=\"aligncenter\"><\/p>\n<p><strong>Description de l'entreprise : <\/strong>Aucune n'est fournie<\/p>\n<p><strong>Services suppl\u00e9mentaires :<\/strong><\/p>\n<p>Aucune liste<\/p>\n<p><strong>Adresse :<\/strong> Centre d'affaires White Cliffs, Honeywood Road, Whitfield, Dover CT16 3EH<\/p>\n<p><a href=\"https:\/\/www.comfret-ttd.com\/\" target=\"_new\" rel=\"noopener\">Site web de Comfret TTD Ltd<\/a><\/p>\n<p><strong>Note d'examen : <\/strong>5<br \/> <strong>Nombre d'\u00e9valuations :<\/strong> 1<br \/><a href=\"https:\/\/www.google.co.uk\/maps?cid=11232541911890760340&#038;hl=en&#038;gl=GB\" target=\"_new\" rel=\"noopener\">Lire les commentaires<\/a><\/p>\n<h2><span class=\"ez-toc-section\" id=\"Freight_Direct_Ltd\"><\/span>Freight Direct Ltd<span class=\"ez-toc-section-end\"><\/span><\/h2>\n<p><img decoding=\"async\" src=\"https:\/\/moverdb.com\/wp-content\/uploads\/thumbnailpanoidS2dNWLK7C9yxbDvnlWEjEwcb_clientsearch.gws-prod.gpsw408h240yaw54.jpg\" alt='Freight Direct Ltd' class=\"aligncenter\"><\/p>\n<p><strong>Description de l'entreprise : <\/strong>Aucune n'est fournie<\/p>\n<p><strong>Services suppl\u00e9mentaires :<\/strong><\/p>\n<p>Aucune liste<\/p>\n<p><strong>Adresse :<\/strong> Honeywood House, 1A, Honeywood Rd, Whitfield, Dover CT16 3EH<\/p>\n<p><a href=\"http:\/\/www.freightdirectuk.com\/\" target=\"_new\" rel=\"noopener\">Site web de Freight Direct Ltd<\/a><\/p>\n<p><strong>Note d'examen : <\/strong>5<br \/> <strong>Nombre d'\u00e9valuations :<\/strong> 1<br \/><a href=\"https:\/\/www.google.co.uk\/maps?cid=14905862351930954093&#038;hl=en&#038;gl=GB\" target=\"_new\" rel=\"noopener\">Lire les commentaires<\/a><\/p>\n<h2><span class=\"ez-toc-section\" id=\"Clearfr8_Ltd_Customs_Clearance_Logistics\"><\/span>Clearfr8 Ltd D\u00e9douanement et logistique<span class=\"ez-toc-section-end\"><\/span><\/h2>\n<p><img decoding=\"async\" src=\"https:\/\/moverdb.com\/wp-content\/uploads\/thumbnailpanoidAaLYoxrdlEiAML_EHwEfLgcb_clientsearch.gws-prod.gpsw408h240yaw274.jpg\" alt='Clearfr8 Ltd D\u00e9douanement et logistique' class=\"aligncenter\"><\/p>\n<p><strong>Description de l'entreprise : <\/strong>Aucune n'est fournie<\/p>\n<p><strong>Services suppl\u00e9mentaires :<\/strong><\/p>\n<p>Courtier en douane<\/p>\n<p>Service de distribution<\/p>\n<p>Entrep\u00f4t<\/p>\n<p><strong>Adresse :<\/strong> Clear Fr8 Limited, Hammond House, Limekiln St, Dover CT17 9EF<\/p>\n<p><a href=\"http:\/\/www.clearfr8.com\/\" target=\"_new\" rel=\"noopener\">Clearfr8 Ltd Customs Clearance &amp; Logistics website (en anglais)<\/a><\/p>\n<p><strong>Note d'examen : <\/strong>5<br \/> <strong>Nombre d'\u00e9valuations :<\/strong> 1<br \/><a href=\"https:\/\/www.google.co.uk\/maps?cid=5654440680659315796&#038;hl=en&#038;gl=GB\" target=\"_new\" rel=\"noopener\">Lire les commentaires<\/a><\/p>\n<h2><span class=\"ez-toc-section\" id=\"Eurolink_Services_Ltd\"><\/span>Eurolink Services Ltd<span class=\"ez-toc-section-end\"><\/span><\/h2>\n<p><img decoding=\"async\" src=\"https:\/\/moverdb.com\/wp-content\/uploads\/thumbnailpanoidJBG7V8Fd5MK_7iAZ-38tNwcb_clientsearch.gws-prod.gpsw408h240yaw83.jpg\" alt='Eurolink Services Ltd' class=\"aligncenter\"><\/p>\n<p><strong>Description de l'entreprise : <\/strong>Aucune n'est fournie<\/p>\n<p><strong>Services suppl\u00e9mentaires :<\/strong><\/p>\n<p>Aucune liste<\/p>\n<p><strong>Adresse :<\/strong> Mezzanine Floor, Lord Warden House, 22 24 Lord Warden Square, Dover CT17 9EQ<\/p>\n<p><a href=\"http:\/\/www.eurolinkservices.co.uk\/\" target=\"_new\" rel=\"noopener\">Site web d'Eurolink Services Ltd<\/a><\/p>\n<p><strong>Note d'examen : <\/strong>5<br \/> <strong>Nombre d'\u00e9valuations :<\/strong> 1<br \/><a href=\"https:\/\/www.google.co.uk\/maps?cid=4330724897310804793&#038;hl=en&#038;gl=GB\" target=\"_new\" rel=\"noopener\">Lire les commentaires<\/a><\/p>\n<h2><span class=\"ez-toc-section\" id=\"FS_Mackenzie_Ltd\"><\/span>F.S. Mackenzie Ltd<span class=\"ez-toc-section-end\"><\/span><\/h2>\n<p><img decoding=\"async\" src=\"https:\/\/moverdb.com\/wp-content\/uploads\/thumbnailpanoidQeKKdycD6JvMEUMtwmvKdgcb_clientsearch.gws-prod.gpsw408h240yaw207.jpg\" alt='F.S. Mackenzie Ltd' class=\"aligncenter\"><\/p>\n<p><strong>Description de l'entreprise : <\/strong>Fournir des solutions de fret \u00e0 l'\u00e9chelle mondiale<\/p>\n<p><strong>Services suppl\u00e9mentaires :<\/strong><\/p>\n<p>Aucune liste<\/p>\n<p><strong>Adresse :<\/strong> Poulton Cl, Dover CT17 0HL<\/p>\n<p><a href=\"http:\/\/www.fsmac.com\/\" target=\"_new\" rel=\"noopener\">Site web de F.S. Mackenzie Ltd<\/a><\/p>\n<p><strong>Note d'examen : <\/strong>5<br \/> <strong>Nombre d'\u00e9valuations :<\/strong> 1<br \/><a href=\"https:\/\/www.google.co.uk\/maps?cid=11366469388786379796&#038;hl=en&#038;gl=GB\" target=\"_new\" rel=\"noopener\">Lire les commentaires<\/a><\/p>\n<h2><span class=\"ez-toc-section\" id=\"COYOTE_Logistics_UK\"><\/span>COYOTE Logistics (Royaume-Uni)<span class=\"ez-toc-section-end\"><\/span><\/h2>\n<p><img decoding=\"async\" src=\"https:\/\/moverdb.com\/wp-content\/uploads\/AF1QipMgBiMHtiTU_WOBKJlCNciXJxwEO0sZDTZCWR6qw426-h240-k-no.jpg\" alt='COYOTE Logistics (Royaume-Uni)' class=\"aligncenter\"><\/p>\n<p><strong>Description de l'entreprise : <\/strong>Aucune n'est fournie<\/p>\n<p><strong>Services suppl\u00e9mentaires :<\/strong><\/p>\n<p>Aucune liste<\/p>\n<p><strong>Adresse :<\/strong> Cinqui\u00e8me \u00e9tage Maybrook House, Queens Gardens, Dover CT17 9AH<\/p>\n<p><a href=\"https:\/\/www.coyotelogistics.com\/\" target=\"_new\" rel=\"noopener\">Site web de COYOTE Logistics (UK)<\/a><\/p>\n<p><strong>Note d'examen : <\/strong>4.2<br \/> <strong>Nombre d'\u00e9valuations :<\/strong> 6<br \/><a href=\"https:\/\/www.google.co.uk\/maps?cid=6956996484917909858&#038;hl=en&#038;gl=GB\" target=\"_new\" rel=\"noopener\">Lire les commentaires<\/a><\/p>\n<h2><span class=\"ez-toc-section\" id=\"Clear_Fr8_Limited\"><\/span>Clear Fr8 Limited<span class=\"ez-toc-section-end\"><\/span><\/h2>\n<p><img decoding=\"async\" src=\"https:\/\/moverdb.com\/wp-content\/uploads\/thumbnailpanoidDGHBrRu0t1iyy4EgzoEIwQcb_clientsearch.gws-prod.gpsw408h240yaw59.jpg\" alt='Clear Fr8 Limited' class=\"aligncenter\"><\/p>\n<p><strong>Description de l'entreprise : <\/strong>\u00c9tabli en 2017 sur la base de 50 ans d'expertise dans l'industrie du fret, du d\u00e9douanement et du transport, Clear Fr8 Limited offre une paire de mains s\u00fbres pour s'occuper de vos besoins et de ceux de vos clients.<\/p>\n<p> Qu'il s'agisse de transport routier, maritime, a\u00e9rien ou ferroviaire, Clear Fr8 Limited se distingue en offrant \u00e0 ses clients des conseils gratuits et impartiaux sur toutes les questions li\u00e9es au d\u00e9douanement, au transport de marchandises ou aux solutions d'approvisionnement en cha\u00eene.<\/p>\n<p> Couvrant tous les principaux r\u00e9seaux routiers, maritimes, a\u00e9riens et ferroviaires du Royaume-Uni <a href=\"https:\/\/moverdb.com\/fr\/top-49-container-ports\/\" data-internallinksmanager029f6b8e52c=\"80\" title=\"Les 49 ports \u00e0 conteneurs les plus importants et les plus fr\u00e9quent\u00e9s en 2025\">ports<\/a> Depuis notre bureau ouvert 24 heures sur 24, situ\u00e9 juste \u00e0 l'ext\u00e9rieur de Douvres, dans le Kent, nous disposons des connaissances locales n\u00e9cessaires pour garantir que votre cargaison ou celle de vos clients arrive \u00e0 temps et en conformit\u00e9 avec les r\u00e9glementations douani\u00e8res.<\/p>\n<p><strong>Services suppl\u00e9mentaires :<\/strong><\/p>\n<p>Aucune liste<\/p>\n<p><strong>Adresse :<\/strong> Hammond House, Limekiln St, Dover CT17 9EF<\/p>\n<p><a href=\"https:\/\/clearfr8.com\/\" target=\"_new\" rel=\"noopener\">Site web de Clear Fr8 Limited<\/a><\/p>\n<p><strong>Note d'examen : <\/strong>5<br \/> <strong>Nombre d'\u00e9valuations :<\/strong> 4<br \/><a href=\"https:\/\/www.google.co.uk\/maps?cid=3034304738884427400&#038;hl=en&#038;gl=GB\" target=\"_new\" rel=\"noopener\">Lire les commentaires<\/a><\/p>\n<h2><span class=\"ez-toc-section\" id=\"Sitra_UK_Ltd\"><\/span>Sitra UK Ltd<span class=\"ez-toc-section-end\"><\/span><\/h2>\n<p><img decoding=\"async\" src=\"https:\/\/moverdb.com\/wp-content\/uploads\/AF1QipMwdG9b4UoI5D2KNqlDYX5p4ThRV66T5so8Fzoxw426-h240-k-no.jpg\" alt='Sitra UK Ltd' class=\"aligncenter\"><\/p>\n<p><strong>Description de l'entreprise : <\/strong>Aucune n'est fournie<\/p>\n<p><strong>Services suppl\u00e9mentaires :<\/strong><\/p>\n<p>Aucune liste<\/p>\n<p><strong>Adresse :<\/strong> 2 Honeywood Cl, Whitfield, Dover CT16 3PX<\/p>\n<p><a href=\"https:\/\/www.sitra-group.com\/en\/\" target=\"_new\" rel=\"noopener\">Site web de Sitra UK Ltd<\/a><\/p>\n<p><strong>Note d'examen : <\/strong>3.9<br \/> <strong>Nombre d'\u00e9valuations :<\/strong> 52<br \/><a href=\"https:\/\/www.google.co.uk\/maps?cid=14668402309509598013&#038;hl=en&#038;gl=GB\" target=\"_new\" rel=\"noopener\">Lire les commentaires<\/a><\/p>\n<h2><span class=\"ez-toc-section\" id=\"Priority_Freight\"><\/span>Fret prioritaire<span class=\"ez-toc-section-end\"><\/span><\/h2>\n<p><img decoding=\"async\" src=\"https:\/\/moverdb.com\/wp-content\/uploads\/thumbnailpanoid81W6LbQTKvtEkULieMa29Qcb_clientsearch.gws-prod.gpsw408h240yaw319.jpg\" alt='Fret prioritaire' class=\"aligncenter\"><\/p>\n<p><strong>Description de l'entreprise : <\/strong>Aucune n'est fournie<\/p>\n<p><strong>Services suppl\u00e9mentaires :<\/strong><\/p>\n<p>Aucune liste<\/p>\n<p><strong>Adresse :<\/strong> Whitfield, Dover CT16 3NJ<\/p>\n<p><a href=\"https:\/\/priorityfreight.com\/\" target=\"_new\" rel=\"noopener\">Site web du fret prioritaire<\/a><\/p>\n<p><strong>Note d'examen : <\/strong>5<br \/> <strong>Nombre d'\u00e9valuations :<\/strong> 3<br \/><a href=\"https:\/\/www.google.co.uk\/maps?cid=5254570117316346898&#038;hl=en&#038;gl=GB\" target=\"_new\" rel=\"noopener\">Lire les commentaires<\/a><\/p>\n<h2><span class=\"ez-toc-section\" id=\"How_we_picked_the_best_Dover_Freight_Forwarding_Companies\"><\/span>Comment nous avons s\u00e9lectionn\u00e9 les meilleurs transitaires de Dover<span class=\"ez-toc-section-end\"><\/span><\/h2>\n<p>Nous sommes partis d'une base de donn\u00e9es de 25 entreprises de transport de marchandises de Dover que nous avons trouv\u00e9es sur Google Maps et nous avons r\u00e9duit le nombre de ces entreprises aux 12 meilleures.<\/p>\n<p>Pour ce faire, nous avons supprim\u00e9 toutes les entreprises qui<\/p>\n<ul>\n<li> N'avait pas de site web<\/li>\n<li> N'a fait l'objet d'aucune critique<\/li>\n<li> A obtenu une note moyenne inf\u00e9rieure \u00e0 2,0<\/li>\n<\/ul>\n<p>\u00c0 ce stade, si nous avions 17 transitaires ou moins, nous les avons tous r\u00e9pertori\u00e9s.<\/p>\n<p>Pour les villes o\u00f9 il restait plus de 17 transitaires, nous avons proc\u00e9d\u00e9 \u00e0 d'autres r\u00e9visions en augmentant la note requise (par exemple, en passant d'un minimum de 2,0 \u00e0 4,0) et\/ou en augmentant le nombre minimum d'\u00e9valuations requises (par exemple, en passant d'au moins 1 \u00e9valuation \u00e0 au moins 10).<\/p>\n<p>Il est \u00e0 noter que nous n'avons utilis\u00e9 que les donn\u00e9es d'\u00e9valuation de Google Maps et pas celles d'autres sites web tiers.<\/p>\n<p>Plus de villes :<\/p>\n<p><a href=\"https:\/\/moverdb.com\/fr\/transporteur-de-marchandises\/freight-forwarding-uk\/ashford-freight-forwarder\/\">Transitaire Ashford<\/a><br \/><a href=\"https:\/\/moverdb.com\/fr\/transporteur-de-marchandises\/freight-forwarding-uk\/egham-freight-forwarder\/\">Transitaire Egham<\/a><br \/><a href=\"https:\/\/moverdb.com\/fr\/transporteur-de-marchandises\/freight-forwarding-uk\/leeds-freight-forwarder\/\">Transitaire de Leeds<\/a><br \/><a href=\"https:\/\/moverdb.com\/fr\/transporteur-de-marchandises\/freight-forwarding-uk\/belfast-freight-forwarder\/\">Transitaire de Belfast<\/a><br \/><a href=\"https:\/\/moverdb.com\/fr\/transporteur-de-marchandises\/freight-forwarding-uk\/hayes-freight-forwarder\/\">Transitaire Hayes<\/a><\/p>","protected":false},"excerpt":{"rendered":"<p>Below we look at the 12 &#8220;best&#8221; Freight Forwarding companies in Dover out of 25. To learn more about how we chose the best please consult our FAQ section at the end. Please not the following listings are in no particular order and we are not making any recommendations for any particular company. DHL Freight [&hellip;]<\/p>\n","protected":false},"author":1,"featured_media":0,"parent":13427,"menu_order":0,"comment_status":"open","ping_status":"open","template":"","meta":{"_genesis_hide_title":false,"_genesis_hide_breadcrumbs":false,"_genesis_hide_singular_image":false,"_genesis_hide_footer_widgets":false,"_genesis_custom_body_class":"","_genesis_custom_post_class":"","_genesis_layout":"","footnotes":""},"class_list":{"0":"post-13654","1":"page","2":"type-page","3":"status-publish","5":"entry"},"_links":{"self":[{"href":"https:\/\/moverdb.com\/fr\/wp-json\/wp\/v2\/pages\/13654","targetHints":{"allow":["GET"]}}],"collection":[{"href":"https:\/\/moverdb.com\/fr\/wp-json\/wp\/v2\/pages"}],"about":[{"href":"https:\/\/moverdb.com\/fr\/wp-json\/wp\/v2\/types\/page"}],"author":[{"embeddable":true,"href":"https:\/\/moverdb.com\/fr\/wp-json\/wp\/v2\/users\/1"}],"replies":[{"embeddable":true,"href":"https:\/\/moverdb.com\/fr\/wp-json\/wp\/v2\/comments?post=13654"}],"version-history":[{"count":1,"href":"https:\/\/moverdb.com\/fr\/wp-json\/wp\/v2\/pages\/13654\/revisions"}],"predecessor-version":[{"id":15686,"href":"https:\/\/moverdb.com\/fr\/wp-json\/wp\/v2\/pages\/13654\/revisions\/15686"}],"up":[{"embeddable":true,"href":"https:\/\/moverdb.com\/fr\/wp-json\/wp\/v2\/pages\/13427"}],"wp:attachment":[{"href":"https:\/\/moverdb.com\/fr\/wp-json\/wp\/v2\/media?parent=13654"}],"curies":[{"name":"wp","href":"https:\/\/api.w.org\/{rel}","templated":true}]}}