{"id":13628,"date":"2023-11-08T15:51:25","date_gmt":"2023-11-08T15:51:25","guid":{"rendered":"https:\/\/moverdb.com\/freight-forwarder\/freight-forwarding-uk\/bristol-freight-forwarder\/"},"modified":"2026-01-08T14:55:35","modified_gmt":"2026-01-08T14:55:35","slug":"bristol-freight-forwarder","status":"publish","type":"page","link":"https:\/\/moverdb.com\/fr\/freight-forwarder\/freight-forwarding-uk\/bristol-freight-forwarder\/","title":{"rendered":"14 Meilleures entreprises de transport de marchandises de Bristol (2024)"},"content":{"rendered":"<p>Ci-dessous, nous examinons les 14 <em>\"meilleur\"<\/em> Entreprises de transport de marchandises en <a href=\"\" data-internallinksmanager029f6b8e52c=\"36\" title=\"Bristol\">Bristol<\/a> sur 27.<\/p>\n<p>Pour en savoir plus sur la mani\u00e8re dont nous avons choisi les meilleurs, veuillez consulter notre section FAQ \u00e0 la fin.<\/p>\n<p><em>Veuillez noter que les listes suivantes ne sont pas class\u00e9es dans un ordre particulier et que nous ne recommandons aucune entreprise en particulier.<\/em><\/p>\n<div id=\"ez-toc-container\" class=\"ez-toc-v2_0_82_2 ez-toc-wrap-left counter-hierarchy ez-toc-counter ez-toc-transparent ez-toc-container-direction\">\n<div class=\"ez-toc-title-container\">\n<p class=\"ez-toc-title\" style=\"cursor:inherit\">Sections<\/p>\n<span class=\"ez-toc-title-toggle\"><a href=\"#\" class=\"ez-toc-pull-right ez-toc-btn ez-toc-btn-xs ez-toc-btn-default ez-toc-toggle\" aria-label=\"Toggle Table des mati\u00e8res\"><span class=\"ez-toc-js-icon-con\"><span class=\"\"><span class=\"eztoc-hide\" style=\"display:none;\">Toggle<\/span><span class=\"ez-toc-icon-toggle-span\"><svg style=\"fill: #999;color:#999\" xmlns=\"http:\/\/www.w3.org\/2000\/svg\" class=\"list-377408\" width=\"20px\" height=\"20px\" viewbox=\"0 0 24 24\" fill=\"none\"><path d=\"M6 6H4v2h2V6zm14 0H8v2h12V6zM4 11h2v2H4v-2zm16 0H8v2h12v-2zM4 16h2v2H4v-2zm16 0H8v2h12v-2z\" fill=\"currentColor\"><\/path><\/svg><svg style=\"fill: #999;color:#999\" class=\"arrow-unsorted-368013\" xmlns=\"http:\/\/www.w3.org\/2000\/svg\" width=\"10px\" height=\"10px\" viewbox=\"0 0 24 24\" version=\"1.2\" baseprofile=\"tiny\"><path d=\"M18.2 9.3l-6.2-6.3-6.2 6.3c-.2.2-.3.4-.3.7s.1.5.3.7c.2.2.4.3.7.3h11c.3 0 .5-.1.7-.3.2-.2.3-.5.3-.7s-.1-.5-.3-.7zM5.8 14.7l6.2 6.3 6.2-6.3c.2-.2.3-.5.3-.7s-.1-.5-.3-.7c-.2-.2-.4-.3-.7-.3h-11c-.3 0-.5.1-.7.3-.2.2-.3.5-.3.7s.1.5.3.7z\"\/><\/svg><\/span><\/span><\/span><\/a><\/span><\/div>\n<nav><ul class='ez-toc-list ez-toc-list-level-1 eztoc-toggle-hide-by-default' ><li class='ez-toc-page-1 ez-toc-heading-level-2'><a class=\"ez-toc-link ez-toc-heading-1\" href=\"https:\/\/moverdb.com\/fr\/freight-forwarder\/freight-forwarding-uk\/bristol-freight-forwarder\/#FORWARDER_magazine\" >Magazine FORWARDER<\/a><\/li><li class='ez-toc-page-1 ez-toc-heading-level-2'><a class=\"ez-toc-link ez-toc-heading-2\" href=\"https:\/\/moverdb.com\/fr\/freight-forwarder\/freight-forwarding-uk\/bristol-freight-forwarder\/#DB_Schenker\" >DB Schenker<\/a><\/li><li class='ez-toc-page-1 ez-toc-heading-level-2'><a class=\"ez-toc-link ez-toc-heading-3\" href=\"https:\/\/moverdb.com\/fr\/freight-forwarder\/freight-forwarding-uk\/bristol-freight-forwarder\/#Linking_Freight_Ltd\" >Linking Freight Ltd<\/a><\/li><li class='ez-toc-page-1 ez-toc-heading-level-2'><a class=\"ez-toc-link ez-toc-heading-4\" href=\"https:\/\/moverdb.com\/fr\/freight-forwarder\/freight-forwarding-uk\/bristol-freight-forwarder\/#Davies_Turner_Co_Ltd\" >Davies Turner &amp; Co Ltd<\/a><\/li><li class='ez-toc-page-1 ez-toc-heading-level-2'><a class=\"ez-toc-link ez-toc-heading-5\" href=\"https:\/\/moverdb.com\/fr\/freight-forwarder\/freight-forwarding-uk\/bristol-freight-forwarder\/#Radius_Warehouse_Logistic_Services\" >Radius Warehouse &amp; Logistic Services<\/a><\/li><li class='ez-toc-page-1 ez-toc-heading-level-2'><a class=\"ez-toc-link ez-toc-heading-6\" href=\"https:\/\/moverdb.com\/fr\/freight-forwarder\/freight-forwarding-uk\/bristol-freight-forwarder\/#Expeditors\" >Exp\u00e9diteurs<\/a><\/li><li class='ez-toc-page-1 ez-toc-heading-level-2'><a class=\"ez-toc-link ez-toc-heading-7\" href=\"https:\/\/moverdb.com\/fr\/freight-forwarder\/freight-forwarding-uk\/bristol-freight-forwarder\/#AGI_Global_Logistics_Ltd_Bristol\" >AGI Global Logistics Ltd Bristol<\/a><\/li><li class='ez-toc-page-1 ez-toc-heading-level-2'><a class=\"ez-toc-link ez-toc-heading-8\" href=\"https:\/\/moverdb.com\/fr\/freight-forwarder\/freight-forwarding-uk\/bristol-freight-forwarder\/#Concordia_International_Forwarding_Ltd\" >Concordia International Forwarding Ltd<\/a><\/li><li class='ez-toc-page-1 ez-toc-heading-level-2'><a class=\"ez-toc-link ez-toc-heading-9\" href=\"https:\/\/moverdb.com\/fr\/freight-forwarder\/freight-forwarding-uk\/bristol-freight-forwarder\/#RSJ_International_Freight_Services_Ltd\" >RSJ International Freight Services Ltd<\/a><\/li><li class='ez-toc-page-1 ez-toc-heading-level-2'><a class=\"ez-toc-link ez-toc-heading-10\" href=\"https:\/\/moverdb.com\/fr\/freight-forwarder\/freight-forwarding-uk\/bristol-freight-forwarder\/#Brunel_Shipping_Liner_Services\" >Brunel Shipping &amp; Liner Services<\/a><\/li><li class='ez-toc-page-1 ez-toc-heading-level-2'><a class=\"ez-toc-link ez-toc-heading-11\" href=\"https:\/\/moverdb.com\/fr\/freight-forwarder\/freight-forwarding-uk\/bristol-freight-forwarder\/#Gefco_Forwarding\" >Gefco Forwarding<\/a><\/li><li class='ez-toc-page-1 ez-toc-heading-level-2'><a class=\"ez-toc-link ez-toc-heading-12\" href=\"https:\/\/moverdb.com\/fr\/freight-forwarder\/freight-forwarding-uk\/bristol-freight-forwarder\/#Darabant_Ltd\" >Darabant Ltd.<\/a><\/li><li class='ez-toc-page-1 ez-toc-heading-level-2'><a class=\"ez-toc-link ez-toc-heading-13\" href=\"https:\/\/moverdb.com\/fr\/freight-forwarder\/freight-forwarding-uk\/bristol-freight-forwarder\/#Plexus_Freight_Ltd\" >Plexus Freight Ltd<\/a><\/li><li class='ez-toc-page-1 ez-toc-heading-level-2'><a class=\"ez-toc-link ez-toc-heading-14\" href=\"https:\/\/moverdb.com\/fr\/freight-forwarder\/freight-forwarding-uk\/bristol-freight-forwarder\/#DHL_Freight\" >DHL Freight<\/a><\/li><li class='ez-toc-page-1 ez-toc-heading-level-2'><a class=\"ez-toc-link ez-toc-heading-15\" href=\"https:\/\/moverdb.com\/fr\/freight-forwarder\/freight-forwarding-uk\/bristol-freight-forwarder\/#How_we_picked_the_best_Bristol_Freight_Forwarding_Companies\" >Comment nous avons s\u00e9lectionn\u00e9 les meilleurs transitaires de Bristol<\/a><\/li><\/ul><\/nav><\/div>\n<h2><span class=\"ez-toc-section\" id=\"FORWARDER_magazine\"><\/span>Magazine FORWARDER<span class=\"ez-toc-section-end\"><\/span><\/h2>\n<p><img decoding=\"async\" src=\"https:\/\/moverdb.com\/wp-content\/uploads\/thumbnailpanoidXnayB0vNGYwDOjO81WZBMwcb_clientsearch.gws-prod.gpsw408h240yaw139.jpg\" alt='Magazine FORWARDER' class=\"aligncenter\"><\/p>\n<p><strong>Description de l'entreprise : <\/strong>La premi\u00e8re source de nouvelles, d'informations et de conseils en mati\u00e8re de logistique, d'exp\u00e9dition et de transport de fret.<\/p>\n<p> Exp\u00e9dition \u00e0 <a href=\"https:\/\/moverdb.com\/fr\/moving-to-china\/\" data-internallinksmanager029f6b8e52c=\"357\" title=\"D\u00e9m\u00e9nager en Chine ? 2026 Co\u00fbts de la vie et conseils de relocalisation\">Chine<\/a>? Mise en \u0153uvre d'un syst\u00e8me de s\u00e9curit\u00e9 pour les entrep\u00f4ts ? L'\u00e9valuation des syst\u00e8mes de gestion de la cha\u00eene d'approvisionnement ou du transport ? Qu'il s'agisse d'avis d'experts ou de connaissances sp\u00e9cifiques \u00e0 un pays, nous vous apportons tout ce dont vous avez besoin pour prosp\u00e9rer dans le monde du fret.<\/p>\n<p><strong>Services suppl\u00e9mentaires :<\/strong><\/p>\n<p>Aucune liste<\/p>\n<p><strong>Adresse :<\/strong> Unit\u00e9 8, Apex Court Woodlands, Bradley Stoke, Bristol BS32 4JT<\/p>\n<p><a href=\"https:\/\/forwardermagazine.com\/\" target=\"_new\" rel=\"noopener\">Site web du magazine FORWARDER<\/a><\/p>\n<p><strong>Note d'examen : <\/strong>5<br \/> <strong>Nombre d'\u00e9valuations :<\/strong> 4<br \/><a href=\"https:\/\/www.google.co.uk\/maps?cid=9896521538394941101&#038;hl=en&#038;gl=GB\" target=\"_new\" rel=\"noopener\">Lire les commentaires<\/a><\/p>\n<h2><span class=\"ez-toc-section\" id=\"DB_Schenker\"><\/span>DB Schenker<span class=\"ez-toc-section-end\"><\/span><\/h2>\n<p><img decoding=\"async\" src=\"https:\/\/moverdb.com\/wp-content\/uploads\/AF1QipM28Skl7HYpCo-qYIRjMJr04QEHbn4T2eKx09jbw408-h725-k-no.jpg\" alt='DB Schenker' class=\"aligncenter\"><\/p>\n<p><strong>Description de l'entreprise : <\/strong>Aucune n'est fournie<\/p>\n<p><strong>Services suppl\u00e9mentaires :<\/strong><\/p>\n<p>Soci\u00e9t\u00e9 de livraison<\/p>\n<p><strong>Adresse :<\/strong> Unit 21 Boundary Rd, Avonmouth, Bristol BS11 8AZ<\/p>\n<p><a href=\"http:\/\/www.dbschenker.com\/uk\" target=\"_new\" rel=\"noopener\">Site web de DB Schenker<\/a><\/p>\n<p><strong>Note d'examen : <\/strong>4.3<br \/> <strong>Nombre d'\u00e9valuations :<\/strong> 6<br \/><a href=\"https:\/\/www.google.co.uk\/maps?cid=17260293302335849592&#038;hl=en&#038;gl=GB\" target=\"_new\" rel=\"noopener\">Lire les commentaires<\/a><\/p>\n<h2><span class=\"ez-toc-section\" id=\"Linking_Freight_Ltd\"><\/span>Linking Freight Ltd<span class=\"ez-toc-section-end\"><\/span><\/h2>\n<p><img decoding=\"async\" src=\"https:\/\/moverdb.com\/wp-content\/uploads\/thumbnailpanoidrKQx2dmMDlH6FYkF73yz6Qcb_clientsearch.gws-prod.gpsw408h240yaw4.jpg\" alt='Linking Freight Ltd' class=\"aligncenter\"><\/p>\n<p><strong>Description de l'entreprise : <\/strong>Nous sommes une soci\u00e9t\u00e9 ind\u00e9pendante de courtage en fret avec des bureaux \u00e0 Londres et \u00e0 Bristol.<\/p>\n<p> Avec des agents dans le monde entier et une \u00e9quipe exp\u00e9riment\u00e9e et cr\u00e9ative, nous ferons de notre mieux pour prendre soin de votre cargaison et l'amener \u00e0 sa destination finale.<\/p>\n<p><strong>Services suppl\u00e9mentaires :<\/strong><\/p>\n<p>Aucune liste<\/p>\n<p><strong>Adresse :<\/strong> Newminster House, 27-29 Baldwin St, Bristol BS1 1LT<\/p>\n<p><a href=\"http:\/\/linkingfreight.co.uk\/\" target=\"_new\" rel=\"noopener\">Site web de Linking Freight Ltd<\/a><\/p>\n<p><strong>Note d'examen : <\/strong>5<br \/> <strong>Nombre d'\u00e9valuations :<\/strong> 1<br \/><a href=\"https:\/\/www.google.co.uk\/maps?cid=2853978746773574793&#038;hl=en&#038;gl=GB\" target=\"_new\" rel=\"noopener\">Lire les commentaires<\/a><\/p>\n<h2><span class=\"ez-toc-section\" id=\"Davies_Turner_Co_Ltd\"><\/span>Davies Turner &amp; Co Ltd<span class=\"ez-toc-section-end\"><\/span><\/h2>\n<p><img decoding=\"async\" src=\"https:\/\/moverdb.com\/wp-content\/uploads\/AF1QipO9Kxl3JQMV7ICSFnsyfYhNfEIpfv5DyJ0rbcuyw672-h240-k-no.jpg\" alt='Davies Turner &amp; Co Ltd' class=\"aligncenter\"><\/p>\n<p><strong>Description de l'entreprise : <\/strong>Chez Davies Turner, notre objectif est de fournir une solution compl\u00e8te en mati\u00e8re de cha\u00eene d'approvisionnement.<\/p>\n<p> Notre vaste r\u00e9seau international offre des capacit\u00e9s in\u00e9gal\u00e9es, en proposant des services de transport a\u00e9rien, logistique, maritime et routier.<\/p>\n<p> Nous disposons \u00e9galement d'un syst\u00e8me d'entreposage \u00e9tendu et perfectionn\u00e9 dans l'ensemble de l'Union europ\u00e9enne. <a href=\"https:\/\/moverdb.com\/fr\/moving-to-the-uk\/\" data-internallinksmanager029f6b8e52c=\"93\" title=\"Vous partez au Royaume-Uni ? 2026 Co\u00fbt de la vie et conseils de relocalisation\">ROYAUME-UNI<\/a>Les services de gestion des entrep\u00f4ts, avec des syst\u00e8mes de gestion d'entrep\u00f4t sophistiqu\u00e9s et des installations de d\u00e9douanement internes.<\/p>\n<p><strong>Services suppl\u00e9mentaires :<\/strong><\/p>\n<p>Service de distribution<\/p>\n<p>Soci\u00e9t\u00e9 d'import-export<\/p>\n<p>Service logistique<\/p>\n<p>Soci\u00e9t\u00e9 de livraison<\/p>\n<p><strong>Adresse :<\/strong> Western Freight Terminal, Fifth Way, Avonmouth, Bristol BS11 8DT<\/p>\n<p><a href=\"http:\/\/www.daviesturner.com\/\" target=\"_new\" rel=\"noopener\">Site web de Davies Turner &amp; Co Ltd<\/a><\/p>\n<p><strong>Note d'examen : <\/strong>4.1<br \/> <strong>Nombre d'\u00e9valuations :<\/strong> 139<br \/><a href=\"https:\/\/www.google.co.uk\/maps?cid=17357679786342511168&#038;hl=en&#038;gl=GB\" target=\"_new\" rel=\"noopener\">Lire les commentaires<\/a><\/p>\n<h2><span class=\"ez-toc-section\" id=\"Radius_Warehouse_Logistic_Services\"><\/span>Radius Warehouse &amp; Logistic Services<span class=\"ez-toc-section-end\"><\/span><\/h2>\n<p><img decoding=\"async\" src=\"https:\/\/moverdb.com\/wp-content\/uploads\/AF1QipMqx74W-qAyrRnmcpiO8UUP6i8Qtz-VgBDfmEow426-h240-k-no.jpg\" alt='Radius Warehouse &amp; Logistic Services' class=\"aligncenter\"><\/p>\n<p><strong>Description de l'entreprise : <\/strong>Aucune n'est fournie<\/p>\n<p><strong>Services suppl\u00e9mentaires :<\/strong><\/p>\n<p>Service de commerce \u00e9lectronique<\/p>\n<p>Entrep\u00f4t<\/p>\n<p><strong>Adresse :<\/strong> Unit 3, Portside Park, Kings Weston Ln, Avonmouth, Bristol BS11 8AR<\/p>\n<p><a href=\"http:\/\/www.radiuslogistics.co.uk\/\" target=\"_new\" rel=\"noopener\">Site web de Radius Warehouse &amp; Logistic Services<\/a><\/p>\n<p><strong>Note d'examen : <\/strong>5<br \/> <strong>Nombre d'\u00e9valuations :<\/strong> 5<br \/><a href=\"https:\/\/www.google.co.uk\/maps?cid=510481636241925538&#038;hl=en&#038;gl=GB\" target=\"_new\" rel=\"noopener\">Lire les commentaires<\/a><\/p>\n<h2><span class=\"ez-toc-section\" id=\"Expeditors\"><\/span>Exp\u00e9diteurs<span class=\"ez-toc-section-end\"><\/span><\/h2>\n<p><img decoding=\"async\" src=\"https:\/\/moverdb.com\/wp-content\/uploads\/AF1QipPJ4dN2sY_JpWhXq-AqeFn8x3lS5qSYfLgHe_Ezw408-h604-k-no.jpg\" alt='Exp\u00e9diteurs' class=\"aligncenter\"><\/p>\n<p><strong>Description de l'entreprise : <\/strong>Aucune n'est fournie<\/p>\n<p><strong>Services suppl\u00e9mentaires :<\/strong><\/p>\n<p>Aucune liste<\/p>\n<p><strong>Adresse :<\/strong> Western Approach, Building 6030, Collins Dr, Severn Beach, Bristol BS35 4GG<\/p>\n<p><a href=\"http:\/\/www.expeditors.com\/\" target=\"_new\" rel=\"noopener\">Site web des Exp\u00e9diteurs<\/a><\/p>\n<p><strong>Note d'examen : <\/strong>4.6<br \/> <strong>Nombre d'\u00e9valuations :<\/strong> 19<br \/><a href=\"https:\/\/www.google.co.uk\/maps?cid=18279511369546906393&#038;hl=en&#038;gl=GB\" target=\"_new\" rel=\"noopener\">Lire les commentaires<\/a><\/p>\n<h2><span class=\"ez-toc-section\" id=\"AGI_Global_Logistics_Ltd_Bristol\"><\/span>AGI Global Logistics Ltd Bristol<span class=\"ez-toc-section-end\"><\/span><\/h2>\n<p><img decoding=\"async\" src=\"https:\/\/lh5.googleusercontent.com\/p\/AF1QipNvUK4_ILPeUuAiJRBgxrrhea68ohLDUvA6qfLQ=w408-h272-k-no\" alt=\"AGI Global Logistics Ltd Bristol\" class=\"aligncenter\"><\/p>\n<p><strong>Description de l'entreprise : <\/strong>Aucune n'est fournie<\/p>\n<p><strong>Services suppl\u00e9mentaires :<\/strong><\/p>\n<p>Service de transport<\/p>\n<p><strong>Adresse :<\/strong> Windmill House, Henfield Rd, Bristol BS36 2FE<\/p>\n<p><a href=\"http:\/\/www.agi.global\/\" target=\"_new\" rel=\"noopener\">Site web d'AGI Global Logistics Ltd Bristol<\/a><\/p>\n<p><strong>Note d'examen : <\/strong>4.8<br \/> <strong>Nombre d'\u00e9valuations :<\/strong> 20<br \/><a href=\"https:\/\/www.google.co.uk\/maps?cid=13571177958670377164&#038;hl=en&#038;gl=GB\" target=\"_new\" rel=\"noopener\">Lire les commentaires<\/a><\/p>\n<h2><span class=\"ez-toc-section\" id=\"Concordia_International_Forwarding_Ltd\"><\/span>Concordia International Forwarding Ltd<span class=\"ez-toc-section-end\"><\/span><\/h2>\n<p><img decoding=\"async\" src=\"https:\/\/moverdb.com\/wp-content\/uploads\/thumbnailpanoidba8vVLwujMhMvWQNOJ4LMQcb_clientsearch.gws-prod.gpsw408h240yaw346.jpg\" alt='Concordia International Forwarding Ltd' class=\"aligncenter\"><\/p>\n<p><strong>Description de l'entreprise : <\/strong>Aucune n'est fournie<\/p>\n<p><strong>Services suppl\u00e9mentaires :<\/strong><\/p>\n<p>Aucune liste<\/p>\n<p><strong>Adresse :<\/strong> Avon Riverside Estate, Victoria Rd, Avonmouth, Bristol BS11 9DB<\/p>\n<p><a href=\"https:\/\/www.concordiafreight.com\/\" target=\"_new\" rel=\"noopener\">Site web de Concordia International Forwarding Ltd<\/a><\/p>\n<p><strong>Note d'examen : <\/strong>5<br \/> <strong>Nombre d'\u00e9valuations :<\/strong> 3<br \/><a href=\"https:\/\/www.google.co.uk\/maps?cid=9448656488270580648&#038;hl=en&#038;gl=GB\" target=\"_new\" rel=\"noopener\">Lire les commentaires<\/a><\/p>\n<h2><span class=\"ez-toc-section\" id=\"RSJ_International_Freight_Services_Ltd\"><\/span>RSJ International Freight Services Ltd<span class=\"ez-toc-section-end\"><\/span><\/h2>\n<p><img decoding=\"async\" src=\"https:\/\/moverdb.com\/wp-content\/uploads\/thumbnailpanoidJRg8arWP-nN58ZbU0rRp3wcb_clientsearch.gws-prod.gpsw408h240yaw203.jpg\" alt='RSJ International Freight Services Ltd' class=\"aligncenter\"><\/p>\n<p><strong>Description de l'entreprise : <\/strong>Aucune n'est fournie<\/p>\n<p><strong>Services suppl\u00e9mentaires :<\/strong><\/p>\n<p>Service interentreprises<\/p>\n<p>Soci\u00e9t\u00e9 de livraison<\/p>\n<p><strong>Adresse :<\/strong> Unit\u00e9 16\/Londonderry Farm\/Keynsham Rd, Bristol BS30 6EL<\/p>\n<p><a href=\"https:\/\/www.rsj-international.co.uk\/\" target=\"_new\" rel=\"noopener\">Site web de RSJ International Freight Services Ltd<\/a><\/p>\n<p><strong>Note d'examen : <\/strong>5<br \/> <strong>Nombre d'\u00e9valuations :<\/strong> 1<br \/><a href=\"https:\/\/www.google.co.uk\/maps?cid=17200395291416554045&#038;hl=en&#038;gl=GB\" target=\"_new\" rel=\"noopener\">Lire les commentaires<\/a><\/p>\n<h2><span class=\"ez-toc-section\" id=\"Brunel_Shipping_Liner_Services\"><\/span>Brunel Shipping &amp; Liner Services<span class=\"ez-toc-section-end\"><\/span><\/h2>\n<p><img decoding=\"async\" src=\"https:\/\/moverdb.com\/wp-content\/uploads\/AF1QipMoSUckdnxeboSxvLuxgbLmmg9Ol0PvscD-nWgQw426-h240-k-no.jpg\" alt='Brunel Shipping &amp; Liner Services' class=\"aligncenter\"><\/p>\n<p><strong>Description de l'entreprise : <\/strong>Aucune n'est fournie<\/p>\n<p><strong>Services suppl\u00e9mentaires :<\/strong><\/p>\n<p>Aucune liste<\/p>\n<p><strong>Adresse :<\/strong> 95 Stokes Croft, Bristol BS1 3RD<\/p>\n<p><a href=\"http:\/\/www.brunelshipping.com\/\" target=\"_new\" rel=\"noopener\">Site web de Brunel Shipping &amp; Liner Services<\/a><\/p>\n<p><strong>Note d'examen : <\/strong>2.5<br \/> <strong>Nombre d'\u00e9valuations :<\/strong> 2<br \/><a href=\"https:\/\/www.google.co.uk\/maps?cid=7554355835457306517&#038;hl=en&#038;gl=GB\" target=\"_new\" rel=\"noopener\">Lire les commentaires<\/a><\/p>\n<h2><span class=\"ez-toc-section\" id=\"Gefco_Forwarding\"><\/span>Gefco Forwarding<span class=\"ez-toc-section-end\"><\/span><\/h2>\n<p><img decoding=\"async\" src=\"https:\/\/moverdb.com\/wp-content\/uploads\/thumbnailpanoidUDMIvbqb5GCisvcoHJRWXwcb_clientsearch.gws-prod.gpsw408h240yaw52.jpg\" alt='Gefco Forwarding' class=\"aligncenter\"><\/p>\n<p><strong>Description de l'entreprise : <\/strong>Aucune n'est fournie<\/p>\n<p><strong>Services suppl\u00e9mentaires :<\/strong><\/p>\n<p>Aucune liste<\/p>\n<p><strong>Adresse :<\/strong> Unit\u00e9 8, I O Centre, Moorend Farm Ave, Bristol BS11 0QL<\/p>\n<p><a href=\"https:\/\/www.gefco.net\/en\/\" target=\"_new\" rel=\"noopener\">Site web de Gefco Forwarding<\/a><\/p>\n<p><strong>Note d'examen : <\/strong>4<br \/> <strong>Nombre d'\u00e9valuations :<\/strong> 9<br \/><a href=\"https:\/\/www.google.co.uk\/maps?cid=15368974737175324232&#038;hl=en&#038;gl=GB\" target=\"_new\" rel=\"noopener\">Lire les commentaires<\/a><\/p>\n<h2><span class=\"ez-toc-section\" id=\"Darabant_Ltd\"><\/span>Darabant Ltd.<span class=\"ez-toc-section-end\"><\/span><\/h2>\n<p><img decoding=\"async\" src=\"https:\/\/moverdb.com\/wp-content\/uploads\/thumbnailpanoid-gXOGy94N2prAsV05BzXKwcb_clientsearch.gws-prod.gpsw408h240yaw153.jpg\" alt='Darabant Ltd.' class=\"aligncenter\"><\/p>\n<p><strong>Description de l'entreprise : <\/strong>Aucune n'est fournie<\/p>\n<p><strong>Services suppl\u00e9mentaires :<\/strong><\/p>\n<p>Aucune liste<\/p>\n<p><strong>Adresse :<\/strong> Parkway House, Hambrook Ln, Stoke Gifford, Bristol BS34 8QB<\/p>\n<p><a href=\"http:\/\/dtrans.co.uk\/\" target=\"_new\" rel=\"noopener\">Site web de Darabant Ltd.<\/a><\/p>\n<p><strong>Note d'examen : <\/strong>5<br \/> <strong>Nombre d'\u00e9valuations :<\/strong> 2<br \/><a href=\"https:\/\/www.google.co.uk\/maps?cid=12817488922797848942&#038;hl=en&#038;gl=GB\" target=\"_new\" rel=\"noopener\">Lire les commentaires<\/a><\/p>\n<h2><span class=\"ez-toc-section\" id=\"Plexus_Freight_Ltd\"><\/span>Plexus Freight Ltd<span class=\"ez-toc-section-end\"><\/span><\/h2>\n<p><img decoding=\"async\" src=\"https:\/\/moverdb.com\/wp-content\/uploads\/AF1QipNwzMZFnA7qS34mJYkLTdLd7QsJswuqrYOnSlK1w408-h306-k-no.jpg\" alt='Plexus Freight Ltd' class=\"aligncenter\"><\/p>\n<p><strong>Description de l'entreprise : <\/strong>Le leader britannique de la <a href=\"https:\/\/moverdb.com\/fr\/freight-forwarder\/\" data-internallinksmanager029f6b8e52c=\"17\" title=\"Guide des co\u00fbts et des entreprises des transitaires et NVOCC internationaux\">commissionnaire de transport<\/a> <a href=\"https:\/\/moverdb.com\/fr\/shipping-companies\/\" data-internallinksmanager029f6b8e52c=\"4\" title=\"Les 10 meilleures soci\u00e9t\u00e9s internationales d&#039;exp\u00e9dition de conteneurs\">compagnie de navigation<\/a>La logistique du fret europ\u00e9en et le fret routier express pour les importations, les exportations et les trafics crois\u00e9s.<\/p>\n<p><strong>Services suppl\u00e9mentaires :<\/strong><\/p>\n<p>Service de messagerie<\/p>\n<p>Service de transport<\/p>\n<p><strong>Adresse :<\/strong> Kestrel court, Harbour Rd, Portishead, Bristol BS20 7AN<\/p>\n<p><a href=\"https:\/\/www.plexusfreight.com\/\" target=\"_new\" rel=\"noopener\">Site web de Plexus Freight Ltd<\/a><\/p>\n<p><strong>Note d'examen : <\/strong>4.8<br \/> <strong>Nombre d'\u00e9valuations :<\/strong> 41<br \/><a href=\"https:\/\/www.google.co.uk\/maps?cid=2230762199293397782&#038;hl=en&#038;gl=GB\" target=\"_new\" rel=\"noopener\">Lire les commentaires<\/a><\/p>\n<h2><span class=\"ez-toc-section\" id=\"DHL_Freight\"><\/span>DHL Freight<span class=\"ez-toc-section-end\"><\/span><\/h2>\n<p><img decoding=\"async\" src=\"https:\/\/moverdb.com\/wp-content\/uploads\/AF1QipOqvBlUJ0ZXd9peCDrjU7ClBB9zaXYJfSDtoqCdw408-h306-k-no.jpg\" alt='DHL Freight' class=\"aligncenter\"><\/p>\n<p><strong>Description de l'entreprise : <\/strong>Aucune n'est fournie<\/p>\n<p><strong>Services suppl\u00e9mentaires :<\/strong><\/p>\n<p>Aucune liste<\/p>\n<p><strong>Adresse :<\/strong> Avonmouth Way, Avonmouth, Bristol BS11 9HL<\/p>\n<p><a href=\"http:\/\/www.dhl.co.uk\/freight\" target=\"_new\" rel=\"noopener\">Site web de DHL Freight<\/a><\/p>\n<p><strong>Note d'examen : <\/strong>4.7<br \/> <strong>Nombre d'\u00e9valuations :<\/strong> 3<br \/><a href=\"https:\/\/www.google.co.uk\/maps?cid=6921321511174811929&#038;hl=en&#038;gl=GB\" target=\"_new\" rel=\"noopener\">Lire les commentaires<\/a><\/p>\n<h2><span class=\"ez-toc-section\" id=\"How_we_picked_the_best_Bristol_Freight_Forwarding_Companies\"><\/span>Comment nous avons s\u00e9lectionn\u00e9 les meilleurs transitaires de Bristol<span class=\"ez-toc-section-end\"><\/span><\/h2>\n<p>Nous avons commenc\u00e9 par un ensemble de 27 soci\u00e9t\u00e9s de transport de Bristol que nous avons trouv\u00e9es sur Google Maps et nous avons r\u00e9duit notre liste aux 14 meilleures.<\/p>\n<p>Pour ce faire, nous avons supprim\u00e9 toutes les entreprises qui<\/p>\n<ul>\n<li> N'avait pas de site web<\/li>\n<li> N'a fait l'objet d'aucune critique<\/li>\n<li> A obtenu une note moyenne inf\u00e9rieure \u00e0 2,0<\/li>\n<\/ul>\n<p>\u00c0 ce stade, si nous avions 17 transitaires ou moins, nous les avons tous r\u00e9pertori\u00e9s.<\/p>\n<p>Pour les villes o\u00f9 il restait plus de 17 transitaires, nous avons proc\u00e9d\u00e9 \u00e0 d'autres r\u00e9visions en augmentant la note requise (par exemple, en passant d'un minimum de 2,0 \u00e0 4,0) et\/ou en augmentant le nombre minimum d'\u00e9valuations requises (par exemple, en passant d'au moins 1 \u00e9valuation \u00e0 au moins 10).<\/p>\n<p>Il est \u00e0 noter que nous n'avons utilis\u00e9 que les donn\u00e9es d'\u00e9valuation de Google Maps et pas celles d'autres sites web tiers.<\/p>\n<p>Plus de villes :<\/p>\n<p><a href=\"https:\/\/moverdb.com\/fr\/transporteur-de-marchandises\/freight-forwarding-uk\/sheffield-freight-forwarder\/\">Transitaire de Sheffield<\/a><br \/><a href=\"https:\/\/moverdb.com\/fr\/transporteur-de-marchandises\/freight-forwarding-uk\/dover-freight-forwarder\/\">Transitaire Dover<\/a><br \/><a href=\"https:\/\/moverdb.com\/fr\/transporteur-de-marchandises\/freight-forwarding-uk\/ashford-freight-forwarder\/\">Transitaire Ashford<\/a><br \/><a href=\"https:\/\/moverdb.com\/fr\/transporteur-de-marchandises\/freight-forwarding-uk\/egham-freight-forwarder\/\">Transitaire Egham<\/a><br \/><a href=\"https:\/\/moverdb.com\/fr\/transporteur-de-marchandises\/freight-forwarding-uk\/leeds-freight-forwarder\/\">Transitaire de Leeds<\/a><\/p>","protected":false},"excerpt":{"rendered":"<p>Below we look at the 14 &#8220;best&#8221; Freight Forwarding companies in Bristol out of 27. To learn more about how we chose the best please consult our FAQ section at the end. Please not the following listings are in no particular order and we are not making any recommendations for any particular company. FORWARDER magazine [&hellip;]<\/p>\n","protected":false},"author":1,"featured_media":0,"parent":13427,"menu_order":0,"comment_status":"open","ping_status":"open","template":"","meta":{"_genesis_hide_title":false,"_genesis_hide_breadcrumbs":false,"_genesis_hide_singular_image":false,"_genesis_hide_footer_widgets":false,"_genesis_custom_body_class":"","_genesis_custom_post_class":"","_genesis_layout":"","footnotes":""},"class_list":{"0":"post-13628","1":"page","2":"type-page","3":"status-publish","5":"entry"},"_links":{"self":[{"href":"https:\/\/moverdb.com\/fr\/wp-json\/wp\/v2\/pages\/13628","targetHints":{"allow":["GET"]}}],"collection":[{"href":"https:\/\/moverdb.com\/fr\/wp-json\/wp\/v2\/pages"}],"about":[{"href":"https:\/\/moverdb.com\/fr\/wp-json\/wp\/v2\/types\/page"}],"author":[{"embeddable":true,"href":"https:\/\/moverdb.com\/fr\/wp-json\/wp\/v2\/users\/1"}],"replies":[{"embeddable":true,"href":"https:\/\/moverdb.com\/fr\/wp-json\/wp\/v2\/comments?post=13628"}],"version-history":[{"count":1,"href":"https:\/\/moverdb.com\/fr\/wp-json\/wp\/v2\/pages\/13628\/revisions"}],"predecessor-version":[{"id":15688,"href":"https:\/\/moverdb.com\/fr\/wp-json\/wp\/v2\/pages\/13628\/revisions\/15688"}],"up":[{"embeddable":true,"href":"https:\/\/moverdb.com\/fr\/wp-json\/wp\/v2\/pages\/13427"}],"wp:attachment":[{"href":"https:\/\/moverdb.com\/fr\/wp-json\/wp\/v2\/media?parent=13628"}],"curies":[{"name":"wp","href":"https:\/\/api.w.org\/{rel}","templated":true}]}}