{"id":11671,"date":"2023-11-29T10:19:29","date_gmt":"2023-11-29T10:19:29","guid":{"rendered":"https:\/\/moverdb.com\/?page_id=11671"},"modified":"2026-01-08T15:23:52","modified_gmt":"2026-01-08T15:23:52","slug":"moving-companies-us-utah","status":"publish","type":"page","link":"https:\/\/moverdb.com\/fr\/moving-companies\/moving-companies-us-utah\/","title":{"rendered":"2 Meilleures entreprises de d\u00e9m\u00e9nagements internationaux en Utah"},"content":{"rendered":"<p>Le d\u00e9m\u00e9nagement peut \u00eatre l'une des p\u00e9riodes les plus stressantes de votre vie. <a href=\"https:\/\/moverdb.com\/fr\/moving-companies\/\" data-internallinksmanager029f6b8e52c=\"79\" title=\"Les 25 meilleures soci\u00e9t\u00e9s de d\u00e9m\u00e9nagement international en ligne\">soci\u00e9t\u00e9 de d\u00e9m\u00e9nagement<\/a> pour r\u00e9duire la pression ? Une entreprise de d\u00e9m\u00e9nagement peut planifier votre d\u00e9m\u00e9nagement, organiser le transport et l'emballage de vos biens et s'occuper des formalit\u00e9s douani\u00e8res en cas de changement de pays. Nous avons dress\u00e9 ci-dessous une liste de <a href=\"https:\/\/moverdb.com\/fr\/moving-to-the-united-states\/moving-to-utah\/\" data-internallinksmanager029f6b8e52c=\"439\" title=\"D\u00e9m\u00e9nager en Utah ? 2026 Co\u00fbts de la vie et conseils de relocalisation\">Utah<\/a> bas\u00e9 sur <a href=\"https:\/\/moverdb.com\/fr\/international-removals\/\" data-internallinksmanager029f6b8e52c=\"27\" title=\"36 meilleures entreprises de d\u00e9m\u00e9nagements internationaux au Royaume-Uni\">entreprises de d\u00e9m\u00e9nagement<\/a> qui sont membres de la <a href=\"https:\/\/moverdb.com\/fr\/iam\/\" data-internallinksmanager029f6b8e52c=\"23\" title=\"L&#039;Association internationale des d\u00e9m\u00e9nageurs (IAM) expliqu\u00e9e\">Association internationale des d\u00e9m\u00e9nageurs<\/a> (IAM) et\/ou <a href=\"https:\/\/moverdb.com\/fr\/fidi-faim\/\" data-internallinksmanager029f6b8e52c=\"16\" title=\"Explication de la FIDI et du FAIM (FIDI Accredited International Mover)\">FIDI<\/a> D\u00e9m\u00e9nageur international accr\u00e9dit\u00e9 (FAIM) qui pourrait vous aider dans votre d\u00e9m\u00e9nagement.<\/p>\n<h2><strong>1. D\u00e9m\u00e9nagement de l'h\u00e9ritage<\/strong><\/h2>\n<p><img loading=\"lazy\" decoding=\"async\" class=\"alignnone size-full wp-image-11363\" src=\"https:\/\/moverdb.com\/wp-content\/uploads\/Legacy-Moving-international-moving-company.png\" alt=\"Legacy Moving entreprise de d\u00e9m\u00e9nagement international\" width=\"1440\" height=\"675\" data-wp-pid=\"11363\" srcset=\"https:\/\/moverdb.com\/wp-content\/uploads\/Legacy-Moving-international-moving-company.png 1440w, https:\/\/moverdb.com\/wp-content\/uploads\/Legacy-Moving-international-moving-company-300x141.png 300w, https:\/\/moverdb.com\/wp-content\/uploads\/Legacy-Moving-international-moving-company-1024x480.png 1024w, https:\/\/moverdb.com\/wp-content\/uploads\/Legacy-Moving-international-moving-company-18x8.png 18w, https:\/\/moverdb.com\/wp-content\/uploads\/Legacy-Moving-international-moving-company-600x281.png 600w\" sizes=\"auto, (max-width: 1440px) 100vw, 1440px\" \/><\/p>\n<ul>\n<li>Mouvements nationaux<\/li>\n<li>D\u00e9m\u00e9nagements internationaux<\/li>\n<li>D\u00e9m\u00e9nagements r\u00e9sidentiels<\/li>\n<li>D\u00e9m\u00e9nagements commerciaux et de bureaux<\/li>\n<li>Services de d\u00e9m\u00e9nagement complets<\/li>\n<li>Service d'emballage<\/li>\n<li>Organisation du transport<\/li>\n<li>Des consultants exp\u00e9riment\u00e9s<\/li>\n<li>Assur\u00e9<\/li>\n<li>Stockage s\u00e9curis\u00e9<\/li>\n<\/ul>\n<p>Legacy Moving est une entreprise de d\u00e9m\u00e9nagement et de stockage bas\u00e9e \u00e0 St George. Elle est membre de l'IAM et poss\u00e8de six ans d'exp\u00e9rience, ce qui lui permet de travailler avec un r\u00e9seau national et international d'entreprises de d\u00e9m\u00e9nagement.<\/p>\n<p>Legacy Moving propose des d\u00e9m\u00e9nagements r\u00e9sidentiels, commerciaux et de bureaux sur de longues distances et \u00e0 l'\u00e9chelle internationale. Ils offrent un service d'emballage qui utilise des fournitures d'emballage professionnelles et un personnel form\u00e9 pour s'assurer que vos biens sont emball\u00e9s en toute s\u00e9curit\u00e9. Elle met \u00e0 votre disposition des consultants exp\u00e9riment\u00e9s qui vous aideront tout au long de votre d\u00e9m\u00e9nagement et ses services sont agr\u00e9\u00e9s et assur\u00e9s. Ils fournissent \u00e9galement des installations de stockage s\u00e9curis\u00e9es si vous en avez besoin lorsque vous d\u00e9m\u00e9nagez ou avant d'emm\u00e9nager.<\/p>\n<p>Site web : <a href=\"https:\/\/legacymovingstgeorge.com\/\" target=\"_blank\" rel=\"noopener\">https:\/\/legacymovingstgeorge.com\/<\/a><\/p>\n<h2><strong>2. Mesa Moving &amp; Storage<\/strong><\/h2>\n<p><img loading=\"lazy\" decoding=\"async\" class=\"alignnone size-full wp-image-11375\" src=\"https:\/\/moverdb.com\/wp-content\/uploads\/Mesa-Moving-Storage-international-moving-company.png\" alt=\"Mesa Moving &amp; Storage entreprise de d\u00e9m\u00e9nagement international\" width=\"1440\" height=\"678\" data-wp-pid=\"11375\" srcset=\"https:\/\/moverdb.com\/wp-content\/uploads\/Mesa-Moving-Storage-international-moving-company.png 1440w, https:\/\/moverdb.com\/wp-content\/uploads\/Mesa-Moving-Storage-international-moving-company-300x141.png 300w, https:\/\/moverdb.com\/wp-content\/uploads\/Mesa-Moving-Storage-international-moving-company-1024x482.png 1024w, https:\/\/moverdb.com\/wp-content\/uploads\/Mesa-Moving-Storage-international-moving-company-18x8.png 18w, https:\/\/moverdb.com\/wp-content\/uploads\/Mesa-Moving-Storage-international-moving-company-600x283.png 600w\" sizes=\"auto, (max-width: 1440px) 100vw, 1440px\" \/><\/p>\n<ul>\n<li>D\u00e9placements locaux<\/li>\n<li>D\u00e9m\u00e9nagements longue distance<\/li>\n<li>D\u00e9m\u00e9nagements de m\u00e9nages<\/li>\n<li>D\u00e9m\u00e9nagement de bureaux et de commerces<\/li>\n<li>Service d'emballage<\/li>\n<li>Dispositions en mati\u00e8re de transport<\/li>\n<li>Manipulation d'objets d'art et d'antiquit\u00e9s<\/li>\n<li><a href=\"https:\/\/moverdb.com\/fr\/car-transport-shipping\/\" data-internallinksmanager029f6b8e52c=\"2\" title=\"2026 Devis pour le transport international de voitures et l&#039;exp\u00e9dition de v\u00e9hicules\">Exp\u00e9dition de v\u00e9hicules<\/a><\/li>\n<li>Installations de stockage<\/li>\n<\/ul>\n<p>Mesa Moving &amp; Storage est une entreprise de d\u00e9m\u00e9nagement fond\u00e9e en 1981 et implant\u00e9e \u00e0 Salt Lake City, <a href=\"https:\/\/moverdb.com\/fr\/moving-to-the-united-states\/moving-to-colorado\/\" data-internallinksmanager029f6b8e52c=\"399\" title=\"Vous d\u00e9m\u00e9nagez au Colorado ? 2026 Co\u00fbts de la vie et conseils de relocalisation\">Colorado<\/a> <a href=\"https:\/\/moverdb.com\/fr\/moving-to-the-united-states\/moving-to-idaho\/\" data-internallinksmanager029f6b8e52c=\"405\" title=\"D\u00e9m\u00e9nager dans l&#039;Idaho ? 2026 Co\u00fbts de la vie et conseils de relocalisation\">Idaho<\/a> et <a href=\"https:\/\/moverdb.com\/fr\/moving-to-the-united-states\/moving-to-montana\/\" data-internallinksmanager029f6b8e52c=\"461\" title=\"D\u00e9m\u00e9nager dans le Montana ? 2024 Co\u00fbts de la vie et conseils de relocalisation\">Montana<\/a>. Elle est un agent de United Van Lines, ce qui lui permet de travailler avec un r\u00e9seau d'entreprises de d\u00e9m\u00e9nagement nationales. Ils sont membres de l'IAM avec 12 ans d'exp\u00e9rience et sont accr\u00e9dit\u00e9s par la FIDI.<\/p>\n<p>Mesa Moving &amp; Storage propose des services de d\u00e9m\u00e9nagement pour les particuliers et les entreprises au niveau local et national. Ils fournissent un service d'emballage professionnel avec des d\u00e9m\u00e9nageurs qualifi\u00e9s et form\u00e9s qui s'assureront que vos articles sont emball\u00e9s de mani\u00e8re appropri\u00e9e et s\u00e9curis\u00e9e pour le transport, quelles que soient leur forme et leur taille.<\/p>\n<p>Site web : <a href=\"https:\/\/mesamoving.com\/\" target=\"_blank\" rel=\"noopener\">https:\/\/mesamoving.com\/<\/a><\/p>","protected":false},"excerpt":{"rendered":"<p>Moving can be one of the most stressful times in your life, so why not enlist the support of a moving company to reduce the pressure? A moving company can plan your move, arrange transportation and pack your belongings as well as handle customs if moving countries. Below we have compiled a list of Utah [&hellip;]<\/p>\n","protected":false},"author":4,"featured_media":11363,"parent":190,"menu_order":0,"comment_status":"closed","ping_status":"closed","template":"","meta":{"_genesis_hide_title":false,"_genesis_hide_breadcrumbs":false,"_genesis_hide_singular_image":false,"_genesis_hide_footer_widgets":false,"_genesis_custom_body_class":"","_genesis_custom_post_class":"","_genesis_layout":"","footnotes":""},"class_list":{"0":"post-11671","1":"page","2":"type-page","3":"status-publish","4":"has-post-thumbnail","6":"entry"},"_links":{"self":[{"href":"https:\/\/moverdb.com\/fr\/wp-json\/wp\/v2\/pages\/11671","targetHints":{"allow":["GET"]}}],"collection":[{"href":"https:\/\/moverdb.com\/fr\/wp-json\/wp\/v2\/pages"}],"about":[{"href":"https:\/\/moverdb.com\/fr\/wp-json\/wp\/v2\/types\/page"}],"author":[{"embeddable":true,"href":"https:\/\/moverdb.com\/fr\/wp-json\/wp\/v2\/users\/4"}],"replies":[{"embeddable":true,"href":"https:\/\/moverdb.com\/fr\/wp-json\/wp\/v2\/comments?post=11671"}],"version-history":[{"count":1,"href":"https:\/\/moverdb.com\/fr\/wp-json\/wp\/v2\/pages\/11671\/revisions"}],"predecessor-version":[{"id":11672,"href":"https:\/\/moverdb.com\/fr\/wp-json\/wp\/v2\/pages\/11671\/revisions\/11672"}],"up":[{"embeddable":true,"href":"https:\/\/moverdb.com\/fr\/wp-json\/wp\/v2\/pages\/190"}],"wp:featuredmedia":[{"embeddable":true,"href":"https:\/\/moverdb.com\/fr\/wp-json\/wp\/v2\/media\/11363"}],"wp:attachment":[{"href":"https:\/\/moverdb.com\/fr\/wp-json\/wp\/v2\/media?parent=11671"}],"curies":[{"name":"wp","href":"https:\/\/api.w.org\/{rel}","templated":true}]}}