{"id":11666,"date":"2023-11-29T10:31:41","date_gmt":"2023-11-29T10:31:41","guid":{"rendered":"https:\/\/moverdb.com\/?page_id=11666"},"modified":"2026-01-08T15:24:27","modified_gmt":"2026-01-08T15:24:27","slug":"moving-companies-us-tennessee","status":"publish","type":"page","link":"https:\/\/moverdb.com\/fr\/moving-companies\/moving-companies-us-tennessee\/","title":{"rendered":"3 meilleures entreprises de d\u00e9m\u00e9nagements internationaux dans le Tennessee"},"content":{"rendered":"<p>Vous envisagez de d\u00e9m\u00e9nager ? Dans ce cas, faites appel aux services d'un <a href=\"https:\/\/moverdb.com\/fr\/moving-companies\/\" data-internallinksmanager029f6b8e52c=\"79\" title=\"Les 25 meilleures soci\u00e9t\u00e9s de d\u00e9m\u00e9nagement international en ligne\">soci\u00e9t\u00e9 de d\u00e9m\u00e9nagement<\/a> peut vraiment vous aider \u00e0 all\u00e9ger votre charge de travail. Ils peuvent vous aider \u00e0 planifier votre d\u00e9m\u00e9nagement, \u00e0 organiser le transport, \u00e0 emballer vos biens et \u00e0 g\u00e9rer les formalit\u00e9s douani\u00e8res lors de d\u00e9m\u00e9nagements internationaux. Nous avons dress\u00e9 ci-dessous une liste de <a href=\"https:\/\/moverdb.com\/fr\/moving-to-the-united-states\/moving-to-tennessee\/\" data-internallinksmanager029f6b8e52c=\"406\" title=\"D\u00e9m\u00e9nager au Tennessee ? 2026 Co\u00fbts de la vie et conseils de relocalisation\">Tennessee<\/a> bas\u00e9 sur <a href=\"https:\/\/moverdb.com\/fr\/international-removals\/\" data-internallinksmanager029f6b8e52c=\"27\" title=\"36 meilleures entreprises de d\u00e9m\u00e9nagements internationaux au Royaume-Uni\">entreprises de d\u00e9m\u00e9nagement<\/a> qui sont membres de la <a href=\"https:\/\/moverdb.com\/fr\/iam\/\" data-internallinksmanager029f6b8e52c=\"23\" title=\"L&#039;Association internationale des d\u00e9m\u00e9nageurs (IAM) expliqu\u00e9e\">Association internationale des d\u00e9m\u00e9nageurs<\/a> (IAM) et\/ou <a href=\"https:\/\/moverdb.com\/fr\/fidi-faim\/\" data-internallinksmanager029f6b8e52c=\"16\" title=\"Explication de la FIDI et du FAIM (FIDI Accredited International Mover)\">FIDI<\/a> D\u00e9m\u00e9nageur international accr\u00e9dit\u00e9 (FAIM) qui pourrait vous aider dans votre d\u00e9m\u00e9nagement.<\/p>\n<h2><strong>1. Apex Moving &amp; Storage<\/strong><\/h2>\n<p><img loading=\"lazy\" decoding=\"async\" class=\"alignnone size-full wp-image-11256\" src=\"https:\/\/moverdb.com\/wp-content\/uploads\/Apex-Moving-Storage-international-moving-company.png\" alt=\"Apex Moving &amp; Storage entreprise de d\u00e9m\u00e9nagement international\" width=\"1440\" height=\"680\" data-wp-pid=\"11256\" srcset=\"https:\/\/moverdb.com\/wp-content\/uploads\/Apex-Moving-Storage-international-moving-company.png 1440w, https:\/\/moverdb.com\/wp-content\/uploads\/Apex-Moving-Storage-international-moving-company-300x142.png 300w, https:\/\/moverdb.com\/wp-content\/uploads\/Apex-Moving-Storage-international-moving-company-1024x484.png 1024w, https:\/\/moverdb.com\/wp-content\/uploads\/Apex-Moving-Storage-international-moving-company-18x9.png 18w, https:\/\/moverdb.com\/wp-content\/uploads\/Apex-Moving-Storage-international-moving-company-600x283.png 600w\" sizes=\"auto, (max-width: 1440px) 100vw, 1440px\" \/><\/p>\n<ul>\n<li>D\u00e9m\u00e9nagements locaux et longue distance<\/li>\n<li>D\u00e9m\u00e9nagements internationaux<\/li>\n<li>D\u00e9m\u00e9nagements r\u00e9sidentiels<\/li>\n<li>D\u00e9m\u00e9nagements commerciaux<\/li>\n<li>D\u00e9localisations d'entreprises<\/li>\n<li>Service complet d'emballage<\/li>\n<li>Organisation du transport<\/li>\n<li>D\u00e9douanement<\/li>\n<li>Technologie de suivi des camions<\/li>\n<li>Services de stockage<\/li>\n<\/ul>\n<p>Apex Moving &amp; Storage est une entreprise de d\u00e9m\u00e9nagement fond\u00e9e en 1972 et bas\u00e9e \u00e0 Antioch. Elle est un agent Atlas Interstate qui la met en relation avec un r\u00e9seau international de d\u00e9m\u00e9nageurs professionnels pour l'aider. Elle est membre de l'IAM et compte 45 ans d'exp\u00e9rience.<\/p>\n<p>Apex Moving &amp; Storage s'occupe des petits comme des grands d\u00e9m\u00e9nagements et peut cr\u00e9er des options \u00e9conomiques pour r\u00e9pondre \u00e0 tous les besoins. Ils proposent des services de d\u00e9m\u00e9nagement de porte \u00e0 porte avec une consultation pr\u00e9alable au d\u00e9m\u00e9nagement et un coordinateur de d\u00e9m\u00e9nagement personnel sera d\u00e9sign\u00e9 pour vous aider. Ils offrent un service d'emballage complet et s'occupent du transport et du d\u00e9douanement en cas de d\u00e9m\u00e9nagement \u00e0 l'\u00e9tranger.<\/p>\n<p>Site web : <a href=\"http:\/\/www.apexmoving.com\/\" target=\"_blank\" rel=\"noopener\">http:\/\/www.apexmoving.com\/<\/a><\/p>\n<h2><strong>2. Elizabeth's Moving Service<\/strong><\/h2>\n<p><img loading=\"lazy\" decoding=\"async\" class=\"alignnone size-full wp-image-11315\" src=\"https:\/\/moverdb.com\/wp-content\/uploads\/Elizabeths-Moving-Service-international-moving-company.png\" alt=\"Elizabeths Moving Service entreprise de d\u00e9m\u00e9nagement international\" width=\"1440\" height=\"675\" data-wp-pid=\"11315\" srcset=\"https:\/\/moverdb.com\/wp-content\/uploads\/Elizabeths-Moving-Service-international-moving-company.png 1440w, https:\/\/moverdb.com\/wp-content\/uploads\/Elizabeths-Moving-Service-international-moving-company-300x141.png 300w, https:\/\/moverdb.com\/wp-content\/uploads\/Elizabeths-Moving-Service-international-moving-company-1024x480.png 1024w, https:\/\/moverdb.com\/wp-content\/uploads\/Elizabeths-Moving-Service-international-moving-company-18x8.png 18w, https:\/\/moverdb.com\/wp-content\/uploads\/Elizabeths-Moving-Service-international-moving-company-600x281.png 600w\" sizes=\"auto, (max-width: 1440px) 100vw, 1440px\" \/><\/p>\n<ul>\n<li>D\u00e9placements locaux<\/li>\n<li>D\u00e9m\u00e9nagements longue distance<\/li>\n<li>D\u00e9m\u00e9nagements de m\u00e9nages<\/li>\n<li>D\u00e9m\u00e9nagement de bureaux et de commerces<\/li>\n<li>Plan de d\u00e9m\u00e9nagement personnalis\u00e9<\/li>\n<li>Service d'emballage<\/li>\n<li>Organisation du transport<\/li>\n<li>Installation des appareils<\/li>\n<li>Manipulation d'objets d'art<\/li>\n<li>Installations de stockage s\u00e9curis\u00e9es<\/li>\n<\/ul>\n<p>Elizabeth's Moving Service est une entreprise de d\u00e9m\u00e9nagement et de stockage bas\u00e9e \u00e0 Chattanooga. Elle est membre de l'IAM et poss\u00e8de six ans d'exp\u00e9rience, ce qui lui permet de disposer d'un r\u00e9seau d'agents de d\u00e9m\u00e9nagement avec lesquels elle peut travailler pour fournir des services en dehors de sa zone d'activit\u00e9.<\/p>\n<p>Elizabeth's Moving Service propose une \u00e9tude \u00e0 domicile pour \u00e9tablir un devis pr\u00e9cis. Ils offrent des d\u00e9m\u00e9nagements \u00e0 service complet o\u00f9 ils emballent et exp\u00e9dient vos biens pour des d\u00e9m\u00e9nagements locaux, longue distance et internationaux. Ils fournissent des services d'emballage de haute qualit\u00e9 avec des emballeurs form\u00e9s qui prot\u00e9geront vos biens pendant le transport, y compris des caisses en bois pour les articles fragiles et la protection de votre maison pendant le d\u00e9m\u00e9nagement.<\/p>\n<p>Site web : <a href=\"http:\/\/www.elizabethsmoving.com\" target=\"_blank\" rel=\"noopener\">http:\/\/www.elizabethsmoving.com<\/a><\/p>\n<h2><strong>3. Soci\u00e9t\u00e9 de transfert d'alambic<\/strong><\/h2>\n<p><img loading=\"lazy\" decoding=\"async\" class=\"alignnone size-full wp-image-11449\" src=\"https:\/\/moverdb.com\/wp-content\/uploads\/Still-Transfer-Company-international-moving-company.png\" alt=\"Still Transfer Company soci\u00e9t\u00e9 de d\u00e9m\u00e9nagement international\" width=\"1440\" height=\"677\" data-wp-pid=\"11449\" srcset=\"https:\/\/moverdb.com\/wp-content\/uploads\/Still-Transfer-Company-international-moving-company.png 1440w, https:\/\/moverdb.com\/wp-content\/uploads\/Still-Transfer-Company-international-moving-company-300x141.png 300w, https:\/\/moverdb.com\/wp-content\/uploads\/Still-Transfer-Company-international-moving-company-1024x481.png 1024w, https:\/\/moverdb.com\/wp-content\/uploads\/Still-Transfer-Company-international-moving-company-18x8.png 18w, https:\/\/moverdb.com\/wp-content\/uploads\/Still-Transfer-Company-international-moving-company-600x282.png 600w\" sizes=\"auto, (max-width: 1440px) 100vw, 1440px\" \/><\/p>\n<ul>\n<li>D\u00e9m\u00e9nagements locaux et longue distance<\/li>\n<li>D\u00e9m\u00e9nagements internationaux<\/li>\n<li>D\u00e9m\u00e9nagements r\u00e9sidentiels<\/li>\n<li>D\u00e9m\u00e9nagements commerciaux et de bureaux<\/li>\n<li>Service d'emballage<\/li>\n<li>Organisation du transport<\/li>\n<li>Courtage en douane<\/li>\n<li>Mouvements d'instruments de musique<\/li>\n<li>Stockage s\u00e9curis\u00e9 \u00e0 court et \u00e0 long terme<\/li>\n<\/ul>\n<p>Still Transfer Company est une soci\u00e9t\u00e9 de d\u00e9m\u00e9nagement et d'exp\u00e9dition de fret fond\u00e9e en 1928 et bas\u00e9e \u00e0 Kingsport. Elle est membre de l'IAM et compte 95 ans d'exp\u00e9rience, ce qui lui permet de disposer d'un r\u00e9seau mondial de soci\u00e9t\u00e9s de d\u00e9m\u00e9nagement avec lesquelles elle peut travailler pour fournir ses services.<\/p>\n<p>Still Transfer Company propose des services de d\u00e9m\u00e9nagement \u00e0 petite et grande \u00e9chelle pour les d\u00e9m\u00e9nagements locaux, longue distance et internationaux pour les d\u00e9m\u00e9nagements r\u00e9sidentiels, commerciaux, de bureaux et industriels. Elle propose des services de d\u00e9m\u00e9nagement et d'emballage pour transporter vos biens en toute s\u00e9curit\u00e9 jusqu'\u00e0 votre destination, ainsi que des services de courtage en douane. Elle propose \u00e9galement des installations de stockage s\u00e9curis\u00e9es \u00e0 court ou \u00e0 long terme.<\/p>\n<p>Site web : <a href=\"http:\/\/www.stilltransfer.net\" target=\"_blank\" rel=\"noopener\">http:\/\/www.stilltransfer.net<\/a><\/p>","protected":false},"excerpt":{"rendered":"<p>Are you planning a move? Then engaging the services of a moving company could really help ease the workload. They can assist with planning your move, transportation arrangements, packing your belongings and handling customs on international moves. Below we have compiled a list of Tennessee based removal companies that are members of the International Association [&hellip;]<\/p>\n","protected":false},"author":4,"featured_media":11256,"parent":190,"menu_order":0,"comment_status":"closed","ping_status":"closed","template":"","meta":{"_genesis_hide_title":false,"_genesis_hide_breadcrumbs":false,"_genesis_hide_singular_image":false,"_genesis_hide_footer_widgets":false,"_genesis_custom_body_class":"","_genesis_custom_post_class":"","_genesis_layout":"","footnotes":""},"class_list":{"0":"post-11666","1":"page","2":"type-page","3":"status-publish","4":"has-post-thumbnail","6":"entry"},"_links":{"self":[{"href":"https:\/\/moverdb.com\/fr\/wp-json\/wp\/v2\/pages\/11666","targetHints":{"allow":["GET"]}}],"collection":[{"href":"https:\/\/moverdb.com\/fr\/wp-json\/wp\/v2\/pages"}],"about":[{"href":"https:\/\/moverdb.com\/fr\/wp-json\/wp\/v2\/types\/page"}],"author":[{"embeddable":true,"href":"https:\/\/moverdb.com\/fr\/wp-json\/wp\/v2\/users\/4"}],"replies":[{"embeddable":true,"href":"https:\/\/moverdb.com\/fr\/wp-json\/wp\/v2\/comments?post=11666"}],"version-history":[{"count":1,"href":"https:\/\/moverdb.com\/fr\/wp-json\/wp\/v2\/pages\/11666\/revisions"}],"predecessor-version":[{"id":11667,"href":"https:\/\/moverdb.com\/fr\/wp-json\/wp\/v2\/pages\/11666\/revisions\/11667"}],"up":[{"embeddable":true,"href":"https:\/\/moverdb.com\/fr\/wp-json\/wp\/v2\/pages\/190"}],"wp:featuredmedia":[{"embeddable":true,"href":"https:\/\/moverdb.com\/fr\/wp-json\/wp\/v2\/media\/11256"}],"wp:attachment":[{"href":"https:\/\/moverdb.com\/fr\/wp-json\/wp\/v2\/media?parent=11666"}],"curies":[{"name":"wp","href":"https:\/\/api.w.org\/{rel}","templated":true}]}}