{"id":11661,"date":"2023-11-29T10:50:19","date_gmt":"2023-11-29T10:50:19","guid":{"rendered":"https:\/\/moverdb.com\/?page_id=11661"},"modified":"2026-01-08T15:29:26","modified_gmt":"2026-01-08T15:29:26","slug":"moving-companies-us-sterling","status":"publish","type":"page","link":"https:\/\/moverdb.com\/fr\/moving-companies\/moving-companies-us-sterling\/","title":{"rendered":"6 Meilleures entreprises de d\u00e9m\u00e9nagements internationaux \u00e0 Sterling"},"content":{"rendered":"<p>Les d\u00e9m\u00e9nagements peuvent \u00eatre une p\u00e9riode charg\u00e9e, c'est pourquoi une aide peut vraiment all\u00e9ger le fardeau. Vous pouvez faire appel \u00e0 un <a href=\"https:\/\/moverdb.com\/fr\/moving-companies\/\" data-internallinksmanager029f6b8e52c=\"79\" title=\"Les 25 meilleures soci\u00e9t\u00e9s de d\u00e9m\u00e9nagement international en ligne\">soci\u00e9t\u00e9 de d\u00e9m\u00e9nagement<\/a> pour vous aider dans toute une s\u00e9rie de t\u00e2ches li\u00e9es au d\u00e9m\u00e9nagement, y compris la planification de votre d\u00e9m\u00e9nagement, l'emballage de vos articles, l'organisation du transport et la gestion des documents douaniers. Nous avons dress\u00e9 ci-dessous une liste de soci\u00e9t\u00e9s de d\u00e9m\u00e9nagement bas\u00e9es \u00e0 Sterling. <a href=\"https:\/\/moverdb.com\/fr\/international-removals\/\" data-internallinksmanager029f6b8e52c=\"27\" title=\"36 meilleures entreprises de d\u00e9m\u00e9nagements internationaux au Royaume-Uni\">entreprises de d\u00e9m\u00e9nagement<\/a> qui sont membres de la <a href=\"https:\/\/moverdb.com\/fr\/iam\/\" data-internallinksmanager029f6b8e52c=\"23\" title=\"L&#039;Association internationale des d\u00e9m\u00e9nageurs (IAM) expliqu\u00e9e\">Association internationale des d\u00e9m\u00e9nageurs<\/a> (IAM) et\/ou <a href=\"https:\/\/moverdb.com\/fr\/fidi-faim\/\" data-internallinksmanager029f6b8e52c=\"16\" title=\"Explication de la FIDI et du FAIM (FIDI Accredited International Mover)\">FIDI<\/a> D\u00e9m\u00e9nageur international accr\u00e9dit\u00e9 (FAIM) qui pourrait vous aider dans votre d\u00e9m\u00e9nagement.<\/p>\n<div id=\"ez-toc-container\" class=\"ez-toc-v2_0_83 ez-toc-wrap-left counter-hierarchy ez-toc-counter ez-toc-transparent ez-toc-container-direction\">\n<div class=\"ez-toc-title-container\">\n<p class=\"ez-toc-title\" style=\"cursor:inherit\">Sections<\/p>\n<span class=\"ez-toc-title-toggle\"><a href=\"#\" class=\"ez-toc-pull-right ez-toc-btn ez-toc-btn-xs ez-toc-btn-default ez-toc-toggle\" aria-label=\"Toggle Table des mati\u00e8res\"><span class=\"ez-toc-js-icon-con\"><span class=\"\"><span class=\"eztoc-hide\" style=\"display:none;\">Toggle<\/span><span class=\"ez-toc-icon-toggle-span\"><svg style=\"fill: #999;color:#999\" xmlns=\"http:\/\/www.w3.org\/2000\/svg\" class=\"list-377408\" width=\"20px\" height=\"20px\" viewbox=\"0 0 24 24\" fill=\"none\"><path d=\"M6 6H4v2h2V6zm14 0H8v2h12V6zM4 11h2v2H4v-2zm16 0H8v2h12v-2zM4 16h2v2H4v-2zm16 0H8v2h12v-2z\" fill=\"currentColor\"><\/path><\/svg><svg style=\"fill: #999;color:#999\" class=\"arrow-unsorted-368013\" xmlns=\"http:\/\/www.w3.org\/2000\/svg\" width=\"10px\" height=\"10px\" viewbox=\"0 0 24 24\" version=\"1.2\" baseprofile=\"tiny\"><path d=\"M18.2 9.3l-6.2-6.3-6.2 6.3c-.2.2-.3.4-.3.7s.1.5.3.7c.2.2.4.3.7.3h11c.3 0 .5-.1.7-.3.2-.2.3-.5.3-.7s-.1-.5-.3-.7zM5.8 14.7l6.2 6.3 6.2-6.3c.2-.2.3-.5.3-.7s-.1-.5-.3-.7c-.2-.2-.4-.3-.7-.3h-11c-.3 0-.5.1-.7.3-.2.2-.3.5-.3.7s.1.5.3.7z\"\/><\/svg><\/span><\/span><\/span><\/a><\/span><\/div>\n<nav><ul class='ez-toc-list ez-toc-list-level-1 eztoc-toggle-hide-by-default' ><li class='ez-toc-page-1 ez-toc-heading-level-2'><a class=\"ez-toc-link ez-toc-heading-1\" href=\"https:\/\/moverdb.com\/fr\/moving-companies\/moving-companies-us-sterling\/#1_Brauns_International\" >1. Brauns International<\/a><\/li><li class='ez-toc-page-1 ez-toc-heading-level-2'><a class=\"ez-toc-link ez-toc-heading-2\" href=\"https:\/\/moverdb.com\/fr\/moving-companies\/moving-companies-us-sterling\/#2_DN_Van_Lines\" >2. DN Van Lines<\/a><\/li><li class='ez-toc-page-1 ez-toc-heading-level-2'><a class=\"ez-toc-link ez-toc-heading-3\" href=\"https:\/\/moverdb.com\/fr\/moving-companies\/moving-companies-us-sterling\/#3_JK_Moving_Services\" >3. JK Moving Services<\/a><\/li><li class='ez-toc-page-1 ez-toc-heading-level-2'><a class=\"ez-toc-link ez-toc-heading-4\" href=\"https:\/\/moverdb.com\/fr\/moving-companies\/moving-companies-us-sterling\/#4_Laing_International\" >4. Laing International<\/a><\/li><li class='ez-toc-page-1 ez-toc-heading-level-2'><a class=\"ez-toc-link ez-toc-heading-5\" href=\"https:\/\/moverdb.com\/fr\/moving-companies\/moving-companies-us-sterling\/#5_RelogistiX\" >5. RelogistiX<\/a><\/li><li class='ez-toc-page-1 ez-toc-heading-level-2'><a class=\"ez-toc-link ez-toc-heading-6\" href=\"https:\/\/moverdb.com\/fr\/moving-companies\/moving-companies-us-sterling\/#6_Star_Moving_Solutions\" >6. Star Moving Solutions<\/a><\/li><\/ul><\/nav><\/div>\n<h2><span class=\"ez-toc-section\" id=\"1_Brauns_International\"><\/span><strong>1. Brauns International<\/strong><span class=\"ez-toc-section-end\"><\/span><\/h2>\n<p><img loading=\"lazy\" decoding=\"async\" class=\"alignnone size-full wp-image-7421\" src=\"https:\/\/moverdb.com\/wp-content\/uploads\/Brauns-International-moving-company.png\" alt=\"Brauns International, entreprise de d\u00e9m\u00e9nagement\" width=\"1440\" height=\"683\" data-wp-pid=\"7421\" srcset=\"https:\/\/moverdb.com\/wp-content\/uploads\/Brauns-International-moving-company.png 1440w, https:\/\/moverdb.com\/wp-content\/uploads\/Brauns-International-moving-company-300x142.png 300w, https:\/\/moverdb.com\/wp-content\/uploads\/Brauns-International-moving-company-1024x486.png 1024w, https:\/\/moverdb.com\/wp-content\/uploads\/Brauns-International-moving-company-18x9.png 18w, https:\/\/moverdb.com\/wp-content\/uploads\/Brauns-International-moving-company-600x285.png 600w\" sizes=\"auto, (max-width: 1440px) 100vw, 1440px\" \/><\/p>\n<ul>\n<li>D\u00e9m\u00e9nagements locaux et nationaux<\/li>\n<li>D\u00e9m\u00e9nagements internationaux<\/li>\n<li>D\u00e9m\u00e9nagements de m\u00e9nages<\/li>\n<li>D\u00e9m\u00e9nagements d'entreprises<\/li>\n<li>Conseiller personnel en d\u00e9m\u00e9nagement<\/li>\n<li>Service d'emballage<\/li>\n<li>Transport routier, a\u00e9rien et maritime<\/li>\n<li>Pr\u00e9paration des documents<\/li>\n<li>Assurance<\/li>\n<li>Services de stockage<\/li>\n<\/ul>\n<p>Brauns International est une entreprise internationale de d\u00e9m\u00e9nagement et de stockage cr\u00e9\u00e9e en 1992 \u00e0 <a href=\"https:\/\/moverdb.com\/fr\/moving-to-the-united-states\/moving-to-virginia\/\" data-internallinksmanager029f6b8e52c=\"442\" title=\"D\u00e9m\u00e9nager en Virginie ? 2026 Co\u00fbts de la vie et conseils de relocalisation\">Virginie<\/a>et op\u00e8re \u00e0 partir de Sterling. Elle dispose d'un r\u00e9seau d'agents partenaires dans le monde entier avec lesquels elle travaille pour fournir des services de d\u00e9m\u00e9nagement \u00e0 l'\u00e9chelle internationale. Elle est membre de l'IAM et compte 31 ans d'exp\u00e9rience.<\/p>\n<p>Brauns International propose un service de d\u00e9m\u00e9nagement sur mesure avec un conseiller personnel qui coordonnera tous les aspects de votre d\u00e9m\u00e9nagement. Ils offrent un service d'emballage de la plus haute qualit\u00e9 pour prot\u00e9ger vos biens. Ils organiseront et suivront le transport de vos biens et rempliront et compileront tous les papiers et documents n\u00e9cessaires au d\u00e9douanement.<\/p>\n<p>Site web : <a href=\"https:\/\/www.braunsusa.com\/\" target=\"_blank\" rel=\"noopener\">https:\/\/www.braunsusa.com\/<\/a><\/p>\n<h2><span class=\"ez-toc-section\" id=\"2_DN_Van_Lines\"><\/span><strong>2. DN Van Lines<\/strong><span class=\"ez-toc-section-end\"><\/span><\/h2>\n<p><img loading=\"lazy\" decoding=\"async\" class=\"alignnone size-full wp-image-11307\" src=\"https:\/\/moverdb.com\/wp-content\/uploads\/DN-Van-Lines-international-moving-company.png\" alt=\"DN Van Lines soci\u00e9t\u00e9 de d\u00e9m\u00e9nagement international\" width=\"1440\" height=\"670\" data-wp-pid=\"11307\" srcset=\"https:\/\/moverdb.com\/wp-content\/uploads\/DN-Van-Lines-international-moving-company.png 1440w, https:\/\/moverdb.com\/wp-content\/uploads\/DN-Van-Lines-international-moving-company-300x140.png 300w, https:\/\/moverdb.com\/wp-content\/uploads\/DN-Van-Lines-international-moving-company-1024x476.png 1024w, https:\/\/moverdb.com\/wp-content\/uploads\/DN-Van-Lines-international-moving-company-18x8.png 18w, https:\/\/moverdb.com\/wp-content\/uploads\/DN-Van-Lines-international-moving-company-600x279.png 600w\" sizes=\"auto, (max-width: 1440px) 100vw, 1440px\" \/><\/p>\n<ul>\n<li>D\u00e9m\u00e9nagements locaux et inter\u00e9tatiques<\/li>\n<li>D\u00e9m\u00e9nagements longue distance<\/li>\n<li>D\u00e9m\u00e9nagements r\u00e9sidentiels<\/li>\n<li>D\u00e9m\u00e9nagement de bureaux et de commerces<\/li>\n<li>Coordinateur d\u00e9di\u00e9 aux d\u00e9m\u00e9nagements<\/li>\n<li>Service d'emballage<\/li>\n<li>Gestion d\u00e9taill\u00e9e des stocks<\/li>\n<li>Organisation du transport<\/li>\n<li>Suivi des exp\u00e9ditions<\/li>\n<li>Stockage s\u00e9curis\u00e9 \u00e0 court et \u00e0 long terme<\/li>\n<\/ul>\n<p>DN Van Lines est une soci\u00e9t\u00e9 de d\u00e9m\u00e9nagement et d'entreposage fond\u00e9e en 2001 et implant\u00e9e \u00e0 Sterling, <a href=\"https:\/\/moverdb.com\/fr\/moving-to-the-united-states\/moving-to-florida\/\" data-internallinksmanager029f6b8e52c=\"331\" title=\"D\u00e9m\u00e9nager en Floride ? 2026 Co\u00fbts de la vie et conseils de relocalisation\">Floride<\/a> et <a href=\"https:\/\/moverdb.com\/fr\/moving-to-the-united-states\/moving-to-massachusetts\/\" data-internallinksmanager029f6b8e52c=\"412\" title=\"Vous d\u00e9m\u00e9nagez dans le Massachusetts ? 2026 Co\u00fbts de la vie et conseils de relocalisation\">Massachusetts<\/a>. Ils sont membres de l'IAM et ont 20 ans d'exp\u00e9rience, ce qui leur donne acc\u00e8s \u00e0 un r\u00e9seau international d'agents de d\u00e9m\u00e9nagement.<\/p>\n<p>DN Van Lines propose une \u00e9tude \u00e0 domicile ou virtuelle pour estimer le volume de votre d\u00e9m\u00e9nagement et met \u00e0 votre disposition un coordinateur de d\u00e9m\u00e9nagement. Elle offre un service d'emballage qui fait appel \u00e0 des \u00e9quipes qualifi\u00e9es pour emballer vos articles en toute s\u00e9curit\u00e9 et produire un inventaire d\u00e9taill\u00e9 qui sera stock\u00e9 en toute s\u00e9curit\u00e9 sur son syst\u00e8me. Ils organisent le transport de vos biens jusqu'\u00e0 votre destination et les exp\u00e9ditions sont suivies par GPS.<\/p>\n<p>Site web : <a href=\"https:\/\/dnvanlines.com\/\" target=\"_blank\" rel=\"noopener\">https:\/\/dnvanlines.com\/<\/a><\/p>\n<h2><span class=\"ez-toc-section\" id=\"3_JK_Moving_Services\"><\/span><strong>3. JK Moving Services<\/strong><span class=\"ez-toc-section-end\"><\/span><\/h2>\n<p><img loading=\"lazy\" decoding=\"async\" class=\"alignnone size-full wp-image-11662\" src=\"https:\/\/moverdb.com\/wp-content\/uploads\/JK-Moving-Services-international-moving-company.png\" alt=\"JK Moving Services entreprise de d\u00e9m\u00e9nagement international\" width=\"1440\" height=\"678\" data-wp-pid=\"11662\" srcset=\"https:\/\/moverdb.com\/wp-content\/uploads\/JK-Moving-Services-international-moving-company.png 1440w, https:\/\/moverdb.com\/wp-content\/uploads\/JK-Moving-Services-international-moving-company-300x141.png 300w, https:\/\/moverdb.com\/wp-content\/uploads\/JK-Moving-Services-international-moving-company-1024x482.png 1024w, https:\/\/moverdb.com\/wp-content\/uploads\/JK-Moving-Services-international-moving-company-18x8.png 18w, https:\/\/moverdb.com\/wp-content\/uploads\/JK-Moving-Services-international-moving-company-600x283.png 600w\" sizes=\"auto, (max-width: 1440px) 100vw, 1440px\" \/><\/p>\n<ul>\n<li>D\u00e9m\u00e9nagements locaux et longue distance<\/li>\n<li>D\u00e9m\u00e9nagements internationaux<\/li>\n<li>D\u00e9m\u00e9nagements r\u00e9sidentiels<\/li>\n<li>D\u00e9m\u00e9nagements commerciaux<\/li>\n<li>Service porte-\u00e0-porte<\/li>\n<li>Un responsable du d\u00e9m\u00e9nagement d\u00e9di\u00e9<\/li>\n<li>Service d'emballage<\/li>\n<li>Fret routier, ferroviaire, maritime et a\u00e9rien<\/li>\n<li>D\u00e9douanement<\/li>\n<li>Stockage s\u00e9curis\u00e9<\/li>\n<\/ul>\n<p>JK Moving Services est une entreprise de d\u00e9m\u00e9nagement et de logistique qui op\u00e8re depuis plus de 40 ans et qui poss\u00e8de des bureaux \u00e0 Sterling, <a href=\"https:\/\/moverdb.com\/fr\/moving-to-the-united-states\/moving-to-maryland\/\" data-internallinksmanager029f6b8e52c=\"467\" title=\"Vous d\u00e9m\u00e9nagez dans le Maryland ? 2024 Co\u00fbts de la vie et conseils de relocalisation\">Maryland<\/a> et Washington. Elle dispose d'un vaste r\u00e9seau mondial de d\u00e9m\u00e9nagements qui l'aide \u00e0 fournir des services internationaux. Ils sont membres de l'IAM, avec 44 ans d'exp\u00e9rience, et sont accr\u00e9dit\u00e9s par la FIDI.<\/p>\n<p>JK Moving Services propose des services de d\u00e9m\u00e9nagement de porte \u00e0 porte pour les clients r\u00e9sidentiels et commerciaux, avec un gestionnaire de d\u00e9m\u00e9nagement d\u00e9di\u00e9 qui coordonne toute la logistique. Ils mettent \u00e0 votre disposition des d\u00e9m\u00e9nageurs professionnels et qualifi\u00e9s qui emballeront et chargeront vos biens en toute s\u00e9curit\u00e9 et, \u00e0 la livraison, les d\u00e9chargeront et les d\u00e9balleront.<\/p>\n<p>Site web : <a href=\"https:\/\/www.jkmoving.com\/\" target=\"_blank\" rel=\"noopener\">https:\/\/www.jkmoving.com\/<\/a><\/p>\n<h2><span class=\"ez-toc-section\" id=\"4_Laing_International\"><\/span><strong>4. Laing International<\/strong><span class=\"ez-toc-section-end\"><\/span><\/h2>\n<p><img loading=\"lazy\" decoding=\"async\" class=\"alignnone size-full wp-image-11361\" src=\"https:\/\/moverdb.com\/wp-content\/uploads\/Laing-International-moving-company.png\" alt=\"Laing International entreprise de d\u00e9m\u00e9nagement\" width=\"1440\" height=\"681\" data-wp-pid=\"11361\" srcset=\"https:\/\/moverdb.com\/wp-content\/uploads\/Laing-International-moving-company.png 1440w, https:\/\/moverdb.com\/wp-content\/uploads\/Laing-International-moving-company-300x142.png 300w, https:\/\/moverdb.com\/wp-content\/uploads\/Laing-International-moving-company-1024x484.png 1024w, https:\/\/moverdb.com\/wp-content\/uploads\/Laing-International-moving-company-18x9.png 18w, https:\/\/moverdb.com\/wp-content\/uploads\/Laing-International-moving-company-600x284.png 600w\" sizes=\"auto, (max-width: 1440px) 100vw, 1440px\" \/><\/p>\n<ul>\n<li>Services de fret local<\/li>\n<li>Fret international<\/li>\n<li>Biens individuels<\/li>\n<li>Biens commerciaux<\/li>\n<li>Gestion des exp\u00e9ditions<\/li>\n<li>Service d'emballage<\/li>\n<li>Mise en caisse<\/li>\n<li>Organisation du transport<\/li>\n<li>D\u00e9douanement<\/li>\n<li>Assurance<\/li>\n<\/ul>\n<p>Laing International est un courtier en douane et <a href=\"https:\/\/moverdb.com\/fr\/freight-forwarder\/\" data-internallinksmanager029f6b8e52c=\"17\" title=\"Guide des co\u00fbts et des entreprises des transitaires et NVOCC internationaux\">commissionnaire de transport<\/a> bas\u00e9e \u00e0 Sterling et dans le Maryland, qui a \u00e9t\u00e9 fond\u00e9e en 1979. Elle est membre de l'IAM et compte 44 ans d'exp\u00e9rience, ce qui lui permet de s'appuyer sur un r\u00e9seau international d'entreprises pour fournir ses services dans le monde entier.<\/p>\n<p>Laing International est un sp\u00e9cialiste du courtage en douane et du transport de fret qui vise \u00e0 r\u00e9duire les d\u00e9lais et \u00e0 vous faire \u00e9conomiser de l'argent lors du transport de vos marchandises au niveau local ou international. Il propose des services de camionnage local et des services d'exp\u00e9dition de fret a\u00e9rien, y compris l'emballage et la mise en caisse de vos articles en toute s\u00e9curit\u00e9, avec assurance incluse. Elle s'occupe \u00e9galement des formalit\u00e9s douani\u00e8res pour le transfert de vos marchandises d'un pays \u00e0 l'autre.<\/p>\n<p>Site web : <a href=\"http:\/\/www.lainginternational.com\/\" target=\"_blank\" rel=\"noopener\">http:\/\/www.lainginternational.com\/<\/a><\/p>\n<h2><span class=\"ez-toc-section\" id=\"5_RelogistiX\"><\/span><strong>5. RelogistiX<\/strong><span class=\"ez-toc-section-end\"><\/span><\/h2>\n<p><img loading=\"lazy\" decoding=\"async\" class=\"alignnone size-full wp-image-11663\" src=\"https:\/\/moverdb.com\/wp-content\/uploads\/Relogistix-international-moving-company.png\" alt=\"Relogistix soci\u00e9t\u00e9 de d\u00e9m\u00e9nagement international\" width=\"1440\" height=\"680\" data-wp-pid=\"11663\" srcset=\"https:\/\/moverdb.com\/wp-content\/uploads\/Relogistix-international-moving-company.png 1440w, https:\/\/moverdb.com\/wp-content\/uploads\/Relogistix-international-moving-company-300x142.png 300w, https:\/\/moverdb.com\/wp-content\/uploads\/Relogistix-international-moving-company-1024x484.png 1024w, https:\/\/moverdb.com\/wp-content\/uploads\/Relogistix-international-moving-company-18x9.png 18w, https:\/\/moverdb.com\/wp-content\/uploads\/Relogistix-international-moving-company-600x283.png 600w\" sizes=\"auto, (max-width: 1440px) 100vw, 1440px\" \/><\/p>\n<ul>\n<li>D\u00e9localisations internationales<\/li>\n<li>D\u00e9m\u00e9nagements de m\u00e9nages<\/li>\n<li>Service porte-\u00e0-porte<\/li>\n<li>Coordinateur d\u00e9di\u00e9<\/li>\n<li>Enqu\u00eate \u00e0 domicile<\/li>\n<li>Service d'emballage<\/li>\n<li>Mat\u00e9riaux d'emballage de haute qualit\u00e9<\/li>\n<li>Transports terrestres, a\u00e9riens et maritimes<\/li>\n<li>D\u00e9douanement<\/li>\n<li>D\u00e9ballage et enl\u00e8vement des d\u00e9bris<\/li>\n<\/ul>\n<p>RelogistiX est une entreprise de relocalisation et de logistique qui poss\u00e8de des bureaux \u00e0 Sterling et \u00e0 Alexandrie. Elle est membre de l'IAM et compte 36 ans d'exp\u00e9rience, ce qui lui permet d'acc\u00e9der \u00e0 un r\u00e9seau international d'agents de d\u00e9m\u00e9nagement pour l'aider.<\/p>\n<p>RelogistiX offre une consultation gratuite avant le d\u00e9m\u00e9nagement pour discuter de vos besoins et effectuera une enqu\u00eate \u00e0 domicile et un devis. Ils mettent \u00e0 votre disposition un coordinateur d\u00e9sign\u00e9 qui sera votre principal interlocuteur tout au long du d\u00e9m\u00e9nagement. Ils utilisent les meilleurs mat\u00e9riaux d'emballage conformes aux normes internationales et des caisses sur mesure pour prot\u00e9ger vos objets. \u00c0 l'arriv\u00e9e, ils d\u00e9chargent et d\u00e9ballent vos objets et enl\u00e8vent tous les d\u00e9bris.<\/p>\n<p>Site web : <a href=\"https:\/\/www.relogistix.net\/\" target=\"_blank\" rel=\"noopener\">https:\/\/www.relogistix.net\/<\/a><\/p>\n<h2><span class=\"ez-toc-section\" id=\"6_Star_Moving_Solutions\"><\/span><strong>6. Star Moving Solutions<\/strong><span class=\"ez-toc-section-end\"><\/span><\/h2>\n<p><img loading=\"lazy\" decoding=\"async\" class=\"alignnone size-full wp-image-5207\" src=\"https:\/\/moverdb.com\/wp-content\/uploads\/Star-Moving-international-moving-company.png\" alt=\"Star Moving, soci\u00e9t\u00e9 de d\u00e9m\u00e9nagement international\" width=\"1440\" height=\"683\" data-wp-pid=\"5207\" srcset=\"https:\/\/moverdb.com\/wp-content\/uploads\/Star-Moving-international-moving-company.png 1440w, https:\/\/moverdb.com\/wp-content\/uploads\/Star-Moving-international-moving-company-300x142.png 300w, https:\/\/moverdb.com\/wp-content\/uploads\/Star-Moving-international-moving-company-1024x486.png 1024w, https:\/\/moverdb.com\/wp-content\/uploads\/Star-Moving-international-moving-company-18x9.png 18w, https:\/\/moverdb.com\/wp-content\/uploads\/Star-Moving-international-moving-company-600x285.png 600w\" sizes=\"auto, (max-width: 1440px) 100vw, 1440px\" \/><\/p>\n<ul>\n<li>Mouvements nationaux<\/li>\n<li>D\u00e9m\u00e9nagements internationaux<\/li>\n<li>D\u00e9m\u00e9nagements de m\u00e9nages<\/li>\n<li>D\u00e9localisations d'entreprises<\/li>\n<li>Service porte-\u00e0-porte<\/li>\n<li>Services d'emballage<\/li>\n<li>Organisation du transport<\/li>\n<li>Soutien douanier<\/li>\n<li>Syst\u00e8mes de suivi<\/li>\n<li>Solutions de stockage<\/li>\n<\/ul>\n<p>Star Moving Solutions est une entreprise de d\u00e9m\u00e9nagement national et international fond\u00e9e en 1998. Elle est membre de Van Line et dispose d'un vaste r\u00e9seau mondial d'entreprises de d\u00e9m\u00e9nagement qui l'aide \u00e0 fournir des services internationaux dans plus de 160 pays. Elle est membre de l'IAM et compte 25 ans d'exp\u00e9rience.<\/p>\n<p>Star Moving Solutions propose une \u00e9tude \u00e0 domicile pour d\u00e9terminer vos volumes de d\u00e9m\u00e9nagement et \u00e9tablir un devis. Elle met \u00e0 votre disposition un point de contact unique pour vous aider tout au long de votre d\u00e9m\u00e9nagement et dispose d'un syst\u00e8me de suivi pour contr\u00f4ler l'avancement des travaux. Elle propose des services d'emballage et de conditionnement sp\u00e9cialis\u00e9s pour les d\u00e9m\u00e9nagements \u00e0 l'\u00e9tranger et vous aidera \u00e0 effectuer les formalit\u00e9s de d\u00e9douanement.<\/p>\n<p>Site web : <a href=\"https:\/\/starint.com\/\" target=\"_blank\" rel=\"noopener\">https:\/\/starint.com\/<\/a><\/p>","protected":false},"excerpt":{"rendered":"<p>Moving can be a busy time so getting some help can really lighten the load. You can engage a moving company to help with a range of moving tasks including planning your move, packing your items, arranging transport and handling any customs documentation. Below we have compiled a list of Sterling based removal companies that [&hellip;]<\/p>\n","protected":false},"author":4,"featured_media":7421,"parent":190,"menu_order":0,"comment_status":"closed","ping_status":"closed","template":"","meta":{"_genesis_hide_title":false,"_genesis_hide_breadcrumbs":false,"_genesis_hide_singular_image":false,"_genesis_hide_footer_widgets":false,"_genesis_custom_body_class":"","_genesis_custom_post_class":"","_genesis_layout":"","footnotes":""},"class_list":{"0":"post-11661","1":"page","2":"type-page","3":"status-publish","4":"has-post-thumbnail","6":"entry"},"_links":{"self":[{"href":"https:\/\/moverdb.com\/fr\/wp-json\/wp\/v2\/pages\/11661","targetHints":{"allow":["GET"]}}],"collection":[{"href":"https:\/\/moverdb.com\/fr\/wp-json\/wp\/v2\/pages"}],"about":[{"href":"https:\/\/moverdb.com\/fr\/wp-json\/wp\/v2\/types\/page"}],"author":[{"embeddable":true,"href":"https:\/\/moverdb.com\/fr\/wp-json\/wp\/v2\/users\/4"}],"replies":[{"embeddable":true,"href":"https:\/\/moverdb.com\/fr\/wp-json\/wp\/v2\/comments?post=11661"}],"version-history":[{"count":2,"href":"https:\/\/moverdb.com\/fr\/wp-json\/wp\/v2\/pages\/11661\/revisions"}],"predecessor-version":[{"id":11665,"href":"https:\/\/moverdb.com\/fr\/wp-json\/wp\/v2\/pages\/11661\/revisions\/11665"}],"up":[{"embeddable":true,"href":"https:\/\/moverdb.com\/fr\/wp-json\/wp\/v2\/pages\/190"}],"wp:featuredmedia":[{"embeddable":true,"href":"https:\/\/moverdb.com\/fr\/wp-json\/wp\/v2\/media\/7421"}],"wp:attachment":[{"href":"https:\/\/moverdb.com\/fr\/wp-json\/wp\/v2\/media?parent=11661"}],"curies":[{"name":"wp","href":"https:\/\/api.w.org\/{rel}","templated":true}]}}