{"id":11654,"date":"2023-11-29T10:37:27","date_gmt":"2023-11-29T10:37:27","guid":{"rendered":"https:\/\/moverdb.com\/?page_id=11654"},"modified":"2026-01-08T15:24:52","modified_gmt":"2026-01-08T15:24:52","slug":"moving-companies-us-san-diego","status":"publish","type":"page","link":"https:\/\/moverdb.com\/fr\/moving-companies\/moving-companies-us-san-diego\/","title":{"rendered":"4 Meilleures entreprises de d\u00e9m\u00e9nagements internationaux \u00e0 San Diego"},"content":{"rendered":"<p>Un d\u00e9m\u00e9nagement peut s'av\u00e9rer stressant en raison du grand nombre de choses auxquelles il faut penser et qu'il faut g\u00e9rer. <a href=\"https:\/\/moverdb.com\/fr\/moving-companies\/\" data-internallinksmanager029f6b8e52c=\"79\" title=\"Les 25 meilleures soci\u00e9t\u00e9s de d\u00e9m\u00e9nagement international en ligne\">soci\u00e9t\u00e9 de d\u00e9m\u00e9nagement<\/a> peut vraiment faire la diff\u00e9rence. Vous pouvez faire appel \u00e0 une soci\u00e9t\u00e9 de d\u00e9m\u00e9nagement pour planifier et organiser votre d\u00e9m\u00e9nagement, l'emballer et le d\u00e9baller, et g\u00e9rer les proc\u00e9dures douani\u00e8res pour les d\u00e9m\u00e9nagements internationaux. Nous avons dress\u00e9 ci-dessous une liste d'entreprises de d\u00e9m\u00e9nagement bas\u00e9es \u00e0 San Diego. <a href=\"https:\/\/moverdb.com\/fr\/international-removals\/\" data-internallinksmanager029f6b8e52c=\"27\" title=\"36 meilleures entreprises de d\u00e9m\u00e9nagements internationaux au Royaume-Uni\">entreprises de d\u00e9m\u00e9nagement<\/a> qui sont membres de la <a href=\"https:\/\/moverdb.com\/fr\/iam\/\" data-internallinksmanager029f6b8e52c=\"23\" title=\"L&#039;Association internationale des d\u00e9m\u00e9nageurs (IAM) expliqu\u00e9e\">Association internationale des d\u00e9m\u00e9nageurs<\/a> (IAM) et\/ou <a href=\"https:\/\/moverdb.com\/fr\/fidi-faim\/\" data-internallinksmanager029f6b8e52c=\"16\" title=\"Explication de la FIDI et du FAIM (FIDI Accredited International Mover)\">FIDI<\/a> D\u00e9m\u00e9nageur international accr\u00e9dit\u00e9 (FAIM) qui pourrait vous aider dans votre d\u00e9m\u00e9nagement.<\/p>\n<div id=\"ez-toc-container\" class=\"ez-toc-v2_0_82_2 ez-toc-wrap-left counter-hierarchy ez-toc-counter ez-toc-transparent ez-toc-container-direction\">\n<div class=\"ez-toc-title-container\">\n<p class=\"ez-toc-title\" style=\"cursor:inherit\">Sections<\/p>\n<span class=\"ez-toc-title-toggle\"><a href=\"#\" class=\"ez-toc-pull-right ez-toc-btn ez-toc-btn-xs ez-toc-btn-default ez-toc-toggle\" aria-label=\"Toggle Table des mati\u00e8res\"><span class=\"ez-toc-js-icon-con\"><span class=\"\"><span class=\"eztoc-hide\" style=\"display:none;\">Toggle<\/span><span class=\"ez-toc-icon-toggle-span\"><svg style=\"fill: #999;color:#999\" xmlns=\"http:\/\/www.w3.org\/2000\/svg\" class=\"list-377408\" width=\"20px\" height=\"20px\" viewbox=\"0 0 24 24\" fill=\"none\"><path d=\"M6 6H4v2h2V6zm14 0H8v2h12V6zM4 11h2v2H4v-2zm16 0H8v2h12v-2zM4 16h2v2H4v-2zm16 0H8v2h12v-2z\" fill=\"currentColor\"><\/path><\/svg><svg style=\"fill: #999;color:#999\" class=\"arrow-unsorted-368013\" xmlns=\"http:\/\/www.w3.org\/2000\/svg\" width=\"10px\" height=\"10px\" viewbox=\"0 0 24 24\" version=\"1.2\" baseprofile=\"tiny\"><path d=\"M18.2 9.3l-6.2-6.3-6.2 6.3c-.2.2-.3.4-.3.7s.1.5.3.7c.2.2.4.3.7.3h11c.3 0 .5-.1.7-.3.2-.2.3-.5.3-.7s-.1-.5-.3-.7zM5.8 14.7l6.2 6.3 6.2-6.3c.2-.2.3-.5.3-.7s-.1-.5-.3-.7c-.2-.2-.4-.3-.7-.3h-11c-.3 0-.5.1-.7.3-.2.2-.3.5-.3.7s.1.5.3.7z\"\/><\/svg><\/span><\/span><\/span><\/a><\/span><\/div>\n<nav><ul class='ez-toc-list ez-toc-list-level-1 eztoc-toggle-hide-by-default' ><li class='ez-toc-page-1 ez-toc-heading-level-2'><a class=\"ez-toc-link ez-toc-heading-1\" href=\"https:\/\/moverdb.com\/fr\/moving-companies\/moving-companies-us-san-diego\/#1_ACE_Relocation_Systems\" >1. Syst\u00e8mes de relocalisation ACE<\/a><\/li><li class='ez-toc-page-1 ez-toc-heading-level-2'><a class=\"ez-toc-link ez-toc-heading-2\" href=\"https:\/\/moverdb.com\/fr\/moving-companies\/moving-companies-us-san-diego\/#2_DeWitt_Move_Worldwide\" >2. DeWitt Move Worldwide<\/a><\/li><li class='ez-toc-page-1 ez-toc-heading-level-2'><a class=\"ez-toc-link ez-toc-heading-3\" href=\"https:\/\/moverdb.com\/fr\/moving-companies\/moving-companies-us-san-diego\/#3_Johnson_Storage_Moving\" >3. Johnson Storage &amp; Moving<\/a><\/li><li class='ez-toc-page-1 ez-toc-heading-level-2'><a class=\"ez-toc-link ez-toc-heading-4\" href=\"https:\/\/moverdb.com\/fr\/moving-companies\/moving-companies-us-san-diego\/#4_Sullivan_Moving_Storage\" >4. Sullivan Moving &amp; Storage<\/a><\/li><\/ul><\/nav><\/div>\n<h2><span class=\"ez-toc-section\" id=\"1_ACE_Relocation_Systems\"><\/span><strong>1. Syst\u00e8mes de relocalisation ACE<\/strong><span class=\"ez-toc-section-end\"><\/span><\/h2>\n<p><img loading=\"lazy\" decoding=\"async\" class=\"alignnone size-full wp-image-11240\" src=\"https:\/\/moverdb.com\/wp-content\/uploads\/ACE-Relocation-Systems-international-moving-company.png\" alt=\"ACE Relocation Systems soci\u00e9t\u00e9 de d\u00e9m\u00e9nagement international\" width=\"1440\" height=\"680\" data-wp-pid=\"11240\" srcset=\"https:\/\/moverdb.com\/wp-content\/uploads\/ACE-Relocation-Systems-international-moving-company.png 1440w, https:\/\/moverdb.com\/wp-content\/uploads\/ACE-Relocation-Systems-international-moving-company-300x142.png 300w, https:\/\/moverdb.com\/wp-content\/uploads\/ACE-Relocation-Systems-international-moving-company-1024x484.png 1024w, https:\/\/moverdb.com\/wp-content\/uploads\/ACE-Relocation-Systems-international-moving-company-18x9.png 18w, https:\/\/moverdb.com\/wp-content\/uploads\/ACE-Relocation-Systems-international-moving-company-600x283.png 600w\" sizes=\"auto, (max-width: 1440px) 100vw, 1440px\" \/><\/p>\n<ul>\n<li>D\u00e9m\u00e9nagements locaux et longue distance<\/li>\n<li>D\u00e9m\u00e9nagements internationaux<\/li>\n<li>D\u00e9m\u00e9nagements r\u00e9sidentiels<\/li>\n<li>Mouvements de l'entreprise<\/li>\n<li>D\u00e9localisations d'entreprises<\/li>\n<li>Gamme d'options d'emballage<\/li>\n<li>Dispositions en mati\u00e8re de transport<\/li>\n<li>Transport de v\u00e9hicules<\/li>\n<li>Assurance<\/li>\n<li>Stockage s\u00e9curis\u00e9 \u00e0 court et \u00e0 long terme<\/li>\n<\/ul>\n<p>ACE Relocation Systems est une soci\u00e9t\u00e9 de d\u00e9m\u00e9nagement, d'entreposage et de distribution fond\u00e9e en 1985, dont le si\u00e8ge se trouve \u00e0 San Diego et qui poss\u00e8de neuf autres sites aux \u00c9tats-Unis. <a href=\"https:\/\/moverdb.com\/fr\/moving-to-the-united-states\/\" data-internallinksmanager029f6b8e52c=\"94\" title=\"Vous partez aux \u00c9tats-Unis ? 2026 Co\u00fbt de la vie et conseils de relocalisation\">US<\/a>. Elle est un agent d'Atlas Van Lines, ce qui lui donne acc\u00e8s \u00e0 un r\u00e9seau mondial d'agents. Ils sont membres de l'IAM et ont 55 ans d'exp\u00e9rience.<\/p>\n<p>ACE Relocation Systems propose des services de d\u00e9m\u00e9nagement sur mesure, notamment des services complets d'emballage et de d\u00e9ballage, des options d'emballage partiel et de transport uniquement. Ils organiseront des exp\u00e9ditions par avion ou par conteneur avec une couverture d'assurance pour vos biens en transit. Ils peuvent \u00e9galement organiser le transport de toute une s\u00e9rie de v\u00e9hicules, y compris les voitures et les bateaux.<\/p>\n<p>Site web : <a href=\"https:\/\/www.acerelocation.com\/\" target=\"_blank\" rel=\"noopener\">https:\/\/www.acerelocation.com\/<\/a><\/p>\n<h2><span class=\"ez-toc-section\" id=\"2_DeWitt_Move_Worldwide\"><\/span><strong>2. DeWitt Move Worldwide<\/strong><span class=\"ez-toc-section-end\"><\/span><\/h2>\n<p><img loading=\"lazy\" decoding=\"async\" class=\"alignnone size-full wp-image-11306\" src=\"https:\/\/moverdb.com\/wp-content\/uploads\/DeWitt-Move-Worldwide-international-moving-company.png\" alt=\"DeWitt Move Worldwide soci\u00e9t\u00e9 de d\u00e9m\u00e9nagement international\" width=\"1440\" height=\"676\" data-wp-pid=\"11306\" srcset=\"https:\/\/moverdb.com\/wp-content\/uploads\/DeWitt-Move-Worldwide-international-moving-company.png 1440w, https:\/\/moverdb.com\/wp-content\/uploads\/DeWitt-Move-Worldwide-international-moving-company-300x141.png 300w, https:\/\/moverdb.com\/wp-content\/uploads\/DeWitt-Move-Worldwide-international-moving-company-1024x481.png 1024w, https:\/\/moverdb.com\/wp-content\/uploads\/DeWitt-Move-Worldwide-international-moving-company-18x8.png 18w, https:\/\/moverdb.com\/wp-content\/uploads\/DeWitt-Move-Worldwide-international-moving-company-600x282.png 600w\" sizes=\"auto, (max-width: 1440px) 100vw, 1440px\" \/><\/p>\n<ul>\n<li>Mouvements nationaux<\/li>\n<li>D\u00e9m\u00e9nagements internationaux<\/li>\n<li>D\u00e9m\u00e9nagements r\u00e9sidentiels<\/li>\n<li>D\u00e9localisations d'entreprises<\/li>\n<li>Plan de d\u00e9m\u00e9nagement personnalis\u00e9<\/li>\n<li>Service d'emballage<\/li>\n<li>D\u00e9douanement<\/li>\n<li>Traitement des \u0153uvres d'art<\/li>\n<li>Transport de v\u00e9hicules<\/li>\n<li>Installations de stockage<\/li>\n<\/ul>\n<p>DeWitt Move Worldwide est une soci\u00e9t\u00e9 de services de relocation cr\u00e9\u00e9e en 1927, qui fait partie de The DeWitt Companies et qui est bas\u00e9e \u00e0 San Diego. Elle op\u00e8re dans plus de 100 pays par l'interm\u00e9diaire de ses propres soci\u00e9t\u00e9s s\u0153urs et dispose d'un r\u00e9seau de partenaires internationaux approuv\u00e9s. Elle est membre de l'IAM et compte 96 ans d'exp\u00e9rience.<\/p>\n<p>DeWitt Move Worldwide propose une \u00e9tude pr\u00e9alable en personne ou virtuelle pour \u00e9valuer vos besoins en mati\u00e8re de d\u00e9m\u00e9nagement et met \u00e0 votre disposition un expert de DeWitt Move Worldwide pour g\u00e9rer votre d\u00e9m\u00e9nagement. Il travaillera avec vous pour d\u00e9terminer les meilleures options de d\u00e9m\u00e9nagement et cr\u00e9er un plan de d\u00e9m\u00e9nagement personnalis\u00e9 en fonction de votre budget.<\/p>\n<p>Site web : <a href=\"https:\/\/www.dewittmove.com\" target=\"_blank\" rel=\"noopener\">https:\/\/www.dewittmove.com<\/a><\/p>\n<h2><span class=\"ez-toc-section\" id=\"3_Johnson_Storage_Moving\"><\/span><strong>3. Johnson Storage &amp; Moving<\/strong><span class=\"ez-toc-section-end\"><\/span><\/h2>\n<p><img loading=\"lazy\" decoding=\"async\" class=\"alignnone size-full wp-image-11356\" src=\"https:\/\/moverdb.com\/wp-content\/uploads\/Johnson-Storage-Moving-international-moving-company.png\" alt=\"Johnson Storage &amp; Moving soci\u00e9t\u00e9 de d\u00e9m\u00e9nagement international\" width=\"1440\" height=\"677\" data-wp-pid=\"11356\" srcset=\"https:\/\/moverdb.com\/wp-content\/uploads\/Johnson-Storage-Moving-international-moving-company.png 1440w, https:\/\/moverdb.com\/wp-content\/uploads\/Johnson-Storage-Moving-international-moving-company-300x141.png 300w, https:\/\/moverdb.com\/wp-content\/uploads\/Johnson-Storage-Moving-international-moving-company-1024x481.png 1024w, https:\/\/moverdb.com\/wp-content\/uploads\/Johnson-Storage-Moving-international-moving-company-18x8.png 18w, https:\/\/moverdb.com\/wp-content\/uploads\/Johnson-Storage-Moving-international-moving-company-600x282.png 600w\" sizes=\"auto, (max-width: 1440px) 100vw, 1440px\" \/><\/p>\n<ul>\n<li>D\u00e9m\u00e9nagements locaux et inter\u00e9tatiques<\/li>\n<li>D\u00e9m\u00e9nagements internationaux<\/li>\n<li>D\u00e9m\u00e9nagements r\u00e9sidentiels<\/li>\n<li>D\u00e9m\u00e9nagements commerciaux<\/li>\n<li>D\u00e9placement d'entreprise<\/li>\n<li>Conseiller personnel en d\u00e9m\u00e9nagement<\/li>\n<li>Service d'emballage<\/li>\n<li>Organisation du transport<\/li>\n<li>D\u00e9douanement<\/li>\n<li>Solutions de stockage<\/li>\n<\/ul>\n<p>Johnson Storage &amp; Moving est une soci\u00e9t\u00e9 de d\u00e9m\u00e9nagement qui existe depuis 1900 et qui poss\u00e8de 12 bureaux aux \u00c9tats-Unis, y compris \u00e0 San Diego. Elle dispose d'un r\u00e9seau mondial de partenaires qui lui permet de transporter des objets dans plus de 200 pays. Elle est accr\u00e9dit\u00e9e par la FIDI.<\/p>\n<p>Johnson Storage &amp; Moving propose un devis gratuit \u00e0 domicile ou virtuel qui \u00e9value le volume de votre d\u00e9m\u00e9nagement. Elle met \u00e0 votre disposition un conseiller personnel qui vous aidera \u00e0 chaque \u00e9tape de votre d\u00e9m\u00e9nagement et \u00e9tablira un plan de d\u00e9m\u00e9nagement personnalis\u00e9. Ils offrent un service d'emballage complet pour assurer la s\u00e9curit\u00e9 de votre chargement et s'occupent du d\u00e9douanement.<\/p>\n<p>Site web : <a href=\"https:\/\/www.johnsonstorage.com\" target=\"_blank\" rel=\"noopener\">https:\/\/www.johnsonstorage.com<\/a><\/p>\n<h2><span class=\"ez-toc-section\" id=\"4_Sullivan_Moving_Storage\"><\/span><strong>4. Sullivan Moving &amp; Storage<\/strong><span class=\"ez-toc-section-end\"><\/span><\/h2>\n<p><img loading=\"lazy\" decoding=\"async\" class=\"alignnone size-full wp-image-11451\" src=\"https:\/\/moverdb.com\/wp-content\/uploads\/Sullivan-Moving-Storage-international-moving-company.png\" alt=\"Sullivan Moving &amp; Storage entreprise de d\u00e9m\u00e9nagement international\" width=\"1440\" height=\"683\" data-wp-pid=\"11451\" srcset=\"https:\/\/moverdb.com\/wp-content\/uploads\/Sullivan-Moving-Storage-international-moving-company.png 1440w, https:\/\/moverdb.com\/wp-content\/uploads\/Sullivan-Moving-Storage-international-moving-company-300x142.png 300w, https:\/\/moverdb.com\/wp-content\/uploads\/Sullivan-Moving-Storage-international-moving-company-1024x486.png 1024w, https:\/\/moverdb.com\/wp-content\/uploads\/Sullivan-Moving-Storage-international-moving-company-18x9.png 18w, https:\/\/moverdb.com\/wp-content\/uploads\/Sullivan-Moving-Storage-international-moving-company-600x285.png 600w\" sizes=\"auto, (max-width: 1440px) 100vw, 1440px\" \/><\/p>\n<ul>\n<li>D\u00e9m\u00e9nagements locaux et longue distance<\/li>\n<li>D\u00e9m\u00e9nagements internationaux<\/li>\n<li>D\u00e9m\u00e9nagements de m\u00e9nages<\/li>\n<li>D\u00e9placement des employ\u00e9s<\/li>\n<li>D\u00e9m\u00e9nagements de bureaux<\/li>\n<li>Un coordinateur d\u00e9di\u00e9 au d\u00e9m\u00e9nagement<\/li>\n<li>Service d'emballage<\/li>\n<li>Organisation du transport<\/li>\n<li>D\u00e9douanement<\/li>\n<li>Stockage \u00e0 court et \u00e0 long terme<\/li>\n<\/ul>\n<p>Sullivan Moving &amp; Storage est une soci\u00e9t\u00e9 de d\u00e9m\u00e9nagement cr\u00e9\u00e9e en 1912 \u00e0 San Diego et un agent fondateur de United Van Lines. Elle dispose d'un r\u00e9seau mondial d'entreprises de d\u00e9m\u00e9nagement qui lui permet de d\u00e9m\u00e9nager des clients partout dans le monde. Elle est membre de l'IAM avec 12 ans d'exp\u00e9rience et est accr\u00e9dit\u00e9e par la FIDI.<\/p>\n<p>Sullivan Moving &amp; Storage offre le choix entre une visite en libre-service, une visite virtuelle par vid\u00e9o ou une visite \u00e0 domicile pour \u00e9valuer vos volumes de d\u00e9m\u00e9nagement et vous fournir un devis. Ils planifieront votre d\u00e9m\u00e9nagement et mettront \u00e0 votre disposition un coordinateur de d\u00e9m\u00e9nagement qui vous aidera \u00e0 chaque \u00e9tape du processus. Ils proposent des services d'emballage, de transport et de d\u00e9douanement.<\/p>\n<p>Site web : <a href=\"http:\/\/www.sullivanunited.com\" target=\"_blank\" rel=\"noopener\">http:\/\/www.sullivanunited.com<\/a><\/p>","protected":false},"excerpt":{"rendered":"<p>Moving can get stressful with so many things to think about and manage, so getting some help from a moving company can really make a difference. You can engage a moving company to plan and organise your move, pack and unpack, and manage customs procedures for international moves. Below we have compiled a list of [&hellip;]<\/p>\n","protected":false},"author":4,"featured_media":11240,"parent":190,"menu_order":0,"comment_status":"closed","ping_status":"closed","template":"","meta":{"_genesis_hide_title":false,"_genesis_hide_breadcrumbs":false,"_genesis_hide_singular_image":false,"_genesis_hide_footer_widgets":false,"_genesis_custom_body_class":"","_genesis_custom_post_class":"","_genesis_layout":"","footnotes":""},"class_list":{"0":"post-11654","1":"page","2":"type-page","3":"status-publish","4":"has-post-thumbnail","6":"entry"},"_links":{"self":[{"href":"https:\/\/moverdb.com\/fr\/wp-json\/wp\/v2\/pages\/11654","targetHints":{"allow":["GET"]}}],"collection":[{"href":"https:\/\/moverdb.com\/fr\/wp-json\/wp\/v2\/pages"}],"about":[{"href":"https:\/\/moverdb.com\/fr\/wp-json\/wp\/v2\/types\/page"}],"author":[{"embeddable":true,"href":"https:\/\/moverdb.com\/fr\/wp-json\/wp\/v2\/users\/4"}],"replies":[{"embeddable":true,"href":"https:\/\/moverdb.com\/fr\/wp-json\/wp\/v2\/comments?post=11654"}],"version-history":[{"count":1,"href":"https:\/\/moverdb.com\/fr\/wp-json\/wp\/v2\/pages\/11654\/revisions"}],"predecessor-version":[{"id":11655,"href":"https:\/\/moverdb.com\/fr\/wp-json\/wp\/v2\/pages\/11654\/revisions\/11655"}],"up":[{"embeddable":true,"href":"https:\/\/moverdb.com\/fr\/wp-json\/wp\/v2\/pages\/190"}],"wp:featuredmedia":[{"embeddable":true,"href":"https:\/\/moverdb.com\/fr\/wp-json\/wp\/v2\/media\/11240"}],"wp:attachment":[{"href":"https:\/\/moverdb.com\/fr\/wp-json\/wp\/v2\/media?parent=11654"}],"curies":[{"name":"wp","href":"https:\/\/api.w.org\/{rel}","templated":true}]}}