{"id":11651,"date":"2023-11-29T10:38:44","date_gmt":"2023-11-29T10:38:44","guid":{"rendered":"https:\/\/moverdb.com\/?page_id=11651"},"modified":"2026-01-08T15:24:50","modified_gmt":"2026-01-08T15:24:50","slug":"moving-companies-us-pennsylvania","status":"publish","type":"page","link":"https:\/\/moverdb.com\/fr\/moving-companies\/moving-companies-us-pennsylvania\/","title":{"rendered":"4 Meilleures entreprises de d\u00e9m\u00e9nagements internationaux en Pennsylvanie"},"content":{"rendered":"<p>Lorsque vous d\u00e9m\u00e9nagez, il y a beaucoup \u00e0 faire : organiser, emballer, organiser le transport et g\u00e9rer les douanes si vous d\u00e9m\u00e9nagez \u00e0 l'\u00e9tranger, mais vous n'avez pas \u00e0 le faire seul. A <a href=\"https:\/\/moverdb.com\/fr\/moving-companies\/\" data-internallinksmanager029f6b8e52c=\"79\" title=\"Les 25 meilleures soci\u00e9t\u00e9s de d\u00e9m\u00e9nagement international en ligne\">soci\u00e9t\u00e9 de d\u00e9m\u00e9nagement<\/a> peut vous aider \u00e0 accomplir tout ou partie de ces t\u00e2ches afin de faciliter votre d\u00e9m\u00e9nagement. Nous avons dress\u00e9 ci-dessous une liste de <a href=\"https:\/\/moverdb.com\/fr\/moving-to-the-united-states\/moving-to-pennsylvania\/\" data-internallinksmanager029f6b8e52c=\"404\" title=\"Vous d\u00e9m\u00e9nagez en Pennsylvanie ? 2026 Co\u00fbts de la vie et conseils de relocalisation\">Pennsylvanie<\/a> bas\u00e9 sur <a href=\"https:\/\/moverdb.com\/fr\/international-removals\/\" data-internallinksmanager029f6b8e52c=\"27\" title=\"36 meilleures entreprises de d\u00e9m\u00e9nagements internationaux au Royaume-Uni\">entreprises de d\u00e9m\u00e9nagement<\/a> qui sont membres de la <a href=\"https:\/\/moverdb.com\/fr\/iam\/\" data-internallinksmanager029f6b8e52c=\"23\" title=\"L&#039;Association internationale des d\u00e9m\u00e9nageurs (IAM) expliqu\u00e9e\">Association internationale des d\u00e9m\u00e9nageurs<\/a> (IAM) et\/ou <a href=\"https:\/\/moverdb.com\/fr\/fidi-faim\/\" data-internallinksmanager029f6b8e52c=\"16\" title=\"Explication de la FIDI et du FAIM (FIDI Accredited International Mover)\">FIDI<\/a> D\u00e9m\u00e9nageur international accr\u00e9dit\u00e9 (FAIM) qui pourrait vous aider dans votre d\u00e9m\u00e9nagement.<\/p>\n<div id=\"ez-toc-container\" class=\"ez-toc-v2_0_82_2 ez-toc-wrap-left counter-hierarchy ez-toc-counter ez-toc-transparent ez-toc-container-direction\">\n<div class=\"ez-toc-title-container\">\n<p class=\"ez-toc-title\" style=\"cursor:inherit\">Sections<\/p>\n<span class=\"ez-toc-title-toggle\"><a href=\"#\" class=\"ez-toc-pull-right ez-toc-btn ez-toc-btn-xs ez-toc-btn-default ez-toc-toggle\" aria-label=\"Toggle Table des mati\u00e8res\"><span class=\"ez-toc-js-icon-con\"><span class=\"\"><span class=\"eztoc-hide\" style=\"display:none;\">Toggle<\/span><span class=\"ez-toc-icon-toggle-span\"><svg style=\"fill: #999;color:#999\" xmlns=\"http:\/\/www.w3.org\/2000\/svg\" class=\"list-377408\" width=\"20px\" height=\"20px\" viewbox=\"0 0 24 24\" fill=\"none\"><path d=\"M6 6H4v2h2V6zm14 0H8v2h12V6zM4 11h2v2H4v-2zm16 0H8v2h12v-2zM4 16h2v2H4v-2zm16 0H8v2h12v-2z\" fill=\"currentColor\"><\/path><\/svg><svg style=\"fill: #999;color:#999\" class=\"arrow-unsorted-368013\" xmlns=\"http:\/\/www.w3.org\/2000\/svg\" width=\"10px\" height=\"10px\" viewbox=\"0 0 24 24\" version=\"1.2\" baseprofile=\"tiny\"><path d=\"M18.2 9.3l-6.2-6.3-6.2 6.3c-.2.2-.3.4-.3.7s.1.5.3.7c.2.2.4.3.7.3h11c.3 0 .5-.1.7-.3.2-.2.3-.5.3-.7s-.1-.5-.3-.7zM5.8 14.7l6.2 6.3 6.2-6.3c.2-.2.3-.5.3-.7s-.1-.5-.3-.7c-.2-.2-.4-.3-.7-.3h-11c-.3 0-.5.1-.7.3-.2.2-.3.5-.3.7s.1.5.3.7z\"\/><\/svg><\/span><\/span><\/span><\/a><\/span><\/div>\n<nav><ul class='ez-toc-list ez-toc-list-level-1 eztoc-toggle-hide-by-default' ><li class='ez-toc-page-1 ez-toc-heading-level-2'><a class=\"ez-toc-link ez-toc-heading-1\" href=\"https:\/\/moverdb.com\/fr\/moving-companies\/moving-companies-us-pennsylvania\/#1_Aires\" >1. Aires<\/a><\/li><li class='ez-toc-page-1 ez-toc-heading-level-2'><a class=\"ez-toc-link ez-toc-heading-2\" href=\"https:\/\/moverdb.com\/fr\/moving-companies\/moving-companies-us-pennsylvania\/#2_Champion_International_Moving\" >2. Champion International Moving<\/a><\/li><li class='ez-toc-page-1 ez-toc-heading-level-2'><a class=\"ez-toc-link ez-toc-heading-3\" href=\"https:\/\/moverdb.com\/fr\/moving-companies\/moving-companies-us-pennsylvania\/#3_Movers_Specialty_Service\" >3. Service sp\u00e9cialis\u00e9 de d\u00e9m\u00e9nagements<\/a><\/li><li class='ez-toc-page-1 ez-toc-heading-level-2'><a class=\"ez-toc-link ez-toc-heading-4\" href=\"https:\/\/moverdb.com\/fr\/moving-companies\/moving-companies-us-pennsylvania\/#4_Reads_Moving_Systems\" >4. Lire les syst\u00e8mes mobiles<\/a><\/li><\/ul><\/nav><\/div>\n<h2><span class=\"ez-toc-section\" id=\"1_Aires\"><\/span><strong>1. Aires<\/strong><span class=\"ez-toc-section-end\"><\/span><\/h2>\n<p><img loading=\"lazy\" decoding=\"async\" class=\"alignnone size-full wp-image-11247\" src=\"https:\/\/moverdb.com\/wp-content\/uploads\/Aires-international-moving-company.png\" alt=\"Aires international moving company\" width=\"1440\" height=\"678\" data-wp-pid=\"11247\" srcset=\"https:\/\/moverdb.com\/wp-content\/uploads\/Aires-international-moving-company.png 1440w, https:\/\/moverdb.com\/wp-content\/uploads\/Aires-international-moving-company-300x141.png 300w, https:\/\/moverdb.com\/wp-content\/uploads\/Aires-international-moving-company-1024x482.png 1024w, https:\/\/moverdb.com\/wp-content\/uploads\/Aires-international-moving-company-18x8.png 18w, https:\/\/moverdb.com\/wp-content\/uploads\/Aires-international-moving-company-600x283.png 600w\" sizes=\"auto, (max-width: 1440px) 100vw, 1440px\" \/><\/p>\n<ul>\n<li>D\u00e9localisations nationales<\/li>\n<li>D\u00e9localisations internationales<\/li>\n<li>D\u00e9m\u00e9nagements de m\u00e9nages<\/li>\n<li>D\u00e9placement des employ\u00e9s<\/li>\n<li>Services de d\u00e9part<\/li>\n<li>Services de destination et d'installation<\/li>\n<li>Services d'immigration<\/li>\n<li>Services immobiliers<\/li>\n<li>Recherche d'\u00e9cole<\/li>\n<li>Formation culturelle et linguistique<\/li>\n<\/ul>\n<p>Aires est une soci\u00e9t\u00e9 de relocalisation et d'exp\u00e9dition de fret fond\u00e9e en 1981, dont le si\u00e8ge se trouve \u00e0 Pittsburgh et qui compte cinq autres filiales. <a href=\"https:\/\/moverdb.com\/fr\/moving-to-the-united-states\/\" data-internallinksmanager029f6b8e52c=\"94\" title=\"Vous partez aux \u00c9tats-Unis ? 2026 Co\u00fbt de la vie et conseils de relocalisation\">US<\/a> et des bureaux internationaux dans les pays suivants <a href=\"https:\/\/moverdb.com\/fr\/moving-to-hong-kong\/\" data-internallinksmanager029f6b8e52c=\"350\" title=\"D\u00e9m\u00e9nager \u00e0 Hong Kong ? 2026 Co\u00fbts de la vie et conseils de relocalisation\">Hong Kong<\/a>Londres, <a href=\"https:\/\/moverdb.com\/fr\/moving-to-singapore\/\" data-internallinksmanager029f6b8e52c=\"68\" title=\"Vous partez pour Singapour ? 2026 Co\u00fbt de la vie et conseils de relocalisation\">Singapour<\/a>Shanghai et Mumbai. Ils disposent d'un vaste r\u00e9seau de fournisseurs de services de confiance pour les soutenir. Ils sont membres de l'IAM, avec 42 ans d'exp\u00e9rience, et sont accr\u00e9dit\u00e9s par la FIDI.<\/p>\n<p>Aires se sp\u00e9cialise dans l'aide aux entreprises pour la relocalisation de leurs employ\u00e9s et fournit une large gamme de services pour aider les employ\u00e9s \u00e0 d\u00e9m\u00e9nager et \u00e0 s'installer dans leur nouvelle maison. Ces services comprennent des services de d\u00e9part, tels que le d\u00e9m\u00e9nagement et l'immigration, et des services de destination, tels que la recherche d'un logement et d'une \u00e9cole.<\/p>\n<p>Site web : <a href=\"https:\/\/www.aires.com\/\" target=\"_blank\" rel=\"noopener\">https:\/\/www.aires.com\/<\/a><\/p>\n<h2><span class=\"ez-toc-section\" id=\"2_Champion_International_Moving\"><\/span><strong>2. Champion International Moving<\/strong><span class=\"ez-toc-section-end\"><\/span><\/h2>\n<p><img loading=\"lazy\" decoding=\"async\" class=\"alignnone size-full wp-image-11285\" src=\"https:\/\/moverdb.com\/wp-content\/uploads\/Champion-International-Moving-company.png\" alt=\"Champion International Moving company\" width=\"1440\" height=\"676\" data-wp-pid=\"11285\" srcset=\"https:\/\/moverdb.com\/wp-content\/uploads\/Champion-International-Moving-company.png 1440w, https:\/\/moverdb.com\/wp-content\/uploads\/Champion-International-Moving-company-300x141.png 300w, https:\/\/moverdb.com\/wp-content\/uploads\/Champion-International-Moving-company-1024x481.png 1024w, https:\/\/moverdb.com\/wp-content\/uploads\/Champion-International-Moving-company-18x8.png 18w, https:\/\/moverdb.com\/wp-content\/uploads\/Champion-International-Moving-company-600x282.png 600w\" sizes=\"auto, (max-width: 1440px) 100vw, 1440px\" \/><\/p>\n<ul>\n<li>Mouvements nationaux<\/li>\n<li>D\u00e9m\u00e9nagements internationaux<\/li>\n<li>D\u00e9m\u00e9nagements r\u00e9sidentiels<\/li>\n<li>Mouvements de l'entreprise<\/li>\n<li>Sp\u00e9cialiste de la relocalisation<\/li>\n<li>Service d'emballage<\/li>\n<li>Mouvements d'animaux<\/li>\n<li>Transport de v\u00e9hicules<\/li>\n<li>Assurance<\/li>\n<li>Services de stockage<\/li>\n<\/ul>\n<p>Champion International Moving est une soci\u00e9t\u00e9 de gestion de d\u00e9m\u00e9nagements fond\u00e9e en 1991 et bas\u00e9e \u00e0 Pittsburgh. Elle fait partie du groupe <a href=\"https:\/\/moverdb.com\/fr\/harmony-relocation-network\/\" data-internallinksmanager029f6b8e52c=\"20\" title=\"Le r\u00e9seau Harmony Relocation Network (HRN) expliqu\u00e9\">R\u00e9seau de relocalisation Harmony<\/a> ce qui signifie qu'ils agissent de mani\u00e8re socialement responsable et qu'ils disposent d'un r\u00e9seau d'entreprises de d\u00e9m\u00e9nagement avec lesquelles ils travaillent de la m\u00eame mani\u00e8re. Ils sont membres de l'IAM, avec 32 ans d'exp\u00e9rience, et sont accr\u00e9dit\u00e9s par la FIDI.<\/p>\n<p>Champion International Moving propose des d\u00e9m\u00e9nagements nationaux et internationaux pour les particuliers et les entreprises, avec un point de contact unique qui est un sp\u00e9cialiste de la relocalisation. Ils fournissent un service d'emballage pour prot\u00e9ger vos biens et organisent le transport et le d\u00e9chargement \u00e0 l'arriv\u00e9e.<\/p>\n<p>Site web : <a href=\"http:\/\/www.champmove.com\" target=\"_blank\" rel=\"noopener\">http:\/\/www.champmove.com<\/a><\/p>\n<h2><span class=\"ez-toc-section\" id=\"3_Movers_Specialty_Service\"><\/span><strong>3. Service sp\u00e9cialis\u00e9 de d\u00e9m\u00e9nagements<\/strong><span class=\"ez-toc-section-end\"><\/span><\/h2>\n<p><img loading=\"lazy\" decoding=\"async\" class=\"alignnone size-full wp-image-11384\" src=\"https:\/\/moverdb.com\/wp-content\/uploads\/Movers-Specialty-Service-international-moving-company.png\" alt=\"Movers Specialty Service entreprise de d\u00e9m\u00e9nagement international\" width=\"1440\" height=\"677\" data-wp-pid=\"11384\" srcset=\"https:\/\/moverdb.com\/wp-content\/uploads\/Movers-Specialty-Service-international-moving-company.png 1440w, https:\/\/moverdb.com\/wp-content\/uploads\/Movers-Specialty-Service-international-moving-company-300x141.png 300w, https:\/\/moverdb.com\/wp-content\/uploads\/Movers-Specialty-Service-international-moving-company-1024x481.png 1024w, https:\/\/moverdb.com\/wp-content\/uploads\/Movers-Specialty-Service-international-moving-company-18x8.png 18w, https:\/\/moverdb.com\/wp-content\/uploads\/Movers-Specialty-Service-international-moving-company-600x282.png 600w\" sizes=\"auto, (max-width: 1440px) 100vw, 1440px\" \/><\/p>\n<ul>\n<li>Services nationaux<\/li>\n<li>Services de d\u00e9m\u00e9nagement<\/li>\n<li>Services de d\u00e9m\u00e9nagement commercial<\/li>\n<li>Gestion des d\u00e9m\u00e9nagements sur place<\/li>\n<li>Services de mise en caisse<\/li>\n<li>Manipulation d'objets d'art<\/li>\n<li>D\u00e9monter et monter des meubles<\/li>\n<li>Services de d\u00e9m\u00e9nagement et d'installation<\/li>\n<li>Services de d\u00e9m\u00e9nagement d'objets sp\u00e9cialis\u00e9s<\/li>\n<li>Service de nettoyage<\/li>\n<\/ul>\n<p>Movers Specialty Service est une soci\u00e9t\u00e9 de services de d\u00e9m\u00e9nagement par des tiers cr\u00e9\u00e9e en 1978 et bas\u00e9e \u00e0 Montgomeryville. Elle fournit des services dans tous les \u00c9tats-Unis gr\u00e2ce \u00e0 un r\u00e9seau de professionnels soigneusement s\u00e9lectionn\u00e9s. Elle est membre de l'IAM et compte 45 ans d'exp\u00e9rience.<\/p>\n<p>Movers Specialty Service fournit des services d'assistance sp\u00e9cialis\u00e9s aux d\u00e9m\u00e9nageurs et aux entreprises de d\u00e9m\u00e9nagement \u00e0 leur point d'origine ou de destination aux \u00c9tats-Unis. Ils proposent des services de d\u00e9m\u00e9nagement sp\u00e9cialis\u00e9s, notamment le d\u00e9branchement et le branchement d'appareils, le d\u00e9montage et le montage d'\u00e9quipements et de meubles, le d\u00e9montage et le montage de t\u00e9l\u00e9viseurs, l'enl\u00e8vement et l'installation de luminaires et la mise en caisse de marchandises. Ils peuvent \u00e9galement d\u00e9m\u00e9nager des objets fragiles et encombrants tels que des pianos et des horloges de grand-p\u00e8re.<\/p>\n<p>Site web : <a href=\"http:\/\/mss1.com\" target=\"_blank\" rel=\"noopener\">http:\/\/mss1.com<\/a><\/p>\n<h2><span class=\"ez-toc-section\" id=\"4_Reads_Moving_Systems\"><\/span><strong>4. Lire les syst\u00e8mes mobiles<\/strong><span class=\"ez-toc-section-end\"><\/span><\/h2>\n<p><img loading=\"lazy\" decoding=\"async\" class=\"alignnone size-full wp-image-11418\" src=\"https:\/\/moverdb.com\/wp-content\/uploads\/Reads-Moving-Systems-international-moving-company.png\" alt=\"Reads Moving Systems entreprise de d\u00e9m\u00e9nagement international\" width=\"1440\" height=\"677\" data-wp-pid=\"11418\" srcset=\"https:\/\/moverdb.com\/wp-content\/uploads\/Reads-Moving-Systems-international-moving-company.png 1440w, https:\/\/moverdb.com\/wp-content\/uploads\/Reads-Moving-Systems-international-moving-company-300x141.png 300w, https:\/\/moverdb.com\/wp-content\/uploads\/Reads-Moving-Systems-international-moving-company-1024x481.png 1024w, https:\/\/moverdb.com\/wp-content\/uploads\/Reads-Moving-Systems-international-moving-company-18x8.png 18w, https:\/\/moverdb.com\/wp-content\/uploads\/Reads-Moving-Systems-international-moving-company-600x282.png 600w\" sizes=\"auto, (max-width: 1440px) 100vw, 1440px\" \/><\/p>\n<ul>\n<li>D\u00e9placements locaux<\/li>\n<li>D\u00e9m\u00e9nagements internationaux<\/li>\n<li>D\u00e9m\u00e9nagements de m\u00e9nages<\/li>\n<li>D\u00e9m\u00e9nagements de bureaux et d'industries<\/li>\n<li>Planification pr\u00e9alable au d\u00e9m\u00e9nagement<\/li>\n<li>Service d'emballage<\/li>\n<li>Mise en caisse<\/li>\n<li>Organisation du transport<\/li>\n<li>Services d'origine et de destination<\/li>\n<li>Installations de stockage<\/li>\n<\/ul>\n<p>Reads Moving Systems est une soci\u00e9t\u00e9 de d\u00e9m\u00e9nagement et d'entreposage cr\u00e9\u00e9e en 1937. Elle est bas\u00e9e \u00e0 Huntingdon Valley et poss\u00e8de \u00e9galement des bureaux dans les villes suivantes <a href=\"https:\/\/moverdb.com\/fr\/moving-to-the-united-states\/moving-to-florida\/\" data-internallinksmanager029f6b8e52c=\"331\" title=\"D\u00e9m\u00e9nager en Floride ? 2026 Co\u00fbts de la vie et conseils de relocalisation\">Floride<\/a> et <a href=\"https:\/\/moverdb.com\/fr\/moving-to-the-united-states\/moving-to-georgia\/\" data-internallinksmanager029f6b8e52c=\"402\" title=\"D\u00e9m\u00e9nager en G\u00e9orgie ? 2026 Co\u00fbts de la vie et conseils de relocalisation\">G\u00e9orgie<\/a>. Elle est un agent d'Atlas Van Lines, ce qui lui permet de disposer d'un r\u00e9seau d'entreprises de d\u00e9m\u00e9nagement avec lesquelles elle peut travailler. Ils sont membres de l'IAM et ont 50 ans d'exp\u00e9rience.<\/p>\n<p>Reads Moving Systems propose des prix comp\u00e9titifs pour ses services de d\u00e9m\u00e9nagement. Ils proposent une planification pr\u00e9alable au d\u00e9m\u00e9nagement avec leurs coordinateurs de gestion des d\u00e9m\u00e9nagements afin de prendre les dispositions n\u00e9cessaires pour votre d\u00e9m\u00e9nagement. Ils offrent un service d'emballage et de conditionnement pour prot\u00e9ger vos articles et les chargeront dans un conteneur pour les d\u00e9m\u00e9nagements internationaux.<\/p>\n<p>Site web : <a href=\"http:\/\/www.readsmoving.com\" target=\"_blank\" rel=\"noopener\">http:\/\/www.readsmoving.com<\/a><\/p>","protected":false},"excerpt":{"rendered":"<p>When you are moving there is so much to do like organising, packing, arranging transportation and managing customs if moving abroad, but you don\u2019t have to do this alone. A moving company can help with all or some of these tasks to make moving easier. Below we have compiled a list of Pennsylvania based removal [&hellip;]<\/p>\n","protected":false},"author":4,"featured_media":11247,"parent":190,"menu_order":0,"comment_status":"closed","ping_status":"closed","template":"","meta":{"_genesis_hide_title":false,"_genesis_hide_breadcrumbs":false,"_genesis_hide_singular_image":false,"_genesis_hide_footer_widgets":false,"_genesis_custom_body_class":"","_genesis_custom_post_class":"","_genesis_layout":"","footnotes":""},"class_list":{"0":"post-11651","1":"page","2":"type-page","3":"status-publish","4":"has-post-thumbnail","6":"entry"},"_links":{"self":[{"href":"https:\/\/moverdb.com\/fr\/wp-json\/wp\/v2\/pages\/11651","targetHints":{"allow":["GET"]}}],"collection":[{"href":"https:\/\/moverdb.com\/fr\/wp-json\/wp\/v2\/pages"}],"about":[{"href":"https:\/\/moverdb.com\/fr\/wp-json\/wp\/v2\/types\/page"}],"author":[{"embeddable":true,"href":"https:\/\/moverdb.com\/fr\/wp-json\/wp\/v2\/users\/4"}],"replies":[{"embeddable":true,"href":"https:\/\/moverdb.com\/fr\/wp-json\/wp\/v2\/comments?post=11651"}],"version-history":[{"count":2,"href":"https:\/\/moverdb.com\/fr\/wp-json\/wp\/v2\/pages\/11651\/revisions"}],"predecessor-version":[{"id":11653,"href":"https:\/\/moverdb.com\/fr\/wp-json\/wp\/v2\/pages\/11651\/revisions\/11653"}],"up":[{"embeddable":true,"href":"https:\/\/moverdb.com\/fr\/wp-json\/wp\/v2\/pages\/190"}],"wp:featuredmedia":[{"embeddable":true,"href":"https:\/\/moverdb.com\/fr\/wp-json\/wp\/v2\/media\/11247"}],"wp:attachment":[{"href":"https:\/\/moverdb.com\/fr\/wp-json\/wp\/v2\/media?parent=11651"}],"curies":[{"name":"wp","href":"https:\/\/api.w.org\/{rel}","templated":true}]}}