{"id":11648,"date":"2023-11-29T10:50:54","date_gmt":"2023-11-29T10:50:54","guid":{"rendered":"https:\/\/moverdb.com\/?page_id=11648"},"modified":"2026-01-08T15:29:25","modified_gmt":"2026-01-08T15:29:25","slug":"moving-companies-us-ohio","status":"publish","type":"page","link":"https:\/\/moverdb.com\/fr\/moving-companies\/moving-companies-us-ohio\/","title":{"rendered":"6 meilleures entreprises de d\u00e9m\u00e9nagements internationaux dans l'Ohio"},"content":{"rendered":"<p>Vous envisagez de d\u00e9m\u00e9nager ? Dans ce cas, vous pouvez faire appel aux services d'un <a href=\"https:\/\/moverdb.com\/fr\/moving-companies\/\" data-internallinksmanager029f6b8e52c=\"79\" title=\"Les 25 meilleures soci\u00e9t\u00e9s de d\u00e9m\u00e9nagement international en ligne\">soci\u00e9t\u00e9 de d\u00e9m\u00e9nagement<\/a> pour r\u00e9duire la charge de travail et la pression du d\u00e9m\u00e9nagement. Ils peuvent organiser, emballer et transporter vos biens et s'occuper des formalit\u00e9s douani\u00e8res si vous d\u00e9m\u00e9nagez d'un pays \u00e0 l'autre. Nous avons dress\u00e9 ci-dessous une liste de <a href=\"https:\/\/moverdb.com\/fr\/moving-to-the-united-states\/moving-to-ohio\/\" data-internallinksmanager029f6b8e52c=\"409\" title=\"Vous d\u00e9m\u00e9nagez dans l&#039;Ohio ? 2026 Co\u00fbts de la vie et conseils de relocalisation\">Ohio<\/a> bas\u00e9 sur <a href=\"https:\/\/moverdb.com\/fr\/international-removals\/\" data-internallinksmanager029f6b8e52c=\"27\" title=\"36 meilleures entreprises de d\u00e9m\u00e9nagements internationaux au Royaume-Uni\">entreprises de d\u00e9m\u00e9nagement<\/a> qui sont membres de la <a href=\"https:\/\/moverdb.com\/fr\/iam\/\" data-internallinksmanager029f6b8e52c=\"23\" title=\"L&#039;Association internationale des d\u00e9m\u00e9nageurs (IAM) expliqu\u00e9e\">Association internationale des d\u00e9m\u00e9nageurs<\/a> (IAM) et\/ou <a href=\"https:\/\/moverdb.com\/fr\/fidi-faim\/\" data-internallinksmanager029f6b8e52c=\"16\" title=\"Explication de la FIDI et du FAIM (FIDI Accredited International Mover)\">FIDI<\/a> D\u00e9m\u00e9nageur international accr\u00e9dit\u00e9 (FAIM) qui pourrait vous aider dans votre d\u00e9m\u00e9nagement.<\/p>\n<div id=\"ez-toc-container\" class=\"ez-toc-v2_0_82_2 ez-toc-wrap-left counter-hierarchy ez-toc-counter ez-toc-transparent ez-toc-container-direction\">\n<div class=\"ez-toc-title-container\">\n<p class=\"ez-toc-title\" style=\"cursor:inherit\">Sections<\/p>\n<span class=\"ez-toc-title-toggle\"><a href=\"#\" class=\"ez-toc-pull-right ez-toc-btn ez-toc-btn-xs ez-toc-btn-default ez-toc-toggle\" aria-label=\"Toggle Table des mati\u00e8res\"><span class=\"ez-toc-js-icon-con\"><span class=\"\"><span class=\"eztoc-hide\" style=\"display:none;\">Toggle<\/span><span class=\"ez-toc-icon-toggle-span\"><svg style=\"fill: #999;color:#999\" xmlns=\"http:\/\/www.w3.org\/2000\/svg\" class=\"list-377408\" width=\"20px\" height=\"20px\" viewbox=\"0 0 24 24\" fill=\"none\"><path d=\"M6 6H4v2h2V6zm14 0H8v2h12V6zM4 11h2v2H4v-2zm16 0H8v2h12v-2zM4 16h2v2H4v-2zm16 0H8v2h12v-2z\" fill=\"currentColor\"><\/path><\/svg><svg style=\"fill: #999;color:#999\" class=\"arrow-unsorted-368013\" xmlns=\"http:\/\/www.w3.org\/2000\/svg\" width=\"10px\" height=\"10px\" viewbox=\"0 0 24 24\" version=\"1.2\" baseprofile=\"tiny\"><path d=\"M18.2 9.3l-6.2-6.3-6.2 6.3c-.2.2-.3.4-.3.7s.1.5.3.7c.2.2.4.3.7.3h11c.3 0 .5-.1.7-.3.2-.2.3-.5.3-.7s-.1-.5-.3-.7zM5.8 14.7l6.2 6.3 6.2-6.3c.2-.2.3-.5.3-.7s-.1-.5-.3-.7c-.2-.2-.4-.3-.7-.3h-11c-.3 0-.5.1-.7.3-.2.2-.3.5-.3.7s.1.5.3.7z\"\/><\/svg><\/span><\/span><\/span><\/a><\/span><\/div>\n<nav><ul class='ez-toc-list ez-toc-list-level-1 eztoc-toggle-hide-by-default' ><li class='ez-toc-page-1 ez-toc-heading-level-2'><a class=\"ez-toc-link ez-toc-heading-1\" href=\"https:\/\/moverdb.com\/fr\/moving-companies\/moving-companies-us-ohio\/#1_Andrews_Moving_Storage\" >1. Andrews Moving &amp; Storage<\/a><\/li><li class='ez-toc-page-1 ez-toc-heading-level-2'><a class=\"ez-toc-link ez-toc-heading-2\" href=\"https:\/\/moverdb.com\/fr\/moving-companies\/moving-companies-us-ohio\/#2_Corrigan_Moving_Systems\" >2. Corrigan Moving Systems<\/a><\/li><li class='ez-toc-page-1 ez-toc-heading-level-2'><a class=\"ez-toc-link ez-toc-heading-3\" href=\"https:\/\/moverdb.com\/fr\/moving-companies\/moving-companies-us-ohio\/#3_CSNS_Relocation_Services\" >3. Services de relocalisation du CSNS<\/a><\/li><li class='ez-toc-page-1 ez-toc-heading-level-2'><a class=\"ez-toc-link ez-toc-heading-4\" href=\"https:\/\/moverdb.com\/fr\/moving-companies\/moving-companies-us-ohio\/#4_Letz_Get_Moving\" >4. Letz Get Moving<\/a><\/li><li class='ez-toc-page-1 ez-toc-heading-level-2'><a class=\"ez-toc-link ez-toc-heading-5\" href=\"https:\/\/moverdb.com\/fr\/moving-companies\/moving-companies-us-ohio\/#5_Moving_Ahead_Services\" >5. Services \"Moving Ahead<\/a><\/li><li class='ez-toc-page-1 ez-toc-heading-level-2'><a class=\"ez-toc-link ez-toc-heading-6\" href=\"https:\/\/moverdb.com\/fr\/moving-companies\/moving-companies-us-ohio\/#6_Planes_Moving_Storage\" >6. Planes Moving &amp; Storage<\/a><\/li><\/ul><\/nav><\/div>\n<h2><span class=\"ez-toc-section\" id=\"1_Andrews_Moving_Storage\"><\/span><strong>1. Andrews Moving &amp; Storage<\/strong><span class=\"ez-toc-section-end\"><\/span><\/h2>\n<p><img loading=\"lazy\" decoding=\"async\" class=\"alignnone size-full wp-image-11255\" src=\"https:\/\/moverdb.com\/wp-content\/uploads\/Andrews-Moving-Storage-international-moving-company.png\" alt=\"Andrews Moving &amp; Storage soci\u00e9t\u00e9 de d\u00e9m\u00e9nagement international\" width=\"1440\" height=\"679\" data-wp-pid=\"11255\" srcset=\"https:\/\/moverdb.com\/wp-content\/uploads\/Andrews-Moving-Storage-international-moving-company.png 1440w, https:\/\/moverdb.com\/wp-content\/uploads\/Andrews-Moving-Storage-international-moving-company-300x141.png 300w, https:\/\/moverdb.com\/wp-content\/uploads\/Andrews-Moving-Storage-international-moving-company-1024x483.png 1024w, https:\/\/moverdb.com\/wp-content\/uploads\/Andrews-Moving-Storage-international-moving-company-18x8.png 18w, https:\/\/moverdb.com\/wp-content\/uploads\/Andrews-Moving-Storage-international-moving-company-600x283.png 600w\" sizes=\"auto, (max-width: 1440px) 100vw, 1440px\" \/><\/p>\n<ul>\n<li>D\u00e9m\u00e9nagements locaux et longue distance<\/li>\n<li>D\u00e9m\u00e9nagements internationaux<\/li>\n<li>D\u00e9m\u00e9nagements r\u00e9sidentiels<\/li>\n<li>D\u00e9m\u00e9nagements commerciaux et de bureaux<\/li>\n<li>D\u00e9placement des employ\u00e9s<\/li>\n<li>Service d'emballage<\/li>\n<li>Organisation du transport<\/li>\n<li>Soutien douanier<\/li>\n<li>Suivi des exp\u00e9ditions<\/li>\n<li>Stockage \u00e0 court et \u00e0 long terme<\/li>\n<\/ul>\n<p>Andrews Moving &amp; Storage est une entreprise familiale de d\u00e9m\u00e9nagement fond\u00e9e en 1908 et bas\u00e9e \u00e0 Streetsboro. Elle est un agent de United Van Lines, qui dispose d'un r\u00e9seau mondial d'agents de d\u00e9m\u00e9nagement qui travaillent selon des normes \u00e9lev\u00e9es. Elle est membre de l'IAM.<\/p>\n<p>Andrews Moving &amp; Storage propose des services de d\u00e9m\u00e9nagement personnalis\u00e9s qui g\u00e8rent l'ensemble de votre d\u00e9m\u00e9nagement. Ils fournissent un service d'emballage complet pour prot\u00e9ger vos biens pendant le transport gr\u00e2ce \u00e0 des \u00e9quipes d'emballage qualifi\u00e9es. \u00c0 l'arriv\u00e9e \u00e0 votre destination, ils d\u00e9balleront \u00e9galement vos biens. Ils organiseront le transport de vos biens avec l'aide des douanes et vous fourniront un suivi en ligne.<\/p>\n<p>Site web : <a href=\"http:\/\/www.andrewsmoving.com\" target=\"_blank\" rel=\"noopener\">http:\/\/www.andrewsmoving.com<\/a><\/p>\n<h2><span class=\"ez-toc-section\" id=\"2_Corrigan_Moving_Systems\"><\/span><strong>2. Corrigan Moving Systems<\/strong><span class=\"ez-toc-section-end\"><\/span><\/h2>\n<p><img loading=\"lazy\" decoding=\"async\" class=\"alignnone size-full wp-image-11297\" src=\"https:\/\/moverdb.com\/wp-content\/uploads\/Corrigan-Moving-Systems-international-moving-company.png\" alt=\"Corrigan Moving Systems entreprise de d\u00e9m\u00e9nagement international\" width=\"1440\" height=\"675\" data-wp-pid=\"11297\" srcset=\"https:\/\/moverdb.com\/wp-content\/uploads\/Corrigan-Moving-Systems-international-moving-company.png 1440w, https:\/\/moverdb.com\/wp-content\/uploads\/Corrigan-Moving-Systems-international-moving-company-300x141.png 300w, https:\/\/moverdb.com\/wp-content\/uploads\/Corrigan-Moving-Systems-international-moving-company-1024x480.png 1024w, https:\/\/moverdb.com\/wp-content\/uploads\/Corrigan-Moving-Systems-international-moving-company-18x8.png 18w, https:\/\/moverdb.com\/wp-content\/uploads\/Corrigan-Moving-Systems-international-moving-company-600x281.png 600w\" sizes=\"auto, (max-width: 1440px) 100vw, 1440px\" \/><\/p>\n<ul>\n<li>D\u00e9m\u00e9nagements locaux et longue distance<\/li>\n<li>D\u00e9m\u00e9nagements internationaux<\/li>\n<li>D\u00e9m\u00e9nagements r\u00e9sidentiels<\/li>\n<li>D\u00e9m\u00e9nagements commerciaux<\/li>\n<li>D\u00e9localisations d'entreprises<\/li>\n<li>Service porte-\u00e0-porte<\/li>\n<li>Service d'emballage<\/li>\n<li>Soutien douanier<\/li>\n<li><a href=\"https:\/\/moverdb.com\/fr\/car-transport-shipping\/\" data-internallinksmanager029f6b8e52c=\"2\" title=\"2026 Devis pour le transport international de voitures et l&#039;exp\u00e9dition de v\u00e9hicules\">Exp\u00e9dition de v\u00e9hicules<\/a><\/li>\n<li>Services de stockage<\/li>\n<\/ul>\n<p>Corrigan Moving Systems est une entreprise de d\u00e9m\u00e9nagement et de logistique \u00e0 service complet, fond\u00e9e en 1929 et disposant de 13 sites dans l'Ohio, <a href=\"https:\/\/moverdb.com\/fr\/moving-to-the-united-states\/moving-to-michigan\/\" data-internallinksmanager029f6b8e52c=\"414\" title=\"D\u00e9m\u00e9nager dans le Michigan ? 2026 Co\u00fbts de la vie et conseils de relocalisation\">Michigan<\/a>, <a href=\"https:\/\/moverdb.com\/fr\/moving-to-the-united-states\/moving-to-new-york\/\" data-internallinksmanager029f6b8e52c=\"332\" title=\"D\u00e9m\u00e9nager \u00e0 New York (\u00c9tat) ? 2026 Co\u00fbts de la vie et conseils de relocalisation\">New York<\/a> et <a href=\"https:\/\/moverdb.com\/fr\/moving-to-the-united-states\/moving-to-pennsylvania\/\" data-internallinksmanager029f6b8e52c=\"404\" title=\"Vous d\u00e9m\u00e9nagez en Pennsylvanie ? 2026 Co\u00fbts de la vie et conseils de relocalisation\">Pennsylvanie<\/a>. Ils sont implant\u00e9s dans l'Ohio \u00e0 Cleveland et \u00e0 Toledo. Ils font partie de United Van Lines, ce qui leur permet de travailler avec un r\u00e9seau d'agents de d\u00e9m\u00e9nagement. Ils sont membres de l'IAM, avec 75 ans d'exp\u00e9rience, et sont accr\u00e9dit\u00e9s par la FIDI.<\/p>\n<p>Corrigan Moving Systems propose des services de d\u00e9m\u00e9nagement de porte \u00e0 porte pour les clients r\u00e9sidentiels et commerciaux. Ils proposent des formules de d\u00e9m\u00e9nagement personnalis\u00e9es et votre coordinateur de d\u00e9m\u00e9nagement \u00e9laborera une strat\u00e9gie de d\u00e9m\u00e9nagement adapt\u00e9e \u00e0 votre situation. Tout commence par un devis gratuit et une \u00e9tude sur place ou virtuelle.<\/p>\n<p>Site web : <a href=\"https:\/\/www.corriganmoving.com\/\" target=\"_blank\" rel=\"noopener\">https:\/\/www.corriganmoving.com\/<\/a><\/p>\n<h2><span class=\"ez-toc-section\" id=\"3_CSNS_Relocation_Services\"><\/span><strong>3. Services de relocalisation du CSNS<\/strong><span class=\"ez-toc-section-end\"><\/span><\/h2>\n<p><img loading=\"lazy\" decoding=\"async\" class=\"alignnone size-full wp-image-11301\" src=\"https:\/\/moverdb.com\/wp-content\/uploads\/CSNS-Relocation-Services-international-moving-company.png\" alt=\"CSNS Relocation Services entreprise de d\u00e9m\u00e9nagement international\" width=\"1440\" height=\"680\" data-wp-pid=\"11301\" srcset=\"https:\/\/moverdb.com\/wp-content\/uploads\/CSNS-Relocation-Services-international-moving-company.png 1440w, https:\/\/moverdb.com\/wp-content\/uploads\/CSNS-Relocation-Services-international-moving-company-300x142.png 300w, https:\/\/moverdb.com\/wp-content\/uploads\/CSNS-Relocation-Services-international-moving-company-1024x484.png 1024w, https:\/\/moverdb.com\/wp-content\/uploads\/CSNS-Relocation-Services-international-moving-company-18x9.png 18w, https:\/\/moverdb.com\/wp-content\/uploads\/CSNS-Relocation-Services-international-moving-company-600x283.png 600w\" sizes=\"auto, (max-width: 1440px) 100vw, 1440px\" \/><\/p>\n<ul>\n<li>Services de relocalisation nationaux<\/li>\n<li>Services de d\u00e9m\u00e9nagement<\/li>\n<li>Services d'origine<\/li>\n<li>Services \u00e0 destination<\/li>\n<li>Mise en caisse professionnelle<\/li>\n<li>D\u00e9montage et montage de meubles<\/li>\n<li>Services d'installation<\/li>\n<li>Service de nettoyage<\/li>\n<li>Enl\u00e8vement des d\u00e9bris<\/li>\n<\/ul>\n<p>CSNS Relocation Services est une soci\u00e9t\u00e9 nationale de services de relocalisation cr\u00e9\u00e9e en 2002 dans la ville de G\u00f6teborg. <a href=\"https:\/\/moverdb.com\/fr\/moving-to-dublin\/\" data-internallinksmanager029f6b8e52c=\"260\" title=\"Vous d\u00e9m\u00e9nagez \u00e0 Dublin ? 2026 Co\u00fbt de la vie et conseils de relocalisation\">Dublin<\/a>. Elle dispose d'un vaste r\u00e9seau d'entreprises de d\u00e9m\u00e9nagement avec lesquelles elle travaille pour fournir ses services. Ils sont membres de l'IAM et ont 21 ans d'exp\u00e9rience.<\/p>\n<p>CSNS Relocation Services offre des services de relocalisation \u00e0 des tiers pour vous aider \u00e0 la fois \u00e0 votre point d'origine et \u00e0 votre destination au sein de l'Union europ\u00e9enne. <a href=\"https:\/\/moverdb.com\/fr\/moving-to-the-united-states\/\" data-internallinksmanager029f6b8e52c=\"94\" title=\"Vous partez aux \u00c9tats-Unis ? 2026 Co\u00fbt de la vie et conseils de relocalisation\">US<\/a>. Ils offrent un large \u00e9ventail de services que les entreprises de d\u00e9m\u00e9nagement ne fournissent pas souvent pour vous aider \u00e0 pr\u00e9parer votre d\u00e9m\u00e9nagement ou \u00e0 vous installer dans votre nouveau logement, comme l'installation d'appareils \u00e9lectrom\u00e9nagers, la mise en place d'\u00e9quipements audiovisuels, l'installation de luminaires et les services de nettoyage.<\/p>\n<p>Site web : <a href=\"http:\/\/www.csnsrelo.com\" target=\"_blank\" rel=\"noopener\">http:\/\/www.csnsrelo.com<\/a><\/p>\n<h2><span class=\"ez-toc-section\" id=\"4_Letz_Get_Moving\"><\/span><strong>4. Letz Get Moving<\/strong><span class=\"ez-toc-section-end\"><\/span><\/h2>\n<p><img loading=\"lazy\" decoding=\"async\" class=\"alignnone size-full wp-image-11364\" src=\"https:\/\/moverdb.com\/wp-content\/uploads\/Letz-Get-Moving-international-moving-company.png\" alt=\"Letz Get Moving entreprise de d\u00e9m\u00e9nagement international\" width=\"1440\" height=\"674\" data-wp-pid=\"11364\" srcset=\"https:\/\/moverdb.com\/wp-content\/uploads\/Letz-Get-Moving-international-moving-company.png 1440w, https:\/\/moverdb.com\/wp-content\/uploads\/Letz-Get-Moving-international-moving-company-300x140.png 300w, https:\/\/moverdb.com\/wp-content\/uploads\/Letz-Get-Moving-international-moving-company-1024x479.png 1024w, https:\/\/moverdb.com\/wp-content\/uploads\/Letz-Get-Moving-international-moving-company-18x8.png 18w, https:\/\/moverdb.com\/wp-content\/uploads\/Letz-Get-Moving-international-moving-company-600x281.png 600w\" sizes=\"auto, (max-width: 1440px) 100vw, 1440px\" \/><\/p>\n<ul>\n<li>D\u00e9localisations nationales<\/li>\n<li>D\u00e9localisations internationales<\/li>\n<li>D\u00e9m\u00e9nagements de m\u00e9nages<\/li>\n<li>Service porte-\u00e0-porte<\/li>\n<li>Service d'emballage<\/li>\n<li>Transport<\/li>\n<li>Choix d'options de conteneurs<\/li>\n<li>D\u00e9douanement<\/li>\n<li>Transport de v\u00e9hicules<\/li>\n<li>Stockage s\u00e9curis\u00e9<\/li>\n<\/ul>\n<p>Letz Get Moving est une soci\u00e9t\u00e9 de d\u00e9m\u00e9nagement interurbain et international qui a 10 ans d'exp\u00e9rience et dispose de sites \u00e0 Twinsburg, Baltimore et <a href=\"https:\/\/moverdb.com\/fr\/moving-to-los-angeles\/\" data-internallinksmanager029f6b8e52c=\"51\" title=\"Vous d\u00e9m\u00e9nagez \u00e0 Los Angeles ? 2026 Co\u00fbts de la vie \u00e0 Los Angeles et conseils de relocalisation\">Los Angeles<\/a>. Ils sont membres de l'AIM et ont six ans d'exp\u00e9rience.<\/p>\n<p>Letz Get Moving propose des services de relocation complets qui g\u00e8rent votre d\u00e9m\u00e9nagement du d\u00e9but \u00e0 la fin. Ils mettent \u00e0 votre disposition un point de contact principal qui coordonnera et planifiera votre d\u00e9m\u00e9nagement. Ils emballeront vos biens de mani\u00e8re professionnelle et proposeront des services de mise en caisse personnalis\u00e9s. Ils \u00e9tiquettent vos biens et \u00e9tablissent une liste d'inventaire. \u00c0 l'arriv\u00e9e, ils d\u00e9balleront et assembleront les meubles et enl\u00e8veront tous les d\u00e9bris.<\/p>\n<p>Site web : <a href=\"http:\/\/www.letzgetmoving.com\" target=\"_blank\" rel=\"noopener\">http:\/\/www.letzgetmoving.com<\/a><\/p>\n<h2><span class=\"ez-toc-section\" id=\"5_Moving_Ahead_Services\"><\/span><strong>5. Services \"Moving Ahead<\/strong><span class=\"ez-toc-section-end\"><\/span><\/h2>\n<p><img loading=\"lazy\" decoding=\"async\" class=\"alignnone size-full wp-image-11387\" src=\"https:\/\/moverdb.com\/wp-content\/uploads\/Moving-Ahead-Services-international-moving-company.png\" alt=\"Moving Ahead Services entreprise de d\u00e9m\u00e9nagement international\" width=\"1440\" height=\"672\" data-wp-pid=\"11387\" srcset=\"https:\/\/moverdb.com\/wp-content\/uploads\/Moving-Ahead-Services-international-moving-company.png 1440w, https:\/\/moverdb.com\/wp-content\/uploads\/Moving-Ahead-Services-international-moving-company-300x140.png 300w, https:\/\/moverdb.com\/wp-content\/uploads\/Moving-Ahead-Services-international-moving-company-1024x478.png 1024w, https:\/\/moverdb.com\/wp-content\/uploads\/Moving-Ahead-Services-international-moving-company-18x8.png 18w, https:\/\/moverdb.com\/wp-content\/uploads\/Moving-Ahead-Services-international-moving-company-600x280.png 600w\" sizes=\"auto, (max-width: 1440px) 100vw, 1440px\" \/><\/p>\n<ul>\n<li>D\u00e9m\u00e9nagements locaux et d\u00e9m\u00e9nagements longue distance<\/li>\n<li>D\u00e9m\u00e9nagements internationaux<\/li>\n<li>D\u00e9m\u00e9nagements de m\u00e9nages<\/li>\n<li>D\u00e9m\u00e9nagements commerciaux<\/li>\n<li>D\u00e9localisations d'entreprises<\/li>\n<li>Plan de d\u00e9m\u00e9nagement personnalis\u00e9<\/li>\n<li>Choix d'un service complet ou d'un service de main-d'\u0153uvre uniquement<\/li>\n<li>Services d'emballage<\/li>\n<li>Organisation du transport<\/li>\n<li>Installations de stockage<\/li>\n<\/ul>\n<p>Moving Ahead Services est une entreprise de d\u00e9m\u00e9nagement implant\u00e9e \u00e0 Cleveland, Columbus, Cincinnati, Charlotte et Pittsburgh. Elle est membre de l'IAM et poss\u00e8de 18 ans d'exp\u00e9rience, ce qui lui permet d'acc\u00e9der \u00e0 un r\u00e9seau d'agents de d\u00e9m\u00e9nagement avec lesquels elle peut travailler.<\/p>\n<p>Les services de Moving Ahead rempliront un questionnaire en ligne ou par t\u00e9l\u00e9phone. <a href=\"https:\/\/moverdb.com\/fr\/quotes\/\" data-internallinksmanager029f6b8e52c=\"26\" title=\"Devis de d\u00e9m\u00e9nagement international : 12 questions \u00e0 poser \u00e0 votre d\u00e9m\u00e9nageur\">devis de d\u00e9m\u00e9nagement<\/a>. Ils cr\u00e9eront un plan de d\u00e9m\u00e9nagement personnalis\u00e9 qui r\u00e9pondra \u00e0 vos besoins. Ils proposent des options de service complet ou de main-d'\u0153uvre uniquement pour l'emballage et le stockage, ainsi qu'un choix de services suppl\u00e9mentaires. Votre repr\u00e9sentant du service client\u00e8le vous guidera tout au long du d\u00e9m\u00e9nagement et des options.<\/p>\n<p>Site web : <a href=\"https:\/\/movingaheadservices.com\/\" target=\"_blank\" rel=\"noopener\">https:\/\/movingaheadservices.com\/<\/a><\/p>\n<h2><span class=\"ez-toc-section\" id=\"6_Planes_Moving_Storage\"><\/span><strong>6. Planes Moving &amp; Storage<\/strong><span class=\"ez-toc-section-end\"><\/span><\/h2>\n<p><img loading=\"lazy\" decoding=\"async\" class=\"alignnone size-full wp-image-11410\" src=\"https:\/\/moverdb.com\/wp-content\/uploads\/Planes-Moving-Storage-international-moving-company.png\" alt=\"Planes Moving &amp; Storage entreprise de d\u00e9m\u00e9nagement international\" width=\"1440\" height=\"660\" data-wp-pid=\"11410\" srcset=\"https:\/\/moverdb.com\/wp-content\/uploads\/Planes-Moving-Storage-international-moving-company.png 1440w, https:\/\/moverdb.com\/wp-content\/uploads\/Planes-Moving-Storage-international-moving-company-300x138.png 300w, https:\/\/moverdb.com\/wp-content\/uploads\/Planes-Moving-Storage-international-moving-company-1024x469.png 1024w, https:\/\/moverdb.com\/wp-content\/uploads\/Planes-Moving-Storage-international-moving-company-18x8.png 18w, https:\/\/moverdb.com\/wp-content\/uploads\/Planes-Moving-Storage-international-moving-company-600x275.png 600w\" sizes=\"auto, (max-width: 1440px) 100vw, 1440px\" \/><\/p>\n<ul>\n<li>D\u00e9m\u00e9nagements locaux et longue distance<\/li>\n<li>D\u00e9m\u00e9nagements internationaux<\/li>\n<li>D\u00e9m\u00e9nagement du m\u00e9nage<\/li>\n<li>Mouvements de l'entreprise<\/li>\n<li>Gestion des d\u00e9m\u00e9nagements<\/li>\n<li>Service d'emballage<\/li>\n<li>Transport maritime, a\u00e9rien et ferroviaire<\/li>\n<li>Support de documentation<\/li>\n<li>Transport de v\u00e9hicules<\/li>\n<li>Installations de stockage<\/li>\n<\/ul>\n<p>Planes Moving &amp; Storage est une entreprise de d\u00e9m\u00e9nagement cr\u00e9\u00e9e en 1921 et pr\u00e9sente \u00e0 Cincinnati, Dayton et Columbus dans l'Ohio, ainsi qu'\u00e0 Indianapolis et dans le sud de l'Angleterre. <a href=\"https:\/\/moverdb.com\/fr\/moving-to-chicago\/\" data-internallinksmanager029f6b8e52c=\"39\" title=\"Vous d\u00e9m\u00e9nagez \u00e0 Chicago ? 2026 Co\u00fbt de la vie et conseils de relocalisation\">Chicago<\/a>.  Elle est partenaire de United Van Lines et dispose d'une solide cha\u00eene de partenaires pour fournir ses services \u00e0 l'\u00e9chelle internationale. Ils sont membres de l'IAM, avec 103 ans d'exp\u00e9rience, et sont accr\u00e9dit\u00e9s par la FIDI.<\/p>\n<p>Planes Moving &amp; Storage met \u00e0 votre disposition un coordinateur de d\u00e9m\u00e9nagement exp\u00e9riment\u00e9 qui travaillera avec vous et \u00e9laborera un plan de d\u00e9m\u00e9nagement personnalis\u00e9 pour r\u00e9pondre \u00e0 vos besoins. Ils offrent un service d'emballage complet avec des \u00e9quipes d'emballage form\u00e9es et prot\u00e9geront les objets fragiles et de grande valeur.<\/p>\n<p>Site web : <a href=\"http:\/\/www.planescompanies.com\/\" target=\"_blank\" rel=\"noopener\">http:\/\/www.planescompanies.com\/<\/a><\/p>","protected":false},"excerpt":{"rendered":"<p>Are you planning a move? Then you may want to engage the services of a moving company to reduce the workload and pressure of moving. They can organise, pack and transport your belongings as well as handle customs if you are moving country. Below we have compiled a list of Ohio based removal companies that [&hellip;]<\/p>\n","protected":false},"author":4,"featured_media":11255,"parent":190,"menu_order":0,"comment_status":"closed","ping_status":"closed","template":"","meta":{"_genesis_hide_title":false,"_genesis_hide_breadcrumbs":false,"_genesis_hide_singular_image":false,"_genesis_hide_footer_widgets":false,"_genesis_custom_body_class":"","_genesis_custom_post_class":"","_genesis_layout":"","footnotes":""},"class_list":{"0":"post-11648","1":"page","2":"type-page","3":"status-publish","4":"has-post-thumbnail","6":"entry"},"_links":{"self":[{"href":"https:\/\/moverdb.com\/fr\/wp-json\/wp\/v2\/pages\/11648","targetHints":{"allow":["GET"]}}],"collection":[{"href":"https:\/\/moverdb.com\/fr\/wp-json\/wp\/v2\/pages"}],"about":[{"href":"https:\/\/moverdb.com\/fr\/wp-json\/wp\/v2\/types\/page"}],"author":[{"embeddable":true,"href":"https:\/\/moverdb.com\/fr\/wp-json\/wp\/v2\/users\/4"}],"replies":[{"embeddable":true,"href":"https:\/\/moverdb.com\/fr\/wp-json\/wp\/v2\/comments?post=11648"}],"version-history":[{"count":2,"href":"https:\/\/moverdb.com\/fr\/wp-json\/wp\/v2\/pages\/11648\/revisions"}],"predecessor-version":[{"id":11650,"href":"https:\/\/moverdb.com\/fr\/wp-json\/wp\/v2\/pages\/11648\/revisions\/11650"}],"up":[{"embeddable":true,"href":"https:\/\/moverdb.com\/fr\/wp-json\/wp\/v2\/pages\/190"}],"wp:featuredmedia":[{"embeddable":true,"href":"https:\/\/moverdb.com\/fr\/wp-json\/wp\/v2\/media\/11255"}],"wp:attachment":[{"href":"https:\/\/moverdb.com\/fr\/wp-json\/wp\/v2\/media?parent=11648"}],"curies":[{"name":"wp","href":"https:\/\/api.w.org\/{rel}","templated":true}]}}