{"id":11624,"date":"2023-11-22T15:50:03","date_gmt":"2023-11-22T15:50:03","guid":{"rendered":"https:\/\/moverdb.com\/?page_id=11624"},"modified":"2026-01-08T15:30:12","modified_gmt":"2026-01-08T15:30:12","slug":"moving-companies-nevada","status":"publish","type":"page","link":"https:\/\/moverdb.com\/fr\/moving-companies\/moving-companies-nevada\/","title":{"rendered":"Meilleures entreprises de d\u00e9m\u00e9nagements internationaux dans le Nevada"},"content":{"rendered":"<p>Le d\u00e9m\u00e9nagement peut \u00eatre l'une des p\u00e9riodes les plus stressantes de votre vie, alors pourquoi essayer de le faire tout seul ? A <a href=\"https:\/\/moverdb.com\/fr\/moving-companies\/\" data-internallinksmanager029f6b8e52c=\"79\" title=\"Les 25 meilleures soci\u00e9t\u00e9s de d\u00e9m\u00e9nagement international en ligne\">soci\u00e9t\u00e9 de d\u00e9m\u00e9nagement<\/a> peut prendre en charge une grande partie des t\u00e2ches telles que l'organisation du d\u00e9m\u00e9nagement, l'organisation du transport, l'emballage et l'accomplissement des formalit\u00e9s administratives. Nous avons dress\u00e9 ci-dessous une liste de <a href=\"https:\/\/moverdb.com\/fr\/moving-to-the-united-states\/moving-to-nevada\/\" data-internallinksmanager029f6b8e52c=\"457\" title=\"D\u00e9m\u00e9nager au Nevada ? 2024 Co\u00fbts de la vie et conseils de relocalisation\">Nevada<\/a> bas\u00e9 sur <a href=\"https:\/\/moverdb.com\/fr\/international-removals\/\" data-internallinksmanager029f6b8e52c=\"27\" title=\"36 meilleures entreprises de d\u00e9m\u00e9nagements internationaux au Royaume-Uni\">entreprises de d\u00e9m\u00e9nagement<\/a> qui sont membres de la <a href=\"https:\/\/moverdb.com\/fr\/iam\/\" data-internallinksmanager029f6b8e52c=\"23\" title=\"L&#039;Association internationale des d\u00e9m\u00e9nageurs (IAM) expliqu\u00e9e\">Association internationale des d\u00e9m\u00e9nageurs<\/a> (IAM) et\/ou <a href=\"https:\/\/moverdb.com\/fr\/fidi-faim\/\" data-internallinksmanager029f6b8e52c=\"16\" title=\"Explication de la FIDI et du FAIM (FIDI Accredited International Mover)\">FIDI<\/a> D\u00e9m\u00e9nageur international accr\u00e9dit\u00e9 (FAIM) qui pourrait vous aider dans votre d\u00e9m\u00e9nagement.<\/p>\n<h2><strong>RenoRelo<\/strong><\/h2>\n<p><img loading=\"lazy\" decoding=\"async\" class=\"alignnone size-full wp-image-11423\" src=\"https:\/\/moverdb.com\/wp-content\/uploads\/RenoRelo-international-moving-company.png\" alt=\"RenoRelo entreprise de d\u00e9m\u00e9nagement international\" width=\"1440\" height=\"679\" data-wp-pid=\"11423\" srcset=\"https:\/\/moverdb.com\/wp-content\/uploads\/RenoRelo-international-moving-company.png 1440w, https:\/\/moverdb.com\/wp-content\/uploads\/RenoRelo-international-moving-company-300x141.png 300w, https:\/\/moverdb.com\/wp-content\/uploads\/RenoRelo-international-moving-company-1024x483.png 1024w, https:\/\/moverdb.com\/wp-content\/uploads\/RenoRelo-international-moving-company-18x8.png 18w, https:\/\/moverdb.com\/wp-content\/uploads\/RenoRelo-international-moving-company-600x283.png 600w\" sizes=\"auto, (max-width: 1440px) 100vw, 1440px\" \/><\/p>\n<ul>\n<li>D\u00e9m\u00e9nagements locaux et nationaux<\/li>\n<li>Mouvements dans le monde entier<\/li>\n<li>D\u00e9m\u00e9nagements r\u00e9sidentiels<\/li>\n<li>D\u00e9m\u00e9nagements commerciaux et de bureaux<\/li>\n<li>D\u00e9localisations d'entreprises<\/li>\n<li>Des solutions compl\u00e8tes<\/li>\n<li>Service d'emballage<\/li>\n<li>Mise en caisse<\/li>\n<li>Organisation du transport<\/li>\n<li>Installations de stockage<\/li>\n<\/ul>\n<p>RenoRelo est une entreprise de d\u00e9m\u00e9nagement \u00e0 service complet qui poss\u00e8de des bureaux \u00e0 Reno, Spokane et Boise. Elle est un agent de United Van Lines, ce qui lui permet de disposer d'un r\u00e9seau d'entreprises de d\u00e9m\u00e9nagement avec lesquelles elle peut travailler pour fournir ses services en dehors de ses zones d'activit\u00e9. Ils sont membres de l'IAM et ont cinq ans d'exp\u00e9rience.<\/p>\n<p>RenoRelo offre des solutions compl\u00e8tes pour les d\u00e9m\u00e9nagements r\u00e9sidentiels, commerciaux et de bureaux, ainsi que pour les transferts d'entreprises dans la r\u00e9gion de l'Union europ\u00e9enne. <a href=\"https:\/\/moverdb.com\/fr\/moving-to-the-united-states\/\" data-internallinksmanager029f6b8e52c=\"94\" title=\"Vous partez aux \u00c9tats-Unis ? 2026 Co\u00fbt de la vie et conseils de relocalisation\">US<\/a> et \u00e0 l'international. Ils fournissent des services d'emballage et de mise en caisse pour prot\u00e9ger vos biens pendant le transport. Ils organisent le transport de vos biens et se chargent de la coordination avec les tiers pour leur livraison \u00e0 destination.<\/p>\n<p>Site web : <a href=\"http:\/\/renoreloww.com\" target=\"_blank\" rel=\"noopener\">http:\/\/renoreloww.com<\/a><\/p>\n<h2>Autres guides utiles sur les \u00c9tats-Unis<\/h2>\n<ul>\n<li> <a href=\"https:\/\/moverdb.com\/fr\/demenager-aux-etats-unis-2022-couts-de-la-vie-conseils-de-demenagement\/moving-to-las-vegas\/\">Vous d\u00e9m\u00e9nagez \u00e0 Las Vegas ? 2024 Co\u00fbts de la vie et conseils de relocalisation<\/a><\/li>\n<li> <a href=\"https:\/\/moverdb.com\/fr\/demenager-aux-etats-unis-2022-couts-de-la-vie-conseils-de-demenagement\/moving-to-nevada\/\">D\u00e9m\u00e9nager au Nevada ? 2024 Co\u00fbts de la vie et conseils de relocalisation<\/a><\/li>\n<li> <a href=\"https:\/\/moverdb.com\/fr\/demenager-aux-etats-unis-2022-couts-de-la-vie-conseils-de-demenagement\/movers-cost\/\">Combien co\u00fbte un d\u00e9m\u00e9nagement ? Guide des \u00e9conomies am\u00e9ricaines 2024<\/a><\/li>\n<li> <a href=\"https:\/\/moverdb.com\/fr\/demenager-aux-etats-unis-2022-couts-de-la-vie-conseils-de-demenagement\/\">Vous partez aux \u00c9tats-Unis ? 2026 Co\u00fbt de la vie et conseils de relocalisation<\/a><\/li>\n<li> <a href=\"https:\/\/moverdb.com\/fr\/demenager-aux-etats-unis-2022-couts-de-la-vie-conseils-de-demenagement\/places-to-live-in-the-us\/\">13 meilleurs endroits o\u00f9 vivre aux \u00c9tats-Unis<\/a><\/li>\n<li> <a href=\"https:\/\/moverdb.com\/fr\/demenager-aux-etats-unis-2022-couts-de-la-vie-conseils-de-demenagement\/vivant-2\/\">21 secrets sur la vie aux \u00c9tats-Unis \u00e0 conna\u00eetre avant de d\u00e9m\u00e9nager<\/a><\/li>\n<\/ul>","protected":false},"excerpt":{"rendered":"<p>Moving can be one of the most stressful times in your life so why try to do it all by yourself? A moving company can take on many of the tasks such as organising the move, arranging transport, packing and completing paperwork. Below we have compiled a list of Nevada based removal companies that are [&hellip;]<\/p>\n","protected":false},"author":4,"featured_media":11423,"parent":190,"menu_order":0,"comment_status":"closed","ping_status":"closed","template":"","meta":{"_genesis_hide_title":false,"_genesis_hide_breadcrumbs":false,"_genesis_hide_singular_image":false,"_genesis_hide_footer_widgets":false,"_genesis_custom_body_class":"","_genesis_custom_post_class":"","_genesis_layout":"","footnotes":""},"class_list":{"0":"post-11624","1":"page","2":"type-page","3":"status-publish","4":"has-post-thumbnail","6":"entry"},"_links":{"self":[{"href":"https:\/\/moverdb.com\/fr\/wp-json\/wp\/v2\/pages\/11624","targetHints":{"allow":["GET"]}}],"collection":[{"href":"https:\/\/moverdb.com\/fr\/wp-json\/wp\/v2\/pages"}],"about":[{"href":"https:\/\/moverdb.com\/fr\/wp-json\/wp\/v2\/types\/page"}],"author":[{"embeddable":true,"href":"https:\/\/moverdb.com\/fr\/wp-json\/wp\/v2\/users\/4"}],"replies":[{"embeddable":true,"href":"https:\/\/moverdb.com\/fr\/wp-json\/wp\/v2\/comments?post=11624"}],"version-history":[{"count":4,"href":"https:\/\/moverdb.com\/fr\/wp-json\/wp\/v2\/pages\/11624\/revisions"}],"predecessor-version":[{"id":17660,"href":"https:\/\/moverdb.com\/fr\/wp-json\/wp\/v2\/pages\/11624\/revisions\/17660"}],"up":[{"embeddable":true,"href":"https:\/\/moverdb.com\/fr\/wp-json\/wp\/v2\/pages\/190"}],"wp:featuredmedia":[{"embeddable":true,"href":"https:\/\/moverdb.com\/fr\/wp-json\/wp\/v2\/media\/11423"}],"wp:attachment":[{"href":"https:\/\/moverdb.com\/fr\/wp-json\/wp\/v2\/media?parent=11624"}],"curies":[{"name":"wp","href":"https:\/\/api.w.org\/{rel}","templated":true}]}}