{"id":11619,"date":"2023-11-29T10:52:33","date_gmt":"2023-11-29T10:52:33","guid":{"rendered":"https:\/\/moverdb.com\/?page_id=11619"},"modified":"2026-01-08T15:28:59","modified_gmt":"2026-01-08T15:28:59","slug":"moving-companies-us-missouri","status":"publish","type":"page","link":"https:\/\/moverdb.com\/fr\/moving-companies\/moving-companies-us-missouri\/","title":{"rendered":"5 meilleures entreprises de d\u00e9m\u00e9nagements internationaux dans le Missouri"},"content":{"rendered":"<p>Lorsque vous planifiez votre d\u00e9m\u00e9nagement, allez-vous tout faire vous-m\u00eame ou allez-vous demander l'aide d'un sp\u00e9cialiste ? <a href=\"https:\/\/moverdb.com\/fr\/moving-companies\/\" data-internallinksmanager029f6b8e52c=\"79\" title=\"Les 25 meilleures soci\u00e9t\u00e9s de d\u00e9m\u00e9nagement international en ligne\">soci\u00e9t\u00e9 de d\u00e9m\u00e9nagement<\/a>? Ils peuvent vous aider pour l'emballage, le transport et la documentation afin de r\u00e9duire la pression sur vous. Nous avons dress\u00e9 ci-dessous une liste de <a href=\"https:\/\/moverdb.com\/fr\/moving-to-the-united-states\/moving-to-missouri\/\" data-internallinksmanager029f6b8e52c=\"460\" title=\"D\u00e9m\u00e9nager dans le Missouri ? 2024 Co\u00fbts de la vie et conseils de relocalisation\">Missouri<\/a> bas\u00e9 sur <a href=\"https:\/\/moverdb.com\/fr\/international-removals\/\" data-internallinksmanager029f6b8e52c=\"27\" title=\"36 meilleures entreprises de d\u00e9m\u00e9nagements internationaux au Royaume-Uni\">entreprises de d\u00e9m\u00e9nagement<\/a> qui sont membres de la <a href=\"https:\/\/moverdb.com\/fr\/iam\/\" data-internallinksmanager029f6b8e52c=\"23\" title=\"L&#039;Association internationale des d\u00e9m\u00e9nageurs (IAM) expliqu\u00e9e\">Association internationale des d\u00e9m\u00e9nageurs<\/a> (IAM) et\/ou <a href=\"https:\/\/moverdb.com\/fr\/fidi-faim\/\" data-internallinksmanager029f6b8e52c=\"16\" title=\"Explication de la FIDI et du FAIM (FIDI Accredited International Mover)\">FIDI<\/a> D\u00e9m\u00e9nageur international accr\u00e9dit\u00e9 (FAIM) qui pourrait vous aider dans votre d\u00e9m\u00e9nagement.<\/p>\n<div id=\"ez-toc-container\" class=\"ez-toc-v2_0_82_2 ez-toc-wrap-left counter-hierarchy ez-toc-counter ez-toc-transparent ez-toc-container-direction\">\n<div class=\"ez-toc-title-container\">\n<p class=\"ez-toc-title\" style=\"cursor:inherit\">Sections<\/p>\n<span class=\"ez-toc-title-toggle\"><a href=\"#\" class=\"ez-toc-pull-right ez-toc-btn ez-toc-btn-xs ez-toc-btn-default ez-toc-toggle\" aria-label=\"Toggle Table des mati\u00e8res\"><span class=\"ez-toc-js-icon-con\"><span class=\"\"><span class=\"eztoc-hide\" style=\"display:none;\">Toggle<\/span><span class=\"ez-toc-icon-toggle-span\"><svg style=\"fill: #999;color:#999\" xmlns=\"http:\/\/www.w3.org\/2000\/svg\" class=\"list-377408\" width=\"20px\" height=\"20px\" viewbox=\"0 0 24 24\" fill=\"none\"><path d=\"M6 6H4v2h2V6zm14 0H8v2h12V6zM4 11h2v2H4v-2zm16 0H8v2h12v-2zM4 16h2v2H4v-2zm16 0H8v2h12v-2z\" fill=\"currentColor\"><\/path><\/svg><svg style=\"fill: #999;color:#999\" class=\"arrow-unsorted-368013\" xmlns=\"http:\/\/www.w3.org\/2000\/svg\" width=\"10px\" height=\"10px\" viewbox=\"0 0 24 24\" version=\"1.2\" baseprofile=\"tiny\"><path d=\"M18.2 9.3l-6.2-6.3-6.2 6.3c-.2.2-.3.4-.3.7s.1.5.3.7c.2.2.4.3.7.3h11c.3 0 .5-.1.7-.3.2-.2.3-.5.3-.7s-.1-.5-.3-.7zM5.8 14.7l6.2 6.3 6.2-6.3c.2-.2.3-.5.3-.7s-.1-.5-.3-.7c-.2-.2-.4-.3-.7-.3h-11c-.3 0-.5.1-.7.3-.2.2-.3.5-.3.7s.1.5.3.7z\"\/><\/svg><\/span><\/span><\/span><\/a><\/span><\/div>\n<nav><ul class='ez-toc-list ez-toc-list-level-1 eztoc-toggle-hide-by-default' ><li class='ez-toc-page-1 ez-toc-heading-level-2'><a class=\"ez-toc-link ez-toc-heading-1\" href=\"https:\/\/moverdb.com\/fr\/moving-companies\/moving-companies-us-missouri\/#1_Compass_Moving\" >1. D\u00e9placement du compas<\/a><\/li><li class='ez-toc-page-1 ez-toc-heading-level-2'><a class=\"ez-toc-link ez-toc-heading-2\" href=\"https:\/\/moverdb.com\/fr\/moving-companies\/moving-companies-us-missouri\/#2_Day_Transfer_Company\" >2. Soci\u00e9t\u00e9 de transfert de jour<\/a><\/li><li class='ez-toc-page-1 ez-toc-heading-level-2'><a class=\"ez-toc-link ez-toc-heading-3\" href=\"https:\/\/moverdb.com\/fr\/moving-companies\/moving-companies-us-missouri\/#3_Mayflower\" >3. Fleur de mai<\/a><\/li><li class='ez-toc-page-1 ez-toc-heading-level-2'><a class=\"ez-toc-link ez-toc-heading-4\" href=\"https:\/\/moverdb.com\/fr\/moving-companies\/moving-companies-us-missouri\/#4_The_Cartwright_Co\" >4. La soci\u00e9t\u00e9 Cartwright<\/a><\/li><li class='ez-toc-page-1 ez-toc-heading-level-2'><a class=\"ez-toc-link ez-toc-heading-5\" href=\"https:\/\/moverdb.com\/fr\/moving-companies\/moving-companies-us-missouri\/#5_United_Van_Lines\" >5. United Van Lines<\/a><\/li><\/ul><\/nav><\/div>\n<h2><span class=\"ez-toc-section\" id=\"1_Compass_Moving\"><\/span><strong>1. D\u00e9placement du compas<\/strong><span class=\"ez-toc-section-end\"><\/span><\/h2>\n<p><img loading=\"lazy\" decoding=\"async\" class=\"alignnone size-full wp-image-11290\" src=\"https:\/\/moverdb.com\/wp-content\/uploads\/Compass-Moving-international-moving-company.png\" alt=\"Compass Moving entreprise de d\u00e9m\u00e9nagement international\" width=\"1440\" height=\"676\" data-wp-pid=\"11290\" srcset=\"https:\/\/moverdb.com\/wp-content\/uploads\/Compass-Moving-international-moving-company.png 1440w, https:\/\/moverdb.com\/wp-content\/uploads\/Compass-Moving-international-moving-company-300x141.png 300w, https:\/\/moverdb.com\/wp-content\/uploads\/Compass-Moving-international-moving-company-1024x481.png 1024w, https:\/\/moverdb.com\/wp-content\/uploads\/Compass-Moving-international-moving-company-18x8.png 18w, https:\/\/moverdb.com\/wp-content\/uploads\/Compass-Moving-international-moving-company-600x282.png 600w\" sizes=\"auto, (max-width: 1440px) 100vw, 1440px\" \/><\/p>\n<ul>\n<li>Mouvements nationaux<\/li>\n<li>D\u00e9m\u00e9nagements internationaux<\/li>\n<li>D\u00e9m\u00e9nagements r\u00e9sidentiels<\/li>\n<li>Mouvements militaires<\/li>\n<li>Offre de services complets<\/li>\n<li>Service d'emballage<\/li>\n<li>Transport terrestre et maritime<\/li>\n<li><a href=\"https:\/\/moverdb.com\/fr\/top-49-container-ports\/\" data-internallinksmanager029f6b8e52c=\"80\" title=\"Les 49 ports \u00e0 conteneurs les plus importants et les plus fr\u00e9quent\u00e9s en 2025\">Port<\/a> services<\/li>\n<li><a href=\"https:\/\/moverdb.com\/fr\/car-transport-shipping\/\" data-internallinksmanager029f6b8e52c=\"2\" title=\"2026 Devis pour le transport international de voitures et l&#039;exp\u00e9dition de v\u00e9hicules\">Exp\u00e9dition de v\u00e9hicules<\/a><\/li>\n<li>Assurance<\/li>\n<\/ul>\n<p>Compass Moving est une entreprise de d\u00e9m\u00e9nagement \u00e0 service complet cr\u00e9\u00e9e en 1982 et bas\u00e9e \u00e0 Grandview. Elle est membre de l'IAM et compte 41 ans d'exp\u00e9rience, ce qui lui donne acc\u00e8s \u00e0 un r\u00e9seau international d'agents de d\u00e9m\u00e9nagement avec lesquels elle peut travailler.<\/p>\n<p>Compass Moving offre des services complets de <a href=\"https:\/\/moverdb.com\/fr\/quotes\/\" data-internallinksmanager029f6b8e52c=\"26\" title=\"Devis de d\u00e9m\u00e9nagement international : 12 questions \u00e0 poser \u00e0 votre d\u00e9m\u00e9nageur\">devis de d\u00e9m\u00e9nagement<\/a> sans frais cach\u00e9s. Ils proposent un service professionnel d'emballage \u00e0 domicile pour emballer en toute s\u00e9curit\u00e9 vos biens dans des conteneurs scell\u00e9s en vue de leur transport. Ils organisent le transport par camion et par fret maritime pour les d\u00e9m\u00e9nagements internationaux. Ils s'occupent de toutes les proc\u00e9dures portuaires et tous les co\u00fbts sont inclus dans le prix, de m\u00eame que l'assurance de base.<\/p>\n<p>Site web : <a href=\"http:\/\/www.compassmoving.com\" target=\"_blank\" rel=\"noopener\">http:\/\/www.compassmoving.com<\/a><\/p>\n<h2><span class=\"ez-toc-section\" id=\"2_Day_Transfer_Company\"><\/span><strong>2. Soci\u00e9t\u00e9 de transfert de jour<\/strong><span class=\"ez-toc-section-end\"><\/span><\/h2>\n<p><img loading=\"lazy\" decoding=\"async\" class=\"alignnone size-full wp-image-11304\" src=\"https:\/\/moverdb.com\/wp-content\/uploads\/Day-Transfer-Moving-Storage-international-moving-company.png\" alt=\"Day Transfer Moving &amp; Storage soci\u00e9t\u00e9 de d\u00e9m\u00e9nagement international\" width=\"1440\" height=\"677\" data-wp-pid=\"11304\" srcset=\"https:\/\/moverdb.com\/wp-content\/uploads\/Day-Transfer-Moving-Storage-international-moving-company.png 1440w, https:\/\/moverdb.com\/wp-content\/uploads\/Day-Transfer-Moving-Storage-international-moving-company-300x141.png 300w, https:\/\/moverdb.com\/wp-content\/uploads\/Day-Transfer-Moving-Storage-international-moving-company-1024x481.png 1024w, https:\/\/moverdb.com\/wp-content\/uploads\/Day-Transfer-Moving-Storage-international-moving-company-18x8.png 18w, https:\/\/moverdb.com\/wp-content\/uploads\/Day-Transfer-Moving-Storage-international-moving-company-600x282.png 600w\" sizes=\"auto, (max-width: 1440px) 100vw, 1440px\" \/><\/p>\n<ul>\n<li>D\u00e9placements locaux<\/li>\n<li>D\u00e9m\u00e9nagements longue distance<\/li>\n<li>D\u00e9m\u00e9nagements r\u00e9sidentiels<\/li>\n<li>D\u00e9m\u00e9nagements de bureaux<\/li>\n<li>D\u00e9localisations d'entreprises<\/li>\n<li>Consultant en relocalisation<\/li>\n<li>Services d'emballage<\/li>\n<li>Organisation du transport<\/li>\n<li>Assurance<\/li>\n<li>Stockage \u00e0 long terme et temporaire<\/li>\n<\/ul>\n<p>Day Transfer Company est une entreprise de d\u00e9m\u00e9nagement \u00e0 service complet qui poss\u00e8de des bureaux \u00e0 Cape Girardeau, Clarksville, Fayetteville et Montgomery. Elle est un agent inter-\u00c9tats de National Van Lines, ce qui lui permet de disposer d'un r\u00e9seau d'entreprises de d\u00e9m\u00e9nagement avec lesquelles elle peut travailler pour fournir ses services. Elle est membre de l'IAM et compte 90 ans d'exp\u00e9rience.<\/p>\n<p>Day Transfer Company propose des solutions de d\u00e9m\u00e9nagement compl\u00e8tes avec un conseiller en relocalisation pour vous aider, ou des services d'emballage autonomes. Ils proposent des services d'emballage avec une \u00e9quipe d'emballage form\u00e9e professionnellement qui prot\u00e9gera vos articles avant le transport et vous fournira une couverture d'assurance pour votre tranquillit\u00e9 d'esprit. Ils d\u00e9balleront \u00e9galement les objets \u00e0 l'arriv\u00e9e.<\/p>\n<p>Site web : <a href=\"http:\/\/www.daytransferco.com\" target=\"_blank\" rel=\"noopener\">http:\/\/www.daytransferco.com<\/a><\/p>\n<h2><span class=\"ez-toc-section\" id=\"3_Mayflower\"><\/span><strong>3. Fleur de mai<\/strong><span class=\"ez-toc-section-end\"><\/span><\/h2>\n<p><img loading=\"lazy\" decoding=\"async\" class=\"alignnone size-full wp-image-11372\" src=\"https:\/\/moverdb.com\/wp-content\/uploads\/Mayflower-international-moving-company.png\" alt=\"Mayflower, soci\u00e9t\u00e9 de d\u00e9m\u00e9nagement international\" width=\"1440\" height=\"680\" data-wp-pid=\"11372\" srcset=\"https:\/\/moverdb.com\/wp-content\/uploads\/Mayflower-international-moving-company.png 1440w, https:\/\/moverdb.com\/wp-content\/uploads\/Mayflower-international-moving-company-300x142.png 300w, https:\/\/moverdb.com\/wp-content\/uploads\/Mayflower-international-moving-company-1024x484.png 1024w, https:\/\/moverdb.com\/wp-content\/uploads\/Mayflower-international-moving-company-18x9.png 18w, https:\/\/moverdb.com\/wp-content\/uploads\/Mayflower-international-moving-company-600x283.png 600w\" sizes=\"auto, (max-width: 1440px) 100vw, 1440px\" \/><\/p>\n<ul>\n<li>D\u00e9m\u00e9nagements locaux et nationaux<\/li>\n<li>D\u00e9m\u00e9nagements internationaux<\/li>\n<li>D\u00e9m\u00e9nagements de m\u00e9nages<\/li>\n<li>D\u00e9localisations d'entreprises<\/li>\n<li>Coordinateur de d\u00e9m\u00e9nagement personnel<\/li>\n<li>Service d'emballage<\/li>\n<li>Transport par voie terrestre, maritime et a\u00e9rienne<\/li>\n<li>D\u00e9douanement<\/li>\n<li>Exp\u00e9dition de v\u00e9hicules<\/li>\n<li>Stockage \u00e0 court et \u00e0 long terme<\/li>\n<\/ul>\n<p>Mayflower est une soci\u00e9t\u00e9 de d\u00e9m\u00e9nagement et de relocalisation fond\u00e9e en 1927 et qui fait partie du groupe UniGroup. Elle dispose d'un r\u00e9seau national d'agents qui l'aident \u00e0 fournir des services de d\u00e9m\u00e9nagement, ainsi que de partenaires internationaux qui fournissent des services dans plus de 150 pays. Elle est membre de l'IAM et compte 37 ans d'exp\u00e9rience.<\/p>\n<p>Le coordinateur personnel de Mayflower vous aidera \u00e0 planifier votre d\u00e9m\u00e9nagement et \u00e0 prendre des d\u00e9cisions pour votre d\u00e9m\u00e9nagement personnalis\u00e9 dans le cadre d'un plan de d\u00e9m\u00e9nagement. Il propose un service d'emballage complet pour prot\u00e9ger vos articles et faciliter les formalit\u00e9s douani\u00e8res. Si vous emballez vous-m\u00eame, ils proc\u00e9deront \u00e0 une inspection pour s'assurer qu'aucun article soumis \u00e0 des restrictions n'est inclus.<\/p>\n<p>Site web : <a href=\"https:\/\/www.mayflower.com\/\" target=\"_blank\" rel=\"noopener\">https:\/\/www.mayflower.com\/<\/a><\/p>\n<h2><span class=\"ez-toc-section\" id=\"4_The_Cartwright_Co\"><\/span><strong>4. La soci\u00e9t\u00e9 Cartwright<\/strong><span class=\"ez-toc-section-end\"><\/span><\/h2>\n<p><img loading=\"lazy\" decoding=\"async\" class=\"alignnone size-full wp-image-11454\" src=\"https:\/\/moverdb.com\/wp-content\/uploads\/The-Cartwright-Co-international-moving-company.png\" alt=\"The Cartwright Co soci\u00e9t\u00e9 de d\u00e9m\u00e9nagement international\" width=\"1440\" height=\"679\" data-wp-pid=\"11454\" srcset=\"https:\/\/moverdb.com\/wp-content\/uploads\/The-Cartwright-Co-international-moving-company.png 1440w, https:\/\/moverdb.com\/wp-content\/uploads\/The-Cartwright-Co-international-moving-company-300x141.png 300w, https:\/\/moverdb.com\/wp-content\/uploads\/The-Cartwright-Co-international-moving-company-1024x483.png 1024w, https:\/\/moverdb.com\/wp-content\/uploads\/The-Cartwright-Co-international-moving-company-18x8.png 18w, https:\/\/moverdb.com\/wp-content\/uploads\/The-Cartwright-Co-international-moving-company-600x283.png 600w\" sizes=\"auto, (max-width: 1440px) 100vw, 1440px\" \/><\/p>\n<ul>\n<li>Mouvements nationaux<\/li>\n<li>D\u00e9m\u00e9nagements internationaux<\/li>\n<li>D\u00e9m\u00e9nagements de m\u00e9nages<\/li>\n<li>Mouvements de l'entreprise<\/li>\n<li>D\u00e9localisations d'entreprises<\/li>\n<li>D\u00e9m\u00e9nagements de bout en bout<\/li>\n<li>Gestion des d\u00e9m\u00e9nagements<\/li>\n<li>D\u00e9m\u00e9nagement d'animaux<\/li>\n<li>Transport de v\u00e9hicules<\/li>\n<li>Services \u00e0 destination<\/li>\n<\/ul>\n<p>The Cartwright Co est une entreprise de mobilit\u00e9 globale, de relocalisation et de d\u00e9m\u00e9nagement qui a \u00e9t\u00e9 cr\u00e9\u00e9e en 1934 et qui est bas\u00e9e \u00e0 Grandview. Ses soci\u00e9t\u00e9s comprennent AmWorld Transport, Cox Moving, Foremost Forwarders et Domestic Military Services. Elle est membre de l'IAM et compte 55 ans d'exp\u00e9rience.<\/p>\n<p>The Cartwright Co dessert 187 pays et se sp\u00e9cialise dans les services aux entreprises et aux gouvernements, y compris le personnel militaire, mais s'occupe \u00e9galement des d\u00e9m\u00e9nagements de particuliers. Elle propose des solutions de d\u00e9m\u00e9nagement flexibles, adapt\u00e9es \u00e0 vos besoins, qui peuvent inclure l'emballage, le transport et les services de destination. Ses services suppl\u00e9mentaires comprennent le d\u00e9m\u00e9nagement d'animaux, l'exp\u00e9dition de v\u00e9hicules, le logement temporaire, la recherche d'\u00e9coles et les services de conciergerie.<\/p>\n<p>Site web : <a href=\"https:\/\/cartwrightcompanies.com\" target=\"_blank\" rel=\"noopener\">https:\/\/cartwrightcompanies.com<\/a><\/p>\n<h2><span class=\"ez-toc-section\" id=\"5_United_Van_Lines\"><\/span><strong>5. United Van Lines<\/strong><span class=\"ez-toc-section-end\"><\/span><\/h2>\n<p><img loading=\"lazy\" decoding=\"async\" class=\"alignnone size-full wp-image-11468\" src=\"https:\/\/moverdb.com\/wp-content\/uploads\/United-Van-Lines-US-international-moving-company.png\" alt=\"United Van Lines Soci\u00e9t\u00e9 am\u00e9ricaine de d\u00e9m\u00e9nagements internationaux\" width=\"1440\" height=\"678\" data-wp-pid=\"11468\" srcset=\"https:\/\/moverdb.com\/wp-content\/uploads\/United-Van-Lines-US-international-moving-company.png 1440w, https:\/\/moverdb.com\/wp-content\/uploads\/United-Van-Lines-US-international-moving-company-300x141.png 300w, https:\/\/moverdb.com\/wp-content\/uploads\/United-Van-Lines-US-international-moving-company-1024x482.png 1024w, https:\/\/moverdb.com\/wp-content\/uploads\/United-Van-Lines-US-international-moving-company-18x8.png 18w, https:\/\/moverdb.com\/wp-content\/uploads\/United-Van-Lines-US-international-moving-company-600x283.png 600w\" sizes=\"auto, (max-width: 1440px) 100vw, 1440px\" \/><\/p>\n<ul>\n<li>D\u00e9m\u00e9nagements locaux et longue distance<\/li>\n<li>D\u00e9m\u00e9nagements internationaux<\/li>\n<li>D\u00e9m\u00e9nagements r\u00e9sidentiels<\/li>\n<li>D\u00e9m\u00e9nagements d'entreprises<\/li>\n<li>Un service personnalis\u00e9<\/li>\n<li>Coordinateur de d\u00e9m\u00e9nagement personnel<\/li>\n<li>Service d'emballage<\/li>\n<li>Transport de voitures<\/li>\n<li>Assurance<\/li>\n<li>Stockage \u00e0 court et \u00e0 long terme<\/li>\n<\/ul>\n<p>United Van Lines est un groupe d'entreprises de d\u00e9m\u00e9nagement qui offre des services personnalisables et qui est bas\u00e9 \u00e0 Fenton. Son vaste r\u00e9seau d'agents de d\u00e9m\u00e9nagement lui permet d'offrir ses services \u00e0 l'\u00e9chelle nationale et internationale. Ils sont membres de l'IAM, avec 81 ans d'exp\u00e9rience, et sont accr\u00e9dit\u00e9s par la FIDI.<\/p>\n<p>United Van Lines propose des solutions de d\u00e9m\u00e9nagement compl\u00e8tes qui comprennent un coordinateur de d\u00e9m\u00e9nagement personnel et une protection de valeur totale pour vos biens. Elle propose \u00e9galement une approche personnalis\u00e9e qui vous permet de choisir les services de d\u00e9m\u00e9nagement pour lesquels vous souhaitez obtenir de l'aide.  Elle propose des services d'emballage personnalisables pour vous aider \u00e0 prot\u00e9ger vos biens et peut vous aider \u00e0 les d\u00e9baller \u00e0 l'arriv\u00e9e.<\/p>\n<p>Site web : <a href=\"https:\/\/www.unitedvanlines.com\" target=\"_blank\" rel=\"noopener\">https:\/\/www.unitedvanlines.com<\/a><\/p>","protected":false},"excerpt":{"rendered":"<p>When you are planning your move will you do everything yourself or will you get some help from a moving company? They can help with packing, transportation and documentation to reduce the pressure on you. Below we have compiled a list of Missouri based removal companies that are members of the International Association of Movers [&hellip;]<\/p>\n","protected":false},"author":4,"featured_media":11290,"parent":190,"menu_order":0,"comment_status":"closed","ping_status":"closed","template":"","meta":{"_genesis_hide_title":false,"_genesis_hide_breadcrumbs":false,"_genesis_hide_singular_image":false,"_genesis_hide_footer_widgets":false,"_genesis_custom_body_class":"","_genesis_custom_post_class":"","_genesis_layout":"","footnotes":""},"class_list":{"0":"post-11619","1":"page","2":"type-page","3":"status-publish","4":"has-post-thumbnail","6":"entry"},"_links":{"self":[{"href":"https:\/\/moverdb.com\/fr\/wp-json\/wp\/v2\/pages\/11619","targetHints":{"allow":["GET"]}}],"collection":[{"href":"https:\/\/moverdb.com\/fr\/wp-json\/wp\/v2\/pages"}],"about":[{"href":"https:\/\/moverdb.com\/fr\/wp-json\/wp\/v2\/types\/page"}],"author":[{"embeddable":true,"href":"https:\/\/moverdb.com\/fr\/wp-json\/wp\/v2\/users\/4"}],"replies":[{"embeddable":true,"href":"https:\/\/moverdb.com\/fr\/wp-json\/wp\/v2\/comments?post=11619"}],"version-history":[{"count":2,"href":"https:\/\/moverdb.com\/fr\/wp-json\/wp\/v2\/pages\/11619\/revisions"}],"predecessor-version":[{"id":11621,"href":"https:\/\/moverdb.com\/fr\/wp-json\/wp\/v2\/pages\/11619\/revisions\/11621"}],"up":[{"embeddable":true,"href":"https:\/\/moverdb.com\/fr\/wp-json\/wp\/v2\/pages\/190"}],"wp:featuredmedia":[{"embeddable":true,"href":"https:\/\/moverdb.com\/fr\/wp-json\/wp\/v2\/media\/11290"}],"wp:attachment":[{"href":"https:\/\/moverdb.com\/fr\/wp-json\/wp\/v2\/media?parent=11619"}],"curies":[{"name":"wp","href":"https:\/\/api.w.org\/{rel}","templated":true}]}}