{"id":11617,"date":"2023-11-29T10:32:37","date_gmt":"2023-11-29T10:32:37","guid":{"rendered":"https:\/\/moverdb.com\/?page_id=11617"},"modified":"2026-01-08T15:24:23","modified_gmt":"2026-01-08T15:24:23","slug":"moving-companies-us-minnesota","status":"publish","type":"page","link":"https:\/\/moverdb.com\/fr\/moving-companies\/moving-companies-us-minnesota\/","title":{"rendered":"3 meilleures entreprises de d\u00e9m\u00e9nagements internationaux dans le Minnesota"},"content":{"rendered":"<p>Un d\u00e9m\u00e9nagement peut \u00eatre un grand bouleversement et il y a beaucoup de choses \u00e0 organiser, alors pourquoi ne pas all\u00e9ger la pression en confiant \u00e0 une entreprise de d\u00e9m\u00e9nagement le soin de s'occuper de tout. <a href=\"https:\/\/moverdb.com\/fr\/moving-companies\/\" data-internallinksmanager029f6b8e52c=\"79\" title=\"Les 25 meilleures soci\u00e9t\u00e9s de d\u00e9m\u00e9nagement international en ligne\">soci\u00e9t\u00e9 de d\u00e9m\u00e9nagement<\/a> s'occupe de vos biens ? Ils peuvent organiser la logistique de votre d\u00e9m\u00e9nagement ainsi que l'emballage et s'occuper des formalit\u00e9s douani\u00e8res si n\u00e9cessaire. Nous avons dress\u00e9 ci-dessous une liste de <a href=\"https:\/\/moverdb.com\/fr\/moving-to-the-united-states\/moving-to-minnesota\/\" data-internallinksmanager029f6b8e52c=\"443\" title=\"D\u00e9m\u00e9nager dans le Minnesota ? 2026 Co\u00fbts de la vie et conseils de relocalisation\">Minnesota<\/a> bas\u00e9 sur <a href=\"https:\/\/moverdb.com\/fr\/international-removals\/\" data-internallinksmanager029f6b8e52c=\"27\" title=\"36 meilleures entreprises de d\u00e9m\u00e9nagements internationaux au Royaume-Uni\">entreprises de d\u00e9m\u00e9nagement<\/a> qui sont membres de la <a href=\"https:\/\/moverdb.com\/fr\/iam\/\" data-internallinksmanager029f6b8e52c=\"23\" title=\"L&#039;Association internationale des d\u00e9m\u00e9nageurs (IAM) expliqu\u00e9e\">Association internationale des d\u00e9m\u00e9nageurs<\/a> (IAM) et\/ou <a href=\"https:\/\/moverdb.com\/fr\/fidi-faim\/\" data-internallinksmanager029f6b8e52c=\"16\" title=\"Explication de la FIDI et du FAIM (FIDI Accredited International Mover)\">FIDI<\/a> D\u00e9m\u00e9nageur international accr\u00e9dit\u00e9 (FAIM) qui pourrait vous aider dans votre d\u00e9m\u00e9nagement.<\/p>\n<h2><strong>1. Action Moving Services<\/strong><\/h2>\n<p><img loading=\"lazy\" decoding=\"async\" class=\"alignnone size-full wp-image-11242\" src=\"https:\/\/moverdb.com\/wp-content\/uploads\/Action-Moving-Services-international-moving-company.png\" alt=\"Action Moving Services entreprise de d\u00e9m\u00e9nagement international\" width=\"1440\" height=\"678\" data-wp-pid=\"11242\" srcset=\"https:\/\/moverdb.com\/wp-content\/uploads\/Action-Moving-Services-international-moving-company.png 1440w, https:\/\/moverdb.com\/wp-content\/uploads\/Action-Moving-Services-international-moving-company-300x141.png 300w, https:\/\/moverdb.com\/wp-content\/uploads\/Action-Moving-Services-international-moving-company-1024x482.png 1024w, https:\/\/moverdb.com\/wp-content\/uploads\/Action-Moving-Services-international-moving-company-18x8.png 18w, https:\/\/moverdb.com\/wp-content\/uploads\/Action-Moving-Services-international-moving-company-600x283.png 600w\" sizes=\"auto, (max-width: 1440px) 100vw, 1440px\" \/><\/p>\n<ul>\n<li>D\u00e9m\u00e9nagements locaux et longue distance<\/li>\n<li>D\u00e9m\u00e9nagements internationaux<\/li>\n<li>D\u00e9m\u00e9nagements de m\u00e9nages<\/li>\n<li>D\u00e9m\u00e9nagements de bureaux et d'industries<\/li>\n<li>D\u00e9localisations d'entreprises<\/li>\n<li>Solutions de bout en bout<\/li>\n<li>Service d'emballage<\/li>\n<li>Soutien douanier<\/li>\n<li>Traitement des \u0153uvres d'art<\/li>\n<li>Services de stockage<\/li>\n<\/ul>\n<p>Action Moving Services est une entreprise de d\u00e9m\u00e9nagement local et international bas\u00e9e \u00e0 South Burnsville. Elle est un agent inter-\u00e9tats pour Atlas Van Lines, ce qui lui permet de travailler avec un r\u00e9seau national et international d'agents de d\u00e9m\u00e9nagement. Ils sont membres de l'IAM et ont 42 ans d'exp\u00e9rience.<\/p>\n<p>Action Moving Services propose des services de d\u00e9m\u00e9nagement et de r\u00e9installation complets qui prendront en charge tous les aspects de votre d\u00e9m\u00e9nagement. Ces services comprennent l'emballage de vos biens en toute s\u00e9curit\u00e9 pour le transport et leur d\u00e9ballage \u00e0 l'arriv\u00e9e \u00e0 votre destination. Ils organiseront le transport de vos biens et vous aideront \u00e0 r\u00e9gler les formalit\u00e9s douani\u00e8res.<\/p>\n<p>Site web : <a href=\"http:\/\/actionmoving.com\/\" target=\"_blank\" rel=\"noopener\">http:\/\/actionmoving.com\/<\/a><\/p>\n<h2><strong>2. Beltmann Moving &amp; Storage<\/strong><\/h2>\n<p><img loading=\"lazy\" decoding=\"async\" class=\"alignnone size-full wp-image-11269\" src=\"https:\/\/moverdb.com\/wp-content\/uploads\/Beltmann-Relocation-Group-international-moving-company.png\" alt=\"Beltmann Relocation Group entreprise de d\u00e9m\u00e9nagement international\" width=\"1440\" height=\"682\" data-wp-pid=\"11269\" srcset=\"https:\/\/moverdb.com\/wp-content\/uploads\/Beltmann-Relocation-Group-international-moving-company.png 1440w, https:\/\/moverdb.com\/wp-content\/uploads\/Beltmann-Relocation-Group-international-moving-company-300x142.png 300w, https:\/\/moverdb.com\/wp-content\/uploads\/Beltmann-Relocation-Group-international-moving-company-1024x485.png 1024w, https:\/\/moverdb.com\/wp-content\/uploads\/Beltmann-Relocation-Group-international-moving-company-18x9.png 18w, https:\/\/moverdb.com\/wp-content\/uploads\/Beltmann-Relocation-Group-international-moving-company-600x284.png 600w\" sizes=\"auto, (max-width: 1440px) 100vw, 1440px\" \/><\/p>\n<ul>\n<li>D\u00e9m\u00e9nagements locaux et nationaux<\/li>\n<li>D\u00e9m\u00e9nagements internationaux<\/li>\n<li>D\u00e9m\u00e9nagements r\u00e9sidentiels<\/li>\n<li>D\u00e9m\u00e9nagements de bureaux<\/li>\n<li>D\u00e9localisations d'entreprises<\/li>\n<li>Coordonnateur des d\u00e9m\u00e9nagements<\/li>\n<li>Service d'emballage<\/li>\n<li>Organisation du transport<\/li>\n<li>Traitement douanier<\/li>\n<li>Stockage s\u00e9curis\u00e9 \u00e0 court et \u00e0 long terme<\/li>\n<\/ul>\n<p>Beltmann Moving &amp; Storage est une entreprise de d\u00e9m\u00e9nagement qui op\u00e8re depuis 1923 et poss\u00e8de 11 sites dans toute la France. <a href=\"https:\/\/moverdb.com\/fr\/moving-to-the-united-states\/\" data-internallinksmanager029f6b8e52c=\"94\" title=\"Vous partez aux \u00c9tats-Unis ? 2026 Co\u00fbt de la vie et conseils de relocalisation\">US<\/a> y compris Roseville. Elle est un agent de North American Van Lines, ce qui lui donne acc\u00e8s \u00e0 un r\u00e9seau mondial d'entreprises de d\u00e9m\u00e9nagement et de stockage. Ils sont membres de l'IAM et ont 25 ans d'exp\u00e9rience.<\/p>\n<p>Beltmann Moving &amp; Storage vous aidera \u00e0 rationaliser votre d\u00e9m\u00e9nagement en commen\u00e7ant par \u00e9tablir un devis gratuit. Ils mettent \u00e0 votre disposition un coordinateur de d\u00e9m\u00e9nagement pour vous aider et adapteront leurs services \u00e0 vos besoins. Ils proposent un service d'emballage qui comprend le d\u00e9montage et le montage des meubles, ainsi que le d\u00e9ballage \u00e0 l'arriv\u00e9e.<\/p>\n<p>Site web : <a href=\"http:\/\/www.beltmann.com\" target=\"_blank\" rel=\"noopener\">http:\/\/www.beltmann.com<\/a><\/p>\n<h2><strong>3. Berger Moving &amp; Storage<\/strong><\/h2>\n<p><img loading=\"lazy\" decoding=\"async\" class=\"alignnone size-full wp-image-11270\" src=\"https:\/\/moverdb.com\/wp-content\/uploads\/Berger-Moving-Storage-international-moving-company.png\" alt=\"Berger Moving &amp; Storage entreprise de d\u00e9m\u00e9nagement international\" width=\"1440\" height=\"677\" data-wp-pid=\"11270\" srcset=\"https:\/\/moverdb.com\/wp-content\/uploads\/Berger-Moving-Storage-international-moving-company.png 1440w, https:\/\/moverdb.com\/wp-content\/uploads\/Berger-Moving-Storage-international-moving-company-300x141.png 300w, https:\/\/moverdb.com\/wp-content\/uploads\/Berger-Moving-Storage-international-moving-company-1024x481.png 1024w, https:\/\/moverdb.com\/wp-content\/uploads\/Berger-Moving-Storage-international-moving-company-18x8.png 18w, https:\/\/moverdb.com\/wp-content\/uploads\/Berger-Moving-Storage-international-moving-company-600x282.png 600w\" sizes=\"auto, (max-width: 1440px) 100vw, 1440px\" \/><\/p>\n<ul>\n<li>D\u00e9m\u00e9nagements locaux et longue distance<\/li>\n<li>D\u00e9m\u00e9nagements internationaux<\/li>\n<li>D\u00e9m\u00e9nagements de m\u00e9nages<\/li>\n<li>D\u00e9m\u00e9nagements commerciaux<\/li>\n<li>Coordinateur de la relocalisation<\/li>\n<li>Service d'emballage<\/li>\n<li>Inventaire des articles<\/li>\n<li>Organisation du transport<\/li>\n<li>D\u00e9douanement<\/li>\n<li>Stockage \u00e0 court terme<\/li>\n<\/ul>\n<p>Berger Moving &amp; Storage est une soci\u00e9t\u00e9 de services de transport cr\u00e9\u00e9e en 1910 et bas\u00e9e \u00e0 Saint Paul avec un r\u00e9seau de 16 sites nationaux. Elle est un agent d'Allied Van Lines, un r\u00e9seau international d'agents de d\u00e9m\u00e9nagement. Elle est membre de l'IAM et compte 113 ans d'exp\u00e9rience.<\/p>\n<p>Berger Moving &amp; Storage propose un devis gratuit de d\u00e9m\u00e9nagement \u00e0 domicile ou virtuel avec un consultant en d\u00e9m\u00e9nagement international. Un coordinateur de d\u00e9m\u00e9nagement vous guidera tout au long du processus et identifiera les documents n\u00e9cessaires. Le service d'emballage utilise des m\u00e9thodes et des mat\u00e9riaux d'emballage internationaux pour prot\u00e9ger vos objets et dresser un inventaire.<\/p>\n<p>Site web : <a href=\"https:\/\/www.bergerallied.com\" target=\"_blank\" rel=\"noopener\">https:\/\/www.bergerallied.com<\/a><\/p>","protected":false},"excerpt":{"rendered":"<p>Moving can be a big upheaval and there is a lot to arrange, so why not take some of the pressure off by letting a moving company handle your belongings? They can organise the logistics of your move as well as packing and deal with customs if needed. Below we have compiled a list of [&hellip;]<\/p>\n","protected":false},"author":4,"featured_media":11242,"parent":190,"menu_order":0,"comment_status":"closed","ping_status":"closed","template":"","meta":{"_genesis_hide_title":false,"_genesis_hide_breadcrumbs":false,"_genesis_hide_singular_image":false,"_genesis_hide_footer_widgets":false,"_genesis_custom_body_class":"","_genesis_custom_post_class":"","_genesis_layout":"","footnotes":""},"class_list":{"0":"post-11617","1":"page","2":"type-page","3":"status-publish","4":"has-post-thumbnail","6":"entry"},"_links":{"self":[{"href":"https:\/\/moverdb.com\/fr\/wp-json\/wp\/v2\/pages\/11617","targetHints":{"allow":["GET"]}}],"collection":[{"href":"https:\/\/moverdb.com\/fr\/wp-json\/wp\/v2\/pages"}],"about":[{"href":"https:\/\/moverdb.com\/fr\/wp-json\/wp\/v2\/types\/page"}],"author":[{"embeddable":true,"href":"https:\/\/moverdb.com\/fr\/wp-json\/wp\/v2\/users\/4"}],"replies":[{"embeddable":true,"href":"https:\/\/moverdb.com\/fr\/wp-json\/wp\/v2\/comments?post=11617"}],"version-history":[{"count":1,"href":"https:\/\/moverdb.com\/fr\/wp-json\/wp\/v2\/pages\/11617\/revisions"}],"predecessor-version":[{"id":11618,"href":"https:\/\/moverdb.com\/fr\/wp-json\/wp\/v2\/pages\/11617\/revisions\/11618"}],"up":[{"embeddable":true,"href":"https:\/\/moverdb.com\/fr\/wp-json\/wp\/v2\/pages\/190"}],"wp:featuredmedia":[{"embeddable":true,"href":"https:\/\/moverdb.com\/fr\/wp-json\/wp\/v2\/media\/11242"}],"wp:attachment":[{"href":"https:\/\/moverdb.com\/fr\/wp-json\/wp\/v2\/media?parent=11617"}],"curies":[{"name":"wp","href":"https:\/\/api.w.org\/{rel}","templated":true}]}}