{"id":11613,"date":"2023-11-29T10:44:05","date_gmt":"2023-11-29T10:44:05","guid":{"rendered":"https:\/\/moverdb.com\/?page_id=11613"},"modified":"2026-01-08T15:28:57","modified_gmt":"2026-01-08T15:28:57","slug":"moving-companies-us-michigan","status":"publish","type":"page","link":"https:\/\/moverdb.com\/fr\/moving-companies\/moving-companies-us-michigan\/","title":{"rendered":"5 meilleures entreprises de d\u00e9m\u00e9nagements internationaux dans le Michigan"},"content":{"rendered":"<p>Vous envisagez de d\u00e9m\u00e9nager ? Si c'est le cas, vous pouvez faire appel \u00e0 un <a href=\"https:\/\/moverdb.com\/fr\/moving-companies\/\" data-internallinksmanager029f6b8e52c=\"79\" title=\"Les 25 meilleures soci\u00e9t\u00e9s de d\u00e9m\u00e9nagement international en ligne\">soci\u00e9t\u00e9 de d\u00e9m\u00e9nagement<\/a> pour vous aider. Ils peuvent vous aider \u00e0 planifier votre d\u00e9m\u00e9nagement, l'emballage, la logistique et les proc\u00e9dures douani\u00e8res en cas de changement de pays. Nous avons dress\u00e9 ci-dessous une liste de <a href=\"https:\/\/moverdb.com\/fr\/moving-to-the-united-states\/moving-to-michigan\/\" data-internallinksmanager029f6b8e52c=\"414\" title=\"D\u00e9m\u00e9nager dans le Michigan ? 2026 Co\u00fbts de la vie et conseils de relocalisation\">Michigan<\/a> bas\u00e9 sur <a href=\"https:\/\/moverdb.com\/fr\/international-removals\/\" data-internallinksmanager029f6b8e52c=\"27\" title=\"36 meilleures entreprises de d\u00e9m\u00e9nagements internationaux au Royaume-Uni\">entreprises de d\u00e9m\u00e9nagement<\/a> qui sont membres de la <a href=\"https:\/\/moverdb.com\/fr\/iam\/\" data-internallinksmanager029f6b8e52c=\"23\" title=\"L&#039;Association internationale des d\u00e9m\u00e9nageurs (IAM) expliqu\u00e9e\">Association internationale des d\u00e9m\u00e9nageurs<\/a> (IAM) et\/ou <a href=\"https:\/\/moverdb.com\/fr\/fidi-faim\/\" data-internallinksmanager029f6b8e52c=\"16\" title=\"Explication de la FIDI et du FAIM (FIDI Accredited International Mover)\">FIDI<\/a> D\u00e9m\u00e9nageur international accr\u00e9dit\u00e9 (FAIM) qui pourrait vous aider dans votre d\u00e9m\u00e9nagement.<\/p>\n<div id=\"ez-toc-container\" class=\"ez-toc-v2_0_82_2 ez-toc-wrap-left counter-hierarchy ez-toc-counter ez-toc-transparent ez-toc-container-direction\">\n<div class=\"ez-toc-title-container\">\n<p class=\"ez-toc-title\" style=\"cursor:inherit\">Sections<\/p>\n<span class=\"ez-toc-title-toggle\"><a href=\"#\" class=\"ez-toc-pull-right ez-toc-btn ez-toc-btn-xs ez-toc-btn-default ez-toc-toggle\" aria-label=\"Toggle Table des mati\u00e8res\"><span class=\"ez-toc-js-icon-con\"><span class=\"\"><span class=\"eztoc-hide\" style=\"display:none;\">Toggle<\/span><span class=\"ez-toc-icon-toggle-span\"><svg style=\"fill: #999;color:#999\" xmlns=\"http:\/\/www.w3.org\/2000\/svg\" class=\"list-377408\" width=\"20px\" height=\"20px\" viewbox=\"0 0 24 24\" fill=\"none\"><path d=\"M6 6H4v2h2V6zm14 0H8v2h12V6zM4 11h2v2H4v-2zm16 0H8v2h12v-2zM4 16h2v2H4v-2zm16 0H8v2h12v-2z\" fill=\"currentColor\"><\/path><\/svg><svg style=\"fill: #999;color:#999\" class=\"arrow-unsorted-368013\" xmlns=\"http:\/\/www.w3.org\/2000\/svg\" width=\"10px\" height=\"10px\" viewbox=\"0 0 24 24\" version=\"1.2\" baseprofile=\"tiny\"><path d=\"M18.2 9.3l-6.2-6.3-6.2 6.3c-.2.2-.3.4-.3.7s.1.5.3.7c.2.2.4.3.7.3h11c.3 0 .5-.1.7-.3.2-.2.3-.5.3-.7s-.1-.5-.3-.7zM5.8 14.7l6.2 6.3 6.2-6.3c.2-.2.3-.5.3-.7s-.1-.5-.3-.7c-.2-.2-.4-.3-.7-.3h-11c-.3 0-.5.1-.7.3-.2.2-.3.5-.3.7s.1.5.3.7z\"\/><\/svg><\/span><\/span><\/span><\/a><\/span><\/div>\n<nav><ul class='ez-toc-list ez-toc-list-level-1 eztoc-toggle-hide-by-default' ><li class='ez-toc-page-1 ez-toc-heading-level-2'><a class=\"ez-toc-link ez-toc-heading-1\" href=\"https:\/\/moverdb.com\/fr\/moving-companies\/moving-companies-us-michigan\/#1_Corrigan_Moving\" >1. Corrigan Moving<\/a><\/li><li class='ez-toc-page-1 ez-toc-heading-level-2'><a class=\"ez-toc-link ez-toc-heading-2\" href=\"https:\/\/moverdb.com\/fr\/moving-companies\/moving-companies-us-michigan\/#2_Palmer_Moving_Services\" >2. Palmer Moving Services<\/a><\/li><li class='ez-toc-page-1 ez-toc-heading-level-2'><a class=\"ez-toc-link ez-toc-heading-3\" href=\"https:\/\/moverdb.com\/fr\/moving-companies\/moving-companies-us-michigan\/#3_Powell_Relocation_Group\" >3. Groupe Powell Relocation<\/a><\/li><li class='ez-toc-page-1 ez-toc-heading-level-2'><a class=\"ez-toc-link ez-toc-heading-4\" href=\"https:\/\/moverdb.com\/fr\/moving-companies\/moving-companies-us-michigan\/#4_Rose_Moving_Storage\" >4. Rose Moving &amp; Storage<\/a><\/li><li class='ez-toc-page-1 ez-toc-heading-level-2'><a class=\"ez-toc-link ez-toc-heading-5\" href=\"https:\/\/moverdb.com\/fr\/moving-companies\/moving-companies-us-michigan\/#5_Transphere\" >5. Transph\u00e8re<\/a><\/li><\/ul><\/nav><\/div>\n<h2><span class=\"ez-toc-section\" id=\"1_Corrigan_Moving\"><\/span><strong>1. Corrigan Moving<\/strong><span class=\"ez-toc-section-end\"><\/span><\/h2>\n<p><img loading=\"lazy\" decoding=\"async\" class=\"alignnone size-full wp-image-11297\" src=\"https:\/\/moverdb.com\/wp-content\/uploads\/Corrigan-Moving-Systems-international-moving-company.png\" alt=\"Corrigan Moving Systems entreprise de d\u00e9m\u00e9nagement international\" width=\"1440\" height=\"675\" data-wp-pid=\"11297\" srcset=\"https:\/\/moverdb.com\/wp-content\/uploads\/Corrigan-Moving-Systems-international-moving-company.png 1440w, https:\/\/moverdb.com\/wp-content\/uploads\/Corrigan-Moving-Systems-international-moving-company-300x141.png 300w, https:\/\/moverdb.com\/wp-content\/uploads\/Corrigan-Moving-Systems-international-moving-company-1024x480.png 1024w, https:\/\/moverdb.com\/wp-content\/uploads\/Corrigan-Moving-Systems-international-moving-company-18x8.png 18w, https:\/\/moverdb.com\/wp-content\/uploads\/Corrigan-Moving-Systems-international-moving-company-600x281.png 600w\" sizes=\"auto, (max-width: 1440px) 100vw, 1440px\" \/><\/p>\n<ul>\n<li>D\u00e9m\u00e9nagements locaux et longue distance<\/li>\n<li>D\u00e9m\u00e9nagements internationaux<\/li>\n<li>D\u00e9m\u00e9nagements r\u00e9sidentiels<\/li>\n<li>D\u00e9m\u00e9nagements commerciaux<\/li>\n<li>D\u00e9localisations d'entreprises<\/li>\n<li>Service porte-\u00e0-porte<\/li>\n<li>Coordinateur de d\u00e9m\u00e9nagement<\/li>\n<li>Service d'emballage<\/li>\n<li>Soutien douanier<\/li>\n<li>Installations de stockage<\/li>\n<\/ul>\n<p>Corrigan Moving est une entreprise de d\u00e9m\u00e9nagement et de logistique cr\u00e9\u00e9e en 1929 et disposant de 13 bureaux dans la r\u00e9gion des Grands Lacs, qui comprend Ann Arbor, Auburn Hills, Bay City, Dearborn, Farmington Hills, Flint et Grand Rapids dans le Michigan. Elle fait partie de United Van Lines, ce qui lui permet d'acc\u00e9der \u00e0 un r\u00e9seau d'entreprises de d\u00e9m\u00e9nagement pour faciliter la prestation de ses services. Ils sont membres de l'IAM, avec 75 ans d'exp\u00e9rience, et sont accr\u00e9dit\u00e9s par la FIDI.<\/p>\n<p>Corrigan Moving propose des services de d\u00e9m\u00e9nagement personnalis\u00e9s, de porte \u00e0 porte, avec un coordinateur de d\u00e9m\u00e9nagement. Ils proposent un service d'emballage et de mise en caisse sur mesure pour prot\u00e9ger vos biens pendant le transport. Ils fournissent une assistance en mati\u00e8re de paperasserie et de logistique.<\/p>\n<p>Site web : <a href=\"https:\/\/www.corriganmoving.com\/\" target=\"_blank\" rel=\"noopener\">https:\/\/www.corriganmoving.com\/<\/a><\/p>\n<h2><span class=\"ez-toc-section\" id=\"2_Palmer_Moving_Services\"><\/span><strong>2. Palmer Moving Services<\/strong><span class=\"ez-toc-section-end\"><\/span><\/h2>\n<p><img loading=\"lazy\" decoding=\"async\" class=\"alignnone size-full wp-image-11404\" src=\"https:\/\/moverdb.com\/wp-content\/uploads\/Palmer-Moving-Services-international-moving-company.png\" alt=\"Palmer Moving Services entreprise de d\u00e9m\u00e9nagement international\" width=\"1440\" height=\"675\" data-wp-pid=\"11404\" srcset=\"https:\/\/moverdb.com\/wp-content\/uploads\/Palmer-Moving-Services-international-moving-company.png 1440w, https:\/\/moverdb.com\/wp-content\/uploads\/Palmer-Moving-Services-international-moving-company-300x141.png 300w, https:\/\/moverdb.com\/wp-content\/uploads\/Palmer-Moving-Services-international-moving-company-1024x480.png 1024w, https:\/\/moverdb.com\/wp-content\/uploads\/Palmer-Moving-Services-international-moving-company-18x8.png 18w, https:\/\/moverdb.com\/wp-content\/uploads\/Palmer-Moving-Services-international-moving-company-600x281.png 600w\" sizes=\"auto, (max-width: 1440px) 100vw, 1440px\" \/><\/p>\n<ul>\n<li>D\u00e9m\u00e9nagements locaux et longue distance<\/li>\n<li>D\u00e9m\u00e9nagements internationaux<\/li>\n<li>D\u00e9m\u00e9nagements r\u00e9sidentiels<\/li>\n<li>D\u00e9m\u00e9nagements de bureaux<\/li>\n<li>D\u00e9localisations d'entreprises<\/li>\n<li>Point de contact unique<\/li>\n<li>Service d'emballage<\/li>\n<li>Traitement douanier<\/li>\n<li><a href=\"https:\/\/moverdb.com\/fr\/car-transport-shipping\/\" data-internallinksmanager029f6b8e52c=\"2\" title=\"2026 Devis pour le transport international de voitures et l&#039;exp\u00e9dition de v\u00e9hicules\">Transport de v\u00e9hicules<\/a><\/li>\n<li>Installations de stockage<\/li>\n<\/ul>\n<p>Palmer Moving Services est une entreprise de d\u00e9m\u00e9nagement cr\u00e9\u00e9e en 1910 et situ\u00e9e \u00e0 Warren. Elle fait partie d'Atlas Van Lines, qui lui fournit un r\u00e9seau national d'agents de d\u00e9m\u00e9nagement et un r\u00e9seau international plus large de 1 700 agents. Elle est membre de l'IAM et compte 113 ans d'exp\u00e9rience.<\/p>\n<p>Palmer Moving Services propose un point de contact unique pour vous aider tout au long de votre d\u00e9m\u00e9nagement. Leur service comprend un service d'emballage complet avec une mise en caisse personnalis\u00e9e pour prot\u00e9ger vos articles et ils s'occuperont des informations et de la documentation douani\u00e8res. Ils proposent \u00e9galement des services suppl\u00e9mentaires, notamment le transport de v\u00e9hicules, l'entreposage et les services de tiers.<\/p>\n<p>Site web : <a href=\"http:\/\/www.palmermoving.com\" target=\"_blank\" rel=\"noopener\">http:\/\/www.palmermoving.com<\/a><\/p>\n<h2><span class=\"ez-toc-section\" id=\"3_Powell_Relocation_Group\"><\/span><strong>3. Groupe Powell Relocation<\/strong><span class=\"ez-toc-section-end\"><\/span><\/h2>\n<p><img loading=\"lazy\" decoding=\"async\" class=\"alignnone size-full wp-image-11411\" src=\"https:\/\/moverdb.com\/wp-content\/uploads\/Powell-Relocation-Group-international-moving-company.png\" alt=\"Powell Relocation Group entreprise de d\u00e9m\u00e9nagement international\" width=\"1440\" height=\"674\" data-wp-pid=\"11411\" srcset=\"https:\/\/moverdb.com\/wp-content\/uploads\/Powell-Relocation-Group-international-moving-company.png 1440w, https:\/\/moverdb.com\/wp-content\/uploads\/Powell-Relocation-Group-international-moving-company-300x140.png 300w, https:\/\/moverdb.com\/wp-content\/uploads\/Powell-Relocation-Group-international-moving-company-1024x479.png 1024w, https:\/\/moverdb.com\/wp-content\/uploads\/Powell-Relocation-Group-international-moving-company-18x8.png 18w, https:\/\/moverdb.com\/wp-content\/uploads\/Powell-Relocation-Group-international-moving-company-600x281.png 600w\" sizes=\"auto, (max-width: 1440px) 100vw, 1440px\" \/><\/p>\n<ul>\n<li>D\u00e9m\u00e9nagements locaux et longue distance<\/li>\n<li>D\u00e9m\u00e9nagements internationaux<\/li>\n<li>D\u00e9m\u00e9nagements r\u00e9sidentiels<\/li>\n<li>D\u00e9m\u00e9nagements commerciaux<\/li>\n<li>D\u00e9localisations d'entreprises<\/li>\n<li>Coordinateur des d\u00e9m\u00e9nagements internationaux<\/li>\n<li>Service d'emballage<\/li>\n<li>Transport par voie terrestre, maritime ou a\u00e9rienne<\/li>\n<li>D\u00e9douanement<\/li>\n<li>Installations de stockage<\/li>\n<\/ul>\n<p>Powell Relocation Group est une entreprise de d\u00e9m\u00e9nagement fond\u00e9e en 1962 et implant\u00e9e \u00e0 Grand Rapids, <a href=\"https:\/\/moverdb.com\/fr\/moving-to-houston\/\" data-internallinksmanager029f6b8e52c=\"47\" title=\"Vous d\u00e9m\u00e9nagez \u00e0 Houston ? 2026 Co\u00fbt de la vie et conseils de relocalisation\">Houston<\/a>, <a href=\"https:\/\/moverdb.com\/fr\/moving-to-the-united-states\/moving-to-west-virginia\/\" data-internallinksmanager029f6b8e52c=\"441\" title=\"D\u00e9m\u00e9nager en Virginie occidentale ? 2026 Co\u00fbts de la vie et conseils de relocalisation\">Virginie occidentale<\/a> et Tacoma. Elle est un agent d'Atlas Van Lines, ce qui lui permet de disposer d'un r\u00e9seau d'agents de d\u00e9m\u00e9nagement avec lesquels elle peut travailler. Ils sont membres de l'IAM et ont 61 ans d'exp\u00e9rience.<\/p>\n<p>Powell Relocation Group propose une \u00e9tude virtuelle pour \u00e9tablir un devis de d\u00e9m\u00e9nagement. Il \u00e9tablira un plan de d\u00e9m\u00e9nagement individuel et d\u00e9signera un coordinateur pour les d\u00e9m\u00e9nagements internationaux. Il fournit un service de d\u00e9m\u00e9nagement complet, y compris l'emballage de vos articles et leur chargement pour le transport par voie terrestre, maritime ou a\u00e9rienne. Ils d\u00e9douaneront vos biens et les livreront \u00e0 votre destination.<\/p>\n<p>Site web : <a href=\"http:\/\/powellmoving.com\" target=\"_blank\" rel=\"noopener\">http:\/\/powellmoving.com<\/a><\/p>\n<h2><span class=\"ez-toc-section\" id=\"4_Rose_Moving_Storage\"><\/span><strong>4. Rose Moving &amp; Storage<\/strong><span class=\"ez-toc-section-end\"><\/span><\/h2>\n<p><img loading=\"lazy\" decoding=\"async\" class=\"alignnone size-full wp-image-11427\" src=\"https:\/\/moverdb.com\/wp-content\/uploads\/Rose-Moving-Storage-international-moving-company.png\" alt=\"Rose Moving &amp; Storage soci\u00e9t\u00e9 de d\u00e9m\u00e9nagement international\" width=\"1440\" height=\"678\" data-wp-pid=\"11427\" srcset=\"https:\/\/moverdb.com\/wp-content\/uploads\/Rose-Moving-Storage-international-moving-company.png 1440w, https:\/\/moverdb.com\/wp-content\/uploads\/Rose-Moving-Storage-international-moving-company-300x141.png 300w, https:\/\/moverdb.com\/wp-content\/uploads\/Rose-Moving-Storage-international-moving-company-1024x482.png 1024w, https:\/\/moverdb.com\/wp-content\/uploads\/Rose-Moving-Storage-international-moving-company-18x8.png 18w, https:\/\/moverdb.com\/wp-content\/uploads\/Rose-Moving-Storage-international-moving-company-600x283.png 600w\" sizes=\"auto, (max-width: 1440px) 100vw, 1440px\" \/><\/p>\n<ul>\n<li>D\u00e9m\u00e9nagements locaux et inter\u00e9tatiques<\/li>\n<li>D\u00e9m\u00e9nagements internationaux<\/li>\n<li>D\u00e9m\u00e9nagements de m\u00e9nages<\/li>\n<li>D\u00e9m\u00e9nagements commerciaux<\/li>\n<li>D\u00e9localisations d'entreprises<\/li>\n<li>Service porte-\u00e0-porte<\/li>\n<li>Coordinateur de la r\u00e9installation personnelle<\/li>\n<li>Service d'emballage professionnel<\/li>\n<li>Organisation du transport<\/li>\n<li>Options de stockage s\u00e9curis\u00e9<\/li>\n<\/ul>\n<p>Rose Moving &amp; Storage est une entreprise de d\u00e9m\u00e9nagement qui poss\u00e8de des bureaux \u00e0 Belleville, Canton et Grand Rapid. Elle est un agent inter-\u00c9tats pour Allied Van Lines et cette relation lui permet de fournir des services nationaux et internationaux dans 42 pays. Elle est membre de l'IAM et compte 59 ans d'exp\u00e9rience.<\/p>\n<p>Rose Moving &amp; Storage propose des services de d\u00e9m\u00e9nagement porte-\u00e0-porte \u00e0 l'\u00e9chelle nationale et internationale. Ils vous attribueront un coordinateur personnel pour les d\u00e9m\u00e9nagements internationaux qui planifiera chaque d\u00e9tail et identifiera les services dont vous avez besoin. Ils fournissent un service d'emballage professionnel utilisant des emballages de la plus haute qualit\u00e9.<\/p>\n<p>Site web : <a href=\"http:\/\/www.rosemoving.com\" target=\"_blank\" rel=\"noopener\">http:\/\/www.rosemoving.com<\/a><\/p>\n<h2><span class=\"ez-toc-section\" id=\"5_Transphere\"><\/span><strong>5. Transph\u00e8re<\/strong><span class=\"ez-toc-section-end\"><\/span><\/h2>\n<p><img loading=\"lazy\" decoding=\"async\" class=\"alignnone size-full wp-image-11615\" src=\"https:\/\/moverdb.com\/wp-content\/uploads\/Transphere-international-moving-company.png\" alt=\"Entreprise de d\u00e9m\u00e9nagement international Transphere\" width=\"1440\" height=\"677\" data-wp-pid=\"11615\" srcset=\"https:\/\/moverdb.com\/wp-content\/uploads\/Transphere-international-moving-company.png 1440w, https:\/\/moverdb.com\/wp-content\/uploads\/Transphere-international-moving-company-300x141.png 300w, https:\/\/moverdb.com\/wp-content\/uploads\/Transphere-international-moving-company-1024x481.png 1024w, https:\/\/moverdb.com\/wp-content\/uploads\/Transphere-international-moving-company-18x8.png 18w, https:\/\/moverdb.com\/wp-content\/uploads\/Transphere-international-moving-company-600x282.png 600w\" sizes=\"auto, (max-width: 1440px) 100vw, 1440px\" \/><\/p>\n<ul>\n<li>Mouvements nationaux<\/li>\n<li>D\u00e9m\u00e9nagements internationaux<\/li>\n<li>D\u00e9m\u00e9nagements de m\u00e9nages<\/li>\n<li>Fret commercial<\/li>\n<li>Service porte-\u00e0-porte<\/li>\n<li>Service d'emballage<\/li>\n<li>Transports maritimes, terrestres et a\u00e9riens<\/li>\n<li>D\u00e9douanement<\/li>\n<li>Transport de v\u00e9hicules<\/li>\n<li>Installations de stockage<\/li>\n<\/ul>\n<p>Transphere est une soci\u00e9t\u00e9 de transport de fret cr\u00e9\u00e9e en 1987 et bas\u00e9e \u00e0 Westland. Elle fait partie d'un r\u00e9seau mondial de 150 entreprises qui peuvent l'aider \u00e0 fournir ses services au niveau national et international. Elle est membre de l'IAM et compte 36 ans d'exp\u00e9rience.<\/p>\n<p>Transphere propose des services d'exp\u00e9dition de fret de porte \u00e0 porte pour les biens m\u00e9nagers, les effets personnels, les v\u00e9hicules, les marchandises commerciales et les projets de fret. Ils proposent une gamme d'options de fret, notamment a\u00e9rien, terrestre et maritime, avec des chargements de conteneurs complets ou moins complets. Elle propose \u00e9galement des services d'emballage et peut faciliter le d\u00e9douanement. Elle propose \u00e9galement un syst\u00e8me de suivi en ligne et un portail pour contr\u00f4ler votre envoi.<\/p>\n<p>Site web : <a href=\"http:\/\/www.transphereinc.com\" target=\"_blank\" rel=\"noopener\">http:\/\/www.transphereinc.com<\/a><\/p>","protected":false},"excerpt":{"rendered":"<p>Are you planning a move? If so you may want to employ a moving company to assist you. They can help with planning your move, packing, logistics and customs procedures if moving countries. Below we have compiled a list of Michigan based removal companies that are members of the International Association of Movers (IAM) and\/or [&hellip;]<\/p>\n","protected":false},"author":4,"featured_media":11297,"parent":190,"menu_order":0,"comment_status":"closed","ping_status":"closed","template":"","meta":{"_genesis_hide_title":false,"_genesis_hide_breadcrumbs":false,"_genesis_hide_singular_image":false,"_genesis_hide_footer_widgets":false,"_genesis_custom_body_class":"","_genesis_custom_post_class":"","_genesis_layout":"","footnotes":""},"class_list":{"0":"post-11613","1":"page","2":"type-page","3":"status-publish","4":"has-post-thumbnail","6":"entry"},"_links":{"self":[{"href":"https:\/\/moverdb.com\/fr\/wp-json\/wp\/v2\/pages\/11613","targetHints":{"allow":["GET"]}}],"collection":[{"href":"https:\/\/moverdb.com\/fr\/wp-json\/wp\/v2\/pages"}],"about":[{"href":"https:\/\/moverdb.com\/fr\/wp-json\/wp\/v2\/types\/page"}],"author":[{"embeddable":true,"href":"https:\/\/moverdb.com\/fr\/wp-json\/wp\/v2\/users\/4"}],"replies":[{"embeddable":true,"href":"https:\/\/moverdb.com\/fr\/wp-json\/wp\/v2\/comments?post=11613"}],"version-history":[{"count":1,"href":"https:\/\/moverdb.com\/fr\/wp-json\/wp\/v2\/pages\/11613\/revisions"}],"predecessor-version":[{"id":11616,"href":"https:\/\/moverdb.com\/fr\/wp-json\/wp\/v2\/pages\/11613\/revisions\/11616"}],"up":[{"embeddable":true,"href":"https:\/\/moverdb.com\/fr\/wp-json\/wp\/v2\/pages\/190"}],"wp:featuredmedia":[{"embeddable":true,"href":"https:\/\/moverdb.com\/fr\/wp-json\/wp\/v2\/media\/11297"}],"wp:attachment":[{"href":"https:\/\/moverdb.com\/fr\/wp-json\/wp\/v2\/media?parent=11613"}],"curies":[{"name":"wp","href":"https:\/\/api.w.org\/{rel}","templated":true}]}}