{"id":11602,"date":"2023-11-29T10:33:42","date_gmt":"2023-11-29T10:33:42","guid":{"rendered":"https:\/\/moverdb.com\/?page_id=11602"},"modified":"2026-01-08T15:24:17","modified_gmt":"2026-01-08T15:24:17","slug":"moving-companies-us-jacksonville","status":"publish","type":"page","link":"https:\/\/moverdb.com\/fr\/moving-companies\/moving-companies-us-jacksonville\/","title":{"rendered":"3 Meilleures entreprises de d\u00e9m\u00e9nagements internationaux \u00e0 Jacksonville"},"content":{"rendered":"<p>Si vous pr\u00e9voyez de d\u00e9m\u00e9nager au niveau local, national ou international depuis ou vers Jacksonville, vous aurez peut-\u00eatre besoin d'aide. <a href=\"https:\/\/moverdb.com\/fr\/moving-companies\/\" data-internallinksmanager029f6b8e52c=\"79\" title=\"Les 25 meilleures soci\u00e9t\u00e9s de d\u00e9m\u00e9nagement international en ligne\">Soci\u00e9t\u00e9s de d\u00e9m\u00e9nagement<\/a> offrent une vari\u00e9t\u00e9 d'aide, y compris des services de planification, d'emballage, de transport, de traitement douanier et de d\u00e9ballage. Nous avons dress\u00e9 ci-dessous une liste d'entreprises bas\u00e9es \u00e0 Jacksonville qui proposent des services d'emballage, de transport et de d\u00e9douanement. <a href=\"https:\/\/moverdb.com\/fr\/international-removals\/\" data-internallinksmanager029f6b8e52c=\"27\" title=\"36 meilleures entreprises de d\u00e9m\u00e9nagements internationaux au Royaume-Uni\">entreprises de d\u00e9m\u00e9nagement<\/a> qui sont membres de la <a href=\"https:\/\/moverdb.com\/fr\/iam\/\" data-internallinksmanager029f6b8e52c=\"23\" title=\"L&#039;Association internationale des d\u00e9m\u00e9nageurs (IAM) expliqu\u00e9e\">Association internationale des d\u00e9m\u00e9nageurs<\/a> (IAM) et\/ou <a href=\"https:\/\/moverdb.com\/fr\/fidi-faim\/\" data-internallinksmanager029f6b8e52c=\"16\" title=\"Explication de la FIDI et du FAIM (FIDI Accredited International Mover)\">FIDI<\/a> D\u00e9m\u00e9nageur international accr\u00e9dit\u00e9 (FAIM) qui pourrait vous aider dans votre d\u00e9m\u00e9nagement.<\/p>\n<h2><strong>1. Conser Moving &amp; Storage<\/strong><\/h2>\n<p><img loading=\"lazy\" decoding=\"async\" class=\"alignnone size-full wp-image-11292\" src=\"https:\/\/moverdb.com\/wp-content\/uploads\/Conser-Moving-Storage-international-moving-company.png\" alt=\"Conser Moving &amp; Storage entreprise de d\u00e9m\u00e9nagement international\" width=\"1440\" height=\"681\" data-wp-pid=\"11292\" srcset=\"https:\/\/moverdb.com\/wp-content\/uploads\/Conser-Moving-Storage-international-moving-company.png 1440w, https:\/\/moverdb.com\/wp-content\/uploads\/Conser-Moving-Storage-international-moving-company-300x142.png 300w, https:\/\/moverdb.com\/wp-content\/uploads\/Conser-Moving-Storage-international-moving-company-1024x484.png 1024w, https:\/\/moverdb.com\/wp-content\/uploads\/Conser-Moving-Storage-international-moving-company-18x9.png 18w, https:\/\/moverdb.com\/wp-content\/uploads\/Conser-Moving-Storage-international-moving-company-600x284.png 600w\" sizes=\"auto, (max-width: 1440px) 100vw, 1440px\" \/><\/p>\n<ul>\n<li>D\u00e9placements locaux<\/li>\n<li>D\u00e9m\u00e9nagements longue distance<\/li>\n<li>D\u00e9m\u00e9nagements r\u00e9sidentiels<\/li>\n<li>D\u00e9m\u00e9nagements de bureaux<\/li>\n<li>Un service sur mesure<\/li>\n<li>Choix des options de d\u00e9m\u00e9nagement<\/li>\n<li>Gestion des d\u00e9m\u00e9nagements<\/li>\n<li>Organisation du transport<\/li>\n<li>D\u00e9placer la protection<\/li>\n<li>Installations de stockage<\/li>\n<\/ul>\n<p>Conser Moving &amp; Storage est une entreprise de d\u00e9m\u00e9nagement et de relocation sp\u00e9cialis\u00e9e dans les d\u00e9m\u00e9nagements domestiques et militaires, et elle est bas\u00e9e \u00e0 Jacksonville. Elle est un agent de Mayflower Transit, qui fournit des services de d\u00e9m\u00e9nagement depuis plus de 90 ans. Ils sont membres de l'IAM et ont 11 ans d'exp\u00e9rience.<\/p>\n<p>Conser Moving &amp; Storage vous apportera toute l'aide dont vous avez besoin pour votre d\u00e9m\u00e9nagement, en vous permettant d'\u00e9laborer un plan de d\u00e9m\u00e9nagement avec des options personnalisables pour les services dont vous avez besoin. Ils vous aideront \u00e0 trouver le plan de d\u00e9m\u00e9nagement qui r\u00e9pondra \u00e0 vos besoins, \u00e0 votre budget et \u00e0 votre calendrier.<\/p>\n<p>Site web : <a href=\"https:\/\/consermoving.com\" target=\"_blank\" rel=\"noopener\">https:\/\/consermoving.com<\/a><\/p>\n<h2><strong>2. DN Van Lines<\/strong><\/h2>\n<p><img loading=\"lazy\" decoding=\"async\" class=\"alignnone size-full wp-image-11307\" src=\"https:\/\/moverdb.com\/wp-content\/uploads\/DN-Van-Lines-international-moving-company.png\" alt=\"DN Van Lines soci\u00e9t\u00e9 de d\u00e9m\u00e9nagement international\" width=\"1440\" height=\"670\" data-wp-pid=\"11307\" srcset=\"https:\/\/moverdb.com\/wp-content\/uploads\/DN-Van-Lines-international-moving-company.png 1440w, https:\/\/moverdb.com\/wp-content\/uploads\/DN-Van-Lines-international-moving-company-300x140.png 300w, https:\/\/moverdb.com\/wp-content\/uploads\/DN-Van-Lines-international-moving-company-1024x476.png 1024w, https:\/\/moverdb.com\/wp-content\/uploads\/DN-Van-Lines-international-moving-company-18x8.png 18w, https:\/\/moverdb.com\/wp-content\/uploads\/DN-Van-Lines-international-moving-company-600x279.png 600w\" sizes=\"auto, (max-width: 1440px) 100vw, 1440px\" \/><\/p>\n<ul>\n<li>D\u00e9m\u00e9nagements locaux et inter\u00e9tatiques<\/li>\n<li>D\u00e9m\u00e9nagements internationaux<\/li>\n<li>D\u00e9m\u00e9nagements de m\u00e9nages<\/li>\n<li>D\u00e9m\u00e9nagement de bureaux et de commerces<\/li>\n<li>Responsable de la relocalisation des personnes<\/li>\n<li>Services d'emballage<\/li>\n<li>Gestion des stocks<\/li>\n<li>Organisation du transport<\/li>\n<li>Assurance<\/li>\n<li>Services de stockage<\/li>\n<\/ul>\n<p>DN Van Lines est une soci\u00e9t\u00e9 de d\u00e9m\u00e9nagement et d'entreposage fond\u00e9e en 2001 et implant\u00e9e \u00e0 Jacksonville, <a href=\"https:\/\/moverdb.com\/fr\/moving-to-the-united-states\/moving-to-massachusetts\/\" data-internallinksmanager029f6b8e52c=\"412\" title=\"Vous d\u00e9m\u00e9nagez dans le Massachusetts ? 2026 Co\u00fbts de la vie et conseils de relocalisation\">Massachusetts<\/a> et <a href=\"https:\/\/moverdb.com\/fr\/moving-to-the-united-states\/moving-to-virginia\/\" data-internallinksmanager029f6b8e52c=\"442\" title=\"D\u00e9m\u00e9nager en Virginie ? 2026 Co\u00fbts de la vie et conseils de relocalisation\">Virginie<\/a>. Ils travaillent avec un r\u00e9seau de confiance de prestataires de services de d\u00e9m\u00e9nagement dans le monde entier pour les aider. Ils sont membres de l'IAM et ont 14 ans d'exp\u00e9rience.<\/p>\n<p>DN Van Lines propose un devis gratuit et une \u00e9tude \u00e0 domicile ou virtuelle pour \u00e9valuer vos besoins en mati\u00e8re de d\u00e9m\u00e9nagement. Ils mettent \u00e0 votre disposition un gestionnaire de d\u00e9m\u00e9nagement personnel qui \u00e9laborera un plan de d\u00e9m\u00e9nagement d\u00e9taill\u00e9 adapt\u00e9 \u00e0 vos besoins et vous assistera tout au long du d\u00e9m\u00e9nagement. Ils fournissent un service d'emballage qui comprendra un inventaire d\u00e9taill\u00e9 de vos objets.<\/p>\n<p>Site web : <a href=\"http:\/\/www.dnvanlines.com\" target=\"_blank\" rel=\"noopener\">http:\/\/www.dnvanlines.com<\/a><\/p>\n<h2><strong>3. Suddath<\/strong><\/h2>\n<p><img loading=\"lazy\" decoding=\"async\" class=\"alignnone size-full wp-image-11450\" src=\"https:\/\/moverdb.com\/wp-content\/uploads\/Suddath-international-moving-company.png\" alt=\"Suddath international moving company\" width=\"1440\" height=\"677\" data-wp-pid=\"11450\" srcset=\"https:\/\/moverdb.com\/wp-content\/uploads\/Suddath-international-moving-company.png 1440w, https:\/\/moverdb.com\/wp-content\/uploads\/Suddath-international-moving-company-300x141.png 300w, https:\/\/moverdb.com\/wp-content\/uploads\/Suddath-international-moving-company-1024x481.png 1024w, https:\/\/moverdb.com\/wp-content\/uploads\/Suddath-international-moving-company-18x8.png 18w, https:\/\/moverdb.com\/wp-content\/uploads\/Suddath-international-moving-company-600x282.png 600w\" sizes=\"auto, (max-width: 1440px) 100vw, 1440px\" \/><\/p>\n<ul>\n<li>D\u00e9m\u00e9nagements locaux et longue distance<\/li>\n<li>D\u00e9m\u00e9nagements internationaux<\/li>\n<li>D\u00e9m\u00e9nagements de m\u00e9nages<\/li>\n<li>D\u00e9m\u00e9nagements commerciaux<\/li>\n<li>Service de bout en bout<\/li>\n<li>Service d'emballage<\/li>\n<li>Soutien douanier<\/li>\n<li>Transport de v\u00e9hicules et d'animaux domestiques<\/li>\n<li>Assurance<\/li>\n<li>Stockage \u00e0 court et \u00e0 long terme<\/li>\n<\/ul>\n<p>Suddath est une entreprise de d\u00e9m\u00e9nagement et de logistique cr\u00e9\u00e9e en 1919 \u00e0 Jacksonville et qui compte 19 autres sites dans l'Union europ\u00e9enne. <a href=\"https:\/\/moverdb.com\/fr\/moving-to-the-united-states\/\" data-internallinksmanager029f6b8e52c=\"94\" title=\"Vous partez aux \u00c9tats-Unis ? 2026 Co\u00fbt de la vie et conseils de relocalisation\">US<\/a>. Elle dispose d'un r\u00e9seau mondial de partenaires, compos\u00e9 d'entreprises v\u00e9rifi\u00e9es et \u00e9tablies, qui l'aide \u00e0 fournir des services de bout en bout dans 180 pays \u00e0 travers le monde. Ils sont membres de l'IAM et ont 104 ans d'exp\u00e9rience.<\/p>\n<p>Suddath propose un guichet unique pour tous vos besoins en mati\u00e8re de d\u00e9m\u00e9nagement, avec un conseiller sp\u00e9cialis\u00e9 qui vous aidera \u00e0 franchir toutes les \u00e9tapes et \u00e0 respecter votre budget. Ils vous proposent une approche personnalis\u00e9e et vous guident pour les formalit\u00e9s douani\u00e8res, la documentation et l'assurance. Ils proposent \u00e9galement des services suppl\u00e9mentaires, notamment des services d'installation et de m\u00e9nage.<\/p>\n<p>Site web : <a href=\"https:\/\/suddath.com\" target=\"_blank\" rel=\"noopener\">https:\/\/suddath.com<\/a><\/p>","protected":false},"excerpt":{"rendered":"<p>If you are planning a move locally, nationally or internationally to or from Jacksonville you may want some assistance. Moving companies offer a variety of help including planning, packing, transportation, customs handling and unpacking services. Below we have compiled a list of Jacksonville based removal companies that are members of the International Association of Movers [&hellip;]<\/p>\n","protected":false},"author":4,"featured_media":11292,"parent":190,"menu_order":0,"comment_status":"closed","ping_status":"closed","template":"","meta":{"_genesis_hide_title":false,"_genesis_hide_breadcrumbs":false,"_genesis_hide_singular_image":false,"_genesis_hide_footer_widgets":false,"_genesis_custom_body_class":"","_genesis_custom_post_class":"","_genesis_layout":"","footnotes":""},"class_list":{"0":"post-11602","1":"page","2":"type-page","3":"status-publish","4":"has-post-thumbnail","6":"entry"},"_links":{"self":[{"href":"https:\/\/moverdb.com\/fr\/wp-json\/wp\/v2\/pages\/11602","targetHints":{"allow":["GET"]}}],"collection":[{"href":"https:\/\/moverdb.com\/fr\/wp-json\/wp\/v2\/pages"}],"about":[{"href":"https:\/\/moverdb.com\/fr\/wp-json\/wp\/v2\/types\/page"}],"author":[{"embeddable":true,"href":"https:\/\/moverdb.com\/fr\/wp-json\/wp\/v2\/users\/4"}],"replies":[{"embeddable":true,"href":"https:\/\/moverdb.com\/fr\/wp-json\/wp\/v2\/comments?post=11602"}],"version-history":[{"count":1,"href":"https:\/\/moverdb.com\/fr\/wp-json\/wp\/v2\/pages\/11602\/revisions"}],"predecessor-version":[{"id":11603,"href":"https:\/\/moverdb.com\/fr\/wp-json\/wp\/v2\/pages\/11602\/revisions\/11603"}],"up":[{"embeddable":true,"href":"https:\/\/moverdb.com\/fr\/wp-json\/wp\/v2\/pages\/190"}],"wp:featuredmedia":[{"embeddable":true,"href":"https:\/\/moverdb.com\/fr\/wp-json\/wp\/v2\/media\/11292"}],"wp:attachment":[{"href":"https:\/\/moverdb.com\/fr\/wp-json\/wp\/v2\/media?parent=11602"}],"curies":[{"name":"wp","href":"https:\/\/api.w.org\/{rel}","templated":true}]}}