{"id":11600,"date":"2023-11-29T10:45:01","date_gmt":"2023-11-29T10:45:01","guid":{"rendered":"https:\/\/moverdb.com\/?page_id=11600"},"modified":"2026-01-08T15:25:08","modified_gmt":"2026-01-08T15:25:08","slug":"moving-companies-us-indiana","status":"publish","type":"page","link":"https:\/\/moverdb.com\/fr\/moving-companies\/moving-companies-us-indiana\/","title":{"rendered":"5 meilleures entreprises de d\u00e9m\u00e9nagements internationaux dans l'Indiana"},"content":{"rendered":"<p>Un d\u00e9m\u00e9nagement peut \u00eatre une p\u00e9riode stressante, car il faut jongler avec de nombreuses choses. C'est pourquoi de nombreuses personnes sollicitent l'aide d'un <a href=\"https:\/\/moverdb.com\/fr\/moving-companies\/\" data-internallinksmanager029f6b8e52c=\"79\" title=\"Les 25 meilleures soci\u00e9t\u00e9s de d\u00e9m\u00e9nagement international en ligne\">soci\u00e9t\u00e9 de d\u00e9m\u00e9nagement<\/a> car ils peuvent g\u00e9rer le d\u00e9m\u00e9nagement, emballer, transporter vos biens et s'occuper des formalit\u00e9s douani\u00e8res si vous d\u00e9m\u00e9nagez \u00e0 l'\u00e9tranger. Nous avons dress\u00e9 ci-dessous une liste de <a href=\"https:\/\/moverdb.com\/fr\/moving-to-the-united-states\/moving-to-indiana\/\" data-internallinksmanager029f6b8e52c=\"445\" title=\"D\u00e9m\u00e9nager dans l&#039;Indiana ? 2026 Co\u00fbts de la vie et conseils de relocalisation\">Indiana<\/a> bas\u00e9 sur <a href=\"https:\/\/moverdb.com\/fr\/international-removals\/\" data-internallinksmanager029f6b8e52c=\"27\" title=\"36 meilleures entreprises de d\u00e9m\u00e9nagements internationaux au Royaume-Uni\">entreprises de d\u00e9m\u00e9nagement<\/a> qui sont membres de la <a href=\"https:\/\/moverdb.com\/fr\/iam\/\" data-internallinksmanager029f6b8e52c=\"23\" title=\"L&#039;Association internationale des d\u00e9m\u00e9nageurs (IAM) expliqu\u00e9e\">Association internationale des d\u00e9m\u00e9nageurs<\/a> (IAM) et\/ou <a href=\"https:\/\/moverdb.com\/fr\/fidi-faim\/\" data-internallinksmanager029f6b8e52c=\"16\" title=\"Explication de la FIDI et du FAIM (FIDI Accredited International Mover)\">FIDI<\/a> D\u00e9m\u00e9nageur international accr\u00e9dit\u00e9 (FAIM) qui pourrait vous aider dans votre d\u00e9m\u00e9nagement.<\/p>\n<div id=\"ez-toc-container\" class=\"ez-toc-v2_0_82_2 ez-toc-wrap-left counter-hierarchy ez-toc-counter ez-toc-transparent ez-toc-container-direction\">\n<div class=\"ez-toc-title-container\">\n<p class=\"ez-toc-title\" style=\"cursor:inherit\">Sections<\/p>\n<span class=\"ez-toc-title-toggle\"><a href=\"#\" class=\"ez-toc-pull-right ez-toc-btn ez-toc-btn-xs ez-toc-btn-default ez-toc-toggle\" aria-label=\"Toggle Table des mati\u00e8res\"><span class=\"ez-toc-js-icon-con\"><span class=\"\"><span class=\"eztoc-hide\" style=\"display:none;\">Toggle<\/span><span class=\"ez-toc-icon-toggle-span\"><svg style=\"fill: #999;color:#999\" xmlns=\"http:\/\/www.w3.org\/2000\/svg\" class=\"list-377408\" width=\"20px\" height=\"20px\" viewbox=\"0 0 24 24\" fill=\"none\"><path d=\"M6 6H4v2h2V6zm14 0H8v2h12V6zM4 11h2v2H4v-2zm16 0H8v2h12v-2zM4 16h2v2H4v-2zm16 0H8v2h12v-2z\" fill=\"currentColor\"><\/path><\/svg><svg style=\"fill: #999;color:#999\" class=\"arrow-unsorted-368013\" xmlns=\"http:\/\/www.w3.org\/2000\/svg\" width=\"10px\" height=\"10px\" viewbox=\"0 0 24 24\" version=\"1.2\" baseprofile=\"tiny\"><path d=\"M18.2 9.3l-6.2-6.3-6.2 6.3c-.2.2-.3.4-.3.7s.1.5.3.7c.2.2.4.3.7.3h11c.3 0 .5-.1.7-.3.2-.2.3-.5.3-.7s-.1-.5-.3-.7zM5.8 14.7l6.2 6.3 6.2-6.3c.2-.2.3-.5.3-.7s-.1-.5-.3-.7c-.2-.2-.4-.3-.7-.3h-11c-.3 0-.5.1-.7.3-.2.2-.3.5-.3.7s.1.5.3.7z\"\/><\/svg><\/span><\/span><\/span><\/a><\/span><\/div>\n<nav><ul class='ez-toc-list ez-toc-list-level-1 eztoc-toggle-hide-by-default' ><li class='ez-toc-page-1 ez-toc-heading-level-2'><a class=\"ez-toc-link ez-toc-heading-1\" href=\"https:\/\/moverdb.com\/fr\/moving-companies\/moving-companies-us-indiana\/#1_Atlas_International\" >1. Atlas International<\/a><\/li><li class='ez-toc-page-1 ez-toc-heading-level-2'><a class=\"ez-toc-link ez-toc-heading-2\" href=\"https:\/\/moverdb.com\/fr\/moving-companies\/moving-companies-us-indiana\/#2_Atlantic_Relocation_Systems\" >2. Syst\u00e8mes de relocalisation de l'Atlantique<\/a><\/li><li class='ez-toc-page-1 ez-toc-heading-level-2'><a class=\"ez-toc-link ez-toc-heading-3\" href=\"https:\/\/moverdb.com\/fr\/moving-companies\/moving-companies-us-indiana\/#3_Reindeer_Auto_Moving\" >3. D\u00e9m\u00e9nagement de rennes<\/a><\/li><li class='ez-toc-page-1 ez-toc-heading-level-2'><a class=\"ez-toc-link ez-toc-heading-4\" href=\"https:\/\/moverdb.com\/fr\/moving-companies\/moving-companies-us-indiana\/#4_Wheaton_World_Wide_Moving\" >4. Wheaton World Wide Moving<\/a><\/li><li class='ez-toc-page-1 ez-toc-heading-level-2'><a class=\"ez-toc-link ez-toc-heading-5\" href=\"https:\/\/moverdb.com\/fr\/moving-companies\/moving-companies-us-indiana\/#5_Wickman_Worldwide_Services\" >5. Wickman Worldwide Services<\/a><\/li><\/ul><\/nav><\/div>\n<h2><span class=\"ez-toc-section\" id=\"1_Atlas_International\"><\/span><strong>1. Atlas International<\/strong><span class=\"ez-toc-section-end\"><\/span><\/h2>\n<p><img loading=\"lazy\" decoding=\"async\" class=\"alignnone size-full wp-image-11263\" src=\"https:\/\/moverdb.com\/wp-content\/uploads\/Atlas-International-moving-company-3.png\" alt=\"Entreprise de d\u00e9m\u00e9nagement Atlas International\" width=\"1440\" height=\"676\" data-wp-pid=\"11263\" srcset=\"https:\/\/moverdb.com\/wp-content\/uploads\/Atlas-International-moving-company-3.png 1440w, https:\/\/moverdb.com\/wp-content\/uploads\/Atlas-International-moving-company-3-300x141.png 300w, https:\/\/moverdb.com\/wp-content\/uploads\/Atlas-International-moving-company-3-1024x481.png 1024w, https:\/\/moverdb.com\/wp-content\/uploads\/Atlas-International-moving-company-3-18x8.png 18w, https:\/\/moverdb.com\/wp-content\/uploads\/Atlas-International-moving-company-3-600x282.png 600w\" sizes=\"auto, (max-width: 1440px) 100vw, 1440px\" \/><\/p>\n<ul>\n<li>D\u00e9localisations internationales<\/li>\n<li>D\u00e9m\u00e9nagements r\u00e9sidentiels<\/li>\n<li>D\u00e9localisations d'entreprises<\/li>\n<li>Service porte-\u00e0-porte<\/li>\n<li>Service d'emballage professionnel<\/li>\n<li>Transport maritime et a\u00e9rien<\/li>\n<li>Choix d'options de conteneurs<\/li>\n<li>D\u00e9douanement<\/li>\n<li>Plans de protection<\/li>\n<li>Installations de stockage<\/li>\n<\/ul>\n<p>Atlas International est une soci\u00e9t\u00e9 de d\u00e9m\u00e9nagement international cr\u00e9\u00e9e en 1960 et bas\u00e9e \u00e0 Evansville. Elle dispose d'un r\u00e9seau mondial complet qui l'aide \u00e0 fournir des services de d\u00e9m\u00e9nagement dans le monde entier. Elle est membre de l'IAM, avec 38 ans d'exp\u00e9rience, et est accr\u00e9dit\u00e9e par la FIDI.<\/p>\n<p>Atlas International propose une \u00e9tude et un devis de d\u00e9m\u00e9nagement gratuits. Ils cr\u00e9eront un plan de d\u00e9m\u00e9nagement personnalis\u00e9 qui vous permettra de b\u00e9n\u00e9ficier d'un service de d\u00e9m\u00e9nagement complet. Ils fournissent un service de d\u00e9m\u00e9nagement porte \u00e0 porte avec le soutien d'experts en relocalisation internationale. Ils fournissent un service d'emballage qui prot\u00e8ge vos objets et un soin particulier est apport\u00e9 aux objets fragiles.<\/p>\n<p>Site web : <a href=\"https:\/\/www.atlasintl.com\/\" target=\"_blank\" rel=\"noopener\">https:\/\/www.atlasintl.com\/<\/a><\/p>\n<h2><span class=\"ez-toc-section\" id=\"2_Atlantic_Relocation_Systems\"><\/span><strong>2. Syst\u00e8mes de relocalisation de l'Atlantique<\/strong><span class=\"ez-toc-section-end\"><\/span><\/h2>\n<p><img loading=\"lazy\" decoding=\"async\" class=\"alignnone size-full wp-image-11262\" src=\"https:\/\/moverdb.com\/wp-content\/uploads\/Atlantic-Relocation-Systems-international-moving-company.png\" alt=\"Atlantic Relocation Systems soci\u00e9t\u00e9 de d\u00e9m\u00e9nagement international\" width=\"1440\" height=\"677\" data-wp-pid=\"11262\" srcset=\"https:\/\/moverdb.com\/wp-content\/uploads\/Atlantic-Relocation-Systems-international-moving-company.png 1440w, https:\/\/moverdb.com\/wp-content\/uploads\/Atlantic-Relocation-Systems-international-moving-company-300x141.png 300w, https:\/\/moverdb.com\/wp-content\/uploads\/Atlantic-Relocation-Systems-international-moving-company-1024x481.png 1024w, https:\/\/moverdb.com\/wp-content\/uploads\/Atlantic-Relocation-Systems-international-moving-company-18x8.png 18w, https:\/\/moverdb.com\/wp-content\/uploads\/Atlantic-Relocation-Systems-international-moving-company-600x282.png 600w\" sizes=\"auto, (max-width: 1440px) 100vw, 1440px\" \/><\/p>\n<ul>\n<li>D\u00e9m\u00e9nagements locaux et longue distance<\/li>\n<li>D\u00e9m\u00e9nagements internationaux<\/li>\n<li>D\u00e9m\u00e9nagements de m\u00e9nages<\/li>\n<li>D\u00e9m\u00e9nagements de bureaux<\/li>\n<li>Coordinateur de relocalisation d\u00e9sign\u00e9<\/li>\n<li>Service d'emballage<\/li>\n<li>Fret routier, a\u00e9rien et maritime<\/li>\n<li>Assistance en mati\u00e8re de douane<\/li>\n<li>Traitement des \u0153uvres d'art<\/li>\n<li>Solutions de stockage<\/li>\n<\/ul>\n<p>Atlantic Relocation Systems est une entreprise de d\u00e9m\u00e9nagement qui propose des services de d\u00e9m\u00e9nagement international. Elle a \u00e9t\u00e9 cr\u00e9\u00e9e en 1984 et poss\u00e8de 13 sites, dont un \u00e0 Indianapolis. En tant que membre du groupe Atlas Van Lines, Atlantic Relocation Systems a acc\u00e8s \u00e0 un r\u00e9seau de transporteurs internationaux. <a href=\"https:\/\/moverdb.com\/fr\/moving-to-the-united-states\/\" data-internallinksmanager029f6b8e52c=\"94\" title=\"Vous partez aux \u00c9tats-Unis ? 2026 Co\u00fbt de la vie et conseils de relocalisation\">US<\/a> Ils disposent d'un r\u00e9seau international plus large pour les aider. Ils sont membres de l'IAM et ont 35 ans d'exp\u00e9rience.<\/p>\n<p>Atlantic Relocation Systems propose des services de d\u00e9m\u00e9nagement local et longue distance et fournit un devis gratuit \u00e0 domicile. Pour les d\u00e9m\u00e9nagements internationaux, ils mettent \u00e0 disposition un coordinateur de d\u00e9m\u00e9nagements internationaux pour g\u00e9rer votre d\u00e9m\u00e9nagement tout au long du processus. Ils proposent des services complets d'emballage, de transport et de documentation.<\/p>\n<p>Site web : <a href=\"http:\/\/www.atlanticrelocation.com\" target=\"_blank\" rel=\"noopener\">http:\/\/www.atlanticrelocation.com<\/a><\/p>\n<h2><span class=\"ez-toc-section\" id=\"3_Reindeer_Auto_Moving\"><\/span><strong>3. D\u00e9m\u00e9nagement de rennes<\/strong><span class=\"ez-toc-section-end\"><\/span><\/h2>\n<p><img loading=\"lazy\" decoding=\"async\" class=\"alignnone size-full wp-image-11420\" src=\"https:\/\/moverdb.com\/wp-content\/uploads\/Reindeer-Auto-Relocation-international-moving-company.png\" alt=\"Reindeer Auto Relocation entreprise de d\u00e9m\u00e9nagement international\" width=\"1440\" height=\"662\" data-wp-pid=\"11420\" srcset=\"https:\/\/moverdb.com\/wp-content\/uploads\/Reindeer-Auto-Relocation-international-moving-company.png 1440w, https:\/\/moverdb.com\/wp-content\/uploads\/Reindeer-Auto-Relocation-international-moving-company-300x138.png 300w, https:\/\/moverdb.com\/wp-content\/uploads\/Reindeer-Auto-Relocation-international-moving-company-1024x471.png 1024w, https:\/\/moverdb.com\/wp-content\/uploads\/Reindeer-Auto-Relocation-international-moving-company-18x8.png 18w, https:\/\/moverdb.com\/wp-content\/uploads\/Reindeer-Auto-Relocation-international-moving-company-600x276.png 600w\" sizes=\"auto, (max-width: 1440px) 100vw, 1440px\" \/><\/p>\n<ul>\n<li>Sp\u00e9cialiste de la relocalisation de v\u00e9hicules<\/li>\n<li>D\u00e9localisations nationales<\/li>\n<li>D\u00e9localisations internationales<\/li>\n<li>D\u00e9m\u00e9nagements individuels<\/li>\n<li>D\u00e9localisations d'entreprises<\/li>\n<li>Un service personnalis\u00e9<\/li>\n<li>Service porte-\u00e0-porte<\/li>\n<li>Transport s\u00e9curis\u00e9<\/li>\n<li>Service de suivi<\/li>\n<li>Assurance<\/li>\n<\/ul>\n<p>Reindeer Auto Moving est une entreprise de d\u00e9m\u00e9nagement et de fret nationale et internationale qui op\u00e8re depuis 1997 et qui est bas\u00e9e \u00e0 Zionsville. Elle dispose d'un vaste r\u00e9seau de transporteurs r\u00e9put\u00e9s et assur\u00e9s qui l'aident \u00e0 fournir ses services \u00e0 l'\u00e9chelle nationale et internationale. Ils sont membres de l'IAM et ont sept ans d'exp\u00e9rience.<\/p>\n<p>Reindeer Auto Moving propose un service personnalis\u00e9 de d\u00e9m\u00e9nagement de v\u00e9hicules en porte-\u00e0-porte. Ils prendront en charge et livreront votre v\u00e9hicule en toute s\u00e9curit\u00e9 jusqu'\u00e0 votre destination, tout en suivant l'\u00e9volution du processus tout au long de celui-ci. Les dates d'enl\u00e8vement et de livraison sont garanties et les options d'exp\u00e9dition sont ouvertes ou ferm\u00e9es.<\/p>\n<p>Site web : <a href=\"http:\/\/www.reindeerauto.com\" target=\"_blank\" rel=\"noopener\">http:\/\/www.reindeerauto.com<\/a><\/p>\n<h2><span class=\"ez-toc-section\" id=\"4_Wheaton_World_Wide_Moving\"><\/span><strong>4. Wheaton World Wide Moving<\/strong><span class=\"ez-toc-section-end\"><\/span><\/h2>\n<p><img loading=\"lazy\" decoding=\"async\" class=\"alignnone size-full wp-image-11478\" src=\"https:\/\/moverdb.com\/wp-content\/uploads\/Wheaton-World-Wide-Moving-international-moving-company.png\" alt=\"Wheaton World Wide Moving entreprise de d\u00e9m\u00e9nagement international\" width=\"1440\" height=\"677\" data-wp-pid=\"11478\" srcset=\"https:\/\/moverdb.com\/wp-content\/uploads\/Wheaton-World-Wide-Moving-international-moving-company.png 1440w, https:\/\/moverdb.com\/wp-content\/uploads\/Wheaton-World-Wide-Moving-international-moving-company-300x141.png 300w, https:\/\/moverdb.com\/wp-content\/uploads\/Wheaton-World-Wide-Moving-international-moving-company-1024x481.png 1024w, https:\/\/moverdb.com\/wp-content\/uploads\/Wheaton-World-Wide-Moving-international-moving-company-18x8.png 18w, https:\/\/moverdb.com\/wp-content\/uploads\/Wheaton-World-Wide-Moving-international-moving-company-600x282.png 600w\" sizes=\"auto, (max-width: 1440px) 100vw, 1440px\" \/><\/p>\n<ul>\n<li>D\u00e9m\u00e9nagements locaux et longue distance<\/li>\n<li>D\u00e9m\u00e9nagements internationaux<\/li>\n<li>D\u00e9m\u00e9nagements de m\u00e9nages<\/li>\n<li>D\u00e9m\u00e9nagements commerciaux<\/li>\n<li>D\u00e9localisations d'entreprises<\/li>\n<li>Services d'emballage<\/li>\n<li>Organisation du transport<\/li>\n<li><a href=\"https:\/\/moverdb.com\/fr\/car-transport-shipping\/\" data-internallinksmanager029f6b8e52c=\"2\" title=\"2026 Devis pour le transport international de voitures et l&#039;exp\u00e9dition de v\u00e9hicules\">Exp\u00e9dition de v\u00e9hicules<\/a><\/li>\n<li>Plans de protection<\/li>\n<li>Stockage \u00e0 court et \u00e0 long terme<\/li>\n<\/ul>\n<p>Wheaton World Wide Moving est une soci\u00e9t\u00e9 de d\u00e9m\u00e9nagement international cr\u00e9\u00e9e en 1945 et bas\u00e9e \u00e0 Indianapolis. Elle op\u00e8re par l'interm\u00e9diaire d'un r\u00e9seau d'agents qui couvre les \u00c9tats-Unis et qui a \u00e9t\u00e9 contr\u00f4l\u00e9 pour s'assurer qu'il r\u00e9pond \u00e0 des normes \u00e9lev\u00e9es. Elle est membre de l'IAM et compte 78 ans d'exp\u00e9rience.<\/p>\n<p>Wheaton World Wide Moving est une entreprise de d\u00e9m\u00e9nagement \u00e0 service complet qui affecte un responsable d\u00e9di\u00e9 au d\u00e9m\u00e9nagement. Tout commence par un devis \u00e0 domicile ou virtuel afin d'\u00e9tablir le volume de votre d\u00e9m\u00e9nagement. L'entreprise propose un service d'emballage qui peut concerner tous vos objets ou seulement les objets fragiles et d\u00e9licats.<\/p>\n<p>Site web : <a href=\"http:\/\/www.wheatonworldwide.com\" target=\"_blank\" rel=\"noopener\">http:\/\/www.wheatonworldwide.com<\/a><\/p>\n<h2><span class=\"ez-toc-section\" id=\"5_Wickman_Worldwide_Services\"><\/span><strong>5. Wickman Worldwide Services<\/strong><span class=\"ez-toc-section-end\"><\/span><\/h2>\n<p><img loading=\"lazy\" decoding=\"async\" class=\"alignnone size-full wp-image-11479\" src=\"https:\/\/moverdb.com\/wp-content\/uploads\/Wickman-Worldwide-Services-international-moving-company.png\" alt=\"Wickman Worldwide Services soci\u00e9t\u00e9 de d\u00e9m\u00e9nagement international\" width=\"1440\" height=\"675\" data-wp-pid=\"11479\" srcset=\"https:\/\/moverdb.com\/wp-content\/uploads\/Wickman-Worldwide-Services-international-moving-company.png 1440w, https:\/\/moverdb.com\/wp-content\/uploads\/Wickman-Worldwide-Services-international-moving-company-300x141.png 300w, https:\/\/moverdb.com\/wp-content\/uploads\/Wickman-Worldwide-Services-international-moving-company-1024x480.png 1024w, https:\/\/moverdb.com\/wp-content\/uploads\/Wickman-Worldwide-Services-international-moving-company-18x8.png 18w, https:\/\/moverdb.com\/wp-content\/uploads\/Wickman-Worldwide-Services-international-moving-company-600x281.png 600w\" sizes=\"auto, (max-width: 1440px) 100vw, 1440px\" \/><\/p>\n<ul>\n<li>D\u00e9m\u00e9nagements internationaux<\/li>\n<li>D\u00e9m\u00e9nagements de m\u00e9nages<\/li>\n<li>Enqu\u00eate pr\u00e9alable au d\u00e9m\u00e9nagement<\/li>\n<li>Service d'emballage professionnel<\/li>\n<li>Transport routier, ferroviaire, maritime et a\u00e9rien<\/li>\n<li>D\u00e9douanement<\/li>\n<li>Exp\u00e9dition de v\u00e9hicules<\/li>\n<li>Services de tiers en option<\/li>\n<li>Assurance<\/li>\n<li>Stockage s\u00e9curis\u00e9<\/li>\n<\/ul>\n<p>Wickman Worldwide Services est une soci\u00e9t\u00e9 de d\u00e9m\u00e9nagements internationaux et d'assistance technique. <a href=\"https:\/\/moverdb.com\/fr\/shipping-companies\/\" data-internallinksmanager029f6b8e52c=\"4\" title=\"Les 10 meilleures soci\u00e9t\u00e9s internationales d&#039;exp\u00e9dition de conteneurs\">compagnie de navigation<\/a> fond\u00e9e en 1997 et dont le si\u00e8ge se trouve \u00e0 Indianapolis. Elle dispose d'un r\u00e9seau d'agences qui s'\u00e9tend sur plus de 150 pays, ce qui lui permet de r\u00e9aliser des relocalisations dans le monde entier. Elle est membre de l'IAM et compte 26 ans d'exp\u00e9rience.<\/p>\n<p>Wickman Worldwide Services propose une \u00e9tude pr\u00e9alable au d\u00e9m\u00e9nagement afin de proc\u00e9der \u00e0 une \u00e9valuation d\u00e9taill\u00e9e de vos besoins et d'\u00e9tablir un devis personnalis\u00e9. Ils offrent un service d'emballage professionnel avec des d\u00e9m\u00e9nageurs qualifi\u00e9s et assur\u00e9s qui emballeront vos biens en toute s\u00e9curit\u00e9 pour le d\u00e9m\u00e9nagement. Ils organiseront le transport par camion, train, bateau ou avion avec d\u00e9douanement et, \u00e0 l'arriv\u00e9e, ils d\u00e9balleront et assembleront les meubles.<\/p>\n<p>Site web : <a href=\"http:\/\/wickmanworldwide.com\" target=\"_blank\" rel=\"noopener\">http:\/\/wickmanworldwide.com<\/a><\/p>","protected":false},"excerpt":{"rendered":"<p>Moving can be a stressful time with so many things to juggle. This is why many people enlist the help of a moving company as they can manage the move, pack, transport your belongings and sort out customs processes if moving internationally. Below we have compiled a list of Indiana based removal companies that are [&hellip;]<\/p>\n","protected":false},"author":4,"featured_media":11263,"parent":190,"menu_order":0,"comment_status":"closed","ping_status":"closed","template":"","meta":{"_genesis_hide_title":false,"_genesis_hide_breadcrumbs":false,"_genesis_hide_singular_image":false,"_genesis_hide_footer_widgets":false,"_genesis_custom_body_class":"","_genesis_custom_post_class":"","_genesis_layout":"","footnotes":""},"class_list":{"0":"post-11600","1":"page","2":"type-page","3":"status-publish","4":"has-post-thumbnail","6":"entry"},"_links":{"self":[{"href":"https:\/\/moverdb.com\/fr\/wp-json\/wp\/v2\/pages\/11600","targetHints":{"allow":["GET"]}}],"collection":[{"href":"https:\/\/moverdb.com\/fr\/wp-json\/wp\/v2\/pages"}],"about":[{"href":"https:\/\/moverdb.com\/fr\/wp-json\/wp\/v2\/types\/page"}],"author":[{"embeddable":true,"href":"https:\/\/moverdb.com\/fr\/wp-json\/wp\/v2\/users\/4"}],"replies":[{"embeddable":true,"href":"https:\/\/moverdb.com\/fr\/wp-json\/wp\/v2\/comments?post=11600"}],"version-history":[{"count":1,"href":"https:\/\/moverdb.com\/fr\/wp-json\/wp\/v2\/pages\/11600\/revisions"}],"predecessor-version":[{"id":11601,"href":"https:\/\/moverdb.com\/fr\/wp-json\/wp\/v2\/pages\/11600\/revisions\/11601"}],"up":[{"embeddable":true,"href":"https:\/\/moverdb.com\/fr\/wp-json\/wp\/v2\/pages\/190"}],"wp:featuredmedia":[{"embeddable":true,"href":"https:\/\/moverdb.com\/fr\/wp-json\/wp\/v2\/media\/11263"}],"wp:attachment":[{"href":"https:\/\/moverdb.com\/fr\/wp-json\/wp\/v2\/media?parent=11600"}],"curies":[{"name":"wp","href":"https:\/\/api.w.org\/{rel}","templated":true}]}}