{"id":11574,"date":"2023-11-29T10:39:50","date_gmt":"2023-11-29T10:39:50","guid":{"rendered":"https:\/\/moverdb.com\/?page_id=11574"},"modified":"2026-01-08T15:24:45","modified_gmt":"2026-01-08T15:24:45","slug":"moving-companies-in-honolulu-usa","status":"publish","type":"page","link":"https:\/\/moverdb.com\/fr\/moving-companies\/moving-companies-in-honolulu-usa\/","title":{"rendered":"4 Meilleures entreprises de d\u00e9m\u00e9nagements internationaux \u00e0 Honolulu"},"content":{"rendered":"<p>La planification d'un d\u00e9m\u00e9nagement local ou \u00e0 longue distance peut s'av\u00e9rer compliqu\u00e9e et stressante. <a href=\"https:\/\/moverdb.com\/fr\/moving-companies\/\" data-internallinksmanager029f6b8e52c=\"79\" title=\"Les 25 meilleures soci\u00e9t\u00e9s de d\u00e9m\u00e9nagement international en ligne\">soci\u00e9t\u00e9 de d\u00e9m\u00e9nagement<\/a> Les personnes qui souhaitent assumer une partie de ces fonctions peuvent \u00eatre tr\u00e8s utiles. Nous avons dress\u00e9 ci-dessous une liste d'entreprises bas\u00e9es \u00e0 Honolulu. <a href=\"https:\/\/moverdb.com\/fr\/international-removals\/\" data-internallinksmanager029f6b8e52c=\"27\" title=\"36 meilleures entreprises de d\u00e9m\u00e9nagements internationaux au Royaume-Uni\">entreprises de d\u00e9m\u00e9nagement<\/a> qui sont membres de la <a href=\"https:\/\/moverdb.com\/fr\/iam\/\" data-internallinksmanager029f6b8e52c=\"23\" title=\"L&#039;Association internationale des d\u00e9m\u00e9nageurs (IAM) expliqu\u00e9e\">Association internationale des d\u00e9m\u00e9nageurs<\/a> (IAM) et\/ou <a href=\"https:\/\/moverdb.com\/fr\/fidi-faim\/\" data-internallinksmanager029f6b8e52c=\"16\" title=\"Explication de la FIDI et du FAIM (FIDI Accredited International Mover)\">FIDI<\/a> D\u00e9m\u00e9nageur international accr\u00e9dit\u00e9 (FAIM) qui pourrait vous aider dans votre d\u00e9m\u00e9nagement.<\/p>\n<div id=\"ez-toc-container\" class=\"ez-toc-v2_0_82_2 ez-toc-wrap-left counter-hierarchy ez-toc-counter ez-toc-transparent ez-toc-container-direction\">\n<div class=\"ez-toc-title-container\">\n<p class=\"ez-toc-title\" style=\"cursor:inherit\">Sections<\/p>\n<span class=\"ez-toc-title-toggle\"><a href=\"#\" class=\"ez-toc-pull-right ez-toc-btn ez-toc-btn-xs ez-toc-btn-default ez-toc-toggle\" aria-label=\"Toggle Table des mati\u00e8res\"><span class=\"ez-toc-js-icon-con\"><span class=\"\"><span class=\"eztoc-hide\" style=\"display:none;\">Toggle<\/span><span class=\"ez-toc-icon-toggle-span\"><svg style=\"fill: #999;color:#999\" xmlns=\"http:\/\/www.w3.org\/2000\/svg\" class=\"list-377408\" width=\"20px\" height=\"20px\" viewbox=\"0 0 24 24\" fill=\"none\"><path d=\"M6 6H4v2h2V6zm14 0H8v2h12V6zM4 11h2v2H4v-2zm16 0H8v2h12v-2zM4 16h2v2H4v-2zm16 0H8v2h12v-2z\" fill=\"currentColor\"><\/path><\/svg><svg style=\"fill: #999;color:#999\" class=\"arrow-unsorted-368013\" xmlns=\"http:\/\/www.w3.org\/2000\/svg\" width=\"10px\" height=\"10px\" viewbox=\"0 0 24 24\" version=\"1.2\" baseprofile=\"tiny\"><path d=\"M18.2 9.3l-6.2-6.3-6.2 6.3c-.2.2-.3.4-.3.7s.1.5.3.7c.2.2.4.3.7.3h11c.3 0 .5-.1.7-.3.2-.2.3-.5.3-.7s-.1-.5-.3-.7zM5.8 14.7l6.2 6.3 6.2-6.3c.2-.2.3-.5.3-.7s-.1-.5-.3-.7c-.2-.2-.4-.3-.7-.3h-11c-.3 0-.5.1-.7.3-.2.2-.3.5-.3.7s.1.5.3.7z\"\/><\/svg><\/span><\/span><\/span><\/a><\/span><\/div>\n<nav><ul class='ez-toc-list ez-toc-list-level-1 eztoc-toggle-hide-by-default' ><li class='ez-toc-page-1 ez-toc-heading-level-2'><a class=\"ez-toc-link ez-toc-heading-1\" href=\"https:\/\/moverdb.com\/fr\/moving-companies\/moving-companies-in-honolulu-usa\/#1_Island_Movers\" >1. D\u00e9m\u00e9nageurs de l'\u00eele<\/a><\/li><li class='ez-toc-page-1 ez-toc-heading-level-2'><a class=\"ez-toc-link ez-toc-heading-2\" href=\"https:\/\/moverdb.com\/fr\/moving-companies\/moving-companies-in-honolulu-usa\/#2_Royal_Hawaiian_Movers\" >2. D\u00e9m\u00e9nagements Royal Hawaiian<\/a><\/li><li class='ez-toc-page-1 ez-toc-heading-level-2'><a class=\"ez-toc-link ez-toc-heading-3\" href=\"https:\/\/moverdb.com\/fr\/moving-companies\/moving-companies-in-honolulu-usa\/#3_WestPac_International\" >3. WestPac International<\/a><\/li><li class='ez-toc-page-1 ez-toc-heading-level-2'><a class=\"ez-toc-link ez-toc-heading-4\" href=\"https:\/\/moverdb.com\/fr\/moving-companies\/moving-companies-in-honolulu-usa\/#4_World_Wide_Movers_Inc\" >4. World Wide Movers Inc<\/a><\/li><\/ul><\/nav><\/div>\n<h2><span class=\"ez-toc-section\" id=\"1_Island_Movers\"><\/span><strong>1. D\u00e9m\u00e9nageurs de l'\u00eele<\/strong><span class=\"ez-toc-section-end\"><\/span><\/h2>\n<p><img loading=\"lazy\" decoding=\"async\" class=\"alignnone size-full wp-image-11354\" src=\"https:\/\/moverdb.com\/wp-content\/uploads\/Island-Movers-international-moving-company.png\" alt=\"Island Movers entreprise de d\u00e9m\u00e9nagements internationaux\" width=\"1440\" height=\"676\" data-wp-pid=\"11354\" srcset=\"https:\/\/moverdb.com\/wp-content\/uploads\/Island-Movers-international-moving-company.png 1440w, https:\/\/moverdb.com\/wp-content\/uploads\/Island-Movers-international-moving-company-300x141.png 300w, https:\/\/moverdb.com\/wp-content\/uploads\/Island-Movers-international-moving-company-1024x481.png 1024w, https:\/\/moverdb.com\/wp-content\/uploads\/Island-Movers-international-moving-company-18x8.png 18w, https:\/\/moverdb.com\/wp-content\/uploads\/Island-Movers-international-moving-company-600x282.png 600w\" sizes=\"auto, (max-width: 1440px) 100vw, 1440px\" \/><\/p>\n<ul>\n<li>D\u00e9m\u00e9nagements locaux et nationaux<\/li>\n<li>D\u00e9m\u00e9nagements internationaux<\/li>\n<li>D\u00e9m\u00e9nagements r\u00e9sidentiels<\/li>\n<li>Mouvements de l'entreprise<\/li>\n<li>Gestion des d\u00e9m\u00e9nagements<\/li>\n<li>Porte-\u00e0-porte ou porte-\u00e0-porte<a href=\"https:\/\/moverdb.com\/fr\/top-49-container-ports\/\" data-internallinksmanager029f6b8e52c=\"80\" title=\"Les 49 ports \u00e0 conteneurs les plus importants et les plus fr\u00e9quent\u00e9s en 2025\">port<\/a> service<\/li>\n<li>Devis gratuit<\/li>\n<li>Options de service d'emballage<\/li>\n<li>Organisation du transport<\/li>\n<li>Stockage \u00e0 court et \u00e0 long terme<\/li>\n<\/ul>\n<p>Island Movers est une soci\u00e9t\u00e9 de d\u00e9m\u00e9nagement et d'exp\u00e9dition de fret cr\u00e9\u00e9e en 1958 et bas\u00e9e \u00e0 Honolulu. Elle travaille avec des agents partenaires dans le monde entier pour fournir des services de d\u00e9m\u00e9nagement \u00e0 l'\u00e9chelle mondiale \u00e0 destination ou en provenance de <a href=\"https:\/\/moverdb.com\/fr\/moving-to-the-united-states\/moving-to-hawaii\/\" data-internallinksmanager029f6b8e52c=\"403\" title=\"Vous d\u00e9m\u00e9nagez \u00e0 Hawa\u00ef ? 2026 Co\u00fbts de la vie et conseils de relocalisation\">Hawa\u00ef<\/a>. Ils sont membres de l'AIM et ont 65 ans d'exp\u00e9rience.<\/p>\n<p>Island Movers propose des services de d\u00e9m\u00e9nagement pour la partie hawa\u00efenne de votre d\u00e9m\u00e9nagement et travaille avec des partenaires ou avec l'entreprise de d\u00e9m\u00e9nagement que vous avez choisie \u00e0 votre emplacement actuel pour coordonner votre d\u00e9m\u00e9nagement. Pour les d\u00e9m\u00e9nagements \u00e0 Hawa\u00ef, ils proposent des services d'emballage, ou vous pouvez faire vos propres emballages. Ils offrent des solutions de stockage \u00e0 Hawaii avec l'option de stockage \u00e0 long terme ou \u00e0 court terme dans des entrep\u00f4ts s\u00e9curis\u00e9s ou des conteneurs de 20' ou 40'.<\/p>\n<p>Site web : <a href=\"https:\/\/www.islandmovers.com\/\" target=\"_blank\" rel=\"noopener\">https:\/\/www.islandmovers.com\/<\/a><\/p>\n<h2><span class=\"ez-toc-section\" id=\"2_Royal_Hawaiian_Movers\"><\/span><strong>2. D\u00e9m\u00e9nagements Royal Hawaiian<\/strong><span class=\"ez-toc-section-end\"><\/span><\/h2>\n<p><img loading=\"lazy\" decoding=\"async\" class=\"alignnone size-full wp-image-11429\" src=\"https:\/\/moverdb.com\/wp-content\/uploads\/Royal-Hawaiian-Movers-international-moving-company.png\" alt=\"Royal Hawaiian Movers soci\u00e9t\u00e9 de d\u00e9m\u00e9nagement international\" width=\"1440\" height=\"683\" data-wp-pid=\"11429\" srcset=\"https:\/\/moverdb.com\/wp-content\/uploads\/Royal-Hawaiian-Movers-international-moving-company.png 1440w, https:\/\/moverdb.com\/wp-content\/uploads\/Royal-Hawaiian-Movers-international-moving-company-300x142.png 300w, https:\/\/moverdb.com\/wp-content\/uploads\/Royal-Hawaiian-Movers-international-moving-company-1024x486.png 1024w, https:\/\/moverdb.com\/wp-content\/uploads\/Royal-Hawaiian-Movers-international-moving-company-18x9.png 18w, https:\/\/moverdb.com\/wp-content\/uploads\/Royal-Hawaiian-Movers-international-moving-company-600x285.png 600w\" sizes=\"auto, (max-width: 1440px) 100vw, 1440px\" \/><\/p>\n<ul>\n<li>D\u00e9m\u00e9nagements locaux et nationaux<\/li>\n<li>D\u00e9m\u00e9nagements internationaux<\/li>\n<li>D\u00e9m\u00e9nagements de m\u00e9nages<\/li>\n<li>D\u00e9localisations d'entreprises<\/li>\n<li>Services personnalis\u00e9s<\/li>\n<li>Service d'emballage<\/li>\n<li>Organisation du transport<\/li>\n<li>Soutien douanier<\/li>\n<li>Transport de v\u00e9hicules<\/li>\n<li>Installations de stockage<\/li>\n<\/ul>\n<p>Royal Hawaiian Movers est une soci\u00e9t\u00e9 de d\u00e9m\u00e9nagement et de transport fond\u00e9e en 1982 et disposant de bureaux \u00e0 Honolulu, Kahului, Keaau, Kailua et Lihue. Elle fait partie de la famille The DeWitt Companies qui dispose d'un r\u00e9seau int\u00e9gr\u00e9 de services de d\u00e9m\u00e9nagement et de stockage. Elle est membre de l'IAM et compte 41 ans d'exp\u00e9rience.<\/p>\n<p>Royal Hawaiian Movers propose un service d'\u00e9tude et de planification pr\u00e9alable au d\u00e9m\u00e9nagement, en personne ou virtuellement, afin d'organiser votre d\u00e9m\u00e9nagement de porte \u00e0 porte ou de port \u00e0 port. Ils fournissent un service personnalis\u00e9 adapt\u00e9 \u00e0 vos besoins et vous aideront dans tous les aspects de votre d\u00e9m\u00e9nagement, y compris l'emballage de vos biens, le d\u00e9chargement et le r\u00e9assemblage de votre maison, le transport et les conseils en mati\u00e8re de coutumes et de culture.<\/p>\n<p>Site web : <a href=\"https:\/\/www.royalhawaiianmovers.com\/\" target=\"_blank\" rel=\"noopener\">https:\/\/www.royalhawaiianmovers.com\/<\/a><\/p>\n<h2><span class=\"ez-toc-section\" id=\"3_WestPac_International\"><\/span><strong>3. WestPac International<\/strong><span class=\"ez-toc-section-end\"><\/span><\/h2>\n<p><img loading=\"lazy\" decoding=\"async\" class=\"alignnone size-full wp-image-11477\" src=\"https:\/\/moverdb.com\/wp-content\/uploads\/WestPac-International-moving-company.png\" alt=\"WestPac International entreprise de d\u00e9m\u00e9nagement\" width=\"1440\" height=\"682\" data-wp-pid=\"11477\" srcset=\"https:\/\/moverdb.com\/wp-content\/uploads\/WestPac-International-moving-company.png 1440w, https:\/\/moverdb.com\/wp-content\/uploads\/WestPac-International-moving-company-300x142.png 300w, https:\/\/moverdb.com\/wp-content\/uploads\/WestPac-International-moving-company-1024x485.png 1024w, https:\/\/moverdb.com\/wp-content\/uploads\/WestPac-International-moving-company-18x9.png 18w, https:\/\/moverdb.com\/wp-content\/uploads\/WestPac-International-moving-company-600x284.png 600w\" sizes=\"auto, (max-width: 1440px) 100vw, 1440px\" \/><\/p>\n<ul>\n<li>D\u00e9m\u00e9nagements locaux et nationaux<\/li>\n<li>D\u00e9m\u00e9nagements internationaux<\/li>\n<li>D\u00e9m\u00e9nagements r\u00e9sidentiels<\/li>\n<li>D\u00e9m\u00e9nagement de bureaux<\/li>\n<li>Service porte-\u00e0-porte<\/li>\n<li>Emballage et mise en caisse<\/li>\n<li>Mat\u00e9riaux d'emballage de haute qualit\u00e9<\/li>\n<li>Organisation du transport<\/li>\n<li>Assurance<\/li>\n<li>Stockage s\u00e9curis\u00e9 \u00e0 court et \u00e0 long terme<\/li>\n<\/ul>\n<p>WestPac International est une entreprise de d\u00e9m\u00e9nagement international qui a plus de 25 ans d'exp\u00e9rience et qui est bas\u00e9e \u00e0 Honolulu. Elle est membre de l'IAM avec 23 ans d'exp\u00e9rience, ce qui lui donne acc\u00e8s \u00e0 un r\u00e9seau international d'entreprises de d\u00e9m\u00e9nagement qui peuvent l'aider \u00e0 fournir des services de d\u00e9m\u00e9nagement dans le monde entier.<\/p>\n<p>WestPac International propose un devis gratuit et cherchera la meilleure option et le meilleur prix pour votre d\u00e9m\u00e9nagement. Elle propose un service d'emballage et de mise en caisse qui utilise des mat\u00e9riaux de d\u00e9m\u00e9nagement de haute qualit\u00e9, ou vous pouvez emballer vous-m\u00eame vos biens avec les mat\u00e9riaux d'emballage fournis. Ils se chargeront du transport de vos biens jusqu'\u00e0 votre destination et vous fourniront une couverture d'assurance.<\/p>\n<p>Site web : <a href=\"https:\/\/www.westpacinternational.com\/\" target=\"_blank\" rel=\"noopener\">https:\/\/www.westpacinternational.com\/<\/a><\/p>\n<h2><span class=\"ez-toc-section\" id=\"4_World_Wide_Movers_Inc\"><\/span><strong>4. World Wide Movers Inc<\/strong><span class=\"ez-toc-section-end\"><\/span><\/h2>\n<p><img loading=\"lazy\" decoding=\"async\" class=\"alignnone size-full wp-image-11480\" src=\"https:\/\/moverdb.com\/wp-content\/uploads\/World-Wide-Movers-Inc-international-moving-company.png\" alt=\"World Wide Movers Inc soci\u00e9t\u00e9 de d\u00e9m\u00e9nagement international\" width=\"1440\" height=\"678\" data-wp-pid=\"11480\" srcset=\"https:\/\/moverdb.com\/wp-content\/uploads\/World-Wide-Movers-Inc-international-moving-company.png 1440w, https:\/\/moverdb.com\/wp-content\/uploads\/World-Wide-Movers-Inc-international-moving-company-300x141.png 300w, https:\/\/moverdb.com\/wp-content\/uploads\/World-Wide-Movers-Inc-international-moving-company-1024x482.png 1024w, https:\/\/moverdb.com\/wp-content\/uploads\/World-Wide-Movers-Inc-international-moving-company-18x8.png 18w, https:\/\/moverdb.com\/wp-content\/uploads\/World-Wide-Movers-Inc-international-moving-company-600x283.png 600w\" sizes=\"auto, (max-width: 1440px) 100vw, 1440px\" \/><\/p>\n<ul>\n<li>D\u00e9m\u00e9nagements locaux et nationaux<\/li>\n<li>D\u00e9localisations internationales<\/li>\n<li>D\u00e9m\u00e9nagements r\u00e9sidentiels<\/li>\n<li>D\u00e9localisations d'entreprises<\/li>\n<li>Plan de d\u00e9m\u00e9nagement personnalis\u00e9<\/li>\n<li>Service d'emballage<\/li>\n<li>Organisation du transport<\/li>\n<li><a href=\"https:\/\/moverdb.com\/fr\/car-transport-shipping\/\" data-internallinksmanager029f6b8e52c=\"2\" title=\"2026 Devis pour le transport international de voitures et l&#039;exp\u00e9dition de v\u00e9hicules\">Transport de v\u00e9hicules<\/a><\/li>\n<li>Assurance<\/li>\n<li>Installations de stockage<\/li>\n<\/ul>\n<p>World Wide Movers Inc est une entreprise de d\u00e9m\u00e9nagement et de stockage cr\u00e9\u00e9e en 1963 et bas\u00e9e \u00e0 Honolulu. Elle est un agent de United Van Lines, Mayflower Transit et UniGroup. Elle est membre de l'IAM et compte 60 ans d'exp\u00e9rience.<\/p>\n<p>World Wide Movers Inc propose un devis gratuit et \u00e9tablira un plan de d\u00e9m\u00e9nagement personnalis\u00e9 pour r\u00e9pondre \u00e0 vos besoins, \u00e0 votre emploi du temps et \u00e0 votre budget. Ils proposent des options d'emballage pour vous donner une certaine flexibilit\u00e9 quant \u00e0 votre participation au d\u00e9m\u00e9nagement - service d'emballage complet, emballage fragile et emballage \u00e0 faire soi-m\u00eame. Leur \u00e9quipe de d\u00e9m\u00e9nageurs professionnels utilise des mat\u00e9riaux et des m\u00e9thodes conformes aux normes industrielles pour prot\u00e9ger les objets et peut fournir des caisses personnalis\u00e9es.<\/p>\n<p>Site web : <a href=\"https:\/\/world-widemovers.com\/honolulu-hawaii-moving-company\/\" target=\"_blank\" rel=\"noopener\">https:\/\/world-widemovers.com\/honolulu-hawaii-moving-company\/<\/a><\/p>","protected":false},"excerpt":{"rendered":"<p>Planning a move locally or long distance can be complicated and stressful so involving a moving company to take on some of the roles can really help. Below we have compiled a list of Honolulu based removal companies that are members of the International Association of Movers (IAM) and\/or FIDI Accredited International Mover (FAIM) who [&hellip;]<\/p>\n","protected":false},"author":4,"featured_media":11354,"parent":190,"menu_order":0,"comment_status":"closed","ping_status":"closed","template":"","meta":{"_genesis_hide_title":false,"_genesis_hide_breadcrumbs":false,"_genesis_hide_singular_image":false,"_genesis_hide_footer_widgets":false,"_genesis_custom_body_class":"","_genesis_custom_post_class":"","_genesis_layout":"","footnotes":""},"class_list":{"0":"post-11574","1":"page","2":"type-page","3":"status-publish","4":"has-post-thumbnail","6":"entry"},"_links":{"self":[{"href":"https:\/\/moverdb.com\/fr\/wp-json\/wp\/v2\/pages\/11574","targetHints":{"allow":["GET"]}}],"collection":[{"href":"https:\/\/moverdb.com\/fr\/wp-json\/wp\/v2\/pages"}],"about":[{"href":"https:\/\/moverdb.com\/fr\/wp-json\/wp\/v2\/types\/page"}],"author":[{"embeddable":true,"href":"https:\/\/moverdb.com\/fr\/wp-json\/wp\/v2\/users\/4"}],"replies":[{"embeddable":true,"href":"https:\/\/moverdb.com\/fr\/wp-json\/wp\/v2\/comments?post=11574"}],"version-history":[{"count":1,"href":"https:\/\/moverdb.com\/fr\/wp-json\/wp\/v2\/pages\/11574\/revisions"}],"predecessor-version":[{"id":11575,"href":"https:\/\/moverdb.com\/fr\/wp-json\/wp\/v2\/pages\/11574\/revisions\/11575"}],"up":[{"embeddable":true,"href":"https:\/\/moverdb.com\/fr\/wp-json\/wp\/v2\/pages\/190"}],"wp:featuredmedia":[{"embeddable":true,"href":"https:\/\/moverdb.com\/fr\/wp-json\/wp\/v2\/media\/11354"}],"wp:attachment":[{"href":"https:\/\/moverdb.com\/fr\/wp-json\/wp\/v2\/media?parent=11574"}],"curies":[{"name":"wp","href":"https:\/\/api.w.org\/{rel}","templated":true}]}}