{"id":11571,"date":"2023-11-29T10:40:47","date_gmt":"2023-11-29T10:40:47","guid":{"rendered":"https:\/\/moverdb.com\/?page_id=11571"},"modified":"2026-01-08T15:24:44","modified_gmt":"2026-01-08T15:24:44","slug":"moving-companies-us-hawaii","status":"publish","type":"page","link":"https:\/\/moverdb.com\/fr\/moving-companies\/moving-companies-us-hawaii\/","title":{"rendered":"4 Meilleures entreprises de d\u00e9m\u00e9nagements internationaux \u00e0 Hawaii"},"content":{"rendered":"<p>Envisagez-vous de d\u00e9m\u00e9nager \u00e0 l'int\u00e9rieur, \u00e0 l'ext\u00e9rieur ou \u00e0 l'int\u00e9rieur d'un pays ? <a href=\"https:\/\/moverdb.com\/fr\/moving-to-the-united-states\/moving-to-hawaii\/\" data-internallinksmanager029f6b8e52c=\"403\" title=\"Vous d\u00e9m\u00e9nagez \u00e0 Hawa\u00ef ? 2026 Co\u00fbts de la vie et conseils de relocalisation\">Hawa\u00ef<\/a>? Obtenir un <a href=\"https:\/\/moverdb.com\/fr\/moving-companies\/\" data-internallinksmanager029f6b8e52c=\"79\" title=\"Les 25 meilleures soci\u00e9t\u00e9s de d\u00e9m\u00e9nagement international en ligne\">soci\u00e9t\u00e9 de d\u00e9m\u00e9nagement<\/a> Les agences de voyage hawa\u00efennes qui vous aideront \u00e0 organiser, emballer, transporter et r\u00e9gler les formalit\u00e9s douani\u00e8res peuvent vous aider \u00e0 faciliter votre d\u00e9m\u00e9nagement. Nous avons dress\u00e9 ci-dessous une liste de Hawa\u00efens <a href=\"https:\/\/moverdb.com\/fr\/international-removals\/\" data-internallinksmanager029f6b8e52c=\"27\" title=\"36 meilleures entreprises de d\u00e9m\u00e9nagements internationaux au Royaume-Uni\">entreprises de d\u00e9m\u00e9nagement<\/a> qui sont membres de la <a href=\"https:\/\/moverdb.com\/fr\/iam\/\" data-internallinksmanager029f6b8e52c=\"23\" title=\"L&#039;Association internationale des d\u00e9m\u00e9nageurs (IAM) expliqu\u00e9e\">Association internationale des d\u00e9m\u00e9nageurs<\/a> (IAM) et\/ou <a href=\"https:\/\/moverdb.com\/fr\/fidi-faim\/\" data-internallinksmanager029f6b8e52c=\"16\" title=\"Explication de la FIDI et du FAIM (FIDI Accredited International Mover)\">FIDI<\/a> D\u00e9m\u00e9nageur international accr\u00e9dit\u00e9 (FAIM) qui pourrait vous aider dans votre d\u00e9m\u00e9nagement.<\/p>\n<div id=\"ez-toc-container\" class=\"ez-toc-v2_0_82_2 ez-toc-wrap-left counter-hierarchy ez-toc-counter ez-toc-transparent ez-toc-container-direction\">\n<div class=\"ez-toc-title-container\">\n<p class=\"ez-toc-title\" style=\"cursor:inherit\">Sections<\/p>\n<span class=\"ez-toc-title-toggle\"><a href=\"#\" class=\"ez-toc-pull-right ez-toc-btn ez-toc-btn-xs ez-toc-btn-default ez-toc-toggle\" aria-label=\"Toggle Table des mati\u00e8res\"><span class=\"ez-toc-js-icon-con\"><span class=\"\"><span class=\"eztoc-hide\" style=\"display:none;\">Toggle<\/span><span class=\"ez-toc-icon-toggle-span\"><svg style=\"fill: #999;color:#999\" xmlns=\"http:\/\/www.w3.org\/2000\/svg\" class=\"list-377408\" width=\"20px\" height=\"20px\" viewbox=\"0 0 24 24\" fill=\"none\"><path d=\"M6 6H4v2h2V6zm14 0H8v2h12V6zM4 11h2v2H4v-2zm16 0H8v2h12v-2zM4 16h2v2H4v-2zm16 0H8v2h12v-2z\" fill=\"currentColor\"><\/path><\/svg><svg style=\"fill: #999;color:#999\" class=\"arrow-unsorted-368013\" xmlns=\"http:\/\/www.w3.org\/2000\/svg\" width=\"10px\" height=\"10px\" viewbox=\"0 0 24 24\" version=\"1.2\" baseprofile=\"tiny\"><path d=\"M18.2 9.3l-6.2-6.3-6.2 6.3c-.2.2-.3.4-.3.7s.1.5.3.7c.2.2.4.3.7.3h11c.3 0 .5-.1.7-.3.2-.2.3-.5.3-.7s-.1-.5-.3-.7zM5.8 14.7l6.2 6.3 6.2-6.3c.2-.2.3-.5.3-.7s-.1-.5-.3-.7c-.2-.2-.4-.3-.7-.3h-11c-.3 0-.5.1-.7.3-.2.2-.3.5-.3.7s.1.5.3.7z\"\/><\/svg><\/span><\/span><\/span><\/a><\/span><\/div>\n<nav><ul class='ez-toc-list ez-toc-list-level-1 eztoc-toggle-hide-by-default' ><li class='ez-toc-page-1 ez-toc-heading-level-2'><a class=\"ez-toc-link ez-toc-heading-1\" href=\"https:\/\/moverdb.com\/fr\/moving-companies\/moving-companies-us-hawaii\/#1_Aloha_International_Moving_Services\" >1. Aloha International Moving Services<\/a><\/li><li class='ez-toc-page-1 ez-toc-heading-level-2'><a class=\"ez-toc-link ez-toc-heading-2\" href=\"https:\/\/moverdb.com\/fr\/moving-companies\/moving-companies-us-hawaii\/#2_Crown_World_Mobility\" >2. Crown World Mobility<\/a><\/li><li class='ez-toc-page-1 ez-toc-heading-level-2'><a class=\"ez-toc-link ez-toc-heading-3\" href=\"https:\/\/moverdb.com\/fr\/moving-companies\/moving-companies-us-hawaii\/#3_M_Dyer_Global\" >3. M Dyer Global<\/a><\/li><li class='ez-toc-page-1 ez-toc-heading-level-2'><a class=\"ez-toc-link ez-toc-heading-4\" href=\"https:\/\/moverdb.com\/fr\/moving-companies\/moving-companies-us-hawaii\/#4_Royal_Hawaiian_Movers\" >4. Royal Hawaiian Movers<\/a><\/li><\/ul><\/nav><\/div>\n<h2><span class=\"ez-toc-section\" id=\"1_Aloha_International_Moving_Services\"><\/span><strong>1. Aloha International Moving Services<\/strong><span class=\"ez-toc-section-end\"><\/span><\/h2>\n<p><img loading=\"lazy\" decoding=\"async\" class=\"alignnone size-full wp-image-11253\" src=\"https:\/\/moverdb.com\/wp-content\/uploads\/Aloha-International-Moving-Services-company.png\" alt=\"Soci\u00e9t\u00e9 Aloha International Moving Services\" width=\"1440\" height=\"677\" data-wp-pid=\"11253\" srcset=\"https:\/\/moverdb.com\/wp-content\/uploads\/Aloha-International-Moving-Services-company.png 1440w, https:\/\/moverdb.com\/wp-content\/uploads\/Aloha-International-Moving-Services-company-300x141.png 300w, https:\/\/moverdb.com\/wp-content\/uploads\/Aloha-International-Moving-Services-company-1024x481.png 1024w, https:\/\/moverdb.com\/wp-content\/uploads\/Aloha-International-Moving-Services-company-18x8.png 18w, https:\/\/moverdb.com\/wp-content\/uploads\/Aloha-International-Moving-Services-company-600x282.png 600w\" sizes=\"auto, (max-width: 1440px) 100vw, 1440px\" \/><\/p>\n<ul>\n<li>D\u00e9placements locaux<\/li>\n<li>D\u00e9m\u00e9nagements internationaux<\/li>\n<li>D\u00e9m\u00e9nagements r\u00e9sidentiels<\/li>\n<li>D\u00e9m\u00e9nagement de bureaux et d'entreprises<\/li>\n<li>Service d'emballage<\/li>\n<li>Option d'auto-emballage<\/li>\n<li>Inventaire des biens<\/li>\n<li>Services de mise en caisse<\/li>\n<li>Organisation du transport<\/li>\n<li>Stockage s\u00e9curis\u00e9 \u00e0 court et \u00e0 long terme<\/li>\n<\/ul>\n<p>Aloha International Moving Services est une soci\u00e9t\u00e9 de d\u00e9m\u00e9nagement hawa\u00efenne bas\u00e9e \u00e0 Kapolei. Elle est membre de l'IAM et poss\u00e8de 28 ans d'exp\u00e9rience, ce qui lui permet d'acc\u00e9der \u00e0 un r\u00e9seau international d'entreprises de d\u00e9m\u00e9nagement qui l'aide \u00e0 effectuer des d\u00e9m\u00e9nagements dans le monde entier.<\/p>\n<p>Aloha International Moving Services propose des services de d\u00e9m\u00e9nagement \u00e0 l'\u00e9chelle locale, entre les \u00eeles et sur le continent. <a href=\"https:\/\/moverdb.com\/fr\/moving-to-the-united-states\/\" data-internallinksmanager029f6b8e52c=\"94\" title=\"Vous partez aux \u00c9tats-Unis ? 2026 Co\u00fbt de la vie et conseils de relocalisation\">US<\/a> et \u00e0 l'international pour des clients r\u00e9sidentiels et professionnels. Ils proposent un choix de services d'emballage comprenant un service d'emballage complet ou un service d'emballage individuel avec des cartons fournis. Leur service d'emballage comprend l'emballage, le d\u00e9montage et le remontage des meubles, le d\u00e9ballage et l'inventaire de vos biens.<\/p>\n<p>Site web : <a href=\"http:\/\/www.hawaiimovers.com\" target=\"_blank\" rel=\"noopener\">http:\/\/www.hawaiimovers.com<\/a><\/p>\n<h2><span class=\"ez-toc-section\" id=\"2_Crown_World_Mobility\"><\/span><strong>2. Crown World Mobility<\/strong><span class=\"ez-toc-section-end\"><\/span><\/h2>\n<p><img loading=\"lazy\" decoding=\"async\" class=\"alignnone size-full wp-image-11299\" src=\"https:\/\/moverdb.com\/wp-content\/uploads\/Crown-World-Mobility-international-moving-company.png\" alt=\"Crown World Mobility soci\u00e9t\u00e9 de d\u00e9m\u00e9nagement international\" width=\"1440\" height=\"675\" data-wp-pid=\"11299\" srcset=\"https:\/\/moverdb.com\/wp-content\/uploads\/Crown-World-Mobility-international-moving-company.png 1440w, https:\/\/moverdb.com\/wp-content\/uploads\/Crown-World-Mobility-international-moving-company-300x141.png 300w, https:\/\/moverdb.com\/wp-content\/uploads\/Crown-World-Mobility-international-moving-company-1024x480.png 1024w, https:\/\/moverdb.com\/wp-content\/uploads\/Crown-World-Mobility-international-moving-company-18x8.png 18w, https:\/\/moverdb.com\/wp-content\/uploads\/Crown-World-Mobility-international-moving-company-600x281.png 600w\" sizes=\"auto, (max-width: 1440px) 100vw, 1440px\" \/><\/p>\n<ul>\n<li>D\u00e9placements locaux<\/li>\n<li>D\u00e9m\u00e9nagements internationaux<\/li>\n<li>D\u00e9placement des employ\u00e9s<\/li>\n<li>Soutien \u00e0 la planification pr\u00e9alable<\/li>\n<li>Service complet<\/li>\n<li>Options de libre-service<\/li>\n<li>Services de recherche de logement<\/li>\n<li>Soutien \u00e0 l'immigration<\/li>\n<li>Visas et permis<\/li>\n<li>Moyens de suivi<\/li>\n<\/ul>\n<p>Crown World Mobility est une entreprise de d\u00e9m\u00e9nagement international bas\u00e9e \u00e0 Mililani Hawaii, mais qui poss\u00e8de 79 bureaux dans le monde entier. Elle dispose d'une s\u00e9rie de divisions qui s'occupent de diff\u00e9rents aspects du d\u00e9m\u00e9nagement et de la logistique. Elle dispose d'un r\u00e9seau de fournisseurs soigneusement g\u00e9r\u00e9 pour la soutenir. Elle est membre de l'IAM et compte 44 ans d'exp\u00e9rience.<\/p>\n<p>Crown World Mobility est sp\u00e9cialis\u00e9 dans le soutien aux entreprises en mati\u00e8re de services de mobilit\u00e9 pour leurs employ\u00e9s. Elle fournit des conseils approfondis et con\u00e7oit des programmes pour aider les entreprises, avec le soutien de leurs \u00e9quipes de mobilit\u00e9, \u00e0 mettre les plans en \u0153uvre. Elle peut \u00e9galement apporter son aide pour les services d'immigration et la recherche d'un logement.<\/p>\n<p>Site web : <a href=\"https:\/\/www.crownworldmobility.com\/en-us\" target=\"_blank\" rel=\"noopener\">https:\/\/www.crownworldmobility.com\/en-us<\/a><\/p>\n<h2><span class=\"ez-toc-section\" id=\"3_M_Dyer_Global\"><\/span><strong>3. M Dyer Global<\/strong><span class=\"ez-toc-section-end\"><\/span><\/h2>\n<p><img loading=\"lazy\" decoding=\"async\" class=\"alignnone size-full wp-image-11368\" src=\"https:\/\/moverdb.com\/wp-content\/uploads\/M-Dyer-Global-international-moving-company.png\" alt=\"M Dyer Global soci\u00e9t\u00e9 de d\u00e9m\u00e9nagement international\" width=\"1440\" height=\"680\" data-wp-pid=\"11368\" srcset=\"https:\/\/moverdb.com\/wp-content\/uploads\/M-Dyer-Global-international-moving-company.png 1440w, https:\/\/moverdb.com\/wp-content\/uploads\/M-Dyer-Global-international-moving-company-300x142.png 300w, https:\/\/moverdb.com\/wp-content\/uploads\/M-Dyer-Global-international-moving-company-1024x484.png 1024w, https:\/\/moverdb.com\/wp-content\/uploads\/M-Dyer-Global-international-moving-company-18x9.png 18w, https:\/\/moverdb.com\/wp-content\/uploads\/M-Dyer-Global-international-moving-company-600x283.png 600w\" sizes=\"auto, (max-width: 1440px) 100vw, 1440px\" \/><\/p>\n<ul>\n<li>D\u00e9m\u00e9nagements locaux et inter-\u00eeles<\/li>\n<li>D\u00e9m\u00e9nagements internationaux<\/li>\n<li>D\u00e9m\u00e9nagements de m\u00e9nages<\/li>\n<li>D\u00e9m\u00e9nagement de bureaux et d'industries<\/li>\n<li>Service d'emballage<\/li>\n<li>Transport par camion, par avion et par bateau<\/li>\n<li>Choix d'options de conteneurs<\/li>\n<li>D\u00e9douanement<\/li>\n<li>Assurance<\/li>\n<li>Stockage \u00e0 court et \u00e0 long terme<\/li>\n<\/ul>\n<p>M Dyer Global est une soci\u00e9t\u00e9 de relocalisation, de stockage et de logistique cr\u00e9\u00e9e en 1958 \u00e0 Honolulu. Elle travaille avec plus de 500 agents de qualit\u00e9 dans le monde entier, avec lesquels elle s'associe pour fournir ses services \u00e0 l'\u00e9chelle internationale. Elle est membre de l'IAM, avec 55 ans d'exp\u00e9rience, et est accr\u00e9dit\u00e9e par la FIDI.<\/p>\n<p>M Dyer Global propose une \u00e9tude initiale pour \u00e9valuer vos besoins en mati\u00e8re de d\u00e9m\u00e9nagement et vous fournir un devis. Ils fournissent un service d'emballage professionnel avec des emballeurs qualifi\u00e9s qui emballeront et mettront en caisse vos biens en toute s\u00e9curit\u00e9 pour le transport. Ils organisent le transport par voie terrestre, a\u00e9rienne et maritime, avec le choix entre des conteneurs pleins et des conteneurs moins pleins.<\/p>\n<p>Site web : <a href=\"https:\/\/www.mdyerglobal.com\/\" target=\"_blank\" rel=\"noopener\">https:\/\/www.mdyerglobal.com\/<\/a><\/p>\n<h2><span class=\"ez-toc-section\" id=\"4_Royal_Hawaiian_Movers\"><\/span><strong>4. Royal Hawaiian Movers<\/strong><span class=\"ez-toc-section-end\"><\/span><\/h2>\n<p><img loading=\"lazy\" decoding=\"async\" class=\"alignnone size-full wp-image-11429\" src=\"https:\/\/moverdb.com\/wp-content\/uploads\/Royal-Hawaiian-Movers-international-moving-company.png\" alt=\"Royal Hawaiian Movers soci\u00e9t\u00e9 de d\u00e9m\u00e9nagement international\" width=\"1440\" height=\"683\" data-wp-pid=\"11429\" srcset=\"https:\/\/moverdb.com\/wp-content\/uploads\/Royal-Hawaiian-Movers-international-moving-company.png 1440w, https:\/\/moverdb.com\/wp-content\/uploads\/Royal-Hawaiian-Movers-international-moving-company-300x142.png 300w, https:\/\/moverdb.com\/wp-content\/uploads\/Royal-Hawaiian-Movers-international-moving-company-1024x486.png 1024w, https:\/\/moverdb.com\/wp-content\/uploads\/Royal-Hawaiian-Movers-international-moving-company-18x9.png 18w, https:\/\/moverdb.com\/wp-content\/uploads\/Royal-Hawaiian-Movers-international-moving-company-600x285.png 600w\" sizes=\"auto, (max-width: 1440px) 100vw, 1440px\" \/><\/p>\n<ul>\n<li>D\u00e9m\u00e9nagements locaux et inter-\u00eeles<\/li>\n<li>D\u00e9m\u00e9nagements internationaux<\/li>\n<li>D\u00e9m\u00e9nagements r\u00e9sidentiels<\/li>\n<li>Mouvements d'entreprises<\/li>\n<li>D\u00e9placement des employ\u00e9s<\/li>\n<li>Un service personnalis\u00e9<\/li>\n<li>Service d'emballage<\/li>\n<li>Organisation du transport<\/li>\n<li>Transport de v\u00e9hicules<\/li>\n<li>Installations de stockage<\/li>\n<\/ul>\n<p>Royal Hawaiian Movers est une entreprise de transport et de d\u00e9m\u00e9nagement fond\u00e9e en 1982 et pr\u00e9sente dans les quatre \u00eeles hawa\u00efennes. Elle fait partie du groupe DeWitt Companies, ce qui lui permet d'acc\u00e9der \u00e0 un r\u00e9seau plus large d'entreprises de d\u00e9m\u00e9nagement. Elle est membre de l'IAM et compte 41 ans d'exp\u00e9rience.<\/p>\n<p>Royal Hawaiian Movers propose un service personnalis\u00e9 avec une visite virtuelle ou en personne afin d'\u00e9valuer vos besoins en mati\u00e8re de d\u00e9m\u00e9nagement et de vous fournir un devis personnalis\u00e9 r\u00e9pondant \u00e0 vos besoins et \u00e0 votre budget. Ils vous guideront et vous assisteront tout au long de votre d\u00e9m\u00e9nagement afin de faciliter le processus qui comprend l'emballage et le d\u00e9ballage, le d\u00e9montage et le remontage des meubles et le transport de vos biens jusqu'\u00e0 votre destination.<\/p>\n<p>Site web : <a href=\"http:\/\/royalhawaiianmovers.com\/\" target=\"_blank\" rel=\"noopener\">http:\/\/royalhawaiianmovers.com\/<\/a><\/p>","protected":false},"excerpt":{"rendered":"<p>Are you planning on moving within, to or from Hawaii? Getting a moving company to assist you with organisation, packing, transportation and customs arrangements can aid you in making the move easier. Below we have compiled a list of Hawaiian removal companies that are members of the International Association of Movers (IAM) and\/or FIDI Accredited [&hellip;]<\/p>\n","protected":false},"author":4,"featured_media":11253,"parent":190,"menu_order":0,"comment_status":"closed","ping_status":"closed","template":"","meta":{"_genesis_hide_title":false,"_genesis_hide_breadcrumbs":false,"_genesis_hide_singular_image":false,"_genesis_hide_footer_widgets":false,"_genesis_custom_body_class":"","_genesis_custom_post_class":"","_genesis_layout":"","footnotes":""},"class_list":{"0":"post-11571","1":"page","2":"type-page","3":"status-publish","4":"has-post-thumbnail","6":"entry"},"_links":{"self":[{"href":"https:\/\/moverdb.com\/fr\/wp-json\/wp\/v2\/pages\/11571","targetHints":{"allow":["GET"]}}],"collection":[{"href":"https:\/\/moverdb.com\/fr\/wp-json\/wp\/v2\/pages"}],"about":[{"href":"https:\/\/moverdb.com\/fr\/wp-json\/wp\/v2\/types\/page"}],"author":[{"embeddable":true,"href":"https:\/\/moverdb.com\/fr\/wp-json\/wp\/v2\/users\/4"}],"replies":[{"embeddable":true,"href":"https:\/\/moverdb.com\/fr\/wp-json\/wp\/v2\/comments?post=11571"}],"version-history":[{"count":1,"href":"https:\/\/moverdb.com\/fr\/wp-json\/wp\/v2\/pages\/11571\/revisions"}],"predecessor-version":[{"id":11573,"href":"https:\/\/moverdb.com\/fr\/wp-json\/wp\/v2\/pages\/11571\/revisions\/11573"}],"up":[{"embeddable":true,"href":"https:\/\/moverdb.com\/fr\/wp-json\/wp\/v2\/pages\/190"}],"wp:featuredmedia":[{"embeddable":true,"href":"https:\/\/moverdb.com\/fr\/wp-json\/wp\/v2\/media\/11253"}],"wp:attachment":[{"href":"https:\/\/moverdb.com\/fr\/wp-json\/wp\/v2\/media?parent=11571"}],"curies":[{"name":"wp","href":"https:\/\/api.w.org\/{rel}","templated":true}]}}