{"id":11566,"date":"2023-11-29T10:45:44","date_gmt":"2023-11-29T10:45:44","guid":{"rendered":"https:\/\/moverdb.com\/?page_id=11566"},"modified":"2026-01-08T15:25:07","modified_gmt":"2026-01-08T15:25:07","slug":"moving-companies-us-georgia","status":"publish","type":"page","link":"https:\/\/moverdb.com\/fr\/moving-companies\/moving-companies-us-georgia\/","title":{"rendered":"5 meilleures entreprises de d\u00e9m\u00e9nagements internationaux en G\u00e9orgie"},"content":{"rendered":"<p>Lorsque vous d\u00e9m\u00e9nagez, il y a beaucoup \u00e0 faire : planifier et organiser le d\u00e9m\u00e9nagement, choisir un prestataire de services de transport, emballer vos biens et, si vous d\u00e9m\u00e9nagez \u00e0 l'\u00e9tranger, s'occuper des formalit\u00e9s douani\u00e8res. La plupart de ces activit\u00e9s peuvent \u00eatre r\u00e9alis\u00e9es par un <a href=\"https:\/\/moverdb.com\/fr\/moving-companies\/\" data-internallinksmanager029f6b8e52c=\"79\" title=\"Les 25 meilleures soci\u00e9t\u00e9s de d\u00e9m\u00e9nagement international en ligne\">soci\u00e9t\u00e9 de d\u00e9m\u00e9nagement<\/a>. Nous avons dress\u00e9 ci-dessous une liste de <a href=\"https:\/\/moverdb.com\/fr\/moving-to-the-united-states\/moving-to-georgia\/\" data-internallinksmanager029f6b8e52c=\"402\" title=\"D\u00e9m\u00e9nager en G\u00e9orgie ? 2026 Co\u00fbts de la vie et conseils de relocalisation\">G\u00e9orgie<\/a> bas\u00e9 sur <a href=\"https:\/\/moverdb.com\/fr\/international-removals\/\" data-internallinksmanager029f6b8e52c=\"27\" title=\"36 meilleures entreprises de d\u00e9m\u00e9nagements internationaux au Royaume-Uni\">entreprises de d\u00e9m\u00e9nagement<\/a> qui sont membres de la <a href=\"https:\/\/moverdb.com\/fr\/iam\/\" data-internallinksmanager029f6b8e52c=\"23\" title=\"L&#039;Association internationale des d\u00e9m\u00e9nageurs (IAM) expliqu\u00e9e\">Association internationale des d\u00e9m\u00e9nageurs<\/a> (IAM) et\/ou <a href=\"https:\/\/moverdb.com\/fr\/fidi-faim\/\" data-internallinksmanager029f6b8e52c=\"16\" title=\"Explication de la FIDI et du FAIM (FIDI Accredited International Mover)\">FIDI<\/a> D\u00e9m\u00e9nageur international accr\u00e9dit\u00e9 (FAIM) qui pourrait vous aider dans votre d\u00e9m\u00e9nagement.<\/p>\n<div id=\"ez-toc-container\" class=\"ez-toc-v2_0_82_2 ez-toc-wrap-left counter-hierarchy ez-toc-counter ez-toc-transparent ez-toc-container-direction\">\n<div class=\"ez-toc-title-container\">\n<p class=\"ez-toc-title\" style=\"cursor:inherit\">Sections<\/p>\n<span class=\"ez-toc-title-toggle\"><a href=\"#\" class=\"ez-toc-pull-right ez-toc-btn ez-toc-btn-xs ez-toc-btn-default ez-toc-toggle\" aria-label=\"Toggle Table des mati\u00e8res\"><span class=\"ez-toc-js-icon-con\"><span class=\"\"><span class=\"eztoc-hide\" style=\"display:none;\">Toggle<\/span><span class=\"ez-toc-icon-toggle-span\"><svg style=\"fill: #999;color:#999\" xmlns=\"http:\/\/www.w3.org\/2000\/svg\" class=\"list-377408\" width=\"20px\" height=\"20px\" viewbox=\"0 0 24 24\" fill=\"none\"><path d=\"M6 6H4v2h2V6zm14 0H8v2h12V6zM4 11h2v2H4v-2zm16 0H8v2h12v-2zM4 16h2v2H4v-2zm16 0H8v2h12v-2z\" fill=\"currentColor\"><\/path><\/svg><svg style=\"fill: #999;color:#999\" class=\"arrow-unsorted-368013\" xmlns=\"http:\/\/www.w3.org\/2000\/svg\" width=\"10px\" height=\"10px\" viewbox=\"0 0 24 24\" version=\"1.2\" baseprofile=\"tiny\"><path d=\"M18.2 9.3l-6.2-6.3-6.2 6.3c-.2.2-.3.4-.3.7s.1.5.3.7c.2.2.4.3.7.3h11c.3 0 .5-.1.7-.3.2-.2.3-.5.3-.7s-.1-.5-.3-.7zM5.8 14.7l6.2 6.3 6.2-6.3c.2-.2.3-.5.3-.7s-.1-.5-.3-.7c-.2-.2-.4-.3-.7-.3h-11c-.3 0-.5.1-.7.3-.2.2-.3.5-.3.7s.1.5.3.7z\"\/><\/svg><\/span><\/span><\/span><\/a><\/span><\/div>\n<nav><ul class='ez-toc-list ez-toc-list-level-1 eztoc-toggle-hide-by-default' ><li class='ez-toc-page-1 ez-toc-heading-level-2'><a class=\"ez-toc-link ez-toc-heading-1\" href=\"https:\/\/moverdb.com\/fr\/moving-companies\/moving-companies-us-georgia\/#1_A1_Freeman_Moving_Group\" >1. A1 Freeman Moving Group<\/a><\/li><li class='ez-toc-page-1 ez-toc-heading-level-2'><a class=\"ez-toc-link ez-toc-heading-2\" href=\"https:\/\/moverdb.com\/fr\/moving-companies\/moving-companies-us-georgia\/#2_Atlantic_Relocation_Systems\" >2. Syst\u00e8mes de relocalisation de l'Atlantique<\/a><\/li><li class='ez-toc-page-1 ez-toc-heading-level-2'><a class=\"ez-toc-link ez-toc-heading-3\" href=\"https:\/\/moverdb.com\/fr\/moving-companies\/moving-companies-us-georgia\/#3_Armstrong\" >3. Armstrong<\/a><\/li><li class='ez-toc-page-1 ez-toc-heading-level-2'><a class=\"ez-toc-link ez-toc-heading-4\" href=\"https:\/\/moverdb.com\/fr\/moving-companies\/moving-companies-us-georgia\/#4_Beltmann_Moving_Storage\" >4. Beltmann Moving &amp; Storage<\/a><\/li><li class='ez-toc-page-1 ez-toc-heading-level-2'><a class=\"ez-toc-link ez-toc-heading-5\" href=\"https:\/\/moverdb.com\/fr\/moving-companies\/moving-companies-us-georgia\/#5_Hilldrup\" >5. Hilldrup<\/a><\/li><\/ul><\/nav><\/div>\n<h2><span class=\"ez-toc-section\" id=\"1_A1_Freeman_Moving_Group\"><\/span><strong>1. A1 Freeman Moving Group<\/strong><span class=\"ez-toc-section-end\"><\/span><\/h2>\n<p><img loading=\"lazy\" decoding=\"async\" class=\"alignnone size-full wp-image-11236\" src=\"https:\/\/moverdb.com\/wp-content\/uploads\/A1-Freeman-Moving-Group-international-moving-company.png\" alt=\"A1 Freeman Moving Group entreprise de d\u00e9m\u00e9nagement international\" width=\"1440\" height=\"675\" data-wp-pid=\"11236\" srcset=\"https:\/\/moverdb.com\/wp-content\/uploads\/A1-Freeman-Moving-Group-international-moving-company.png 1440w, https:\/\/moverdb.com\/wp-content\/uploads\/A1-Freeman-Moving-Group-international-moving-company-300x141.png 300w, https:\/\/moverdb.com\/wp-content\/uploads\/A1-Freeman-Moving-Group-international-moving-company-1024x480.png 1024w, https:\/\/moverdb.com\/wp-content\/uploads\/A1-Freeman-Moving-Group-international-moving-company-18x8.png 18w, https:\/\/moverdb.com\/wp-content\/uploads\/A1-Freeman-Moving-Group-international-moving-company-600x281.png 600w\" sizes=\"auto, (max-width: 1440px) 100vw, 1440px\" \/><\/p>\n<ul>\n<li>D\u00e9m\u00e9nagements locaux et longue distance<\/li>\n<li>D\u00e9m\u00e9nagements internationaux<\/li>\n<li>D\u00e9m\u00e9nagements de m\u00e9nages<\/li>\n<li>D\u00e9localisations d'entreprises<\/li>\n<li>Services personnalis\u00e9s<\/li>\n<li>Conseiller en service \u00e0 la client\u00e8le<\/li>\n<li>Service d'emballage<\/li>\n<li>Organisation du transport<\/li>\n<li>Soutien douanier<\/li>\n<li>Concierge pour le suivi apr\u00e8s le d\u00e9m\u00e9nagement<\/li>\n<\/ul>\n<p>A1 Freeman Moving Group est une entreprise de d\u00e9m\u00e9nagement et de transport qui op\u00e8re depuis 1974 et qui est bas\u00e9e dans le pays d'origine. <a href=\"https:\/\/moverdb.com\/fr\/moving-to-atlanta\/\" data-internallinksmanager029f6b8e52c=\"32\" title=\"Vous d\u00e9m\u00e9nagez \u00e0 Atlanta ? 2026 Co\u00fbt de la vie et conseils de relocalisation\">Atlanta<\/a>. Il s'agit d'un r\u00e9seau de professionnels du transport qui peuvent fournir des services de d\u00e9m\u00e9nagement \u00e0 l'\u00e9chelle locale, nationale et internationale. Ils sont membres de l'IAM et ont 33 ans d'exp\u00e9rience.<\/p>\n<p>Le Groupe de d\u00e9m\u00e9nagement A1 Freeman offre des conseils avant le d\u00e9m\u00e9nagement avec l'un de ses repr\u00e9sentants qui vous guidera tout au long du processus et vous aidera \u00e0 planifier votre d\u00e9m\u00e9nagement. Il d\u00e9signera un conseiller du service \u00e0 la client\u00e8le qui g\u00e9rera chaque \u00e9tape de votre d\u00e9m\u00e9nagement. Il \u00e9laborera un plan de d\u00e9m\u00e9nagement qui comprendra l'emballage, la livraison, les services de douane et d'installation.<\/p>\n<p>Site web : <a href=\"http:\/\/www.a1freemanatlanta.com\/\" target=\"_blank\" rel=\"noopener\">http:\/\/www.a1freemanatlanta.com\/<\/a><\/p>\n<h2><span class=\"ez-toc-section\" id=\"2_Atlantic_Relocation_Systems\"><\/span><strong>2. Syst\u00e8mes de relocalisation de l'Atlantique<\/strong><span class=\"ez-toc-section-end\"><\/span><\/h2>\n<p><img loading=\"lazy\" decoding=\"async\" class=\"alignnone size-full wp-image-11262\" src=\"https:\/\/moverdb.com\/wp-content\/uploads\/Atlantic-Relocation-Systems-international-moving-company.png\" alt=\"Atlantic Relocation Systems soci\u00e9t\u00e9 de d\u00e9m\u00e9nagement international\" width=\"1440\" height=\"677\" data-wp-pid=\"11262\" srcset=\"https:\/\/moverdb.com\/wp-content\/uploads\/Atlantic-Relocation-Systems-international-moving-company.png 1440w, https:\/\/moverdb.com\/wp-content\/uploads\/Atlantic-Relocation-Systems-international-moving-company-300x141.png 300w, https:\/\/moverdb.com\/wp-content\/uploads\/Atlantic-Relocation-Systems-international-moving-company-1024x481.png 1024w, https:\/\/moverdb.com\/wp-content\/uploads\/Atlantic-Relocation-Systems-international-moving-company-18x8.png 18w, https:\/\/moverdb.com\/wp-content\/uploads\/Atlantic-Relocation-Systems-international-moving-company-600x282.png 600w\" sizes=\"auto, (max-width: 1440px) 100vw, 1440px\" \/><\/p>\n<ul>\n<li>D\u00e9m\u00e9nagements locaux et longue distance<\/li>\n<li>D\u00e9m\u00e9nagements internationaux<\/li>\n<li>D\u00e9m\u00e9nagements r\u00e9sidentiels<\/li>\n<li>D\u00e9m\u00e9nagements de bureaux<\/li>\n<li>Coordinateur de la relocalisation<\/li>\n<li>Service d'emballage<\/li>\n<li>Transport routier, maritime et a\u00e9rien<\/li>\n<li>Aide \u00e0 la documentation<\/li>\n<li>Exp\u00e9dition des \u0153uvres d'art<\/li>\n<li>Installation de stockage<\/li>\n<\/ul>\n<p>Atlantic Relocation Systems est une soci\u00e9t\u00e9 de d\u00e9m\u00e9nagement international cr\u00e9\u00e9e en 1984 qui poss\u00e8de 13 succursales \u00e0 travers le monde. <a href=\"https:\/\/moverdb.com\/fr\/moving-to-the-united-states\/\" data-internallinksmanager029f6b8e52c=\"94\" title=\"Vous partez aux \u00c9tats-Unis ? 2026 Co\u00fbt de la vie et conseils de relocalisation\">US<\/a> dont un \u00e0 Atlanta. C'est une entreprise d'Atlas Van Lines, ce qui lui permet de couvrir l'ensemble des \u00c9tats-Unis et d'avoir acc\u00e8s \u00e0 des r\u00e9seaux internationaux pour l'aider. Ils sont membres de l'IAM et ont 52 ans d'exp\u00e9rience.<\/p>\n<p>Atlantic Relocation Systems met \u00e0 la disposition des d\u00e9m\u00e9nageurs internationaux un coordinateur de d\u00e9m\u00e9nagement international qui vous aidera tout au long de votre d\u00e9m\u00e9nagement. Les d\u00e9m\u00e9nagements locaux font l'objet d'un devis gratuit \u00e0 domicile. Ils proposent un service d'emballage pour prot\u00e9ger vos biens pendant le transport routier, maritime ou a\u00e9rien et vous aident \u00e0 remplir les documents n\u00e9cessaires.<\/p>\n<p>Site web : <a href=\"https:\/\/www.atlanticrelocation.com\/\" target=\"_blank\" rel=\"noopener\">https:\/\/www.atlanticrelocation.com\/<\/a><\/p>\n<h2><span class=\"ez-toc-section\" id=\"3_Armstrong\"><\/span><strong>3. Armstrong<\/strong><span class=\"ez-toc-section-end\"><\/span><\/h2>\n<p><img loading=\"lazy\" decoding=\"async\" class=\"alignnone size-full wp-image-11261\" src=\"https:\/\/moverdb.com\/wp-content\/uploads\/Armstrong-international-moving-company.png\" alt=\"Soci\u00e9t\u00e9 de d\u00e9m\u00e9nagement international Armstrong\" width=\"1440\" height=\"676\" data-wp-pid=\"11261\" srcset=\"https:\/\/moverdb.com\/wp-content\/uploads\/Armstrong-international-moving-company.png 1440w, https:\/\/moverdb.com\/wp-content\/uploads\/Armstrong-international-moving-company-300x141.png 300w, https:\/\/moverdb.com\/wp-content\/uploads\/Armstrong-international-moving-company-1024x481.png 1024w, https:\/\/moverdb.com\/wp-content\/uploads\/Armstrong-international-moving-company-18x8.png 18w, https:\/\/moverdb.com\/wp-content\/uploads\/Armstrong-international-moving-company-600x282.png 600w\" sizes=\"auto, (max-width: 1440px) 100vw, 1440px\" \/><\/p>\n<ul>\n<li>D\u00e9m\u00e9nagements locaux et longue distance<\/li>\n<li>D\u00e9m\u00e9nagements internationaux<\/li>\n<li>D\u00e9m\u00e9nagements r\u00e9sidentiels<\/li>\n<li>D\u00e9m\u00e9nagements de bureaux<\/li>\n<li>D\u00e9placement des employ\u00e9s<\/li>\n<li>Options d'emballage<\/li>\n<li>Transports a\u00e9riens, maritimes et terrestres<\/li>\n<li>D\u00e9douanement<\/li>\n<li>Services \u00e0 destination<\/li>\n<li>Stockage \u00e0 court et \u00e0 long terme<\/li>\n<\/ul>\n<p>Armstrong est une entreprise de d\u00e9m\u00e9nagement, de r\u00e9installation et de logistique qui poss\u00e8de 32 sites \u00e0 travers le pays, dont un \u00e0 Atlanta. Elle dispose d'un r\u00e9seau de partenaires et d'affili\u00e9s qui l'aident \u00e0 fournir ses services \u00e0 l'\u00e9chelle internationale. Elle est membre de l'IAM, avec 38 ans d'exp\u00e9rience, et est accr\u00e9dit\u00e9e par la FIDI.<\/p>\n<p>Armstrong propose des services de gestion des d\u00e9m\u00e9nagements qui comprennent des options d'emballage et de d\u00e9ballage complets ou partiels, qui peuvent \u00e9galement comprendre la mise en caisse et l'emballage sp\u00e9cialis\u00e9, ainsi que la protection de vos biens pendant le d\u00e9m\u00e9nagement. Ils s'occupent du transport et du d\u00e9douanement. Les services suppl\u00e9mentaires comprennent la formation culturelle, la vente et la location de maisons, et les options de stockage.<\/p>\n<p>Site web : <a href=\"https:\/\/www.armstrongrelocation.com\/\" target=\"_blank\" rel=\"noopener\">https:\/\/www.armstrongrelocation.com\/<\/a><\/p>\n<h2><span class=\"ez-toc-section\" id=\"4_Beltmann_Moving_Storage\"><\/span><strong>4. Beltmann Moving &amp; Storage<\/strong><span class=\"ez-toc-section-end\"><\/span><\/h2>\n<p><img loading=\"lazy\" decoding=\"async\" class=\"alignnone size-full wp-image-11269\" src=\"https:\/\/moverdb.com\/wp-content\/uploads\/Beltmann-Relocation-Group-international-moving-company.png\" alt=\"Beltmann Relocation Group entreprise de d\u00e9m\u00e9nagement international\" width=\"1440\" height=\"682\" data-wp-pid=\"11269\" srcset=\"https:\/\/moverdb.com\/wp-content\/uploads\/Beltmann-Relocation-Group-international-moving-company.png 1440w, https:\/\/moverdb.com\/wp-content\/uploads\/Beltmann-Relocation-Group-international-moving-company-300x142.png 300w, https:\/\/moverdb.com\/wp-content\/uploads\/Beltmann-Relocation-Group-international-moving-company-1024x485.png 1024w, https:\/\/moverdb.com\/wp-content\/uploads\/Beltmann-Relocation-Group-international-moving-company-18x9.png 18w, https:\/\/moverdb.com\/wp-content\/uploads\/Beltmann-Relocation-Group-international-moving-company-600x284.png 600w\" sizes=\"auto, (max-width: 1440px) 100vw, 1440px\" \/><\/p>\n<ul>\n<li>D\u00e9m\u00e9nagements locaux et longue distance<\/li>\n<li>D\u00e9m\u00e9nagements internationaux<\/li>\n<li>D\u00e9m\u00e9nagements r\u00e9sidentiels<\/li>\n<li>D\u00e9m\u00e9nagements de bureaux<\/li>\n<li>D\u00e9localisations d'entreprises<\/li>\n<li>Services personnalisables<\/li>\n<li>Conseiller en mobilit\u00e9<\/li>\n<li>Service d'emballage<\/li>\n<li>Organisation du transport<\/li>\n<li>Stockage s\u00e9curis\u00e9<\/li>\n<\/ul>\n<p>Beltmann Moving &amp; Storage est une soci\u00e9t\u00e9 de d\u00e9m\u00e9nagement fond\u00e9e en 1923 qui poss\u00e8de 11 sites aux \u00c9tats-Unis, y compris \u00e0 Atlanta. Elle est affili\u00e9e \u00e0 North American Van Lines, ce qui lui permet de b\u00e9n\u00e9ficier d'une plus grande couverture et de r\u00e9seaux internationaux. Elle est membre de l'IAM et compte 24 ans d'exp\u00e9rience.<\/p>\n<p>Beltmann Moving &amp; Storage propose des formules personnalis\u00e9es, de sorte que vous ne payez que les services dont vous avez besoin et que vous restez dans les limites de votre budget. Ils offrent un soutien personnalis\u00e9 et des formules tout compris qui peuvent s'occuper de tout ou vous pouvez choisir des services individuels. Leur conseiller en d\u00e9m\u00e9nagement organisera votre d\u00e9m\u00e9nagement, y compris l'emballage et le transport jusqu'\u00e0 votre destination.<\/p>\n<p>Site web : <a href=\"http:\/\/www.beltmann.com\/\" target=\"_blank\" rel=\"noopener\">http:\/\/www.beltmann.com\/<\/a><\/p>\n<h2><span class=\"ez-toc-section\" id=\"5_Hilldrup\"><\/span><strong>5. Hilldrup<\/strong><span class=\"ez-toc-section-end\"><\/span><\/h2>\n<p><img loading=\"lazy\" decoding=\"async\" class=\"alignnone size-full wp-image-11339\" src=\"https:\/\/moverdb.com\/wp-content\/uploads\/Hilldrup-international-moving-company.png\" alt=\"Hilldrup, soci\u00e9t\u00e9 de d\u00e9m\u00e9nagements internationaux\" width=\"1440\" height=\"674\" data-wp-pid=\"11339\" srcset=\"https:\/\/moverdb.com\/wp-content\/uploads\/Hilldrup-international-moving-company.png 1440w, https:\/\/moverdb.com\/wp-content\/uploads\/Hilldrup-international-moving-company-300x140.png 300w, https:\/\/moverdb.com\/wp-content\/uploads\/Hilldrup-international-moving-company-1024x479.png 1024w, https:\/\/moverdb.com\/wp-content\/uploads\/Hilldrup-international-moving-company-18x8.png 18w, https:\/\/moverdb.com\/wp-content\/uploads\/Hilldrup-international-moving-company-600x281.png 600w\" sizes=\"auto, (max-width: 1440px) 100vw, 1440px\" \/><\/p>\n<ul>\n<li>D\u00e9m\u00e9nagements locaux et longue distance<\/li>\n<li>D\u00e9m\u00e9nagements internationaux<\/li>\n<li>D\u00e9m\u00e9nagements r\u00e9sidentiels<\/li>\n<li>Mouvements de l'entreprise<\/li>\n<li>Choix de formules de d\u00e9m\u00e9nagement<\/li>\n<li>Conseiller en d\u00e9m\u00e9nagement<\/li>\n<li>Service d'emballage<\/li>\n<li>Dispositions en mati\u00e8re de transport<\/li>\n<li>Suivi des mises \u00e0 jour<\/li>\n<li>Stockage \u00e0 court et \u00e0 long terme<\/li>\n<\/ul>\n<p>Hilldrup est une entreprise de d\u00e9m\u00e9nagement et de stockage fond\u00e9e en 1903 qui poss\u00e8de 10 succursales dans le sud-est et le centre du littoral atlantique des \u00c9tats-Unis, dont une \u00e0 Atlanta. Elle a des affiliations internationales avec des organisations de premier plan pour aider ses clients et fournir des services internationaux, notamment United Van Lines et Mayflower Transit. Elle est accr\u00e9dit\u00e9e par la FIDI.<\/p>\n<p>Hilldrup met \u00e0 votre disposition un conseiller en d\u00e9m\u00e9nagement pour g\u00e9rer votre d\u00e9m\u00e9nagement et vous propose un choix de forfaits de d\u00e9m\u00e9nagement allant du bricolage \u00e0 l'emballage complet. Ils proposent une \u00e9tude virtuelle du d\u00e9m\u00e9nagement pour \u00e9valuer vos besoins et vous fournir un devis. Ils utilisent les meilleurs mat\u00e9riaux d'emballage pour prot\u00e9ger vos biens pendant le transport et proposent des options d'emballage et de mise en caisse sur mesure pour les objets fragiles.<\/p>\n<p>Site web : <a href=\"https:\/\/www.hilldrup.com\/\" target=\"_blank\" rel=\"noopener\">https:\/\/www.hilldrup.com\/<\/a><\/p>","protected":false},"excerpt":{"rendered":"<p>When you are moving there is a lot to do such as planning and organising the move, selecting a transportation provider and packing your belongings, and if you are moving abroad handling customs too. Many of these activities can be completed by a moving company. Below we have compiled a list of Georgia based removal [&hellip;]<\/p>\n","protected":false},"author":4,"featured_media":11236,"parent":190,"menu_order":0,"comment_status":"closed","ping_status":"closed","template":"","meta":{"_genesis_hide_title":false,"_genesis_hide_breadcrumbs":false,"_genesis_hide_singular_image":false,"_genesis_hide_footer_widgets":false,"_genesis_custom_body_class":"","_genesis_custom_post_class":"","_genesis_layout":"","footnotes":""},"class_list":{"0":"post-11566","1":"page","2":"type-page","3":"status-publish","4":"has-post-thumbnail","6":"entry"},"_links":{"self":[{"href":"https:\/\/moverdb.com\/fr\/wp-json\/wp\/v2\/pages\/11566","targetHints":{"allow":["GET"]}}],"collection":[{"href":"https:\/\/moverdb.com\/fr\/wp-json\/wp\/v2\/pages"}],"about":[{"href":"https:\/\/moverdb.com\/fr\/wp-json\/wp\/v2\/types\/page"}],"author":[{"embeddable":true,"href":"https:\/\/moverdb.com\/fr\/wp-json\/wp\/v2\/users\/4"}],"replies":[{"embeddable":true,"href":"https:\/\/moverdb.com\/fr\/wp-json\/wp\/v2\/comments?post=11566"}],"version-history":[{"count":3,"href":"https:\/\/moverdb.com\/fr\/wp-json\/wp\/v2\/pages\/11566\/revisions"}],"predecessor-version":[{"id":11570,"href":"https:\/\/moverdb.com\/fr\/wp-json\/wp\/v2\/pages\/11566\/revisions\/11570"}],"up":[{"embeddable":true,"href":"https:\/\/moverdb.com\/fr\/wp-json\/wp\/v2\/pages\/190"}],"wp:featuredmedia":[{"embeddable":true,"href":"https:\/\/moverdb.com\/fr\/wp-json\/wp\/v2\/media\/11236"}],"wp:attachment":[{"href":"https:\/\/moverdb.com\/fr\/wp-json\/wp\/v2\/media?parent=11566"}],"curies":[{"name":"wp","href":"https:\/\/api.w.org\/{rel}","templated":true}]}}