{"id":11564,"date":"2023-11-29T10:35:03","date_gmt":"2023-11-29T10:35:03","guid":{"rendered":"https:\/\/moverdb.com\/?page_id=11564"},"modified":"2026-01-08T15:24:15","modified_gmt":"2026-01-08T15:24:15","slug":"moving-companies-us-gaithersburg","status":"publish","type":"page","link":"https:\/\/moverdb.com\/fr\/moving-companies\/moving-companies-us-gaithersburg\/","title":{"rendered":"3 meilleures entreprises de d\u00e9m\u00e9nagements internationaux \u00e0 Gaithersburg"},"content":{"rendered":"<p>Lorsque vous d\u00e9m\u00e9nagez votre domicile ou votre entreprise, il y a beaucoup de choses \u00e0 faire. <a href=\"https:\/\/moverdb.com\/fr\/moving-companies\/\" data-internallinksmanager029f6b8e52c=\"79\" title=\"Les 25 meilleures soci\u00e9t\u00e9s de d\u00e9m\u00e9nagement international en ligne\">soci\u00e9t\u00e9 de d\u00e9m\u00e9nagement<\/a> peut vous aider \u00e0 r\u00e9duire la charge de travail afin que vous puissiez vous concentrer sur d'autres aspects de votre d\u00e9m\u00e9nagement. Il peut s'agir de l'emballage, de l'organisation du transport et des formalit\u00e9s douani\u00e8res pour les d\u00e9m\u00e9nagements internationaux. Nous avons dress\u00e9 ci-dessous une liste de soci\u00e9t\u00e9s de d\u00e9m\u00e9nagement bas\u00e9es \u00e0 Gaithersburg. <a href=\"https:\/\/moverdb.com\/fr\/international-removals\/\" data-internallinksmanager029f6b8e52c=\"27\" title=\"36 meilleures entreprises de d\u00e9m\u00e9nagements internationaux au Royaume-Uni\">entreprises de d\u00e9m\u00e9nagement<\/a> qui sont membres de la <a href=\"https:\/\/moverdb.com\/fr\/iam\/\" data-internallinksmanager029f6b8e52c=\"23\" title=\"L&#039;Association internationale des d\u00e9m\u00e9nageurs (IAM) expliqu\u00e9e\">Association internationale des d\u00e9m\u00e9nageurs<\/a> (IAM) et\/ou <a href=\"https:\/\/moverdb.com\/fr\/fidi-faim\/\" data-internallinksmanager029f6b8e52c=\"16\" title=\"Explication de la FIDI et du FAIM (FIDI Accredited International Mover)\">FIDI<\/a> D\u00e9m\u00e9nageur international accr\u00e9dit\u00e9 (FAIM) qui pourrait vous aider dans votre d\u00e9m\u00e9nagement.<\/p>\n<h2><strong>1. Solutions d'exp\u00e9dition dans le monde entier<\/strong><\/h2>\n<p><img loading=\"lazy\" decoding=\"async\" class=\"alignnone size-full wp-image-11442\" src=\"https:\/\/moverdb.com\/wp-content\/uploads\/Shipping-Solutions-Worldwide-international-moving-company.png\" alt=\"Shipping Solutions Worldwide soci\u00e9t\u00e9 de d\u00e9m\u00e9nagement international\" width=\"1440\" height=\"680\" data-wp-pid=\"11442\" srcset=\"https:\/\/moverdb.com\/wp-content\/uploads\/Shipping-Solutions-Worldwide-international-moving-company.png 1440w, https:\/\/moverdb.com\/wp-content\/uploads\/Shipping-Solutions-Worldwide-international-moving-company-300x142.png 300w, https:\/\/moverdb.com\/wp-content\/uploads\/Shipping-Solutions-Worldwide-international-moving-company-1024x484.png 1024w, https:\/\/moverdb.com\/wp-content\/uploads\/Shipping-Solutions-Worldwide-international-moving-company-18x9.png 18w, https:\/\/moverdb.com\/wp-content\/uploads\/Shipping-Solutions-Worldwide-international-moving-company-600x283.png 600w\" sizes=\"auto, (max-width: 1440px) 100vw, 1440px\" \/><\/p>\n<ul>\n<li>D\u00e9m\u00e9nagements locaux et nationaux<\/li>\n<li>D\u00e9m\u00e9nagements internationaux<\/li>\n<li>D\u00e9m\u00e9nagements r\u00e9sidentiels<\/li>\n<li>D\u00e9m\u00e9nagements commerciaux et de bureaux<\/li>\n<li>Un service personnalis\u00e9<\/li>\n<li>Service d'emballage<\/li>\n<li>Transports terrestres, a\u00e9riens et maritimes<\/li>\n<li>Support de documentation<\/li>\n<li><a href=\"https:\/\/moverdb.com\/fr\/car-transport-shipping\/\" data-internallinksmanager029f6b8e52c=\"2\" title=\"2026 Devis pour le transport international de voitures et l&#039;exp\u00e9dition de v\u00e9hicules\">Exp\u00e9dition de v\u00e9hicules<\/a><\/li>\n<li>Suivi des exp\u00e9ditions<\/li>\n<\/ul>\n<p>Shipping Solutions Worldwide est une entreprise de d\u00e9m\u00e9nagement international qui a plus de 30 ans d'exp\u00e9rience et qui est bas\u00e9e \u00e0 Gaithersburg. Elle travaille avec un r\u00e9seau d'entreprises de d\u00e9m\u00e9nagement international pour fournir des services dans le monde entier. Elle est membre de l'IAM.<\/p>\n<p>Shipping Solutions Worldwide propose un service de d\u00e9m\u00e9nagement personnalis\u00e9 en fonction de vos besoins. Ils fournissent un service d'emballage qui garantira que vos articles voyagent en toute s\u00e9curit\u00e9 pour les conditions d'exp\u00e9dition avec un inventaire complet. Ils organisent le transport par voie terrestre, a\u00e9rienne ou maritime et s'occupent de tous les documents n\u00e9cessaires au transport et au suivi de votre envoi.<\/p>\n<p>Site web : <a href=\"https:\/\/shippingsolutionsworldwide.com\/\" target=\"_blank\" rel=\"noopener\">https:\/\/shippingsolutionsworldwide.com\/<\/a><\/p>\n<h2><strong>2. D\u00e9m\u00e9nagements Town &amp; Country<\/strong><\/h2>\n<p><img loading=\"lazy\" decoding=\"async\" class=\"alignnone size-full wp-image-11458\" src=\"https:\/\/moverdb.com\/wp-content\/uploads\/Town-Country-Movers-international-moving-company.png\" alt=\"Town &amp; Country Movers entreprise de d\u00e9m\u00e9nagements internationaux\" width=\"1440\" height=\"681\" data-wp-pid=\"11458\" srcset=\"https:\/\/moverdb.com\/wp-content\/uploads\/Town-Country-Movers-international-moving-company.png 1440w, https:\/\/moverdb.com\/wp-content\/uploads\/Town-Country-Movers-international-moving-company-300x142.png 300w, https:\/\/moverdb.com\/wp-content\/uploads\/Town-Country-Movers-international-moving-company-1024x484.png 1024w, https:\/\/moverdb.com\/wp-content\/uploads\/Town-Country-Movers-international-moving-company-18x9.png 18w, https:\/\/moverdb.com\/wp-content\/uploads\/Town-Country-Movers-international-moving-company-600x284.png 600w\" sizes=\"auto, (max-width: 1440px) 100vw, 1440px\" \/><\/p>\n<ul>\n<li>D\u00e9m\u00e9nagements locaux et nationaux<\/li>\n<li>D\u00e9m\u00e9nagements internationaux<\/li>\n<li>D\u00e9m\u00e9nagements de m\u00e9nages<\/li>\n<li>Mouvements de l'entreprise<\/li>\n<li>Porte-\u00e0-porte et porte-\u00e0<a href=\"https:\/\/moverdb.com\/fr\/top-49-container-ports\/\" data-internallinksmanager029f6b8e52c=\"80\" title=\"Les 49 ports \u00e0 conteneurs les plus importants et les plus fr\u00e9quent\u00e9s en 2025\">port<\/a> options<\/li>\n<li>Service d'emballage<\/li>\n<li>Organisation du transport<\/li>\n<li>D\u00e9douanement<\/li>\n<li>Transport de v\u00e9hicules<\/li>\n<li>Stockage s\u00e9curis\u00e9 \u00e0 court et \u00e0 long terme<\/li>\n<\/ul>\n<p>Town &amp; Country Movers est une entreprise de d\u00e9m\u00e9nagement et de stockage cr\u00e9\u00e9e en 1977, bas\u00e9e \u00e0 Gaithersburg et desservant les secteurs suivants <a href=\"https:\/\/moverdb.com\/fr\/moving-to-the-united-states\/moving-to-maryland\/\" data-internallinksmanager029f6b8e52c=\"467\" title=\"Vous d\u00e9m\u00e9nagez dans le Maryland ? 2024 Co\u00fbts de la vie et conseils de relocalisation\">Maryland<\/a> et <a href=\"https:\/\/moverdb.com\/fr\/moving-to-the-united-states\/moving-to-virginia\/\" data-internallinksmanager029f6b8e52c=\"442\" title=\"D\u00e9m\u00e9nager en Virginie ? 2026 Co\u00fbts de la vie et conseils de relocalisation\">Virginie<\/a> pour les d\u00e9m\u00e9nagements locaux, nationaux et internationaux. Elle travaille avec des transitaires internationaux de confiance pour fournir ses services dans le monde entier. Ils sont membres de l'IAM et ont 46 ans d'exp\u00e9rience.<\/p>\n<p>Town &amp; Country Movers propose un devis gratuit \u00e0 domicile pour votre d\u00e9m\u00e9nagement et personnalisera son service pour r\u00e9pondre \u00e0 vos besoins. Ils vous aideront \u00e0 trouver les meilleures options de transport pour vos besoins et votre budget. Ils fournissent un service d'emballage professionnel pour prot\u00e9ger vos objets, qui peut inclure une mise en caisse personnalis\u00e9e.<\/p>\n<p>Site web : <a href=\"https:\/\/townandcountrymovers.com\/\" target=\"_blank\" rel=\"noopener\">https:\/\/townandcountrymovers.com\/<\/a><\/p>\n<h2><strong>3. D\u00e9localisations universelles<\/strong><\/h2>\n<p><img loading=\"lazy\" decoding=\"async\" class=\"alignnone size-full wp-image-11469\" src=\"https:\/\/moverdb.com\/wp-content\/uploads\/Universal-Relocations-international-moving-company-1.png\" alt=\"Universal Relocations soci\u00e9t\u00e9 de d\u00e9m\u00e9nagement international\" width=\"1440\" height=\"680\" data-wp-pid=\"11469\" srcset=\"https:\/\/moverdb.com\/wp-content\/uploads\/Universal-Relocations-international-moving-company-1.png 1440w, https:\/\/moverdb.com\/wp-content\/uploads\/Universal-Relocations-international-moving-company-1-300x142.png 300w, https:\/\/moverdb.com\/wp-content\/uploads\/Universal-Relocations-international-moving-company-1-1024x484.png 1024w, https:\/\/moverdb.com\/wp-content\/uploads\/Universal-Relocations-international-moving-company-1-18x9.png 18w, https:\/\/moverdb.com\/wp-content\/uploads\/Universal-Relocations-international-moving-company-1-600x283.png 600w\" sizes=\"auto, (max-width: 1440px) 100vw, 1440px\" \/><\/p>\n<ul>\n<li>D\u00e9localisations nationales<\/li>\n<li>D\u00e9localisations internationales<\/li>\n<li>D\u00e9m\u00e9nagements de m\u00e9nages<\/li>\n<li>D\u00e9localisations d'entreprises<\/li>\n<li>Service porte-\u00e0-porte<\/li>\n<li>Service d'emballage<\/li>\n<li>Courtage en douane<\/li>\n<li>Transport d'animaux de compagnie et d'automobiles<\/li>\n<li>Aide \u00e0 la recherche d'un logement<\/li>\n<li>Installations de stockage<\/li>\n<\/ul>\n<p>Universal Relocations est une soci\u00e9t\u00e9 internationale de d\u00e9m\u00e9nagement et de r\u00e9installation cr\u00e9\u00e9e en <a href=\"https:\/\/moverdb.com\/fr\/moving-to-india\/\" data-internallinksmanager029f6b8e52c=\"356\" title=\"D\u00e9m\u00e9nager en Inde ? 2026 Co\u00fbts de la vie et conseils de relocalisation\">Inde<\/a> en 1998, qui a \u00e9galement des bureaux dans les <a href=\"https:\/\/moverdb.com\/fr\/moving-to-the-united-states\/\" data-internallinksmanager029f6b8e52c=\"94\" title=\"Vous partez aux \u00c9tats-Unis ? 2026 Co\u00fbt de la vie et conseils de relocalisation\">US<\/a> \u00e0 Gaithersburg, <a href=\"https:\/\/moverdb.com\/fr\/moving-to-the-united-states\/moving-to-new-jersey\/\" data-internallinksmanager029f6b8e52c=\"417\" title=\"Vous d\u00e9m\u00e9nagez dans le New Jersey ? 2026 Co\u00fbts de la vie et conseils de relocalisation\">New Jersey<\/a>, <a href=\"https:\/\/moverdb.com\/fr\/moving-to-the-united-states\/moving-to-california\/\" data-internallinksmanager029f6b8e52c=\"330\" title=\"D\u00e9m\u00e9nager en Californie ? 2026 Co\u00fbts de la vie et conseils de relocalisation\">Californie<\/a>, <a href=\"https:\/\/moverdb.com\/fr\/moving-to-the-united-states\/moving-to-texas\/\" data-internallinksmanager029f6b8e52c=\"397\" title=\"D\u00e9m\u00e9nager au Texas ? 2026 Co\u00fbts de la vie et conseils de relocalisation\">Texas<\/a> et <a href=\"https:\/\/moverdb.com\/fr\/moving-to-the-united-states\/moving-to-georgia\/\" data-internallinksmanager029f6b8e52c=\"402\" title=\"D\u00e9m\u00e9nager en G\u00e9orgie ? 2026 Co\u00fbts de la vie et conseils de relocalisation\">G\u00e9orgie<\/a>. Elle dispose d'un r\u00e9seau mondial de 160 agents partenaires qui l'aident \u00e0 fournir des services internationaux. Ils sont membres de l'IAM et ont sept ans d'exp\u00e9rience.<\/p>\n<p>Universal Relocations propose un service de d\u00e9m\u00e9nagement porte \u00e0 porte pour les m\u00e9nages et les entreprises. Ils fournissent un service d'emballage s\u00e9curis\u00e9 pour prot\u00e9ger vos biens pendant le transport et peuvent \u00e9galement transporter vos animaux de compagnie et vos v\u00e9hicules. Elle propose \u00e9galement des services suppl\u00e9mentaires, notamment une aide \u00e0 la recherche de logement, des installations de stockage et une assurance.<\/p>\n<p>Site web : <a href=\"https:\/\/universalrelocations.com\/\" target=\"_blank\" rel=\"noopener\">https:\/\/universalrelocations.com\/<\/a><\/p>","protected":false},"excerpt":{"rendered":"<p>When you are moving home or your business there is a lot to do so engaging the services of a moving company can assist you in reducing the workload so you can focus on other aspects of your move. This can include packing, arranging transport and handling customs for international moves. Below we have compiled [&hellip;]<\/p>\n","protected":false},"author":4,"featured_media":11442,"parent":190,"menu_order":0,"comment_status":"closed","ping_status":"closed","template":"","meta":{"_genesis_hide_title":false,"_genesis_hide_breadcrumbs":false,"_genesis_hide_singular_image":false,"_genesis_hide_footer_widgets":false,"_genesis_custom_body_class":"","_genesis_custom_post_class":"","_genesis_layout":"","footnotes":""},"class_list":{"0":"post-11564","1":"page","2":"type-page","3":"status-publish","4":"has-post-thumbnail","6":"entry"},"_links":{"self":[{"href":"https:\/\/moverdb.com\/fr\/wp-json\/wp\/v2\/pages\/11564","targetHints":{"allow":["GET"]}}],"collection":[{"href":"https:\/\/moverdb.com\/fr\/wp-json\/wp\/v2\/pages"}],"about":[{"href":"https:\/\/moverdb.com\/fr\/wp-json\/wp\/v2\/types\/page"}],"author":[{"embeddable":true,"href":"https:\/\/moverdb.com\/fr\/wp-json\/wp\/v2\/users\/4"}],"replies":[{"embeddable":true,"href":"https:\/\/moverdb.com\/fr\/wp-json\/wp\/v2\/comments?post=11564"}],"version-history":[{"count":1,"href":"https:\/\/moverdb.com\/fr\/wp-json\/wp\/v2\/pages\/11564\/revisions"}],"predecessor-version":[{"id":11565,"href":"https:\/\/moverdb.com\/fr\/wp-json\/wp\/v2\/pages\/11564\/revisions\/11565"}],"up":[{"embeddable":true,"href":"https:\/\/moverdb.com\/fr\/wp-json\/wp\/v2\/pages\/190"}],"wp:featuredmedia":[{"embeddable":true,"href":"https:\/\/moverdb.com\/fr\/wp-json\/wp\/v2\/media\/11442"}],"wp:attachment":[{"href":"https:\/\/moverdb.com\/fr\/wp-json\/wp\/v2\/media?parent=11564"}],"curies":[{"name":"wp","href":"https:\/\/api.w.org\/{rel}","templated":true}]}}