{"id":11560,"date":"2023-11-29T10:28:15","date_gmt":"2023-11-29T10:28:15","guid":{"rendered":"https:\/\/moverdb.com\/?page_id=11560"},"modified":"2026-01-08T15:24:13","modified_gmt":"2026-01-08T15:24:13","slug":"moving-companies-in-el-paso-usa","status":"publish","type":"page","link":"https:\/\/moverdb.com\/fr\/moving-companies\/moving-companies-in-el-paso-usa\/","title":{"rendered":"3 Meilleures entreprises de d\u00e9m\u00e9nagements internationaux \u00e0 El Paso"},"content":{"rendered":"<p>Vous envisagez de d\u00e9m\u00e9nager \u00e0 l'int\u00e9rieur, \u00e0 destination ou en provenance d'El Paso ? Dans ce cas, faire appel \u00e0 un <a href=\"https:\/\/moverdb.com\/fr\/moving-companies\/\" data-internallinksmanager029f6b8e52c=\"79\" title=\"Les 25 meilleures soci\u00e9t\u00e9s de d\u00e9m\u00e9nagement international en ligne\">soci\u00e9t\u00e9 de d\u00e9m\u00e9nagement<\/a> L'intervention d'une entreprise sp\u00e9cialis\u00e9e dans l'emballage, le transport et les formalit\u00e9s douani\u00e8res pour les d\u00e9m\u00e9nagements internationaux peut r\u00e9duire le stress. Nous avons dress\u00e9 ci-dessous une liste de soci\u00e9t\u00e9s de d\u00e9m\u00e9nagement bas\u00e9es \u00e0 El Paso. <a href=\"https:\/\/moverdb.com\/fr\/international-removals\/\" data-internallinksmanager029f6b8e52c=\"27\" title=\"36 meilleures entreprises de d\u00e9m\u00e9nagements internationaux au Royaume-Uni\">entreprises de d\u00e9m\u00e9nagement<\/a> qui sont membres de la <a href=\"https:\/\/moverdb.com\/fr\/iam\/\" data-internallinksmanager029f6b8e52c=\"23\" title=\"L&#039;Association internationale des d\u00e9m\u00e9nageurs (IAM) expliqu\u00e9e\">Association internationale des d\u00e9m\u00e9nageurs<\/a> (IAM) et\/ou <a href=\"https:\/\/moverdb.com\/fr\/fidi-faim\/\" data-internallinksmanager029f6b8e52c=\"16\" title=\"Explication de la FIDI et du FAIM (FIDI Accredited International Mover)\">FIDI<\/a> D\u00e9m\u00e9nageur international accr\u00e9dit\u00e9 (FAIM) qui pourrait vous aider dans votre d\u00e9m\u00e9nagement.<\/p>\n<h2><strong>1. Deseret International Forwarding<\/strong><\/h2>\n<p><img loading=\"lazy\" decoding=\"async\" class=\"alignnone size-full wp-image-11305\" src=\"https:\/\/moverdb.com\/wp-content\/uploads\/Deseret-International-Forwarding-moving-company.png\" alt=\"Deseret International Forwarding soci\u00e9t\u00e9 de d\u00e9m\u00e9nagement\" width=\"1440\" height=\"676\" data-wp-pid=\"11305\" srcset=\"https:\/\/moverdb.com\/wp-content\/uploads\/Deseret-International-Forwarding-moving-company.png 1440w, https:\/\/moverdb.com\/wp-content\/uploads\/Deseret-International-Forwarding-moving-company-300x141.png 300w, https:\/\/moverdb.com\/wp-content\/uploads\/Deseret-International-Forwarding-moving-company-1024x481.png 1024w, https:\/\/moverdb.com\/wp-content\/uploads\/Deseret-International-Forwarding-moving-company-18x8.png 18w, https:\/\/moverdb.com\/wp-content\/uploads\/Deseret-International-Forwarding-moving-company-600x282.png 600w\" sizes=\"auto, (max-width: 1440px) 100vw, 1440px\" \/><\/p>\n<ul>\n<li>D\u00e9m\u00e9nagements internationaux<\/li>\n<li>D\u00e9m\u00e9nagements de m\u00e9nages<\/li>\n<li>D\u00e9m\u00e9nagements d'entreprises<\/li>\n<li>Porte-\u00e0-porte ou <a href=\"https:\/\/moverdb.com\/fr\/top-49-container-ports\/\" data-internallinksmanager029f6b8e52c=\"80\" title=\"Les 49 ports \u00e0 conteneurs les plus importants et les plus fr\u00e9quent\u00e9s en 2025\">port<\/a>-Service de porte \u00e0 porte<\/li>\n<li>Coordinateur des d\u00e9m\u00e9nagements personnels<\/li>\n<li>Service d'emballage<\/li>\n<li>Transports a\u00e9riens, maritimes et terrestres<\/li>\n<li>Suivi en ligne des exp\u00e9ditions<\/li>\n<li>Assurance tous risques<\/li>\n<li>Stockage s\u00e9curis\u00e9<\/li>\n<\/ul>\n<p>Deseret International Forwarding se concentre sur l'exp\u00e9dition internationale d'articles m\u00e9nagers et est bas\u00e9 \u00e0 El Paso. Elle dispose d'un r\u00e9seau fiable de relations mondiales avec d'autres agents de d\u00e9m\u00e9nagement pour offrir des services de d\u00e9m\u00e9nagement internationaux. Elle est membre de l'IAM et compte 31 ans d'exp\u00e9rience.<\/p>\n<p>Les coordinateurs de d\u00e9m\u00e9nagements personnels de Deseret International Forwarding vous accompagneront tout au long du d\u00e9m\u00e9nagement et vous aideront \u00e0 choisir la meilleure fa\u00e7on de d\u00e9m\u00e9nager vers votre nouveau domicile. Ils proposent un service porte-\u00e0-porte ou port-\u00e0-porte qui peut inclure l'emballage de vos biens. Ils organisent le transport de vos biens en toute s\u00e9curit\u00e9 par voie a\u00e9rienne, maritime ou terrestre.<\/p>\n<p>Site web : <a href=\"http:\/\/www.deseret-intl.com\/\" target=\"_blank\" rel=\"noopener\">http:\/\/www.deseret-intl.com\/<\/a><\/p>\n<h2><strong>2. ITO<\/strong><\/h2>\n<p><img loading=\"lazy\" decoding=\"async\" class=\"alignnone size-full wp-image-11355\" src=\"https:\/\/moverdb.com\/wp-content\/uploads\/ITO-El-Paso-international-moving-company.png\" alt=\"ITO El Paso, entreprise de d\u00e9m\u00e9nagements internationaux\" width=\"1440\" height=\"683\" data-wp-pid=\"11355\" srcset=\"https:\/\/moverdb.com\/wp-content\/uploads\/ITO-El-Paso-international-moving-company.png 1440w, https:\/\/moverdb.com\/wp-content\/uploads\/ITO-El-Paso-international-moving-company-300x142.png 300w, https:\/\/moverdb.com\/wp-content\/uploads\/ITO-El-Paso-international-moving-company-1024x486.png 1024w, https:\/\/moverdb.com\/wp-content\/uploads\/ITO-El-Paso-international-moving-company-18x9.png 18w, https:\/\/moverdb.com\/wp-content\/uploads\/ITO-El-Paso-international-moving-company-600x285.png 600w\" sizes=\"auto, (max-width: 1440px) 100vw, 1440px\" \/><\/p>\n<ul>\n<li>Mouvements nationaux<\/li>\n<li>D\u00e9m\u00e9nagements internationaux<\/li>\n<li>D\u00e9m\u00e9nagements de m\u00e9nages<\/li>\n<li>D\u00e9m\u00e9nagement de bureaux<\/li>\n<li>Premi\u00e8re consultation<\/li>\n<li>Service d'emballage<\/li>\n<li>Organisation du transport<\/li>\n<li>D\u00e9douanement<\/li>\n<li>Services de l'artisan<\/li>\n<li>Stockage s\u00e9curis\u00e9<\/li>\n<\/ul>\n<p>ITO est une entreprise de d\u00e9m\u00e9nagements internationaux qui poss\u00e8de des succursales dans les pays suivants <a href=\"https:\/\/moverdb.com\/fr\/moving-to-the-united-states\/\" data-internallinksmanager029f6b8e52c=\"94\" title=\"Vous partez aux \u00c9tats-Unis ? 2026 Co\u00fbt de la vie et conseils de relocalisation\">USA<\/a>, <a href=\"https:\/\/moverdb.com\/fr\/moving-to-germany\/\" data-internallinksmanager029f6b8e52c=\"321\" title=\"D\u00e9m\u00e9nager en Allemagne ? 2026 Co\u00fbts de la vie et conseils de relocalisation\">Allemagne<\/a> et en Afrique. Ses bureaux aux \u00c9tats-Unis sont situ\u00e9s \u00e0 El Paso, Wichita Falls et Norfolk. Ils travaillent \u00e0 l'\u00e9chelle internationale en utilisant leurs propres succursales et leur r\u00e9seau de partenaires internationaux. Elle est membre de l'IAM et compte 47 ans d'exp\u00e9rience.<\/p>\n<p>ITO offre une consultation initiale et des conseils pour vous pr\u00e9parer. Ils fournissent des emballages standard et sp\u00e9cialis\u00e9s pour prot\u00e9ger vos biens, ainsi que le d\u00e9montage et le montage des meubles. Ils peuvent \u00e9galement proposer des services d'artisans si n\u00e9cessaire. Ils proposent une gamme d'options de transport, y compris des conteneurs collectifs pour certaines r\u00e9gions.<\/p>\n<p>Site web : <a href=\"https:\/\/www.ito-movers.de\/?lang=en\" target=\"_blank\" rel=\"noopener\">https:\/\/www.ito-movers.de\/?lang=en<\/a><\/p>\n<h2><strong>3. TIS Worldwide<\/strong><\/h2>\n<p><img loading=\"lazy\" decoding=\"async\" class=\"alignnone size-full wp-image-11456\" src=\"https:\/\/moverdb.com\/wp-content\/uploads\/TIS-Worldwide-international-moving-company.png\" alt=\"TIS Worldwide, soci\u00e9t\u00e9 de d\u00e9m\u00e9nagements internationaux\" width=\"1440\" height=\"682\" data-wp-pid=\"11456\" srcset=\"https:\/\/moverdb.com\/wp-content\/uploads\/TIS-Worldwide-international-moving-company.png 1440w, https:\/\/moverdb.com\/wp-content\/uploads\/TIS-Worldwide-international-moving-company-300x142.png 300w, https:\/\/moverdb.com\/wp-content\/uploads\/TIS-Worldwide-international-moving-company-1024x485.png 1024w, https:\/\/moverdb.com\/wp-content\/uploads\/TIS-Worldwide-international-moving-company-18x9.png 18w, https:\/\/moverdb.com\/wp-content\/uploads\/TIS-Worldwide-international-moving-company-600x284.png 600w\" sizes=\"auto, (max-width: 1440px) 100vw, 1440px\" \/><\/p>\n<ul>\n<li>Services de transport de marchandises<\/li>\n<li>Transport international<\/li>\n<li>Gestion de la logistique<\/li>\n<li>Un service sur mesure<\/li>\n<li>Service porte-\u00e0-porte<\/li>\n<li>Service de port \u00e0 port<\/li>\n<li>Transport par camion, par rail, par route et par mer<\/li>\n<li>Charges compl\u00e8tes et moins que compl\u00e8tes<\/li>\n<li>Suivi des cargaisons<\/li>\n<li>Installations de stockage<\/li>\n<\/ul>\n<p>TIS Worldwide est un prestataire de services logistiques de premier plan, incorpor\u00e9 en 1976 et bas\u00e9 \u00e0 El Paso. Il dispose d'un r\u00e9seau mondial d'agents dans la plupart des pays du monde pour l'aider \u00e0 fournir des services internationaux. Elle est membre de l'IAM et compte 47 ans d'exp\u00e9rience.<\/p>\n<p>TIS Worldwide offre un service personnalis\u00e9 et recherche les meilleures options de transport pour votre envoi afin d'obtenir les co\u00fbts les plus comp\u00e9titifs et un service de qualit\u00e9. Elle propose une gamme d'options de transport comprenant des services de porte \u00e0 porte et de port \u00e0 port pour des chargements de conteneurs complets ou moins complets, ainsi que pour des cargaisons de projets.<\/p>\n<p>Site web : <a href=\"https:\/\/www.tis-shipping.com\/\" target=\"_blank\" rel=\"noopener\">https:\/\/www.tis-shipping.com\/<\/a><\/p>","protected":false},"excerpt":{"rendered":"<p>Are you planning on moving within, to or from El Paso? Then enlisting the help of a moving company to pack, arrange transport and handle customs for international moves can reduce the stress. Below we have compiled a list of El Paso based removal companies that are members of the International Association of Movers (IAM) [&hellip;]<\/p>\n","protected":false},"author":4,"featured_media":11305,"parent":190,"menu_order":0,"comment_status":"closed","ping_status":"closed","template":"","meta":{"_genesis_hide_title":false,"_genesis_hide_breadcrumbs":false,"_genesis_hide_singular_image":false,"_genesis_hide_footer_widgets":false,"_genesis_custom_body_class":"","_genesis_custom_post_class":"","_genesis_layout":"","footnotes":""},"class_list":{"0":"post-11560","1":"page","2":"type-page","3":"status-publish","4":"has-post-thumbnail","6":"entry"},"_links":{"self":[{"href":"https:\/\/moverdb.com\/fr\/wp-json\/wp\/v2\/pages\/11560","targetHints":{"allow":["GET"]}}],"collection":[{"href":"https:\/\/moverdb.com\/fr\/wp-json\/wp\/v2\/pages"}],"about":[{"href":"https:\/\/moverdb.com\/fr\/wp-json\/wp\/v2\/types\/page"}],"author":[{"embeddable":true,"href":"https:\/\/moverdb.com\/fr\/wp-json\/wp\/v2\/users\/4"}],"replies":[{"embeddable":true,"href":"https:\/\/moverdb.com\/fr\/wp-json\/wp\/v2\/comments?post=11560"}],"version-history":[{"count":1,"href":"https:\/\/moverdb.com\/fr\/wp-json\/wp\/v2\/pages\/11560\/revisions"}],"predecessor-version":[{"id":11561,"href":"https:\/\/moverdb.com\/fr\/wp-json\/wp\/v2\/pages\/11560\/revisions\/11561"}],"up":[{"embeddable":true,"href":"https:\/\/moverdb.com\/fr\/wp-json\/wp\/v2\/pages\/190"}],"wp:featuredmedia":[{"embeddable":true,"href":"https:\/\/moverdb.com\/fr\/wp-json\/wp\/v2\/media\/11305"}],"wp:attachment":[{"href":"https:\/\/moverdb.com\/fr\/wp-json\/wp\/v2\/media?parent=11560"}],"curies":[{"name":"wp","href":"https:\/\/api.w.org\/{rel}","templated":true}]}}