{"id":11558,"date":"2023-11-29T10:29:34","date_gmt":"2023-11-29T10:29:34","guid":{"rendered":"https:\/\/moverdb.com\/?page_id=11558"},"modified":"2026-01-08T15:24:12","modified_gmt":"2026-01-08T15:24:12","slug":"moving-companies-us-danbury","status":"publish","type":"page","link":"https:\/\/moverdb.com\/fr\/moving-companies\/moving-companies-us-danbury\/","title":{"rendered":"3 Meilleures entreprises de d\u00e9m\u00e9nagements internationaux \u00e0 Danbury"},"content":{"rendered":"<p>La planification et la gestion d'un d\u00e9m\u00e9nagement peuvent \u00eatre stressantes. <a href=\"https:\/\/moverdb.com\/fr\/moving-companies\/\" data-internallinksmanager029f6b8e52c=\"79\" title=\"Les 25 meilleures soci\u00e9t\u00e9s de d\u00e9m\u00e9nagement international en ligne\">soci\u00e9t\u00e9 de d\u00e9m\u00e9nagement<\/a> Le fait de faire appel \u00e0 un sp\u00e9cialiste pour emballer et transporter vos effets personnels peut vous soulager. Nous avons dress\u00e9 ci-dessous une liste de soci\u00e9t\u00e9s bas\u00e9es \u00e0 Danbury qui peuvent vous aider \u00e0 emballer et \u00e0 transporter vos biens. <a href=\"https:\/\/moverdb.com\/fr\/international-removals\/\" data-internallinksmanager029f6b8e52c=\"27\" title=\"36 meilleures entreprises de d\u00e9m\u00e9nagements internationaux au Royaume-Uni\">entreprises de d\u00e9m\u00e9nagement<\/a> qui sont membres de la <a href=\"https:\/\/moverdb.com\/fr\/iam\/\" data-internallinksmanager029f6b8e52c=\"23\" title=\"L&#039;Association internationale des d\u00e9m\u00e9nageurs (IAM) expliqu\u00e9e\">Association internationale des d\u00e9m\u00e9nageurs<\/a> (IAM) et\/ou <a href=\"https:\/\/moverdb.com\/fr\/fidi-faim\/\" data-internallinksmanager029f6b8e52c=\"16\" title=\"Explication de la FIDI et du FAIM (FIDI Accredited International Mover)\">FIDI<\/a> D\u00e9m\u00e9nageur international accr\u00e9dit\u00e9 (FAIM) qui pourrait vous aider dans votre d\u00e9m\u00e9nagement.<\/p>\n<h2><strong>1. Continuum International<\/strong><\/h2>\n<p><img loading=\"lazy\" decoding=\"async\" class=\"alignnone size-full wp-image-11296\" src=\"https:\/\/moverdb.com\/wp-content\/uploads\/Continuum-International-moving-company.png\" alt=\"Continuum International soci\u00e9t\u00e9 de d\u00e9m\u00e9nagement\" width=\"1440\" height=\"677\" data-wp-pid=\"11296\" srcset=\"https:\/\/moverdb.com\/wp-content\/uploads\/Continuum-International-moving-company.png 1440w, https:\/\/moverdb.com\/wp-content\/uploads\/Continuum-International-moving-company-300x141.png 300w, https:\/\/moverdb.com\/wp-content\/uploads\/Continuum-International-moving-company-1024x481.png 1024w, https:\/\/moverdb.com\/wp-content\/uploads\/Continuum-International-moving-company-18x8.png 18w, https:\/\/moverdb.com\/wp-content\/uploads\/Continuum-International-moving-company-600x282.png 600w\" sizes=\"auto, (max-width: 1440px) 100vw, 1440px\" \/><\/p>\n<ul>\n<li>D\u00e9localisations nationales<\/li>\n<li>D\u00e9localisations internationales<\/li>\n<li>D\u00e9m\u00e9nagements d'entreprises<\/li>\n<li>Service porte-\u00e0-porte<\/li>\n<li>Des services sur mesure<\/li>\n<li>Service d'emballage<\/li>\n<li>Transport a\u00e9rien, maritime ou routier<\/li>\n<li>Pr\u00e9paration des documents<\/li>\n<li>Assurance transit<\/li>\n<li>Installations de stockage<\/li>\n<\/ul>\n<p>Continuum International est une soci\u00e9t\u00e9 de services de relocalisation et de gestion des affectations \u00e0 l'\u00e9chelle mondiale qui op\u00e8re depuis plus de 20 ans et poss\u00e8de des bureaux \u00e0 Danbury et Brookfield. Elle dispose de partenariats mondiaux qui lui permettent de fournir ses services \u00e0 l'\u00e9chelle internationale. Elle est membre de l'AIM et compte 24 ans d'exp\u00e9rience.<\/p>\n<p>Continuum International propose des services de d\u00e9m\u00e9nagement et de relocalisation porte-\u00e0-porte sur mesure avec un conseiller en relocalisation attitr\u00e9. Ils proposent une \u00e9tude pr\u00e9alable au d\u00e9m\u00e9nagement afin d'\u00e9valuer vos besoins et d'\u00e9laborer un plan de d\u00e9m\u00e9nagement. Ils emballeront vos biens en veillant \u00e0 ce que les mat\u00e9riaux d'emballage soient adapt\u00e9s au mode de transport et \u00e0 la destination.<\/p>\n<p>Site web : <a href=\"https:\/\/www.continuumrelo.com\/\" target=\"_blank\" rel=\"noopener\">https:\/\/www.continuumrelo.com\/<\/a><\/p>\n<h2><strong>2. Interconex<\/strong><\/h2>\n<p><img loading=\"lazy\" decoding=\"async\" class=\"alignnone size-full wp-image-11345\" src=\"https:\/\/moverdb.com\/wp-content\/uploads\/Interconex-international-moving-company.png\" alt=\"Interconex soci\u00e9t\u00e9 de d\u00e9m\u00e9nagement international\" width=\"1440\" height=\"678\" data-wp-pid=\"11345\" srcset=\"https:\/\/moverdb.com\/wp-content\/uploads\/Interconex-international-moving-company.png 1440w, https:\/\/moverdb.com\/wp-content\/uploads\/Interconex-international-moving-company-300x141.png 300w, https:\/\/moverdb.com\/wp-content\/uploads\/Interconex-international-moving-company-1024x482.png 1024w, https:\/\/moverdb.com\/wp-content\/uploads\/Interconex-international-moving-company-18x8.png 18w, https:\/\/moverdb.com\/wp-content\/uploads\/Interconex-international-moving-company-600x283.png 600w\" sizes=\"auto, (max-width: 1440px) 100vw, 1440px\" \/><\/p>\n<ul>\n<li>Mouvements nationaux<\/li>\n<li>D\u00e9m\u00e9nagements internationaux<\/li>\n<li>D\u00e9m\u00e9nagements de m\u00e9nages<\/li>\n<li>D\u00e9m\u00e9nagements d'entreprises<\/li>\n<li>Service porte-\u00e0-porte<\/li>\n<li>Service d'emballage<\/li>\n<li>Organisation du transport<\/li>\n<li>D\u00e9douanement<\/li>\n<li>D\u00e9placement d'un animal de compagnie<\/li>\n<li>Services de stockage s\u00e9curis\u00e9<\/li>\n<\/ul>\n<p>Interconex est une soci\u00e9t\u00e9 de d\u00e9m\u00e9nagement d'articles m\u00e9nagers \u00e0 service complet cr\u00e9\u00e9e en 1969 et bas\u00e9e \u00e0 Danbury. Elle travaille avec des partenaires internationaux tri\u00e9s sur le volet pour fournir ses services dans le monde entier. Elle est accr\u00e9dit\u00e9e par la FIDI.<\/p>\n<p>Interconex propose une \u00e9tude initiale pour d\u00e9terminer vos besoins en mati\u00e8re de d\u00e9m\u00e9nagement. Ils fournissent un service d'emballage qui utilise des mat\u00e9riaux d'emballage de la meilleure qualit\u00e9 et des emballeurs form\u00e9s pour prot\u00e9ger vos biens. Ce service peut inclure des mat\u00e9riaux d'emballage sp\u00e9cialis\u00e9s et des caisses sur mesure. Ils proposent des services suppl\u00e9mentaires tels que le transport a\u00e9roportuaire, les services de conciergerie, l'assistance d'un homme \u00e0 tout faire, le service de m\u00e9nage, le logement temporaire, les services de destination, le transfert d'animaux de compagnie, l'assurance tous risques et le stockage.<\/p>\n<p>Site web : <a href=\"https:\/\/www.interconex.com\/\" target=\"_blank\" rel=\"noopener\">https:\/\/www.interconex.com\/<\/a><\/p>\n<h2><strong>3. Intermove Ltd<\/strong><\/h2>\n<p><img loading=\"lazy\" decoding=\"async\" class=\"alignnone size-full wp-image-11346\" src=\"https:\/\/moverdb.com\/wp-content\/uploads\/Intermove-Danbury-international-moving-company.png\" alt=\"Intermove Danbury entreprise de d\u00e9m\u00e9nagement international\" width=\"1440\" height=\"680\" data-wp-pid=\"11346\" srcset=\"https:\/\/moverdb.com\/wp-content\/uploads\/Intermove-Danbury-international-moving-company.png 1440w, https:\/\/moverdb.com\/wp-content\/uploads\/Intermove-Danbury-international-moving-company-300x142.png 300w, https:\/\/moverdb.com\/wp-content\/uploads\/Intermove-Danbury-international-moving-company-1024x484.png 1024w, https:\/\/moverdb.com\/wp-content\/uploads\/Intermove-Danbury-international-moving-company-18x9.png 18w, https:\/\/moverdb.com\/wp-content\/uploads\/Intermove-Danbury-international-moving-company-600x283.png 600w\" sizes=\"auto, (max-width: 1440px) 100vw, 1440px\" \/><\/p>\n<ul>\n<li>D\u00e9localisations internationales<\/li>\n<li>D\u00e9m\u00e9nagements de m\u00e9nages<\/li>\n<li>D\u00e9localisations d'entreprises<\/li>\n<li>Service porte-\u00e0-porte<\/li>\n<li>Devis gratuit<\/li>\n<li>Assistance virtuelle et sur place<\/li>\n<li>Transports a\u00e9riens, maritimes et terrestres<\/li>\n<li>Support de documentation<\/li>\n<li>Assurance<\/li>\n<\/ul>\n<p>Intermove Ltd est une soci\u00e9t\u00e9 de d\u00e9m\u00e9nagement international fond\u00e9e en 1977 et bas\u00e9e \u00e0 Danbury. Elle dispose d'un r\u00e9seau d'entreprises de d\u00e9m\u00e9nagement international de confiance qui l'aide \u00e0 fournir des services porte-\u00e0-porte dans le monde entier. Elle est membre de l'IAM et compte 46 ans d'exp\u00e9rience.<\/p>\n<p>Intermove Ltd propose un devis gratuit accompagn\u00e9 de conseils et d'une assistance de la part de ses sp\u00e9cialistes en d\u00e9m\u00e9nagements internationaux, que ce soit virtuellement ou sur place pour les d\u00e9m\u00e9nagements internationaux. Ils organiseront le transport de vos biens en toute s\u00e9curit\u00e9 par voie a\u00e9rienne, maritime ou terrestre et vous aideront \u00e0 \u00e9tablir les documents n\u00e9cessaires. Ils fournissent une couverture d'assurance pour les chargements emball\u00e9s de mani\u00e8re professionnelle.<\/p>\n<p>Site web : <a href=\"https:\/\/www.intermove.com\/\" target=\"_blank\" rel=\"noopener\">https:\/\/www.intermove.com\/<\/a><\/p>","protected":false},"excerpt":{"rendered":"<p>Planning and managing your move can be stressful so getting a moving company in to pack and transport your belongings can ease the pressure. Below we have compiled a list of Danbury based removal companies that are members of the International Association of Movers (IAM) and\/or FIDI Accredited International Mover (FAIM) who could assist you [&hellip;]<\/p>\n","protected":false},"author":4,"featured_media":11296,"parent":190,"menu_order":0,"comment_status":"closed","ping_status":"closed","template":"","meta":{"_genesis_hide_title":false,"_genesis_hide_breadcrumbs":false,"_genesis_hide_singular_image":false,"_genesis_hide_footer_widgets":false,"_genesis_custom_body_class":"","_genesis_custom_post_class":"","_genesis_layout":"","footnotes":""},"class_list":{"0":"post-11558","1":"page","2":"type-page","3":"status-publish","4":"has-post-thumbnail","6":"entry"},"_links":{"self":[{"href":"https:\/\/moverdb.com\/fr\/wp-json\/wp\/v2\/pages\/11558","targetHints":{"allow":["GET"]}}],"collection":[{"href":"https:\/\/moverdb.com\/fr\/wp-json\/wp\/v2\/pages"}],"about":[{"href":"https:\/\/moverdb.com\/fr\/wp-json\/wp\/v2\/types\/page"}],"author":[{"embeddable":true,"href":"https:\/\/moverdb.com\/fr\/wp-json\/wp\/v2\/users\/4"}],"replies":[{"embeddable":true,"href":"https:\/\/moverdb.com\/fr\/wp-json\/wp\/v2\/comments?post=11558"}],"version-history":[{"count":1,"href":"https:\/\/moverdb.com\/fr\/wp-json\/wp\/v2\/pages\/11558\/revisions"}],"predecessor-version":[{"id":11559,"href":"https:\/\/moverdb.com\/fr\/wp-json\/wp\/v2\/pages\/11558\/revisions\/11559"}],"up":[{"embeddable":true,"href":"https:\/\/moverdb.com\/fr\/wp-json\/wp\/v2\/pages\/190"}],"wp:featuredmedia":[{"embeddable":true,"href":"https:\/\/moverdb.com\/fr\/wp-json\/wp\/v2\/media\/11296"}],"wp:attachment":[{"href":"https:\/\/moverdb.com\/fr\/wp-json\/wp\/v2\/media?parent=11558"}],"curies":[{"name":"wp","href":"https:\/\/api.w.org\/{rel}","templated":true}]}}