{"id":11556,"date":"2023-11-29T10:30:30","date_gmt":"2023-11-29T10:30:30","guid":{"rendered":"https:\/\/moverdb.com\/?page_id=11556"},"modified":"2026-01-08T15:24:11","modified_gmt":"2026-01-08T15:24:11","slug":"moving-companies-us-connecticut","status":"publish","type":"page","link":"https:\/\/moverdb.com\/fr\/moving-companies\/moving-companies-us-connecticut\/","title":{"rendered":"3 meilleures entreprises de d\u00e9m\u00e9nagements internationaux dans le Connecticut"},"content":{"rendered":"<p>Si vous d\u00e9m\u00e9nagez, vous pouvez faire appel aux services d'un <a href=\"https:\/\/moverdb.com\/fr\/moving-companies\/\" data-internallinksmanager029f6b8e52c=\"79\" title=\"Les 25 meilleures soci\u00e9t\u00e9s de d\u00e9m\u00e9nagement international en ligne\">soci\u00e9t\u00e9 de d\u00e9m\u00e9nagement<\/a> pour soutenir et all\u00e9ger la charge. Ils peuvent vous aider \u00e0 planifier le d\u00e9m\u00e9nagement, \u00e0 emballer vos biens, \u00e0 organiser le transport et \u00e0 s'occuper des formalit\u00e9s douani\u00e8res pour les d\u00e9m\u00e9nagements internationaux. Nous avons dress\u00e9 ci-dessous une liste de <a href=\"https:\/\/moverdb.com\/fr\/moving-to-the-united-states\/moving-to-connecticut\/\" data-internallinksmanager029f6b8e52c=\"444\" title=\"Vous d\u00e9m\u00e9nagez dans le Connecticut ? 2026 Co\u00fbts de la vie et conseils de relocalisation\">Connecticut<\/a> bas\u00e9 sur <a href=\"https:\/\/moverdb.com\/fr\/international-removals\/\" data-internallinksmanager029f6b8e52c=\"27\" title=\"36 meilleures entreprises de d\u00e9m\u00e9nagements internationaux au Royaume-Uni\">entreprises de d\u00e9m\u00e9nagement<\/a> qui sont membres de la <a href=\"https:\/\/moverdb.com\/fr\/iam\/\" data-internallinksmanager029f6b8e52c=\"23\" title=\"L&#039;Association internationale des d\u00e9m\u00e9nageurs (IAM) expliqu\u00e9e\">Association internationale des d\u00e9m\u00e9nageurs<\/a> (IAM) et\/ou <a href=\"https:\/\/moverdb.com\/fr\/fidi-faim\/\" data-internallinksmanager029f6b8e52c=\"16\" title=\"Explication de la FIDI et du FAIM (FIDI Accredited International Mover)\">FIDI<\/a> D\u00e9m\u00e9nageur international accr\u00e9dit\u00e9 (FAIM) qui pourrait vous aider dans votre d\u00e9m\u00e9nagement.<\/p>\n<h2><strong>1. Brimar Relocation<\/strong><\/h2>\n<p><img loading=\"lazy\" decoding=\"async\" class=\"alignnone size-full wp-image-11277\" src=\"https:\/\/moverdb.com\/wp-content\/uploads\/Brimar-Relocations-international-moving-company.png\" alt=\"Brimar Relocations entreprise de d\u00e9m\u00e9nagement international\" width=\"1440\" height=\"679\" data-wp-pid=\"11277\" srcset=\"https:\/\/moverdb.com\/wp-content\/uploads\/Brimar-Relocations-international-moving-company.png 1440w, https:\/\/moverdb.com\/wp-content\/uploads\/Brimar-Relocations-international-moving-company-300x141.png 300w, https:\/\/moverdb.com\/wp-content\/uploads\/Brimar-Relocations-international-moving-company-1024x483.png 1024w, https:\/\/moverdb.com\/wp-content\/uploads\/Brimar-Relocations-international-moving-company-18x8.png 18w, https:\/\/moverdb.com\/wp-content\/uploads\/Brimar-Relocations-international-moving-company-600x283.png 600w\" sizes=\"auto, (max-width: 1440px) 100vw, 1440px\" \/><\/p>\n<ul>\n<li>Mouvements nationaux<\/li>\n<li>D\u00e9m\u00e9nagements internationaux<\/li>\n<li>D\u00e9m\u00e9nagements de m\u00e9nages<\/li>\n<li>D\u00e9localisations d'entreprises<\/li>\n<li>Service porte-\u00e0-porte<\/li>\n<li>Organisation du transport<\/li>\n<li>Soutien douanier<\/li>\n<li>Manipulation d'objets d'art<\/li>\n<li>Assurance<\/li>\n<li>Installations de stockage<\/li>\n<\/ul>\n<p>Brimar Relocations est une soci\u00e9t\u00e9 de d\u00e9m\u00e9nagement international fond\u00e9e en 2007 et bas\u00e9e \u00e0 Stamford. Elle dispose d'un bureau dans la ville de Stamford. <a href=\"https:\/\/moverdb.com\/fr\/moving-to-france\/moving-to-paris\/\" data-internallinksmanager029f6b8e52c=\"407\" title=\"D\u00e9m\u00e9nager \u00e0 Paris ? 2026 Co\u00fbts de la vie et conseils de relocalisation\">Paris<\/a>. Elle dispose d'un r\u00e9seau d\u00e9velopp\u00e9 d'agents dans le monde entier qui l'aident \u00e0 ex\u00e9cuter des d\u00e9m\u00e9nagements internationaux. Ils sont membres de l'IAM et ont 14 ans d'exp\u00e9rience.<\/p>\n<p>Brimar Relocation propose des services de d\u00e9m\u00e9nagement et de r\u00e9installation nationaux et internationaux et se sp\u00e9cialise dans les d\u00e9m\u00e9nagements d'entreprises et peut s'occuper d'\u0153uvres d'art. Elle propose des services de d\u00e9m\u00e9nagement porte-\u00e0-porte dans le cadre desquels elle prend les dispositions n\u00e9cessaires pour transporter vos biens jusqu'\u00e0 votre destination, ce qui peut inclure la mise en caisse et le stockage, ainsi qu'une couverture d'assurance de base.<\/p>\n<p>Site web : <a href=\"http:\/\/www.brimarrelo.com\" target=\"_blank\" rel=\"noopener\">http:\/\/www.brimarrelo.com<\/a><\/p>\n<h2><strong>2. Meyer<\/strong><\/h2>\n<p><img loading=\"lazy\" decoding=\"async\" class=\"alignnone size-full wp-image-11376\" src=\"https:\/\/moverdb.com\/wp-content\/uploads\/Meyer-international-moving-company.png\" alt=\"Meyer international move company\" width=\"1440\" height=\"680\" data-wp-pid=\"11376\" srcset=\"https:\/\/moverdb.com\/wp-content\/uploads\/Meyer-international-moving-company.png 1440w, https:\/\/moverdb.com\/wp-content\/uploads\/Meyer-international-moving-company-300x142.png 300w, https:\/\/moverdb.com\/wp-content\/uploads\/Meyer-international-moving-company-1024x484.png 1024w, https:\/\/moverdb.com\/wp-content\/uploads\/Meyer-international-moving-company-18x9.png 18w, https:\/\/moverdb.com\/wp-content\/uploads\/Meyer-international-moving-company-600x283.png 600w\" sizes=\"auto, (max-width: 1440px) 100vw, 1440px\" \/><\/p>\n<ul>\n<li>D\u00e9m\u00e9nagements locaux et longue distance<\/li>\n<li>D\u00e9localisations internationales<\/li>\n<li>D\u00e9m\u00e9nagements r\u00e9sidentiels<\/li>\n<li>D\u00e9m\u00e9nagement de bureaux<\/li>\n<li>D\u00e9localisations d'entreprises<\/li>\n<li>Service porte-\u00e0-porte<\/li>\n<li>Un coordinateur d\u00e9di\u00e9 au d\u00e9m\u00e9nagement<\/li>\n<li>Options d'emballage<\/li>\n<li><a href=\"https:\/\/moverdb.com\/fr\/car-transport-shipping\/\" data-internallinksmanager029f6b8e52c=\"2\" title=\"2026 Devis pour le transport international de voitures et l&#039;exp\u00e9dition de v\u00e9hicules\">Exp\u00e9dition de v\u00e9hicules<\/a><\/li>\n<li>Solutions de stockage<\/li>\n<\/ul>\n<p>Meyer est une entreprise de logistique, de relocalisation et de solutions de stockage fond\u00e9e en 1915 et bas\u00e9e \u00e0 Stratford. Elle fait partie du r\u00e9seau United Van Lines, ce qui lui permet d'avoir acc\u00e8s \u00e0 des entreprises de d\u00e9m\u00e9nagement qui l'aident \u00e0 fournir ses services. Elle est membre de l'IAM et compte 108 ans d'exp\u00e9rience.<\/p>\n<p>Meyer propose une consultation pour \u00e9valuer vos besoins et votre volume de d\u00e9m\u00e9nagement. Meyer met \u00e0 votre disposition un coordinateur de d\u00e9m\u00e9nagement, point de contact unique, qui g\u00e9rera tous les aspects de votre d\u00e9m\u00e9nagement. Il recherchera la meilleure solution de d\u00e9m\u00e9nagement pour vos besoins et fournira un service de porte \u00e0 porte avec l'option d'un service d'emballage complet ou d'un auto-emballage.<\/p>\n<p>Site web : <a href=\"http:\/\/www.williambmeyer.com\" target=\"_blank\" rel=\"noopener\">http:\/\/www.williambmeyer.com<\/a><\/p>\n<h2><strong>3. WorldCare Pet Transport<\/strong><\/h2>\n<p><img loading=\"lazy\" decoding=\"async\" class=\"alignnone size-full wp-image-11481\" src=\"https:\/\/moverdb.com\/wp-content\/uploads\/WorldCare-Pet-Transport-international-moving-company.png\" alt=\"WorldCare Pet Transport soci\u00e9t\u00e9 de d\u00e9m\u00e9nagement international\" width=\"1440\" height=\"683\" data-wp-pid=\"11481\" srcset=\"https:\/\/moverdb.com\/wp-content\/uploads\/WorldCare-Pet-Transport-international-moving-company.png 1440w, https:\/\/moverdb.com\/wp-content\/uploads\/WorldCare-Pet-Transport-international-moving-company-300x142.png 300w, https:\/\/moverdb.com\/wp-content\/uploads\/WorldCare-Pet-Transport-international-moving-company-1024x486.png 1024w, https:\/\/moverdb.com\/wp-content\/uploads\/WorldCare-Pet-Transport-international-moving-company-18x9.png 18w, https:\/\/moverdb.com\/wp-content\/uploads\/WorldCare-Pet-Transport-international-moving-company-600x285.png 600w\" sizes=\"auto, (max-width: 1440px) 100vw, 1440px\" \/><\/p>\n<ul>\n<li>Service national<\/li>\n<li>Service international<\/li>\n<li>D\u00e9m\u00e9nagement d'animaux priv\u00e9s<\/li>\n<li>D\u00e9m\u00e9nagement d'animaux de compagnie<\/li>\n<li>Service complet<\/li>\n<li>Service porte-\u00e0-porte<\/li>\n<li>Pour tous les types d'animaux de compagnie<\/li>\n<li>Organisation d'un transport efficace<\/li>\n<li>Transporteurs a\u00e9riens<\/li>\n<li>Services v\u00e9t\u00e9rinaires<\/li>\n<\/ul>\n<p>WorldCare Pet Transport est une soci\u00e9t\u00e9 internationale de transport d'animaux de compagnie qui op\u00e8re depuis plus de 10 ans. Elle travaille avec des d\u00e9m\u00e9nageurs d'articles m\u00e9nagers, des soci\u00e9t\u00e9s de gestion de la relocalisation et des responsables des ressources humaines. Elle est enregistr\u00e9e aupr\u00e8s de l'USDA en tant que gestionnaire imm\u00e9diat. Elle est membre de l'IAM et compte 22 ans d'exp\u00e9rience.<\/p>\n<p>WorldCare Pet Transport propose un service complet de transfert d'animaux de compagnie, en prenant en charge et en livrant votre animal partout dans le monde. Ils s'occupent de tous les pr\u00e9paratifs de voyage en s'assurant que les vols sont les plus directs et les plus rentables et en fournissant des transporteurs a\u00e9riens approuv\u00e9s de toutes tailles. Ils organisent les services v\u00e9t\u00e9rinaires, notamment les examens de sant\u00e9, les pr\u00e9l\u00e8vements sanguins, les certificats et les micropuces.<\/p>\n<p>Site web : <a href=\"http:\/\/www.WorldCarePet.com\" target=\"_blank\" rel=\"noopener\">http:\/\/www.WorldCarePet.com<\/a><\/p>","protected":false},"excerpt":{"rendered":"<p>If you are moving, you may want to employ the services of a moving company to support and lessen the load. They can help with planning the move, packing your belongings, arranging transport and handling customs for international moves. Below we have compiled a list of Connecticut based removal companies that are members of the [&hellip;]<\/p>\n","protected":false},"author":4,"featured_media":11277,"parent":190,"menu_order":0,"comment_status":"closed","ping_status":"closed","template":"","meta":{"_genesis_hide_title":false,"_genesis_hide_breadcrumbs":false,"_genesis_hide_singular_image":false,"_genesis_hide_footer_widgets":false,"_genesis_custom_body_class":"","_genesis_custom_post_class":"","_genesis_layout":"","footnotes":""},"class_list":{"0":"post-11556","1":"page","2":"type-page","3":"status-publish","4":"has-post-thumbnail","6":"entry"},"_links":{"self":[{"href":"https:\/\/moverdb.com\/fr\/wp-json\/wp\/v2\/pages\/11556","targetHints":{"allow":["GET"]}}],"collection":[{"href":"https:\/\/moverdb.com\/fr\/wp-json\/wp\/v2\/pages"}],"about":[{"href":"https:\/\/moverdb.com\/fr\/wp-json\/wp\/v2\/types\/page"}],"author":[{"embeddable":true,"href":"https:\/\/moverdb.com\/fr\/wp-json\/wp\/v2\/users\/4"}],"replies":[{"embeddable":true,"href":"https:\/\/moverdb.com\/fr\/wp-json\/wp\/v2\/comments?post=11556"}],"version-history":[{"count":1,"href":"https:\/\/moverdb.com\/fr\/wp-json\/wp\/v2\/pages\/11556\/revisions"}],"predecessor-version":[{"id":11557,"href":"https:\/\/moverdb.com\/fr\/wp-json\/wp\/v2\/pages\/11556\/revisions\/11557"}],"up":[{"embeddable":true,"href":"https:\/\/moverdb.com\/fr\/wp-json\/wp\/v2\/pages\/190"}],"wp:featuredmedia":[{"embeddable":true,"href":"https:\/\/moverdb.com\/fr\/wp-json\/wp\/v2\/media\/11277"}],"wp:attachment":[{"href":"https:\/\/moverdb.com\/fr\/wp-json\/wp\/v2\/media?parent=11556"}],"curies":[{"name":"wp","href":"https:\/\/api.w.org\/{rel}","templated":true}]}}