{"id":11546,"date":"2023-11-29T10:47:36","date_gmt":"2023-11-29T10:47:36","guid":{"rendered":"https:\/\/moverdb.com\/?page_id=11546"},"modified":"2026-01-08T15:25:02","modified_gmt":"2026-01-08T15:25:02","slug":"moving-companies-us-alaska","status":"publish","type":"page","link":"https:\/\/moverdb.com\/fr\/moving-companies\/moving-companies-us-alaska\/","title":{"rendered":"5 meilleures entreprises de d\u00e9m\u00e9nagements internationaux en Alaska"},"content":{"rendered":"<p>Si vous vivez actuellement en <a href=\"https:\/\/moverdb.com\/fr\/moving-to-the-united-states\/moving-to-alaska\/\" data-internallinksmanager029f6b8e52c=\"384\" title=\"Vous d\u00e9m\u00e9nagez en Alaska ? 2026 Co\u00fbts de la vie et conseils de relocalisation\">Alaska<\/a> et que vous pr\u00e9voyez de d\u00e9m\u00e9nager ou que vous vous installez en Alaska depuis l'\u00e9tranger, vous pouvez faire appel aux services d'une soci\u00e9t\u00e9 de d\u00e9m\u00e9nagement pour vous aider. <a href=\"https:\/\/moverdb.com\/fr\/moving-companies\/\" data-internallinksmanager029f6b8e52c=\"79\" title=\"Les 25 meilleures soci\u00e9t\u00e9s de d\u00e9m\u00e9nagement international en ligne\">Soci\u00e9t\u00e9s de d\u00e9m\u00e9nagement<\/a> peut all\u00e9ger votre charge et votre pression en emballant, chargeant et transportant vos biens. Nous avons dress\u00e9 ci-dessous une liste de soci\u00e9t\u00e9s de d\u00e9m\u00e9nagement bas\u00e9es en Alaska. <a href=\"https:\/\/moverdb.com\/fr\/international-removals\/\" data-internallinksmanager029f6b8e52c=\"27\" title=\"36 meilleures entreprises de d\u00e9m\u00e9nagements internationaux au Royaume-Uni\">entreprises de d\u00e9m\u00e9nagement<\/a> qui sont membres de la <a href=\"https:\/\/moverdb.com\/fr\/iam\/\" data-internallinksmanager029f6b8e52c=\"23\" title=\"L&#039;Association internationale des d\u00e9m\u00e9nageurs (IAM) expliqu\u00e9e\">Association internationale des d\u00e9m\u00e9nageurs<\/a> (IAM) et\/ou <a href=\"https:\/\/moverdb.com\/fr\/fidi-faim\/\" data-internallinksmanager029f6b8e52c=\"16\" title=\"Explication de la FIDI et du FAIM (FIDI Accredited International Mover)\">FIDI<\/a> D\u00e9m\u00e9nageur international accr\u00e9dit\u00e9 (FAIM) qui pourrait vous aider dans votre d\u00e9m\u00e9nagement.<\/p>\n<div id=\"ez-toc-container\" class=\"ez-toc-v2_0_82_2 ez-toc-wrap-left counter-hierarchy ez-toc-counter ez-toc-transparent ez-toc-container-direction\">\n<div class=\"ez-toc-title-container\">\n<p class=\"ez-toc-title\" style=\"cursor:inherit\">Sections<\/p>\n<span class=\"ez-toc-title-toggle\"><a href=\"#\" class=\"ez-toc-pull-right ez-toc-btn ez-toc-btn-xs ez-toc-btn-default ez-toc-toggle\" aria-label=\"Toggle Table des mati\u00e8res\"><span class=\"ez-toc-js-icon-con\"><span class=\"\"><span class=\"eztoc-hide\" style=\"display:none;\">Toggle<\/span><span class=\"ez-toc-icon-toggle-span\"><svg style=\"fill: #999;color:#999\" xmlns=\"http:\/\/www.w3.org\/2000\/svg\" class=\"list-377408\" width=\"20px\" height=\"20px\" viewbox=\"0 0 24 24\" fill=\"none\"><path d=\"M6 6H4v2h2V6zm14 0H8v2h12V6zM4 11h2v2H4v-2zm16 0H8v2h12v-2zM4 16h2v2H4v-2zm16 0H8v2h12v-2z\" fill=\"currentColor\"><\/path><\/svg><svg style=\"fill: #999;color:#999\" class=\"arrow-unsorted-368013\" xmlns=\"http:\/\/www.w3.org\/2000\/svg\" width=\"10px\" height=\"10px\" viewbox=\"0 0 24 24\" version=\"1.2\" baseprofile=\"tiny\"><path d=\"M18.2 9.3l-6.2-6.3-6.2 6.3c-.2.2-.3.4-.3.7s.1.5.3.7c.2.2.4.3.7.3h11c.3 0 .5-.1.7-.3.2-.2.3-.5.3-.7s-.1-.5-.3-.7zM5.8 14.7l6.2 6.3 6.2-6.3c.2-.2.3-.5.3-.7s-.1-.5-.3-.7c-.2-.2-.4-.3-.7-.3h-11c-.3 0-.5.1-.7.3-.2.2-.3.5-.3.7s.1.5.3.7z\"\/><\/svg><\/span><\/span><\/span><\/a><\/span><\/div>\n<nav><ul class='ez-toc-list ez-toc-list-level-1 eztoc-toggle-hide-by-default' ><li class='ez-toc-page-1 ez-toc-heading-level-2'><a class=\"ez-toc-link ez-toc-heading-1\" href=\"https:\/\/moverdb.com\/fr\/moving-companies\/moving-companies-us-alaska\/#1_Alisons_Relocations\" >1. Alisons Relocations<\/a><\/li><li class='ez-toc-page-1 ez-toc-heading-level-2'><a class=\"ez-toc-link ez-toc-heading-2\" href=\"https:\/\/moverdb.com\/fr\/moving-companies\/moving-companies-us-alaska\/#2_Continental_Van_Lines\" >2. Continental Van Lines<\/a><\/li><li class='ez-toc-page-1 ez-toc-heading-level-2'><a class=\"ez-toc-link ez-toc-heading-3\" href=\"https:\/\/moverdb.com\/fr\/moving-companies\/moving-companies-us-alaska\/#3_Golden_North_Van_Lines\" >3. Golden North Van Lines<\/a><\/li><li class='ez-toc-page-1 ez-toc-heading-level-2'><a class=\"ez-toc-link ez-toc-heading-4\" href=\"https:\/\/moverdb.com\/fr\/moving-companies\/moving-companies-us-alaska\/#4_Royal_Alaskan_Movers\" >4. Royal Alaskan Movers<\/a><\/li><li class='ez-toc-page-1 ez-toc-heading-level-2'><a class=\"ez-toc-link ez-toc-heading-5\" href=\"https:\/\/moverdb.com\/fr\/moving-companies\/moving-companies-us-alaska\/#5_Sourdough_Express\" >5. Sourdough Express<\/a><\/li><\/ul><\/nav><\/div>\n<h2><span class=\"ez-toc-section\" id=\"1_Alisons_Relocations\"><\/span><strong>1. Alisons Relocations<\/strong><span class=\"ez-toc-section-end\"><\/span><\/h2>\n<p><img loading=\"lazy\" decoding=\"async\" class=\"alignnone size-full wp-image-11250\" src=\"https:\/\/moverdb.com\/wp-content\/uploads\/Alisons-Relocation-international-moving-company.png\" alt=\"Alisons Relocation soci\u00e9t\u00e9 de d\u00e9m\u00e9nagement international\" width=\"1440\" height=\"678\" data-wp-pid=\"11250\" srcset=\"https:\/\/moverdb.com\/wp-content\/uploads\/Alisons-Relocation-international-moving-company.png 1440w, https:\/\/moverdb.com\/wp-content\/uploads\/Alisons-Relocation-international-moving-company-300x141.png 300w, https:\/\/moverdb.com\/wp-content\/uploads\/Alisons-Relocation-international-moving-company-1024x482.png 1024w, https:\/\/moverdb.com\/wp-content\/uploads\/Alisons-Relocation-international-moving-company-18x8.png 18w, https:\/\/moverdb.com\/wp-content\/uploads\/Alisons-Relocation-international-moving-company-600x283.png 600w\" sizes=\"auto, (max-width: 1440px) 100vw, 1440px\" \/><\/p>\n<ul>\n<li>Mouvements nationaux<\/li>\n<li>D\u00e9m\u00e9nagements internationaux<\/li>\n<li>D\u00e9m\u00e9nagements r\u00e9sidentiels<\/li>\n<li>D\u00e9m\u00e9nagements de bureaux et d'industries<\/li>\n<li>D\u00e9placement d'entreprise<\/li>\n<li>Service porte-\u00e0-porte<\/li>\n<li>Options d'emballage<\/li>\n<li>Transports maritimes, a\u00e9riens, routiers et ferroviaires<\/li>\n<li>Courtage en douane<\/li>\n<li>Installations de stockage<\/li>\n<\/ul>\n<p>Alison's Relocations est une soci\u00e9t\u00e9 de d\u00e9m\u00e9nagement et de stockage fond\u00e9e en 1998 \u00e0 Anchorage. Elle est membre de l'IAM et compte 26 ans d'exp\u00e9rience, ce qui lui permet de s'appuyer sur un r\u00e9seau international d'agents de d\u00e9m\u00e9nagement.<\/p>\n<p>Alison's Relocations propose des services de d\u00e9m\u00e9nagement de porte \u00e0 porte avec un seul point de contact. Ils offrent un choix de services d'emballage qui comprennent un service complet, un emballage partiel pour les objets fragiles et les meubles, des options d'auto-emballage et d'auto-emballage et de chargement. Leur service d'emballage rembourrera et enveloppera les meubles et emballera en toute s\u00e9curit\u00e9 tous les articles pouvant \u00eatre mis en bo\u00eete. Ils transporteront vos biens en suivant leurs mouvements dans leur syst\u00e8me de gestion des d\u00e9m\u00e9nagements et s'occuperont des formalit\u00e9s douani\u00e8res.<\/p>\n<p>Site web : <a href=\"https:\/\/alisonsrelo.com\/\" target=\"_blank\" rel=\"noopener\">https:\/\/alisonsrelo.com\/<\/a><\/p>\n<h2><span class=\"ez-toc-section\" id=\"2_Continental_Van_Lines\"><\/span><strong>2. Continental Van Lines<\/strong><span class=\"ez-toc-section-end\"><\/span><\/h2>\n<p><img loading=\"lazy\" decoding=\"async\" class=\"alignnone size-full wp-image-11295\" src=\"https:\/\/moverdb.com\/wp-content\/uploads\/Continental-Van-Lines-moving-company.png\" alt=\"Continental Van Lines entreprise de d\u00e9m\u00e9nagement\" width=\"1440\" height=\"680\" data-wp-pid=\"11295\" srcset=\"https:\/\/moverdb.com\/wp-content\/uploads\/Continental-Van-Lines-moving-company.png 1440w, https:\/\/moverdb.com\/wp-content\/uploads\/Continental-Van-Lines-moving-company-300x142.png 300w, https:\/\/moverdb.com\/wp-content\/uploads\/Continental-Van-Lines-moving-company-1024x484.png 1024w, https:\/\/moverdb.com\/wp-content\/uploads\/Continental-Van-Lines-moving-company-18x9.png 18w, https:\/\/moverdb.com\/wp-content\/uploads\/Continental-Van-Lines-moving-company-600x283.png 600w\" sizes=\"auto, (max-width: 1440px) 100vw, 1440px\" \/><\/p>\n<ul>\n<li>Mouvements nationaux<\/li>\n<li>D\u00e9m\u00e9nagements internationaux<\/li>\n<li>D\u00e9m\u00e9nagements r\u00e9sidentiels<\/li>\n<li>Mouvements de l'entreprise<\/li>\n<li>Service porte-\u00e0-porte<\/li>\n<li>Support d'emballage<\/li>\n<li>Organisation du transport<\/li>\n<li>Assistance au d\u00e9douanement<\/li>\n<li>Transport de v\u00e9hicules<\/li>\n<li>Installations de stockage<\/li>\n<\/ul>\n<p>Continental Van Lines est une entreprise de d\u00e9m\u00e9nagement \u00e0 service complet fond\u00e9e en 1952 et disposant de sites \u00e0 Anchorage, Fife et Tacoma. Elle est membre de l'IAM, avec 77 ans d'exp\u00e9rience, et est accr\u00e9dit\u00e9e par la FIDI. Elle fait \u00e9galement partie de r\u00e9seaux tels que Van Lines, qui lui permet de travailler avec des r\u00e9seaux internationaux d'agents de d\u00e9m\u00e9nagement.<\/p>\n<p>Les coordinateurs de d\u00e9m\u00e9nagement de Continental Van Lines cr\u00e9eront un plan de d\u00e9m\u00e9nagement personnalis\u00e9 pour r\u00e9pondre \u00e0 vos besoins et \u00e0 votre budget, qu'il s'agisse d'un d\u00e9m\u00e9nagement bricol\u00e9 ou d'une solution compl\u00e8te en gants blancs. Ils proposent un service complet d'emballage et de d\u00e9ballage, ainsi que le d\u00e9montage et le remontage des meubles, et des services de mise en caisse.<\/p>\n<p>Site web : <a href=\"https:\/\/www.continentalvan.com\/international-mover\/\" target=\"_blank\" rel=\"noopener\">https:\/\/www.continentalvan.com\/international-mover\/<\/a><\/p>\n<h2><span class=\"ez-toc-section\" id=\"3_Golden_North_Van_Lines\"><\/span><strong>3. Golden North Van Lines<\/strong><span class=\"ez-toc-section-end\"><\/span><\/h2>\n<p><img loading=\"lazy\" decoding=\"async\" class=\"alignnone size-full wp-image-11329\" src=\"https:\/\/moverdb.com\/wp-content\/uploads\/Golden-North-Van-Lines-international-moving-company.png\" alt=\"Golden North Van Lines soci\u00e9t\u00e9 de d\u00e9m\u00e9nagement international\" width=\"1440\" height=\"681\" data-wp-pid=\"11329\" srcset=\"https:\/\/moverdb.com\/wp-content\/uploads\/Golden-North-Van-Lines-international-moving-company.png 1440w, https:\/\/moverdb.com\/wp-content\/uploads\/Golden-North-Van-Lines-international-moving-company-300x142.png 300w, https:\/\/moverdb.com\/wp-content\/uploads\/Golden-North-Van-Lines-international-moving-company-1024x484.png 1024w, https:\/\/moverdb.com\/wp-content\/uploads\/Golden-North-Van-Lines-international-moving-company-18x9.png 18w, https:\/\/moverdb.com\/wp-content\/uploads\/Golden-North-Van-Lines-international-moving-company-600x284.png 600w\" sizes=\"auto, (max-width: 1440px) 100vw, 1440px\" \/><\/p>\n<ul>\n<li>Mouvements nationaux<\/li>\n<li>D\u00e9m\u00e9nagements internationaux<\/li>\n<li>D\u00e9m\u00e9nagements r\u00e9sidentiels<\/li>\n<li>D\u00e9m\u00e9nagements commerciaux et de bureaux<\/li>\n<li>Des services sur mesure<\/li>\n<li>Service d'emballage<\/li>\n<li>Organisation du transport<\/li>\n<li>Soutien douanier<\/li>\n<li>Services de conciergerie<\/li>\n<li>Stockage \u00e0 court et \u00e0 long terme<\/li>\n<\/ul>\n<p>Golden North Van Lines est une soci\u00e9t\u00e9 de d\u00e9m\u00e9nagement cr\u00e9\u00e9e en 1976 et disposant de bureaux \u00e0 Anchorage et Fairbanks. Elle est un agent de Van Lines et a acc\u00e8s \u00e0 un r\u00e9seau international d'entreprises de d\u00e9m\u00e9nagement pour l'aider \u00e0 effectuer des d\u00e9m\u00e9nagements dans le monde entier. Elle est membre de l'IAM et compte 49 ans d'exp\u00e9rience.<\/p>\n<p>Golden North Van Lines propose des services de d\u00e9m\u00e9nagement et de r\u00e9installation sur mesure au niveau national et international. Ses services de d\u00e9m\u00e9nagement comprennent des services de conciergerie pour les m\u00e9nages et les entreprises. Ils proposent un service d'emballage pour prot\u00e9ger vos biens pendant le transport et organisent le transport en toute s\u00e9curit\u00e9 de vos biens jusqu'\u00e0 votre destination.<\/p>\n<p>Site web : <a href=\"https:\/\/www.goldennorthvanlines.com\/\" target=\"_blank\" rel=\"noopener\">https:\/\/www.goldennorthvanlines.com\/<\/a><\/p>\n<h2><span class=\"ez-toc-section\" id=\"4_Royal_Alaskan_Movers\"><\/span><strong>4. Royal Alaskan Movers<\/strong><span class=\"ez-toc-section-end\"><\/span><\/h2>\n<p><img loading=\"lazy\" decoding=\"async\" class=\"alignnone size-full wp-image-11428\" src=\"https:\/\/moverdb.com\/wp-content\/uploads\/Royal-Alaskan-Movers-international-moving-company.png\" alt=\"Royal Alaskan Movers entreprise de d\u00e9m\u00e9nagements internationaux\" width=\"1440\" height=\"680\" data-wp-pid=\"11428\" srcset=\"https:\/\/moverdb.com\/wp-content\/uploads\/Royal-Alaskan-Movers-international-moving-company.png 1440w, https:\/\/moverdb.com\/wp-content\/uploads\/Royal-Alaskan-Movers-international-moving-company-300x142.png 300w, https:\/\/moverdb.com\/wp-content\/uploads\/Royal-Alaskan-Movers-international-moving-company-1024x484.png 1024w, https:\/\/moverdb.com\/wp-content\/uploads\/Royal-Alaskan-Movers-international-moving-company-18x9.png 18w, https:\/\/moverdb.com\/wp-content\/uploads\/Royal-Alaskan-Movers-international-moving-company-600x283.png 600w\" sizes=\"auto, (max-width: 1440px) 100vw, 1440px\" \/><\/p>\n<ul>\n<li>D\u00e9localisations locales et nationales<\/li>\n<li>D\u00e9localisations internationales<\/li>\n<li>D\u00e9m\u00e9nagements de m\u00e9nages<\/li>\n<li>D\u00e9localisations d'entreprises<\/li>\n<li>Un service personnalis\u00e9<\/li>\n<li>Plan de d\u00e9m\u00e9nagement<\/li>\n<li>Service d'emballage<\/li>\n<li>Transports terrestres, maritimes et a\u00e9riens<\/li>\n<li>Transport de v\u00e9hicules<\/li>\n<li>Installations de stockage<\/li>\n<\/ul>\n<p>Royal Alaskan Movers est une entreprise de d\u00e9m\u00e9nagement fond\u00e9e en 2010 et bas\u00e9e \u00e0 Anchorage. Elle fait partie de The DeWitt Companies, ce qui lui permet de b\u00e9n\u00e9ficier d'une exp\u00e9rience et d'un soutien en mati\u00e8re de d\u00e9m\u00e9nagement \u00e0 l'\u00e9chelle mondiale. Ils sont membres de l'IAM et ont 13 ans d'exp\u00e9rience.<\/p>\n<p>Royal Alaskan Movers propose un service de d\u00e9m\u00e9nagement personnalis\u00e9 avec une \u00e9tude virtuelle pour \u00e9valuer vos besoins en mati\u00e8re de d\u00e9m\u00e9nagement et vous donner un devis. Ils rechercheront l'option de d\u00e9m\u00e9nagement et de stockage la plus efficace et la plus abordable pour r\u00e9pondre \u00e0 vos besoins. Ils offrent un service complet d'emballage, emballent vos meubles et les d\u00e9ballent \u00e0 l'arriv\u00e9e. Ils fournissent un inventaire et organisent le transport jusqu'\u00e0 votre destination.<\/p>\n<p>Site web : <a href=\"https:\/\/www.royalalaskanmovers.com\/\" target=\"_blank\" rel=\"noopener\">https:\/\/www.royalalaskanmovers.com\/<\/a><\/p>\n<h2><span class=\"ez-toc-section\" id=\"5_Sourdough_Express\"><\/span><strong>5. Sourdough Express<\/strong><span class=\"ez-toc-section-end\"><\/span><\/h2>\n<p><img loading=\"lazy\" decoding=\"async\" class=\"alignnone size-full wp-image-11447\" src=\"https:\/\/moverdb.com\/wp-content\/uploads\/Sordough-Express-international-moving-company.png\" alt=\"Sourdough Express, soci\u00e9t\u00e9 de d\u00e9m\u00e9nagement international\" width=\"1440\" height=\"680\" data-wp-pid=\"11447\" srcset=\"https:\/\/moverdb.com\/wp-content\/uploads\/Sordough-Express-international-moving-company.png 1440w, https:\/\/moverdb.com\/wp-content\/uploads\/Sordough-Express-international-moving-company-300x142.png 300w, https:\/\/moverdb.com\/wp-content\/uploads\/Sordough-Express-international-moving-company-1024x484.png 1024w, https:\/\/moverdb.com\/wp-content\/uploads\/Sordough-Express-international-moving-company-18x9.png 18w, https:\/\/moverdb.com\/wp-content\/uploads\/Sordough-Express-international-moving-company-600x283.png 600w\" sizes=\"auto, (max-width: 1440px) 100vw, 1440px\" \/><\/p>\n<ul>\n<li>D\u00e9m\u00e9nagements locaux et inter\u00e9tatiques<\/li>\n<li>D\u00e9m\u00e9nagements internationaux<\/li>\n<li>D\u00e9m\u00e9nagements r\u00e9sidentiels<\/li>\n<li>D\u00e9m\u00e9nagement d'entreprises et de bureaux<\/li>\n<li>D\u00e9placement des employ\u00e9s<\/li>\n<li>Enqu\u00eate pr\u00e9alable au d\u00e9m\u00e9nagement<\/li>\n<li>Plan de d\u00e9m\u00e9nagement personnalis\u00e9<\/li>\n<li>Service d'emballage<\/li>\n<li>Dispositions en mati\u00e8re de transport9<\/li>\n<li>Installations de stockage<\/li>\n<\/ul>\n<p>Sourdough Express est une soci\u00e9t\u00e9 de d\u00e9m\u00e9nagement et de stockage \u00e0 service complet bas\u00e9e \u00e0 Anchorage et Fairbanks, qui a \u00e9t\u00e9 cr\u00e9\u00e9e en 1898. Elle est membre de l'IAM et compte 125 ans d'exp\u00e9rience, ce qui lui donne acc\u00e8s \u00e0 un r\u00e9seau mondial d'entreprises de d\u00e9m\u00e9nagement qui peuvent l'aider.<\/p>\n<p>Sourdough Express effectuera une enqu\u00eate pr\u00e9alable au d\u00e9m\u00e9nagement afin de d\u00e9terminer vos besoins en la mati\u00e8re, puis cr\u00e9era un plan de d\u00e9m\u00e9nagement et d'emballage personnalis\u00e9 pour chaque \u00e9tape de votre d\u00e9m\u00e9nagement. L'entreprise propose un service d'emballage qui fait appel \u00e0 des emballeurs professionnels form\u00e9s \u00e0 la protection de vos biens pendant le transport. Pour les d\u00e9m\u00e9nagements de bureaux, un consultant en d\u00e9m\u00e9nagement sera mis \u00e0 votre disposition afin de minimiser les temps d'arr\u00eat de votre activit\u00e9.<\/p>\n<p>Site web : <a href=\"https:\/\/sourdoughexpress.com\/\" target=\"_blank\" rel=\"noopener\">https:\/\/sourdoughexpress.com\/<\/a><\/p>","protected":false},"excerpt":{"rendered":"<p>If you currently live in Alaska and are planning a move or are moving to Alaska from abroad, you might want to engage the services of a moving company to assist you. Moving companies can lighten the load and pressure on you by packing, loading and transporting your belongings. Below we have compiled a list [&hellip;]<\/p>\n","protected":false},"author":4,"featured_media":11250,"parent":190,"menu_order":0,"comment_status":"closed","ping_status":"closed","template":"","meta":{"_genesis_hide_title":false,"_genesis_hide_breadcrumbs":false,"_genesis_hide_singular_image":false,"_genesis_hide_footer_widgets":false,"_genesis_custom_body_class":"","_genesis_custom_post_class":"","_genesis_layout":"","footnotes":""},"class_list":{"0":"post-11546","1":"page","2":"type-page","3":"status-publish","4":"has-post-thumbnail","6":"entry"},"_links":{"self":[{"href":"https:\/\/moverdb.com\/fr\/wp-json\/wp\/v2\/pages\/11546","targetHints":{"allow":["GET"]}}],"collection":[{"href":"https:\/\/moverdb.com\/fr\/wp-json\/wp\/v2\/pages"}],"about":[{"href":"https:\/\/moverdb.com\/fr\/wp-json\/wp\/v2\/types\/page"}],"author":[{"embeddable":true,"href":"https:\/\/moverdb.com\/fr\/wp-json\/wp\/v2\/users\/4"}],"replies":[{"embeddable":true,"href":"https:\/\/moverdb.com\/fr\/wp-json\/wp\/v2\/comments?post=11546"}],"version-history":[{"count":1,"href":"https:\/\/moverdb.com\/fr\/wp-json\/wp\/v2\/pages\/11546\/revisions"}],"predecessor-version":[{"id":11547,"href":"https:\/\/moverdb.com\/fr\/wp-json\/wp\/v2\/pages\/11546\/revisions\/11547"}],"up":[{"embeddable":true,"href":"https:\/\/moverdb.com\/fr\/wp-json\/wp\/v2\/pages\/190"}],"wp:featuredmedia":[{"embeddable":true,"href":"https:\/\/moverdb.com\/fr\/wp-json\/wp\/v2\/media\/11250"}],"wp:attachment":[{"href":"https:\/\/moverdb.com\/fr\/wp-json\/wp\/v2\/media?parent=11546"}],"curies":[{"name":"wp","href":"https:\/\/api.w.org\/{rel}","templated":true}]}}