{"id":1076,"date":"2016-08-05T14:53:04","date_gmt":"2016-08-05T14:53:04","guid":{"rendered":"http:\/\/moverdb.com\/?page_id=1076"},"modified":"2026-01-08T15:30:39","modified_gmt":"2026-01-08T15:30:39","slug":"wheaton","status":"publish","type":"page","link":"https:\/\/moverdb.com\/fr\/wheaton\/","title":{"rendered":"Wheaton World Wide Moving : Services internationaux et commentaires"},"content":{"rendered":"<p>Wheaton World Wide Moving (anciennement Wheaton Van Lines) offre \u00e0 ses clients une gamme de services allant du d\u00e9m\u00e9nagement international au d\u00e9m\u00e9nagement local. Vous trouverez ci-dessous une liste de ces services, ainsi que le profil de l'entreprise et des commentaires.<\/p>\n<p><strong>D\u00e9m\u00e9nagements internationaux et aide \u00e0 la relocalisation<\/strong><\/p>\n<ul>\n<li> D\u00e9placement de porte \u00e0 porte<\/li>\n<li> Emballage - faites-le vous-m\u00eame, articles fragiles ou service complet d'emballage<\/li>\n<li> D\u00e9montage et remontage de meubles<\/li>\n<li> D\u00e9placement d'un animal de compagnie<\/li>\n<li> <a href=\"https:\/\/moverdb.com\/fr\/voiture-transport-expedition\/\">Transport et d\u00e9m\u00e9nagement de v\u00e9hicules<\/a><\/li>\n<li> Services d'immigration<\/li>\n<li> Formation interculturelle<\/li>\n<li> Formation linguistique<\/li>\n<li> Services de vente de maisons<\/li>\n<li> Gestion de la propri\u00e9t\u00e9<\/li>\n<li> Aper\u00e7u des services de voyage<\/li>\n<li> Aide \u00e0 la recherche d'un logement<\/li>\n<li> Recherche d'\u00e9cole<\/li>\n<li> Orientations apr\u00e8s l'arriv\u00e9e<\/li>\n<li> Soutien \u00e0 la carri\u00e8re des partenaires<\/li>\n<li> Services de bricolage et d'aide m\u00e9nag\u00e8re<\/li>\n<li> Location de meubles<\/li>\n<li> Soutien en cours de mission<\/li>\n<\/ul>\n<p><strong>D\u00e9m\u00e9nagements d'entreprises<\/strong><\/p>\n<ul>\n<li> Les partenaires de Wheaton, Crown Relocation, aident aux d\u00e9m\u00e9nagements<\/li>\n<\/ul>\n<p><strong>Mouvements gouvernementaux et militaires<\/strong><\/p>\n<p><strong>D\u00e9m\u00e9nagements de m\u00e9nages<\/strong><\/p>\n<ul>\n<li> R\u00e9seau de 350 agents dans la <a href=\"https:\/\/moverdb.com\/fr\/moving-to-the-united-states\/\" data-internallinksmanager029f6b8e52c=\"94\" title=\"Vous partez aux \u00c9tats-Unis ? 2026 Co\u00fbt de la vie et conseils de relocalisation\">\u00c9tats-Unis<\/a><\/li>\n<li> Emballage et d\u00e9ballage<\/li>\n<li> Emballage sp\u00e9cial pour l'\u00e9lectronique sensible<\/li>\n<li> Transport<\/li>\n<li> Stockage si n\u00e9cessaire<\/li>\n<\/ul>\n<p><strong>D\u00e9m\u00e9nagements sp\u00e9cialis\u00e9s et commerciaux<\/strong><\/p>\n<ul>\n<li> Bureau et industrie<\/li>\n<li> Hospitalit\u00e9<\/li>\n<li> Produit sp\u00e9cial<\/li>\n<li> D\u00e9m\u00e9nagement commercial<\/li>\n<\/ul>\n<p><strong>Stockage<\/strong><\/p>\n<ul>\n<li> A long terme<\/li>\n<li> Court terme<\/li>\n<li> 207 entrep\u00f4ts ultramodernes dans 58 pays<\/li>\n<\/ul>\n<h2>Profil de la soci\u00e9t\u00e9 Wheaton Worldwide Moving<\/h2>\n<p>Wheaton Van Lines a \u00e9t\u00e9 cr\u00e9\u00e9e en 1945 par Earnest S. Wheaton et s'appelait \u00e0 l'origine Clipper Van Lines. La soci\u00e9t\u00e9 a commenc\u00e9 par desservir 22 \u00c9tats de l'est des \u00c9tats-Unis, mais dans les ann\u00e9es 1950, l'expansion a permis de couvrir non seulement l'ensemble du pays, mais aussi les d\u00e9m\u00e9nagements internationaux.<\/p>\n<p>Dans les ann\u00e9es 1980, Wheaton Van Lines a chang\u00e9 de nom pour devenir Wheaton Worldwide Moving. La soci\u00e9t\u00e9 est bas\u00e9e \u00e0 Indianapolis, IN. Wheaton vise \u00e0 maintenir ses normes \u00e0 un niveau exceptionnellement \u00e9lev\u00e9 et suit et analyse les donn\u00e9es \u00e0 cet effet. Elle prend \u00e9galement tr\u00e8s au s\u00e9rieux les avis de ses clients et recueille leurs commentaires depuis 25 ans afin de rester au sommet de son art.<\/p>\n<p>Wheaton Worldwide Moving redonne \u00e0 la communaut\u00e9 par le biais de diverses organisations caritatives. C'est aussi une entreprise qui s'efforce constamment de r\u00e9duire son empreinte carbone.<\/p>\n<p>Wheaton Worldwide Moving poss\u00e8de les accr\u00e9ditations et affiliations suivantes :<\/p>\n<ul>\n<li> <a href=\"https:\/\/moverdb.com\/fr\/amsa\/\">Association am\u00e9ricaine de d\u00e9m\u00e9nagement et de stockage<\/a> (<a href=\"https:\/\/moverdb.com\/fr\/amsa\/\" data-internallinksmanager029f6b8e52c=\"5\" title=\"Explication de l&#039;Association am\u00e9ricaine de d\u00e9m\u00e9nagement et d&#039;entreposage (AMSA)\">AMSA<\/a>) - <a href=\"https:\/\/moverdb.com\/fr\/jante-promoteur\/\">ProMover<\/a><\/li>\n<li> Association nationale des gestionnaires de d\u00e9m\u00e9nagement de seniors (NASMM)<\/li>\n<li> Entreprise accr\u00e9dit\u00e9e par le Better Business Bureau (BBB) A+<\/li>\n<\/ul>\n<h2>Avis sur Wheaton Worldwide Moving<\/h2>\n<p><strong>Positif :<\/strong><\/p>\n<ul>\n<li> \"<em>Bonne entreprise. Bon rapport qualit\u00e9-prix. Je referai appel \u00e0 vous.<\/em> \u2013 David X via <a href=\"http:\/\/www.yelp.com\/biz\/wheaton-world-wide-moving-indianapolis-5?hrid=i8pH5fVrzdWhgdFkPaCnlQ&#038;utm_campaign=www_review_share_popup&#038;utm_medium=copy_link&#038;utm_source=(direct)\" target=\"_blank\" rel=\"noopener\">Yelp<\/a><\/li>\n<li> \"<em>Le personnel de Wheaton en <a href=\"https:\/\/moverdb.com\/fr\/demenagement-a-houston\/\">Houston<\/a> sont devenus mes anges \u00e0 un moment tr\u00e8s difficile de ma vie\".<\/em> \u2013 Bonnie M via <a href=\"http:\/\/www.bbb.org\/indy\/business-reviews\/movers\/wheaton-world-wide-moving-in-indianapolis-in-22485\/customer-reviews\" target=\"_blank\" rel=\"noopener\">BBB<\/a> <\/li>\n<li> \"<em>Ils ont \u00e9t\u00e9 les meilleurs du d\u00e9but \u00e0 la fin.\"<\/em> - Judith via <a href=\"http:\/\/www.mymovingreviews.com\/movers\/wheaton-van-lines-255#54528\" target=\"_blank\" rel=\"noopener\">MyMovingReviews.com<\/a><\/li>\n<li> \"<em>Nous avions d\u00e9j\u00e0 fait appel \u00e0 Wheaton moving et avions eu un tr\u00e8s bon d\u00e9m\u00e9nagement, alors quand il a fallu d\u00e9m\u00e9nager \u00e0 nouveau, nous savions qui appeler.\"<\/em> - Freddy Lancaster via <a href=\"http:\/\/reviewamover.com\/review\/Moving-Companies-Reviews\/WHEATON-WORLD-WIDE-53.php?PHPSESSID=a21a9bd572e803d73fcb5f1f02487590\" target=\"_blank\" rel=\"noopener\">Review-A-Mover<\/a> <\/li>\n<\/ul>\n<p><strong>N\u00e9gatif :<\/strong><\/p>\n<ul>\n<li> <em>\"Wheaton refuse \u00e0 nouveau d'assumer la responsabilit\u00e9 des objets d\u00e9truits. Ils balancent une excuse apr\u00e8s l'autre et chacune a moins de sens que la pr\u00e9c\u00e9dente.\"<\/em> \u2013 Amy T via <a href=\"http:\/\/www.yelp.com\/biz\/wheaton-world-wide-moving-indianapolis-5?hrid=vRowN7GuFHy3k0yM5ijpgA&#038;utm_campaign=www_review_share_popup&#038;utm_medium=copy_link&#038;utm_source=(direct)\" target=\"_blank\" rel=\"noopener\">Yelp<\/a> <\/li>\n<li> \"<em>From beginning to end this company was the worst <a href=\"https:\/\/moverdb.com\/fr\/moving-companies\/\" data-internallinksmanager029f6b8e52c=\"79\" title=\"Les 25 meilleures soci\u00e9t\u00e9s de d\u00e9m\u00e9nagement international en ligne\">soci\u00e9t\u00e9 de d\u00e9m\u00e9nagement<\/a> Nous n'avons jamais eu affaire \u00e0 personne et nous avons eu plus de 6 d\u00e9m\u00e9nagements professionnels dans notre mariage.\"<\/em> \u2013 Nikki F via <a href=\"http:\/\/www.bbb.org\/indy\/business-reviews\/movers\/wheaton-world-wide-moving-in-indianapolis-in-22485\/customer-reviews\" target=\"_blank\" rel=\"noopener\">BBB<\/a><\/li>\n<li> \"<em>On nous a dit que le volume de notre m\u00e9nage n\u00e9cessitait toute la remorque et que c'\u00e9tait pour cela qu'on les payait. Au lieu de cela, ils ont ins\u00e9r\u00e9 un deuxi\u00e8me chargement dans le n\u00f4tre, ce qui fait que des articles ont \u00e9t\u00e9 laiss\u00e9s sur place et que des conteneurs et des appareils ont \u00e9t\u00e9 \u00e9cras\u00e9s, endommag\u00e9s, perdus et d\u00e9truits...\"<\/em> - Anthony via <a href=\"http:\/\/www.mymovingreviews.com\/movers\/wheaton-van-lines-255#51475\" target=\"_blank\" rel=\"noopener\">MyMovingReviews.com<\/a> <\/li>\n<li> <em>\"Faites attention, fuyez avant d'engager cette soci\u00e9t\u00e9.\"<\/em> - David Gutierrez via <a href=\"http:\/\/reviewamover.com\/review\/reviewer\/davidrafael770.php?PHPSESSID=e2ea8ab20529fed2960f446a83923af0\" target=\"_blank\" rel=\"noopener\">Review-A-Mover<\/a> <\/li>\n<\/ul>\n<div itemprop=\"review\" itemscope itemtype=\"http:\/\/schema.org\/Review\">\n<span itemprop=\"author\" itemscope=\"\" itemtype=\"http:\/\/schema.org\/Organization\"><span itemprop=\"name\">MoverDB.com<\/span><\/span> Examen en ligne du site Web pour <span itemprop=\"itemreviewed\" itemscope=\"\" itemtype=\"http:\/\/schema.org\/Brand\"><span itemprop=\"name\">Wheaton Worldwide Moving<\/span><\/span>:<\/p>\n<ol>\n<li> Coordonn\u00e9es claires sur le site web (y compris le num\u00e9ro de t\u00e9l\u00e9phone) : <strong>Oui<\/strong><\/li>\n<li> Facile \u00e0 obtenir <a href=\"https:\/\/moverdb.com\/fr\/citations\/\">devis de d\u00e9m\u00e9nagement international<\/a>? (Formulaire de demande de devis en ligne) : <strong>Oui<\/strong><\/li>\n<li> Informations claires sur le site web : <strong>Oui,<\/strong> il existe de nombreux guides et ressources sur le site.<\/li>\n<li> Adh\u00e9sion \u00e0 des organisations internationales de d\u00e9m\u00e9nagement reconnues : <strong>Oui<\/strong>voir ci-dessus<\/li>\n<li> Liste de clients et\/ou t\u00e9moignages de clients pr\u00e9c\u00e9dents. <strong>Oui,<\/strong> Les avis et les t\u00e9moignages des clients sont tr\u00e8s importants pour l'entreprise.<\/li>\n<\/ol>\n<div itemprop=\"reviewRating\" itemscope itemtype=\"http:\/\/schema.org\/Rating\"><meta itemprop=\"worstRating\" content = \"0\" \/><meta itemprop=\"bestRating\" content=\"5\" \/><meta itemprop=\"ratingValue\" content=\"5\"><\/div>\n<p><strong>Note globale : 5\/5<\/strong><br \/>\n<strong>Date de r\u00e9vision :<\/strong> <span itemprop=\"datePublished\" content=\"2016-08-05\">05\/08\/2016<\/span>\n<\/div>\n<p>Plus d'informations sur <a href=\"https:\/\/moverdb.com\/fr\/entreprises-de-demenagement\/\">soci\u00e9t\u00e9s de d\u00e9m\u00e9nagement international<\/a>, <a href=\"https:\/\/moverdb.com\/fr\/demenageurs-us-canada\/\">Soci\u00e9t\u00e9s de d\u00e9m\u00e9nagement am\u00e9ricaines et canadiennes<\/a> et notre <a href=\"https:\/\/moverdb.com\/fr\/revues\/\">processus de r\u00e9vision<\/a>.<\/p>\n<p><strong>Site web :<\/strong> <a href=\"https:\/\/www.wheatonworldwide.com\/\" target=\"_blank\" rel=\"noopener\">https:\/\/www.wheatonworldwide.com<\/a><\/p>","protected":false},"excerpt":{"rendered":"<p>Wheaton World Wide Moving (formerly Wheaton Van Lines) offers its clients a range of services from international moves to local moves. These are listed below, together with a company profile and reviews. International Moves and Relocation Assistance Door to door moving Packing &#8211; do it yourself, fragile items or full service packing Disassembling and reassembling [&hellip;]<\/p>\n","protected":false},"author":1,"featured_media":0,"parent":0,"menu_order":0,"comment_status":"closed","ping_status":"closed","template":"","meta":{"_genesis_hide_title":false,"_genesis_hide_breadcrumbs":false,"_genesis_hide_singular_image":false,"_genesis_hide_footer_widgets":false,"_genesis_custom_body_class":"","_genesis_custom_post_class":"","_genesis_layout":"","footnotes":""},"class_list":{"0":"post-1076","1":"page","2":"type-page","3":"status-publish","5":"entry"},"_links":{"self":[{"href":"https:\/\/moverdb.com\/fr\/wp-json\/wp\/v2\/pages\/1076","targetHints":{"allow":["GET"]}}],"collection":[{"href":"https:\/\/moverdb.com\/fr\/wp-json\/wp\/v2\/pages"}],"about":[{"href":"https:\/\/moverdb.com\/fr\/wp-json\/wp\/v2\/types\/page"}],"author":[{"embeddable":true,"href":"https:\/\/moverdb.com\/fr\/wp-json\/wp\/v2\/users\/1"}],"replies":[{"embeddable":true,"href":"https:\/\/moverdb.com\/fr\/wp-json\/wp\/v2\/comments?post=1076"}],"version-history":[{"count":7,"href":"https:\/\/moverdb.com\/fr\/wp-json\/wp\/v2\/pages\/1076\/revisions"}],"predecessor-version":[{"id":6251,"href":"https:\/\/moverdb.com\/fr\/wp-json\/wp\/v2\/pages\/1076\/revisions\/6251"}],"wp:attachment":[{"href":"https:\/\/moverdb.com\/fr\/wp-json\/wp\/v2\/media?parent=1076"}],"curies":[{"name":"wp","href":"https:\/\/api.w.org\/{rel}","templated":true}]}}