{"id":1075,"date":"2016-08-04T14:25:42","date_gmt":"2016-08-04T14:25:42","guid":{"rendered":"http:\/\/moverdb.com\/?page_id=1075"},"modified":"2026-01-08T15:20:29","modified_gmt":"2026-01-08T15:20:29","slug":"north-american-van-lines","status":"publish","type":"page","link":"https:\/\/moverdb.com\/fr\/north-american-van-lines\/","title":{"rendered":"North American Van Lines : Revues sur les d\u00e9m\u00e9nagements internationaux"},"content":{"rendered":"<p>North American Van Lines offre \u00e0 ses clients des services de d\u00e9m\u00e9nagements internationaux, d'entreprises et nationaux. Vous trouverez ci-dessous une liste de ces services, ainsi qu'un profil de l'entreprise et des commentaires.<\/p>\n<p><strong>D\u00e9m\u00e9nagement international pour les particuliers et les entreprises<\/strong><\/p>\n<ul>\n<li> Service de porte \u00e0 porte<\/li>\n<li> Emballage, rembourrage et protection des biens<\/li>\n<li> D\u00e9montage de meubles<\/li>\n<li> <a href=\"https:\/\/moverdb.com\/fr\/expedition-par-conteneur\/\">Conteneurs de navires<\/a> pour chaque application<\/li>\n<li> Conseils sur ce qu'il faut emballer et ce qu'il faut vendre pour \u00eatre rentable<\/li>\n<li> Aide pour le d\u00e9douanement<\/li>\n<li> Livraison et remontage de meubles<\/li>\n<li> Suivi de l'exp\u00e9dition en ligne 24\/7<\/li>\n<li> Programme de protection de la valeur<\/li>\n<li> Stockage \u00e0 court et \u00e0 long terme organis\u00e9<\/li>\n<\/ul>\n<p><strong>Services sp\u00e9ciaux de relocalisation<\/strong><\/p>\n<ul>\n<li> Achat d'un logement et aide au logement temporaire<\/li>\n<li> Assistance aux fournisseurs de services financiers et d'assurance<\/li>\n<li> Formation interculturelle<\/li>\n<li> Formation linguistique<\/li>\n<li> Orientation vers les services de garde d'enfants et les \u00e9coles<\/li>\n<li> Soins m\u00e9dicaux et remplacement des ordonnances<\/li>\n<li> Achat et services d'automobiles<\/li>\n<li> Cours de conduite<\/li>\n<\/ul>\n<p><strong>D\u00e9m\u00e9nagements d'entreprises<\/strong><\/p>\n<ul>\n<li> Emballage et mise en caisse<\/li>\n<li> Stockage<\/li>\n<li> Exp\u00e9dition<\/li>\n<li> Coordinateur de la r\u00e9installation personnelle<\/li>\n<li> Aide \u00e0 la vente et \u00e0 l'achat de logements<\/li>\n<li> Orientation de la zone<\/li>\n<li> Aide aux conjoints<\/li>\n<li> Services hypoth\u00e9caires<\/li>\n<li> Services d'installation<\/li>\n<\/ul>\n<p><strong>Services de d\u00e9m\u00e9nagement<\/strong><\/p>\n<ul>\n<li> Emballage et d\u00e9ballage - faites-le vous-m\u00eame, articles fragiles uniquement ou emballage complet<\/li>\n<li> Grand choix de mat\u00e9riaux d'emballage<\/li>\n<li> D\u00e9montage et remontage de meubles<\/li>\n<li> D\u00e9chargement du site<\/li>\n<li> D\u00e9ballage si n\u00e9cessaire<\/li>\n<li> \u00c9limination des d\u00e9bris<\/li>\n<li> Stockage \u00e0 long et \u00e0 court terme<\/li>\n<li> D\u00e9m\u00e9nagement de m\u00e9nages<\/li>\n<li> D\u00e9m\u00e9nagement local<\/li>\n<li> D\u00e9m\u00e9nagement longue distance<\/li>\n<li> D\u00e9m\u00e9nagement militaire<\/li>\n<li> D\u00e9m\u00e9nagement \u00e0 l'\u00e9tranger<\/li>\n<li> D\u00e9m\u00e9nagement inter\u00e9tatique<\/li>\n<li> Petit envoi express<\/li>\n<li> D\u00e9m\u00e9nageurs nationaux<\/li>\n<\/ul>\n<p><strong>D\u00e9m\u00e9nagements sp\u00e9cialis\u00e9s<\/strong><\/p>\n<ul>\n<li> Pianos<\/li>\n<li> Art et antiquit\u00e9s<\/li>\n<li> Bateaux<\/li>\n<li> <a href=\"https:\/\/moverdb.com\/fr\/voiture-transport-expedition\/\">V\u00e9hicules<\/a><\/li>\n<li> Conteneurs<\/li>\n<\/ul>\n<h2>Profil de l'entreprise North American Van Lines<\/h2>\n<p>North American Van Lines a commenc\u00e9 ses activit\u00e9s de camionnage en 1933 avec 12 agents. Cinq ans plus tard, elle comptait plus de 120 agents. L'entreprise s'occupe de d\u00e9m\u00e9nagements de maisons et de bureaux, \u00e0 l'\u00e9chelle locale, nationale et internationale. North American Van Lines est devenue une filiale de SIRVA Inc. en 1998. <\/p>\n<p>La soci\u00e9t\u00e9 compte pr\u00e8s de 8 000 employ\u00e9s et exerce ses activit\u00e9s dans les domaines suivants <strong>1 694 camions<\/strong>. On estime que leurs v\u00e9hicules ont parcouru <strong>37,256,707 miles<\/strong>.<\/p>\n<p>North American Van Lines compte plus de 500 agents en Am\u00e9rique du Nord. Elle dispose d'un syst\u00e8me de suivi par satellite pour localiser toutes les exp\u00e9ditions \u00e0 tout moment. Ils utilisent \u00e9galement des fourgons-grues qui leur permettent de charger et de d\u00e9charger de gros articles sans quai de chargement. <\/p>\n<p>L'entreprise a mis en place un programme de qualit\u00e9 pour former tous les employ\u00e9s et agents au niveau le plus \u00e9lev\u00e9 possible.<\/p>\n<p>Accr\u00e9ditations et affiliations de North American Van Lines :<\/p>\n<ul>\n<li> Conformit\u00e9 au partenariat douanes-commerce contre le terrorisme (C-TPAT)<\/li>\n<li> <a href=\"https:\/\/moverdb.com\/fr\/amsa\/\">Association am\u00e9ricaine de d\u00e9m\u00e9nagement et de stockage<\/a> (<a href=\"https:\/\/moverdb.com\/fr\/amsa\/\" data-internallinksmanager029f6b8e52c=\"5\" title=\"Explication de l&#039;Association am\u00e9ricaine de d\u00e9m\u00e9nagement et d&#039;entreposage (AMSA)\">AMSA<\/a>) - <a href=\"https:\/\/moverdb.com\/fr\/jante-promoteur\/\">ProMover<\/a><\/li>\n<li> Entreprise accr\u00e9dit\u00e9e par le BBB<\/li>\n<li> <a href=\"https:\/\/moverdb.com\/fr\/association-canadienne-des-demenageurs\/\">Association canadienne des d\u00e9m\u00e9nageurs<\/a> (<a href=\"https:\/\/moverdb.com\/fr\/canadian-association-of-movers\/\" data-internallinksmanager029f6b8e52c=\"11\" title=\"Explication de l&#039;Association canadienne des d\u00e9m\u00e9nageurs (ACD)\">CAM<\/a>)<\/li>\n<\/ul>\n<h2>Critiques de North American Van Lines<\/h2>\n<p><strong>Positif :<\/strong><\/p>\n<ul>\n<li>  <em>\"Nous d\u00e9m\u00e9nageons tout le temps et c'est le meilleur d\u00e9m\u00e9nagement que nous ayons jamais eu. Nous n'avons jamais eu un d\u00e9m\u00e9nagement o\u00f9 les choses se sont aussi bien pass\u00e9es. Tout \u00e9tait simplement merveilleux.\"<\/em> - Justin P client <a href=\"https:\/\/www.northamerican.com\/\" target=\"_blank\" rel=\"noopener\">t\u00e9moignage de leur site web<\/a>.<\/li>\n<li> <em>\"Toujours \u00e0 l'heure, efficace, sympathique et tr\u00e8s serviable. Nous avons \u00e9t\u00e9 agr\u00e9ablement surpris de constater qu'apr\u00e8s le chargement et le pesage de nos d\u00e9chets, le montant factur\u00e9 \u00e9tait inf\u00e9rieur \u00e0 celui indiqu\u00e9 ! Je les recommande sans h\u00e9siter !<\/em>\"Candace via <a href=\"http:\/\/www.bbb.org\/northernindiana\/business-reviews\/movers\/north-american-van-lines-in-fort-wayne-in-90077877\/customer-reviews\" target=\"_blank\" rel=\"noopener\">BBB<\/a><\/li>\n<li> <em>\"D\u00e9m\u00e9nager d'une maison avec une all\u00e9e longue, venteuse et \u00e9troite \u00e0 une autre situ\u00e9e \u00e0 des centaines de kilom\u00e8tres n'\u00e9tait pas une t\u00e2che facile pour n'importe quel d\u00e9m\u00e9nageur. Mais North American Van Lines a offert une exp\u00e9rience merveilleuse qui a rendu le d\u00e9m\u00e9nagement moins stressant... et j'ose dire, amusant...\".<\/em> - Phyllis via <a href=\"https:\/\/www.facebook.com\/northAmericanVL\/reviews#\" target=\"_blank\" rel=\"noopener\">Facebook<\/a><\/li>\n<\/ul>\n<p><strong>N\u00e9gatif :<\/strong><\/p>\n<ul>\n<li> <em>\"Une exp\u00e9rience terrible avec cette soci\u00e9t\u00e9. J'ai fait appel \u00e0 eux pour d\u00e9m\u00e9nager de Baltimore vers <a href=\"https:\/\/moverdb.com\/fr\/demenagement-a-san-francisco\/\">San Francisco<\/a>.  Ils utilisent des <a href=\"https:\/\/moverdb.com\/fr\/moving-companies\/\" data-internallinksmanager029f6b8e52c=\"79\" title=\"Les 25 meilleures soci\u00e9t\u00e9s de d\u00e9m\u00e9nagement international en ligne\">entreprises de d\u00e9m\u00e9nagement<\/a> a pass\u00e9 un contrat avec North American pour prendre et d\u00e9poser vos affaires.\"<\/em> - Nick via <a href=\"http:\/\/www.mymovingreviews.com\/movers\/north-american-van-lines-287#33438\" target=\"_blank\" rel=\"noopener\">MyMovingReviews<\/a><\/li>\n<li> <em>\"En passant de <a href=\"https:\/\/moverdb.com\/fr\/moving-companies\/moving-companies-peru\/\" data-internallinksmanager029f6b8e52c=\"273\" title=\"9 Meilleures entreprises de d\u00e9m\u00e9nagements internationaux au P\u00e9rou\">P\u00e9rou<\/a> \u00e0 <a href=\"https:\/\/moverdb.com\/fr\/moving-to-the-united-states\/moving-to-iowa\/\" data-internallinksmanager029f6b8e52c=\"463\" title=\"Vous d\u00e9m\u00e9nagez dans l&#039;Iowa ? 2024 Co\u00fbts de la vie et conseils de relocalisation\">Iowa<\/a> a \u00e9t\u00e9 un cauchemar. Le pire a \u00e9t\u00e9 le d\u00e9chargement du camion par des \"professionnels\" de North American Van Lines\".<\/em> - Arthur via <a href=\"https:\/\/www.consumeraffairs.com\/movers\/north_american.htm\" target=\"_blank\" rel=\"noopener\">Consommateurs<\/a><\/li>\n<li> <em>\"Cela fait 10 jours que mes affaires ont \u00e9t\u00e9 r\u00e9cup\u00e9r\u00e9es \u00e0 l'h\u00f4pital. <a href=\"https:\/\/moverdb.com\/fr\/moving-to-the-united-states\/moving-to-oklahoma\/\" data-internallinksmanager029f6b8e52c=\"453\" title=\"Vous d\u00e9m\u00e9nagez en Oklahoma ? 2024 Co\u00fbts de la vie et conseils de relocalisation\">Oklahoma<\/a>Il ne reste que deux jours ouvrables pour la livraison et ils viennent de d\u00e9couvrir que le chauffeur n'a jamais r\u00e9cup\u00e9r\u00e9 mes affaires.<\/em> - via <a href=\"http:\/\/north-american-van-lines.pissedconsumer.com\/left-my-stuff-behind-20160401821464.html\" target=\"_blank\" rel=\"noopener\">Consommateur m\u00e9content<\/a><\/li>\n<\/ul>\n<div itemprop=\"review\" itemscope itemtype=\"http:\/\/schema.org\/Review\">\n<span itemprop=\"author\" itemscope=\"\" itemtype=\"http:\/\/schema.org\/Organization\"><span itemprop=\"name\">MoverDB.com<\/span><\/span> Examen en ligne du site Web pour <span itemprop=\"itemreviewed\" itemscope=\"\" itemtype=\"http:\/\/schema.org\/Brand\"><span itemprop=\"name\">North American Van Lines<\/span><\/span>:<\/p>\n<ol>\n<li> Coordonn\u00e9es claires sur le site web (y compris le num\u00e9ro de t\u00e9l\u00e9phone) : <strong>Oui<\/strong><\/li>\n<li> Facile \u00e0 obtenir <a href=\"https:\/\/moverdb.com\/fr\/citations\/\">devis de d\u00e9m\u00e9nagement international<\/a>? (Formulaire de demande de devis en ligne) : <strong>Oui<\/strong><\/li>\n<li> Informations claires sur le site web : <strong>Oui<\/strong>, beaucoup d'informations sur les d\u00e9m\u00e9nagements nationaux et internationaux.<\/li>\n<li> Adh\u00e9sion \u00e0 des organisations internationales de d\u00e9m\u00e9nagement reconnues : <strong>Oui<\/strong>voir ci-dessus<\/li>\n<li> Liste de clients et\/ou t\u00e9moignages de clients pr\u00e9c\u00e9dents. <strong>Oui,<\/strong> il y a de nombreux t\u00e9moignages sur la page, mais la plupart sont assez courts.<\/li>\n<\/ol>\n<div itemprop=\"reviewRating\" itemscope itemtype=\"http:\/\/schema.org\/Rating\"><meta itemprop=\"worstRating\" content = \"0\" \/><meta itemprop=\"bestRating\" content=\"4.5\" \/><meta itemprop=\"ratingValue\" content=\"5\"><\/div>\n<p><strong>Note globale : 4,5\/5<\/strong><br \/>\n<strong>Date de r\u00e9vision :<\/strong> <span itemprop=\"datePublished\" content=\"2016-08-24\">04\/08\/2016<\/span>\n<\/div>\n<p>Plus d'informations sur <a href=\"https:\/\/moverdb.com\/fr\/entreprises-de-demenagement\/\">d\u00e9m\u00e9nageurs internationaux<\/a>, <a href=\"https:\/\/moverdb.com\/fr\/demenageurs-us-canada\/\">D\u00e9m\u00e9nageurs canadiens et am\u00e9ricains<\/a> et notre <a href=\"https:\/\/moverdb.com\/fr\/revues\/\">processus de r\u00e9vision mobile<\/a>.<\/p>\n<p><strong>Sites web :<\/strong><br \/>\n<a href=\"https:\/\/moverdb.com\/fr\/moving-to-the-united-states\/\" data-internallinksmanager029f6b8e52c=\"94\" title=\"Vous partez aux \u00c9tats-Unis ? 2026 Co\u00fbt de la vie et conseils de relocalisation\">US<\/a>: <a href=\"https:\/\/www.northamerican.com\/\" target=\"_blank\" rel=\"noopener\">https:\/\/www.northamerican.com\/<\/a><br \/>\n<a href=\"https:\/\/moverdb.com\/fr\/moving-to-canada\/\" data-internallinksmanager029f6b8e52c=\"265\" title=\"D\u00e9m\u00e9nager au Canada ? 2026 Co\u00fbt de la vie et conseils de relocalisation\">Canada<\/a>: <a href=\"http:\/\/www.northamericanvanlines.ca\/\" target=\"_blank\" rel=\"noopener\">http:\/\/www.northamericanvanlines.ca\/<\/a><\/p>","protected":false},"excerpt":{"rendered":"<p>North American Van Lines offer their customers services for international, corporate and domestic moves. A list of these services follows, together with a company profile and reviews. International Moving for Individuals and Companies Door to door service Packing, padding and protecting belongings Disassembling furniture Ship containers for every application Advice on what to pack and [&hellip;]<\/p>\n","protected":false},"author":1,"featured_media":0,"parent":0,"menu_order":0,"comment_status":"closed","ping_status":"closed","template":"","meta":{"_genesis_hide_title":false,"_genesis_hide_breadcrumbs":false,"_genesis_hide_singular_image":false,"_genesis_hide_footer_widgets":false,"_genesis_custom_body_class":"","_genesis_custom_post_class":"","_genesis_layout":"","footnotes":""},"class_list":{"0":"post-1075","1":"page","2":"type-page","3":"status-publish","5":"entry"},"_links":{"self":[{"href":"https:\/\/moverdb.com\/fr\/wp-json\/wp\/v2\/pages\/1075","targetHints":{"allow":["GET"]}}],"collection":[{"href":"https:\/\/moverdb.com\/fr\/wp-json\/wp\/v2\/pages"}],"about":[{"href":"https:\/\/moverdb.com\/fr\/wp-json\/wp\/v2\/types\/page"}],"author":[{"embeddable":true,"href":"https:\/\/moverdb.com\/fr\/wp-json\/wp\/v2\/users\/1"}],"replies":[{"embeddable":true,"href":"https:\/\/moverdb.com\/fr\/wp-json\/wp\/v2\/comments?post=1075"}],"version-history":[{"count":11,"href":"https:\/\/moverdb.com\/fr\/wp-json\/wp\/v2\/pages\/1075\/revisions"}],"predecessor-version":[{"id":6227,"href":"https:\/\/moverdb.com\/fr\/wp-json\/wp\/v2\/pages\/1075\/revisions\/6227"}],"wp:attachment":[{"href":"https:\/\/moverdb.com\/fr\/wp-json\/wp\/v2\/media?parent=1075"}],"curies":[{"name":"wp","href":"https:\/\/api.w.org\/{rel}","templated":true}]}}