{"id":1065,"date":"2016-08-09T14:39:24","date_gmt":"2016-08-09T14:39:24","guid":{"rendered":"http:\/\/moverdb.com\/?page_id=1065"},"modified":"2026-01-08T14:47:45","modified_gmt":"2026-01-08T14:47:45","slug":"bekins-van-lines","status":"publish","type":"page","link":"https:\/\/moverdb.com\/fr\/bekins-van-lines\/","title":{"rendered":"Bekins Van Lines : Services de d\u00e9m\u00e9nagement international et commentaires"},"content":{"rendered":"<p>Bekins Van Lines est bas\u00e9e \u00e0 Indianapolis IN. Ils offrent \u00e0 leurs clients une vari\u00e9t\u00e9 de services qui sont \u00e9num\u00e9r\u00e9s ci-dessous, ainsi qu'un profil de l'entreprise et des commentaires.<\/p>\n<p><strong>D\u00e9m\u00e9nagement international<\/strong><\/p>\n<ul>\n<li> Un service personnalis\u00e9 en collaboration avec Crown Relocations<\/li>\n<li> Service de porte \u00e0 porte<\/li>\n<li> Emballage - faites-le vous-m\u00eame, articles s\u00e9lectionn\u00e9s ou service complet<\/li>\n<li> Stockage - \u00e0 court et \u00e0 long terme<\/li>\n<li> D\u00e9placement d'un animal de compagnie<\/li>\n<li> Services d'immigration<\/li>\n<li> Formation interculturelle<\/li>\n<li> Formation linguistique<\/li>\n<li> Services de vente \u00e0 domicile<\/li>\n<li> Gestion de la propri\u00e9t\u00e9<\/li>\n<li> Aper\u00e7u des services de voyage<\/li>\n<li> Aide \u00e0 la recherche d'un logement<\/li>\n<li> Recherche d'\u00e9cole<\/li>\n<li> Orientation apr\u00e8s l'arriv\u00e9e<\/li>\n<li> Soutien \u00e0 la carri\u00e8re des partenaires<\/li>\n<li> Services de bricolage et d'aide m\u00e9nag\u00e8re<\/li>\n<li> Location de meubles<\/li>\n<li> Soutien en cours de mission<\/li>\n<\/ul>\n<p><strong>Emballage et stockage<\/strong><\/p>\n<ul>\n<li> Stockage \u00e0 court et \u00e0 long terme<\/li>\n<li> Installations s\u00e9curis\u00e9es<\/li>\n<li> Pr\u00e9avis de 24 heures pour l'acc\u00e8s<\/li>\n<li> Faites-le vous-m\u00eame, pour certains articles ou pour un service complet d'emballage.<\/li>\n<li> Cartons et bo\u00eetes fournis<\/li>\n<li> Film de protection fourni<\/li>\n<li> Ruban adh\u00e9sif, \u00e9tiquettes et marqueurs<\/li>\n<\/ul>\n<p><strong>Services de d\u00e9m\u00e9nagement pour les gouvernements et les militaires<\/strong><\/p>\n<ul>\n<li> Fournisseur de services de transport de la GSA<\/li>\n<li> Qualifi\u00e9 et soutenu par le CHAMP<\/li>\n<li> Porte \u00e0 porte<\/li>\n<\/ul>\n<p><strong>D\u00e9m\u00e9nagement des employ\u00e9s<\/strong><\/p>\n<ul>\n<li> Un responsable du d\u00e9m\u00e9nagement d\u00e9di\u00e9<\/li>\n<li> Porte \u00e0 porte<\/li>\n<\/ul>\n<p><strong>D\u00e9m\u00e9nagements r\u00e9sidentiels<\/strong><\/p>\n<ul>\n<li> Porte \u00e0 porte<\/li>\n<li> A domicile <a href=\"https:\/\/moverdb.com\/fr\/quotes\/\" data-internallinksmanager029f6b8e52c=\"26\" title=\"Devis de d\u00e9m\u00e9nagement international : 12 questions \u00e0 poser \u00e0 votre d\u00e9m\u00e9nageur\">devis de d\u00e9m\u00e9nagement<\/a><\/li>\n<li> Service complet d'emballage, de chargement et de d\u00e9chargement.<\/li>\n<li> Emballage - faites-le vous-m\u00eame, articles fragiles ou service complet<\/li>\n<li> Mat\u00e9riaux d'emballage fournis<\/li>\n<li> Stockage disponible<\/li>\n<li> D\u00e9montage et remontage de meubles<\/li>\n<li> D\u00e9m\u00e9nager les meubles, les installations et les \u00e9quipements<\/li>\n<li> D\u00e9placer des pianos, <a href=\"https:\/\/moverdb.com\/fr\/voiture-transport-expedition\/\">v\u00e9hicules<\/a>, bateaux et autres<\/li>\n<li> Protection mobile<\/li>\n<\/ul>\n<p><strong>Services de d\u00e9m\u00e9nagement sp\u00e9cialis\u00e9s<\/strong><\/p>\n<ul>\n<li> Transport de mat\u00e9riel m\u00e9dical<\/li>\n<li> Transport de machines lourdes<\/li>\n<li> Transport FFE<\/li>\n<li> Mat\u00e9riel de bureau<\/li>\n<li> Ordinateurs et mat\u00e9riel informatique<\/li>\n<li> Des meubles uniques<\/li>\n<li> D\u00e9m\u00e9nagement d'appareils \u00e9lectrom\u00e9nagers<\/li>\n<li> Agencements de magasins<\/li>\n<li> Services de d\u00e9m\u00e9nagement pour l'h\u00f4tellerie<\/li>\n<\/ul>\n<h2>Profil de l'entreprise Bekins Van Lines<\/h2>\n<p>Bekins Van Lines a \u00e9t\u00e9 cr\u00e9\u00e9e il y a 125 ans par John et Martin Bekins \u00e0 Sioux City, <a href=\"https:\/\/moverdb.com\/fr\/moving-to-the-united-states\/moving-to-iowa\/\" data-internallinksmanager029f6b8e52c=\"463\" title=\"Vous d\u00e9m\u00e9nagez dans l&#039;Iowa ? 2024 Co\u00fbts de la vie et conseils de relocalisation\">Iowa<\/a>. Elle disposait alors de 3 v\u00e9hicules hippomobiles et de 12 employ\u00e9s. Elle est aujourd'hui la quatri\u00e8me plus grande soci\u00e9t\u00e9 de transport des \u00c9tats-Unis. <a href=\"https:\/\/moverdb.com\/fr\/moving-to-the-united-states\/\" data-internallinksmanager029f6b8e52c=\"94\" title=\"Vous partez aux \u00c9tats-Unis ? 2026 Co\u00fbt de la vie et conseils de relocalisation\">\u00c9tats-Unis<\/a> et dessert plus de 95% du pays. Bekins Van Lines est sp\u00e9cialis\u00e9e dans <a href=\"https:\/\/moverdb.com\/fr\/expedition-par-conteneur\/\" target=\"_blank\" rel=\"noopener\">exp\u00e9dition internationale<\/a>les d\u00e9m\u00e9nagements et le d\u00e9placement d'objets de grande valeur.<\/p>\n<p>Bekins Van Lines est maintenant la propri\u00e9t\u00e9 de <a href=\"https:\/\/moverdb.com\/fr\/wheaton\/\" target=\"_blank\" rel=\"noopener\">Wheaton Van Lines<\/a>. Elle continue \u00e0 proposer des d\u00e9m\u00e9nagements de m\u00e9nages, des d\u00e9m\u00e9nagements d'entreprises, des d\u00e9m\u00e9nagements internationaux et des d\u00e9m\u00e9nagements militaires. <\/p>\n<p>Bekins, ainsi que Wheaton Van Lines, se sont associ\u00e9s \u00e0 Crown Relocations pour aider les clients \u00e0 effectuer des d\u00e9m\u00e9nagements internationaux. Bekins compte 350 agents et ce sont ces agents qui permettent \u00e0 la soci\u00e9t\u00e9 de fonctionner comme un service complet. <a href=\"https:\/\/moverdb.com\/fr\/moving-companies\/\" data-internallinksmanager029f6b8e52c=\"79\" title=\"Les 25 meilleures soci\u00e9t\u00e9s de d\u00e9m\u00e9nagement international en ligne\">soci\u00e9t\u00e9 de d\u00e9m\u00e9nagement<\/a>.<\/p>\n<p>Affiliations et accr\u00e9ditations de Bekins Van Lines :<\/p>\n<ul>\n<li> <a href=\"https:\/\/moverdb.com\/fr\/amsa\/\" target=\"_blank\" rel=\"noopener\">Association am\u00e9ricaine de d\u00e9m\u00e9nagement et de stockage<\/a> (<a href=\"https:\/\/moverdb.com\/fr\/amsa\/\" data-internallinksmanager029f6b8e52c=\"5\" title=\"Explication de l&#039;Association am\u00e9ricaine de d\u00e9m\u00e9nagement et d&#039;entreposage (AMSA)\">AMSA<\/a>) - <a href=\"https:\/\/moverdb.com\/fr\/jante-promoteur\/\" target=\"_blank\" rel=\"noopener\">ProMover<\/a><\/li>\n<li> Association nationale des gestionnaires de d\u00e9m\u00e9nagement de seniors (NASMM)<\/li>\n<li> Entreprise accr\u00e9dit\u00e9e par le Better Business Bureau (BBB) A+<\/li>\n<\/ul>\n<h2>Commentaires sur Bekins Van Lines<\/h2>\n<p><strong>Positif :<\/strong><\/p>\n<ul>\n<li> <em>\"J'\u00e9tais terrifi\u00e9 \u00e0 l'id\u00e9e de faire appel \u00e0 une soci\u00e9t\u00e9 de d\u00e9m\u00e9nagement pour mon d\u00e9m\u00e9nagement de l'Allemagne \u00e0 l'Italie. <a href=\"https:\/\/moverdb.com\/fr\/demenagement-a-san-jose\/\">San Jose<\/a> \u00e0 <a href=\"https:\/\/moverdb.com\/fr\/moving-to-the-united-states\/moving-to-oregon\/\" data-internallinksmanager029f6b8e52c=\"395\" title=\"D\u00e9m\u00e9nager en Oregon ? 2026 Co\u00fbts de la vie et conseils de relocalisation\">Oregon<\/a>. J'ai fait beaucoup de recherches en ligne et j'ai finalement choisi Bekins en raison de deux recommandations personnelles et de leur devis fixe. Le processus a \u00e9t\u00e9 facile, les d\u00e9m\u00e9nageurs ont pris grand soin de mes objets et ils ont livr\u00e9 \u00e0 la date pr\u00e9vue.\"<\/em> - S. N. via <a href=\"http:\/\/www.yelp.com\/biz\/bekins-van-lines-indianapolis-4?hrid=sAKPuUdvUtx9Pe5VoZlhZQ&#038;utm_campaign=www_review_share_popup&#038;utm_medium=copy_link&#038;utm_source=(direct)\" target=\"_blank\" rel=\"noopener\">Yelp<\/a><\/li>\n<li> <em>\"Nous avons obtenu les devis habituels pour le d\u00e9m\u00e9nagement de nos bureaux, et Bekins est arriv\u00e9 avec le devis le meilleur et le plus d\u00e9taill\u00e9.\"<\/em> - Wanda de Tampa via <a href=\"https:\/\/www.consumeraffairs.com\/movers\/bekins_van_lines.htm\" target=\"_blank\" rel=\"noopener\">Consommateurs<\/a><\/li>\n<li> <em>\"Ce client recommanderait l'entreprise \u00e0 un ami, un membre de la famille, un voisin ou un coll\u00e8gue\".<\/em> \u2013 Cindy R via <a href=\"http:\/\/www.bbb.org\/indy\/business-reviews\/movers\/bekins-van-lines-inc-in-indianapolis-in-90013818\/Customer-Reviews\" target=\"_blank\" rel=\"noopener\">BBB<\/a><\/li>\n<li> <em>\"Toute l'\u00e9quipe de d\u00e9m\u00e9nagement a \u00e9t\u00e9 fantastique. Les estimateurs et les coordinateurs ont \u00e9t\u00e9 tr\u00e8s attentionn\u00e9s.\"<\/em> - Paul D via <a href=\"http:\/\/www.mymovingreviews.com\/movers\/bekins-van-lines-303#54527\" target=\"_blank\" rel=\"noopener\">MyMoivingReviews.com<\/a><\/li>\n<\/ul>\n<p><strong>N\u00e9gatif :<\/strong><\/p>\n<ul>\n<li> \"<em>Une exp\u00e9rience vraiment horrible - beaucoup de marchandises endommag\u00e9es et un service non professionnel\". <\/em>Kelly H via <a href=\"http:\/\/www.yelp.com\/biz\/bekins-van-lines-indianapolis-4?hrid=mPlbHKmtD2adpffBELLyBA&#038;utm_campaign=www_review_share_popup&#038;utm_medium=copy_link&#038;utm_source=(direct)\" target=\"_blank\" rel=\"noopener\">Yelp<\/a> <\/li>\n<li> <em>\"Le d\u00e9m\u00e9nagement parfait d\u00e9crit par l'agent est devenu un cauchemar.\"<\/em> - Marcel de Lake Park via <a href=\"https:\/\/www.consumeraffairs.com\/movers\/bekins_van_lines.htm\" target=\"_blank\" rel=\"noopener\">Consommateurs<\/a> <\/li>\n<li> <em>\"Il y avait plusieurs choses n\u00e9gatives dans cette exp\u00e9rience.\"<\/em> \u2013 David S via <a href=\"http:\/\/www.bbb.org\/indy\/business-reviews\/movers\/bekins-van-lines-inc-in-indianapolis-in-90013818\/Customer-Reviews\" target=\"_blank\" rel=\"noopener\">BBB<\/a> <\/li>\n<li> \"<em>J'ai trouv\u00e9 que Bekins moving and storage n'est pas fiable.\" <\/em> D Langdon via <a href=\"http:\/\/www.mymovingreviews.com\/movers\/bekins-van-lines-303#37287\" target=\"_blank\" rel=\"noopener\">MyMoivingReviews.com<\/a><\/li>\n<\/ul>\n<div itemprop=\"review\" itemscope itemtype=\"http:\/\/schema.org\/Review\">\n<span itemprop=\"author\" itemscope=\"\" itemtype=\"http:\/\/schema.org\/Organization\"><span itemprop=\"name\">MoverDB.com<\/span><\/span> Examen en ligne du site Web pour <span itemprop=\"itemreviewed\" itemscope=\"\" itemtype=\"http:\/\/schema.org\/Brand\"><span itemprop=\"name\">Bekins Van Lines<\/span><\/span>:<\/p>\n<ol>\n<li> Coordonn\u00e9es claires sur le site web (y compris le num\u00e9ro de t\u00e9l\u00e9phone) : <strong>Oui<\/strong><\/li>\n<li> Facile \u00e0 obtenir <a href=\"https:\/\/moverdb.com\/fr\/citations\/\">devis de d\u00e9m\u00e9nagement international<\/a>? (Formulaire de demande de devis en ligne) : <strong>Oui<\/strong><\/li>\n<li> Informations claires sur le site web : <strong>Oui,<\/strong> il existe de nombreux guides, vid\u00e9os et autres ressources sur le site.<\/li>\n<li> Adh\u00e9sion \u00e0 des organisations internationales de d\u00e9m\u00e9nagement reconnues : <strong>Oui<\/strong>voir ci-dessus<\/li>\n<li> Liste de clients et\/ou t\u00e9moignages de clients pr\u00e9c\u00e9dents. <strong>Oui,<\/strong> ils ont leur propre <a href=\"https:\/\/www.bekins.com\/why-bekins\/reviews-testimonials\/\" target=\"_blank\" rel=\"noopener\">page des critiques et des t\u00e9moignages.<\/a><\/li>\n<\/ol>\n<div itemprop=\"reviewRating\" itemscope itemtype=\"http:\/\/schema.org\/Rating\"><meta itemprop=\"worstRating\" content = \"0\" \/><meta itemprop=\"bestRating\" content=\"5\" \/><meta itemprop=\"ratingValue\" content=\"5\"><\/div>\n<p><strong>Note globale : 5\/5<\/strong><br \/>\n<strong>Date de r\u00e9vision :<\/strong> <span itemprop=\"datePublished\" content=\"2016-08-08\">08\/08\/2016<\/span>\n<\/div>\n<p>Plus d'informations sur <a href=\"https:\/\/moverdb.com\/fr\/entreprises-de-demenagement\/\">soci\u00e9t\u00e9s de d\u00e9m\u00e9nagement international<\/a>, <a href=\"https:\/\/moverdb.com\/fr\/demenageurs-us-canada\/\">D\u00e9m\u00e9nageurs am\u00e9ricains<\/a> et notre <a href=\"https:\/\/moverdb.com\/fr\/revues\/\">processus de r\u00e9vision<\/a>.<\/p>\n<p><strong>Site web :<\/strong> <a href=\"https:\/\/www.bekins.com\/\" target=\"_blank\" rel=\"noopener\">https:\/\/www.bekins.com<\/a><\/p>","protected":false},"excerpt":{"rendered":"<p>Bekins Van Lines are based in Indianapolis IN. They offer their customers a variety of services which are listed below, together with a company profile and reviews. International Moving Personalised service together with Crown Relocations Door to door service Packing &#8211; do it yourself, selected items or full service Storage &#8211; short and long term [&hellip;]<\/p>\n","protected":false},"author":1,"featured_media":0,"parent":0,"menu_order":0,"comment_status":"closed","ping_status":"closed","template":"","meta":{"_genesis_hide_title":false,"_genesis_hide_breadcrumbs":false,"_genesis_hide_singular_image":false,"_genesis_hide_footer_widgets":false,"_genesis_custom_body_class":"","_genesis_custom_post_class":"","_genesis_layout":"","footnotes":""},"class_list":{"0":"post-1065","1":"page","2":"type-page","3":"status-publish","5":"entry"},"_links":{"self":[{"href":"https:\/\/moverdb.com\/fr\/wp-json\/wp\/v2\/pages\/1065","targetHints":{"allow":["GET"]}}],"collection":[{"href":"https:\/\/moverdb.com\/fr\/wp-json\/wp\/v2\/pages"}],"about":[{"href":"https:\/\/moverdb.com\/fr\/wp-json\/wp\/v2\/types\/page"}],"author":[{"embeddable":true,"href":"https:\/\/moverdb.com\/fr\/wp-json\/wp\/v2\/users\/1"}],"replies":[{"embeddable":true,"href":"https:\/\/moverdb.com\/fr\/wp-json\/wp\/v2\/comments?post=1065"}],"version-history":[{"count":9,"href":"https:\/\/moverdb.com\/fr\/wp-json\/wp\/v2\/pages\/1065\/revisions"}],"predecessor-version":[{"id":6181,"href":"https:\/\/moverdb.com\/fr\/wp-json\/wp\/v2\/pages\/1065\/revisions\/6181"}],"wp:attachment":[{"href":"https:\/\/moverdb.com\/fr\/wp-json\/wp\/v2\/media?parent=1065"}],"curies":[{"name":"wp","href":"https:\/\/api.w.org\/{rel}","templated":true}]}}