{"id":1064,"date":"2016-08-12T14:50:41","date_gmt":"2016-08-12T14:50:41","guid":{"rendered":"http:\/\/moverdb.com\/?page_id=1064"},"modified":"2026-01-08T13:18:24","modified_gmt":"2026-01-08T13:18:24","slug":"graebel-van-lines","status":"publish","type":"page","link":"https:\/\/moverdb.com\/fr\/graebel-van-lines\/","title":{"rendered":"Graebel Van Lines : Services de d\u00e9m\u00e9nagement international et commentaires"},"content":{"rendered":"<p>Graebel Van Lines a son si\u00e8ge social \u00e0 Aurora, CO. L'entreprise offre \u00e0 ses clients un large \u00e9ventail de services qui sont \u00e9num\u00e9r\u00e9s ci-dessous. Vous y trouverez \u00e9galement un profil de l'entreprise et des commentaires.<\/p>\n<p><strong>D\u00e9m\u00e9nagement international<\/strong><\/p>\n<ul>\n<li> Un coordinateur du service client\u00e8le est d\u00e9sign\u00e9<\/li>\n<li> Enqu\u00eate d\u00e9taill\u00e9e \u00e0 domicile<\/li>\n<li> Plan de d\u00e9m\u00e9nagement personnalis\u00e9<\/li>\n<li> Porte \u00e0 porte<\/li>\n<li> Emballeurs et chargeurs form\u00e9s \u00e0 l'international<\/li>\n<li> Mat\u00e9riaux d'emballage de qualit\u00e9 sup\u00e9rieure<\/li>\n<li> Mise en caisse personnalis\u00e9e<\/li>\n<li> Coordination avec les principaux transporteurs mondiaux sous licence<\/li>\n<li> Installations de stockage - certaines climatis\u00e9es<\/li>\n<li> D\u00e9douanement<\/li>\n<li> Livraison et d\u00e9ballage<\/li>\n<\/ul>\n<p><strong>D\u00e9m\u00e9nagements r\u00e9sidentiels<\/strong><\/p>\n<ul>\n<li> Service de porte \u00e0 porte<\/li>\n<li> Un point de contact unique pendant tout le d\u00e9m\u00e9nagement<\/li>\n<li> Emballage et d\u00e9ballage si n\u00e9cessaire<\/li>\n<li> D\u00e9m\u00e9nagements locaux, longue distance et internationaux<\/li>\n<li> Installations de stockage \u00e0 long et \u00e0 court terme<\/li>\n<\/ul>\n<p><strong>D\u00e9m\u00e9nagement de l'espace de travail<\/strong><\/p>\n<ul>\n<li> Plan d'\u00e9tage avant et apr\u00e8s<\/li>\n<li> Inventaire d\u00e9taill\u00e9<\/li>\n<li> Stockage \u00e0 long et court terme<\/li>\n<li> D\u00e9connexion et reconnexion des syst\u00e8mes informatiques<\/li>\n<li> D\u00e9montage et remontage de meubles<\/li>\n<li> Disposition responsable des actifs<\/li>\n<li> D\u00e9m\u00e9nagements de si\u00e8ges sociaux, de bureaux et de bureaux ponctuels.<\/li>\n<li> Coordination des sous-traitants, des donn\u00e9es, de la t\u00e9l\u00e9phonie et de l'\u00e9lectricit\u00e9.<\/li>\n<li> Estimations pr\u00e9cises du d\u00e9m\u00e9nagement de bureaux en ce qui concerne les \u00e9quipements, le personnel, les mat\u00e9riaux et le co\u00fbt total.<\/li>\n<li> Gestion des mouvements, ajouts et changements (MAC).<\/li>\n<li> Listes de contr\u00f4le, planification et processus \u00e9prouv\u00e9s de d\u00e9m\u00e9nagement de bureaux.<\/li>\n<li> Stockage et \u00e9limination des dossiers.<\/li>\n<li> Syst\u00e8mes de classement et solutions de rangement \u00e0 haute densit\u00e9.<\/li>\n<li> <a href=\"https:\/\/moverdb.com\/fr\/british-association-of-removers\/\" data-internallinksmanager029f6b8e52c=\"9\" title=\"Explication de la British Association of Removers (BAR)\">Bar<\/a>-gestion des stocks cod\u00e9s.<\/li>\n<li> Transport international, y compris les services de transport de charges partielles, de charges compl\u00e8tes et de fourgons rembourr\u00e9s.<\/li>\n<li> Services d'entreposage et de distribution.<\/li>\n<li> Services de livraison juste-\u00e0-temps.<\/li>\n<li> Services et gestion logistiques \u00e0 source unique.<\/li>\n<li> Syst\u00e8mes de transport de mobilier, de livraison, d'installation et de reconfiguration.<\/li>\n<li> Services de mobilier, d'am\u00e9nagement et d'\u00e9quipement (FF&amp;E) pour l'industrie h\u00f4teli\u00e8re.<\/li>\n<li> Services de d\u00e9m\u00e9nagement pour le secteur de la sant\u00e9.<\/li>\n<\/ul>\n<p><strong>D\u00e9m\u00e9nagements d'entreprises, de gouvernements et de militaires<\/strong><\/p>\n<ul>\n<li> Bureau of Prisons<\/li>\n<li> Service des mar\u00e9chaux<\/li>\n<li> Drug Enforcement Administration (DEA)<\/li>\n<li> D\u00e9partement des affaires des anciens combattants (VA)<\/li>\n<li> Bureau f\u00e9d\u00e9ral d'enqu\u00eate (FBI)<\/li>\n<li> Bureau du recensement<\/li>\n<li> Centres pour le contr\u00f4le et la pr\u00e9vention des maladies (CDC)<\/li>\n<li> Internal Revenue Service (IRS)<\/li>\n<\/ul>\n<h2>Profil de l'entreprise Graebel Van Lines<\/h2>\n<p>Graebel Van Lines est la plus grande entreprise priv\u00e9e du monde. <a href=\"https:\/\/moverdb.com\/fr\/moving-companies\/\" data-internallinksmanager029f6b8e52c=\"79\" title=\"Les 25 meilleures soci\u00e9t\u00e9s de d\u00e9m\u00e9nagement international en ligne\">soci\u00e9t\u00e9 de d\u00e9m\u00e9nagement<\/a> dans le <a href=\"https:\/\/moverdb.com\/fr\/moving-to-the-united-states\/\" data-internallinksmanager029f6b8e52c=\"94\" title=\"Vous partez aux \u00c9tats-Unis ? 2026 Co\u00fbt de la vie et conseils de relocalisation\">\u00c9tats-Unis<\/a> et a son si\u00e8ge \u00e0 Aurora, CO. Depuis 66 ans, la soci\u00e9t\u00e9 d\u00e9m\u00e9nage des familles, des entreprises et du personnel gouvernemental et militaire dans le monde entier et aux \u00c9tats-Unis. <\/p>\n<p>La soci\u00e9t\u00e9 propose des solutions compl\u00e8tes pour r\u00e9pondre aux besoins de chaque client, qu'il s'agisse d'un petit travail comme la r\u00e9novation d'un bureau ou d'une t\u00e2che gigantesque, comme le d\u00e9m\u00e9nagement d'un h\u00f4pital dans de nouveaux locaux.<\/p>\n<p>Graebel Van Lines dispose de 4 millions de pieds carr\u00e9s d'espace de stockage dans tout le pays et exploite 828 v\u00e9hicules de d\u00e9m\u00e9nagement. Tout le personnel de la soci\u00e9t\u00e9 est form\u00e9 aux normes les plus \u00e9lev\u00e9es.<\/p>\n<p>Affiliations et accr\u00e9ditations de Graebel Van Lines :<\/p>\n<ul>\n<li> <a href=\"https:\/\/moverdb.com\/fr\/jante-promoteur\/\">ProMover<\/a><\/li>\n<li> <a href=\"https:\/\/moverdb.com\/fr\/amsa\/\" target=\"_blank\" rel=\"noopener\">Association am\u00e9ricaine de d\u00e9m\u00e9nagement et de stockage<\/a> (<a href=\"https:\/\/moverdb.com\/fr\/amsa\/\" data-internallinksmanager029f6b8e52c=\"5\" title=\"Explication de l&#039;Association am\u00e9ricaine de d\u00e9m\u00e9nagement et d&#039;entreposage (AMSA)\">AMSA<\/a>)<\/li>\n<li> Institut international du d\u00e9m\u00e9nagement de bureaux (IOMI)<\/li>\n<\/ul>\n<h2>Critiques de Graebel Van Lines<\/h2>\n<p><strong>Positif :<\/strong><\/p>\n<ul>\n<li> <em>\"Graebel Van Lines a fait un travail remarquable pour mon d\u00e9m\u00e9nagement. Ils m'ont d\u00e9m\u00e9nag\u00e9 dans un d\u00e9lai tr\u00e8s court, \u00e0 temps et tout a atterri l\u00e0 o\u00f9 je le souhaitais.\" <\/em> \u2013 Michelle T via <a href=\"https:\/\/www.yelp.com\/biz\/graebel-van-lines-kent\" target=\"_blank\" rel=\"noopener\">Yelp<\/a><\/li>\n<li>  <em>\"Je poste ceci car j'ai vu beaucoup de mauvaises critiques sur Graebel's et mon exp\u00e9rience a \u00e9t\u00e9 positive.\"<\/em> - Sue Sok via <a href=\"http:\/\/www.mymovingreviews.com\/movers\/graebel-406#28293\" target=\"_blank\" rel=\"noopener\">MyMovingReviews.com<\/a><\/li>\n<\/ul>\n<p><strong>N\u00e9gatif :<\/strong><\/p>\n<ul>\n<li> \"<em>J'ai utilis\u00e9 Graebel's pour trois d\u00e9m\u00e9nagements et chaque exp\u00e9rience est de pire en pire.\"<\/em> \u2013 Michael C via <a href=\"http:\/\/www.yelp.com\/biz\/graebel-van-lines-san-jose?hrid=KdToWSepoqbs7wLCd4UE0A&#038;utm_campaign=www_review_share_popup&#038;utm_medium=copy_link&#038;utm_source=(direct)\" target=\"_blank\" rel=\"noopener\">Yelp<\/a> <\/li>\n<li> \"<em>Je ne recommande pas cette soci\u00e9t\u00e9 ! !!\"<\/em> Don Mcnasby via <a href=\"http:\/\/www.mymovingreviews.com\/movers\/graebel-406#47223\" target=\"_blank\" rel=\"noopener\">MyMovingReviews.com<\/a><\/li>\n<\/ul>\n<div itemprop=\"review\" itemscope itemtype=\"http:\/\/schema.org\/Review\">\n<span itemprop=\"author\" itemscope=\"\" itemtype=\"http:\/\/schema.org\/Organization\"><span itemprop=\"name\">MoverDB.com<\/span><\/span> Examen en ligne du site Web pour <span itemprop=\"itemreviewed\" itemscope=\"\" itemtype=\"http:\/\/schema.org\/Brand\"><span itemprop=\"name\">Graebel Van Lines<\/span><\/span>:<\/p>\n<ol>\n<li> Coordonn\u00e9es claires sur le site web (y compris le num\u00e9ro de t\u00e9l\u00e9phone) : <strong>Oui<\/strong><\/li>\n<li> Facile \u00e0 obtenir <a href=\"https:\/\/moverdb.com\/fr\/citations\/\">devis de d\u00e9m\u00e9nagement international<\/a>? (Formulaire de demande de devis en ligne) : <strong>Oui<\/strong><\/li>\n<li> Informations claires sur le site web : <strong>Quelques<\/strong>Le site web ne contient pas beaucoup d'informations d\u00e9taill\u00e9es. On suppose qu'elles seront fournies avec le plan personnalis\u00e9.<\/li>\n<li> Adh\u00e9sion \u00e0 des organisations internationales de d\u00e9m\u00e9nagement reconnues : <strong>Oui<\/strong>(voir ci-dessus)<\/li>\n<li> Liste de clients et\/ou t\u00e9moignages de clients pr\u00e9c\u00e9dents : <strong>Non<\/strong> Cependant, le site web mentionne qu'ils sont les d\u00e9m\u00e9nageurs pr\u00e9f\u00e9r\u00e9s du gouvernement et des entreprises Fortune 500.<\/li>\n<\/ol>\n<div itemprop=\"reviewRating\" itemscope itemtype=\"http:\/\/schema.org\/Rating\"><meta itemprop=\"worstRating\" content = \"0\" \/><meta itemprop=\"bestRating\" content=\"5\" \/><meta itemprop=\"ratingValue\" content=\"3.5\"><\/div>\n<p><strong>Note globale : 3,5\/5<\/strong><br \/>\n<strong>Date de r\u00e9vision :<\/strong> <span itemprop=\"datePublished\" content=\"2016-08-11\">11\/08\/2016<\/span>\n<\/div>\n<p>Plus d'informations sur <a href=\"https:\/\/moverdb.com\/fr\/entreprises-de-demenagement\/\">d\u00e9m\u00e9nageurs internationaux<\/a>, <a href=\"https:\/\/moverdb.com\/fr\/demenageurs-us-canada\/\">Soci\u00e9t\u00e9s de d\u00e9m\u00e9nagement am\u00e9ricaines<\/a> et notre <a href=\"https:\/\/moverdb.com\/fr\/revues\/\">processus de r\u00e9vision<\/a>.<\/p>\n<p><strong>Site web :<\/strong> <a href=\"https:\/\/www.graebelmoving.com\" target=\"_blank\" rel=\"noopener\">https:\/\/www.graebelmoving.com<\/a><\/p>","protected":false},"excerpt":{"rendered":"<p>Graebel Van Lines is headquartered in Aurora, CO. The company offers its customers a wide range of services which are listed below. There also follows a company profile and reviews. International Moving A dedicated customer service coordinator is assigned Detailed in-home survey Customised move plan Door to door Internationally trained packers and loaders Finest quality [&hellip;]<\/p>\n","protected":false},"author":1,"featured_media":0,"parent":0,"menu_order":0,"comment_status":"closed","ping_status":"closed","template":"","meta":{"_genesis_hide_title":false,"_genesis_hide_breadcrumbs":false,"_genesis_hide_singular_image":false,"_genesis_hide_footer_widgets":false,"_genesis_custom_body_class":"","_genesis_custom_post_class":"","_genesis_layout":"","footnotes":""},"class_list":{"0":"post-1064","1":"page","2":"type-page","3":"status-publish","5":"entry"},"_links":{"self":[{"href":"https:\/\/moverdb.com\/fr\/wp-json\/wp\/v2\/pages\/1064","targetHints":{"allow":["GET"]}}],"collection":[{"href":"https:\/\/moverdb.com\/fr\/wp-json\/wp\/v2\/pages"}],"about":[{"href":"https:\/\/moverdb.com\/fr\/wp-json\/wp\/v2\/types\/page"}],"author":[{"embeddable":true,"href":"https:\/\/moverdb.com\/fr\/wp-json\/wp\/v2\/users\/1"}],"replies":[{"embeddable":true,"href":"https:\/\/moverdb.com\/fr\/wp-json\/wp\/v2\/comments?post=1064"}],"version-history":[{"count":6,"href":"https:\/\/moverdb.com\/fr\/wp-json\/wp\/v2\/pages\/1064\/revisions"}],"predecessor-version":[{"id":6216,"href":"https:\/\/moverdb.com\/fr\/wp-json\/wp\/v2\/pages\/1064\/revisions\/6216"}],"wp:attachment":[{"href":"https:\/\/moverdb.com\/fr\/wp-json\/wp\/v2\/media?parent=1064"}],"curies":[{"name":"wp","href":"https:\/\/api.w.org\/{rel}","templated":true}]}}