{"id":1062,"date":"2016-08-21T19:46:49","date_gmt":"2016-08-21T19:46:49","guid":{"rendered":"http:\/\/moverdb.com\/?page_id=1062"},"modified":"2026-01-08T14:47:31","modified_gmt":"2026-01-08T14:47:31","slug":"amj-campbell-van-lines","status":"publish","type":"page","link":"https:\/\/moverdb.com\/fr\/amj-campbell-van-lines\/","title":{"rendered":"AMJ Campbell Van Lines : Services de d\u00e9m\u00e9nagement international et commentaires"},"content":{"rendered":"<p>AMJ Campbell Van Lines est bas\u00e9e \u00e0 <a href=\"https:\/\/moverdb.com\/fr\/demenagement-a-toronto\/\">Toronto<\/a>, <a href=\"https:\/\/moverdb.com\/fr\/moving-to-canada\/\" data-internallinksmanager029f6b8e52c=\"265\" title=\"D\u00e9m\u00e9nager au Canada ? 2026 Co\u00fbt de la vie et conseils de relocalisation\">Canada<\/a> et offre \u00e0 ses clients divers services de d\u00e9m\u00e9nagement et d'entreposage qui sont \u00e9num\u00e9r\u00e9s ci-dessous. Vous trouverez \u00e9galement un profil de l'entreprise et des commentaires pour votre information.<\/p>\n<p><strong>D\u00e9m\u00e9nagement international<\/strong><\/p>\n<ul>\n<li> Service complet de porte \u00e0 porte<\/li>\n<li> Emballage et d\u00e9ballage professionnels<\/li>\n<li> Mat\u00e9riaux d'emballage de la plus haute qualit\u00e9<\/li>\n<li> Gestion des stocks<\/li>\n<li> <a href=\"https:\/\/moverdb.com\/fr\/expedition-par-conteneur\/\">Fret routier, maritime et a\u00e9rien<\/a><\/li>\n<li> Syst\u00e8mes de gestion des mouvements \u00e0 la pointe de la technologie<\/li>\n<\/ul>\n<p><strong>Services de relocalisation transfrontali\u00e8re<\/strong><\/p>\n<ul>\n<li> Le Canada au <a href=\"https:\/\/moverdb.com\/fr\/moving-to-the-united-states\/\" data-internallinksmanager029f6b8e52c=\"94\" title=\"Vous partez aux \u00c9tats-Unis ? 2026 Co\u00fbt de la vie et conseils de relocalisation\">US<\/a> et vice versa<\/li>\n<\/ul>\n<p><strong>D\u00e9m\u00e9nagement r\u00e9sidentiel - local ou longue distance<\/strong><\/p>\n<ul>\n<li> Respect des d\u00e9lais<\/li>\n<li> Un devis \u00e9crit<\/li>\n<li> Un appel t\u00e9l\u00e9phonique la veille de votre d\u00e9m\u00e9nagement pour confirmer les d\u00e9tails.<\/li>\n<li> R\u00e8glement de toute r\u00e9clamation pour dommages dans les 30 jours<\/li>\n<li> Protection pour tous vos meubles rembourr\u00e9s<\/li>\n<li> Remontage de tout meuble d\u00e9mont\u00e9<\/li>\n<li> Protection des sols et des rampes<\/li>\n<li> Des \u00e9quipes de travail professionnelles et courtoises<\/li>\n<li> Excellent service \u00e0 la client\u00e8le<\/li>\n<\/ul>\n<p><strong>Services de relocalisation d'entreprises<\/strong><\/p>\n<ul>\n<li> Service complet d'emballage<\/li>\n<li> D\u00e9chargement du site<\/li>\n<li> D\u00e9ballage avec service complet<\/li>\n<\/ul>\n<p><strong>D\u00e9m\u00e9nagement de bureaux<\/strong><\/p>\n<ul>\n<li> Service de planification des d\u00e9m\u00e9nagements<\/li>\n<li> \u00c9tiquetage soigneux de tous les articles<\/li>\n<li> Emballage expert<\/li>\n<li> D\u00e9placement expert d'\u00e9quipements sensibles et d'ordinateurs<\/li>\n<\/ul>\n<p><strong>Services sp\u00e9cialis\u00e9s<\/strong><\/p>\n<ul>\n<li> Int\u00e9rieur des bureaux<\/li>\n<li> D\u00e9m\u00e9nagement de l'entrep\u00f4t<\/li>\n<li> Installation de meubles<\/li>\n<li> D\u00e9chiquetage<\/li>\n<\/ul>\n<p><strong>Stockage<\/strong><\/p>\n<ul>\n<li> Court terme jusqu'\u00e0 60 jours<\/li>\n<li> A long terme<\/li>\n<li> Des installations propres, s\u00e9curis\u00e9es et bien g\u00e9r\u00e9es<\/li>\n<li> Des dispositifs de suivi sophistiqu\u00e9s<\/li>\n<li> Entreposage libre-service<\/li>\n<li> Stockage de documents commerciaux<\/li>\n<\/ul>\n<h2>Profil de l'entreprise AMJ Campbell Van Lines<\/h2>\n<p>AMJ Campbell Van Lines a ouvert ses portes en 1934 sous le nom de MJ Campbell and Moving et \u00e9tait une entreprise familiale. L'entreprise se concentrait sur le d\u00e9m\u00e9nagement de personnes entre les provinces du Canada et entre les \u00c9tats-Unis et le Canada. Depuis lors, elle s'est d\u00e9velopp\u00e9e pour devenir la plus grande <a href=\"https:\/\/moverdb.com\/fr\/moving-companies\/\" data-internallinksmanager029f6b8e52c=\"79\" title=\"Les 25 meilleures soci\u00e9t\u00e9s de d\u00e9m\u00e9nagement international en ligne\">soci\u00e9t\u00e9 de d\u00e9m\u00e9nagement<\/a> au Canada, en d\u00e9pla\u00e7ant des personnes au niveau local et international.<\/p>\n<p>Campbell's emploie plus de 2 800 personnes r\u00e9parties sur 50 sites diff\u00e9rents au Canada. C'est aujourd'hui une soci\u00e9t\u00e9 priv\u00e9e, apr\u00e8s \u00eatre devenue publique dans les ann\u00e9es 1980, et c'est une entreprise multimillionnaire. <\/p>\n<p>Accr\u00e9ditations et affiliations de l'AMJ Campbell :<\/p>\n<ul>\n<li> <a href=\"https:\/\/moverdb.com\/fr\/fidi-faim\/\">FIDI<\/a><\/li>\n<li> <a href=\"https:\/\/moverdb.com\/fr\/fidi-faim\/\" data-internallinksmanager029f6b8e52c=\"16\" title=\"Explication de la FIDI et du FAIM (FIDI Accredited International Mover)\">FAIM<\/a><\/li>\n<li> <a href=\"https:\/\/moverdb.com\/fr\/association-canadienne-des-demenageurs\/\">Association canadienne des d\u00e9m\u00e9nageurs d'outre-mer<\/a> (COMA) <\/li>\n<li> <a href=\"https:\/\/moverdb.com\/fr\/lacma\/\">Association des d\u00e9m\u00e9nageurs d'Am\u00e9rique latine et des Cara\u00efbes<\/a> (<a href=\"https:\/\/moverdb.com\/fr\/lacma\/\" data-internallinksmanager029f6b8e52c=\"28\" title=\"Association des d\u00e9m\u00e9nageurs internationaux d&#039;Am\u00e9rique latine et des Cara\u00efbes (LACMA)\">LACMA<\/a>)<\/li>\n<li> Householders Goods Forwarders of America (HAGFAA) (en anglais)<\/li>\n<li> Entreprise accr\u00e9dit\u00e9e BBB A+<\/li>\n<\/ul>\n<h2>Avis sur AMJ Campbell Van Lines<\/h2>\n<p><strong>Positif :<\/strong><\/p>\n<ul>\n<li> <em>Nous avons \u00e9t\u00e9 tr\u00e8s impressionn\u00e9s par l'attitude, la coop\u00e9ration et le plaisir g\u00e9n\u00e9ral de travailler avec un groupe de personnes aussi formidables.<\/em> - via AMJ Campbell <a href=\"http:\/\/www.amjcampbell.com\/about-us-2\/customer-reviews\/\" target=\"_blank\" rel=\"noopener\">commentaires des clients<\/a><\/li>\n<li> <em>\"J'ai contact\u00e9 AMJ pour mon d\u00e9m\u00e9nagement de ville \u00e0 ville et j'ai \u00e9t\u00e9 tr\u00e8s satisfait de toute l'exp\u00e9rience.\"<\/em> \u2013 Rebecca G via <a href=\"https:\/\/homestars.com\/companies\/195139-amj-campbell\/reviews\/309471\" target=\"_blank\" rel=\"noopener\">HomeStars<\/a><\/li>\n<li> <em>\"J'ai choisi AMJ Campbell pour d\u00e9m\u00e9nager mes meubles de l'Europe \u00e0 l'Am\u00e9rique du Nord. <a href=\"https:\/\/moverdb.com\/fr\/moving-to-toronto\/\" data-internallinksmanager029f6b8e52c=\"71\" title=\"Vous d\u00e9m\u00e9nagez \u00e0 Toronto ? 2026 Co\u00fbt de la vie et conseils pour la relocalisation\">Toronto<\/a> \u00e0 <a href=\"https:\/\/moverdb.com\/fr\/moving-to-canada\/moving-to-montreal\/\" data-internallinksmanager029f6b8e52c=\"410\" title=\"Vous d\u00e9m\u00e9nagez \u00e0 Montr\u00e9al ? 2026 Co\u00fbts de la vie et conseils de relocalisation\">Montr\u00e9al<\/a> en 2013. Je ne pensais pas que le d\u00e9m\u00e9nagement serait aussi facile qu'ils l'ont fait\".<\/em> - Reem via <a href=\"http:\/\/www.mymovingreviews.com\/movers\/amj-campbell-van-lines-1281#15661\" target=\"_blank\" rel=\"noopener\">MyMovingReviews.com<\/a> <\/li>\n<li> <em>AMJ nous a aid\u00e9s, mon mari et moi, \u00e0 d\u00e9m\u00e9nager le jour de la f\u00eate du Canada. Bien que nous ayons pay\u00e9 un suppl\u00e9ment pour d\u00e9m\u00e9nager le jour de la f\u00eate du Canada, cela valait chaque centime.<\/em> - R R R M. via <a href=\"http:\/\/www.yelp.co.uk\/biz\/amj-campbell-van-lines-vancouver?hrid=g252Zt8_i0oO1eStByhl0A&#038;utm_campaign=www_review_share_popup&#038;utm_medium=copy_link&#038;utm_source=(direct)\" target=\"_blank\" rel=\"noopener\">Yelp<\/a><\/li>\n<\/ul>\n<p><strong>N\u00e9gatif :<\/strong><\/p>\n<ul>\n<li> <em>\"Sauvez votre sant\u00e9 mentale et votre argent. L'\u00e9quipe enti\u00e8re d'AMJ Campbell est la pire qui soit.\"<\/em> - Tr\u00e8s m\u00e9content de <a href=\"https:\/\/moverdb.com\/fr\/moving-to-canada\/moving-to-vancouver\/\" data-internallinksmanager029f6b8e52c=\"438\" title=\"Vous d\u00e9m\u00e9nagez \u00e0 Vancouver ? 2026 Co\u00fbts de la vie et conseils de relocalisation\">Vancouver<\/a> via <a href=\"https:\/\/homestars.com\/companies\/195139-amj-campbell\/reviews\/450056\" target=\"_blank\" rel=\"noopener\">HomeStars<\/a><\/li>\n<li> <em>\"C'\u00e9tait vraiment malheureux de traiter avec cette soci\u00e9t\u00e9 malhonn\u00eate.\"<\/em> - Maher via <a href=\"http:\/\/www.mymovingreviews.com\/movers\/amj-campbell-van-lines-1281#54125\" target=\"_blank\" rel=\"noopener\">MyMovingReviews.com<\/a> <\/li>\n<li> <em>Leur chauffeur \u00e9tait extr\u00eamement excentrique et non professionnel.<\/em> - SA S. via <a href=\"http:\/\/www.yelp.co.uk\/biz\/amj-campbell-van-lines-vancouver?hrid=8M5PJ1TTLqQx72k6lEsKLA&#038;utm_campaign=www_review_share_popup&#038;utm_medium=copy_link&#038;utm_source=(direct)\" target=\"_blank\" rel=\"noopener\">Yelp<\/a><\/li>\n<\/ul>\n<div itemprop=\"review\" itemscope itemtype=\"http:\/\/schema.org\/Review\">\n<span itemprop=\"author\" itemscope=\"\" itemtype=\"http:\/\/schema.org\/Organization\"><span itemprop=\"name\">MoverDB.com<\/span><\/span> Examen en ligne du site Web pour <span itemprop=\"itemreviewed\" itemscope=\"\" itemtype=\"http:\/\/schema.org\/Brand\"><span itemprop=\"name\">AMJ Campbell Van Lines<\/span><\/span>:<\/p>\n<ol>\n<li> Coordonn\u00e9es claires sur le site web (y compris le num\u00e9ro de t\u00e9l\u00e9phone) : <strong>Oui<\/strong><\/li>\n<li> Facile \u00e0 obtenir <a href=\"https:\/\/moverdb.com\/fr\/citations\/\">devis de d\u00e9m\u00e9nagement international<\/a>? (Formulaire de demande de devis en ligne) : <strong>Oui<\/strong><\/li>\n<li> Informations claires sur le site web : <strong>Oui<\/strong>mais pas toujours les plus faciles \u00e0 trouver.<\/li>\n<li> Adh\u00e9sion \u00e0 des organisations internationales de d\u00e9m\u00e9nagement reconnues : <strong>Oui<\/strong>(voir ci-dessus)<\/li>\n<li> Liste de clients et\/ou t\u00e9moignages de clients pr\u00e9c\u00e9dents. <strong>Oui,<\/strong> les deux sites web contiennent des t\u00e9moignages et des avis de clients.<\/li>\n<\/ol>\n<div itemprop=\"reviewRating\" itemscope itemtype=\"http:\/\/schema.org\/Rating\"><meta itemprop=\"worstRating\" content = \"0\" \/><meta itemprop=\"bestRating\" content=\"5\" \/><meta itemprop=\"ratingValue\" content=\"4.5\"><\/div>\n<p><strong>Note globale : 4,5\/5<\/strong><br \/>\n<strong>Date de r\u00e9vision :<\/strong> <span itemprop=\"datePublished\" content=\"2016-08-21\">21\/08\/2016<\/span>\n<\/div>\n<p>Plus d'informations sur <a href=\"https:\/\/moverdb.com\/fr\/entreprises-de-demenagement\/\">soci\u00e9t\u00e9s de d\u00e9m\u00e9nagement international<\/a>, <a href=\"https:\/\/moverdb.com\/fr\/demenageurs-us-canada\/\">Soci\u00e9t\u00e9s de d\u00e9m\u00e9nagement canadiennes<\/a> et notre <a href=\"https:\/\/moverdb.com\/fr\/revues\/\">processus de r\u00e9vision<\/a>.<\/p>\n<p><strong>Site web :<\/strong> Domestique : <a href=\"http:\/\/www.amjcampbell.com\" target=\"_blank\" rel=\"noopener\">http:\/\/www.amjcampbell.com<\/a>International : <a href=\"http:\/\/amj-international.com\" target=\"_blank\" rel=\"noopener\">http:\/\/amj-international.com<\/a><\/p>","protected":false},"excerpt":{"rendered":"<p>AMJ Campbell Van Lines is based in Toronto, Canada and it offers its customers various moving and storage services which are listed below. There is also a company profile and reviews for your information. International Moving Door to door full service Professional packing and unpacking Highest quality packing materials Inventory management Road, sea and air [&hellip;]<\/p>\n","protected":false},"author":1,"featured_media":0,"parent":0,"menu_order":0,"comment_status":"closed","ping_status":"closed","template":"","meta":{"_genesis_hide_title":false,"_genesis_hide_breadcrumbs":false,"_genesis_hide_singular_image":false,"_genesis_hide_footer_widgets":false,"_genesis_custom_body_class":"","_genesis_custom_post_class":"","_genesis_layout":"","footnotes":""},"class_list":{"0":"post-1062","1":"page","2":"type-page","3":"status-publish","5":"entry"},"_links":{"self":[{"href":"https:\/\/moverdb.com\/fr\/wp-json\/wp\/v2\/pages\/1062","targetHints":{"allow":["GET"]}}],"collection":[{"href":"https:\/\/moverdb.com\/fr\/wp-json\/wp\/v2\/pages"}],"about":[{"href":"https:\/\/moverdb.com\/fr\/wp-json\/wp\/v2\/types\/page"}],"author":[{"embeddable":true,"href":"https:\/\/moverdb.com\/fr\/wp-json\/wp\/v2\/users\/1"}],"replies":[{"embeddable":true,"href":"https:\/\/moverdb.com\/fr\/wp-json\/wp\/v2\/comments?post=1062"}],"version-history":[{"count":6,"href":"https:\/\/moverdb.com\/fr\/wp-json\/wp\/v2\/pages\/1062\/revisions"}],"predecessor-version":[{"id":6172,"href":"https:\/\/moverdb.com\/fr\/wp-json\/wp\/v2\/pages\/1062\/revisions\/6172"}],"wp:attachment":[{"href":"https:\/\/moverdb.com\/fr\/wp-json\/wp\/v2\/media?parent=1062"}],"curies":[{"name":"wp","href":"https:\/\/api.w.org\/{rel}","templated":true}]}}