{"id":1061,"date":"2016-07-25T20:41:24","date_gmt":"2016-07-25T20:41:24","guid":{"rendered":"http:\/\/moverdb.com\/?page_id=1061"},"modified":"2026-01-08T15:30:30","modified_gmt":"2026-01-08T15:30:30","slug":"u-pack-moving","status":"publish","type":"page","link":"https:\/\/moverdb.com\/fr\/u-pack-moving\/","title":{"rendered":"D\u00e9m\u00e9nagement U-Pack : Services de d\u00e9m\u00e9nagement international et commentaires"},"content":{"rendered":"<p>ABF U-Pack Moving offre \u00e0 ses clients une vari\u00e9t\u00e9 de services pour le d\u00e9m\u00e9nagement et l'auto-emballage et le d\u00e9ballage au sein de l'Union europ\u00e9enne. <a href=\"https:\/\/moverdb.com\/fr\/moving-to-the-united-states\/\" data-internallinksmanager029f6b8e52c=\"94\" title=\"Vous partez aux \u00c9tats-Unis ? 2026 Co\u00fbt de la vie et conseils de relocalisation\">US<\/a>, <a href=\"https:\/\/moverdb.com\/fr\/moving-to-canada\/\" data-internallinksmanager029f6b8e52c=\"265\" title=\"D\u00e9m\u00e9nager au Canada ? 2026 Co\u00fbt de la vie et conseils de relocalisation\">Canada<\/a> et Porto Rico. <\/p>\n<p>Ces services sont \u00e9num\u00e9r\u00e9s ci-dessous, accompagn\u00e9s d'un profil d'entreprise et de commentaires.<\/p>\n<p><strong>Types de d\u00e9m\u00e9nagements propos\u00e9s<\/strong><\/p>\n<ul>\n<li> D\u00e9m\u00e9nagement \u00e0 travers le pays<\/li>\n<li> D\u00e9m\u00e9nagement longue distance - \u00c9tats-Unis, Canada, Porto Rico<\/li>\n<li> D\u00e9placement de porte \u00e0 porte<\/li>\n<li> Auto-d\u00e9placement<\/li>\n<li> Louez des chargeurs \u00e0 l'heure <\/li>\n<li> D\u00e9m\u00e9nagement militaire<\/li>\n<li> D\u00e9m\u00e9nagement du coll\u00e8ge<\/li>\n<li> Petits d\u00e9placements<\/li>\n<\/ul>\n<p><strong>Mat\u00e9riel de d\u00e9m\u00e9nagement<\/strong><\/p>\n<ul>\n<li> Remorques de d\u00e9m\u00e9nagement<\/li>\n<li> D\u00e9m\u00e9nagement et <a href=\"https:\/\/moverdb.com\/fr\/expedition-par-conteneur\/\" target=\"_blank\" rel=\"noopener\">Conteneurs d'exp\u00e9dition<\/a><\/li>\n<\/ul>\n<p><strong>Stockage<\/strong><\/p>\n<ul>\n<li> Stockage des remorques<\/li>\n<li> Stockage ReloCube<\/li>\n<li> Stockage sur site<\/li>\n<li> Stockage portable<\/li>\n<\/ul>\n<h2>Profil de la soci\u00e9t\u00e9 de d\u00e9m\u00e9nagement U-Pack<\/h2>\n<p>ABF U-Pack a ouvert ses portes le 1er janvier.<sup>st<\/sup> octobre 1997 et fait partie d'ABF Freight. L'objectif de la soci\u00e9t\u00e9 \u00e9tait de rendre le d\u00e9m\u00e9nagement plus abordable en proposant aux clients l'option \"vous emballez, nous conduisons\". Les clients emballent leurs propres affaires et les chargent dans une remorque ou un conteneur fourni par la soci\u00e9t\u00e9. <\/p>\n<p>Un chauffeur U-Pack emm\u00e8ne ensuite les marchandises \u00e0 leur destination, o\u00f9 le client les d\u00e9charge et les d\u00e9balle. Les clients peuvent suivre leurs marchandises gr\u00e2ce \u00e0 un syst\u00e8me de suivi en ligne.<\/p>\n<p>Depuis sa cr\u00e9ation en 1997, ABF Moving U-Pack a d\u00e9plac\u00e9 plus de 850 000 familles et parcouru plus d'un milliard de kilom\u00e8tres. La soci\u00e9t\u00e9 assure une liaison directe avec presque toutes les villes des \u00c9tats-Unis, du Canada et de Porto Rico dont la population est sup\u00e9rieure \u00e0 30 000 habitants, ce qui repr\u00e9sente 44 000 communaut\u00e9s diff\u00e9rentes.<\/p>\n<p><strong>Accr\u00e9ditations et affiliations AFB U-Pack :<\/strong><\/p>\n<ul>\n<li> Entreprise accr\u00e9dit\u00e9e BBB A+<\/li>\n<\/ul>\n<h2>Critiques de U-Pack Moving<\/h2>\n<p><strong>Positif<\/strong><\/p>\n<ul>\n<li> \"<em>Pour les envois transfrontaliers (\u00c9tats-Unis\/Canada), je recommande vivement U-Pack\".<\/em> \u2013 Laura J via <a href=\"http:\/\/www.yelp.com\/user_details?userid=MFsoomxJ9wmWksnuhEbsWQ\" target=\"_blank\" rel=\"noopener\">Yelp<\/a> <\/li>\n<li> \"<em>Lorsque je consid\u00e8re mes options entre Upack et Uhaul avec le transporteur de voiture, il ne fait aucun doute qu'Upack est la meilleure solution.\"<\/em> - Lee via <a href=\"http:\/\/www.mymovingreviews.com\/movers\/u-pack-2041#54792\" target=\"_blank\" rel=\"noopener\">MyMovingReviews.com<\/a><\/li>\n<li> \"<em>Grande satisfaction g\u00e9n\u00e9rale du client, meilleur prix, respect des d\u00e9lais et professionnalisme.\"<\/em> - B Anderson via <a href=\"https:\/\/www.trustpilot.com\/users\/563a175f0000ff0001e81099\" target=\"_blank\" rel=\"noopener\">Trustpilot<\/a> <\/li>\n<li> \"<em>Best <a href=\"https:\/\/moverdb.com\/fr\/moving-companies\/\" data-internallinksmanager029f6b8e52c=\"79\" title=\"Les 25 meilleures soci\u00e9t\u00e9s de d\u00e9m\u00e9nagement international en ligne\">soci\u00e9t\u00e9 de d\u00e9m\u00e9nagement<\/a> Je le recommanderais \u00e0 n'importe qui.\"<\/em> - Be Be Be F via <a href=\"https:\/\/www.sitejabber.com\/reviews\/www.upack.com#6\" target=\"_blank\" rel=\"noopener\">SiteJabber<\/a> <\/li>\n<\/ul>\n<p><strong>N\u00e9gatif<\/strong><\/p>\n<ul>\n<li> \"<em>N'utilisez pas cette soci\u00e9t\u00e9. Vous le regretterez. La pire erreur que j'ai faite. Cela m'a co\u00fbt\u00e9 plus d'argent que ce que j'\u00e9tais cens\u00e9 \u00e9conomiser.\"<\/em> - Christina via <a href=\"http:\/\/www.yelp.com\/user_details?userid=h6i4pikiNvzwmw8VvAOvrw\" target=\"_blank\" rel=\"noopener\">Yelp<\/a> <\/li>\n<li> \"<em>Nous avons d\u00e9m\u00e9nag\u00e9 toute notre vie \u00e0 travers les \u00c9tats-Unis. Quand nous sommes all\u00e9s chercher nos affaires, il y avait tellement de d\u00e9g\u00e2ts que c'\u00e9tait irr\u00e9el.\"<\/em> - Sarah via <a href=\"http:\/\/www.mymovingreviews.com\/movers\/u-pack-2041#54608\" target=\"_blank\" rel=\"noopener\">MyMovingReviews.com<\/a> <\/li>\n<li> \"<em>Le camion devait arriver entre 14h et 18h. J'ai embauch\u00e9 des d\u00e9m\u00e9nageurs pour m'aider \u00e0 17 heures. Le camion ne s'est pas pr\u00e9sent\u00e9 \u00e0 18 heures\". <\/em> - Cliff Gragg via <a href=\"https:\/\/www.trustpilot.com\/users\/561008750000ff0001e06238\" target=\"_blank\" rel=\"noopener\">TrustPilot<\/a> <\/li>\n<li> \"<em>Non professionnel. Nous sommes toujours en plein d\u00e9m\u00e9nagement avec U-Pack\".<\/em> \u2013 Karen W via <a href=\"https:\/\/www.sitejabber.com\/reviews\/www.upack.com#5\" target=\"_blank\" rel=\"noopener\">SiteJabber<\/a> <\/li>\n<\/ul>\n<div itemprop=\"review\" itemscope itemtype=\"http:\/\/schema.org\/Review\">\n<span itemprop=\"author\" itemscope=\"\" itemtype=\"http:\/\/schema.org\/Organization\"><span itemprop=\"name\">MoverDB.com<\/span><\/span> Examen en ligne du site Web pour <span itemprop=\"itemreviewed\" itemscope=\"\" itemtype=\"http:\/\/schema.org\/Brand\"><span itemprop=\"name\">D\u00e9m\u00e9nagement U-Pack<\/span><\/span>:<\/p>\n<ol>\n<li> Coordonn\u00e9es claires sur le site web (y compris le num\u00e9ro de t\u00e9l\u00e9phone) : <strong>Oui<\/strong><\/li>\n<li> Facile \u00e0 obtenir <a href=\"https:\/\/moverdb.com\/fr\/citations\/\">devis de d\u00e9m\u00e9nagement international<\/a>? (Formulaire de demande de devis en ligne) : <strong>Oui<\/strong><\/li>\n<li> Informations claires sur le site web : <strong>Oui,<\/strong> Le site web donne un excellent aper\u00e7u de tout ce que l'entreprise a \u00e0 offrir.<\/li>\n<li> Adh\u00e9sion \u00e0 des organisations internationales de d\u00e9m\u00e9nagement reconnues : <strong>Oui<\/strong>voir ci-dessus<\/li>\n<li> Liste de clients et\/ou t\u00e9moignages de clients pr\u00e9c\u00e9dents : <strong>Oui,<\/strong> Il existe de nombreux avis de clients sur le site.<\/li>\n<\/ol>\n<div itemprop=\"reviewRating\" itemscope itemtype=\"http:\/\/schema.org\/Rating\"><meta itemprop=\"worstRating\" content = \"0\" \/><meta itemprop=\"bestRating\" content=\"5\" \/><meta itemprop=\"ratingValue\" content=\"5\"><\/div>\n<p><strong>Note globale : 5\/5<\/strong><br \/>\n<strong>Date de r\u00e9vision :<\/strong> <span itemprop=\"datePublished\" content=\"2016-07-25\">25\/07\/2016<\/span>\n<\/div>\n<p>En savoir plus sur les autres <a href=\"https:\/\/moverdb.com\/fr\/entreprises-de-demenagement\/\">soci\u00e9t\u00e9s de d\u00e9m\u00e9nagement international<\/a>, <a href=\"https:\/\/moverdb.com\/fr\/demenageurs-us-canada\/\">Soci\u00e9t\u00e9s de d\u00e9m\u00e9nagement am\u00e9ricaines<\/a> et notre <a href=\"https:\/\/moverdb.com\/fr\/revues\/\">explication du processus de r\u00e9vision<\/a>.<\/p>\n<p><strong>Site web :<\/strong> <a href=\"http:\/\/www.upack.com\" target=\"_blank\" rel=\"noopener\">http:\/\/www.upack.com<\/a><\/p>","protected":false},"excerpt":{"rendered":"<p>ABF U-Pack Moving offers its customers a variety of services for moving and self-packing and unpacking within the US, Canada and Puerto Rico. These services are listed below, together with a company profile and reviews. Types of Moves on Offer Cross-country moving Long distance moving &#8211; US, Canada, Puerto Rico Door to door moving Self-moving [&hellip;]<\/p>\n","protected":false},"author":1,"featured_media":0,"parent":0,"menu_order":0,"comment_status":"closed","ping_status":"closed","template":"","meta":{"_genesis_hide_title":false,"_genesis_hide_breadcrumbs":false,"_genesis_hide_singular_image":false,"_genesis_hide_footer_widgets":false,"_genesis_custom_body_class":"","_genesis_custom_post_class":"","_genesis_layout":"","footnotes":""},"class_list":{"0":"post-1061","1":"page","2":"type-page","3":"status-publish","5":"entry"},"_links":{"self":[{"href":"https:\/\/moverdb.com\/fr\/wp-json\/wp\/v2\/pages\/1061","targetHints":{"allow":["GET"]}}],"collection":[{"href":"https:\/\/moverdb.com\/fr\/wp-json\/wp\/v2\/pages"}],"about":[{"href":"https:\/\/moverdb.com\/fr\/wp-json\/wp\/v2\/types\/page"}],"author":[{"embeddable":true,"href":"https:\/\/moverdb.com\/fr\/wp-json\/wp\/v2\/users\/1"}],"replies":[{"embeddable":true,"href":"https:\/\/moverdb.com\/fr\/wp-json\/wp\/v2\/comments?post=1061"}],"version-history":[{"count":6,"href":"https:\/\/moverdb.com\/fr\/wp-json\/wp\/v2\/pages\/1061\/revisions"}],"predecessor-version":[{"id":6248,"href":"https:\/\/moverdb.com\/fr\/wp-json\/wp\/v2\/pages\/1061\/revisions\/6248"}],"wp:attachment":[{"href":"https:\/\/moverdb.com\/fr\/wp-json\/wp\/v2\/media?parent=1061"}],"curies":[{"name":"wp","href":"https:\/\/api.w.org\/{rel}","templated":true}]}}