{"id":1059,"date":"2016-08-21T14:56:28","date_gmt":"2016-08-21T14:56:28","guid":{"rendered":"http:\/\/moverdb.com\/?page_id=1059"},"modified":"2026-01-08T14:47:35","modified_gmt":"2026-01-08T14:47:35","slug":"arpin-van-lines","status":"publish","type":"page","link":"https:\/\/moverdb.com\/fr\/arpin-van-lines\/","title":{"rendered":"Arpin Van Lines : Services de d\u00e9m\u00e9nagement et commentaires"},"content":{"rendered":"<p>Arpin Van Lines est bas\u00e9e \u00e0 West Warwick, RI et offre \u00e0 ses clients une large gamme de services tant au niveau international que local. Ces services sont \u00e9num\u00e9r\u00e9s ci-dessous, accompagn\u00e9s d'un profil de l'entreprise et de commentaires. Les d\u00e9m\u00e9nagements internationaux sont \u00e9galement pris en charge par <a href=\"https:\/\/moverdb.com\/fr\/arpin-international\/\">Arpin International<\/a>.<\/p>\n<p><strong>D\u00e9m\u00e9nagements internationaux<\/strong><\/p>\n<ul>\n<li> Personnel multiculturel et multilingue<\/li>\n<li> Un coordinateur d\u00e9di\u00e9 au d\u00e9m\u00e9nagement international<\/li>\n<li> Porte \u00e0 porte<\/li>\n<li> Emballage et d\u00e9ballage<\/li>\n<li> D\u00e9montage et remontage de meubles et\/ou de marchandises<\/li>\n<li> Assistance en mati\u00e8re de douane<\/li>\n<li> Mouvements transfrontaliers - <a href=\"https:\/\/moverdb.com\/fr\/moving-to-canada\/\" data-internallinksmanager029f6b8e52c=\"265\" title=\"D\u00e9m\u00e9nager au Canada ? 2026 Co\u00fbt de la vie et conseils de relocalisation\">Canada<\/a><\/li>\n<\/ul>\n<p><strong>GSA et d\u00e9m\u00e9nagements militaires<\/strong><\/p>\n<ul>\n<li> Militaire<\/li>\n<li> Gouvernement\/GSA<\/li>\n<li> Mouvements de v\u00e9t\u00e9rans<\/li>\n<li> Transformation militaire<\/li>\n<\/ul>\n<p><strong>D\u00e9m\u00e9nagements de m\u00e9nages<\/strong><\/p>\n<ul>\n<li> D\u00e9placements locaux<\/li>\n<li> D\u00e9m\u00e9nagements longue distance<\/li>\n<li> Mouvements des seniors<\/li>\n<li> Solution pour les petits d\u00e9placements<\/li>\n<\/ul>\n<p><strong>Stockage<\/strong><\/p>\n<ul>\n<li> A long terme<\/li>\n<li> Court terme<\/li>\n<li> Quelques entrep\u00f4ts climatis\u00e9s<\/li>\n<li> Stockage en conteneur<\/li>\n<\/ul>\n<h2>Profil de l'entreprise Arpin Van Lines<\/h2>\n<p>Arpin Van Lines a \u00e9t\u00e9 fond\u00e9e en 1900. Elle d\u00e9m\u00e9nage donc des personnes et des entreprises depuis plus de 100 ans et est toujours une entreprise familiale. <\/p>\n<p>L'entreprise est fi\u00e8re d'ex\u00e9cuter des d\u00e9m\u00e9nagements locaux, longue distance et internationaux presque parfaits ou parfaits. Elle compte 385 agences dans le <a href=\"https:\/\/moverdb.com\/fr\/moving-to-the-united-states\/\" data-internallinksmanager029f6b8e52c=\"94\" title=\"Vous partez aux \u00c9tats-Unis ? 2026 Co\u00fbt de la vie et conseils de relocalisation\">\u00c9tats-Unis<\/a> et s'est associ\u00e9 \u00e0 des agences de premier plan et fiables dans le monde entier afin d'offrir la qualit\u00e9 qu'elle promet.<\/p>\n<p>L'activit\u00e9 principale de la soci\u00e9t\u00e9 est le d\u00e9m\u00e9nagement. Elle travaille en partenariat avec des soci\u00e9t\u00e9s de relocalisation aux \u00c9tats-Unis et dans le monde entier. Arpin Van Lines effectue environ 14 000 d\u00e9m\u00e9nagements GSA et militaires par an.<\/p>\n<p>Arpin Van Lines soutient Save the Children, Habitat for Humanity et la Soci\u00e9t\u00e9 Audubon de l'Union europ\u00e9enne. <a href=\"https:\/\/moverdb.com\/fr\/moving-to-the-united-states\/moving-to-rhode-island\/\" data-internallinksmanager029f6b8e52c=\"450\" title=\"D\u00e9m\u00e9nager \u00e0 Rhode Island ? 2024 Co\u00fbts de la vie et conseils de relocalisation\">Rhode Island<\/a>. L'entreprise applique une politique \u00e9cologique rigoureuse qui lui a valu de nombreuses r\u00e9compenses pour la r\u00e9duction de son empreinte carbone.<\/p>\n<p>Arpin Van Lines poss\u00e8de les accr\u00e9ditations et affiliations suivantes :<\/p>\n<ul>\n<li> Le site <a href=\"https:\/\/moverdb.com\/fr\/amsa\/\">Association am\u00e9ricaine de d\u00e9m\u00e9nagement et de stockage<\/a> (<a href=\"https:\/\/moverdb.com\/fr\/amsa\/\" data-internallinksmanager029f6b8e52c=\"5\" title=\"Explication de l&#039;Association am\u00e9ricaine de d\u00e9m\u00e9nagement et d&#039;entreposage (AMSA)\">AMSA<\/a>)<\/li>\n<li> <a href=\"https:\/\/moverdb.com\/fr\/conseil-de-relocation-des-employes\/\">ERC dans le monde<\/a><\/li>\n<li> Association nationale des gestionnaires de d\u00e9m\u00e9nagement de seniors (NASMM)<\/li>\n<li> Certifi\u00e9 <a href=\"https:\/\/moverdb.com\/fr\/jante-promoteur\/\">ProMover<\/a><\/li>\n<li> Better Business Bureau (BBB) A+<\/li>\n<li> Partenaire de transport SmartWay<\/li>\n<li> ISSP<\/li>\n<\/ul>\n<h2>Critiques d'Arpin Van Lines<\/h2>\n<p><strong>Positif :<\/strong><\/p>\n<ul>\n<li> <em>\"Je ne sais pas vraiment pourquoi il y a tant de mauvaises critiques, mais moi, en revanche, j'ai eu une excellente exp\u00e9rience ! Cela pourrait \u00eatre d\u00fb \u00e0 l'affili\u00e9 local qui s'est occup\u00e9 du d\u00e9m\u00e9nagement ou \u00e0 la r\u00e9putation de l'entreprise. Quoi qu'il en soit, mon exp\u00e9rience a \u00e9t\u00e9 fantastique du d\u00e9but \u00e0 la fin !\"<\/em> - Jay Cee via <a href=\"http:\/\/www.yelp.com\/biz\/arpin-van-lines-west-warwick-2?hrid=OS55XvTTjsx1-lntFW5mvw&#038;utm_campaign=www_review_share_popup&#038;utm_medium=copy_link&#038;utm_source=(direct)\" target=\"_blank\" rel=\"noopener\">Yelp<\/a><\/li>\n<li> \"Je dois dire que les gars d'Arpin Van Lines ont fait un travail vraiment incroyable pour nous. Ils \u00e9taient \u00e0 l'heure quand ils ont dit qu'ils le seraient et ils ont rendu tout le d\u00e9m\u00e9nagement tr\u00e8s facile.\"<\/em> - Emmanuel P. via <a href=\"https:\/\/www.customerlobby.com\/reviews\/28943\/arpin-van-lines-inc\/review\/877013\" target=\"_blank\" rel=\"noopener\">Lobby des clients<\/a> <\/li>\n<li> <em>\"Je voulais juste vous dire \u00e0 quel point j'\u00e9tais heureux et satisfait de mon d\u00e9m\u00e9nagement.  Le bureau s'est occup\u00e9 de moi et s'est vraiment souci\u00e9 de la fa\u00e7on dont tout se passait pour moi et ma famille.\"<\/em> - Yuriko Sprott via <a href=\"http:\/\/www.mymovingreviews.com\/movers\/arpin-van-lines-664#39723\" target=\"_blank\" rel=\"noopener\">MyMovingReviews.com<\/a> <\/li>\n<\/ul>\n<p><strong>N\u00e9gatif :<\/strong><\/p>\n<ul>\n<li> \"<em>Nous avons d\u00e9m\u00e9nag\u00e9 de <a href=\"https:\/\/moverdb.com\/fr\/moving-to-the-united-states\/moving-to-illinois\/\" data-internallinksmanager029f6b8e52c=\"401\" title=\"D\u00e9m\u00e9nager en Illinois ? 2026 Co\u00fbts de la vie et conseils de relocalisation\">Illinois<\/a> \u00e0 Sacramento et l'exp\u00e9rience a \u00e9t\u00e9 HORRIBLE\". <\/em>John W via <a href=\"http:\/\/www.yelp.com\/biz\/arpin-van-lines-west-warwick-2?hrid=_dchwV9PFPdLsH2-htD5dA&#038;utm_campaign=www_review_share_popup&#038;utm_medium=copy_link&#038;utm_source=(direct)\" target=\"_blank\" rel=\"noopener\">Yelp<\/a><\/li>\n<li> <em>\"Les mots ne peuvent exprimer \u00e0 quel point j'esp\u00e8re que vous n'utiliserez pas cette soci\u00e9t\u00e9. Nous avons fait 7 d\u00e9m\u00e9nagements hors de l'\u00e9tat \u00e0 cause du travail de mon mari et je n'ai jamais \u00e9t\u00e9 t\u00e9moin d'une telle incomp\u00e9tence.\"<\/em> \u2013 Marci R. via <a href=\"https:\/\/www.customerlobby.com\/reviews\/28943\/arpin-van-lines-inc\/review\/854697\" target=\"_blank\" rel=\"noopener\">Lobby des clients<\/a><\/li>\n<li> <em>\"Par o\u00f9 commencer... Il a fallu 2 semaines pour obtenir un devis, ils ont actuellement 3 jours de retard et ma femme enceinte et moi allons devoir dormir sur un matelas gonflable avec une valise jusqu'\u00e0 ce qu'ils arrivent\".<\/em> - Mmonahan via <a href=\"http:\/\/www.mymovingreviews.com\/movers\/arpin-van-lines-664#55388\" target=\"_blank\" rel=\"noopener\">MyMovingReviews.com<\/a> <\/li>\n<\/ul>\n<div itemprop=\"review\" itemscope itemtype=\"http:\/\/schema.org\/Review\">\n<span itemprop=\"author\" itemscope=\"\" itemtype=\"http:\/\/schema.org\/Organization\"><span itemprop=\"name\">MoverDB.com<\/span><\/span> Examen en ligne du site Web pour <span itemprop=\"itemreviewed\" itemscope=\"\" itemtype=\"http:\/\/schema.org\/Brand\"><span itemprop=\"name\">Arpin Van Lines<\/span><\/span>:<\/p>\n<ol>\n<li> Coordonn\u00e9es claires sur le site web (y compris le num\u00e9ro de t\u00e9l\u00e9phone) : <strong>Oui<\/strong><\/li>\n<li> Facile \u00e0 obtenir <a href=\"https:\/\/moverdb.com\/fr\/citations\/\">devis de d\u00e9m\u00e9nagement international<\/a>? (Formulaire de demande de devis en ligne) : <strong>Oui<\/strong><\/li>\n<li> Informations claires sur le site web : <strong>Oui,<\/strong> le site web propose des guides et des vid\u00e9os.<\/li>\n<li> Adh\u00e9sion \u00e0 des organisations internationales de d\u00e9m\u00e9nagement reconnues : <strong>Oui<\/strong>(voir ci-dessus)<\/li>\n<li> Liste de clients et\/ou t\u00e9moignages de clients pr\u00e9c\u00e9dents. <strong>Partiel<\/strong> Ils r\u00e9pertorient les t\u00e9moignages de leurs clients via le Lobby des clients, voir ci-dessus.<\/li>\n<\/ol>\n<div itemprop=\"reviewRating\" itemscope itemtype=\"http:\/\/schema.org\/Rating\"><meta itemprop=\"worstRating\" content = \"0\" \/><meta itemprop=\"bestRating\" content=\"5\" \/><meta itemprop=\"ratingValue\" content=\"4\"><\/div>\n<p><strong>Note globale : 4\/5<\/strong><br \/>\n<strong>Date de r\u00e9vision :<\/strong> <span itemprop=\"datePublished\" content=\"2016-08-21\">21\/08\/2016<\/span>\n<\/div>\n<p>Plus d'informations sur <a href=\"https:\/\/moverdb.com\/fr\/entreprises-de-demenagement\/\">d\u00e9m\u00e9nageurs internationaux<\/a>, <a href=\"https:\/\/moverdb.com\/fr\/demenageurs-us-canada\/\">D\u00e9m\u00e9nageurs am\u00e9ricains<\/a> et notre <a href=\"https:\/\/moverdb.com\/fr\/revues\/\">processus de r\u00e9vision<\/a>.<\/p>\n<p><strong>Site web :<\/strong> <a href=\"http:\/\/www.arpin.com\" target=\"_blank\" rel=\"noopener\">http:\/\/www.arpin.com<\/a><\/p>","protected":false},"excerpt":{"rendered":"<p>Arpin Van Lines is based in West Warwick, RI and offers its customers a wide range of services both internationally and locally. These services are listed below, together with a company profile and reviews. International moves are also handled by Arpin International. International Moves Multicultural and multilingual staff Dedicated international move coordinator Door to door [&hellip;]<\/p>\n","protected":false},"author":1,"featured_media":0,"parent":0,"menu_order":0,"comment_status":"closed","ping_status":"closed","template":"","meta":{"_genesis_hide_title":false,"_genesis_hide_breadcrumbs":false,"_genesis_hide_singular_image":false,"_genesis_hide_footer_widgets":false,"_genesis_custom_body_class":"","_genesis_custom_post_class":"","_genesis_layout":"","footnotes":""},"class_list":{"0":"post-1059","1":"page","2":"type-page","3":"status-publish","5":"entry"},"_links":{"self":[{"href":"https:\/\/moverdb.com\/fr\/wp-json\/wp\/v2\/pages\/1059","targetHints":{"allow":["GET"]}}],"collection":[{"href":"https:\/\/moverdb.com\/fr\/wp-json\/wp\/v2\/pages"}],"about":[{"href":"https:\/\/moverdb.com\/fr\/wp-json\/wp\/v2\/types\/page"}],"author":[{"embeddable":true,"href":"https:\/\/moverdb.com\/fr\/wp-json\/wp\/v2\/users\/1"}],"replies":[{"embeddable":true,"href":"https:\/\/moverdb.com\/fr\/wp-json\/wp\/v2\/comments?post=1059"}],"version-history":[{"count":7,"href":"https:\/\/moverdb.com\/fr\/wp-json\/wp\/v2\/pages\/1059\/revisions"}],"predecessor-version":[{"id":6176,"href":"https:\/\/moverdb.com\/fr\/wp-json\/wp\/v2\/pages\/1059\/revisions\/6176"}],"wp:attachment":[{"href":"https:\/\/moverdb.com\/fr\/wp-json\/wp\/v2\/media?parent=1059"}],"curies":[{"name":"wp","href":"https:\/\/api.w.org\/{rel}","templated":true}]}}