{"id":1058,"date":"2016-07-25T21:05:23","date_gmt":"2016-07-25T21:05:23","guid":{"rendered":"http:\/\/moverdb.com\/?page_id=1058"},"modified":"2026-01-08T14:40:09","modified_gmt":"2026-01-08T14:40:09","slug":"mayflower-transit","status":"publish","type":"page","link":"https:\/\/moverdb.com\/fr\/mayflower-transit\/","title":{"rendered":"Mayflower Transit : Services de d\u00e9m\u00e9nagement international et commentaires"},"content":{"rendered":"<p>Mayflower Transit offre \u00e0 ses clients une gamme de services de d\u00e9m\u00e9nagement nationaux et internationaux, qui sont \u00e9num\u00e9r\u00e9s ci-dessous. Vous y trouverez \u00e9galement un profil de l'entreprise et des commentaires.<\/p>\n<p><strong>D\u00e9m\u00e9nageurs internationaux<\/strong><\/p>\n<p>Services de pr\u00e9-affectation<\/p>\n<ul>\n<li> Services de visa et d'immigration<\/li>\n<li> Voyage pr\u00e9liminaire et orientation de la r\u00e9gion<\/li>\n<li> Informations sur les pays et les cultures<\/li>\n<\/ul>\n<p>Services de d\u00e9m\u00e9nagement<\/p>\n<ul>\n<li> Planification pr\u00e9alable au d\u00e9m\u00e9nagement<\/li>\n<li> Transport des biens<\/li>\n<li> G\u00e9rer le d\u00e9m\u00e9nagement<\/li>\n<li> Suivi des exp\u00e9ditions<\/li>\n<\/ul>\n<p>Services de destination internationale<\/p>\n<ul>\n<li> Formation culturelle et linguistique<\/li>\n<li> Assistance scolaire<\/li>\n<li> Soutien du partenaire\/conjoint<\/li>\n<li> S'installer dans le service<\/li>\n<li> Assistance au d\u00e9part<\/li>\n<\/ul>\n<p>Services de protection<\/p>\n<ul>\n<li> Multiplicateur de poids<\/li>\n<li> Inventaire de grande valeur<\/li>\n<li> Inventaire d\u00e9taill\u00e9 et valoris\u00e9<\/li>\n<\/ul>\n<p>Aide au logement<\/p>\n<ul>\n<li> Services de recherche de logement<\/li>\n<li> Logement temporaire<\/li>\n<li> Gestion des biens et des locations<\/li>\n<\/ul>\n<p><strong><a href=\"https:\/\/moverdb.com\/fr\/moving-to-canada\/\" data-internallinksmanager029f6b8e52c=\"265\" title=\"D\u00e9m\u00e9nager au Canada ? 2026 Co\u00fbt de la vie et conseils de relocalisation\">D\u00e9m\u00e9nagement au Canada<\/a><\/strong><\/p>\n<ul>\n<li> Documentation et r\u00e9glementation requises<\/li>\n<li> Informations sur l'exp\u00e9dition des effets personnels<\/li>\n<li> Informations sur <a href=\"https:\/\/moverdb.com\/fr\/voiture-transport-expedition\/\">les v\u00e9hicules de transport<\/a><\/li>\n<\/ul>\n<p><strong>Types de d\u00e9m\u00e9nagements<\/strong><\/p>\n<ul>\n<li> D\u00e9m\u00e9nagements de m\u00e9nages - courte et longue distance<\/li>\n<li> D\u00e9m\u00e9nageurs locaux<\/li>\n<li> D\u00e9m\u00e9nageurs d'entreprise<\/li>\n<li> D\u00e9m\u00e9nageurs militaires et gouvernementaux<\/li>\n<li> <a href=\"https:\/\/moverdb.com\/fr\/entreprises-de-demenagement\/\" target=\"_blank\" rel=\"noopener\">D\u00e9m\u00e9nageurs internationaux<\/a><\/li>\n<\/ul>\n<p><strong>Services de d\u00e9m\u00e9nagement<\/strong><\/p>\n<ul>\n<li> Emballage et d\u00e9ballage<\/li>\n<li> Protection mobile<\/li>\n<li> Transport de voitures<\/li>\n<li> Stockage<\/li>\n<li> Service de nettoyage<\/li>\n<li> Collecte des d\u00e9bris<\/li>\n<li> Installation d'un syst\u00e8me de cin\u00e9ma maison et\/ou d'ordinateurs<\/li>\n<li> Service de jardinage<\/li>\n<li> Services immobiliers<\/li>\n<\/ul>\n<h2>Profil de la soci\u00e9t\u00e9 Mayflower Transit<\/h2>\n<p>Mayflower Transit a \u00e9t\u00e9 fond\u00e9e en 1927 par Conrad M. Gentry et Don F. Kenworthy \u00e0 Indianapolis. Les membres fondateurs souhaitaient offrir aux gens une alternative au transport ferroviaire de leurs biens. <\/p>\n<p>\u00c0 la fin de la Seconde Guerre mondiale, l'entreprise s'\u00e9tait d\u00e9velopp\u00e9e et proposait d\u00e9sormais des services tels que la r\u00e9installation des employ\u00e9s de l'entreprise, le d\u00e9m\u00e9nagement et la mise en place de salons professionnels. <\/p>\n<p>En 1995, Mayflower Transit a rejoint UniGroup qui est un <strong>$1,7 milliard<\/strong> qui propose des services de d\u00e9m\u00e9nagement, de transport et de stockage dans le monde entier. Mayflower Transit offre une grande vari\u00e9t\u00e9 de services, allant du d\u00e9m\u00e9nagement et du stockage \u00e0 faire soi-m\u00eame au service complet sur mesure. <\/p>\n<p><strong>Affiliations et accr\u00e9ditations de Mayflower Transit :<\/strong><\/p>\n<ul>\n<li> Assurance qualit\u00e9 nationale <a href=\"https:\/\/moverdb.com\/fr\/moving-to-the-united-states\/\" data-internallinksmanager029f6b8e52c=\"94\" title=\"Vous partez aux \u00c9tats-Unis ? 2026 Co\u00fbt de la vie et conseils de relocalisation\">USA<\/a> (NQA) ISO 9001:2008<\/li>\n<li> <a href=\"https:\/\/moverdb.com\/fr\/amsa\/\">Association am\u00e9ricaine de d\u00e9m\u00e9nagement et de stockage<\/a> (<a href=\"https:\/\/moverdb.com\/fr\/amsa\/\" data-internallinksmanager029f6b8e52c=\"5\" title=\"Explication de l&#039;Association am\u00e9ricaine de d\u00e9m\u00e9nagement et d&#039;entreposage (AMSA)\">AMSA<\/a>) - <a href=\"https:\/\/moverdb.com\/fr\/jante-promoteur\/\">ProMover<\/a><\/li>\n<\/ul>\n<h2>Critiques de Mayflower Transit<\/h2>\n<p><strong>Positif :<\/strong><\/p>\n<ul>\n<li> \"<em>Ils se sont pr\u00e9sent\u00e9s \u00e0 l'heure, sont arriv\u00e9s \u00e0 notre nouvelle adresse \u00e0 l'heure, et le prix final que nous avons pay\u00e9 \u00e9tait EXACTEMENT celui qu'ils nous avaient indiqu\u00e9 d\u00e8s le d\u00e9part ! !! \"<\/em> - Paul I via <a href=\"http:\/\/www.mymovingreviews.com\/movers\/mayflower-movers-181#38117\" target=\"_blank\" rel=\"noopener\">MyMovingReviews.com<\/a> <\/li>\n<li> \"<em>Ils ont fait un excellent travail pour nous, en installant les lits, en remontant les meubles qui avaient d\u00fb \u00eatre d\u00e9mont\u00e9s pour l'emballage. Ma femme et moi \u00e9tions tous deux tr\u00e8s satisfaits de la mani\u00e8re dont nous avons \u00e9t\u00e9 d\u00e9m\u00e9nag\u00e9s.\"<\/em> - Jon via <a href=\"https:\/\/www.consumeraffairs.com\/movers\/mayflower.html?page=3\" target=\"_blank\" rel=\"noopener\">Consommateurs<\/a> <\/li>\n<\/ul>\n<p><strong>N\u00e9gatif :<\/strong><\/p>\n<ul>\n<li> \"<em>Si je pouvais donner 0 \u00e9toile, je le ferais absolument.\"<\/em> - Bill M. via <a href=\"http:\/\/www.mymovingreviews.com\/movers\/mayflower-movers-181#41675\" target=\"_blank\" rel=\"noopener\">MyMovingReviews.com<\/a><\/li>\n<li> \"<em>J'aurais aim\u00e9 lire les critiques avant notre d\u00e9m\u00e9nagement. L'exp\u00e9rience a \u00e9t\u00e9 terrible du d\u00e9but \u00e0 la fin\". <\/em> - Alison via <a href=\"https:\/\/www.consumeraffairs.com\/movers\/mayflower.html?page=3\" target=\"_blank\" rel=\"noopener\">Consommateurs<\/a><\/li>\n<\/ul>\n<div itemprop=\"review\" itemscope itemtype=\"http:\/\/schema.org\/Review\">\n<span itemprop=\"author\" itemscope=\"\" itemtype=\"http:\/\/schema.org\/Organization\"><span itemprop=\"name\">MoverDB.com<\/span><\/span> Examen en ligne du site Web pour <span itemprop=\"itemreviewed\" itemscope=\"\" itemtype=\"http:\/\/schema.org\/Brand\"><span itemprop=\"name\">Mayflower Transit<\/span><\/span>:<\/p>\n<ol>\n<li> Coordonn\u00e9es claires sur le site web (y compris le num\u00e9ro de t\u00e9l\u00e9phone) : <strong>Oui<\/strong><\/li>\n<li> Facile \u00e0 obtenir <a href=\"https:\/\/moverdb.com\/fr\/citations\/\">devis de d\u00e9m\u00e9nagement international<\/a>? (Formulaire de demande de devis en ligne) : <strong>Oui<\/strong><\/li>\n<li> Informations claires sur le site web : <strong>Oui.<\/strong> Le site web contient beaucoup d'informations et d'autres sont disponibles lorsque vous demandez un devis.<\/li>\n<li> Adh\u00e9sion \u00e0 des organisations internationales de d\u00e9m\u00e9nagement reconnues : <strong>Oui<\/strong>voir ci-dessus.<\/li>\n<li> Liste de clients et\/ou t\u00e9moignages de clients pr\u00e9c\u00e9dents : <strong>Oui<\/strong>Il existe de nombreux avis positifs de clients sur le site.<\/li>\n<\/ol>\n<div itemprop=\"reviewRating\" itemscope itemtype=\"http:\/\/schema.org\/Rating\"><meta itemprop=\"worstRating\" content = \"0\" \/><meta itemprop=\"bestRating\" content=\"5\" \/><meta itemprop=\"ratingValue\" content=\"4.5\"><\/div>\n<p><strong>Note globale : 4,5\/5<\/strong><br \/>\n<strong>Date de r\u00e9vision :<\/strong> <span itemprop=\"datePublished\" content=\"2016-07-25\">25\/07\/2016<\/span>\n<\/div>\n<p>Plus d'informations sur <a href=\"https:\/\/moverdb.com\/fr\/entreprises-de-demenagement\/\">soci\u00e9t\u00e9s de d\u00e9m\u00e9nagement international<\/a>, <a href=\"https:\/\/moverdb.com\/fr\/demenageurs-us-canada\/\">D\u00e9m\u00e9nageurs nationaux am\u00e9ricains<\/a> et apprenez-en davantage sur notre <a href=\"https:\/\/moverdb.com\/fr\/revues\/\">processus de r\u00e9vision<\/a>.<\/p>\n<p><strong>Site web :<\/strong> <a href=\"http:\/\/www.mayflower.com\/\" target=\"_blank\" rel=\"noopener\">http:\/\/www.mayflower.com<\/a><\/p>","protected":false},"excerpt":{"rendered":"<p>Mayflower Transit offers its customers a range of domestic and international moving services, which are listed below. There also follows a company profile and reviews. International Movers Pre-assignment Services Visa and immigration services Preview trip and area orientation Country and culture information Moving Services Pre-move planning Transportation of belongings Managing the move Shipment tracking International [&hellip;]<\/p>\n","protected":false},"author":1,"featured_media":0,"parent":0,"menu_order":0,"comment_status":"closed","ping_status":"closed","template":"","meta":{"_genesis_hide_title":false,"_genesis_hide_breadcrumbs":false,"_genesis_hide_singular_image":false,"_genesis_hide_footer_widgets":false,"_genesis_custom_body_class":"","_genesis_custom_post_class":"","_genesis_layout":"","footnotes":""},"class_list":{"0":"post-1058","1":"page","2":"type-page","3":"status-publish","5":"entry"},"_links":{"self":[{"href":"https:\/\/moverdb.com\/fr\/wp-json\/wp\/v2\/pages\/1058","targetHints":{"allow":["GET"]}}],"collection":[{"href":"https:\/\/moverdb.com\/fr\/wp-json\/wp\/v2\/pages"}],"about":[{"href":"https:\/\/moverdb.com\/fr\/wp-json\/wp\/v2\/types\/page"}],"author":[{"embeddable":true,"href":"https:\/\/moverdb.com\/fr\/wp-json\/wp\/v2\/users\/1"}],"replies":[{"embeddable":true,"href":"https:\/\/moverdb.com\/fr\/wp-json\/wp\/v2\/comments?post=1058"}],"version-history":[{"count":7,"href":"https:\/\/moverdb.com\/fr\/wp-json\/wp\/v2\/pages\/1058\/revisions"}],"predecessor-version":[{"id":13174,"href":"https:\/\/moverdb.com\/fr\/wp-json\/wp\/v2\/pages\/1058\/revisions\/13174"}],"wp:attachment":[{"href":"https:\/\/moverdb.com\/fr\/wp-json\/wp\/v2\/media?parent=1058"}],"curies":[{"name":"wp","href":"https:\/\/api.w.org\/{rel}","templated":true}]}}