{"id":1057,"date":"2016-08-21T14:07:37","date_gmt":"2016-08-21T14:07:37","guid":{"rendered":"http:\/\/moverdb.com\/?page_id=1057"},"modified":"2026-01-08T15:20:46","modified_gmt":"2026-01-08T15:20:46","slug":"stevens-worldwide-van-lines","status":"publish","type":"page","link":"https:\/\/moverdb.com\/fr\/stevens-worldwide-van-lines\/","title":{"rendered":"Stevens Worldwide Van Lines : Avis sur les d\u00e9m\u00e9nagements internationaux"},"content":{"rendered":"<p>Stevens Worldwide Van Lines est bas\u00e9e \u00e0 Saginaw MI. L'entreprise offre \u00e0 ses clients un large \u00e9ventail de services qui sont \u00e9num\u00e9r\u00e9s ci-dessous. Vous y trouverez \u00e9galement un profil de l'entreprise et des commentaires.<\/p>\n<p><strong>D\u00e9m\u00e9nagement international<\/strong><\/p>\n<ul>\n<li> D\u00e9m\u00e9nagement personnel et domestique<\/li>\n<li> D\u00e9m\u00e9nagement international du DOD<\/li>\n<li> D\u00e9m\u00e9nagement international GSA<\/li>\n<li> D\u00e9m\u00e9nagement d'entreprise<\/li>\n<li> <a href=\"https:\/\/moverdb.com\/fr\/transporteur-de-marchandises\/\">Transport de fret<\/a><\/li>\n<li> Service complet de porte \u00e0 porte<\/li>\n<li> Stevens Sp\u00e9cialistes de la relocalisation internationale pour chaque pays.<\/li>\n<li> Aider \u00e0 d\u00e9terminer les besoins du client<\/li>\n<li> Expliquer tous les services de d\u00e9m\u00e9nagement et de relocalisation internationaux disponibles, tels que l'emballage, le d\u00e9m\u00e9nagement, l'exp\u00e9dition, <a href=\"https:\/\/moverdb.com\/fr\/expedition-par-conteneur\/\">Exp\u00e9dition<\/a>le stockage et l'assurance<\/li>\n<li> D\u00e9crire les obligations de Stevens International et les responsabilit\u00e9s du client avant, pendant et apr\u00e8s un d\u00e9m\u00e9nagement.<\/li>\n<li> Fournir un <a href=\"https:\/\/moverdb.com\/fr\/citations\/\">estimation pr\u00e9cise<\/a><\/li>\n<li> Planifier toute la logistique du d\u00e9m\u00e9nagement<\/li>\n<li> N\u00e9gocier le <a href=\"https:\/\/moverdb.com\/fr\/frais-de-demenagement\/\">meilleurs taux<\/a><\/li>\n<li> Superviser les transporteurs et les agents utilis\u00e9s, et contr\u00f4ler chaque phase de la relocalisation.<\/li>\n<li> Veillez \u00e0 ce que tous les documents soient remplis et soumis avec pr\u00e9cision et dans les d\u00e9lais.<\/li>\n<li> Restez responsable de l'entretien de l'envoi conform\u00e9ment aux instructions du consultant en mati\u00e8re d'exp\u00e9dition ou de l'agent \u00e0 l'\u00e9tranger.<\/li>\n<li> Envoyer le mat\u00e9riel, la main-d'\u0153uvre et l'\u00e9quipement appropri\u00e9s<\/li>\n<\/ul>\n<p><strong>Coordinateurs de relocalisation internationale Stevens<\/strong><\/p>\n<ul>\n<li> sont exp\u00e9riment\u00e9s dans le domaine du transport international et de la relocalisation.<\/li>\n<li> Avoir des capacit\u00e9s multilingues<\/li>\n<li> connaissent les r\u00e9glementations douani\u00e8res et autres informations importantes et peuvent aider \u00e0 la manipulation et au traitement des documents.<\/li>\n<li> Fournir un contr\u00f4le \u00e0 service unique<\/li>\n<li> Fournir des conseils avant et apr\u00e8s le d\u00e9m\u00e9nagement<\/li>\n<li> Peut aider \u00e0 obtenir des informations sur le pays de destination et les douanes<\/li>\n<li> Assurer une communication continue et un suivi du service<\/li>\n<li> Suivre des proc\u00e9dures de pr\u00e9paration et de manipulation clairement d\u00e9finies<\/li>\n<li> Utiliser des pratiques de r\u00e8glement des sinistres compl\u00e8tes, rapides et \u00e9quitables.<\/li>\n<\/ul>\n<p><strong>D\u00e9m\u00e9nagement de m\u00e9nages<\/strong><\/p>\n<ul>\n<li> D\u00e9m\u00e9nagement local<\/li>\n<li> D\u00e9m\u00e9nagement hors de l'\u00c9tat<\/li>\n<li> D\u00e9m\u00e9nagement longue distance<\/li>\n<li> D\u00e9m\u00e9nagement inter\u00e9tatique<\/li>\n<li> D\u00e9m\u00e9nagement \u00e0 l'\u00e9tranger<\/li>\n<li> Programme de petits d\u00e9placements<\/li>\n<li> Emballage et d\u00e9ballage<\/li>\n<li> Bo\u00eetes et mat\u00e9riel d'emballage fournis<\/li>\n<li> Possibilit\u00e9 de stockage \u00e0 court et \u00e0 long terme<\/li>\n<\/ul>\n<p><strong>D\u00e9m\u00e9nagement d'entreprise<\/strong><\/p>\n<ul>\n<li> Service complet disponible<\/li>\n<li> Un conseiller en relocalisation d\u00e9di\u00e9<\/li>\n<li> D\u00e9placement de syst\u00e8mes informatiques<\/li>\n<li> Gestion de projet<\/li>\n<li> D\u00e9m\u00e9nagements de bureaux et d'industries<\/li>\n<li> Gestion des actifs\/ stockage<\/li>\n<li> Gestion des d\u00e9m\u00e9nagements nationaux<\/li>\n<li> Services MAC<\/li>\n<li> Gestion des dossiers<\/li>\n<li> D\u00e9placement des \u00e9quipements<\/li>\n<li> D\u00e9placement de fichiers<\/li>\n<li> D\u00e9m\u00e9nagements de laboratoires<\/li>\n<\/ul>\n<p><strong>D\u00e9m\u00e9nagements gouvernementaux et militaires<\/strong><\/p>\n<p><strong>D\u00e9m\u00e9nagement du clerg\u00e9<\/strong><\/p>\n<h2>Profil de l'entreprise Stevens Worldwide Van Lines<\/h2>\n<p>Frederick H. Stevens Jr. a cr\u00e9\u00e9 Stevens Worldwide Van Lines en 1905. Il utilise alors un cheval et un chariot pour transporter les bagages de l'a\u00e9roport \u00e0 l'a\u00e9roport. <a href=\"https:\/\/moverdb.com\/fr\/moving-to-the-united-states\/moving-to-michigan\/\" data-internallinksmanager029f6b8e52c=\"414\" title=\"D\u00e9m\u00e9nager dans le Michigan ? 2026 Co\u00fbts de la vie et conseils de relocalisation\">Michigan<\/a> Central Passenger Depot \u00e0 Saginaw. Aujourd'hui, Stevens compte 125 agents r\u00e9partis dans tout le pays. <a href=\"https:\/\/moverdb.com\/fr\/moving-to-the-united-states\/\" data-internallinksmanager029f6b8e52c=\"94\" title=\"Vous partez aux \u00c9tats-Unis ? 2026 Co\u00fbt de la vie et conseils de relocalisation\">\u00c9tats-Unis<\/a> et une division internationale compl\u00e8te. Les quatri\u00e8me et cinqui\u00e8me g\u00e9n\u00e9rations de Stevens occupent des postes de direction au sein de l'entreprise.<\/p>\n<p>Stevens Worldwide Van Lines d\u00e9m\u00e9nage les m\u00e9nages, les entreprises, le personnel gouvernemental et militaire et le clerg\u00e9 aux \u00c9tats-Unis et dans le monde entier. L'entreprise a mis en \u0153uvre de nombreuses initiatives \u00e9cologiques pour r\u00e9duire son empreinte carbone. Elle soutient \u00e9galement diverses organisations caritatives, tant au niveau international que local.<\/p>\n<p>Stevens Worldwide Van Lines poss\u00e8de les accr\u00e9ditations et affiliations suivantes :<\/p>\n<ul>\n<li> ISO 9001<\/li>\n<li> <a href=\"https:\/\/moverdb.com\/fr\/fidi-faim\/\">FIDI<\/a><\/li>\n<li> <a href=\"https:\/\/moverdb.com\/fr\/fidi-faim\/\" data-internallinksmanager029f6b8e52c=\"16\" title=\"Explication de la FIDI et du FAIM (FIDI Accredited International Mover)\">FAIM<\/a><\/li>\n<li> <a href=\"https:\/\/moverdb.com\/fr\/je-suis\/\">Association internationale des d\u00e9m\u00e9nageurs<\/a> (<a href=\"https:\/\/moverdb.com\/fr\/iam\/\" data-internallinksmanager029f6b8e52c=\"23\" title=\"L&#039;Association internationale des d\u00e9m\u00e9nageurs (IAM) expliqu\u00e9e\">IAM<\/a>)<\/li>\n<li> <a href=\"https:\/\/moverdb.com\/fr\/lacma\/\">Association des d\u00e9m\u00e9nageurs internationaux d'Am\u00e9rique latine et des Cara\u00efbes<\/a> (<a href=\"https:\/\/moverdb.com\/fr\/lacma\/\" data-internallinksmanager029f6b8e52c=\"28\" title=\"Association des d\u00e9m\u00e9nageurs internationaux d&#039;Am\u00e9rique latine et des Cara\u00efbes (LACMA)\">LACMA<\/a>)<\/li>\n<li> <a href=\"https:\/\/moverdb.com\/fr\/amsa\/\">Association am\u00e9ricaine de d\u00e9m\u00e9nagement et de stockage<\/a> (<a href=\"https:\/\/moverdb.com\/fr\/amsa\/\" data-internallinksmanager029f6b8e52c=\"5\" title=\"Explication de l&#039;Association am\u00e9ricaine de d\u00e9m\u00e9nagement et d&#039;entreposage (AMSA)\">AMSA<\/a>) - <a href=\"https:\/\/moverdb.com\/fr\/jante-promoteur\/\">ProMover<\/a><\/li>\n<li> BBB A+<\/li>\n<\/ul>\n<h2>Avis sur Stevens Worldwide Van Lines<\/h2>\n<p><strong>Positif :<\/strong><\/p>\n<ul>\n<li> <em>\"Du d\u00e9but \u00e0 la fin, notre exp\u00e9rience de d\u00e9m\u00e9nagement avec Stevens a \u00e9t\u00e9 exceptionnelle !\"<\/em> - Martin via <a href=\"http:\/\/stevensworldwide.com\/testimonials\" target=\"_blank\" rel=\"noopener\">T\u00e9moignages de clients de Stevens<\/a><\/li>\n<li> \"<em>Notre exp\u00e9rience avec Stevens Worldwide a \u00e9t\u00e9 excellente du d\u00e9but \u00e0 la fin.\" <\/em> - Michael via <a href=\"http:\/\/www.yelp.com\/biz\/stevens-worldwide-van-lines-saginaw-4?hrid=IQoARxOFSez8PQ9c5gUSmQ&#038;utm_campaign=www_review_share_popup&#038;utm_medium=copy_link&#038;utm_source=(direct)\" target=\"_blank\" rel=\"noopener\">Yelp<\/a><\/li>\n<li> \"<em>L'exp\u00e9rience a d\u00e9pass\u00e9 les attentes. Tr\u00e8s important, l'offre de vente correspondait au prix r\u00e9el. Deuxi\u00e8mement, nous \u00e9tions d\u00e9bord\u00e9s par l'emballage. Le d\u00e9m\u00e9nageur nous a demand\u00e9 de leur faire part de nos besoins la veille et ils ont fourni la main-d'\u0153uvre n\u00e9cessaire pour tout faire. \"<\/em> - Bill Counts via <a href=\"http:\/\/www.mymovingreviews.com\/movers\/stevens-van-lines-825#49902\" target=\"_blank\" rel=\"noopener\">MyMovingReviews.com<\/a><\/li>\n<li> \"<em>Personnel tr\u00e8s sympathique\".<\/em> - Un utilisateur de Google via <a href=\"http:\/\/reviews.birdeye.com\/stevens-worldwide-van-lines-951509696\" target=\"_blank\" rel=\"noopener\">BirdEye<\/a> <\/li>\n<\/ul>\n<p><strong>N\u00e9gatif :<\/strong><\/p>\n<ul>\n<li> <em>\"Une \u00e9toile, c'est m\u00eame trop pour eux.\"<\/em> - Michael M via <a href=\"http:\/\/www.yelp.com\/biz\/stevens-worldwide-van-lines-saginaw-4?hrid=7erY_4bReACOHR_0idQdUQ&#038;utm_campaign=www_review_share_popup&#038;utm_medium=copy_link&#038;utm_source=(direct)\" target=\"_blank\" rel=\"noopener\">Yelp<\/a><\/li>\n<li> <em>\"Un chauffeur amateur avec 3 aides inutiles a mis 14 heures pour charger une maison de 2 chambres avec sous-sol.\"<\/em> - Steve via <a href=\"http:\/\/www.mymovingreviews.com\/movers\/stevens-van-lines-825#55538\" target=\"_blank\" rel=\"noopener\">MyMovingReviews.com<\/a> <\/li>\n<li> \"<em>Nous n'aurions pas pu avoir une exp\u00e9rience plus d\u00e9sagr\u00e9able.\"<\/em> - Brian Gibson via <a href=\"http:\/\/reviews.birdeye.com\/stevens-worldwide-van-lines-951509696\" target=\"_blank\" rel=\"noopener\">BirdEye<\/a> <\/li>\n<\/ul>\n<div itemprop=\"review\" itemscope itemtype=\"http:\/\/schema.org\/Review\">\n<span itemprop=\"author\" itemscope=\"\" itemtype=\"http:\/\/schema.org\/Organization\"><span itemprop=\"name\">MoverDB.com<\/span><\/span> Examen en ligne du site Web pour <span itemprop=\"itemreviewed\" itemscope=\"\" itemtype=\"http:\/\/schema.org\/Brand\"><span itemprop=\"name\">Stevens Worldwide Van Lines<\/span><\/span>:<\/p>\n<ol>\n<li> Coordonn\u00e9es claires sur le site web (y compris le num\u00e9ro de t\u00e9l\u00e9phone) : <strong>Oui<\/strong><\/li>\n<li> Facile \u00e0 obtenir <a href=\"https:\/\/moverdb.com\/fr\/citations\/\">devis de d\u00e9m\u00e9nagement international<\/a>? (Formulaire de demande de devis en ligne) : <strong>Oui<\/strong><\/li>\n<li> Informations claires sur le site web : <strong>Oui,<\/strong> une bonne quantit\u00e9 d'informations sur ce qu'il faut faire avant votre d\u00e9m\u00e9nagement.<\/li>\n<li> Adh\u00e9sion \u00e0 des organisations internationales de d\u00e9m\u00e9nagement reconnues : <strong>Oui<\/strong>, voir ci-dessus<\/li>\n<li> Liste de clients et\/ou t\u00e9moignages de clients pr\u00e9c\u00e9dents. <strong>Oui,<\/strong> Le site comporte de nombreux avis et t\u00e9moignages positifs de clients.<\/li>\n<\/ol>\n<div itemprop=\"reviewRating\" itemscope itemtype=\"http:\/\/schema.org\/Rating\"><meta itemprop=\"worstRating\" content = \"0\" \/><meta itemprop=\"bestRating\" content=\"5\" \/><meta itemprop=\"ratingValue\" content=\"4.5\"><\/div>\n<p><strong>Note globale : 4,5\/5<\/strong><br \/>\n<strong>Date de r\u00e9vision :<\/strong> <span itemprop=\"datePublished\" content=\"2016-08-21\">21\/08\/2016<\/span>\n<\/div>\n<p>Plus d'informations sur <a href=\"https:\/\/moverdb.com\/fr\/entreprises-de-demenagement\/\">soci\u00e9t\u00e9s de d\u00e9m\u00e9nagement international<\/a>, <a href=\"https:\/\/moverdb.com\/fr\/demenageurs-us-canada\/\">Soci\u00e9t\u00e9s de d\u00e9m\u00e9nagement am\u00e9ricaines<\/a> et notre <a href=\"https:\/\/moverdb.com\/fr\/revues\/\">le processus de r\u00e9vision expliqu\u00e9<\/a>.<\/p>\n<p><strong>Site web :<\/strong> <a href=\"http:\/\/stevensworldwide.com\/\" target=\"_blank\" rel=\"noopener\">http:\/\/stevensworldwide.com<\/a><\/p>","protected":false},"excerpt":{"rendered":"<p>Stevens Worldwide Van Lines is based in Saginaw MI. The company offers its customers a wide range of services which are listed below. There also follows a company profile and reviews. International Moving Personal household moving DOD international moving GSA international moving Corporate moving Freight forwarding Full door to door service Stevens International relocation specialists [&hellip;]<\/p>\n","protected":false},"author":1,"featured_media":0,"parent":0,"menu_order":0,"comment_status":"closed","ping_status":"closed","template":"","meta":{"_genesis_hide_title":false,"_genesis_hide_breadcrumbs":false,"_genesis_hide_singular_image":false,"_genesis_hide_footer_widgets":false,"_genesis_custom_body_class":"","_genesis_custom_post_class":"","_genesis_layout":"","footnotes":""},"class_list":{"0":"post-1057","1":"page","2":"type-page","3":"status-publish","5":"entry"},"_links":{"self":[{"href":"https:\/\/moverdb.com\/fr\/wp-json\/wp\/v2\/pages\/1057","targetHints":{"allow":["GET"]}}],"collection":[{"href":"https:\/\/moverdb.com\/fr\/wp-json\/wp\/v2\/pages"}],"about":[{"href":"https:\/\/moverdb.com\/fr\/wp-json\/wp\/v2\/types\/page"}],"author":[{"embeddable":true,"href":"https:\/\/moverdb.com\/fr\/wp-json\/wp\/v2\/users\/1"}],"replies":[{"embeddable":true,"href":"https:\/\/moverdb.com\/fr\/wp-json\/wp\/v2\/comments?post=1057"}],"version-history":[{"count":7,"href":"https:\/\/moverdb.com\/fr\/wp-json\/wp\/v2\/pages\/1057\/revisions"}],"predecessor-version":[{"id":6241,"href":"https:\/\/moverdb.com\/fr\/wp-json\/wp\/v2\/pages\/1057\/revisions\/6241"}],"wp:attachment":[{"href":"https:\/\/moverdb.com\/fr\/wp-json\/wp\/v2\/media?parent=1057"}],"curies":[{"name":"wp","href":"https:\/\/api.w.org\/{rel}","templated":true}]}}