{"id":1042,"date":"2016-10-24T05:23:18","date_gmt":"2016-10-24T05:23:18","guid":{"rendered":"http:\/\/moverdb.com\/?page_id=1042"},"modified":"2026-01-08T14:48:06","modified_gmt":"2026-01-08T14:48:06","slug":"covan-monde-entier","status":"publish","type":"page","link":"https:\/\/moverdb.com\/fr\/covan-world-wide\/","title":{"rendered":"Covan Worldwide Moving : Critiques sur les d\u00e9m\u00e9nagements internationaux"},"content":{"rendered":"<p>Covan Worldwide Moving offre \u00e0 ses clients une large gamme de services. Ceux-ci sont \u00e9num\u00e9r\u00e9s ci-dessous, accompagn\u00e9s d'un profil de l'entreprise et de commentaires.<\/p>\n<p><strong>D\u00e9m\u00e9nageurs internationaux<\/strong><\/p>\n<ul>\n<li> Estimation gratuite \u00e0 domicile<\/li>\n<li> Emballage \u00e0 service complet OU emballage pour objets fragiles uniquement<\/li>\n<li> Mise en caisse sur mesure<\/li>\n<li> <a href=\"https:\/\/moverdb.com\/fr\/voiture-transport-expedition\/\">Exp\u00e9dition de v\u00e9hicules<\/a> (dans le cadre d'un d\u00e9m\u00e9nagement du m\u00e9nage et\/ou ind\u00e9pendamment de celui-ci)<\/li>\n<li> Transport de piano (dans le cadre d'un d\u00e9m\u00e9nagement de m\u00e9nage et\/ou ind\u00e9pendamment de celui-ci)<\/li>\n<li> Emballage extensible gratuit des meubles ; protection des portes et des sols<\/li>\n<li> Exp\u00e9dition de fret a\u00e9rien<\/li>\n<li> D\u00e9douanement<\/li>\n<li> Services \u00e0 destination (d\u00e9montage\/r\u00e9assemblage, etc.)<\/li>\n<li> Suivi en ligne des envois<\/li>\n<li> Options d'assurance de la valeur<\/li>\n<li> Services de stockage \u00e0 long terme ou \u00e0 court terme<\/li>\n<\/ul>\n<p><strong>D\u00e9m\u00e9nagement d'entreprise<\/strong><\/p>\n<ul>\n<li> Estimations gratuites \u00e0 domicile<\/li>\n<li> Enqu\u00eate pr\u00e9alable au d\u00e9m\u00e9nagement<\/li>\n<li> Contact unique<\/li>\n<li> Emballage complet OU emballage partiel seulement<\/li>\n<li> Mise en caisse sur mesure<\/li>\n<li> D\u00e9ballage\/d\u00e9ballage<\/li>\n<li> Services de d\u00e9montage\/r\u00e9assemblage d'appareils - horloges de parquet, appareils de fitness, etc.<\/li>\n<li> D\u00e9m\u00e9nagement d'un piano (Remarque : ce d\u00e9m\u00e9nagement peut \u00e9galement \u00eatre effectu\u00e9 ind\u00e9pendamment d'un d\u00e9m\u00e9nagement de m\u00e9nage)<\/li>\n<li> D\u00e9m\u00e9nagement d'un v\u00e9hicule (Remarque : cette op\u00e9ration peut \u00e9galement \u00eatre effectu\u00e9e ind\u00e9pendamment d'un d\u00e9m\u00e9nagement de m\u00e9nage)<\/li>\n<li> Options de stockage \u00e0 long terme ou \u00e0 court terme<\/li>\n<li> Suivi en ligne des envois<\/li>\n<li> Gestion des d\u00e9m\u00e9nagements<\/li>\n<li> Options d'assurance de la valeur<\/li>\n<li> Aide au d\u00e9douanement pour les d\u00e9m\u00e9nagements \u00e0 l'\u00e9tranger<\/li>\n<li> Services de destination<\/li>\n<\/ul>\n<p><strong>Gouvernement et arm\u00e9e<\/strong><\/p>\n<ul>\n<li> Estimation gratuite \u00e0 domicile<\/li>\n<li> Service complet d'emballage<\/li>\n<li> Vente de mat\u00e9riaux d'emballage<\/li>\n<li> <a href=\"https:\/\/moverdb.com\/fr\/car-transport-shipping\/\" data-internallinksmanager029f6b8e52c=\"2\" title=\"2026 Devis pour le transport international de voitures et l&#039;exp\u00e9dition de v\u00e9hicules\">Exp\u00e9dition de v\u00e9hicules<\/a><\/li>\n<li> Exp\u00e9dition de pianos<\/li>\n<li> Services de stockage \u00e0 long terme ou \u00e0 court terme<\/li>\n<li> Services aux tiers (nous effectuons tous les types de montage\/d\u00e9montage - lave-vaisselle, r\u00e9frig\u00e9rateur, lampes, t\u00e9l\u00e9viseurs, cha\u00eenes st\u00e9r\u00e9o, tableaux, lits, armoires, etc.)<\/li>\n<li> Suivi en ligne des envois pour les d\u00e9m\u00e9nagements longue distance<\/li>\n<li> Options d'assurance de la valeur<\/li>\n<\/ul>\n<p><strong>D\u00e9m\u00e9nageurs commerciaux<\/strong><\/p>\n<ul>\n<li> D\u00e9m\u00e9nagement industriel<\/li>\n<li> D\u00e9m\u00e9nagement de bureaux<\/li>\n<li> D\u00e9m\u00e9nagement du gouvernement<\/li>\n<li> D\u00e9m\u00e9nagement en informatique\/\u00e9lectronique<\/li>\n<li> D\u00e9m\u00e9nagement d'entreprise - service complet<\/li>\n<\/ul>\n<p><strong>D\u00e9m\u00e9nageurs nationaux<\/strong><\/p>\n<ul>\n<li> Devis et plan avant le d\u00e9m\u00e9nagement<\/li>\n<li> Emballage - service complet, articles fragiles ou auto-emballage<\/li>\n<li> D\u00e9chargement, d\u00e9ballage et rangement des effets personnels<\/li>\n<li> D\u00e9placez n'importe quel objet - piano, voiture, bateau et plus encore.<\/li>\n<\/ul>\n<h2>Profil de la soci\u00e9t\u00e9 Covan Worldwide Moving<\/h2>\n<p>Covan Worldwide Moving a d\u00e9but\u00e9 en 1914 \u00e0 Hutchinson, KS, sous le nom de Merchants Transfer and Storage. J.M. Coleman, le fondateur de la soci\u00e9t\u00e9, a commenc\u00e9 avec quatre chariots et huit chevaux. Aujourd'hui, la soci\u00e9t\u00e9 compte 50 bureaux et plus de 400 agents dans le monde entier. <\/p>\n<p>Covan dispose de plus de 200 unit\u00e9s op\u00e9rationnelles inter-\u00e9tats et 600 pour les d\u00e9m\u00e9nagements locaux. Sa mission est d'\u00eatre le leader des services de transport international et d'atteindre une satisfaction client de 100%.<\/p>\n<p>Covan World-Wide Moving poss\u00e8de les affiliations et accr\u00e9ditations suivantes :<\/p>\n<ul>\n<li> <a href=\"https:\/\/moverdb.com\/fr\/amsa\/\">Association am\u00e9ricaine de d\u00e9m\u00e9nagement et de stockage<\/a> (<a href=\"https:\/\/moverdb.com\/fr\/amsa\/\" data-internallinksmanager029f6b8e52c=\"5\" title=\"Explication de l&#039;Association am\u00e9ricaine de d\u00e9m\u00e9nagement et d&#039;entreposage (AMSA)\">AMSA<\/a>)<\/li>\n<li> <a href=\"https:\/\/moverdb.com\/fr\/jante-promoteur\/\">ProMover<\/a><\/li>\n<li> <a href=\"https:\/\/moverdb.com\/fr\/je-suis\/\">Association internationale des d\u00e9m\u00e9nageurs<\/a> (<a href=\"https:\/\/moverdb.com\/fr\/iam\/\" data-internallinksmanager029f6b8e52c=\"23\" title=\"L&#039;Association internationale des d\u00e9m\u00e9nageurs (IAM) expliqu\u00e9e\">IAM<\/a>)<\/li>\n<li> <a href=\"https:\/\/moverdb.com\/fr\/jante-promoteur\/\">D\u00e9m\u00e9nageur international agr\u00e9\u00e9<\/a> (<a href=\"https:\/\/moverdb.com\/fr\/rim-promover\/\" data-internallinksmanager029f6b8e52c=\"76\" title=\"La certification ProMover de RIM International expliqu\u00e9e\">RIM<\/a>)<\/li>\n<li> Accr\u00e9dit\u00e9 par le BBB<\/li>\n<\/ul>\n<p><strong>Critiques de Covan Worldwide Moving<\/strong><\/p>\n<p><strong>Positif :<\/strong><\/p>\n<ul>\n<li> <em>\"Nous avons demand\u00e9 \u00e0 Covan d'emballer nos objets \u00e0 Norfolk VA pour les exp\u00e9dier \u00e0 Guam, \u00e0 l'autre bout du monde. J'avais entendu des histoires d'horreur sur des d\u00e9m\u00e9nageurs qui emballaient des objets et les faisaient arriver cass\u00e9s et\/ou manquants. Tous nos articles ont \u00e9t\u00e9 pris en compte et \u00e9taient en excellent \u00e9tat. RIEN n'\u00e9tait cass\u00e9 ou d\u00e9form\u00e9 de quelque fa\u00e7on que ce soit !<\/em> - David S <a href=\"http:\/\/www.covan.com\/moving-reviews\/alabama-2519665061024629999\/\" target=\"_blank\" rel=\"noopener\">t\u00e9moignage d'un client<\/a><\/li>\n<li> <em>\"Je n'arrive pas \u00e0 croire que je ne m'y mets que maintenant, mais je voulais simplement vous faire part de quelques remarques positives au sujet de l'initiative de l'UE en faveur de l'\u00e9galit\u00e9 des chances. <a href=\"https:\/\/moverdb.com\/fr\/moving-companies\/\" data-internallinksmanager029f6b8e52c=\"79\" title=\"Les 25 meilleures soci\u00e9t\u00e9s de d\u00e9m\u00e9nagement international en ligne\">soci\u00e9t\u00e9 de d\u00e9m\u00e9nagement<\/a> Covan Worldwide Moving. Ils ont \u00e9t\u00e9 tr\u00e8s respectueux et ont fait en sorte que le processus d'emballage se d\u00e9roule en douceur, et m\u00eame de mani\u00e8re amusante !\"<\/em> \u2013 Emily S via <a href=\"https:\/\/www.yelp.com\/biz\/covan-world-wide-moving-kapolei?hrid=ehsMVfnz3q1xKBP5KHJCxg&#038;utm_campaign=www_review_share_popup&#038;utm_medium=copy_link&#038;utm_source=(direct)\" target=\"_blank\" rel=\"noopener\">Yelp<\/a><\/li>\n<\/ul>\n<p><strong>N\u00e9gatif :<\/strong><\/p>\n<ul>\n<li> <em>\"S'il \u00e9tait possible de ne pas donner d'\u00e9toiles, je le ferais. Je n'ai jamais laiss\u00e9 de mauvaise critique pour qui que ce soit parce que je ne suis pas du genre \u00e0 me plaindre, mais c'est de loin le pire d\u00e9m\u00e9nagement PCS que j'ai connu. Par o\u00f9 dois-je commencer ?\"<\/em> - Lillian H. via <a href=\"https:\/\/www.yelp.com\/biz\/covan-world-wide-moving-kapolei?hrid=rRlVAPr2uu0AYHtD7q-oBw&#038;utm_campaign=www_review_share_popup&#038;utm_medium=copy_link&#038;utm_source=(direct)\" target=\"_blank\" rel=\"noopener\">Yelp<\/a>.\n<\/ul>\n<div itemprop=\"review\" itemscope itemtype=\"http:\/\/schema.org\/Review\">\n<span itemprop=\"author\" itemscope=\"\" itemtype=\"http:\/\/schema.org\/Organization\"><span itemprop=\"name\">MoverDB.com<\/span><\/span> Examen en ligne du site Web pour <span itemprop=\"itemreviewed\" itemscope=\"\" itemtype=\"http:\/\/schema.org\/Brand\"><span itemprop=\"name\">Covan Worldwide Moving<\/span><\/span>:<\/p>\n<ol>\n<li> Coordonn\u00e9es claires sur le site web (y compris le num\u00e9ro de t\u00e9l\u00e9phone) : <strong>Oui<\/strong><\/li>\n<li> Facile \u00e0 obtenir <a href=\"https:\/\/moverdb.com\/fr\/citations\/\">devis de d\u00e9m\u00e9nagement international<\/a>? (Formulaire de demande de devis en ligne) : <strong>Oui<\/strong><\/li>\n<li> Informations claires sur le site web : <strong>Oui<\/strong>Le site web donne aux clients une bonne id\u00e9e de ce qu'ils peuvent attendre de l'entreprise.<\/li>\n<li> Adh\u00e9sion \u00e0 des organisations internationales de d\u00e9m\u00e9nagement reconnues : <strong>Oui<\/strong>voir ci-dessus<\/li>\n<li> Liste de clients et\/ou t\u00e9moignages de clients pr\u00e9c\u00e9dents : <strong>Oui<\/strong>Il y a beaucoup de t\u00e9moignages positifs de clients sur le site, mais les critiques sur le reste du web semblent surtout n\u00e9gatives.<\/li>\n<\/ol>\n<div itemprop=\"reviewRating\" itemscope itemtype=\"http:\/\/schema.org\/Rating\"><meta itemprop=\"worstRating\" content = \"0\" \/><meta itemprop=\"bestRating\" content=\"5\" \/><meta itemprop=\"ratingValue\" content=\"4\"><\/div>\n<p><strong>Note globale : 4\/5<\/strong><br \/>\n<strong>Date de r\u00e9vision :<\/strong> <span itemprop=\"datePublished\" content=\"2016-10-24\">24\/10\/2016<\/span>\n<\/div>\n<p>Plus d'informations sur <a href=\"https:\/\/moverdb.com\/fr\/entreprises-de-demenagement\/\">soci\u00e9t\u00e9s de d\u00e9m\u00e9nagement international<\/a>, <a href=\"https:\/\/moverdb.com\/fr\/demenageurs-us-canada\/\">D\u00e9m\u00e9nageurs am\u00e9ricains<\/a> et notre <a href=\"https:\/\/moverdb.com\/fr\/revues\/\">processus de r\u00e9vision<\/a>.<\/p>\n<p><strong>Site web :<\/strong> <a href=\"http:\/\/www.covan.com\" target=\"_blank\" rel=\"noopener\">http:\/\/www.covan.com<\/a><\/p>","protected":false},"excerpt":{"rendered":"<p>Covan Worldwide Moving offers its clients a wide range of services. These are listed below, together with a company profile and reviews. International Movers Free In-Home Estimate Full-Service Packing OR Fragile-Only Packing Custom Crating Vehicle Shipping (as part of a household move and\/or independently of one) Piano Shipping (as part of a household move and\/or [&hellip;]<\/p>\n","protected":false},"author":1,"featured_media":0,"parent":0,"menu_order":0,"comment_status":"closed","ping_status":"closed","template":"","meta":{"_genesis_hide_title":false,"_genesis_hide_breadcrumbs":false,"_genesis_hide_singular_image":false,"_genesis_hide_footer_widgets":false,"_genesis_custom_body_class":"","_genesis_custom_post_class":"","_genesis_layout":"","footnotes":""},"class_list":{"0":"post-1042","1":"page","2":"type-page","3":"status-publish","5":"entry"},"_links":{"self":[{"href":"https:\/\/moverdb.com\/fr\/wp-json\/wp\/v2\/pages\/1042","targetHints":{"allow":["GET"]}}],"collection":[{"href":"https:\/\/moverdb.com\/fr\/wp-json\/wp\/v2\/pages"}],"about":[{"href":"https:\/\/moverdb.com\/fr\/wp-json\/wp\/v2\/types\/page"}],"author":[{"embeddable":true,"href":"https:\/\/moverdb.com\/fr\/wp-json\/wp\/v2\/users\/1"}],"replies":[{"embeddable":true,"href":"https:\/\/moverdb.com\/fr\/wp-json\/wp\/v2\/comments?post=1042"}],"version-history":[{"count":5,"href":"https:\/\/moverdb.com\/fr\/wp-json\/wp\/v2\/pages\/1042\/revisions"}],"predecessor-version":[{"id":6197,"href":"https:\/\/moverdb.com\/fr\/wp-json\/wp\/v2\/pages\/1042\/revisions\/6197"}],"wp:attachment":[{"href":"https:\/\/moverdb.com\/fr\/wp-json\/wp\/v2\/media?parent=1042"}],"curies":[{"name":"wp","href":"https:\/\/api.w.org\/{rel}","templated":true}]}}