{"id":1041,"date":"2016-10-25T05:39:31","date_gmt":"2016-10-25T05:39:31","guid":{"rendered":"http:\/\/moverdb.com\/?page_id=1041"},"modified":"2026-01-08T14:47:33","modified_gmt":"2026-01-08T14:47:33","slug":"armstrong-relocation","status":"publish","type":"page","link":"https:\/\/moverdb.com\/fr\/armstrong-relocation\/","title":{"rendered":"D\u00e9m\u00e9nagement Armstrong : Avis sur les d\u00e9m\u00e9nagements internationaux"},"content":{"rendered":"<p>Armstrong Relocation propose \u00e0 ses clients un grand nombre de services de d\u00e9m\u00e9nagement. Ces services sont \u00e9num\u00e9r\u00e9s ci-dessous, accompagn\u00e9s d'un profil de l'entreprise et de commentaires.<\/p>\n<p><strong>Services de d\u00e9m\u00e9nagement international<\/strong><\/p>\n<ul>\n<li> Planification pr\u00e9alable au d\u00e9m\u00e9nagement<\/li>\n<li> Gestion du d\u00e9m\u00e9nagement personnel et planification du d\u00e9m\u00e9nagement sur mesure<\/li>\n<li> Kit de pr\u00e9paration au d\u00e9m\u00e9nagement gratuit<\/li>\n<li> Emballage\/d\u00e9ballage complet ou partiel<\/li>\n<li> Mise en caisse et emballages sp\u00e9ciaux<\/li>\n<li> Protection des biens<\/li>\n<li> Transport a\u00e9rien, maritime et\/ou terrestre<\/li>\n<li> Documents d'exportation ou d'importation<\/li>\n<li> <a href=\"https:\/\/moverdb.com\/fr\/transporteur-de-marchandises\/\">Transport de fret<\/a><\/li>\n<li> D\u00e9douanement<\/li>\n<li> Services \u00e0 destination<\/li>\n<li> Suivi en ligne des d\u00e9m\u00e9nagements<\/li>\n<li> Couverture de l'\u00e9valuation<\/li>\n<li> Gestion des r\u00e9clamations<\/li>\n<li> Stockage \u00e0 court et \u00e0 long terme<\/li>\n<li> Enl\u00e8vement des d\u00e9bris<\/li>\n<\/ul>\n<p><strong>Services de destination internationale<\/strong><\/p>\n<ul>\n<li> Orientation<\/li>\n<li> Consultation pr\u00e9-d\u00e9cisionnelle<\/li>\n<li> Assistance en mati\u00e8re de s\u00e9curit\u00e9 sociale et de permis de conduire<\/li>\n<li> Assistance \u00e0 la signature du bail<\/li>\n<li> Aide \u00e0 l'inspection \u00e0 l'emm\u00e9nagement<\/li>\n<li> Programme d'avant-premi\u00e8re\/visite de familiarisation<\/li>\n<li> Aide \u00e0 l'achat d'un logement<\/li>\n<li> Service complet de recherche de logement<\/li>\n<li> Visite guid\u00e9e en location<\/li>\n<li> Analyse du co\u00fbt de la vie (COLA)<\/li>\n<li> Assistance scolaire<\/li>\n<li> Assistance \u00e0 l'installation<\/li>\n<li> Services de d\u00e9part<\/li>\n<\/ul>\n<p><strong>D\u00e9m\u00e9nagements d'entreprises<\/strong><\/p>\n<ul>\n<li> Conseil et d\u00e9veloppement de politiques<\/li>\n<li> Gestion des d\u00e9m\u00e9nagements d'articles m\u00e9nagers<\/li>\n<li> D\u00e9placement du groupe<\/li>\n<li> Montant forfaitaire<\/li>\n<li> Mouvement des biens domestiques<\/li>\n<li> <a href=\"https:\/\/moverdb.com\/fr\/expedition-par-conteneur\/\">Service complet d'exp\u00e9dition de conteneurs<\/a><\/li>\n<li> Rapports personnalis\u00e9s<\/li>\n<li> Suivi en ligne des d\u00e9m\u00e9nagements<\/li>\n<li> Couverture de l'\u00e9valuation<\/li>\n<li> Gestion des r\u00e9clamations<\/li>\n<li> Stockage \u00e0 court et \u00e0 long terme<\/li>\n<li> Mise en caisse et emballages sp\u00e9ciaux<\/li>\n<li> Services de conciergerie de niveau ex\u00e9cutif<\/li>\n<li> D\u00e9sencombrement, mise en sc\u00e8ne et organisation<\/li>\n<li> Services de raccordement aux services publics<\/li>\n<li> S\u00e9lection d'un agent immobilier et plan de commercialisation de la maison<\/li>\n<li> Remboursement en esp\u00e8ces lors de la vente et de l'achat d'une maison<\/li>\n<li> Paquet d'informations sur la destination libre<\/li>\n<li> Vie temporaire<\/li>\n<li> Assistance hypoth\u00e9caire<\/li>\n<\/ul>\n<p><strong>D\u00e9m\u00e9nagements r\u00e9sidentiels<\/strong><\/p>\n<ul>\n<li> Devis gratuit<\/li>\n<li> Gestion et planification des d\u00e9m\u00e9nagements<\/li>\n<li> Un coordinateur d\u00e9di\u00e9 au d\u00e9m\u00e9nagement<\/li>\n<li> Emballage\/d\u00e9ballage complet ou partiel<\/li>\n<li> Protection des biens<\/li>\n<li> Mat\u00e9riaux d'emballage<\/li>\n<li> Mouvement des biens domestiques<\/li>\n<li> Couverture d'assurance<\/li>\n<li> Stockage \u00e0 court\/long terme<\/li>\n<li> Services de mise en caisse<\/li>\n<li> Option de d\u00e9m\u00e9nagement \u00e0 service complet<\/li>\n<li> Service de raccordement aux services publics<\/li>\n<li> Plans d'achat\/vente de maisons en cash-back<\/li>\n<li> Mise en sc\u00e8ne et organisation<\/li>\n<\/ul>\n<p><strong>D\u00e9m\u00e9nagement des installations<\/strong><\/p>\n<ul>\n<li> Bureau<\/li>\n<li> Industriel<\/li>\n<li> Soins de sant\u00e9<\/li>\n<li> Gouvernement<\/li>\n<\/ul>\n<h2>Profil de la soci\u00e9t\u00e9 Armstrong Relocation<\/h2>\n<p>Armstrong Transfer and Storage a \u00e9t\u00e9 fond\u00e9e en 1922 et a \u00e9t\u00e9 rachet\u00e9e en 1957 par les beaux-fr\u00e8res Clyde Springer et Jim Watson, qui ont commenc\u00e9 leurs activit\u00e9s \u00e0 Memphis, <a href=\"https:\/\/moverdb.com\/fr\/moving-to-the-united-states\/moving-to-tennessee\/\" data-internallinksmanager029f6b8e52c=\"406\" title=\"D\u00e9m\u00e9nager au Tennessee ? 2026 Co\u00fbts de la vie et conseils de relocalisation\">Tennessee<\/a> et ont appel\u00e9 la soci\u00e9t\u00e9 Armstrong Relocation. Aujourd'hui, l'entreprise est toujours dirig\u00e9e par la troisi\u00e8me g\u00e9n\u00e9ration de ces deux messieurs. <\/p>\n<p>Armstrong Relocation est aujourd'hui le plus grand agent de marchandises de <a href=\"https:\/\/moverdb.com\/fr\/united-van-lines\/\">United Van Lines<\/a> et dispose de 22 bureaux dans la <a href=\"https:\/\/moverdb.com\/fr\/moving-to-the-united-states\/\" data-internallinksmanager029f6b8e52c=\"94\" title=\"Vous partez aux \u00c9tats-Unis ? 2026 Co\u00fbt de la vie et conseils de relocalisation\">US<\/a>Armstrong Relocation dispose d'un r\u00e9seau d'agents dans le monde entier pour g\u00e9rer ses clients internationaux. La mission d'Armstrong Relocation est d'assurer l'excellence de la qualit\u00e9 et la satisfaction des clients.<\/p>\n<p>Armstrong Relocation poss\u00e8de les affiliations et accr\u00e9ditations suivantes :<\/p>\n<ul>\n<li> <a href=\"https:\/\/moverdb.com\/fr\/british-association-of-removers\/\">Association britannique des d\u00e9m\u00e9nageurs<\/a> (<a href=\"https:\/\/moverdb.com\/fr\/british-association-of-removers\/\" data-internallinksmanager029f6b8e52c=\"9\" title=\"Explication de la British Association of Removers (BAR)\">BAR<\/a>)<\/li>\n<li> <a href=\"https:\/\/moverdb.com\/fr\/fidi-faim\/\">F\u00e9d\u00e9ration internationale des soci\u00e9t\u00e9s de d\u00e9m\u00e9nagement<\/a> (<a href=\"https:\/\/moverdb.com\/fr\/fidi-faim\/\" data-internallinksmanager029f6b8e52c=\"16\" title=\"Explication de la FIDI et du FAIM (FIDI Accredited International Mover)\">FIDI<\/a>)<\/li>\n<li> Forum pour la gestion des expatri\u00e9s<\/li>\n<li> Transporteur a\u00e9rien indirect<\/li>\n<li> <a href=\"https:\/\/moverdb.com\/fr\/iata\/\">Association internationale du transport a\u00e9rien<\/a> (<a href=\"https:\/\/moverdb.com\/fr\/iata\/\" data-internallinksmanager029f6b8e52c=\"22\" title=\"L&#039;Association internationale du transport a\u00e9rien (IATA) expliqu\u00e9e\">IATA<\/a>)<\/li>\n<li> <a href=\"https:\/\/moverdb.com\/fr\/je-suis\/\">Association internationale des d\u00e9m\u00e9nageurs<\/a> (<a href=\"https:\/\/moverdb.com\/fr\/iam\/\" data-internallinksmanager029f6b8e52c=\"23\" title=\"L&#039;Association internationale des d\u00e9m\u00e9nageurs (IAM) expliqu\u00e9e\">IAM<\/a>)<\/li>\n<li> International Facility Management Association<\/li>\n<li> Organisation internationale de normalisation<\/li>\n<li> <a href=\"https:\/\/moverdb.com\/fr\/lacma\/\">Association internationale des d\u00e9m\u00e9nageurs d'Am\u00e9rique latine et des Cara\u00efbes<\/a> (<a href=\"https:\/\/moverdb.com\/fr\/lacma\/\" data-internallinksmanager029f6b8e52c=\"28\" title=\"Association des d\u00e9m\u00e9nageurs internationaux d&#039;Am\u00e9rique latine et des Cara\u00efbes (LACMA)\">LACMA<\/a>)<\/li>\n<li> R\u00e9seau international de d\u00e9m\u00e9nagements outre-mer (OMNI)<\/li>\n<li> Overseas Shippers Association (OSA) - membre fondateur<\/li>\n<li> Soci\u00e9t\u00e9 pour la gestion des ressources humaines<\/li>\n<li> Douanes et protection des fronti\u00e8res des \u00c9tats-Unis<\/li>\n<li> <a href=\"https:\/\/moverdb.com\/fr\/conseil-de-relocation-des-employes\/\">Conseil mondial de relocalisation des employ\u00e9s<\/a><\/li>\n<li> Smartway<\/li>\n<li> <a href=\"https:\/\/moverdb.com\/fr\/united-van-lines\/\">United Van Lines<\/a><\/li>\n<\/ul>\n<h2>Avis sur Armstrong Relocation<\/h2>\n<p><strong>Positif :<\/strong><\/p>\n<ul>\n<li> <em>\"L'\u00e9quipe Armstrong a vraiment fait du d\u00e9m\u00e9nagement une exp\u00e9rience agr\u00e9able !\"<\/em> Kay T via <a href=\"https:\/\/www.yelp.com\/biz\/armstrong-relocation-carrollton-4?hrid=LJyHKGw95UdYmBHHZwyr5Q&#038;utm_campaign=www_review_share_popup&#038;utm_medium=copy_link&#038;utm_source=(direct)\" target=\"_blank\" rel=\"noopener\">Yelp<\/a><\/li>\n<li> <em>\"Je n'arrive pas \u00e0 croire que mon d\u00e9m\u00e9nagement se soit d\u00e9roul\u00e9 aussi facilement. C'\u00e9tait facile et je n'ai pas stress\u00e9. Erin s'est assur\u00e9e que j'avais toutes les informations dont j'avais besoin \u00e0 tout moment et a appel\u00e9 pour v\u00e9rifier fr\u00e9quemment. Si je dois \u00e0 nouveau d\u00e9m\u00e9nager, je ferai certainement appel \u00e0 Armstrong Relation pour y parvenir !\"<\/em> - Bfunte via <a href=\"http:\/\/www.mymovingreviews.com\/movers\/armstrong-relocation-2671#50688\" target=\"_blank\" rel=\"noopener\">MyMovingReviews.com<\/a> <\/li>\n<li> <em>\"Notre \u00e9quipe Armstrong a \u00e9t\u00e9 remarquable ! Ils ont fourni un service client exceptionnel et ont \u00e9t\u00e9 amicaux, serviables, bien organis\u00e9s, efficaces et professionnels. C'est la meilleure \u00e9quipe de d\u00e9m\u00e9nagement que nous ayons jamais eue !\"<\/em> - T\u00e9moignage d'un client M.M. sur le site web Armstrong<\/li>\n<\/ul>\n<p><strong>N\u00e9gatif :<\/strong><\/p>\n<ul>\n<li> \"<em>J'aimerais pouvoir leur donner z\u00e9ro \u00e9toile. C'\u00e9tait la pire exp\u00e9rience de ma vie.\"<\/em> Natalie M via <a href=\"https:\/\/www.yelp.com\/biz\/armstrong-relocation-carrollton-4?hrid=caooXxcr-ZmkltnMtL6R_g&#038;utm_campaign=www_review_share_popup&#038;utm_medium=copy_link&#038;utm_source=(direct)\" target=\"_blank\" rel=\"noopener\">Yelp<\/a><\/li>\n<li> <em>\"Je pense que, pour un d\u00e9m\u00e9nagement local, Armstrong peut \u00eatre un choix raisonnable. Cependant, pour les d\u00e9m\u00e9nagements plus longs, ils doivent faire un meilleur travail d'estimation de la fen\u00eatre de livraison et de communication avec l'agent du c\u00f4t\u00e9 de la livraison.\"<\/em> - via <a href=\"http:\/\/www.bbb.org\/chicago\/business-reviews\/movers\/armstrong-relocation-co-in-glendale-hts-il-12008868\/customer-reviews\" target=\"_blank\" rel=\"noopener\">BBB<\/a><\/li>\n<li> <em>\"Je suis tellement en col\u00e8re contre eux. Ils ont d\u00e9ball\u00e9 toutes mes affaires que j'avais dans le grenier. Ce qui est bien parce que je ne veux pas que ce soit cass\u00e9. Mais tout \u00e9tait m\u00e9lang\u00e9.\"<\/em> - Mistie via <a href=\"https:\/\/www.facebook.com\/ArmstrongRelocationDallas\/reviews\/\" target=\"_blank\" rel=\"noopener\">Facebook<\/a><\/li>\n<\/ul>\n<div itemprop=\"review\" itemscope itemtype=\"http:\/\/schema.org\/Review\">\n<span itemprop=\"author\" itemscope=\"\" itemtype=\"http:\/\/schema.org\/Organization\"><span itemprop=\"name\">MoverDB.com<\/span><\/span> Examen en ligne du site Web pour <span itemprop=\"itemreviewed\" itemscope=\"\" itemtype=\"http:\/\/schema.org\/Brand\"><span itemprop=\"name\">D\u00e9m\u00e9nagement Armstrong<\/span><\/span>:<\/p>\n<ol>\n<li> Coordonn\u00e9es claires sur le site web (y compris le num\u00e9ro de t\u00e9l\u00e9phone) : <strong>Oui<\/strong><\/li>\n<li> Facile \u00e0 obtenir <a href=\"https:\/\/moverdb.com\/fr\/citations\/\">devis de d\u00e9m\u00e9nagement international<\/a>? (Formulaire de demande de devis en ligne) : <strong>Oui<\/strong><\/li>\n<li> Informations claires sur le site web : <strong>Oui<\/strong>Le site web donne aux clients une bonne id\u00e9e de ce qu'ils peuvent attendre de l'entreprise.<\/li>\n<li> Adh\u00e9sion \u00e0 des organisations internationales de d\u00e9m\u00e9nagement reconnues : <strong>Oui<\/strong>, beaucoup, voir ci-dessus<\/li>\n<li> Liste de clients et\/ou t\u00e9moignages de clients pr\u00e9c\u00e9dents : <strong>Oui<\/strong>mais elles sont \u00e9parpill\u00e9es sur le site Web et ne figurent pas sur une page d'accueil sp\u00e9cifique. De plus, les avis des internautes sont un peu mitig\u00e9s.<\/li>\n<\/ol>\n<div itemprop=\"reviewRating\" itemscope itemtype=\"http:\/\/schema.org\/Rating\"><meta itemprop=\"worstRating\" content = \"0\" \/><meta itemprop=\"bestRating\" content=\"5\" \/><meta itemprop=\"ratingValue\" content=\"4\"><\/div>\n<p><strong>Note globale : 4\/5<\/strong><br \/>\n<strong>Date de r\u00e9vision :<\/strong> <span itemprop=\"datePublished\" content=\"2016-10-25\">25\/10\/2016<\/span>\n<\/div>\n<p>Plus d'informations sur <a href=\"https:\/\/moverdb.com\/fr\/entreprises-de-demenagement\/\">soci\u00e9t\u00e9s de d\u00e9m\u00e9nagement international<\/a>, <a href=\"https:\/\/moverdb.com\/fr\/demenageurs-us-canada\/\">D\u00e9m\u00e9nageurs longue distance et inter-\u00c9tats<\/a> et notre <a href=\"https:\/\/moverdb.com\/fr\/revues\/\">processus de r\u00e9vision<\/a>.<\/p>\n<p><strong>Site web :<\/strong> <a href=\"http:\/\/www.armstrongrelocation.com\" target=\"_blank\" rel=\"noopener\">http:\/\/www.armstrongrelocation.com<\/a><\/p>","protected":false},"excerpt":{"rendered":"<p>Armstrong Relocation has an abundance of moving services which it offers its customers. These are listed below together with a company profile and reviews. International Moving Services Pre-move planning Personal move management and custom-designed move planning Free move preparation packet Full or partial packing\/unpacking Crating and specialty packing Property protection Air, ocean and\/or land transportation [&hellip;]<\/p>\n","protected":false},"author":1,"featured_media":0,"parent":0,"menu_order":0,"comment_status":"closed","ping_status":"closed","template":"","meta":{"_genesis_hide_title":false,"_genesis_hide_breadcrumbs":false,"_genesis_hide_singular_image":false,"_genesis_hide_footer_widgets":false,"_genesis_custom_body_class":"","_genesis_custom_post_class":"","_genesis_layout":"","footnotes":""},"class_list":{"0":"post-1041","1":"page","2":"type-page","3":"status-publish","5":"entry"},"_links":{"self":[{"href":"https:\/\/moverdb.com\/fr\/wp-json\/wp\/v2\/pages\/1041","targetHints":{"allow":["GET"]}}],"collection":[{"href":"https:\/\/moverdb.com\/fr\/wp-json\/wp\/v2\/pages"}],"about":[{"href":"https:\/\/moverdb.com\/fr\/wp-json\/wp\/v2\/types\/page"}],"author":[{"embeddable":true,"href":"https:\/\/moverdb.com\/fr\/wp-json\/wp\/v2\/users\/1"}],"replies":[{"embeddable":true,"href":"https:\/\/moverdb.com\/fr\/wp-json\/wp\/v2\/comments?post=1041"}],"version-history":[{"count":3,"href":"https:\/\/moverdb.com\/fr\/wp-json\/wp\/v2\/pages\/1041\/revisions"}],"predecessor-version":[{"id":6174,"href":"https:\/\/moverdb.com\/fr\/wp-json\/wp\/v2\/pages\/1041\/revisions\/6174"}],"wp:attachment":[{"href":"https:\/\/moverdb.com\/fr\/wp-json\/wp\/v2\/media?parent=1041"}],"curies":[{"name":"wp","href":"https:\/\/api.w.org\/{rel}","templated":true}]}}