{"id":1040,"date":"2016-11-21T22:14:01","date_gmt":"2016-11-21T22:14:01","guid":{"rendered":"http:\/\/moverdb.com\/?page_id=1040"},"modified":"2026-01-08T14:40:11","modified_gmt":"2026-01-08T14:40:11","slug":"mccollisters-demenagement","status":"publish","type":"page","link":"https:\/\/moverdb.com\/fr\/mccollisters-moving\/","title":{"rendered":"Groupe de transport McCollister : Avis sur les d\u00e9m\u00e9nagements internationaux"},"content":{"rendered":"<p>McCollister's Transportation Group est un agent de l'UniGroup. L'entreprise offre \u00e0 ses clients de nombreux services de d\u00e9m\u00e9nagement qui sont \u00e9num\u00e9r\u00e9s ci-dessous, ainsi qu'un profil de l'entreprise et des commentaires.<\/p>\n<p><strong>D\u00e9m\u00e9nagements internationaux<\/strong><\/p>\n<ul>\n<li> Un coordinateur logistique d\u00e9di\u00e9<\/li>\n<li> Service porte-\u00e0-porte<\/li>\n<li> Service complet<\/li>\n<li> Service de transport par air comprim\u00e9<\/li>\n<li> Fret a\u00e9rien et maritime<\/li>\n<li> Stockage \u00e0 court et \u00e0 long terme<\/li>\n<\/ul>\n<p><strong>D\u00e9m\u00e9nagements commerciaux<\/strong><\/p>\n<ul>\n<li> D\u00e9m\u00e9nagement des bureaux et des installations<\/li>\n<li> D\u00e9m\u00e9nagement de centres de donn\u00e9es et services informatiques<\/li>\n<li> Op\u00e9rations dans l'espace int\u00e9rieur<\/li>\n<li> Mobilier syst\u00e8me<\/li>\n<li> Entreposage commercial<\/li>\n<li> Stockage \u00e0 court et \u00e0 long terme<\/li>\n<\/ul>\n<p><strong>D\u00e9m\u00e9nagements de m\u00e9nages<\/strong><\/p>\n<ul>\n<li> D\u00e9m\u00e9nagements r\u00e9sidentiels<\/li>\n<li> Mouvements militaires<\/li>\n<li> Mouvements de bricolage<\/li>\n<li> UPASS pour les \u00e9tudiants<\/li>\n<li> D\u00e9localisations d'entreprises<\/li>\n<li> Service complet<\/li>\n<li> Porte-\u00e0-porte<\/li>\n<li> Stockage \u00e0 court et \u00e0 long terme<\/li>\n<\/ul>\n<p><strong>Transport sp\u00e9cialis\u00e9<\/strong><\/p>\n<ul>\n<li> D\u00e9m\u00e9nagement d'\u00e9quipements m\u00e9dicaux<\/li>\n<li> Transport congel\u00e9\/cryog\u00e9nique<\/li>\n<li> Art et antiquit\u00e9s<\/li>\n<li> Salons professionnels<\/li>\n<li> Industrie solaire<\/li>\n<li> Gant blanc\/fourgonnette rembourr\u00e9e<\/li>\n<li> Climat contr\u00f4l\u00e9<\/li>\n<li> Transport militaire<\/li>\n<li> Transport de voitures<\/li>\n<li> Divertissement<\/li>\n<\/ul>\n<h2>Profil de l'entreprise McCollister's Transportation Group<\/h2>\n<p>McCollister's Transportation Group a \u00e9t\u00e9 fond\u00e9 en 1945 par H. Daniel McCollister. McCollister's est une soci\u00e9t\u00e9 priv\u00e9e et est un agent d'UniGroup Inc, qui comprend <a href=\"https:\/\/moverdb.com\/fr\/united-van-lines\/\">United Van Lines<\/a> et <a href=\"https:\/\/moverdb.com\/fr\/mayflower-transit\/\">Mayflower Transit<\/a>. <\/p>\n<p>Son si\u00e8ge est situ\u00e9 \u00e0 Burlington, <a href=\"https:\/\/moverdb.com\/fr\/moving-to-the-united-states\/moving-to-new-jersey\/\" data-internallinksmanager029f6b8e52c=\"417\" title=\"Vous d\u00e9m\u00e9nagez dans le New Jersey ? 2026 Co\u00fbts de la vie et conseils de relocalisation\">New Jersey<\/a>L'entreprise compte plus de 1 000 employ\u00e9s \u00e0 temps plein et exploite plus de 1 000 v\u00e9hicules et \u00e9quipements de d\u00e9m\u00e9nagement.<\/p>\n<p>McCollister's a trois divisions principales : la relocalisation des employ\u00e9s, les services commerciaux et la logistique des produits de grande valeur. L'entreprise affirme que son succ\u00e8s est d\u00fb \u00e0 <em>\"solutions flexibles, service de qualit\u00e9, s\u00e9curit\u00e9, efficacit\u00e9 et rapidit\u00e9\".<\/em> <\/p>\n<p>McCollister's Transportation Group poss\u00e8de les accr\u00e9ditations et affiliations suivantes :<\/p>\n<ul>\n<li> <a href=\"https:\/\/moverdb.com\/fr\/je-suis\/\">Association internationale des d\u00e9m\u00e9nageurs<\/a> (<a href=\"https:\/\/moverdb.com\/fr\/iam\/\" data-internallinksmanager029f6b8e52c=\"23\" title=\"L&#039;Association internationale des d\u00e9m\u00e9nageurs (IAM) expliqu\u00e9e\">IAM<\/a>)<\/li>\n<li> <a href=\"https:\/\/moverdb.com\/fr\/amsa\/\">AMSA<\/a><\/li>\n<li> Transporteur certifi\u00e9 C-TPAT<\/li>\n<li> <a href=\"https:\/\/moverdb.com\/fr\/jante-promoteur\/\">ProMover certifi\u00e9<\/a><\/li>\n<li> <a href=\"https:\/\/moverdb.com\/fr\/conseil-de-relocation-des-employes\/\">Conseil de relocalisation des employ\u00e9s<\/a><\/li>\n<li> <a href=\"https:\/\/moverdb.com\/fr\/moving-to-the-united-states\/\" data-internallinksmanager029f6b8e52c=\"94\" title=\"Vous partez aux \u00c9tats-Unis ? 2026 Co\u00fbt de la vie et conseils de relocalisation\">US<\/a> Agence de protection de l'environnement - SmartWay<\/li>\n<li> Association des entrepositaires et des d\u00e9m\u00e9nageurs du New Jersey<\/li>\n<li> Bureau d'\u00e9thique commerciale (BBB)<\/li>\n<\/ul>\n<h2>Critiques sur le groupe de transport McCollister<\/h2>\n<p><strong>Positif :<\/strong><\/p>\n<ul>\n<li> <em>\"Dans l'ensemble, j'ai \u00e9t\u00e9 tr\u00e8s satisfait de l'exp\u00e9rience, m\u00eame avec les petits contretemps, la fa\u00e7on dont les probl\u00e8mes ont \u00e9t\u00e9 r\u00e9solus montre qu'il s'agit d'une entreprise vraiment professionnelle.\"<\/em> - Sherif via <a href=\"https:\/\/www.yelp.com\/biz\/mccollisters-transportation-group-burlington?hrid=DrSyWKiICkF8QIFDonWtLQ&#038;utm_campaign=www_review_share_popup&#038;utm_medium=copy_link&#038;utm_source=(direct)\" target=\"_blank\" rel=\"noopener\">Yelp<\/a>.<\/li>\n<li> <em>\"Excellente exp\u00e9rience du premier appel t\u00e9l\u00e9phonique jusqu'\u00e0 la derni\u00e8re bo\u00eete du camion. Je recommande vivement !\"<\/em> - Sharon via <a href=\"https:\/\/www.facebook.com\/pg\/McCollisters\/reviews\/\" target=\"_blank\" rel=\"noopener\">Facebook<\/a><\/li>\n<\/ul>\n<p><strong>N\u00e9gatif :<\/strong><\/p>\n<ul>\n<li> <em>\"Cette critique aurait \u00e9t\u00e9 5 \u00e9toiles, mais quelqu'un de leur \u00e9quipe m'a vol\u00e9, \u00e0 moi et \u00e0 ma famille.\"<\/em> - Mike via <a href=\"https:\/\/www.bbb.org\/new-jersey\/business-reviews\/movers\/mccollister-s-transportation-in-burlington-nj-80001208\/reviews-and-complaints\" target=\"_blank\" rel=\"noopener\">BBB<\/a><\/li>\n<li> <em>\"D'habitude, je ne poste pas sur ce site mais j'ai eu une exp\u00e9rience HORRIBLE avec cette soci\u00e9t\u00e9.\"<\/em> - BK via <a href=\"http:\/\/www.mymovingreviews.com\/movers\/mccollister-s-5188#48089\" target=\"_blank\" rel=\"noopener\">MyMovingReviews<\/a><\/li>\n<\/ul>\n<div itemprop=\"review\" itemscope itemtype=\"http:\/\/schema.org\/Review\">\n<span itemprop=\"author\" itemscope=\"\" itemtype=\"http:\/\/schema.org\/Organization\"><span itemprop=\"name\">MoverDB.com<\/span><\/span> Examen en ligne du site Web pour <span itemprop=\"itemreviewed\" itemscope=\"\" itemtype=\"http:\/\/schema.org\/Brand\"><span itemprop=\"name\">Groupe de transport McCollister<\/span><\/span>:<\/p>\n<ol>\n<li> Coordonn\u00e9es claires sur le site web (y compris le num\u00e9ro de t\u00e9l\u00e9phone) : <strong>Oui<\/strong><\/li>\n<li> Facile \u00e0 obtenir <a href=\"https:\/\/moverdb.com\/fr\/citations\/\">devis de d\u00e9m\u00e9nagement international<\/a>? (Formulaire de demande de devis en ligne) : <strong>Oui<\/strong><\/li>\n<li> Informations claires sur le site web : <strong>Quelques<\/strong> Le site web ne contient pas beaucoup d'informations d\u00e9taill\u00e9es.<\/li>\n<li> Adh\u00e9sion \u00e0 des organisations internationales de d\u00e9m\u00e9nagement reconnues : <strong>Oui<\/strong>voir ci-dessus.<\/li>\n<li> Liste de clients et\/ou t\u00e9moignages de clients pr\u00e9c\u00e9dents : <strong>Non<\/strong>Bien qu'ils aient une page Facebook avec quelques commentaires. Les avis du reste du web sont quelque peu mitig\u00e9s, mais plus positifs que n\u00e9gatifs.<\/li>\n<\/ol>\n<div itemprop=\"reviewRating\" itemscope itemtype=\"http:\/\/schema.org\/Rating\"><meta itemprop=\"worstRating\" content = \"0\" \/><meta itemprop=\"bestRating\" content=\"5\" \/><meta itemprop=\"ratingValue\" content=\"3.5\"><\/div>\n<p><strong>Note globale : 3,5\/5<\/strong><br \/>\n<strong>Date de r\u00e9vision :<\/strong> <span itemprop=\"datePublished\" content=\"2016-11-21\">21\/11\/2016<\/span>\n<\/div>\n<p>Plus d'informations sur <a href=\"https:\/\/moverdb.com\/fr\/entreprises-de-demenagement\/\">les meilleures soci\u00e9t\u00e9s de d\u00e9m\u00e9nagement international<\/a>, <a href=\"https:\/\/moverdb.com\/fr\/demenageurs-us-canada\/\">D\u00e9m\u00e9nageurs am\u00e9ricains<\/a> et notre <a href=\"https:\/\/moverdb.com\/fr\/revues\/\">processus de r\u00e9vision<\/a>.<\/p>\n<p><strong>Site web :<\/strong> <a href=\"https:\/\/www.mccollisters.com\/\" target=\"_blank\" rel=\"noopener\">https:\/\/www.mccollisters.com\/<\/a><\/p>","protected":false},"excerpt":{"rendered":"<p>McCollister&#8217;s Transportation Group is an agent of the UniGroup. The company offers its clients many moving services which are listed below, together with a company profile and reviews. International Moves Dedicated logistics coordinator Door-to-door service Full service Air ride van service Air and sea freight Short and long term storage Commercial Moves Office\/facility relocation Data [&hellip;]<\/p>\n","protected":false},"author":1,"featured_media":0,"parent":0,"menu_order":0,"comment_status":"closed","ping_status":"closed","template":"","meta":{"_genesis_hide_title":false,"_genesis_hide_breadcrumbs":false,"_genesis_hide_singular_image":false,"_genesis_hide_footer_widgets":false,"_genesis_custom_body_class":"","_genesis_custom_post_class":"","_genesis_layout":"","footnotes":""},"class_list":{"0":"post-1040","1":"page","2":"type-page","3":"status-publish","5":"entry"},"_links":{"self":[{"href":"https:\/\/moverdb.com\/fr\/wp-json\/wp\/v2\/pages\/1040","targetHints":{"allow":["GET"]}}],"collection":[{"href":"https:\/\/moverdb.com\/fr\/wp-json\/wp\/v2\/pages"}],"about":[{"href":"https:\/\/moverdb.com\/fr\/wp-json\/wp\/v2\/types\/page"}],"author":[{"embeddable":true,"href":"https:\/\/moverdb.com\/fr\/wp-json\/wp\/v2\/users\/1"}],"replies":[{"embeddable":true,"href":"https:\/\/moverdb.com\/fr\/wp-json\/wp\/v2\/comments?post=1040"}],"version-history":[{"count":7,"href":"https:\/\/moverdb.com\/fr\/wp-json\/wp\/v2\/pages\/1040\/revisions"}],"predecessor-version":[{"id":13175,"href":"https:\/\/moverdb.com\/fr\/wp-json\/wp\/v2\/pages\/1040\/revisions\/13175"}],"wp:attachment":[{"href":"https:\/\/moverdb.com\/fr\/wp-json\/wp\/v2\/media?parent=1040"}],"curies":[{"name":"wp","href":"https:\/\/api.w.org\/{rel}","templated":true}]}}