{"id":1038,"date":"2016-11-05T17:02:13","date_gmt":"2016-11-05T17:02:13","guid":{"rendered":"http:\/\/moverdb.com\/?page_id=1038"},"modified":"2026-01-08T15:20:27","modified_gmt":"2026-01-08T15:20:27","slug":"national-van-lines","status":"publish","type":"page","link":"https:\/\/moverdb.com\/fr\/national-van-lines\/","title":{"rendered":"National Van Lines : Avis sur les d\u00e9m\u00e9nagements internationaux"},"content":{"rendered":"<p>National Van Lines offre \u00e0 ses clients une large gamme de services de d\u00e9m\u00e9nagement. Ces services sont \u00e9num\u00e9r\u00e9s ci-dessous, accompagn\u00e9s d'un profil de l'entreprise et de commentaires.<\/p>\n<p><strong>D\u00e9m\u00e9nagements internationaux<\/strong><\/p>\n<ul>\n<li> Particuliers et entreprises<\/li>\n<li> Un coordinateur d\u00e9di\u00e9 au d\u00e9m\u00e9nagement<\/li>\n<li> Conseils sur tous les aspects du processus de d\u00e9m\u00e9nagement<\/li>\n<li> Conseils sur les exigences en mati\u00e8re de documentation<\/li>\n<li> <a href=\"https:\/\/moverdb.com\/fr\/citations\/\">Estimation du co\u00fbt du porte-\u00e0-porte<\/a> pour <a href=\"https:\/\/moverdb.com\/fr\/expedition-par-conteneur\/\">exp\u00e9dition par voie maritime ou a\u00e9rienne<\/a><\/li>\n<li> Suivi pour s'assurer que l'envoi arrive \u00e0 bon port<\/li>\n<li> Coordination de chaque \u00e9tape du d\u00e9m\u00e9nagement<\/li>\n<li> Assistance dans le cas peu probable d'un sinistre<\/li>\n<\/ul>\n<p><strong>D\u00e9m\u00e9nagements sp\u00e9cialis\u00e9s<\/strong><\/p>\n<ul>\n<li> Agencements de magasins<\/li>\n<li> \u00c9lectronique<\/li>\n<li> Salons professionnels<\/li>\n<li> \u00c9quipement de jeu<\/li>\n<li> Machines \u00e0 sous<\/li>\n<li> Transport de voitures<\/li>\n<li> D\u00e9m\u00e9nagement de pianos<\/li>\n<li> L'art en mouvement<\/li>\n<li> D\u00e9m\u00e9nageurs d'horloges grand-p\u00e8re et d'antiquit\u00e9s<\/li>\n<li> D\u00e9m\u00e9nageurs de tables de billard<\/li>\n<\/ul>\n<p><strong>D\u00e9m\u00e9nagement d'entreprise<\/strong><\/p>\n<ul>\n<li> International et local<\/li>\n<li> Un employ\u00e9 ou tout le bureau<\/li>\n<li> D\u00e9m\u00e9nageurs d'ordinateurs et d'appareils \u00e9lectroniques<\/li>\n<li> D\u00e9m\u00e9nageurs de laboratoires et d'\u00e9quipements m\u00e9dicaux<\/li>\n<\/ul>\n<p><strong>D\u00e9m\u00e9nagements de m\u00e9nages<\/strong><\/p>\n<ul>\n<li> D\u00e9placements locaux<\/li>\n<li> D\u00e9m\u00e9nagements longue distance<\/li>\n<li> Cross country<\/li>\n<li> Interstate<\/li>\n<li> Intrastate<\/li>\n<li> National<\/li>\n<li> Porte-\u00e0-porte<\/li>\n<li> Service complet offert<\/li>\n<\/ul>\n<p><strong>Stockage<\/strong><\/p>\n<ul>\n<li> Long et court terme<\/li>\n<li> Climat contr\u00f4l\u00e9<\/li>\n<li> S\u00e9curit\u00e9 24\/7<\/li>\n<\/ul>\n<h2>Profil de l'entreprise National Van Lines<\/h2>\n<p>L'actuelle PDG de National Van Lines, Maureen Beal, est la petite-fille de son fondateur, F. J. McKee. McKee a cr\u00e9\u00e9 l'entreprise en <a href=\"https:\/\/moverdb.com\/fr\/demenagement-a-chicago\/\">Chicago<\/a> en 1901 avec un chariot et un poney pour livrer de la glace et du charbon. <\/p>\n<p>L'entreprise a prosp\u00e9r\u00e9 depuis lors et d\u00e9place aujourd'hui des personnes, des entreprises et du personnel militaire au niveau local et international. Elle dispose de plus de 400 agents pour l'assister dans ce processus.<\/p>\n<p>La devise de la soci\u00e9t\u00e9 est \"Moving Your Memories\", qui rappelle au personnel et aux clients que les biens personnels sont pr\u00e9cieux et qu'ils seront toujours trait\u00e9s avec soin.<\/p>\n<p>National Van Lines poss\u00e8de les accr\u00e9ditations et affiliations suivantes :<\/p>\n<ul>\n<li> <a href=\"https:\/\/moverdb.com\/fr\/jante-promoteur\/\">ProMover certifi\u00e9<\/a><\/li>\n<li> Accr\u00e9dit\u00e9 par le Better Business Bureau (BBB)<\/li>\n<li> D\u00e9m\u00e9nageur v\u00e9rifi\u00e9 Movers.Com<\/li>\n<li> <a href=\"https:\/\/moverdb.com\/fr\/fidi-faim\/\">FIDI<\/a><\/li>\n<\/ul>\n<h2>Critiques de National Van Lines<\/h2>\n<p><strong>Positif :<\/strong><\/p>\n<ul>\n<li> <em>\"J'ai \u00e9t\u00e9 tr\u00e8s satisfait de l'enl\u00e8vement et de la livraison de mes meubles. Dave \u00e9tait \u00e9galement tr\u00e8s professionnel et m'a fourni une estimation juste.\"<\/em> - Bari via la page de t\u00e9moignage de l'entreprise<\/li>\n<li> <em>\"National Van Lines a enlev\u00e9 \u00e0 l'heure, livr\u00e9 \u00e0 l'heure, et rien n'a \u00e9t\u00e9 perdu ou cass\u00e9.\"<\/em> - Gail via <a href=\"https:\/\/www.yelp.co.uk\/biz\/national-van-lines-broadview?hrid=xrO9qdjtpdZ-DKkGynhkBw&#038;utm_campaign=www_review_share_popup&#038;utm_medium=copy_link&#038;utm_source=(direct)\" target=\"_blank\" rel=\"noopener\">Yelp<\/a><\/li>\n<li> <em>\"Je n'ai qu'un mot \u00e0 dire. AWESOME !\"<\/em> - Lori via <a href=\"http:\/\/www.mymovingreviews.com\/movers\/national-van-lines-256#59528\" target=\"_blank\" rel=\"noopener\">MyMovingReviews.com<\/a><\/li>\n<\/ul>\n<p><strong>N\u00e9gatif :<\/strong><\/p>\n<ul>\n<li> <em>\"Au cours des 8 derni\u00e8res ann\u00e9es, j'ai d\u00e9m\u00e9nag\u00e9 5-6 fois et je n'ai jamais eu une exp\u00e9rience comme celle-ci.\"<\/em> - Cindy via <a href=\"https:\/\/www.consumeraffairs.com\/movers\/national.htm\" target=\"_blank\" rel=\"noopener\">Consommateurs<\/a><\/li>\n<li> <em>\"National Van Lines n'a pas livr\u00e9 mes biens m\u00e9nagers \u00e0 la date qui m'avait \u00e9t\u00e9 indiqu\u00e9e par le chauffeur. Ils m'ont dit que ma facture donnait la date, mais le probl\u00e8me est que je n'ai jamais re\u00e7u de facture. \u00c0 la livraison, plus de la moiti\u00e9 de mes articles \u00e9taient manquants.\"<\/em> - Franchon via <a href=\"http:\/\/www.bbb.org\/chicago\/business-reviews\/movers\/national-van-lines-inc-in-broadview-il-5114\/customer-reviews\" target=\"_blank\" rel=\"noopener\">BBB<\/a><\/li>\n<li> <em>\"Notre exp\u00e9rience avec National Van Lines a \u00e9t\u00e9 un cauchemar. Le repr\u00e9sentant qui a sign\u00e9 <a href=\"https:\/\/moverdb.com\/fr\/moving-to-the-united-states\/\" data-internallinksmanager029f6b8e52c=\"94\" title=\"Vous partez aux \u00c9tats-Unis ? 2026 Co\u00fbt de la vie et conseils de relocalisation\">nous<\/a> up semblait si professionnelle et efficace lorsque nous l'avons rencontr\u00e9e. Nous n'aurions jamais imagin\u00e9 que nous nous retrouvions dans un tel p\u00e9trin.\"<\/em> - via <a href=\"http:\/\/moving-companies.credio.com\/l\/21\/National-Van-Lines\" target=\"_blank\" rel=\"noopener\">Credio<\/a><\/li>\n<\/ul>\n<div itemprop=\"review\" itemscope itemtype=\"http:\/\/schema.org\/Review\">\n<span itemprop=\"author\" itemscope=\"\" itemtype=\"http:\/\/schema.org\/Organization\"><span itemprop=\"name\">MoverDB.com<\/span><\/span> Examen en ligne du site Web pour <span itemprop=\"itemreviewed\" itemscope=\"\" itemtype=\"http:\/\/schema.org\/Brand\"><span itemprop=\"name\">National Van Lines<\/span><\/span>:<\/p>\n<ol>\n<li> Coordonn\u00e9es claires sur le site web (y compris le num\u00e9ro de t\u00e9l\u00e9phone) : <strong>Oui<\/strong><\/li>\n<li> Facile \u00e0 obtenir <a href=\"https:\/\/moverdb.com\/fr\/citations\/\">devis de d\u00e9m\u00e9nagement international<\/a>? (Formulaire de demande de devis en ligne) : <strong>Oui<\/strong><\/li>\n<li> Informations claires sur le site web : <strong>Oui<\/strong> Le site web pr\u00e9sente leurs services et propose \u00e9galement des guides utiles.<\/li>\n<li> Adh\u00e9sion \u00e0 des organisations internationales de d\u00e9m\u00e9nagement reconnues : <strong>Oui<\/strong><\/li>\n<li> Liste de clients et\/ou t\u00e9moignages de clients pr\u00e9c\u00e9dents : <strong>Oui<\/strong> Il y a des t\u00e9moignages positifs de clients sur le site, mais quelques t\u00e9moignages n\u00e9gatifs sur le reste de l'internet.<\/li>\n<\/ol>\n<div itemprop=\"reviewRating\" itemscope itemtype=\"http:\/\/schema.org\/Rating\"><meta itemprop=\"worstRating\" content = \"0\" \/><meta itemprop=\"bestRating\" content=\"5\" \/><meta itemprop=\"ratingValue\" content=\"4.5\"><\/div>\n<p><strong>Note globale : 4,5\/5<\/strong><br \/>\n<strong>Date de r\u00e9vision :<\/strong> <span itemprop=\"datePublished\" content=\"2016-11-05\">05\/11\/2016<\/span>\n<\/div>\n<p>Plus d'informations sur <a href=\"https:\/\/moverdb.com\/fr\/entreprises-de-demenagement\/\">les meilleures soci\u00e9t\u00e9s de d\u00e9m\u00e9nagement international<\/a>, <a href=\"https:\/\/moverdb.com\/fr\/demenageurs-us-canada\/\">D\u00e9m\u00e9nageurs am\u00e9ricains<\/a> et notre <a href=\"https:\/\/moverdb.com\/fr\/revues\/\">processus de r\u00e9vision<\/a>.<\/p>\n<p><strong>Site web :<\/strong> <a href=\"http:\/\/www.nationalvanlines.com\/\" target=\"_blank\" rel=\"noopener\">http:\/\/www.nationalvanlines.com\/<\/a><\/p>","protected":false},"excerpt":{"rendered":"<p>National Van Lines offers its customers a wide range of moving services. These are listed below together with a company profile and reviews. International Moves Individual and corporate Dedicated move coordinator Counselling on all aspects of the moving process Guidance on documentation requirements Door-to-door cost estimates for shipping by ocean or air Tracking to ensure [&hellip;]<\/p>\n","protected":false},"author":1,"featured_media":0,"parent":0,"menu_order":0,"comment_status":"closed","ping_status":"closed","template":"","meta":{"_genesis_hide_title":false,"_genesis_hide_breadcrumbs":false,"_genesis_hide_singular_image":false,"_genesis_hide_footer_widgets":false,"_genesis_custom_body_class":"","_genesis_custom_post_class":"","_genesis_layout":"","footnotes":""},"class_list":{"0":"post-1038","1":"page","2":"type-page","3":"status-publish","5":"entry"},"_links":{"self":[{"href":"https:\/\/moverdb.com\/fr\/wp-json\/wp\/v2\/pages\/1038","targetHints":{"allow":["GET"]}}],"collection":[{"href":"https:\/\/moverdb.com\/fr\/wp-json\/wp\/v2\/pages"}],"about":[{"href":"https:\/\/moverdb.com\/fr\/wp-json\/wp\/v2\/types\/page"}],"author":[{"embeddable":true,"href":"https:\/\/moverdb.com\/fr\/wp-json\/wp\/v2\/users\/1"}],"replies":[{"embeddable":true,"href":"https:\/\/moverdb.com\/fr\/wp-json\/wp\/v2\/comments?post=1038"}],"version-history":[{"count":6,"href":"https:\/\/moverdb.com\/fr\/wp-json\/wp\/v2\/pages\/1038\/revisions"}],"predecessor-version":[{"id":6225,"href":"https:\/\/moverdb.com\/fr\/wp-json\/wp\/v2\/pages\/1038\/revisions\/6225"}],"wp:attachment":[{"href":"https:\/\/moverdb.com\/fr\/wp-json\/wp\/v2\/media?parent=1038"}],"curies":[{"name":"wp","href":"https:\/\/api.w.org\/{rel}","templated":true}]}}