{"id":1037,"date":"2016-11-21T06:45:07","date_gmt":"2016-11-21T06:45:07","guid":{"rendered":"http:\/\/moverdb.com\/?page_id=1037"},"modified":"2026-01-08T14:47:47","modified_gmt":"2026-01-08T14:47:47","slug":"allies-de-berger","status":"publish","type":"page","link":"https:\/\/moverdb.com\/fr\/berger-allied\/","title":{"rendered":"Berger Allied (transfert et stockage) : Avis sur les d\u00e9m\u00e9nagements internationaux"},"content":{"rendered":"<p>Berger Allied (officiellement Berger Transfer &amp; Storage) est bas\u00e9e \u00e0 St. Paul, MN. Elle offre \u00e0 ses clients une gamme de services de d\u00e9m\u00e9nagement qui sont \u00e9num\u00e9r\u00e9s ci-dessous, ainsi qu'un profil de l'entreprise et des commentaires.<\/p>\n<p><strong>D\u00e9m\u00e9nagement international<\/strong><\/p>\n<ul>\n<li> Pr\u00e9paration du d\u00e9m\u00e9nagement<\/li>\n<li> Consultation et enqu\u00eate<\/li>\n<li> Documentation<\/li>\n<li> Consid\u00e9rations de s\u00e9curit\u00e9<\/li>\n<li> Emballage et chargement<\/li>\n<li> Live charge vos articles directement dans un conteneur d'exp\u00e9dition<\/li>\n<li> D\u00e9douanement<\/li>\n<li> Livraison et d\u00e9ballage<\/li>\n<\/ul>\n<p><strong>D\u00e9m\u00e9nagement r\u00e9sidentiel<\/strong><\/p>\n<ul>\n<li> Planification des d\u00e9placements<\/li>\n<li> D\u00e9m\u00e9nagement longue distance<\/li>\n<li> Emballage \u00e0 service complet<\/li>\n<li> Self-packing<\/li>\n<li> <a href=\"https:\/\/moverdb.com\/fr\/voiture-transport-expedition\/\">V\u00e9hicule<\/a>transport de bateaux et de motos<\/li>\n<li> Montage\/d\u00e9montage<\/li>\n<li> Reconnexion\/d\u00e9connexion des appareils<\/li>\n<li> D\u00e9ballage et enl\u00e8vement des d\u00e9bris<\/li>\n<li> Suivi en ligne des exp\u00e9ditions<\/li>\n<li> Services de d\u00e9m\u00e9nagement pour personnes \u00e2g\u00e9es<\/li>\n<\/ul>\n<p><strong>Services de relocalisation d'entreprises<\/strong><\/p>\n<ul>\n<li> Conseillers en relocation<\/li>\n<li> Programme de relocalisation adapt\u00e9 \u00e0 la culture, aux politiques et aux objectifs budg\u00e9taires propres \u00e0 votre entreprise.<\/li>\n<li> Des coordinateurs de d\u00e9m\u00e9nagement d\u00e9vou\u00e9s <\/li>\n<\/ul>\n<p><strong>Services de d\u00e9m\u00e9nagement commercial<\/strong><\/p>\n<ul>\n<li> D\u00e9m\u00e9nagement de bureaux<\/li>\n<li> Stockage des documents<\/li>\n<li> Entreposage<\/li>\n<li> Transport sp\u00e9cialis\u00e9<\/li>\n<li> Gestion des actifs<\/li>\n<li> Am\u00e9nagement de l'espace en CAO<\/li>\n<li> Gestion de projet sur site<\/li>\n<\/ul>\n<h2>Profil de l'entreprise Berger Allied<\/h2>\n<p>Berger Transfer and Storage est en activit\u00e9 depuis 1910. Elle travaille avec des particuliers, des entreprises et des agences gouvernementales. Ils pensent que leur plus grande force est de se concentrer sur un service client de qualit\u00e9.<\/p>\n<p>Ils disposent d'une flotte de plus de 600 camionnettes et camions et coordonnent environ 24 000 d\u00e9m\u00e9nagements familiaux par an. Elle participe \u00e9galement \u00e0 la collecte de fonds pour United Way, Junior Achievements, Boy Scouts et Girl Scouts of America, March of Dimes, Special Olympics et Move For Hunger.<\/p>\n<p>Berger Transfer and Storage poss\u00e8de les accr\u00e9ditations et affiliations suivantes :<\/p>\n<ul>\n<li> <a href=\"https:\/\/moverdb.com\/fr\/amsa\/\">AMSA<\/a><\/li>\n<li> AHFA<\/li>\n<li> <a href=\"https:\/\/moverdb.com\/fr\/je-suis\/\">IAM<\/a><\/li>\n<li> ATA<\/li>\n<li> <a href=\"https:\/\/moverdb.com\/fr\/jante-promoteur\/\">Promoteur<\/a><\/li>\n<li> <a href=\"https:\/\/moverdb.com\/fr\/conseil-de-relocation-des-employes\/\">ERC dans le monde<\/a><\/li>\n<li> PSA<\/li>\n<li> Bouger pour la faim<\/li>\n<li> Entreprise accr\u00e9dit\u00e9e par le BBB<\/li>\n<\/ul>\n<h2>Commentaires sur Berger Allied (transfert et stockage)<\/h2>\n<p><strong>Positif :<\/strong><\/p>\n<ul>\n<li> <em>\"Notre exp\u00e9rience de d\u00e9m\u00e9nagement \u00e0 travers le pays avec Berger Allied a \u00e9t\u00e9 aussi bonne que possible !\"<\/em> - Paul M via <a href=\"https:\/\/www.yelp.com\/biz\/berger-allied-van-lines-austin?hrid=r3MbhX4j_6c1VOPPSbKe_g&#038;utm_campaign=www_review_share_popup&#038;utm_medium=copy_link&#038;utm_source=(direct)\" target=\"_blank\" rel=\"noopener\">Yelp<\/a> <\/li>\n<li> <em>\"L'\u00e9quipe Berger de Las Vegas est tout simplement incroyable. Non seulement ils sont comp\u00e9tents et sympathiques, mais leur service client\u00e8le est probablement le meilleur que j'aie jamais rencontr\u00e9.\"<\/em> - Viki via <a href=\"https:\/\/www.facebook.com\/pg\/bergermoving\/reviews\/\" target=\"_blank\" rel=\"noopener\">Facebook<\/a><\/li>\n<li> <em>\"Ils sont arriv\u00e9s \u00e0 l'heure. Ils ont emball\u00e9 tous les meubles dans des tampons et ont pris du temps suppl\u00e9mentaire pour s'assurer que tout \u00e9tait bien fait. Ils ont pris le temps de s'assurer qu'aucun mur n'\u00e9tait endommag\u00e9.\"<\/em> - Daniel via <a href=\"http:\/\/www.movingcompanyreviews.com\/MN\/St-Paul\/berger-transfer-storage-60973\" target=\"_blank\" rel=\"noopener\">MovingCompanyReviews.com<\/a><\/li>\n<\/ul>\n<p><strong>N\u00e9gatif :<\/strong><\/p>\n<ul>\n<li> <em>\"Sur recommandation, j'ai engag\u00e9 Berger pour un d\u00e9m\u00e9nagement de <a href=\"https:\/\/moverdb.com\/fr\/moving-to-the-united-states\/moving-to-minnesota\/\" data-internallinksmanager029f6b8e52c=\"443\" title=\"D\u00e9m\u00e9nager dans le Minnesota ? 2026 Co\u00fbts de la vie et conseils de relocalisation\">Minnesota<\/a> \u00e0 <a href=\"https:\/\/moverdb.com\/fr\/moving-to-the-united-states\/moving-to-california\/\" data-internallinksmanager029f6b8e52c=\"330\" title=\"D\u00e9m\u00e9nager en Californie ? 2026 Co\u00fbts de la vie et conseils de relocalisation\">Californie<\/a>. J'avais cherch\u00e9 d'autres entreprises et d'autres devis, j'ai malheureusement choisi Berger sur la base de la personne qui a r\u00e9alis\u00e9 le devis\".<\/em> - Via <a href=\"https:\/\/www.bbb.org\/minnesota\/business-reviews\/movers\/berger-transfer-storage-inc-in-saint-paul-mn-103\/reviews-and-complaints\" target=\"_blank\" rel=\"noopener\">BBB wesbite<\/a><\/li>\n<li> <em>\"Le pire service client de tous les temps. Apr\u00e8s six mois de facturation incorrecte et d'innombrables courriels et appels t\u00e9l\u00e9phoniques pour tenter de r\u00e9soudre le probl\u00e8me, on m'a dit que mes articles \u00e9taient mis aux ench\u00e8res.\"<\/em> - Kyle vi <a href=\"https:\/\/www.facebook.com\/pg\/bergermoving\/reviews\/\" target=\"_blank\" rel=\"noopener\">Facebook<\/a><\/li>\n<\/li>\n<li> <em>\"Berger Allied Van Lines a fait le pire travail d'emballage, de d\u00e9m\u00e9nagement et de stockage pour... <a href=\"https:\/\/moverdb.com\/fr\/moving-to-the-united-states\/\" data-internallinksmanager029f6b8e52c=\"94\" title=\"Vous partez aux \u00c9tats-Unis ? 2026 Co\u00fbt de la vie et conseils de relocalisation\">nous<\/a>.\"<\/em> - Letty via <a href=\"https:\/\/www.yelp.com\/biz\/berger-allied-van-lines-austin?hrid=AMtotqlDmWIUelyZT7YKAw&#038;utm_campaign=www_review_share_popup&#038;utm_medium=copy_link&#038;utm_source=(direct)\" target=\"_blank\" rel=\"noopener\">Yelp<\/a><\/li>\n<\/ul>\n<div itemprop=\"review\" itemscope itemtype=\"http:\/\/schema.org\/Review\">\n<span itemprop=\"author\" itemscope=\"\" itemtype=\"http:\/\/schema.org\/Organization\"><span itemprop=\"name\">MoverDB.com<\/span><\/span> Examen en ligne du site Web pour <span itemprop=\"itemreviewed\" itemscope=\"\" itemtype=\"http:\/\/schema.org\/Brand\"><span itemprop=\"name\">Berger Allied<\/span><\/span>:<\/p>\n<ol>\n<li> Coordonn\u00e9es claires sur le site web (y compris le num\u00e9ro de t\u00e9l\u00e9phone) : <strong>Oui<\/strong><\/li>\n<li> Facile \u00e0 obtenir <a href=\"https:\/\/moverdb.com\/fr\/citations\/\">devis de d\u00e9m\u00e9nagement international<\/a>? (Formulaire de demande de devis en ligne) : <strong>Oui<\/strong><\/li>\n<li> Informations claires sur le site web : <strong>Partiel<\/strong>Il y a une bonne quantit\u00e9 d'informations g\u00e9n\u00e9rales sur le d\u00e9m\u00e9nagement, mais rien de trop sp\u00e9cifique.<\/li>\n<li> Adh\u00e9sion \u00e0 des organisations internationales de d\u00e9m\u00e9nagement reconnues : <strong>Oui<\/strong>, beaucoup, voir ci-dessus<\/li>\n<li> Liste de clients et\/ou t\u00e9moignages de clients pr\u00e9c\u00e9dents : <strong>Non<\/strong>Il n'y a pas de t\u00e9moignages sur le site web, que nous avons pu trouver, et les critiques sur le web sont un peu mitig\u00e9es. <\/li>\n<\/ol>\n<div itemprop=\"reviewRating\" itemscope itemtype=\"http:\/\/schema.org\/Rating\"><meta itemprop=\"worstRating\" content = \"0\" \/><meta itemprop=\"bestRating\" content=\"5\" \/><meta itemprop=\"ratingValue\" content=\"3.5\"><\/div>\n<p><strong>Note globale : 3,5\/5<\/strong><br \/>\n<strong>Date de r\u00e9vision :<\/strong> <span itemprop=\"datePublished\" content=\"2016-11-21\">21\/11\/2016<\/span>\n<\/div>\n<p>Plus d'informations sur <a href=\"https:\/\/moverdb.com\/fr\/entreprises-de-demenagement\/\">soci\u00e9t\u00e9s de d\u00e9m\u00e9nagement international<\/a>, <a href=\"https:\/\/moverdb.com\/fr\/demenageurs-us-canada\/\">D\u00e9m\u00e9nageurs am\u00e9ricains<\/a> et notre <a href=\"https:\/\/moverdb.com\/fr\/revues\/\">processus de r\u00e9vision<\/a>.<\/p>\n<p><strong>Site web :<\/strong> <a href=\"https:\/\/www.bergerallied.com\" target=\"_blank\" rel=\"noopener\">https:\/\/www.bergerallied.com<\/a><\/p>","protected":false},"excerpt":{"rendered":"<p>Berger Allied (officially Berger Transfer &#038; Storage) is based in St. Paul, MN. It offers its customers a range of moving services which are listed below, together with a company profile and reviews. International Moving Move Preparation Consultation and Survey Documentation Safety Considerations Packing and Loading Live loads your items directly into a shipping container [&hellip;]<\/p>\n","protected":false},"author":1,"featured_media":0,"parent":0,"menu_order":0,"comment_status":"closed","ping_status":"closed","template":"","meta":{"_genesis_hide_title":false,"_genesis_hide_breadcrumbs":false,"_genesis_hide_singular_image":false,"_genesis_hide_footer_widgets":false,"_genesis_custom_body_class":"","_genesis_custom_post_class":"","_genesis_layout":"","footnotes":""},"class_list":{"0":"post-1037","1":"page","2":"type-page","3":"status-publish","5":"entry"},"_links":{"self":[{"href":"https:\/\/moverdb.com\/fr\/wp-json\/wp\/v2\/pages\/1037","targetHints":{"allow":["GET"]}}],"collection":[{"href":"https:\/\/moverdb.com\/fr\/wp-json\/wp\/v2\/pages"}],"about":[{"href":"https:\/\/moverdb.com\/fr\/wp-json\/wp\/v2\/types\/page"}],"author":[{"embeddable":true,"href":"https:\/\/moverdb.com\/fr\/wp-json\/wp\/v2\/users\/1"}],"replies":[{"embeddable":true,"href":"https:\/\/moverdb.com\/fr\/wp-json\/wp\/v2\/comments?post=1037"}],"version-history":[{"count":6,"href":"https:\/\/moverdb.com\/fr\/wp-json\/wp\/v2\/pages\/1037\/revisions"}],"predecessor-version":[{"id":6183,"href":"https:\/\/moverdb.com\/fr\/wp-json\/wp\/v2\/pages\/1037\/revisions\/6183"}],"wp:attachment":[{"href":"https:\/\/moverdb.com\/fr\/wp-json\/wp\/v2\/media?parent=1037"}],"curies":[{"name":"wp","href":"https:\/\/api.w.org\/{rel}","templated":true}]}}