{"id":1036,"date":"2016-11-05T16:39:46","date_gmt":"2016-11-05T16:39:46","guid":{"rendered":"http:\/\/moverdb.com\/?page_id=1036"},"modified":"2026-05-15T14:55:41","modified_gmt":"2026-05-15T14:55:41","slug":"beltmann-relocation","status":"publish","type":"page","link":"https:\/\/moverdb.com\/fr\/beltmann-relocation\/","title":{"rendered":"Groupe de relocation Beltmann : Revues sur les d\u00e9m\u00e9nagements internationaux"},"content":{"rendered":"<p>Le groupe de relocation Beltmann offre \u00e0 ses clients une vari\u00e9t\u00e9 de services de d\u00e9m\u00e9nagement au niveau international et local. Ces services sont \u00e9num\u00e9r\u00e9s ci-dessous, accompagn\u00e9s d'un profil de l'entreprise et de commentaires.<\/p>\n<p><strong>D\u00e9m\u00e9nagements internationaux<\/strong><\/p>\n<ul>\n<li> D\u00e9m\u00e9nagements internationaux d'entreprises<\/li>\n<li> Mouvements individuels<\/li>\n<li> Nations Unies<\/li>\n<li> Assistance et conseils en mati\u00e8re de douane et d'immigration<\/li>\n<li> Aide \u00e0 la relocalisation des animaux de compagnie<\/li>\n<li> Porte-\u00e0-porte<\/li>\n<li> Gestionnaire de d\u00e9m\u00e9nagement allou\u00e9<\/li>\n<li> Service complet disponible<\/li>\n<li> Assurance souscrite<\/li>\n<\/ul>\n<p><strong>D\u00e9m\u00e9nagements de bureaux et d'industries<\/strong><\/p>\n<ul>\n<li> D\u00e9m\u00e9nagement local et longue distance de bureaux<\/li>\n<li> D\u00e9placement interd\u00e9partemental<\/li>\n<li> D\u00e9m\u00e9nagement d'ordinateurs et d'appareils \u00e9lectroniques<\/li>\n<li> Planification et conception de l'espace<\/li>\n<li> R\u00e9unions de planification avant le d\u00e9m\u00e9nagement<\/li>\n<li> Supervision sur site<\/li>\n<li> Services apr\u00e8s-d\u00e9m\u00e9nagement<\/li>\n<li> Assistance au d\u00e9m\u00e9nagement industriel<\/li>\n<li> D\u00e9m\u00e9nagement de haute s\u00e9curit\u00e9<\/li>\n<li> D\u00e9placer des informations sensibles<\/li>\n<li> Assurance souscrite<\/li>\n<\/ul>\n<p><strong>D\u00e9m\u00e9nagement d'entreprise<\/strong><\/p>\n<ul>\n<li> Services de relocalisation pour cadres sup\u00e9rieurs<\/li>\n<li> Gestionnaire des d\u00e9m\u00e9nagements <\/li>\n<li> Porte-\u00e0-porte<\/li>\n<li> Emballage et d\u00e9ballage<\/li>\n<li> Suivi des exp\u00e9ditions<\/li>\n<li> Assurance souscrite<\/li>\n<\/ul>\n<p><strong>D\u00e9m\u00e9nagements de m\u00e9nages<\/strong><\/p>\n<ul>\n<li> D\u00e9placements locaux<\/li>\n<li> D\u00e9m\u00e9nagements longue distance<\/li>\n<li> Porte-\u00e0-porte<\/li>\n<li> Emballage et d\u00e9ballage<\/li>\n<li> Assurance souscrite<\/li>\n<\/ul>\n<p><strong>Stockage<\/strong><\/p>\n<ul>\n<li> Long ou court terme<\/li>\n<li> Entrep\u00f4t chauff\u00e9 <\/li>\n<li> Stock\u00e9 dans une chambre forte scell\u00e9e<\/li>\n<li> CCTV<\/li>\n<li> Protection contre les incendies et les parasites<\/li>\n<\/ul>\n<h2>Profil de l'entreprise Beltmann Relocation<\/h2>\n<p>Le groupe Beltmann a \u00e9t\u00e9 cr\u00e9\u00e9 par la famille Battina en 1955 et est toujours d\u00e9tenu et g\u00e9r\u00e9 par la famille. Il s'agit de l'un des agents les plus importants et les plus anciens dans le domaine de l'immobilier. <a href=\"https:\/\/moverdb.com\/fr\/north-american-van-lines\/\">North American Van Lines<\/a> et son si\u00e8ge est \u00e0 <a href=\"https:\/\/moverdb.com\/fr\/demenagement-a-minneapolis\/\">Minneapolis<\/a>. <\/p>\n<p>Le Groupe Beltmann est l'heureux propri\u00e9taire d'une flotte de plus de 700 v\u00e9hicules de d\u00e9m\u00e9nagement de diff\u00e9rentes descriptions et compte 14 succursales.<\/p>\n<p>L'engagement de Beltmann est \"Soyez le client\". Chaque employ\u00e9 est encourag\u00e9 \u00e0 se mettre \u00e0 la place du client et \u00e0 le traiter comme il souhaiterait \u00eatre trait\u00e9. L'entreprise est fi\u00e8re de soutenir Habitat for Humanity.<\/p>\n<p>Beltmann Relocation poss\u00e8de les affiliations et accr\u00e9ditations suivantes :<\/p>\n<ul>\n<li> <a href=\"https:\/\/moverdb.com\/fr\/jante-promoteur\/\">D\u00e9m\u00e9nageur international agr\u00e9\u00e9<\/a> (<a href=\"https:\/\/moverdb.com\/fr\/rim-promover\/\" data-internallinksmanager029f6b8e52c=\"76\" title=\"La certification ProMover de RIM International expliqu\u00e9e\">RIM<\/a>)<\/li>\n<li> <a href=\"https:\/\/moverdb.com\/fr\/jante-promoteur\/\">ProMover<\/a><\/li>\n<li> <a href=\"https:\/\/moverdb.com\/fr\/amsa\/\">Association am\u00e9ricaine de d\u00e9m\u00e9nagement et de stockage<\/a> (<a href=\"https:\/\/moverdb.com\/fr\/amsa\/\" data-internallinksmanager029f6b8e52c=\"5\" title=\"Explication de l&#039;Association am\u00e9ricaine de d\u00e9m\u00e9nagement et d&#039;entreposage (AMSA)\">AMSA<\/a>)<\/li>\n<li> Laur\u00e9at du Prix nord-am\u00e9ricain de la qualit\u00e9<\/li>\n<li> Accr\u00e9dit\u00e9 par le Better Business Bureau (BBB)<\/li>\n<\/ul>\n<p><strong>Beltmann Relocation Reviews<\/strong><\/p>\n<p><strong>Positif :<\/strong><\/p>\n<ul>\n<li> <em>\"Tout s'est tr\u00e8s bien pass\u00e9 lors de notre d\u00e9m\u00e9nagement. Le chauffeur et l'\u00e9quipe des deux c\u00f4t\u00e9s ont bien travaill\u00e9.\"<\/em> - Craig via la page de t\u00e9moignages Beltmann<\/li>\n<li> <em>\"Nous avons d\u00e9m\u00e9nag\u00e9 plusieurs fois au fil des ans et je dois dire que Beltman \u00e9tait de loin le meilleur. Le soin qu'ils ont apport\u00e9 \u00e0 l'emballage et au chargement de nos biens jusqu'\u00e0 la livraison \u00e9tait remarquable.\"<\/em> - Abby via <a href=\"https:\/\/www.facebook.com\/pg\/BeltmannRelocation\/reviews\/\" target=\"_blank\" rel=\"noopener\">Facebook<\/a><\/li>\n<\/ul>\n<p><strong>N\u00e9gatif :<\/strong><\/p>\n<ul>\n<li> <em>\"Nous n'en sommes m\u00eame pas au tiers du d\u00e9ballage et nous avons d\u00e9j\u00e0 une liste d'au moins 15 articles endommag\u00e9s ou cass\u00e9s. Dans certains cartons, des choses ont \u00e9t\u00e9 jet\u00e9es dedans, sans \u00eatre emball\u00e9es ou fix\u00e9es.\"<\/em> Amy via <a href=\"https:\/\/www.facebook.com\/pg\/BeltmannRelocation\/reviews\/\" target=\"_blank\" rel=\"noopener\">Facebook<\/a><\/li>\n<li> <em>\"Faites-vous une faveur. N'utilisez pas cette soci\u00e9t\u00e9. Supprimez leur num\u00e9ro, emp\u00eachez-les de vous appeler. La partie devis du processus (vous savez quand ils essaient de gagner votre business) \u00e9tait super. L'enl\u00e8vement de la marchandise, c'\u00e9tait g\u00e9nial, la livraison, c'\u00e9tait vraiment nul.\"<\/em> - Kim via <a href=\"https:\/\/www.yelp.com\/biz\/beltmann-relocation-group-glendale-heights?hrid=tJAoAv--s6WetooAeYOQew&#038;utm_campaign=www_review_share_popup&#038;utm_medium=copy_link&#038;utm_source=(direct)\" target=\"_blank\" rel=\"noopener\">Yelp<\/a><\/li>\n<\/ul>\n<div itemprop=\"review\" itemscope itemtype=\"http:\/\/schema.org\/Review\">\n<span itemprop=\"author\" itemscope=\"\" itemtype=\"http:\/\/schema.org\/Organization\"><span itemprop=\"name\">MoverDB.com<\/span><\/span> Examen en ligne du site Web pour <span itemprop=\"itemreviewed\" itemscope=\"\" itemtype=\"http:\/\/schema.org\/Brand\"><span itemprop=\"name\">Groupe de relocalisation Beltmann<\/span><\/span>:<\/p>\n<ol>\n<li> Coordonn\u00e9es claires sur le site web (y compris le num\u00e9ro de t\u00e9l\u00e9phone) : <strong>Oui<\/strong><\/li>\n<li> Facile \u00e0 obtenir <a href=\"https:\/\/moverdb.com\/fr\/citations\/\">devis de d\u00e9m\u00e9nagement international<\/a>? (Formulaire de demande de devis en ligne) : <strong>Oui<\/strong><\/li>\n<li> Informations claires sur le site web : <strong>Oui<\/strong>Le site web propose des ressources utiles pour les d\u00e9m\u00e9nagements, notamment des FAQ et des conseils.<\/li>\n<li> Adh\u00e9sion \u00e0 des organisations internationales de d\u00e9m\u00e9nagement reconnues : <strong>Oui<\/strong>, beaucoup, voir ci-dessus<\/li>\n<li> Liste de clients et\/ou t\u00e9moignages de clients pr\u00e9c\u00e9dents : <strong>Oui,<\/strong> Il y a des t\u00e9moignages positifs sur le site web, mais les critiques sur le web sont un peu plus mitig\u00e9es.<\/li>\n<\/ol>\n<div itemprop=\"reviewRating\" itemscope itemtype=\"http:\/\/schema.org\/Rating\"><meta itemprop=\"worstRating\" content = \"0\" \/><meta itemprop=\"bestRating\" content=\"5\" \/><meta itemprop=\"ratingValue\" content=\"4.5\"><\/div>\n<p><strong>Note globale : 4,5\/5<\/strong><br \/>\n<strong>Date de r\u00e9vision :<\/strong> <span itemprop=\"datePublished\" content=\"2016-11-05\">05\/11\/2016<\/span>\n<\/div>\n<p>Plus d'informations sur <a href=\"https:\/\/moverdb.com\/fr\/entreprises-de-demenagement\/\">d\u00e9m\u00e9nageurs internationaux<\/a>, <a href=\"https:\/\/moverdb.com\/fr\/demenageurs-us-canada\/\">D\u00e9m\u00e9nageurs nationaux am\u00e9ricains<\/a> et notre <a href=\"https:\/\/moverdb.com\/fr\/revues\/\">processus de r\u00e9vision<\/a>.<\/p>\n<p><strong>Site web :<\/strong> <a href=\"http:\/\/www.beltmann.com\/\" target=\"_blank\" rel=\"noopener\">http:\/\/www.beltmann.com\/<\/a><\/p>","protected":false},"excerpt":{"rendered":"<p>The Beltmann Relocation Group offers its customers a variety of moving services internationally and locally. These services are listed below together with a company profile and reviews. International Moves International corporate moves Individual moves United Nations Assistance and guidance with customs and immigration Assistance with pet relocation Door-to-door Move manager allocated Full service available Insurance [&hellip;]<\/p>\n","protected":false},"author":1,"featured_media":0,"parent":0,"menu_order":0,"comment_status":"closed","ping_status":"closed","template":"","meta":{"_genesis_hide_title":false,"_genesis_hide_breadcrumbs":false,"_genesis_hide_singular_image":false,"_genesis_hide_footer_widgets":false,"_genesis_custom_body_class":"","_genesis_custom_post_class":"","_genesis_layout":"","footnotes":""},"class_list":{"0":"post-1036","1":"page","2":"type-page","3":"status-publish","5":"entry"},"_links":{"self":[{"href":"https:\/\/moverdb.com\/fr\/wp-json\/wp\/v2\/pages\/1036","targetHints":{"allow":["GET"]}}],"collection":[{"href":"https:\/\/moverdb.com\/fr\/wp-json\/wp\/v2\/pages"}],"about":[{"href":"https:\/\/moverdb.com\/fr\/wp-json\/wp\/v2\/types\/page"}],"author":[{"embeddable":true,"href":"https:\/\/moverdb.com\/fr\/wp-json\/wp\/v2\/users\/1"}],"replies":[{"embeddable":true,"href":"https:\/\/moverdb.com\/fr\/wp-json\/wp\/v2\/comments?post=1036"}],"version-history":[{"count":6,"href":"https:\/\/moverdb.com\/fr\/wp-json\/wp\/v2\/pages\/1036\/revisions"}],"predecessor-version":[{"id":6182,"href":"https:\/\/moverdb.com\/fr\/wp-json\/wp\/v2\/pages\/1036\/revisions\/6182"}],"wp:attachment":[{"href":"https:\/\/moverdb.com\/fr\/wp-json\/wp\/v2\/media?parent=1036"}],"curies":[{"name":"wp","href":"https:\/\/api.w.org\/{rel}","templated":true}]}}