{"id":1034,"date":"2017-01-10T06:29:27","date_gmt":"2017-01-10T06:29:27","guid":{"rendered":"http:\/\/moverdb.com\/?page_id=1034"},"modified":"2026-05-15T14:59:54","modified_gmt":"2026-05-15T14:59:54","slug":"hilldrup-moving-storage","status":"publish","type":"page","link":"https:\/\/moverdb.com\/fr\/hilldrup-moving-storage\/","title":{"rendered":"Hilldrup Moving &amp; Storage : Avis sur les d\u00e9m\u00e9nagements internationaux"},"content":{"rendered":"<p>Hilldrup Moving and Storage est bas\u00e9e \u00e0 Stafford VA. La soci\u00e9t\u00e9 offre \u00e0 ses clients une vari\u00e9t\u00e9 de services qui sont \u00e9num\u00e9r\u00e9s ci-dessous, ainsi qu'un profil de la soci\u00e9t\u00e9 et des commentaires.<\/p>\n<p><strong>Services de d\u00e9m\u00e9nagement international<\/strong><\/p>\n<p>Aide \u00e0 la r\u00e9installation<\/p>\n<ul>\n<li> Conseil en ressources humaines et planification strat\u00e9gique<\/li>\n<li> Assistance marketing<\/li>\n<li> Programme de vente de maisons<\/li>\n<li> Administration des d\u00e9penses<\/li>\n<li> Arrangement de vie temporaire<\/li>\n<li> Services d'affectation internationale<\/li>\n<li> Services de destination et d'installation<\/li>\n<li> Programmes de gestion des d\u00e9m\u00e9nagements<\/li>\n<li> Consid\u00e9rations relatives \u00e0 la r\u00e9mun\u00e9ration, \u00e0 la fiscalit\u00e9 et \u00e0 la paie<\/li>\n<li> Rapports personnalis\u00e9s<\/li>\n<li> Administration d'un montant forfaitaire<\/li>\n<\/ul>\n<p>Gestion des d\u00e9m\u00e9nagements<\/p>\n<ul>\n<li> Un conseiller sp\u00e9cialis\u00e9 dans les d\u00e9m\u00e9nagements internationaux<\/li>\n<li> G\u00e9rer tous les transports terrestres, maritimes et a\u00e9riens<\/li>\n<li> Assistance en mati\u00e8re de passeport, de visas et de douane<\/li>\n<\/ul>\n<p>Capacit\u00e9s de stockage<\/p>\n<ul>\n<li> Stockage \u00e0 long et \u00e0 court terme<\/li>\n<li> Acc\u00e8s illimit\u00e9 aux entrep\u00f4ts de stockage du monde entier<\/li>\n<li> S\u00e9curit\u00e9 24\/7<\/li>\n<li> Sprinklers et syst\u00e8mes d'extinction d'incendie<\/li>\n<li> Certifi\u00e9 par le DOD<\/li>\n<li> 200 000 pieds carr\u00e9s de stockage climatis\u00e9 disponibles<\/li>\n<li> Automobiles, bateaux et v\u00e9hicules r\u00e9cr\u00e9atifs<\/li>\n<li> Entretien des v\u00e9hicules stock\u00e9s \u00e0 long terme.<\/li>\n<\/ul>\n<p><strong>D\u00e9m\u00e9nagement d'entreprises - international et local<\/strong><\/p>\n<p>Services de d\u00e9part<\/p>\n<ul>\n<li> Assistance marketing \u00e0 domicile<\/li>\n<li> Gestion de la propri\u00e9t\u00e9<\/li>\n<li> Exp\u00e9dition d'articles m\u00e9nagers<\/li>\n<li> Assistance voyage<\/li>\n<\/ul>\n<p>Services de destination<\/p>\n<ul>\n<li> Orientation vers la destination<\/li>\n<li> Aide \u00e0 la recherche d'un logement<\/li>\n<li> Assistance hypoth\u00e9caire<\/li>\n<li> Logement temporaire<\/li>\n<li> Aide \u00e0 la location<\/li>\n<li> Aide \u00e0 la transition familiale<\/li>\n<\/ul>\n<p>Affectation globale<\/p>\n<ul>\n<li> Orientation de la zone<\/li>\n<li> Vie temporaire<\/li>\n<li> Formation linguistique<\/li>\n<li> Services de visa et d'immigration<\/li>\n<li> Gestion de la location<\/li>\n<li> Projections des co\u00fbts<\/li>\n<li> D\u00e9couverte de la maison<\/li>\n<li> Services d'installation<\/li>\n<li> Formation interculturelle<\/li>\n<li> Aide \u00e0 la recherche d'\u00e9cole et d'\u00e9ducation<\/li>\n<li> Programmes de soutien aux conjoints\/partenaires<\/li>\n<\/ul>\n<p><strong>Gouvernement et arm\u00e9e<\/strong><\/p>\n<ul>\n<li> CHAMP<\/li>\n<li> D\u00e9m\u00e9nagement des m\u00e9nages de la D\u00e9fense<\/li>\n<li> Programme f\u00e9d\u00e9ral de fournitures pour le d\u00e9m\u00e9nagement complet<\/li>\n<li> Programme f\u00e9d\u00e9ral de fournitures pour le d\u00e9m\u00e9nagement des bureaux<\/li>\n<\/ul>\n<p><strong>Services de d\u00e9m\u00e9nagement r\u00e9sidentiel<\/strong><\/p>\n<ul>\n<li> Porte-\u00e0-porte<\/li>\n<li> Service complet disponible<\/li>\n<li> Possibilit\u00e9 de stockage \u00e0 court et \u00e0 long terme<\/li>\n<li> Emballage et d\u00e9ballage<\/li>\n<li> Assurance souscrite<\/li>\n<li> Transport automobile<\/li>\n<\/ul>\n<p><strong>Services de d\u00e9m\u00e9nagement commercial<\/strong><\/p>\n<ul>\n<li> Gestion de la relocalisation dans le monde entier<\/li>\n<li> D\u00e9m\u00e9nagement de bureaux dans tout le pays<\/li>\n<li> Param\u00e8tres du campus<\/li>\n<li> Budget\/analyse des co\u00fbts<\/li>\n<li> Installation<\/li>\n<li> Reconfiguration<\/li>\n<li> Gestion des actifs<\/li>\n<li> Entreposage<\/li>\n<li> D\u00e9connexion\/reconnexion informatique<\/li>\n<li> Analyse des besoins en conception personnalis\u00e9e pour l'informatique<\/li>\n<li> Liquidation en ligne<\/li>\n<\/ul>\n<h2>Profil de la soci\u00e9t\u00e9 Hilldrup Moving &amp; Storage<\/h2>\n<p>M. R G Hilldrup a cr\u00e9\u00e9 en 1903 l'entreprise qui est aujourd'hui la Hilldrup Moving and Storage Company. Dans les ann\u00e9es 1940, la soci\u00e9t\u00e9 a \u00e9t\u00e9 vendue \u00e0 l'un de ses employ\u00e9s - M. C B McDaniel. En 1964, Hilldrup s'est associ\u00e9 \u00e0 <a href=\"https:\/\/moverdb.com\/fr\/united-van-lines\/\">United Van Lines<\/a> qui a permis \u00e0 la soci\u00e9t\u00e9 d'\u00e9tendre consid\u00e9rablement ses services. La soci\u00e9t\u00e9 propose d\u00e9sormais des d\u00e9m\u00e9nagements locaux, nationaux et internationaux aux particuliers et aux entreprises, ainsi que de vastes installations d'entreposage. <\/p>\n<p>Hilldrup est aujourd'hui dirig\u00e9e par la troisi\u00e8me g\u00e9n\u00e9ration de McDaniel et l'entreprise croit fermement \u00e0 la force de la famille. C'est cette \u00e9thique qu'ils transmettent \u00e0 leurs clients. Hilldrup aime donner en retour et soutient de nombreuses organisations caritatives au sein de ses communaut\u00e9s.<\/p>\n<p>Hilldrup Moving and Storage poss\u00e8de les accr\u00e9ditations et affiliations suivantes :<\/p>\n<ul>\n<li> <a href=\"https:\/\/moverdb.com\/fr\/amsa\/\">Association am\u00e9ricaine de d\u00e9m\u00e9nagement et de stockage<\/a> (<a href=\"https:\/\/moverdb.com\/fr\/amsa\/\" data-internallinksmanager029f6b8e52c=\"5\" title=\"Explication de l&#039;Association am\u00e9ricaine de d\u00e9m\u00e9nagement et d&#039;entreposage (AMSA)\">AMSA<\/a>)<\/li>\n<li> <a href=\"https:\/\/moverdb.com\/fr\/jante-promoteur\/\">Certification Registered International Mover (RIM) de l'AMSA<\/a><\/li>\n<li> Association am\u00e9ricaine du camionnage (ATA)<\/li>\n<li> Better Business Bureau pour toutes les succursales<\/li>\n<li> Centre pour la gestion des affectations internationales (CMEI)<\/li>\n<li> Programme de gestion centralis\u00e9e du trafic des biens m\u00e9nagers (CHAMP)<\/li>\n<li> D\u00e9signations de professionnels de la relocalisation certifi\u00e9s (CRP)<\/li>\n<li> CoreNet Global<\/li>\n<li> <a href=\"https:\/\/moverdb.com\/fr\/conseil-de-relocation-des-employes\/\">Conseil de relocalisation des employ\u00e9s<\/a> (<a href=\"https:\/\/moverdb.com\/fr\/employee-relocation-council\/\" data-internallinksmanager029f6b8e52c=\"83\" title=\"Le Conseil mondial de relocalisation des employ\u00e9s (ERC) expliqu\u00e9\">ERC<\/a>)<\/li>\n<li> Commission maritime f\u00e9d\u00e9rale<\/li>\n<li> <a href=\"https:\/\/moverdb.com\/fr\/fidi-faim\/\">F\u00e9d\u00e9ration Internationale des D\u00e9m\u00e9nageurs Internationaux \/ Federation of International Moving Companies<\/a> (<a href=\"https:\/\/moverdb.com\/fr\/fidi-faim\/\" data-internallinksmanager029f6b8e52c=\"16\" title=\"Explication de la FIDI et du FAIM (FIDI Accredited International Mover)\">FIDI<\/a>)<\/li>\n<li> Certification FIDI FAIM\/ISO<\/li>\n<li> D\u00e9signations de sp\u00e9cialiste en mobilit\u00e9 globale (GMS)<\/li>\n<li> <a href=\"https:\/\/moverdb.com\/fr\/hgfaa\/\">Association des transitaires d'articles m\u00e9nagers<\/a> (HHGFA)<\/li>\n<li> <a href=\"https:\/\/moverdb.com\/fr\/iata\/\">Association internationale du transport a\u00e9rien<\/a> (<a href=\"https:\/\/moverdb.com\/fr\/iata\/\" data-internallinksmanager029f6b8e52c=\"22\" title=\"L&#039;Association internationale du transport a\u00e9rien (IATA) expliqu\u00e9e\">IATA<\/a>)<\/li>\n<li> <a href=\"https:\/\/moverdb.com\/fr\/je-suis\/\">Association internationale des d\u00e9m\u00e9nageurs<\/a> (<a href=\"https:\/\/moverdb.com\/fr\/iam\/\" data-internallinksmanager029f6b8e52c=\"23\" title=\"L&#039;Association internationale des d\u00e9m\u00e9nageurs (IAM) expliqu\u00e9e\">IAM<\/a>)<\/li>\n<li> Association internationale de gestion des installations (IFMA)<\/li>\n<li> Certification ISO 9001:2000<\/li>\n<li> <a href=\"https:\/\/moverdb.com\/fr\/lacma\/\">Association des d\u00e9m\u00e9nageurs d'Am\u00e9rique latine et des Cara\u00efbes<\/a> (<a href=\"https:\/\/moverdb.com\/fr\/lacma\/\" data-internallinksmanager029f6b8e52c=\"28\" title=\"Association des d\u00e9m\u00e9nageurs internationaux d&#039;Am\u00e9rique latine et des Cara\u00efbes (LACMA)\">LACMA<\/a>)<\/li>\n<li> Conseil international de relocalisation des employ\u00e9s professionnels (PERC International)<\/li>\n<li> <a href=\"https:\/\/moverdb.com\/fr\/jante-promoteur\/\">ProMover<\/a><\/li>\n<li> UniGroup Worldwide Agent transitaire international certifi\u00e9<\/li>\n<li> UniGroup Worldwide UTS Agent Forwarder<\/li>\n<\/ul>\n<h2>Avis sur Hilldrup Moving &amp; Storage<\/h2>\n<p><strong>Positif :<\/strong><\/p>\n<ul>\n<li> <em>\"Ils ont tout d\u00e9m\u00e9nag\u00e9 et ont fait un excellent travail.  Le back-office a \u00e9galement \u00e9t\u00e9 assez merveilleux en r\u00e9pondant aux questions et en s'assurant que nous savions tout sur le d\u00e9m\u00e9nagement.\"<\/em> - Michael S. via <a href=\"https:\/\/www.yelp.co.uk\/biz\/hilldrup-moving-and-storage-stafford?hrid=hESxKCc7GvTBdlp-kN4udw&#038;utm_campaign=www_review_share_popup&#038;utm_medium=copy_link&#038;utm_source=(direct)\" target=\"_blank\" rel=\"noopener\">Yelp<\/a>.<\/li>\n<li> <em>\"Nous n'aurions pas pu \u00eatre plus heureux avec cette entreprise, du devis \u00e0 la livraison finale, ils \u00e9taient \u00e0 l'heure, professionnels, courtois et tr\u00e8s sympathiques.\"<\/em> - The Yarbs via <a href=\"https:\/\/www.bbb.org\/richmond\/business-reviews\/movers\/hilldrup-moving-storage-in-stafford-va-37026248\/reviews-and-complaints\" target=\"_blank\" rel=\"noopener\">BBB<\/a><\/li>\n<\/ul>\n<p><strong>N\u00e9gatif :<\/strong><\/p>\n<ul>\n<li> <em>\"Ces types sont terribles. Je sais que lorsque vous faites appel \u00e0 des d\u00e9m\u00e9nageurs professionnels, vous vous attendez \u00e0 ce que certaines choses soient cass\u00e9es, cela fait partie du processus. Le probl\u00e8me, c'est qu'on a trouv\u00e9 des choses cass\u00e9es \u00e0 cause d'erreurs vraiment stupides.\"<\/em> - Nick T. via <a href=\"https:\/\/www.yelp.co.uk\/biz\/hilldrup-moving-and-storage-stafford?hrid=tgu5ZfofrNJ6h_HXaIX9PQ&#038;utm_campaign=www_review_share_popup&#038;utm_medium=copy_link&#038;utm_source=(direct)\" target=\"_blank\" rel=\"noopener\">Yelp<\/a><\/li>\n<li> <em>\"Donc le chauffeur qui est venu de Hilldrup n'avait aucune exp\u00e9rience du d\u00e9chargement et apporte les affaires dans des immeubles de grande hauteur. C'est tr\u00e8s mauvais et tellement peu professionnel.\"<\/em> - Sharad via <a href=\"https:\/\/www.mymovingreviews.com\/movers\/hilldrup-3657\" target=\"_blank\" rel=\"noopener\">MyMoingReviews.com<\/a><\/li>\n<\/ul>\n<div itemprop=\"review\" itemscope itemtype=\"http:\/\/schema.org\/Review\">\n<span itemprop=\"author\" itemscope=\"\" itemtype=\"http:\/\/schema.org\/Organization\"><span itemprop=\"name\">MoverDB.com<\/span><\/span> Examen en ligne du site Web pour <span itemprop=\"itemreviewed\" itemscope=\"\" itemtype=\"http:\/\/schema.org\/Brand\"><span itemprop=\"name\">D\u00e9m\u00e9nagement et stockage Hilldrup<\/span><\/span>:<\/p>\n<ol>\n<li> Coordonn\u00e9es claires sur le site web (y compris le num\u00e9ro de t\u00e9l\u00e9phone) : <strong>Oui<\/strong><\/li>\n<li> Facile \u00e0 obtenir <a href=\"https:\/\/moverdb.com\/fr\/citations\/\">devis de d\u00e9m\u00e9nagement international<\/a>? (Formulaire de demande de devis en ligne) : <strong>Oui<\/strong><\/li>\n<li> Informations claires sur le site web : <strong>Oui,<\/strong> Le site web est bien con\u00e7u et pr\u00e9sente clairement les produits et services offerts.<\/li>\n<li> Adh\u00e9sion \u00e0 des organisations internationales de d\u00e9m\u00e9nagement reconnues : <strong>Oui<\/strong>, beaucoup, voir ci-dessus<\/li>\n<li> Liste de clients et\/ou t\u00e9moignages de clients pr\u00e9c\u00e9dents. <strong>Oui,<\/strong> Bien qu'ils \u00e9num\u00e8rent leurs r\u00e9compenses et affiliations sur leur site Web, nous n'avons pas pu trouver de liste de t\u00e9moignages de clients. Cependant, ils ont g\u00e9n\u00e9ralement des critiques positives sur le web.<\/li>\n<\/ol>\n<div itemprop=\"reviewRating\" itemscope itemtype=\"http:\/\/schema.org\/Rating\"><meta itemprop=\"worstRating\" content = \"0\" \/><meta itemprop=\"bestRating\" content=\"5\" \/><meta itemprop=\"ratingValue\" content=\"4.5\"><\/div>\n<p><strong>Note globale : 4,5\/5<\/strong><br \/>\n<strong>Date de r\u00e9vision :<\/strong> <span itemprop=\"datePublished\" content=\"2017-01-10\">10\/01\/2017<\/span>\n<\/div>\n<p>Plus d'informations sur <a href=\"https:\/\/moverdb.com\/fr\/entreprises-de-demenagement\/\">soci\u00e9t\u00e9s de d\u00e9m\u00e9nagement international<\/a>, <a href=\"https:\/\/moverdb.com\/fr\/demenageurs-us-canada\/\">entreprises de d\u00e9m\u00e9nagement national<\/a> et notre <a href=\"https:\/\/moverdb.com\/fr\/revues\/\">le processus de r\u00e9vision expliqu\u00e9<\/a>.<\/p>\n<p><strong>Site web :<\/strong> <a href=\"https:\/\/www.hilldrup.com\/\" target=\"_blank\" rel=\"noopener\">https:\/\/www.hilldrup.com\/<\/a><\/p>","protected":false},"excerpt":{"rendered":"<p>Hilldrup Moving and Storage is based in Stafford VA. The company offers its client a variety of services which are listed below, together with a company profile and reviews. International Moving Services Relocation Assistance Human Resource Consulting and Strategic Planning Marketing Assistance Home Sales Program Expense Administration Temporary Living Arrangement International Assignment Services Destination and [&hellip;]<\/p>\n","protected":false},"author":1,"featured_media":0,"parent":0,"menu_order":0,"comment_status":"closed","ping_status":"closed","template":"","meta":{"_genesis_hide_title":false,"_genesis_hide_breadcrumbs":false,"_genesis_hide_singular_image":false,"_genesis_hide_footer_widgets":false,"_genesis_custom_body_class":"","_genesis_custom_post_class":"","_genesis_layout":"","footnotes":""},"class_list":{"0":"post-1034","1":"page","2":"type-page","3":"status-publish","5":"entry"},"_links":{"self":[{"href":"https:\/\/moverdb.com\/fr\/wp-json\/wp\/v2\/pages\/1034","targetHints":{"allow":["GET"]}}],"collection":[{"href":"https:\/\/moverdb.com\/fr\/wp-json\/wp\/v2\/pages"}],"about":[{"href":"https:\/\/moverdb.com\/fr\/wp-json\/wp\/v2\/types\/page"}],"author":[{"embeddable":true,"href":"https:\/\/moverdb.com\/fr\/wp-json\/wp\/v2\/users\/1"}],"replies":[{"embeddable":true,"href":"https:\/\/moverdb.com\/fr\/wp-json\/wp\/v2\/comments?post=1034"}],"version-history":[{"count":3,"href":"https:\/\/moverdb.com\/fr\/wp-json\/wp\/v2\/pages\/1034\/revisions"}],"predecessor-version":[{"id":6220,"href":"https:\/\/moverdb.com\/fr\/wp-json\/wp\/v2\/pages\/1034\/revisions\/6220"}],"wp:attachment":[{"href":"https:\/\/moverdb.com\/fr\/wp-json\/wp\/v2\/media?parent=1034"}],"curies":[{"name":"wp","href":"https:\/\/api.w.org\/{rel}","templated":true}]}}